{"id":9645,"date":"2025-11-13T15:19:23","date_gmt":"2025-11-13T18:19:23","guid":{"rendered":"https:\/\/ideiagraficaebrindes.com.br\/?post_type=product&#038;p=9645"},"modified":"2025-11-13T15:19:23","modified_gmt":"2025-11-13T18:19:23","slug":"mochila-para-notebook-15-6-personalizada-2","status":"publish","type":"product","link":"https:\/\/ideiagraficaebrindes.com.br\/en\/product\/mochila-para-notebook-15-6-personalizada-2\/","title":{"rendered":"Mochila para notebook 15.6&#8221; Personalizada"},"content":{"rendered":"<p>Mochila para notebook em 600D de alta densidade e 600D com revestimento resistente \u00e0 \u00e1gua. Compartimento principal almofadado com divis\u00f3ria para notebook at\u00e9 15.6&#8221;. Bolso frontal com z\u00edper e dois bolsos laterais em tela mesh. Parte posterior almofadada, com sistema de apoio acolchoado para as costas e al\u00e7as almofadadas. Capacidade at\u00e9 10 L. 280 x 400 x 110 mm<\/p>","protected":false},"excerpt":{"rendered":"<p>Mochila para notebook em 600D de alta densidade e 600D com revestimento resistente \u00e0 \u00e1gua. Compartimento principal almofadado com divis\u00f3ria para notebook at\u00e9 15.6&#8221;. Bolso frontal com z\u00edper e dois bolsos laterais em tela mesh. Parte posterior almofadada, com sistema de apoio acolchoado para as costas e al\u00e7as almofadadas. Capacidade at\u00e9 10 L. 280 x 400 x 110 mm<\/p>","protected":false},"featured_media":9655,"comment_status":"open","ping_status":"closed","template":"","meta":{"_monsterinsights_skip_tracking":false,"_monsterinsights_sitenote_active":false,"_monsterinsights_sitenote_note":"","_monsterinsights_sitenote_category":0},"product_brand":[],"product_cat":[219,349],"product_tag":[307],"class_list":{"0":"post-9645","1":"product","2":"type-product","3":"status-publish","4":"has-post-thumbnail","6":"product_cat-brindes","7":"product_cat-mochila-e-malas","8":"product_tag-mochila","10":"first","11":"instock","12":"shipping-taxable","13":"product-type-simple"},"yoast_head":"<!-- This site is optimized with the Yoast SEO plugin v27.4 - https:\/\/yoast.com\/product\/yoast-seo-wordpress\/ -->\n<title>Mochila para notebook 15.6&#039;&#039; Personalizada - Ideia Gr\u00e1fica e Brindes<\/title>\n<meta name=\"description\" content=\"Mochila para notebook em 600D de alta densidade e 600D com revestimento resistente \u00e0 \u00e1gua. Compartimento principal almofadado com divis\u00f3ria.\" \/>\n<meta name=\"robots\" content=\"index, follow, max-snippet:-1, max-image-preview:large, max-video-preview:-1\" \/>\n<link rel=\"canonical\" href=\"https:\/\/ideiagraficaebrindes.com.br\/en\/product\/mochila-para-notebook-15-6-personalizada-2\/\" \/>\n<meta property=\"og:locale\" content=\"en_US\" \/>\n<meta property=\"og:type\" content=\"article\" \/>\n<meta property=\"og:title\" content=\"Mochila para notebook 15.6&#039;&#039; Personalizada - Ideia Gr\u00e1fica e Brindes\" \/>\n<meta property=\"og:description\" content=\"Mochila para notebook em 600D de alta densidade e 600D com revestimento resistente \u00e0 \u00e1gua. Compartimento principal almofadado com divis\u00f3ria.\" \/>\n<meta property=\"og:url\" content=\"https:\/\/ideiagraficaebrindes.com.br\/en\/product\/mochila-para-notebook-15-6-personalizada-2\/\" \/>\n<meta property=\"og:site_name\" content=\"Ideia Gr\u00e1fica e Brindes\" \/>\n<meta property=\"og:image\" content=\"https:\/\/ideiagraficaebrindes.com.br\/wp-content\/uploads\/2025\/11\/92636_set.jpg\" \/>\n\t<meta property=\"og:image:width\" content=\"1000\" \/>\n\t<meta property=\"og:image:height\" content=\"1000\" \/>\n\t<meta property=\"og:image:type\" content=\"image\/jpeg\" \/>\n<meta name=\"twitter:card\" content=\"summary_large_image\" \/>\n<meta name=\"twitter:label1\" content=\"Est. reading time\" \/>\n\t<meta name=\"twitter:data1\" content=\"1 minute\" \/>\n<script type=\"application\/ld+json\" class=\"yoast-schema-graph\">{\"@context\":\"https:\\\/\\\/schema.org\",\"@graph\":[{\"@type\":\"WebPage\",\"@id\":\"https:\\\/\\\/ideiagraficaebrindes.com.br\\\/en\\\/product\\\/mochila-para-notebook-15-6-personalizada-2\\\/\",\"url\":\"https:\\\/\\\/ideiagraficaebrindes.com.br\\\/en\\\/product\\\/mochila-para-notebook-15-6-personalizada-2\\\/\",\"name\":\"Mochila para notebook 15.6'' Personalizada - Ideia Gr\u00e1fica e Brindes\",\"isPartOf\":{\"@id\":\"https:\\\/\\\/ideiagraficaebrindes.com.br\\\/#website\"},\"primaryImageOfPage\":{\"@id\":\"https:\\\/\\\/ideiagraficaebrindes.com.br\\\/en\\\/product\\\/mochila-para-notebook-15-6-personalizada-2\\\/#primaryimage\"},\"image\":{\"@id\":\"https:\\\/\\\/ideiagraficaebrindes.com.br\\\/en\\\/product\\\/mochila-para-notebook-15-6-personalizada-2\\\/#primaryimage\"},\"thumbnailUrl\":\"https:\\\/\\\/ideiagraficaebrindes.com.br\\\/wp-content\\\/uploads\\\/2025\\\/11\\\/92636_set.jpg\",\"datePublished\":\"2025-11-13T18:19:23+00:00\",\"description\":\"Mochila para notebook em 600D de alta densidade e 600D com revestimento resistente \u00e0 \u00e1gua. Compartimento principal almofadado com divis\u00f3ria.\",\"breadcrumb\":{\"@id\":\"https:\\\/\\\/ideiagraficaebrindes.com.br\\\/en\\\/product\\\/mochila-para-notebook-15-6-personalizada-2\\\/#breadcrumb\"},\"inLanguage\":\"en-US\",\"potentialAction\":[{\"@type\":\"ReadAction\",\"target\":[\"https:\\\/\\\/ideiagraficaebrindes.com.br\\\/en\\\/product\\\/mochila-para-notebook-15-6-personalizada-2\\\/\"]}]},{\"@type\":\"ImageObject\",\"inLanguage\":\"en-US\",\"@id\":\"https:\\\/\\\/ideiagraficaebrindes.com.br\\\/en\\\/product\\\/mochila-para-notebook-15-6-personalizada-2\\\/#primaryimage\",\"url\":\"https:\\\/\\\/ideiagraficaebrindes.com.br\\\/wp-content\\\/uploads\\\/2025\\\/11\\\/92636_set.jpg\",\"contentUrl\":\"https:\\\/\\\/ideiagraficaebrindes.com.br\\\/wp-content\\\/uploads\\\/2025\\\/11\\\/92636_set.jpg\",\"width\":1000,\"height\":1000},{\"@type\":\"BreadcrumbList\",\"@id\":\"https:\\\/\\\/ideiagraficaebrindes.com.br\\\/en\\\/product\\\/mochila-para-notebook-15-6-personalizada-2\\\/#breadcrumb\",\"itemListElement\":[{\"@type\":\"ListItem\",\"position\":1,\"name\":\"In\u00edcio\",\"item\":\"https:\\\/\\\/ideiagraficaebrindes.com.br\\\/\"},{\"@type\":\"ListItem\",\"position\":2,\"name\":\"Loja\",\"item\":\"https:\\\/\\\/ideiagraficaebrindes.com.br\\\/loja\\\/\"},{\"@type\":\"ListItem\",\"position\":3,\"name\":\"Mochila para notebook 15.6&#8221; Personalizada\"}]},{\"@type\":\"WebSite\",\"@id\":\"https:\\\/\\\/ideiagraficaebrindes.com.br\\\/#website\",\"url\":\"https:\\\/\\\/ideiagraficaebrindes.com.br\\\/\",\"name\":\"Ideia Gr\u00e1fica e Brindes\",\"description\":\"Brindes Personalizados e Impress\u00e3o em geral\",\"potentialAction\":[{\"@type\":\"SearchAction\",\"target\":{\"@type\":\"EntryPoint\",\"urlTemplate\":\"https:\\\/\\\/ideiagraficaebrindes.com.br\\\/?s={search_term_string}\"},\"query-input\":{\"@type\":\"PropertyValueSpecification\",\"valueRequired\":true,\"valueName\":\"search_term_string\"}}],\"inLanguage\":\"en-US\"}]}<\/script>\n<!-- \/ Yoast SEO plugin. -->","yoast_head_json":{"title":"Mochila para notebook 15.6'' Personalizada - Ideia Gr\u00e1fica e Brindes","description":"Mochila para notebook em 600D de alta densidade e 600D com revestimento resistente \u00e0 \u00e1gua. Compartimento principal almofadado com divis\u00f3ria.","robots":{"index":"index","follow":"follow","max-snippet":"max-snippet:-1","max-image-preview":"max-image-preview:large","max-video-preview":"max-video-preview:-1"},"canonical":"https:\/\/ideiagraficaebrindes.com.br\/en\/product\/mochila-para-notebook-15-6-personalizada-2\/","og_locale":"en_US","og_type":"article","og_title":"Mochila para notebook 15.6'' Personalizada - Ideia Gr\u00e1fica e Brindes","og_description":"Mochila para notebook em 600D de alta densidade e 600D com revestimento resistente \u00e0 \u00e1gua. Compartimento principal almofadado com divis\u00f3ria.","og_url":"https:\/\/ideiagraficaebrindes.com.br\/en\/product\/mochila-para-notebook-15-6-personalizada-2\/","og_site_name":"Ideia Gr\u00e1fica e Brindes","og_image":[{"width":1000,"height":1000,"url":"https:\/\/ideiagraficaebrindes.com.br\/wp-content\/uploads\/2025\/11\/92636_set.jpg","type":"image\/jpeg"}],"twitter_card":"summary_large_image","twitter_misc":{"Est. reading time":"1 minute"},"schema":{"@context":"https:\/\/schema.org","@graph":[{"@type":"WebPage","@id":"https:\/\/ideiagraficaebrindes.com.br\/en\/product\/mochila-para-notebook-15-6-personalizada-2\/","url":"https:\/\/ideiagraficaebrindes.com.br\/en\/product\/mochila-para-notebook-15-6-personalizada-2\/","name":"Mochila para notebook 15.6'' Personalizada - Ideia Gr\u00e1fica e Brindes","isPartOf":{"@id":"https:\/\/ideiagraficaebrindes.com.br\/#website"},"primaryImageOfPage":{"@id":"https:\/\/ideiagraficaebrindes.com.br\/en\/product\/mochila-para-notebook-15-6-personalizada-2\/#primaryimage"},"image":{"@id":"https:\/\/ideiagraficaebrindes.com.br\/en\/product\/mochila-para-notebook-15-6-personalizada-2\/#primaryimage"},"thumbnailUrl":"https:\/\/ideiagraficaebrindes.com.br\/wp-content\/uploads\/2025\/11\/92636_set.jpg","datePublished":"2025-11-13T18:19:23+00:00","description":"Mochila para notebook em 600D de alta densidade e 600D com revestimento resistente \u00e0 \u00e1gua. Compartimento principal almofadado com divis\u00f3ria.","breadcrumb":{"@id":"https:\/\/ideiagraficaebrindes.com.br\/en\/product\/mochila-para-notebook-15-6-personalizada-2\/#breadcrumb"},"inLanguage":"en-US","potentialAction":[{"@type":"ReadAction","target":["https:\/\/ideiagraficaebrindes.com.br\/en\/product\/mochila-para-notebook-15-6-personalizada-2\/"]}]},{"@type":"ImageObject","inLanguage":"en-US","@id":"https:\/\/ideiagraficaebrindes.com.br\/en\/product\/mochila-para-notebook-15-6-personalizada-2\/#primaryimage","url":"https:\/\/ideiagraficaebrindes.com.br\/wp-content\/uploads\/2025\/11\/92636_set.jpg","contentUrl":"https:\/\/ideiagraficaebrindes.com.br\/wp-content\/uploads\/2025\/11\/92636_set.jpg","width":1000,"height":1000},{"@type":"BreadcrumbList","@id":"https:\/\/ideiagraficaebrindes.com.br\/en\/product\/mochila-para-notebook-15-6-personalizada-2\/#breadcrumb","itemListElement":[{"@type":"ListItem","position":1,"name":"In\u00edcio","item":"https:\/\/ideiagraficaebrindes.com.br\/"},{"@type":"ListItem","position":2,"name":"Loja","item":"https:\/\/ideiagraficaebrindes.com.br\/loja\/"},{"@type":"ListItem","position":3,"name":"Mochila para notebook 15.6&#8221; Personalizada"}]},{"@type":"WebSite","@id":"https:\/\/ideiagraficaebrindes.com.br\/#website","url":"https:\/\/ideiagraficaebrindes.com.br\/","name":"Ideia Gr\u00e1fica e Brindes","description":"Brindes Personalizados e Impress\u00e3o em geral","potentialAction":[{"@type":"SearchAction","target":{"@type":"EntryPoint","urlTemplate":"https:\/\/ideiagraficaebrindes.com.br\/?s={search_term_string}"},"query-input":{"@type":"PropertyValueSpecification","valueRequired":true,"valueName":"search_term_string"}}],"inLanguage":"en-US"}]}},"_links":{"self":[{"href":"https:\/\/ideiagraficaebrindes.com.br\/en\/wp-json\/wp\/v2\/product\/9645","targetHints":{"allow":["GET"]}}],"collection":[{"href":"https:\/\/ideiagraficaebrindes.com.br\/en\/wp-json\/wp\/v2\/product"}],"about":[{"href":"https:\/\/ideiagraficaebrindes.com.br\/en\/wp-json\/wp\/v2\/types\/product"}],"replies":[{"embeddable":true,"href":"https:\/\/ideiagraficaebrindes.com.br\/en\/wp-json\/wp\/v2\/comments?post=9645"}],"wp:featuredmedia":[{"embeddable":true,"href":"https:\/\/ideiagraficaebrindes.com.br\/en\/wp-json\/wp\/v2\/media\/9655"}],"wp:attachment":[{"href":"https:\/\/ideiagraficaebrindes.com.br\/en\/wp-json\/wp\/v2\/media?parent=9645"}],"wp:term":[{"taxonomy":"product_brand","embeddable":true,"href":"https:\/\/ideiagraficaebrindes.com.br\/en\/wp-json\/wp\/v2\/product_brand?post=9645"},{"taxonomy":"product_cat","embeddable":true,"href":"https:\/\/ideiagraficaebrindes.com.br\/en\/wp-json\/wp\/v2\/product_cat?post=9645"},{"taxonomy":"product_tag","embeddable":true,"href":"https:\/\/ideiagraficaebrindes.com.br\/en\/wp-json\/wp\/v2\/product_tag?post=9645"}],"curies":[{"name":"wp","href":"https:\/\/api.w.org\/{rel}","templated":true}]}}