{"id":9594,"date":"2025-10-18T10:20:02","date_gmt":"2025-10-18T13:20:02","guid":{"rendered":"https:\/\/ideiagraficaebrindes.com.br\/?post_type=product&#038;p=9594"},"modified":"2025-10-18T10:20:02","modified_gmt":"2025-10-18T13:20:02","slug":"kit-executivo-3-pecas-personalizado","status":"publish","type":"product","link":"https:\/\/ideiagraficaebrindes.com.br\/en\/product\/kit-executivo-3-pecas-personalizado\/","title":{"rendered":"Kit Executivo 3 Pe\u00e7as Personalizado"},"content":{"rendered":"<div class=\"desc\">\n<p class=\"desc-tit\"><span class=\"desc-sub my-desc-sub\">Kit executivo com tr\u00eas pe\u00e7as, composto por uma caderneta, uma caneta e uma lapiseira. A caderneta possui capa dura em papel\u00e3o refor\u00e7ado, fechamento em el\u00e1stico, cerca de 82 folhas pautadas, bloco de folhas amarelas e outro com marcadores autoadesivos coloridos. A caneta e a lapiseira contam com corpo em pl\u00e1stico e detalhes em bambu. Al\u00e9m disso, a caneta possui carga esferogr\u00e1fica azul de 1,0 mm, enquanto a lapiseira disp\u00f5e de grafite de 0,7 mm. Acompanha caixa em papel\u00e3o com ber\u00e7o em pl\u00e1stico para guardar os itens do conjunto.<\/span><\/p>\n<\/div>\n<div class=\"desc\">\n<p class=\"desc-tit\">Altura<span class=\"desc-sub\">\u00a0:\u00a0 20,8 cm<\/span><\/p>\n<\/div>\n<div class=\"desc\">\n<p class=\"desc-tit\">Largura<span class=\"desc-sub\">\u00a0:\u00a0 20,8cm<\/span><\/p>\n<\/div>\n<div class=\"desc\">\n<p class=\"desc-tit\">Profundidade<span class=\"desc-sub\">\u00a0:\u00a0 2 cm<\/span><\/p>\n<\/div>\n<div class=\"desc\">\n<p class=\"desc-tit\">Medidas aproximadas para grava\u00e7\u00e3o<span class=\"desc-sub\">\u00a0(CxL):\u00a0 20 cm x 20 cm (tampa da caixa) &#8211; 17 cm x 10 cm (bloco de anota\u00e7\u00f5es) &#8211; 0,8 cm x 6 cm (caneta\/lapiseira)<\/span><\/p>\n<\/div>\n<div class=\"desc\">\n<p class=\"desc-tit\">Tamanho total aproximado\u00a0<span class=\"desc-sub\">\u00a0(CxL):\u00a0 Bloco de Anota\u00e7\u00e3o (C X L X E): 18,8 cm x 11,5 cm x 1,3 cm Caneta (C X L): 13,8 cm x 1,5 cm Lapiseira (C X L): 13,7 cm x 1,5 cm<\/span><\/p>\n<\/div>\n<div class=\"desc\">\n<p class=\"desc-tit\">Peso aproximado<span class=\"desc-sub\">\u00a0(g):\u00a0 339<\/span><\/p>\n<\/div>","protected":false},"excerpt":{"rendered":"<div class=\"desc\">\n<p class=\"desc-tit\"><span class=\"desc-sub my-desc-sub\">Kit executivo com tr\u00eas pe\u00e7as, composto por uma caderneta, uma caneta e uma lapiseira. A caderneta possui capa dura em papel\u00e3o refor\u00e7ado, fechamento em el\u00e1stico, cerca de 82 folhas pautadas, bloco de folhas amarelas e outro com marcadores autoadesivos coloridos. A caneta e a lapiseira contam com corpo em pl\u00e1stico e detalhes em bambu. Al\u00e9m disso, a caneta possui carga esferogr\u00e1fica azul de 1,0 mm, enquanto a lapiseira disp\u00f5e de grafite de 0,7 mm. Acompanha caixa em papel\u00e3o com ber\u00e7o em pl\u00e1stico para guardar os itens do conjunto.<\/span><\/p>\n<\/div>\n<div class=\"desc\">\n<p class=\"desc-tit\">Altura<span class=\"desc-sub\">\u00a0:\u00a0 20,8 cm<\/span><\/p>\n<\/div>\n<div class=\"desc\">\n<p class=\"desc-tit\">Largura<span class=\"desc-sub\">\u00a0:\u00a0 20,8cm<\/span><\/p>\n<\/div>\n<div class=\"desc\">\n<p class=\"desc-tit\">Profundidade<span class=\"desc-sub\">\u00a0:\u00a0 2 cm<\/span><\/p>\n<\/div>\n<div class=\"desc\">\n<p class=\"desc-tit\">Medidas aproximadas para grava\u00e7\u00e3o<span class=\"desc-sub\">\u00a0(CxL):\u00a0 20 cm x 20 cm (tampa da caixa) &#8211; 17 cm x 10 cm (bloco de anota\u00e7\u00f5es) &#8211; 0,8 cm x 6 cm (caneta\/lapiseira)<\/span><\/p>\n<\/div>\n<div class=\"desc\">\n<p class=\"desc-tit\">Tamanho total aproximado\u00a0<span class=\"desc-sub\">\u00a0(CxL):\u00a0 Bloco de Anota\u00e7\u00e3o (C X L X E): 18,8 cm x 11,5 cm x 1,3 cm Caneta (C X L): 13,8 cm x 1,5 cm Lapiseira (C X L): 13,7 cm x 1,5 cm<\/span><\/p>\n<\/div>\n<div class=\"desc\">\n<p class=\"desc-tit\">Peso aproximado<span class=\"desc-sub\">\u00a0(g):\u00a0 339<\/span><\/p>\n<\/div>","protected":false},"featured_media":9596,"comment_status":"open","ping_status":"closed","template":"","meta":{"_monsterinsights_skip_tracking":false,"_monsterinsights_sitenote_active":false,"_monsterinsights_sitenote_note":"","_monsterinsights_sitenote_category":0},"product_brand":[],"product_cat":[453,219,392,340],"product_tag":[358,199],"class_list":{"0":"post-9594","1":"product","2":"type-product","3":"status-publish","4":"has-post-thumbnail","6":"product_cat-fim-de-ano","7":"product_cat-brindes","8":"product_cat-kit-executivo","9":"product_cat-kits-especiais","10":"product_tag-kit-especiais","11":"product_tag-kit-executivo","13":"first","14":"instock","15":"shipping-taxable","16":"product-type-simple"},"yoast_head":"<!-- This site is optimized with the Yoast SEO plugin v27.4 - https:\/\/yoast.com\/product\/yoast-seo-wordpress\/ -->\n<title>Kit Executivo 3 Pe\u00e7as Personalizado - Ideia Gr\u00e1fica e Brindes<\/title>\n<meta name=\"description\" content=\"Kit executivo com tr\u00eas pe\u00e7as, composto por uma caderneta, uma caneta e uma lapiseira. A caderneta possui capa dura em papel\u00e3o refor\u00e7ado\" \/>\n<meta name=\"robots\" content=\"index, follow, max-snippet:-1, max-image-preview:large, max-video-preview:-1\" \/>\n<link rel=\"canonical\" href=\"https:\/\/ideiagraficaebrindes.com.br\/en\/product\/kit-executivo-3-pecas-personalizado\/\" \/>\n<meta property=\"og:locale\" content=\"en_US\" \/>\n<meta property=\"og:type\" content=\"article\" \/>\n<meta property=\"og:title\" content=\"Kit Executivo 3 Pe\u00e7as Personalizado - Ideia Gr\u00e1fica e Brindes\" \/>\n<meta property=\"og:description\" content=\"Kit executivo com tr\u00eas pe\u00e7as, composto por uma caderneta, uma caneta e uma lapiseira. A caderneta possui capa dura em papel\u00e3o refor\u00e7ado\" \/>\n<meta property=\"og:url\" content=\"https:\/\/ideiagraficaebrindes.com.br\/en\/product\/kit-executivo-3-pecas-personalizado\/\" \/>\n<meta property=\"og:site_name\" content=\"Ideia Gr\u00e1fica e Brindes\" \/>\n<meta property=\"og:image\" content=\"https:\/\/ideiagraficaebrindes.com.br\/wp-content\/uploads\/2025\/10\/Kit-Executivo-3-Pecas-25616d1-1760701141.jpg\" \/>\n\t<meta property=\"og:image:width\" content=\"1000\" \/>\n\t<meta property=\"og:image:height\" content=\"1000\" \/>\n\t<meta property=\"og:image:type\" content=\"image\/jpeg\" \/>\n<meta name=\"twitter:card\" content=\"summary_large_image\" \/>\n<meta name=\"twitter:label1\" content=\"Est. reading time\" \/>\n\t<meta name=\"twitter:data1\" content=\"2 minutes\" \/>\n<script type=\"application\/ld+json\" class=\"yoast-schema-graph\">{\"@context\":\"https:\\\/\\\/schema.org\",\"@graph\":[{\"@type\":\"WebPage\",\"@id\":\"https:\\\/\\\/ideiagraficaebrindes.com.br\\\/produto\\\/kit-executivo-3-pecas-personalizado\\\/\",\"url\":\"https:\\\/\\\/ideiagraficaebrindes.com.br\\\/produto\\\/kit-executivo-3-pecas-personalizado\\\/\",\"name\":\"Kit Executivo 3 Pe\u00e7as Personalizado - Ideia Gr\u00e1fica e Brindes\",\"isPartOf\":{\"@id\":\"https:\\\/\\\/ideiagraficaebrindes.com.br\\\/#website\"},\"primaryImageOfPage\":{\"@id\":\"https:\\\/\\\/ideiagraficaebrindes.com.br\\\/produto\\\/kit-executivo-3-pecas-personalizado\\\/#primaryimage\"},\"image\":{\"@id\":\"https:\\\/\\\/ideiagraficaebrindes.com.br\\\/produto\\\/kit-executivo-3-pecas-personalizado\\\/#primaryimage\"},\"thumbnailUrl\":\"https:\\\/\\\/ideiagraficaebrindes.com.br\\\/wp-content\\\/uploads\\\/2025\\\/10\\\/Kit-Executivo-3-Pecas-25616d1-1760701141.jpg\",\"datePublished\":\"2025-10-18T13:20:02+00:00\",\"description\":\"Kit executivo com tr\u00eas pe\u00e7as, composto por uma caderneta, uma caneta e uma lapiseira. A caderneta possui capa dura em papel\u00e3o refor\u00e7ado\",\"breadcrumb\":{\"@id\":\"https:\\\/\\\/ideiagraficaebrindes.com.br\\\/produto\\\/kit-executivo-3-pecas-personalizado\\\/#breadcrumb\"},\"inLanguage\":\"en-US\",\"potentialAction\":[{\"@type\":\"ReadAction\",\"target\":[\"https:\\\/\\\/ideiagraficaebrindes.com.br\\\/produto\\\/kit-executivo-3-pecas-personalizado\\\/\"]}]},{\"@type\":\"ImageObject\",\"inLanguage\":\"en-US\",\"@id\":\"https:\\\/\\\/ideiagraficaebrindes.com.br\\\/produto\\\/kit-executivo-3-pecas-personalizado\\\/#primaryimage\",\"url\":\"https:\\\/\\\/ideiagraficaebrindes.com.br\\\/wp-content\\\/uploads\\\/2025\\\/10\\\/Kit-Executivo-3-Pecas-25616d1-1760701141.jpg\",\"contentUrl\":\"https:\\\/\\\/ideiagraficaebrindes.com.br\\\/wp-content\\\/uploads\\\/2025\\\/10\\\/Kit-Executivo-3-Pecas-25616d1-1760701141.jpg\",\"width\":1000,\"height\":1000},{\"@type\":\"BreadcrumbList\",\"@id\":\"https:\\\/\\\/ideiagraficaebrindes.com.br\\\/produto\\\/kit-executivo-3-pecas-personalizado\\\/#breadcrumb\",\"itemListElement\":[{\"@type\":\"ListItem\",\"position\":1,\"name\":\"In\u00edcio\",\"item\":\"https:\\\/\\\/ideiagraficaebrindes.com.br\\\/\"},{\"@type\":\"ListItem\",\"position\":2,\"name\":\"Loja\",\"item\":\"https:\\\/\\\/ideiagraficaebrindes.com.br\\\/loja\\\/\"},{\"@type\":\"ListItem\",\"position\":3,\"name\":\"Kit Executivo 3 Pe\u00e7as Personalizado\"}]},{\"@type\":\"WebSite\",\"@id\":\"https:\\\/\\\/ideiagraficaebrindes.com.br\\\/#website\",\"url\":\"https:\\\/\\\/ideiagraficaebrindes.com.br\\\/\",\"name\":\"Ideia Gr\u00e1fica e Brindes\",\"description\":\"Brindes Personalizados e Impress\u00e3o em geral\",\"potentialAction\":[{\"@type\":\"SearchAction\",\"target\":{\"@type\":\"EntryPoint\",\"urlTemplate\":\"https:\\\/\\\/ideiagraficaebrindes.com.br\\\/?s={search_term_string}\"},\"query-input\":{\"@type\":\"PropertyValueSpecification\",\"valueRequired\":true,\"valueName\":\"search_term_string\"}}],\"inLanguage\":\"en-US\"}]}<\/script>\n<!-- \/ Yoast SEO plugin. -->","yoast_head_json":{"title":"Kit Executivo 3 Pe\u00e7as Personalizado - Ideia Gr\u00e1fica e Brindes","description":"Kit executivo com tr\u00eas pe\u00e7as, composto por uma caderneta, uma caneta e uma lapiseira. A caderneta possui capa dura em papel\u00e3o refor\u00e7ado","robots":{"index":"index","follow":"follow","max-snippet":"max-snippet:-1","max-image-preview":"max-image-preview:large","max-video-preview":"max-video-preview:-1"},"canonical":"https:\/\/ideiagraficaebrindes.com.br\/en\/product\/kit-executivo-3-pecas-personalizado\/","og_locale":"en_US","og_type":"article","og_title":"Kit Executivo 3 Pe\u00e7as Personalizado - Ideia Gr\u00e1fica e Brindes","og_description":"Kit executivo com tr\u00eas pe\u00e7as, composto por uma caderneta, uma caneta e uma lapiseira. A caderneta possui capa dura em papel\u00e3o refor\u00e7ado","og_url":"https:\/\/ideiagraficaebrindes.com.br\/en\/product\/kit-executivo-3-pecas-personalizado\/","og_site_name":"Ideia Gr\u00e1fica e Brindes","og_image":[{"width":1000,"height":1000,"url":"https:\/\/ideiagraficaebrindes.com.br\/wp-content\/uploads\/2025\/10\/Kit-Executivo-3-Pecas-25616d1-1760701141.jpg","type":"image\/jpeg"}],"twitter_card":"summary_large_image","twitter_misc":{"Est. reading time":"2 minutes"},"schema":{"@context":"https:\/\/schema.org","@graph":[{"@type":"WebPage","@id":"https:\/\/ideiagraficaebrindes.com.br\/produto\/kit-executivo-3-pecas-personalizado\/","url":"https:\/\/ideiagraficaebrindes.com.br\/produto\/kit-executivo-3-pecas-personalizado\/","name":"Kit Executivo 3 Pe\u00e7as Personalizado - Ideia Gr\u00e1fica e Brindes","isPartOf":{"@id":"https:\/\/ideiagraficaebrindes.com.br\/#website"},"primaryImageOfPage":{"@id":"https:\/\/ideiagraficaebrindes.com.br\/produto\/kit-executivo-3-pecas-personalizado\/#primaryimage"},"image":{"@id":"https:\/\/ideiagraficaebrindes.com.br\/produto\/kit-executivo-3-pecas-personalizado\/#primaryimage"},"thumbnailUrl":"https:\/\/ideiagraficaebrindes.com.br\/wp-content\/uploads\/2025\/10\/Kit-Executivo-3-Pecas-25616d1-1760701141.jpg","datePublished":"2025-10-18T13:20:02+00:00","description":"Kit executivo com tr\u00eas pe\u00e7as, composto por uma caderneta, uma caneta e uma lapiseira. A caderneta possui capa dura em papel\u00e3o refor\u00e7ado","breadcrumb":{"@id":"https:\/\/ideiagraficaebrindes.com.br\/produto\/kit-executivo-3-pecas-personalizado\/#breadcrumb"},"inLanguage":"en-US","potentialAction":[{"@type":"ReadAction","target":["https:\/\/ideiagraficaebrindes.com.br\/produto\/kit-executivo-3-pecas-personalizado\/"]}]},{"@type":"ImageObject","inLanguage":"en-US","@id":"https:\/\/ideiagraficaebrindes.com.br\/produto\/kit-executivo-3-pecas-personalizado\/#primaryimage","url":"https:\/\/ideiagraficaebrindes.com.br\/wp-content\/uploads\/2025\/10\/Kit-Executivo-3-Pecas-25616d1-1760701141.jpg","contentUrl":"https:\/\/ideiagraficaebrindes.com.br\/wp-content\/uploads\/2025\/10\/Kit-Executivo-3-Pecas-25616d1-1760701141.jpg","width":1000,"height":1000},{"@type":"BreadcrumbList","@id":"https:\/\/ideiagraficaebrindes.com.br\/produto\/kit-executivo-3-pecas-personalizado\/#breadcrumb","itemListElement":[{"@type":"ListItem","position":1,"name":"In\u00edcio","item":"https:\/\/ideiagraficaebrindes.com.br\/"},{"@type":"ListItem","position":2,"name":"Loja","item":"https:\/\/ideiagraficaebrindes.com.br\/loja\/"},{"@type":"ListItem","position":3,"name":"Kit Executivo 3 Pe\u00e7as Personalizado"}]},{"@type":"WebSite","@id":"https:\/\/ideiagraficaebrindes.com.br\/#website","url":"https:\/\/ideiagraficaebrindes.com.br\/","name":"Ideia Gr\u00e1fica e Brindes","description":"Brindes Personalizados e Impress\u00e3o em geral","potentialAction":[{"@type":"SearchAction","target":{"@type":"EntryPoint","urlTemplate":"https:\/\/ideiagraficaebrindes.com.br\/?s={search_term_string}"},"query-input":{"@type":"PropertyValueSpecification","valueRequired":true,"valueName":"search_term_string"}}],"inLanguage":"en-US"}]}},"_links":{"self":[{"href":"https:\/\/ideiagraficaebrindes.com.br\/en\/wp-json\/wp\/v2\/product\/9594","targetHints":{"allow":["GET"]}}],"collection":[{"href":"https:\/\/ideiagraficaebrindes.com.br\/en\/wp-json\/wp\/v2\/product"}],"about":[{"href":"https:\/\/ideiagraficaebrindes.com.br\/en\/wp-json\/wp\/v2\/types\/product"}],"replies":[{"embeddable":true,"href":"https:\/\/ideiagraficaebrindes.com.br\/en\/wp-json\/wp\/v2\/comments?post=9594"}],"wp:featuredmedia":[{"embeddable":true,"href":"https:\/\/ideiagraficaebrindes.com.br\/en\/wp-json\/wp\/v2\/media\/9596"}],"wp:attachment":[{"href":"https:\/\/ideiagraficaebrindes.com.br\/en\/wp-json\/wp\/v2\/media?parent=9594"}],"wp:term":[{"taxonomy":"product_brand","embeddable":true,"href":"https:\/\/ideiagraficaebrindes.com.br\/en\/wp-json\/wp\/v2\/product_brand?post=9594"},{"taxonomy":"product_cat","embeddable":true,"href":"https:\/\/ideiagraficaebrindes.com.br\/en\/wp-json\/wp\/v2\/product_cat?post=9594"},{"taxonomy":"product_tag","embeddable":true,"href":"https:\/\/ideiagraficaebrindes.com.br\/en\/wp-json\/wp\/v2\/product_tag?post=9594"}],"curies":[{"name":"wp","href":"https:\/\/api.w.org\/{rel}","templated":true}]}}