{"id":9578,"date":"2025-10-17T15:18:12","date_gmt":"2025-10-17T18:18:12","guid":{"rendered":"https:\/\/ideiagraficaebrindes.com.br\/?post_type=product&#038;p=9578"},"modified":"2025-10-17T15:18:12","modified_gmt":"2025-10-17T18:18:12","slug":"agenda-a5-2026-em-pu-a-base-de-agua-personalizada","status":"publish","type":"product","link":"https:\/\/ideiagraficaebrindes.com.br\/en\/product\/agenda-a5-2026-em-pu-a-base-de-agua-personalizada\/","title":{"rendered":"Agenda A5 2026 em PU \u00e0 base de \u00e1gua Personalizada"},"content":{"rendered":"<p>Agenda A5 em PU \u00e0 base de \u00e1gua. Inclui um suporte para esferogr\u00e1fica (n\u00e3o inclusa), marcador em fita e um el\u00e1stico para fechamento da agenda. Est\u00e1 organizada em plano di\u00e1rio (70 g\/m\u00b2). 148 x 210 mm<\/p>","protected":false},"excerpt":{"rendered":"<p>Agenda A5 em PU \u00e0 base de \u00e1gua. Inclui um suporte para esferogr\u00e1fica (n\u00e3o inclusa), marcador em fita e um el\u00e1stico para fechamento da agenda. Est\u00e1 organizada em plano di\u00e1rio (70 g\/m\u00b2). 148 x 210 mm<\/p>","protected":false},"featured_media":9583,"comment_status":"open","ping_status":"closed","template":"","meta":{"_monsterinsights_skip_tracking":false,"_monsterinsights_sitenote_active":false,"_monsterinsights_sitenote_note":"","_monsterinsights_sitenote_category":0},"product_brand":[],"product_cat":[219,198],"product_tag":[473],"class_list":{"0":"post-9578","1":"product","2":"type-product","3":"status-publish","4":"has-post-thumbnail","6":"product_cat-brindes","7":"product_cat-escritorio","8":"product_tag-agenda-2026","10":"first","11":"instock","12":"shipping-taxable","13":"product-type-simple"},"yoast_head":"<!-- This site is optimized with the Yoast SEO plugin v27.4 - https:\/\/yoast.com\/product\/yoast-seo-wordpress\/ -->\n<title>Agenda A5 2026 em PU \u00e0 base de \u00e1gua Personalizada - Ideia Gr\u00e1fica e Brindes<\/title>\n<meta name=\"description\" content=\"Agenda A5 em PU \u00e0 base de \u00e1gua. Inclui um suporte para esferogr\u00e1fica (n\u00e3o inclusa), marcador em fita e um el\u00e1stico para fechamento da agenda.\" \/>\n<meta name=\"robots\" content=\"index, follow, max-snippet:-1, max-image-preview:large, max-video-preview:-1\" \/>\n<link rel=\"canonical\" href=\"https:\/\/ideiagraficaebrindes.com.br\/en\/product\/agenda-a5-2026-em-pu-a-base-de-agua-personalizada\/\" \/>\n<meta property=\"og:locale\" content=\"en_US\" \/>\n<meta property=\"og:type\" content=\"article\" \/>\n<meta property=\"og:title\" content=\"Agenda A5 2026 em PU \u00e0 base de \u00e1gua Personalizada - Ideia Gr\u00e1fica e Brindes\" \/>\n<meta property=\"og:description\" content=\"Agenda A5 em PU \u00e0 base de \u00e1gua. Inclui um suporte para esferogr\u00e1fica (n\u00e3o inclusa), marcador em fita e um el\u00e1stico para fechamento da agenda.\" \/>\n<meta property=\"og:url\" content=\"https:\/\/ideiagraficaebrindes.com.br\/en\/product\/agenda-a5-2026-em-pu-a-base-de-agua-personalizada\/\" \/>\n<meta property=\"og:site_name\" content=\"Ideia Gr\u00e1fica e Brindes\" \/>\n<meta property=\"og:image\" content=\"https:\/\/ideiagraficaebrindes.com.br\/wp-content\/uploads\/2025\/10\/66219_a.jpg\" \/>\n\t<meta property=\"og:image:width\" content=\"1000\" \/>\n\t<meta property=\"og:image:height\" content=\"1000\" \/>\n\t<meta property=\"og:image:type\" content=\"image\/jpeg\" \/>\n<meta name=\"twitter:card\" content=\"summary_large_image\" \/>\n<meta name=\"twitter:label1\" content=\"Est. reading time\" \/>\n\t<meta name=\"twitter:data1\" content=\"1 minute\" \/>\n<script type=\"application\/ld+json\" class=\"yoast-schema-graph\">{\"@context\":\"https:\\\/\\\/schema.org\",\"@graph\":[{\"@type\":\"WebPage\",\"@id\":\"https:\\\/\\\/ideiagraficaebrindes.com.br\\\/produto\\\/agenda-a5-2026-em-pu-a-base-de-agua-personalizada\\\/\",\"url\":\"https:\\\/\\\/ideiagraficaebrindes.com.br\\\/produto\\\/agenda-a5-2026-em-pu-a-base-de-agua-personalizada\\\/\",\"name\":\"Agenda A5 2026 em PU \u00e0 base de \u00e1gua Personalizada - Ideia Gr\u00e1fica e Brindes\",\"isPartOf\":{\"@id\":\"https:\\\/\\\/ideiagraficaebrindes.com.br\\\/#website\"},\"primaryImageOfPage\":{\"@id\":\"https:\\\/\\\/ideiagraficaebrindes.com.br\\\/produto\\\/agenda-a5-2026-em-pu-a-base-de-agua-personalizada\\\/#primaryimage\"},\"image\":{\"@id\":\"https:\\\/\\\/ideiagraficaebrindes.com.br\\\/produto\\\/agenda-a5-2026-em-pu-a-base-de-agua-personalizada\\\/#primaryimage\"},\"thumbnailUrl\":\"https:\\\/\\\/ideiagraficaebrindes.com.br\\\/wp-content\\\/uploads\\\/2025\\\/10\\\/66219_a.jpg\",\"datePublished\":\"2025-10-17T18:18:12+00:00\",\"description\":\"Agenda A5 em PU \u00e0 base de \u00e1gua. Inclui um suporte para esferogr\u00e1fica (n\u00e3o inclusa), marcador em fita e um el\u00e1stico para fechamento da agenda.\",\"breadcrumb\":{\"@id\":\"https:\\\/\\\/ideiagraficaebrindes.com.br\\\/produto\\\/agenda-a5-2026-em-pu-a-base-de-agua-personalizada\\\/#breadcrumb\"},\"inLanguage\":\"en-US\",\"potentialAction\":[{\"@type\":\"ReadAction\",\"target\":[\"https:\\\/\\\/ideiagraficaebrindes.com.br\\\/produto\\\/agenda-a5-2026-em-pu-a-base-de-agua-personalizada\\\/\"]}]},{\"@type\":\"ImageObject\",\"inLanguage\":\"en-US\",\"@id\":\"https:\\\/\\\/ideiagraficaebrindes.com.br\\\/produto\\\/agenda-a5-2026-em-pu-a-base-de-agua-personalizada\\\/#primaryimage\",\"url\":\"https:\\\/\\\/ideiagraficaebrindes.com.br\\\/wp-content\\\/uploads\\\/2025\\\/10\\\/66219_a.jpg\",\"contentUrl\":\"https:\\\/\\\/ideiagraficaebrindes.com.br\\\/wp-content\\\/uploads\\\/2025\\\/10\\\/66219_a.jpg\",\"width\":1000,\"height\":1000},{\"@type\":\"BreadcrumbList\",\"@id\":\"https:\\\/\\\/ideiagraficaebrindes.com.br\\\/produto\\\/agenda-a5-2026-em-pu-a-base-de-agua-personalizada\\\/#breadcrumb\",\"itemListElement\":[{\"@type\":\"ListItem\",\"position\":1,\"name\":\"In\u00edcio\",\"item\":\"https:\\\/\\\/ideiagraficaebrindes.com.br\\\/\"},{\"@type\":\"ListItem\",\"position\":2,\"name\":\"Loja\",\"item\":\"https:\\\/\\\/ideiagraficaebrindes.com.br\\\/loja\\\/\"},{\"@type\":\"ListItem\",\"position\":3,\"name\":\"Agenda A5 2026 em PU \u00e0 base de \u00e1gua Personalizada\"}]},{\"@type\":\"WebSite\",\"@id\":\"https:\\\/\\\/ideiagraficaebrindes.com.br\\\/#website\",\"url\":\"https:\\\/\\\/ideiagraficaebrindes.com.br\\\/\",\"name\":\"Ideia Gr\u00e1fica e Brindes\",\"description\":\"Brindes Personalizados e Impress\u00e3o em geral\",\"potentialAction\":[{\"@type\":\"SearchAction\",\"target\":{\"@type\":\"EntryPoint\",\"urlTemplate\":\"https:\\\/\\\/ideiagraficaebrindes.com.br\\\/?s={search_term_string}\"},\"query-input\":{\"@type\":\"PropertyValueSpecification\",\"valueRequired\":true,\"valueName\":\"search_term_string\"}}],\"inLanguage\":\"en-US\"}]}<\/script>\n<!-- \/ Yoast SEO plugin. -->","yoast_head_json":{"title":"Agenda A5 2026 em PU \u00e0 base de \u00e1gua Personalizada - Ideia Gr\u00e1fica e Brindes","description":"Agenda A5 em PU \u00e0 base de \u00e1gua. Inclui um suporte para esferogr\u00e1fica (n\u00e3o inclusa), marcador em fita e um el\u00e1stico para fechamento da agenda.","robots":{"index":"index","follow":"follow","max-snippet":"max-snippet:-1","max-image-preview":"max-image-preview:large","max-video-preview":"max-video-preview:-1"},"canonical":"https:\/\/ideiagraficaebrindes.com.br\/en\/product\/agenda-a5-2026-em-pu-a-base-de-agua-personalizada\/","og_locale":"en_US","og_type":"article","og_title":"Agenda A5 2026 em PU \u00e0 base de \u00e1gua Personalizada - Ideia Gr\u00e1fica e Brindes","og_description":"Agenda A5 em PU \u00e0 base de \u00e1gua. Inclui um suporte para esferogr\u00e1fica (n\u00e3o inclusa), marcador em fita e um el\u00e1stico para fechamento da agenda.","og_url":"https:\/\/ideiagraficaebrindes.com.br\/en\/product\/agenda-a5-2026-em-pu-a-base-de-agua-personalizada\/","og_site_name":"Ideia Gr\u00e1fica e Brindes","og_image":[{"width":1000,"height":1000,"url":"https:\/\/ideiagraficaebrindes.com.br\/wp-content\/uploads\/2025\/10\/66219_a.jpg","type":"image\/jpeg"}],"twitter_card":"summary_large_image","twitter_misc":{"Est. reading time":"1 minute"},"schema":{"@context":"https:\/\/schema.org","@graph":[{"@type":"WebPage","@id":"https:\/\/ideiagraficaebrindes.com.br\/produto\/agenda-a5-2026-em-pu-a-base-de-agua-personalizada\/","url":"https:\/\/ideiagraficaebrindes.com.br\/produto\/agenda-a5-2026-em-pu-a-base-de-agua-personalizada\/","name":"Agenda A5 2026 em PU \u00e0 base de \u00e1gua Personalizada - Ideia Gr\u00e1fica e Brindes","isPartOf":{"@id":"https:\/\/ideiagraficaebrindes.com.br\/#website"},"primaryImageOfPage":{"@id":"https:\/\/ideiagraficaebrindes.com.br\/produto\/agenda-a5-2026-em-pu-a-base-de-agua-personalizada\/#primaryimage"},"image":{"@id":"https:\/\/ideiagraficaebrindes.com.br\/produto\/agenda-a5-2026-em-pu-a-base-de-agua-personalizada\/#primaryimage"},"thumbnailUrl":"https:\/\/ideiagraficaebrindes.com.br\/wp-content\/uploads\/2025\/10\/66219_a.jpg","datePublished":"2025-10-17T18:18:12+00:00","description":"Agenda A5 em PU \u00e0 base de \u00e1gua. Inclui um suporte para esferogr\u00e1fica (n\u00e3o inclusa), marcador em fita e um el\u00e1stico para fechamento da agenda.","breadcrumb":{"@id":"https:\/\/ideiagraficaebrindes.com.br\/produto\/agenda-a5-2026-em-pu-a-base-de-agua-personalizada\/#breadcrumb"},"inLanguage":"en-US","potentialAction":[{"@type":"ReadAction","target":["https:\/\/ideiagraficaebrindes.com.br\/produto\/agenda-a5-2026-em-pu-a-base-de-agua-personalizada\/"]}]},{"@type":"ImageObject","inLanguage":"en-US","@id":"https:\/\/ideiagraficaebrindes.com.br\/produto\/agenda-a5-2026-em-pu-a-base-de-agua-personalizada\/#primaryimage","url":"https:\/\/ideiagraficaebrindes.com.br\/wp-content\/uploads\/2025\/10\/66219_a.jpg","contentUrl":"https:\/\/ideiagraficaebrindes.com.br\/wp-content\/uploads\/2025\/10\/66219_a.jpg","width":1000,"height":1000},{"@type":"BreadcrumbList","@id":"https:\/\/ideiagraficaebrindes.com.br\/produto\/agenda-a5-2026-em-pu-a-base-de-agua-personalizada\/#breadcrumb","itemListElement":[{"@type":"ListItem","position":1,"name":"In\u00edcio","item":"https:\/\/ideiagraficaebrindes.com.br\/"},{"@type":"ListItem","position":2,"name":"Loja","item":"https:\/\/ideiagraficaebrindes.com.br\/loja\/"},{"@type":"ListItem","position":3,"name":"Agenda A5 2026 em PU \u00e0 base de \u00e1gua Personalizada"}]},{"@type":"WebSite","@id":"https:\/\/ideiagraficaebrindes.com.br\/#website","url":"https:\/\/ideiagraficaebrindes.com.br\/","name":"Ideia Gr\u00e1fica e Brindes","description":"Brindes Personalizados e Impress\u00e3o em geral","potentialAction":[{"@type":"SearchAction","target":{"@type":"EntryPoint","urlTemplate":"https:\/\/ideiagraficaebrindes.com.br\/?s={search_term_string}"},"query-input":{"@type":"PropertyValueSpecification","valueRequired":true,"valueName":"search_term_string"}}],"inLanguage":"en-US"}]}},"_links":{"self":[{"href":"https:\/\/ideiagraficaebrindes.com.br\/en\/wp-json\/wp\/v2\/product\/9578","targetHints":{"allow":["GET"]}}],"collection":[{"href":"https:\/\/ideiagraficaebrindes.com.br\/en\/wp-json\/wp\/v2\/product"}],"about":[{"href":"https:\/\/ideiagraficaebrindes.com.br\/en\/wp-json\/wp\/v2\/types\/product"}],"replies":[{"embeddable":true,"href":"https:\/\/ideiagraficaebrindes.com.br\/en\/wp-json\/wp\/v2\/comments?post=9578"}],"wp:featuredmedia":[{"embeddable":true,"href":"https:\/\/ideiagraficaebrindes.com.br\/en\/wp-json\/wp\/v2\/media\/9583"}],"wp:attachment":[{"href":"https:\/\/ideiagraficaebrindes.com.br\/en\/wp-json\/wp\/v2\/media?parent=9578"}],"wp:term":[{"taxonomy":"product_brand","embeddable":true,"href":"https:\/\/ideiagraficaebrindes.com.br\/en\/wp-json\/wp\/v2\/product_brand?post=9578"},{"taxonomy":"product_cat","embeddable":true,"href":"https:\/\/ideiagraficaebrindes.com.br\/en\/wp-json\/wp\/v2\/product_cat?post=9578"},{"taxonomy":"product_tag","embeddable":true,"href":"https:\/\/ideiagraficaebrindes.com.br\/en\/wp-json\/wp\/v2\/product_tag?post=9578"}],"curies":[{"name":"wp","href":"https:\/\/api.w.org\/{rel}","templated":true}]}}