{"id":9495,"date":"2025-10-11T10:24:31","date_gmt":"2025-10-11T13:24:31","guid":{"rendered":"https:\/\/ideiagraficaebrindes.com.br\/?post_type=product&#038;p=9495"},"modified":"2025-10-11T10:24:32","modified_gmt":"2025-10-11T13:24:32","slug":"jogo-americano-dupla-face-personalizado","status":"publish","type":"product","link":"https:\/\/ideiagraficaebrindes.com.br\/en\/product\/jogo-americano-dupla-face-personalizado\/","title":{"rendered":"Jogo Americano Dupla Face Personalizado"},"content":{"rendered":"<div class=\"desc\">\n<p class=\"desc-tit\"><span class=\"desc-sub my-desc-sub\">Jogo americano dupla face em borracha e em couro sint\u00e9tico de alta qualidade para dar mais variedade \u00e0 sua decora\u00e7\u00e3o de mesa no dia a dia. Seus materiais garantem a prote\u00e7\u00e3o com a sua capacidade de absor\u00e7\u00e3o de l\u00edquidos, favorecendo a organiza\u00e7\u00e3o do ambiente.<\/span><\/p>\n<\/div>\n<div class=\"desc\">\n<p class=\"desc-tit\">Largura<span class=\"desc-sub\">\u00a0:\u00a0 30 cm<\/span><\/p>\n<\/div>\n<div class=\"desc\">\n<p class=\"desc-tit\">Espessura<span class=\"desc-sub\">\u00a0:\u00a0 0,2 cm<\/span><\/p>\n<\/div>\n<div class=\"desc\">\n<p class=\"desc-tit\">Comprimento<span class=\"desc-sub\">\u00a0:\u00a0 43 cm<\/span><\/p>\n<\/div>\n<div class=\"desc\">\n<p class=\"desc-tit\">Medidas aproximadas para grava\u00e7\u00e3o<span class=\"desc-sub\">\u00a0(CxL):\u00a0 26 cm x 38 cm<\/span><\/p>\n<\/div>\n<div class=\"desc\">\n<p class=\"desc-tit\">Peso aproximado<span class=\"desc-sub\">\u00a0(g):\u00a0 130<\/span><\/p>\n<\/div>","protected":false},"excerpt":{"rendered":"<div class=\"desc\">\n<p class=\"desc-tit\"><span class=\"desc-sub my-desc-sub\">Jogo americano dupla face em borracha e em couro sint\u00e9tico de alta qualidade para dar mais variedade \u00e0 sua decora\u00e7\u00e3o de mesa no dia a dia. Seus materiais garantem a prote\u00e7\u00e3o com a sua capacidade de absor\u00e7\u00e3o de l\u00edquidos, favorecendo a organiza\u00e7\u00e3o do ambiente.<\/span><\/p>\n<\/div>\n<div class=\"desc\">\n<p class=\"desc-tit\">Largura<span class=\"desc-sub\">\u00a0:\u00a0 30 cm<\/span><\/p>\n<\/div>\n<div class=\"desc\">\n<p class=\"desc-tit\">Espessura<span class=\"desc-sub\">\u00a0:\u00a0 0,2 cm<\/span><\/p>\n<\/div>\n<div class=\"desc\">\n<p class=\"desc-tit\">Comprimento<span class=\"desc-sub\">\u00a0:\u00a0 43 cm<\/span><\/p>\n<\/div>\n<div class=\"desc\">\n<p class=\"desc-tit\">Medidas aproximadas para grava\u00e7\u00e3o<span class=\"desc-sub\">\u00a0(CxL):\u00a0 26 cm x 38 cm<\/span><\/p>\n<\/div>\n<div class=\"desc\">\n<p class=\"desc-tit\">Peso aproximado<span class=\"desc-sub\">\u00a0(g):\u00a0 130<\/span><\/p>\n<\/div>","protected":false},"featured_media":9496,"comment_status":"open","ping_status":"closed","template":"","meta":{"_monsterinsights_skip_tracking":false,"_monsterinsights_sitenote_active":false,"_monsterinsights_sitenote_note":"","_monsterinsights_sitenote_category":0},"product_brand":[],"product_cat":[219,188],"product_tag":[472],"class_list":{"0":"post-9495","1":"product","2":"type-product","3":"status-publish","4":"has-post-thumbnail","6":"product_cat-brindes","7":"product_cat-home","8":"product_tag-jogo-americano","10":"first","11":"instock","12":"shipping-taxable","13":"product-type-simple"},"yoast_head":"<!-- This site is optimized with the Yoast SEO plugin v27.4 - https:\/\/yoast.com\/product\/yoast-seo-wordpress\/ -->\n<title>Jogo Americano Dupla Face Personalizado - Ideia Gr\u00e1fica e Brindes<\/title>\n<meta name=\"description\" content=\"Jogo americano dupla face em borracha e em couro sint\u00e9tico de alta qualidade para dar mais variedade \u00e0 sua decora\u00e7\u00e3o de mesa no dia a dia.\" \/>\n<meta name=\"robots\" content=\"index, follow, max-snippet:-1, max-image-preview:large, max-video-preview:-1\" \/>\n<link rel=\"canonical\" href=\"https:\/\/ideiagraficaebrindes.com.br\/en\/product\/jogo-americano-dupla-face-personalizado\/\" \/>\n<meta property=\"og:locale\" content=\"en_US\" \/>\n<meta property=\"og:type\" content=\"article\" \/>\n<meta property=\"og:title\" content=\"Jogo Americano Dupla Face Personalizado - Ideia Gr\u00e1fica e Brindes\" \/>\n<meta property=\"og:description\" content=\"Jogo americano dupla face em borracha e em couro sint\u00e9tico de alta qualidade para dar mais variedade \u00e0 sua decora\u00e7\u00e3o de mesa no dia a dia.\" \/>\n<meta property=\"og:url\" content=\"https:\/\/ideiagraficaebrindes.com.br\/en\/product\/jogo-americano-dupla-face-personalizado\/\" \/>\n<meta property=\"og:site_name\" content=\"Ideia Gr\u00e1fica e Brindes\" \/>\n<meta property=\"article:modified_time\" content=\"2025-10-11T13:24:32+00:00\" \/>\n<meta property=\"og:image\" content=\"https:\/\/ideiagraficaebrindes.com.br\/wp-content\/uploads\/2025\/10\/Jogo-Americano-Dupla-Face-22707-1744129330.jpg\" \/>\n\t<meta property=\"og:image:width\" content=\"1000\" \/>\n\t<meta property=\"og:image:height\" content=\"1000\" \/>\n\t<meta property=\"og:image:type\" content=\"image\/jpeg\" \/>\n<meta name=\"twitter:card\" content=\"summary_large_image\" \/>\n<meta name=\"twitter:label1\" content=\"Est. reading time\" \/>\n\t<meta name=\"twitter:data1\" content=\"1 minute\" \/>\n<script type=\"application\/ld+json\" class=\"yoast-schema-graph\">{\"@context\":\"https:\\\/\\\/schema.org\",\"@graph\":[{\"@type\":\"WebPage\",\"@id\":\"https:\\\/\\\/ideiagraficaebrindes.com.br\\\/produto\\\/jogo-americano-dupla-face-personalizado\\\/\",\"url\":\"https:\\\/\\\/ideiagraficaebrindes.com.br\\\/produto\\\/jogo-americano-dupla-face-personalizado\\\/\",\"name\":\"Jogo Americano Dupla Face Personalizado - Ideia Gr\u00e1fica e Brindes\",\"isPartOf\":{\"@id\":\"https:\\\/\\\/ideiagraficaebrindes.com.br\\\/#website\"},\"primaryImageOfPage\":{\"@id\":\"https:\\\/\\\/ideiagraficaebrindes.com.br\\\/produto\\\/jogo-americano-dupla-face-personalizado\\\/#primaryimage\"},\"image\":{\"@id\":\"https:\\\/\\\/ideiagraficaebrindes.com.br\\\/produto\\\/jogo-americano-dupla-face-personalizado\\\/#primaryimage\"},\"thumbnailUrl\":\"https:\\\/\\\/ideiagraficaebrindes.com.br\\\/wp-content\\\/uploads\\\/2025\\\/10\\\/Jogo-Americano-Dupla-Face-22707-1744129330.jpg\",\"datePublished\":\"2025-10-11T13:24:31+00:00\",\"dateModified\":\"2025-10-11T13:24:32+00:00\",\"description\":\"Jogo americano dupla face em borracha e em couro sint\u00e9tico de alta qualidade para dar mais variedade \u00e0 sua decora\u00e7\u00e3o de mesa no dia a dia.\",\"breadcrumb\":{\"@id\":\"https:\\\/\\\/ideiagraficaebrindes.com.br\\\/produto\\\/jogo-americano-dupla-face-personalizado\\\/#breadcrumb\"},\"inLanguage\":\"en-US\",\"potentialAction\":[{\"@type\":\"ReadAction\",\"target\":[\"https:\\\/\\\/ideiagraficaebrindes.com.br\\\/produto\\\/jogo-americano-dupla-face-personalizado\\\/\"]}]},{\"@type\":\"ImageObject\",\"inLanguage\":\"en-US\",\"@id\":\"https:\\\/\\\/ideiagraficaebrindes.com.br\\\/produto\\\/jogo-americano-dupla-face-personalizado\\\/#primaryimage\",\"url\":\"https:\\\/\\\/ideiagraficaebrindes.com.br\\\/wp-content\\\/uploads\\\/2025\\\/10\\\/Jogo-Americano-Dupla-Face-22707-1744129330.jpg\",\"contentUrl\":\"https:\\\/\\\/ideiagraficaebrindes.com.br\\\/wp-content\\\/uploads\\\/2025\\\/10\\\/Jogo-Americano-Dupla-Face-22707-1744129330.jpg\",\"width\":1000,\"height\":1000},{\"@type\":\"BreadcrumbList\",\"@id\":\"https:\\\/\\\/ideiagraficaebrindes.com.br\\\/produto\\\/jogo-americano-dupla-face-personalizado\\\/#breadcrumb\",\"itemListElement\":[{\"@type\":\"ListItem\",\"position\":1,\"name\":\"In\u00edcio\",\"item\":\"https:\\\/\\\/ideiagraficaebrindes.com.br\\\/\"},{\"@type\":\"ListItem\",\"position\":2,\"name\":\"Loja\",\"item\":\"https:\\\/\\\/ideiagraficaebrindes.com.br\\\/loja\\\/\"},{\"@type\":\"ListItem\",\"position\":3,\"name\":\"Jogo Americano Dupla Face Personalizado\"}]},{\"@type\":\"WebSite\",\"@id\":\"https:\\\/\\\/ideiagraficaebrindes.com.br\\\/#website\",\"url\":\"https:\\\/\\\/ideiagraficaebrindes.com.br\\\/\",\"name\":\"Ideia Gr\u00e1fica e Brindes\",\"description\":\"Brindes Personalizados e Impress\u00e3o em geral\",\"potentialAction\":[{\"@type\":\"SearchAction\",\"target\":{\"@type\":\"EntryPoint\",\"urlTemplate\":\"https:\\\/\\\/ideiagraficaebrindes.com.br\\\/?s={search_term_string}\"},\"query-input\":{\"@type\":\"PropertyValueSpecification\",\"valueRequired\":true,\"valueName\":\"search_term_string\"}}],\"inLanguage\":\"en-US\"}]}<\/script>\n<!-- \/ Yoast SEO plugin. -->","yoast_head_json":{"title":"Jogo Americano Dupla Face Personalizado - Ideia Gr\u00e1fica e Brindes","description":"Jogo americano dupla face em borracha e em couro sint\u00e9tico de alta qualidade para dar mais variedade \u00e0 sua decora\u00e7\u00e3o de mesa no dia a dia.","robots":{"index":"index","follow":"follow","max-snippet":"max-snippet:-1","max-image-preview":"max-image-preview:large","max-video-preview":"max-video-preview:-1"},"canonical":"https:\/\/ideiagraficaebrindes.com.br\/en\/product\/jogo-americano-dupla-face-personalizado\/","og_locale":"en_US","og_type":"article","og_title":"Jogo Americano Dupla Face Personalizado - Ideia Gr\u00e1fica e Brindes","og_description":"Jogo americano dupla face em borracha e em couro sint\u00e9tico de alta qualidade para dar mais variedade \u00e0 sua decora\u00e7\u00e3o de mesa no dia a dia.","og_url":"https:\/\/ideiagraficaebrindes.com.br\/en\/product\/jogo-americano-dupla-face-personalizado\/","og_site_name":"Ideia Gr\u00e1fica e Brindes","article_modified_time":"2025-10-11T13:24:32+00:00","og_image":[{"width":1000,"height":1000,"url":"https:\/\/ideiagraficaebrindes.com.br\/wp-content\/uploads\/2025\/10\/Jogo-Americano-Dupla-Face-22707-1744129330.jpg","type":"image\/jpeg"}],"twitter_card":"summary_large_image","twitter_misc":{"Est. reading time":"1 minute"},"schema":{"@context":"https:\/\/schema.org","@graph":[{"@type":"WebPage","@id":"https:\/\/ideiagraficaebrindes.com.br\/produto\/jogo-americano-dupla-face-personalizado\/","url":"https:\/\/ideiagraficaebrindes.com.br\/produto\/jogo-americano-dupla-face-personalizado\/","name":"Jogo Americano Dupla Face Personalizado - Ideia Gr\u00e1fica e Brindes","isPartOf":{"@id":"https:\/\/ideiagraficaebrindes.com.br\/#website"},"primaryImageOfPage":{"@id":"https:\/\/ideiagraficaebrindes.com.br\/produto\/jogo-americano-dupla-face-personalizado\/#primaryimage"},"image":{"@id":"https:\/\/ideiagraficaebrindes.com.br\/produto\/jogo-americano-dupla-face-personalizado\/#primaryimage"},"thumbnailUrl":"https:\/\/ideiagraficaebrindes.com.br\/wp-content\/uploads\/2025\/10\/Jogo-Americano-Dupla-Face-22707-1744129330.jpg","datePublished":"2025-10-11T13:24:31+00:00","dateModified":"2025-10-11T13:24:32+00:00","description":"Jogo americano dupla face em borracha e em couro sint\u00e9tico de alta qualidade para dar mais variedade \u00e0 sua decora\u00e7\u00e3o de mesa no dia a dia.","breadcrumb":{"@id":"https:\/\/ideiagraficaebrindes.com.br\/produto\/jogo-americano-dupla-face-personalizado\/#breadcrumb"},"inLanguage":"en-US","potentialAction":[{"@type":"ReadAction","target":["https:\/\/ideiagraficaebrindes.com.br\/produto\/jogo-americano-dupla-face-personalizado\/"]}]},{"@type":"ImageObject","inLanguage":"en-US","@id":"https:\/\/ideiagraficaebrindes.com.br\/produto\/jogo-americano-dupla-face-personalizado\/#primaryimage","url":"https:\/\/ideiagraficaebrindes.com.br\/wp-content\/uploads\/2025\/10\/Jogo-Americano-Dupla-Face-22707-1744129330.jpg","contentUrl":"https:\/\/ideiagraficaebrindes.com.br\/wp-content\/uploads\/2025\/10\/Jogo-Americano-Dupla-Face-22707-1744129330.jpg","width":1000,"height":1000},{"@type":"BreadcrumbList","@id":"https:\/\/ideiagraficaebrindes.com.br\/produto\/jogo-americano-dupla-face-personalizado\/#breadcrumb","itemListElement":[{"@type":"ListItem","position":1,"name":"In\u00edcio","item":"https:\/\/ideiagraficaebrindes.com.br\/"},{"@type":"ListItem","position":2,"name":"Loja","item":"https:\/\/ideiagraficaebrindes.com.br\/loja\/"},{"@type":"ListItem","position":3,"name":"Jogo Americano Dupla Face Personalizado"}]},{"@type":"WebSite","@id":"https:\/\/ideiagraficaebrindes.com.br\/#website","url":"https:\/\/ideiagraficaebrindes.com.br\/","name":"Ideia Gr\u00e1fica e Brindes","description":"Brindes Personalizados e Impress\u00e3o em geral","potentialAction":[{"@type":"SearchAction","target":{"@type":"EntryPoint","urlTemplate":"https:\/\/ideiagraficaebrindes.com.br\/?s={search_term_string}"},"query-input":{"@type":"PropertyValueSpecification","valueRequired":true,"valueName":"search_term_string"}}],"inLanguage":"en-US"}]}},"_links":{"self":[{"href":"https:\/\/ideiagraficaebrindes.com.br\/en\/wp-json\/wp\/v2\/product\/9495","targetHints":{"allow":["GET"]}}],"collection":[{"href":"https:\/\/ideiagraficaebrindes.com.br\/en\/wp-json\/wp\/v2\/product"}],"about":[{"href":"https:\/\/ideiagraficaebrindes.com.br\/en\/wp-json\/wp\/v2\/types\/product"}],"replies":[{"embeddable":true,"href":"https:\/\/ideiagraficaebrindes.com.br\/en\/wp-json\/wp\/v2\/comments?post=9495"}],"wp:featuredmedia":[{"embeddable":true,"href":"https:\/\/ideiagraficaebrindes.com.br\/en\/wp-json\/wp\/v2\/media\/9496"}],"wp:attachment":[{"href":"https:\/\/ideiagraficaebrindes.com.br\/en\/wp-json\/wp\/v2\/media?parent=9495"}],"wp:term":[{"taxonomy":"product_brand","embeddable":true,"href":"https:\/\/ideiagraficaebrindes.com.br\/en\/wp-json\/wp\/v2\/product_brand?post=9495"},{"taxonomy":"product_cat","embeddable":true,"href":"https:\/\/ideiagraficaebrindes.com.br\/en\/wp-json\/wp\/v2\/product_cat?post=9495"},{"taxonomy":"product_tag","embeddable":true,"href":"https:\/\/ideiagraficaebrindes.com.br\/en\/wp-json\/wp\/v2\/product_tag?post=9495"}],"curies":[{"name":"wp","href":"https:\/\/api.w.org\/{rel}","templated":true}]}}