{"id":9291,"date":"2025-04-28T16:11:07","date_gmt":"2025-04-28T19:11:07","guid":{"rendered":"https:\/\/ideiagraficaebrindes.com.br\/?post_type=product&#038;p=9291"},"modified":"2025-05-02T11:03:11","modified_gmt":"2025-05-02T14:03:11","slug":"etiquetas-patrimoniais-personalizada","status":"publish","type":"product","link":"https:\/\/ideiagraficaebrindes.com.br\/en\/product\/etiquetas-patrimoniais-personalizada\/","title":{"rendered":"Etiquetas Patrimoniais Personalizada"},"content":{"rendered":"<p><strong>MATERIAL:<\/strong>\u00a0A\u00e7o Inox Escovado 304, 316, 430. A\u00e7o Inox Espelhado<br \/>\n<strong>GRAVA\u00c7\u00c3O:<\/strong>\u00a0em Alto ou Baixo Relevo<br \/>\n<strong>ESPESSURAS:<\/strong>\u00a00,40 mm e 0,50 mm<br \/>\n<strong>FIXA\u00c7\u00c3O:<\/strong>\u00a0Com furos e\/ou Adesivo Dupla Face 3M<br \/>\n<strong>CORES:<\/strong>\u00a0Com ou sem pintura<br \/>\n<strong>DIMENS\u00d5ES:<\/strong>\u00a0A consultar<br \/>\n<strong>C\u00d3DIGO DE LEITURA:<\/strong>\u00a0C\u00f3digo de Barras ou QRcode<br \/>\nEtiqueta Patrim\u00f4nio<\/p>","protected":false},"excerpt":{"rendered":"<p><strong>MATERIAL:<\/strong>\u00a0A\u00e7o Inox Escovado 304, 316, 430. A\u00e7o Inox Espelhado<br \/>\n<strong>GRAVA\u00c7\u00c3O:<\/strong>\u00a0em Alto ou Baixo Relevo<br \/>\n<strong>ESPESSURAS:<\/strong>\u00a00,40 mm e 0,50 mm<br \/>\n<strong>FIXA\u00c7\u00c3O:<\/strong>\u00a0Com furos e\/ou Adesivo Dupla Face 3M<br \/>\n<strong>CORES:<\/strong>\u00a0Com ou sem pintura<br \/>\n<strong>DIMENS\u00d5ES:<\/strong>\u00a0A consultar<br \/>\n<strong>C\u00d3DIGO DE LEITURA:<\/strong>\u00a0C\u00f3digo de Barras ou QRcode<\/p>","protected":false},"featured_media":9292,"comment_status":"open","ping_status":"closed","template":"","meta":{"_monsterinsights_skip_tracking":false,"_monsterinsights_sitenote_active":false,"_monsterinsights_sitenote_note":"","_monsterinsights_sitenote_category":0},"product_brand":[],"product_cat":[219,331],"product_tag":[468,466,465,467],"class_list":{"0":"post-9291","1":"product","2":"type-product","3":"status-publish","4":"has-post-thumbnail","6":"product_cat-brindes","7":"product_cat-diversos","8":"product_tag-etiqueta-patrimonio","9":"product_tag-etiquetas-para-moveis","10":"product_tag-placa-de-patrimonio","11":"product_tag-plaquinhas-de-patrimonio","13":"first","14":"instock","15":"shipping-taxable","16":"product-type-simple"},"yoast_head":"<!-- This site is optimized with the Yoast SEO plugin v27.4 - https:\/\/yoast.com\/product\/yoast-seo-wordpress\/ -->\n<title>Etiquetas Patrimoniais Personalizada - Ideia Gr\u00e1fica e Brindes<\/title>\n<meta name=\"description\" content=\"Etiquetas patrimoniais de alta qualidade, para ambientes internos, externos e industriais. Produzidas em alum\u00ednio ou a\u00e7o inox. Entrega R\u00e1pida\" \/>\n<meta name=\"robots\" content=\"index, follow, max-snippet:-1, max-image-preview:large, max-video-preview:-1\" \/>\n<link rel=\"canonical\" href=\"https:\/\/ideiagraficaebrindes.com.br\/en\/product\/etiquetas-patrimoniais-personalizada\/\" \/>\n<meta property=\"og:locale\" content=\"en_US\" \/>\n<meta property=\"og:type\" content=\"article\" \/>\n<meta property=\"og:title\" content=\"Etiquetas Patrimoniais Personalizada - Ideia Gr\u00e1fica e Brindes\" \/>\n<meta property=\"og:description\" content=\"Etiquetas patrimoniais de alta qualidade, para ambientes internos, externos e industriais. Produzidas em alum\u00ednio ou a\u00e7o inox. Entrega R\u00e1pida\" \/>\n<meta property=\"og:url\" content=\"https:\/\/ideiagraficaebrindes.com.br\/en\/product\/etiquetas-patrimoniais-personalizada\/\" \/>\n<meta property=\"og:site_name\" content=\"Ideia Gr\u00e1fica e Brindes\" \/>\n<meta property=\"article:modified_time\" content=\"2025-05-02T14:03:11+00:00\" \/>\n<meta property=\"og:image\" content=\"https:\/\/ideiagraficaebrindes.com.br\/wp-content\/uploads\/2025\/04\/01.png\" \/>\n\t<meta property=\"og:image:width\" content=\"1000\" \/>\n\t<meta property=\"og:image:height\" content=\"1000\" \/>\n\t<meta property=\"og:image:type\" content=\"image\/png\" \/>\n<meta name=\"twitter:card\" content=\"summary_large_image\" \/>\n<meta name=\"twitter:label1\" content=\"Est. reading time\" \/>\n\t<meta name=\"twitter:data1\" content=\"1 minute\" \/>\n<script type=\"application\/ld+json\" class=\"yoast-schema-graph\">{\"@context\":\"https:\\\/\\\/schema.org\",\"@graph\":[{\"@type\":\"WebPage\",\"@id\":\"https:\\\/\\\/ideiagraficaebrindes.com.br\\\/produto\\\/etiquetas-patrimoniais-personalizada\\\/\",\"url\":\"https:\\\/\\\/ideiagraficaebrindes.com.br\\\/produto\\\/etiquetas-patrimoniais-personalizada\\\/\",\"name\":\"Etiquetas Patrimoniais Personalizada - Ideia Gr\u00e1fica e Brindes\",\"isPartOf\":{\"@id\":\"https:\\\/\\\/ideiagraficaebrindes.com.br\\\/#website\"},\"primaryImageOfPage\":{\"@id\":\"https:\\\/\\\/ideiagraficaebrindes.com.br\\\/produto\\\/etiquetas-patrimoniais-personalizada\\\/#primaryimage\"},\"image\":{\"@id\":\"https:\\\/\\\/ideiagraficaebrindes.com.br\\\/produto\\\/etiquetas-patrimoniais-personalizada\\\/#primaryimage\"},\"thumbnailUrl\":\"https:\\\/\\\/ideiagraficaebrindes.com.br\\\/wp-content\\\/uploads\\\/2025\\\/04\\\/01.png\",\"datePublished\":\"2025-04-28T19:11:07+00:00\",\"dateModified\":\"2025-05-02T14:03:11+00:00\",\"description\":\"Etiquetas patrimoniais de alta qualidade, para ambientes internos, externos e industriais. Produzidas em alum\u00ednio ou a\u00e7o inox. Entrega R\u00e1pida\",\"breadcrumb\":{\"@id\":\"https:\\\/\\\/ideiagraficaebrindes.com.br\\\/produto\\\/etiquetas-patrimoniais-personalizada\\\/#breadcrumb\"},\"inLanguage\":\"en-US\",\"potentialAction\":[{\"@type\":\"ReadAction\",\"target\":[\"https:\\\/\\\/ideiagraficaebrindes.com.br\\\/produto\\\/etiquetas-patrimoniais-personalizada\\\/\"]}]},{\"@type\":\"ImageObject\",\"inLanguage\":\"en-US\",\"@id\":\"https:\\\/\\\/ideiagraficaebrindes.com.br\\\/produto\\\/etiquetas-patrimoniais-personalizada\\\/#primaryimage\",\"url\":\"https:\\\/\\\/ideiagraficaebrindes.com.br\\\/wp-content\\\/uploads\\\/2025\\\/04\\\/01.png\",\"contentUrl\":\"https:\\\/\\\/ideiagraficaebrindes.com.br\\\/wp-content\\\/uploads\\\/2025\\\/04\\\/01.png\",\"width\":1000,\"height\":1000},{\"@type\":\"BreadcrumbList\",\"@id\":\"https:\\\/\\\/ideiagraficaebrindes.com.br\\\/produto\\\/etiquetas-patrimoniais-personalizada\\\/#breadcrumb\",\"itemListElement\":[{\"@type\":\"ListItem\",\"position\":1,\"name\":\"In\u00edcio\",\"item\":\"https:\\\/\\\/ideiagraficaebrindes.com.br\\\/\"},{\"@type\":\"ListItem\",\"position\":2,\"name\":\"Loja\",\"item\":\"https:\\\/\\\/ideiagraficaebrindes.com.br\\\/loja\\\/\"},{\"@type\":\"ListItem\",\"position\":3,\"name\":\"Etiquetas Patrimoniais Personalizada\"}]},{\"@type\":\"WebSite\",\"@id\":\"https:\\\/\\\/ideiagraficaebrindes.com.br\\\/#website\",\"url\":\"https:\\\/\\\/ideiagraficaebrindes.com.br\\\/\",\"name\":\"Ideia Gr\u00e1fica e Brindes\",\"description\":\"Brindes Personalizados e Impress\u00e3o em geral\",\"potentialAction\":[{\"@type\":\"SearchAction\",\"target\":{\"@type\":\"EntryPoint\",\"urlTemplate\":\"https:\\\/\\\/ideiagraficaebrindes.com.br\\\/?s={search_term_string}\"},\"query-input\":{\"@type\":\"PropertyValueSpecification\",\"valueRequired\":true,\"valueName\":\"search_term_string\"}}],\"inLanguage\":\"en-US\"}]}<\/script>\n<!-- \/ Yoast SEO plugin. -->","yoast_head_json":{"title":"Etiquetas Patrimoniais Personalizada - Ideia Gr\u00e1fica e Brindes","description":"Etiquetas patrimoniais de alta qualidade, para ambientes internos, externos e industriais. Produzidas em alum\u00ednio ou a\u00e7o inox. Entrega R\u00e1pida","robots":{"index":"index","follow":"follow","max-snippet":"max-snippet:-1","max-image-preview":"max-image-preview:large","max-video-preview":"max-video-preview:-1"},"canonical":"https:\/\/ideiagraficaebrindes.com.br\/en\/product\/etiquetas-patrimoniais-personalizada\/","og_locale":"en_US","og_type":"article","og_title":"Etiquetas Patrimoniais Personalizada - Ideia Gr\u00e1fica e Brindes","og_description":"Etiquetas patrimoniais de alta qualidade, para ambientes internos, externos e industriais. Produzidas em alum\u00ednio ou a\u00e7o inox. Entrega R\u00e1pida","og_url":"https:\/\/ideiagraficaebrindes.com.br\/en\/product\/etiquetas-patrimoniais-personalizada\/","og_site_name":"Ideia Gr\u00e1fica e Brindes","article_modified_time":"2025-05-02T14:03:11+00:00","og_image":[{"width":1000,"height":1000,"url":"https:\/\/ideiagraficaebrindes.com.br\/wp-content\/uploads\/2025\/04\/01.png","type":"image\/png"}],"twitter_card":"summary_large_image","twitter_misc":{"Est. reading time":"1 minute"},"schema":{"@context":"https:\/\/schema.org","@graph":[{"@type":"WebPage","@id":"https:\/\/ideiagraficaebrindes.com.br\/produto\/etiquetas-patrimoniais-personalizada\/","url":"https:\/\/ideiagraficaebrindes.com.br\/produto\/etiquetas-patrimoniais-personalizada\/","name":"Etiquetas Patrimoniais Personalizada - Ideia Gr\u00e1fica e Brindes","isPartOf":{"@id":"https:\/\/ideiagraficaebrindes.com.br\/#website"},"primaryImageOfPage":{"@id":"https:\/\/ideiagraficaebrindes.com.br\/produto\/etiquetas-patrimoniais-personalizada\/#primaryimage"},"image":{"@id":"https:\/\/ideiagraficaebrindes.com.br\/produto\/etiquetas-patrimoniais-personalizada\/#primaryimage"},"thumbnailUrl":"https:\/\/ideiagraficaebrindes.com.br\/wp-content\/uploads\/2025\/04\/01.png","datePublished":"2025-04-28T19:11:07+00:00","dateModified":"2025-05-02T14:03:11+00:00","description":"Etiquetas patrimoniais de alta qualidade, para ambientes internos, externos e industriais. Produzidas em alum\u00ednio ou a\u00e7o inox. Entrega R\u00e1pida","breadcrumb":{"@id":"https:\/\/ideiagraficaebrindes.com.br\/produto\/etiquetas-patrimoniais-personalizada\/#breadcrumb"},"inLanguage":"en-US","potentialAction":[{"@type":"ReadAction","target":["https:\/\/ideiagraficaebrindes.com.br\/produto\/etiquetas-patrimoniais-personalizada\/"]}]},{"@type":"ImageObject","inLanguage":"en-US","@id":"https:\/\/ideiagraficaebrindes.com.br\/produto\/etiquetas-patrimoniais-personalizada\/#primaryimage","url":"https:\/\/ideiagraficaebrindes.com.br\/wp-content\/uploads\/2025\/04\/01.png","contentUrl":"https:\/\/ideiagraficaebrindes.com.br\/wp-content\/uploads\/2025\/04\/01.png","width":1000,"height":1000},{"@type":"BreadcrumbList","@id":"https:\/\/ideiagraficaebrindes.com.br\/produto\/etiquetas-patrimoniais-personalizada\/#breadcrumb","itemListElement":[{"@type":"ListItem","position":1,"name":"In\u00edcio","item":"https:\/\/ideiagraficaebrindes.com.br\/"},{"@type":"ListItem","position":2,"name":"Loja","item":"https:\/\/ideiagraficaebrindes.com.br\/loja\/"},{"@type":"ListItem","position":3,"name":"Etiquetas Patrimoniais Personalizada"}]},{"@type":"WebSite","@id":"https:\/\/ideiagraficaebrindes.com.br\/#website","url":"https:\/\/ideiagraficaebrindes.com.br\/","name":"Ideia Gr\u00e1fica e Brindes","description":"Brindes Personalizados e Impress\u00e3o em geral","potentialAction":[{"@type":"SearchAction","target":{"@type":"EntryPoint","urlTemplate":"https:\/\/ideiagraficaebrindes.com.br\/?s={search_term_string}"},"query-input":{"@type":"PropertyValueSpecification","valueRequired":true,"valueName":"search_term_string"}}],"inLanguage":"en-US"}]}},"_links":{"self":[{"href":"https:\/\/ideiagraficaebrindes.com.br\/en\/wp-json\/wp\/v2\/product\/9291","targetHints":{"allow":["GET"]}}],"collection":[{"href":"https:\/\/ideiagraficaebrindes.com.br\/en\/wp-json\/wp\/v2\/product"}],"about":[{"href":"https:\/\/ideiagraficaebrindes.com.br\/en\/wp-json\/wp\/v2\/types\/product"}],"replies":[{"embeddable":true,"href":"https:\/\/ideiagraficaebrindes.com.br\/en\/wp-json\/wp\/v2\/comments?post=9291"}],"wp:featuredmedia":[{"embeddable":true,"href":"https:\/\/ideiagraficaebrindes.com.br\/en\/wp-json\/wp\/v2\/media\/9292"}],"wp:attachment":[{"href":"https:\/\/ideiagraficaebrindes.com.br\/en\/wp-json\/wp\/v2\/media?parent=9291"}],"wp:term":[{"taxonomy":"product_brand","embeddable":true,"href":"https:\/\/ideiagraficaebrindes.com.br\/en\/wp-json\/wp\/v2\/product_brand?post=9291"},{"taxonomy":"product_cat","embeddable":true,"href":"https:\/\/ideiagraficaebrindes.com.br\/en\/wp-json\/wp\/v2\/product_cat?post=9291"},{"taxonomy":"product_tag","embeddable":true,"href":"https:\/\/ideiagraficaebrindes.com.br\/en\/wp-json\/wp\/v2\/product_tag?post=9291"}],"curies":[{"name":"wp","href":"https:\/\/api.w.org\/{rel}","templated":true}]}}