{"id":9280,"date":"2025-04-07T12:20:51","date_gmt":"2025-04-07T15:20:51","guid":{"rendered":"https:\/\/ideiagraficaebrindes.com.br\/?post_type=product&#038;p=9280"},"modified":"2025-04-07T12:20:52","modified_gmt":"2025-04-07T15:20:52","slug":"garrafa-termica-350ml-personalizada","status":"publish","type":"product","link":"https:\/\/ideiagraficaebrindes.com.br\/en\/product\/garrafa-termica-350ml-personalizada\/","title":{"rendered":"Garrafa T\u00e9rmica 350ml Personalizada"},"content":{"rendered":"<div class=\"desc\">\n<p class=\"desc-tit\"><span class=\"desc-sub my-desc-sub\">Garrafa t\u00e9rmica 350ml em inox com tampa rosque\u00e1vel e acabamento fosco.<\/span><\/p>\n<\/div>\n<div class=\"desc\">\n<p class=\"desc-tit\"><span style=\"vertical-align: inherit;\"><span style=\"vertical-align: inherit;\">Altura <\/span><\/span><span class=\"desc-sub\"><span style=\"vertical-align: inherit;\"><span style=\"vertical-align: inherit;\">\u00a0: 20,9 cm<\/span><\/span><\/span><\/p>\n<\/div>\n<div class=\"desc\">\n<p class=\"desc-tit\">Largura<span class=\"desc-sub\">\u00a0:\u00a0 6,4 cm<\/span><\/p>\n<\/div>\n<div class=\"desc\">\n<p class=\"desc-tit\">Circunfer\u00eancia<span class=\"desc-sub\">\u00a0:\u00a0 20,2 cm<\/span><\/p>\n<\/div>\n<div class=\"desc\">\n<p class=\"desc-tit\">Medidas aproximadas para grava\u00e7\u00e3o<span class=\"desc-sub\">\u00a0(CxL):\u00a0 10 cm x 2,5 cm<\/span><\/p>\n<\/div>\n<div class=\"desc\">\n<p class=\"desc-tit\"><span style=\"vertical-align: inherit;\"><span style=\"vertical-align: inherit;\">Peso aproximado <\/span><\/span><span class=\"desc-sub\"><span style=\"vertical-align: inherit;\"><span style=\"vertical-align: inherit;\">\u00a0(g): 194<\/span><\/span><\/span><\/p>\n<\/div>","protected":false},"excerpt":{"rendered":"<div class=\"desc\">\n<p class=\"desc-tit\"><span class=\"desc-sub my-desc-sub\"><span style=\"vertical-align: inherit;\"><span style=\"vertical-align: inherit;\">Garrafa t\u00e9rmica 350ml em inox com tampa rosque\u00e1vel e acabamento fosco.<\/span><\/span><\/span><\/p>\n<\/div>\n<div class=\"desc\">\n<p class=\"desc-tit\"><span style=\"vertical-align: inherit;\"><span style=\"vertical-align: inherit;\">Altura <\/span><\/span><span class=\"desc-sub\"><span style=\"vertical-align: inherit;\"><span style=\"vertical-align: inherit;\">\u00a0: 20,9 cm<\/span><\/span><\/span><\/p>\n<\/div>\n<div class=\"desc\">\n<p class=\"desc-tit\"><span style=\"vertical-align: inherit;\"><span style=\"vertical-align: inherit;\">Largura<\/span><\/span><span class=\"desc-sub\"><span style=\"vertical-align: inherit;\"><span style=\"vertical-align: inherit;\">\u00a0:\u00a0 6,4 cm<\/span><\/span><\/span><\/p>\n<\/div>\n<div class=\"desc\">\n<p class=\"desc-tit\"><span style=\"vertical-align: inherit;\"><span style=\"vertical-align: inherit;\">Circunfer\u00eancia<\/span><\/span><span class=\"desc-sub\"><span style=\"vertical-align: inherit;\"><span style=\"vertical-align: inherit;\">\u00a0:\u00a0 20,2 cm<\/span><\/span><\/span><\/p>\n<\/div>\n<div class=\"desc\">\n<p class=\"desc-tit\"><span style=\"vertical-align: inherit;\"><span style=\"vertical-align: inherit;\">Medidas aproximadas para grava\u00e7\u00e3o<\/span><\/span><span class=\"desc-sub\"><span style=\"vertical-align: inherit;\"><span style=\"vertical-align: inherit;\">\u00a0(CxL):\u00a0 10 cm x 2,5 cm<\/span><\/span><\/span><\/p>\n<\/div>\n<div class=\"desc\">\n<p class=\"desc-tit\"><span style=\"vertical-align: inherit;\"><span style=\"vertical-align: inherit;\">Peso aproximado <\/span><\/span><span class=\"desc-sub\"><span style=\"vertical-align: inherit;\"><span style=\"vertical-align: inherit;\">\u00a0(g): 194<\/span><\/span><\/span><\/p>\n<\/div>","protected":false},"featured_media":9282,"comment_status":"open","ping_status":"closed","template":"","meta":{"_monsterinsights_skip_tracking":false,"_monsterinsights_sitenote_active":false,"_monsterinsights_sitenote_note":"","_monsterinsights_sitenote_category":0},"product_brand":[],"product_cat":[219,217,163],"product_tag":[164,338],"class_list":{"0":"post-9280","1":"product","2":"type-product","3":"status-publish","4":"has-post-thumbnail","6":"product_cat-brindes","7":"product_cat-lojinha","8":"product_cat-squeezes-e-garrafas","9":"product_tag-garrafa","10":"product_tag-garrafa-termica","11":"product_shipping_class-nacional","13":"first","14":"instock","15":"sale","16":"shipping-taxable","17":"purchasable","18":"product-type-simple"},"yoast_head":"<!-- This site is optimized with the Yoast SEO plugin v27.4 - https:\/\/yoast.com\/product\/yoast-seo-wordpress\/ -->\n<title>Garrafa T\u00e9rmica 350ml Personalizada - Ideia Gr\u00e1fica e Brindes<\/title>\n<meta name=\"description\" content=\"Garrafa t\u00e9rmica 350ml em inox com tampa rosque\u00e1vel e acabamento fosco. A garrafa mais barata do brasil. Grava\u00e7\u00e3o a laser Gr\u00e1tis\" \/>\n<meta name=\"robots\" content=\"index, follow, max-snippet:-1, max-image-preview:large, max-video-preview:-1\" \/>\n<link rel=\"canonical\" href=\"https:\/\/ideiagraficaebrindes.com.br\/en\/product\/garrafa-termica-350ml-personalizada\/\" \/>\n<meta property=\"og:locale\" content=\"en_US\" \/>\n<meta property=\"og:type\" content=\"article\" \/>\n<meta property=\"og:title\" content=\"Garrafa T\u00e9rmica 350ml Personalizada - Ideia Gr\u00e1fica e Brindes\" \/>\n<meta property=\"og:description\" content=\"Garrafa t\u00e9rmica 350ml em inox com tampa rosque\u00e1vel e acabamento fosco. A garrafa mais barata do brasil. Grava\u00e7\u00e3o a laser Gr\u00e1tis\" \/>\n<meta property=\"og:url\" content=\"https:\/\/ideiagraficaebrindes.com.br\/en\/product\/garrafa-termica-350ml-personalizada\/\" \/>\n<meta property=\"og:site_name\" content=\"Ideia Gr\u00e1fica e Brindes\" \/>\n<meta property=\"article:modified_time\" content=\"2025-04-07T15:20:52+00:00\" \/>\n<meta property=\"og:image\" content=\"https:\/\/ideiagraficaebrindes.com.br\/wp-content\/uploads\/2025\/04\/Garrafa-Inox-350ml-19308d1-1716913349.jpg\" \/>\n\t<meta property=\"og:image:width\" content=\"1000\" \/>\n\t<meta property=\"og:image:height\" content=\"1000\" \/>\n\t<meta property=\"og:image:type\" content=\"image\/jpeg\" \/>\n<meta name=\"twitter:card\" content=\"summary_large_image\" \/>\n<meta name=\"twitter:label1\" content=\"Est. reading time\" \/>\n\t<meta name=\"twitter:data1\" content=\"1 minute\" \/>\n<script type=\"application\/ld+json\" class=\"yoast-schema-graph\">{\"@context\":\"https:\\\/\\\/schema.org\",\"@graph\":[{\"@type\":\"WebPage\",\"@id\":\"https:\\\/\\\/ideiagraficaebrindes.com.br\\\/produto\\\/garrafa-termica-350ml-personalizada\\\/\",\"url\":\"https:\\\/\\\/ideiagraficaebrindes.com.br\\\/produto\\\/garrafa-termica-350ml-personalizada\\\/\",\"name\":\"Garrafa T\u00e9rmica 350ml Personalizada - Ideia Gr\u00e1fica e Brindes\",\"isPartOf\":{\"@id\":\"https:\\\/\\\/ideiagraficaebrindes.com.br\\\/#website\"},\"primaryImageOfPage\":{\"@id\":\"https:\\\/\\\/ideiagraficaebrindes.com.br\\\/produto\\\/garrafa-termica-350ml-personalizada\\\/#primaryimage\"},\"image\":{\"@id\":\"https:\\\/\\\/ideiagraficaebrindes.com.br\\\/produto\\\/garrafa-termica-350ml-personalizada\\\/#primaryimage\"},\"thumbnailUrl\":\"https:\\\/\\\/ideiagraficaebrindes.com.br\\\/wp-content\\\/uploads\\\/2025\\\/04\\\/Garrafa-Inox-350ml-19308d1-1716913349.jpg\",\"datePublished\":\"2025-04-07T15:20:51+00:00\",\"dateModified\":\"2025-04-07T15:20:52+00:00\",\"description\":\"Garrafa t\u00e9rmica 350ml em inox com tampa rosque\u00e1vel e acabamento fosco. A garrafa mais barata do brasil. Grava\u00e7\u00e3o a laser Gr\u00e1tis\",\"breadcrumb\":{\"@id\":\"https:\\\/\\\/ideiagraficaebrindes.com.br\\\/produto\\\/garrafa-termica-350ml-personalizada\\\/#breadcrumb\"},\"inLanguage\":\"en-US\",\"potentialAction\":[{\"@type\":\"ReadAction\",\"target\":[\"https:\\\/\\\/ideiagraficaebrindes.com.br\\\/produto\\\/garrafa-termica-350ml-personalizada\\\/\"]}]},{\"@type\":\"ImageObject\",\"inLanguage\":\"en-US\",\"@id\":\"https:\\\/\\\/ideiagraficaebrindes.com.br\\\/produto\\\/garrafa-termica-350ml-personalizada\\\/#primaryimage\",\"url\":\"https:\\\/\\\/ideiagraficaebrindes.com.br\\\/wp-content\\\/uploads\\\/2025\\\/04\\\/Garrafa-Inox-350ml-19308d1-1716913349.jpg\",\"contentUrl\":\"https:\\\/\\\/ideiagraficaebrindes.com.br\\\/wp-content\\\/uploads\\\/2025\\\/04\\\/Garrafa-Inox-350ml-19308d1-1716913349.jpg\",\"width\":1000,\"height\":1000},{\"@type\":\"BreadcrumbList\",\"@id\":\"https:\\\/\\\/ideiagraficaebrindes.com.br\\\/produto\\\/garrafa-termica-350ml-personalizada\\\/#breadcrumb\",\"itemListElement\":[{\"@type\":\"ListItem\",\"position\":1,\"name\":\"In\u00edcio\",\"item\":\"https:\\\/\\\/ideiagraficaebrindes.com.br\\\/\"},{\"@type\":\"ListItem\",\"position\":2,\"name\":\"Loja\",\"item\":\"https:\\\/\\\/ideiagraficaebrindes.com.br\\\/loja\\\/\"},{\"@type\":\"ListItem\",\"position\":3,\"name\":\"Garrafa T\u00e9rmica 350ml Personalizada\"}]},{\"@type\":\"WebSite\",\"@id\":\"https:\\\/\\\/ideiagraficaebrindes.com.br\\\/#website\",\"url\":\"https:\\\/\\\/ideiagraficaebrindes.com.br\\\/\",\"name\":\"Ideia Gr\u00e1fica e Brindes\",\"description\":\"Brindes Personalizados e Impress\u00e3o em geral\",\"potentialAction\":[{\"@type\":\"SearchAction\",\"target\":{\"@type\":\"EntryPoint\",\"urlTemplate\":\"https:\\\/\\\/ideiagraficaebrindes.com.br\\\/?s={search_term_string}\"},\"query-input\":{\"@type\":\"PropertyValueSpecification\",\"valueRequired\":true,\"valueName\":\"search_term_string\"}}],\"inLanguage\":\"en-US\"}]}<\/script>\n<!-- \/ Yoast SEO plugin. -->","yoast_head_json":{"title":"Garrafa T\u00e9rmica 350ml Personalizada - Ideia Gr\u00e1fica e Brindes","description":"Garrafa t\u00e9rmica 350ml em inox com tampa rosque\u00e1vel e acabamento fosco. A garrafa mais barata do brasil. Grava\u00e7\u00e3o a laser Gr\u00e1tis","robots":{"index":"index","follow":"follow","max-snippet":"max-snippet:-1","max-image-preview":"max-image-preview:large","max-video-preview":"max-video-preview:-1"},"canonical":"https:\/\/ideiagraficaebrindes.com.br\/en\/product\/garrafa-termica-350ml-personalizada\/","og_locale":"en_US","og_type":"article","og_title":"Garrafa T\u00e9rmica 350ml Personalizada - Ideia Gr\u00e1fica e Brindes","og_description":"Garrafa t\u00e9rmica 350ml em inox com tampa rosque\u00e1vel e acabamento fosco. A garrafa mais barata do brasil. Grava\u00e7\u00e3o a laser Gr\u00e1tis","og_url":"https:\/\/ideiagraficaebrindes.com.br\/en\/product\/garrafa-termica-350ml-personalizada\/","og_site_name":"Ideia Gr\u00e1fica e Brindes","article_modified_time":"2025-04-07T15:20:52+00:00","og_image":[{"width":1000,"height":1000,"url":"https:\/\/ideiagraficaebrindes.com.br\/wp-content\/uploads\/2025\/04\/Garrafa-Inox-350ml-19308d1-1716913349.jpg","type":"image\/jpeg"}],"twitter_card":"summary_large_image","twitter_misc":{"Est. reading time":"1 minute"},"schema":{"@context":"https:\/\/schema.org","@graph":[{"@type":"WebPage","@id":"https:\/\/ideiagraficaebrindes.com.br\/produto\/garrafa-termica-350ml-personalizada\/","url":"https:\/\/ideiagraficaebrindes.com.br\/produto\/garrafa-termica-350ml-personalizada\/","name":"Garrafa T\u00e9rmica 350ml Personalizada - Ideia Gr\u00e1fica e Brindes","isPartOf":{"@id":"https:\/\/ideiagraficaebrindes.com.br\/#website"},"primaryImageOfPage":{"@id":"https:\/\/ideiagraficaebrindes.com.br\/produto\/garrafa-termica-350ml-personalizada\/#primaryimage"},"image":{"@id":"https:\/\/ideiagraficaebrindes.com.br\/produto\/garrafa-termica-350ml-personalizada\/#primaryimage"},"thumbnailUrl":"https:\/\/ideiagraficaebrindes.com.br\/wp-content\/uploads\/2025\/04\/Garrafa-Inox-350ml-19308d1-1716913349.jpg","datePublished":"2025-04-07T15:20:51+00:00","dateModified":"2025-04-07T15:20:52+00:00","description":"Garrafa t\u00e9rmica 350ml em inox com tampa rosque\u00e1vel e acabamento fosco. A garrafa mais barata do brasil. Grava\u00e7\u00e3o a laser Gr\u00e1tis","breadcrumb":{"@id":"https:\/\/ideiagraficaebrindes.com.br\/produto\/garrafa-termica-350ml-personalizada\/#breadcrumb"},"inLanguage":"en-US","potentialAction":[{"@type":"ReadAction","target":["https:\/\/ideiagraficaebrindes.com.br\/produto\/garrafa-termica-350ml-personalizada\/"]}]},{"@type":"ImageObject","inLanguage":"en-US","@id":"https:\/\/ideiagraficaebrindes.com.br\/produto\/garrafa-termica-350ml-personalizada\/#primaryimage","url":"https:\/\/ideiagraficaebrindes.com.br\/wp-content\/uploads\/2025\/04\/Garrafa-Inox-350ml-19308d1-1716913349.jpg","contentUrl":"https:\/\/ideiagraficaebrindes.com.br\/wp-content\/uploads\/2025\/04\/Garrafa-Inox-350ml-19308d1-1716913349.jpg","width":1000,"height":1000},{"@type":"BreadcrumbList","@id":"https:\/\/ideiagraficaebrindes.com.br\/produto\/garrafa-termica-350ml-personalizada\/#breadcrumb","itemListElement":[{"@type":"ListItem","position":1,"name":"In\u00edcio","item":"https:\/\/ideiagraficaebrindes.com.br\/"},{"@type":"ListItem","position":2,"name":"Loja","item":"https:\/\/ideiagraficaebrindes.com.br\/loja\/"},{"@type":"ListItem","position":3,"name":"Garrafa T\u00e9rmica 350ml Personalizada"}]},{"@type":"WebSite","@id":"https:\/\/ideiagraficaebrindes.com.br\/#website","url":"https:\/\/ideiagraficaebrindes.com.br\/","name":"Ideia Gr\u00e1fica e Brindes","description":"Brindes Personalizados e Impress\u00e3o em geral","potentialAction":[{"@type":"SearchAction","target":{"@type":"EntryPoint","urlTemplate":"https:\/\/ideiagraficaebrindes.com.br\/?s={search_term_string}"},"query-input":{"@type":"PropertyValueSpecification","valueRequired":true,"valueName":"search_term_string"}}],"inLanguage":"en-US"}]}},"_links":{"self":[{"href":"https:\/\/ideiagraficaebrindes.com.br\/en\/wp-json\/wp\/v2\/product\/9280","targetHints":{"allow":["GET"]}}],"collection":[{"href":"https:\/\/ideiagraficaebrindes.com.br\/en\/wp-json\/wp\/v2\/product"}],"about":[{"href":"https:\/\/ideiagraficaebrindes.com.br\/en\/wp-json\/wp\/v2\/types\/product"}],"replies":[{"embeddable":true,"href":"https:\/\/ideiagraficaebrindes.com.br\/en\/wp-json\/wp\/v2\/comments?post=9280"}],"wp:featuredmedia":[{"embeddable":true,"href":"https:\/\/ideiagraficaebrindes.com.br\/en\/wp-json\/wp\/v2\/media\/9282"}],"wp:attachment":[{"href":"https:\/\/ideiagraficaebrindes.com.br\/en\/wp-json\/wp\/v2\/media?parent=9280"}],"wp:term":[{"taxonomy":"product_brand","embeddable":true,"href":"https:\/\/ideiagraficaebrindes.com.br\/en\/wp-json\/wp\/v2\/product_brand?post=9280"},{"taxonomy":"product_cat","embeddable":true,"href":"https:\/\/ideiagraficaebrindes.com.br\/en\/wp-json\/wp\/v2\/product_cat?post=9280"},{"taxonomy":"product_tag","embeddable":true,"href":"https:\/\/ideiagraficaebrindes.com.br\/en\/wp-json\/wp\/v2\/product_tag?post=9280"}],"curies":[{"name":"wp","href":"https:\/\/api.w.org\/{rel}","templated":true}]}}