{"id":9198,"date":"2025-01-15T11:24:29","date_gmt":"2025-01-15T14:24:29","guid":{"rendered":"https:\/\/ideiagraficaebrindes.com.br\/?post_type=product&#038;p=9198"},"modified":"2025-01-15T11:24:29","modified_gmt":"2025-01-15T14:24:29","slug":"garrafa-termica-de-570ml-personalizado","status":"publish","type":"product","link":"https:\/\/ideiagraficaebrindes.com.br\/en\/product\/garrafa-termica-de-570ml-personalizado\/","title":{"rendered":"Garrafa T\u00e9rmica de 570ml Personalizado"},"content":{"rendered":"<p>Garrafa t\u00e9rmica em a\u00e7o inox com parede dupla com capacidade de at\u00e9 570 ml.<br \/>\nTampa rosque\u00e1vel, al\u00e7a\u00a0em pl\u00e1stico\u00a0e anel de silicone para veda\u00e7\u00e3o. Design com frisos na tampa e pintura p\u00f3.<\/p>","protected":false},"excerpt":{"rendered":"<p>Garrafa t\u00e9rmica em a\u00e7o inox com parede dupla com capacidade de at\u00e9 570 ml.<br \/>\nTampa rosque\u00e1vel, al\u00e7a\u00a0em pl\u00e1stico\u00a0e anel de silicone para veda\u00e7\u00e3o. Design com frisos na tampa e pintura p\u00f3.<\/p>","protected":false},"featured_media":9208,"comment_status":"open","ping_status":"closed","template":"","meta":{"_monsterinsights_skip_tracking":false,"_monsterinsights_sitenote_active":false,"_monsterinsights_sitenote_note":"","_monsterinsights_sitenote_category":0},"product_brand":[],"product_cat":[219,163],"product_tag":[338],"class_list":{"0":"post-9198","1":"product","2":"type-product","3":"status-publish","4":"has-post-thumbnail","6":"product_cat-brindes","7":"product_cat-squeezes-e-garrafas","8":"product_tag-garrafa-termica","10":"first","11":"instock","12":"shipping-taxable","13":"product-type-simple"},"yoast_head":"<!-- This site is optimized with the Yoast SEO plugin v27.4 - https:\/\/yoast.com\/product\/yoast-seo-wordpress\/ -->\n<title>Garrafa T\u00e9rmica de 570ml Personalizado - Ideia Gr\u00e1fica e Brindes<\/title>\n<meta name=\"description\" content=\"Garrafa t\u00e9rmica em a\u00e7o inox com parede dupla com capacidade de at\u00e9 570 ml.Tampa rosque\u00e1vel, al\u00e7a\u00a0em pl\u00e1stico\u00a0e anel de silicone para veda\u00e7\u00e3o.\" \/>\n<meta name=\"robots\" content=\"index, follow, max-snippet:-1, max-image-preview:large, max-video-preview:-1\" \/>\n<link rel=\"canonical\" href=\"https:\/\/ideiagraficaebrindes.com.br\/en\/product\/garrafa-termica-de-570ml-personalizado\/\" \/>\n<meta property=\"og:locale\" content=\"en_US\" \/>\n<meta property=\"og:type\" content=\"article\" \/>\n<meta property=\"og:title\" content=\"Garrafa T\u00e9rmica de 570ml Personalizado - Ideia Gr\u00e1fica e Brindes\" \/>\n<meta property=\"og:description\" content=\"Garrafa t\u00e9rmica em a\u00e7o inox com parede dupla com capacidade de at\u00e9 570 ml.Tampa rosque\u00e1vel, al\u00e7a\u00a0em pl\u00e1stico\u00a0e anel de silicone para veda\u00e7\u00e3o.\" \/>\n<meta property=\"og:url\" content=\"https:\/\/ideiagraficaebrindes.com.br\/en\/product\/garrafa-termica-de-570ml-personalizado\/\" \/>\n<meta property=\"og:site_name\" content=\"Ideia Gr\u00e1fica e Brindes\" \/>\n<meta property=\"og:image\" content=\"https:\/\/ideiagraficaebrindes.com.br\/wp-content\/uploads\/2025\/01\/garrafa-termica-de-570ml-d4bf4774f8a027ce76961f0bc127d95cf01c27f4.jpg\" \/>\n\t<meta property=\"og:image:width\" content=\"1000\" \/>\n\t<meta property=\"og:image:height\" content=\"1000\" \/>\n\t<meta property=\"og:image:type\" content=\"image\/jpeg\" \/>\n<meta name=\"twitter:card\" content=\"summary_large_image\" \/>\n<meta name=\"twitter:label1\" content=\"Est. reading time\" \/>\n\t<meta name=\"twitter:data1\" content=\"1 minute\" \/>\n<script type=\"application\/ld+json\" class=\"yoast-schema-graph\">{\"@context\":\"https:\\\/\\\/schema.org\",\"@graph\":[{\"@type\":\"WebPage\",\"@id\":\"https:\\\/\\\/ideiagraficaebrindes.com.br\\\/produto\\\/garrafa-termica-de-570ml-personalizado\\\/\",\"url\":\"https:\\\/\\\/ideiagraficaebrindes.com.br\\\/produto\\\/garrafa-termica-de-570ml-personalizado\\\/\",\"name\":\"Garrafa T\u00e9rmica de 570ml Personalizado - Ideia Gr\u00e1fica e Brindes\",\"isPartOf\":{\"@id\":\"https:\\\/\\\/ideiagraficaebrindes.com.br\\\/#website\"},\"primaryImageOfPage\":{\"@id\":\"https:\\\/\\\/ideiagraficaebrindes.com.br\\\/produto\\\/garrafa-termica-de-570ml-personalizado\\\/#primaryimage\"},\"image\":{\"@id\":\"https:\\\/\\\/ideiagraficaebrindes.com.br\\\/produto\\\/garrafa-termica-de-570ml-personalizado\\\/#primaryimage\"},\"thumbnailUrl\":\"https:\\\/\\\/ideiagraficaebrindes.com.br\\\/wp-content\\\/uploads\\\/2025\\\/01\\\/garrafa-termica-de-570ml-d4bf4774f8a027ce76961f0bc127d95cf01c27f4.jpg\",\"datePublished\":\"2025-01-15T14:24:29+00:00\",\"description\":\"Garrafa t\u00e9rmica em a\u00e7o inox com parede dupla com capacidade de at\u00e9 570 ml.Tampa rosque\u00e1vel, al\u00e7a\u00a0em pl\u00e1stico\u00a0e anel de silicone para veda\u00e7\u00e3o.\",\"breadcrumb\":{\"@id\":\"https:\\\/\\\/ideiagraficaebrindes.com.br\\\/produto\\\/garrafa-termica-de-570ml-personalizado\\\/#breadcrumb\"},\"inLanguage\":\"en-US\",\"potentialAction\":[{\"@type\":\"ReadAction\",\"target\":[\"https:\\\/\\\/ideiagraficaebrindes.com.br\\\/produto\\\/garrafa-termica-de-570ml-personalizado\\\/\"]}]},{\"@type\":\"ImageObject\",\"inLanguage\":\"en-US\",\"@id\":\"https:\\\/\\\/ideiagraficaebrindes.com.br\\\/produto\\\/garrafa-termica-de-570ml-personalizado\\\/#primaryimage\",\"url\":\"https:\\\/\\\/ideiagraficaebrindes.com.br\\\/wp-content\\\/uploads\\\/2025\\\/01\\\/garrafa-termica-de-570ml-d4bf4774f8a027ce76961f0bc127d95cf01c27f4.jpg\",\"contentUrl\":\"https:\\\/\\\/ideiagraficaebrindes.com.br\\\/wp-content\\\/uploads\\\/2025\\\/01\\\/garrafa-termica-de-570ml-d4bf4774f8a027ce76961f0bc127d95cf01c27f4.jpg\",\"width\":1000,\"height\":1000},{\"@type\":\"BreadcrumbList\",\"@id\":\"https:\\\/\\\/ideiagraficaebrindes.com.br\\\/produto\\\/garrafa-termica-de-570ml-personalizado\\\/#breadcrumb\",\"itemListElement\":[{\"@type\":\"ListItem\",\"position\":1,\"name\":\"In\u00edcio\",\"item\":\"https:\\\/\\\/ideiagraficaebrindes.com.br\\\/\"},{\"@type\":\"ListItem\",\"position\":2,\"name\":\"Loja\",\"item\":\"https:\\\/\\\/ideiagraficaebrindes.com.br\\\/loja\\\/\"},{\"@type\":\"ListItem\",\"position\":3,\"name\":\"Garrafa T\u00e9rmica de 570ml Personalizado\"}]},{\"@type\":\"WebSite\",\"@id\":\"https:\\\/\\\/ideiagraficaebrindes.com.br\\\/#website\",\"url\":\"https:\\\/\\\/ideiagraficaebrindes.com.br\\\/\",\"name\":\"Ideia Gr\u00e1fica e Brindes\",\"description\":\"Brindes Personalizados e Impress\u00e3o em geral\",\"potentialAction\":[{\"@type\":\"SearchAction\",\"target\":{\"@type\":\"EntryPoint\",\"urlTemplate\":\"https:\\\/\\\/ideiagraficaebrindes.com.br\\\/?s={search_term_string}\"},\"query-input\":{\"@type\":\"PropertyValueSpecification\",\"valueRequired\":true,\"valueName\":\"search_term_string\"}}],\"inLanguage\":\"en-US\"}]}<\/script>\n<!-- \/ Yoast SEO plugin. -->","yoast_head_json":{"title":"Garrafa T\u00e9rmica de 570ml Personalizado - Ideia Gr\u00e1fica e Brindes","description":"Garrafa t\u00e9rmica em a\u00e7o inox com parede dupla com capacidade de at\u00e9 570 ml.Tampa rosque\u00e1vel, al\u00e7a\u00a0em pl\u00e1stico\u00a0e anel de silicone para veda\u00e7\u00e3o.","robots":{"index":"index","follow":"follow","max-snippet":"max-snippet:-1","max-image-preview":"max-image-preview:large","max-video-preview":"max-video-preview:-1"},"canonical":"https:\/\/ideiagraficaebrindes.com.br\/en\/product\/garrafa-termica-de-570ml-personalizado\/","og_locale":"en_US","og_type":"article","og_title":"Garrafa T\u00e9rmica de 570ml Personalizado - Ideia Gr\u00e1fica e Brindes","og_description":"Garrafa t\u00e9rmica em a\u00e7o inox com parede dupla com capacidade de at\u00e9 570 ml.Tampa rosque\u00e1vel, al\u00e7a\u00a0em pl\u00e1stico\u00a0e anel de silicone para veda\u00e7\u00e3o.","og_url":"https:\/\/ideiagraficaebrindes.com.br\/en\/product\/garrafa-termica-de-570ml-personalizado\/","og_site_name":"Ideia Gr\u00e1fica e Brindes","og_image":[{"width":1000,"height":1000,"url":"https:\/\/ideiagraficaebrindes.com.br\/wp-content\/uploads\/2025\/01\/garrafa-termica-de-570ml-d4bf4774f8a027ce76961f0bc127d95cf01c27f4.jpg","type":"image\/jpeg"}],"twitter_card":"summary_large_image","twitter_misc":{"Est. reading time":"1 minute"},"schema":{"@context":"https:\/\/schema.org","@graph":[{"@type":"WebPage","@id":"https:\/\/ideiagraficaebrindes.com.br\/produto\/garrafa-termica-de-570ml-personalizado\/","url":"https:\/\/ideiagraficaebrindes.com.br\/produto\/garrafa-termica-de-570ml-personalizado\/","name":"Garrafa T\u00e9rmica de 570ml Personalizado - Ideia Gr\u00e1fica e Brindes","isPartOf":{"@id":"https:\/\/ideiagraficaebrindes.com.br\/#website"},"primaryImageOfPage":{"@id":"https:\/\/ideiagraficaebrindes.com.br\/produto\/garrafa-termica-de-570ml-personalizado\/#primaryimage"},"image":{"@id":"https:\/\/ideiagraficaebrindes.com.br\/produto\/garrafa-termica-de-570ml-personalizado\/#primaryimage"},"thumbnailUrl":"https:\/\/ideiagraficaebrindes.com.br\/wp-content\/uploads\/2025\/01\/garrafa-termica-de-570ml-d4bf4774f8a027ce76961f0bc127d95cf01c27f4.jpg","datePublished":"2025-01-15T14:24:29+00:00","description":"Garrafa t\u00e9rmica em a\u00e7o inox com parede dupla com capacidade de at\u00e9 570 ml.Tampa rosque\u00e1vel, al\u00e7a\u00a0em pl\u00e1stico\u00a0e anel de silicone para veda\u00e7\u00e3o.","breadcrumb":{"@id":"https:\/\/ideiagraficaebrindes.com.br\/produto\/garrafa-termica-de-570ml-personalizado\/#breadcrumb"},"inLanguage":"en-US","potentialAction":[{"@type":"ReadAction","target":["https:\/\/ideiagraficaebrindes.com.br\/produto\/garrafa-termica-de-570ml-personalizado\/"]}]},{"@type":"ImageObject","inLanguage":"en-US","@id":"https:\/\/ideiagraficaebrindes.com.br\/produto\/garrafa-termica-de-570ml-personalizado\/#primaryimage","url":"https:\/\/ideiagraficaebrindes.com.br\/wp-content\/uploads\/2025\/01\/garrafa-termica-de-570ml-d4bf4774f8a027ce76961f0bc127d95cf01c27f4.jpg","contentUrl":"https:\/\/ideiagraficaebrindes.com.br\/wp-content\/uploads\/2025\/01\/garrafa-termica-de-570ml-d4bf4774f8a027ce76961f0bc127d95cf01c27f4.jpg","width":1000,"height":1000},{"@type":"BreadcrumbList","@id":"https:\/\/ideiagraficaebrindes.com.br\/produto\/garrafa-termica-de-570ml-personalizado\/#breadcrumb","itemListElement":[{"@type":"ListItem","position":1,"name":"In\u00edcio","item":"https:\/\/ideiagraficaebrindes.com.br\/"},{"@type":"ListItem","position":2,"name":"Loja","item":"https:\/\/ideiagraficaebrindes.com.br\/loja\/"},{"@type":"ListItem","position":3,"name":"Garrafa T\u00e9rmica de 570ml Personalizado"}]},{"@type":"WebSite","@id":"https:\/\/ideiagraficaebrindes.com.br\/#website","url":"https:\/\/ideiagraficaebrindes.com.br\/","name":"Ideia Gr\u00e1fica e Brindes","description":"Brindes Personalizados e Impress\u00e3o em geral","potentialAction":[{"@type":"SearchAction","target":{"@type":"EntryPoint","urlTemplate":"https:\/\/ideiagraficaebrindes.com.br\/?s={search_term_string}"},"query-input":{"@type":"PropertyValueSpecification","valueRequired":true,"valueName":"search_term_string"}}],"inLanguage":"en-US"}]}},"_links":{"self":[{"href":"https:\/\/ideiagraficaebrindes.com.br\/en\/wp-json\/wp\/v2\/product\/9198","targetHints":{"allow":["GET"]}}],"collection":[{"href":"https:\/\/ideiagraficaebrindes.com.br\/en\/wp-json\/wp\/v2\/product"}],"about":[{"href":"https:\/\/ideiagraficaebrindes.com.br\/en\/wp-json\/wp\/v2\/types\/product"}],"replies":[{"embeddable":true,"href":"https:\/\/ideiagraficaebrindes.com.br\/en\/wp-json\/wp\/v2\/comments?post=9198"}],"wp:featuredmedia":[{"embeddable":true,"href":"https:\/\/ideiagraficaebrindes.com.br\/en\/wp-json\/wp\/v2\/media\/9208"}],"wp:attachment":[{"href":"https:\/\/ideiagraficaebrindes.com.br\/en\/wp-json\/wp\/v2\/media?parent=9198"}],"wp:term":[{"taxonomy":"product_brand","embeddable":true,"href":"https:\/\/ideiagraficaebrindes.com.br\/en\/wp-json\/wp\/v2\/product_brand?post=9198"},{"taxonomy":"product_cat","embeddable":true,"href":"https:\/\/ideiagraficaebrindes.com.br\/en\/wp-json\/wp\/v2\/product_cat?post=9198"},{"taxonomy":"product_tag","embeddable":true,"href":"https:\/\/ideiagraficaebrindes.com.br\/en\/wp-json\/wp\/v2\/product_tag?post=9198"}],"curies":[{"name":"wp","href":"https:\/\/api.w.org\/{rel}","templated":true}]}}