{"id":9154,"date":"2024-10-09T14:23:00","date_gmt":"2024-10-09T17:23:00","guid":{"rendered":"https:\/\/ideiagraficaebrindes.com.br\/?post_type=product&#038;p=9154"},"modified":"2024-10-09T14:23:01","modified_gmt":"2024-10-09T17:23:01","slug":"kit-churrasco-cerveja-e-truco-10-pcs-c-jogo-de-baralho","status":"publish","type":"product","link":"https:\/\/ideiagraficaebrindes.com.br\/en\/product\/kit-churrasco-cerveja-e-truco-10-pcs-c-jogo-de-baralho\/","title":{"rendered":"Kit Churrasco, Cerveja E Truco &#8211; 10 P\u00e7s &#8211; C\/ Jogo De Baralho"},"content":{"rendered":"<p>Kit para Churrasco\/Cerveja\/Truco. Composto por t\u00e1bua com tr\u00eas furos em Bambu; garfo em Bambu\/Inox; faca 8&#8243; em Madeira\/Inox; quatro copos de cerveja em vidro; bloco de anota\u00e7\u00e3o; caneta esferogr\u00e1fica e jogo de cartas. T\u00e1bua confeccionada com tripla camada invertida, para dar maior durabilidade e n\u00e3o deformar com o passar do tempo.<\/p>\n<p>&nbsp;<\/p>\n<div class=\"row\"><strong class=\"label\">Dimens\u00f5es do Produto<\/strong>T\u00e1bua: 37&#215;22,5&#215;1,2cm<\/div>\n<div class=\"row\"><strong class=\"label\">Sugest\u00e3o de Personaliza\u00e7\u00e3o<\/strong>Uma grava\u00e7\u00e3o a Laser nos copos, na t\u00e1bua, na l\u00e2mina da faca e na tampa da caixa.<\/div>\n<div class=\"row\"><strong class=\"label\">Embalagem<\/strong>Caixa com tampa branca 460x410x130 mm (AxLxP)<\/div>","protected":false},"excerpt":{"rendered":"<p>Kit para Churrasco\/Cerveja\/Truco. Composto por t\u00e1bua com tr\u00eas furos em Bambu; garfo em Bambu\/Inox; faca 8&#8243; em Madeira\/Inox; quatro copos de cerveja em vidro; bloco de anota\u00e7\u00e3o; caneta esferogr\u00e1fica e jogo de cartas. T\u00e1bua confeccionada com tripla camada invertida, para dar maior durabilidade e n\u00e3o deformar com o passar do tempo.<\/p>\n<p>&nbsp;<\/p>\n<div class=\"row\"><strong class=\"label\">Dimens\u00f5es do Produto<\/strong>T\u00e1bua: 37&#215;22,5&#215;1,2cm<\/div>\n<div class=\"row\"><strong class=\"label\">Sugest\u00e3o de Personaliza\u00e7\u00e3o<\/strong>Uma grava\u00e7\u00e3o a Laser nos copos, na t\u00e1bua, na l\u00e2mina da faca e na tampa da caixa.<\/div>\n<div class=\"row\"><strong class=\"label\">Embalagem<\/strong>Caixa com tampa branca 460x410x130 mm (AxLxP)<\/div>","protected":false},"featured_media":9155,"comment_status":"open","ping_status":"closed","template":"","meta":{"_monsterinsights_skip_tracking":false,"_monsterinsights_sitenote_active":false,"_monsterinsights_sitenote_note":"","_monsterinsights_sitenote_category":0},"product_brand":[],"product_cat":[453,219],"product_tag":[],"class_list":{"0":"post-9154","1":"product","2":"type-product","3":"status-publish","4":"has-post-thumbnail","6":"product_cat-fim-de-ano","7":"product_cat-brindes","9":"first","10":"instock","11":"shipping-taxable","12":"product-type-simple"},"yoast_head":"<!-- This site is optimized with the Yoast SEO plugin v27.4 - https:\/\/yoast.com\/product\/yoast-seo-wordpress\/ -->\n<title>Kit Churrasco, Cerveja E Truco - 10 P\u00e7s - C\/ Jogo De Baralho - Ideia Gr\u00e1fica e Brindes<\/title>\n<meta name=\"description\" content=\"Brindes Final de Ano \u2014 Mais de 1.000 op\u00e7\u00f5es de brindes para entregar para colaboradores, clientes e parceiros. Especialistas em Presentes Corporativos\" \/>\n<meta name=\"robots\" content=\"index, follow, max-snippet:-1, max-image-preview:large, max-video-preview:-1\" \/>\n<link rel=\"canonical\" href=\"https:\/\/ideiagraficaebrindes.com.br\/en\/product\/kit-churrasco-cerveja-e-truco-10-pcs-c-jogo-de-baralho\/\" \/>\n<meta property=\"og:locale\" content=\"en_US\" \/>\n<meta property=\"og:type\" content=\"article\" \/>\n<meta property=\"og:title\" content=\"Kit Churrasco, Cerveja E Truco - 10 P\u00e7s - C\/ Jogo De Baralho - Ideia Gr\u00e1fica e Brindes\" \/>\n<meta property=\"og:description\" content=\"Brindes Final de Ano \u2014 Mais de 1.000 op\u00e7\u00f5es de brindes para entregar para colaboradores, clientes e parceiros. Especialistas em Presentes Corporativos\" \/>\n<meta property=\"og:url\" content=\"https:\/\/ideiagraficaebrindes.com.br\/en\/product\/kit-churrasco-cerveja-e-truco-10-pcs-c-jogo-de-baralho\/\" \/>\n<meta property=\"og:site_name\" content=\"Ideia Gr\u00e1fica e Brindes\" \/>\n<meta property=\"article:modified_time\" content=\"2024-10-09T17:23:01+00:00\" \/>\n<meta property=\"og:image\" content=\"https:\/\/ideiagraficaebrindes.com.br\/wp-content\/uploads\/2024\/10\/Kit-cerveja-churrasco-personalizado.png\" \/>\n\t<meta property=\"og:image:width\" content=\"1519\" \/>\n\t<meta property=\"og:image:height\" content=\"1519\" \/>\n\t<meta property=\"og:image:type\" content=\"image\/png\" \/>\n<meta name=\"twitter:card\" content=\"summary_large_image\" \/>\n<meta name=\"twitter:label1\" content=\"Est. reading time\" \/>\n\t<meta name=\"twitter:data1\" content=\"1 minute\" \/>\n<script type=\"application\/ld+json\" class=\"yoast-schema-graph\">{\"@context\":\"https:\\\/\\\/schema.org\",\"@graph\":[{\"@type\":\"WebPage\",\"@id\":\"https:\\\/\\\/ideiagraficaebrindes.com.br\\\/produto\\\/kit-churrasco-cerveja-e-truco-10-pcs-c-jogo-de-baralho\\\/\",\"url\":\"https:\\\/\\\/ideiagraficaebrindes.com.br\\\/produto\\\/kit-churrasco-cerveja-e-truco-10-pcs-c-jogo-de-baralho\\\/\",\"name\":\"Kit Churrasco, Cerveja E Truco - 10 P\u00e7s - C\\\/ Jogo De Baralho - Ideia Gr\u00e1fica e Brindes\",\"isPartOf\":{\"@id\":\"https:\\\/\\\/ideiagraficaebrindes.com.br\\\/#website\"},\"primaryImageOfPage\":{\"@id\":\"https:\\\/\\\/ideiagraficaebrindes.com.br\\\/produto\\\/kit-churrasco-cerveja-e-truco-10-pcs-c-jogo-de-baralho\\\/#primaryimage\"},\"image\":{\"@id\":\"https:\\\/\\\/ideiagraficaebrindes.com.br\\\/produto\\\/kit-churrasco-cerveja-e-truco-10-pcs-c-jogo-de-baralho\\\/#primaryimage\"},\"thumbnailUrl\":\"https:\\\/\\\/ideiagraficaebrindes.com.br\\\/wp-content\\\/uploads\\\/2024\\\/10\\\/Kit-cerveja-churrasco-personalizado.png\",\"datePublished\":\"2024-10-09T17:23:00+00:00\",\"dateModified\":\"2024-10-09T17:23:01+00:00\",\"description\":\"Brindes Final de Ano \u2014 Mais de 1.000 op\u00e7\u00f5es de brindes para entregar para colaboradores, clientes e parceiros. Especialistas em Presentes Corporativos\",\"breadcrumb\":{\"@id\":\"https:\\\/\\\/ideiagraficaebrindes.com.br\\\/produto\\\/kit-churrasco-cerveja-e-truco-10-pcs-c-jogo-de-baralho\\\/#breadcrumb\"},\"inLanguage\":\"en-US\",\"potentialAction\":[{\"@type\":\"ReadAction\",\"target\":[\"https:\\\/\\\/ideiagraficaebrindes.com.br\\\/produto\\\/kit-churrasco-cerveja-e-truco-10-pcs-c-jogo-de-baralho\\\/\"]}]},{\"@type\":\"ImageObject\",\"inLanguage\":\"en-US\",\"@id\":\"https:\\\/\\\/ideiagraficaebrindes.com.br\\\/produto\\\/kit-churrasco-cerveja-e-truco-10-pcs-c-jogo-de-baralho\\\/#primaryimage\",\"url\":\"https:\\\/\\\/ideiagraficaebrindes.com.br\\\/wp-content\\\/uploads\\\/2024\\\/10\\\/Kit-cerveja-churrasco-personalizado.png\",\"contentUrl\":\"https:\\\/\\\/ideiagraficaebrindes.com.br\\\/wp-content\\\/uploads\\\/2024\\\/10\\\/Kit-cerveja-churrasco-personalizado.png\",\"width\":1519,\"height\":1519},{\"@type\":\"BreadcrumbList\",\"@id\":\"https:\\\/\\\/ideiagraficaebrindes.com.br\\\/produto\\\/kit-churrasco-cerveja-e-truco-10-pcs-c-jogo-de-baralho\\\/#breadcrumb\",\"itemListElement\":[{\"@type\":\"ListItem\",\"position\":1,\"name\":\"In\u00edcio\",\"item\":\"https:\\\/\\\/ideiagraficaebrindes.com.br\\\/\"},{\"@type\":\"ListItem\",\"position\":2,\"name\":\"Loja\",\"item\":\"https:\\\/\\\/ideiagraficaebrindes.com.br\\\/loja\\\/\"},{\"@type\":\"ListItem\",\"position\":3,\"name\":\"Kit Churrasco, Cerveja E Truco &#8211; 10 P\u00e7s &#8211; C\\\/ Jogo De Baralho\"}]},{\"@type\":\"WebSite\",\"@id\":\"https:\\\/\\\/ideiagraficaebrindes.com.br\\\/#website\",\"url\":\"https:\\\/\\\/ideiagraficaebrindes.com.br\\\/\",\"name\":\"Ideia Gr\u00e1fica e Brindes\",\"description\":\"Brindes Personalizados e Impress\u00e3o em geral\",\"potentialAction\":[{\"@type\":\"SearchAction\",\"target\":{\"@type\":\"EntryPoint\",\"urlTemplate\":\"https:\\\/\\\/ideiagraficaebrindes.com.br\\\/?s={search_term_string}\"},\"query-input\":{\"@type\":\"PropertyValueSpecification\",\"valueRequired\":true,\"valueName\":\"search_term_string\"}}],\"inLanguage\":\"en-US\"}]}<\/script>\n<!-- \/ Yoast SEO plugin. -->","yoast_head_json":{"title":"Kit Churrasco, Cerveja E Truco - 10 P\u00e7s - C\/ Jogo De Baralho - Ideia Gr\u00e1fica e Brindes","description":"Brindes Final de Ano \u2014 Mais de 1.000 op\u00e7\u00f5es de brindes para entregar para colaboradores, clientes e parceiros. Especialistas em Presentes Corporativos","robots":{"index":"index","follow":"follow","max-snippet":"max-snippet:-1","max-image-preview":"max-image-preview:large","max-video-preview":"max-video-preview:-1"},"canonical":"https:\/\/ideiagraficaebrindes.com.br\/en\/product\/kit-churrasco-cerveja-e-truco-10-pcs-c-jogo-de-baralho\/","og_locale":"en_US","og_type":"article","og_title":"Kit Churrasco, Cerveja E Truco - 10 P\u00e7s - C\/ Jogo De Baralho - Ideia Gr\u00e1fica e Brindes","og_description":"Brindes Final de Ano \u2014 Mais de 1.000 op\u00e7\u00f5es de brindes para entregar para colaboradores, clientes e parceiros. Especialistas em Presentes Corporativos","og_url":"https:\/\/ideiagraficaebrindes.com.br\/en\/product\/kit-churrasco-cerveja-e-truco-10-pcs-c-jogo-de-baralho\/","og_site_name":"Ideia Gr\u00e1fica e Brindes","article_modified_time":"2024-10-09T17:23:01+00:00","og_image":[{"width":1519,"height":1519,"url":"https:\/\/ideiagraficaebrindes.com.br\/wp-content\/uploads\/2024\/10\/Kit-cerveja-churrasco-personalizado.png","type":"image\/png"}],"twitter_card":"summary_large_image","twitter_misc":{"Est. reading time":"1 minute"},"schema":{"@context":"https:\/\/schema.org","@graph":[{"@type":"WebPage","@id":"https:\/\/ideiagraficaebrindes.com.br\/produto\/kit-churrasco-cerveja-e-truco-10-pcs-c-jogo-de-baralho\/","url":"https:\/\/ideiagraficaebrindes.com.br\/produto\/kit-churrasco-cerveja-e-truco-10-pcs-c-jogo-de-baralho\/","name":"Kit Churrasco, Cerveja E Truco - 10 P\u00e7s - C\/ Jogo De Baralho - Ideia Gr\u00e1fica e Brindes","isPartOf":{"@id":"https:\/\/ideiagraficaebrindes.com.br\/#website"},"primaryImageOfPage":{"@id":"https:\/\/ideiagraficaebrindes.com.br\/produto\/kit-churrasco-cerveja-e-truco-10-pcs-c-jogo-de-baralho\/#primaryimage"},"image":{"@id":"https:\/\/ideiagraficaebrindes.com.br\/produto\/kit-churrasco-cerveja-e-truco-10-pcs-c-jogo-de-baralho\/#primaryimage"},"thumbnailUrl":"https:\/\/ideiagraficaebrindes.com.br\/wp-content\/uploads\/2024\/10\/Kit-cerveja-churrasco-personalizado.png","datePublished":"2024-10-09T17:23:00+00:00","dateModified":"2024-10-09T17:23:01+00:00","description":"Brindes Final de Ano \u2014 Mais de 1.000 op\u00e7\u00f5es de brindes para entregar para colaboradores, clientes e parceiros. Especialistas em Presentes Corporativos","breadcrumb":{"@id":"https:\/\/ideiagraficaebrindes.com.br\/produto\/kit-churrasco-cerveja-e-truco-10-pcs-c-jogo-de-baralho\/#breadcrumb"},"inLanguage":"en-US","potentialAction":[{"@type":"ReadAction","target":["https:\/\/ideiagraficaebrindes.com.br\/produto\/kit-churrasco-cerveja-e-truco-10-pcs-c-jogo-de-baralho\/"]}]},{"@type":"ImageObject","inLanguage":"en-US","@id":"https:\/\/ideiagraficaebrindes.com.br\/produto\/kit-churrasco-cerveja-e-truco-10-pcs-c-jogo-de-baralho\/#primaryimage","url":"https:\/\/ideiagraficaebrindes.com.br\/wp-content\/uploads\/2024\/10\/Kit-cerveja-churrasco-personalizado.png","contentUrl":"https:\/\/ideiagraficaebrindes.com.br\/wp-content\/uploads\/2024\/10\/Kit-cerveja-churrasco-personalizado.png","width":1519,"height":1519},{"@type":"BreadcrumbList","@id":"https:\/\/ideiagraficaebrindes.com.br\/produto\/kit-churrasco-cerveja-e-truco-10-pcs-c-jogo-de-baralho\/#breadcrumb","itemListElement":[{"@type":"ListItem","position":1,"name":"In\u00edcio","item":"https:\/\/ideiagraficaebrindes.com.br\/"},{"@type":"ListItem","position":2,"name":"Loja","item":"https:\/\/ideiagraficaebrindes.com.br\/loja\/"},{"@type":"ListItem","position":3,"name":"Kit Churrasco, Cerveja E Truco &#8211; 10 P\u00e7s &#8211; C\/ Jogo De Baralho"}]},{"@type":"WebSite","@id":"https:\/\/ideiagraficaebrindes.com.br\/#website","url":"https:\/\/ideiagraficaebrindes.com.br\/","name":"Ideia Gr\u00e1fica e Brindes","description":"Brindes Personalizados e Impress\u00e3o em geral","potentialAction":[{"@type":"SearchAction","target":{"@type":"EntryPoint","urlTemplate":"https:\/\/ideiagraficaebrindes.com.br\/?s={search_term_string}"},"query-input":{"@type":"PropertyValueSpecification","valueRequired":true,"valueName":"search_term_string"}}],"inLanguage":"en-US"}]}},"_links":{"self":[{"href":"https:\/\/ideiagraficaebrindes.com.br\/en\/wp-json\/wp\/v2\/product\/9154","targetHints":{"allow":["GET"]}}],"collection":[{"href":"https:\/\/ideiagraficaebrindes.com.br\/en\/wp-json\/wp\/v2\/product"}],"about":[{"href":"https:\/\/ideiagraficaebrindes.com.br\/en\/wp-json\/wp\/v2\/types\/product"}],"replies":[{"embeddable":true,"href":"https:\/\/ideiagraficaebrindes.com.br\/en\/wp-json\/wp\/v2\/comments?post=9154"}],"wp:featuredmedia":[{"embeddable":true,"href":"https:\/\/ideiagraficaebrindes.com.br\/en\/wp-json\/wp\/v2\/media\/9155"}],"wp:attachment":[{"href":"https:\/\/ideiagraficaebrindes.com.br\/en\/wp-json\/wp\/v2\/media?parent=9154"}],"wp:term":[{"taxonomy":"product_brand","embeddable":true,"href":"https:\/\/ideiagraficaebrindes.com.br\/en\/wp-json\/wp\/v2\/product_brand?post=9154"},{"taxonomy":"product_cat","embeddable":true,"href":"https:\/\/ideiagraficaebrindes.com.br\/en\/wp-json\/wp\/v2\/product_cat?post=9154"},{"taxonomy":"product_tag","embeddable":true,"href":"https:\/\/ideiagraficaebrindes.com.br\/en\/wp-json\/wp\/v2\/product_tag?post=9154"}],"curies":[{"name":"wp","href":"https:\/\/api.w.org\/{rel}","templated":true}]}}