{"id":9128,"date":"2024-10-08T16:06:46","date_gmt":"2024-10-08T19:06:46","guid":{"rendered":"https:\/\/ideiagraficaebrindes.com.br\/?post_type=product&#038;p=9128"},"modified":"2024-10-08T16:06:47","modified_gmt":"2024-10-08T19:06:47","slug":"kit-caderneta-p-anotacoes-com-caneta-preta","status":"publish","type":"product","link":"https:\/\/ideiagraficaebrindes.com.br\/en\/product\/kit-caderneta-p-anotacoes-com-caneta-preta\/","title":{"rendered":"Kit Caderneta P\/ Anota\u00e7\u00f5es Com Caneta &#8211; Preta"},"content":{"rendered":"<p>Caderneta para anota\u00e7\u00f5es com caneta. A caderneta conta com 80 folhas n\u00e3o pautadas, suporte para caneta e el\u00e1stico para fechamento. Caneta esferogr\u00e1fica em Alum\u00ednio. Conta com acabamento fosco, clipe e ponteira touch em silicone preto. Carga esferogr\u00e1fica azul acionada por um click na extremidade da caneta.<\/p>\n<p>&nbsp;<\/p>\n<div class=\"row\"><strong class=\"label\">Dimens\u00f5es do Produto<\/strong>Caderno: 9,5&#215;15,5 cm \/ Caneta: 14x1cm<\/div>\n<div class=\"row\"><strong class=\"label\">Sugest\u00e3o de Personaliza\u00e7\u00e3o<\/strong>Uma grava\u00e7\u00e3o em Silkscreen na capa e Laser na caneta.<\/div>\n<div class=\"row\"><strong class=\"label\">Embalagem<\/strong>Caixa Preta 0x0x0 mm (AxLxP)<\/div>\n<div class=\"row\"><strong class=\"label\">Peso<\/strong>165 g (com embalagem)<\/div>","protected":false},"excerpt":{"rendered":"<p>Caderneta para anota\u00e7\u00f5es com caneta. A caderneta conta com 80 folhas n\u00e3o pautadas, suporte para caneta e el\u00e1stico para fechamento. Caneta esferogr\u00e1fica em Alum\u00ednio. Conta com acabamento fosco, clipe e ponteira touch em silicone preto. Carga esferogr\u00e1fica azul acionada por um click na extremidade da caneta.<\/p>\n<p>&nbsp;<\/p>\n<div class=\"row\"><strong class=\"label\">Dimens\u00f5es do Produto<\/strong>Caderno: 9,5&#215;15,5 cm \/ Caneta: 14x1cm<\/div>\n<div class=\"row\"><strong class=\"label\">Sugest\u00e3o de Personaliza\u00e7\u00e3o<\/strong>Uma grava\u00e7\u00e3o em Silkscreen na capa e Laser na caneta.<\/div>\n<div class=\"row\"><strong class=\"label\">Embalagem<\/strong>Caixa Preta 0x0x0 mm (AxLxP)<\/div>\n<div class=\"row\"><strong class=\"label\">Peso<\/strong>165 g (com embalagem)<\/div>","protected":false},"featured_media":9132,"comment_status":"open","ping_status":"closed","template":"","meta":{"_monsterinsights_skip_tracking":false,"_monsterinsights_sitenote_active":false,"_monsterinsights_sitenote_note":"","_monsterinsights_sitenote_category":0},"product_brand":[],"product_cat":[453,219],"product_tag":[199,454],"class_list":{"0":"post-9128","1":"product","2":"type-product","3":"status-publish","4":"has-post-thumbnail","6":"product_cat-fim-de-ano","7":"product_cat-brindes","8":"product_tag-kit-executivo","9":"product_tag-kit-fim-de-ano","11":"first","12":"instock","13":"shipping-taxable","14":"product-type-simple"},"yoast_head":"<!-- This site is optimized with the Yoast SEO plugin v27.4 - https:\/\/yoast.com\/product\/yoast-seo-wordpress\/ -->\n<title>Kit Caderneta P\/ Anota\u00e7\u00f5es Com Caneta - Preta - Ideia Gr\u00e1fica e Brindes<\/title>\n<meta name=\"description\" content=\"Brindes de Final de Ano \u2014 Mais de 1.000 op\u00e7\u00f5es de brindes para entregar para colaboradores, clientes e parceiros. Somos Especialistas em Kits\" \/>\n<meta name=\"robots\" content=\"index, follow, max-snippet:-1, max-image-preview:large, max-video-preview:-1\" \/>\n<link rel=\"canonical\" href=\"https:\/\/ideiagraficaebrindes.com.br\/en\/product\/kit-caderneta-p-anotacoes-com-caneta-preta\/\" \/>\n<meta property=\"og:locale\" content=\"en_US\" \/>\n<meta property=\"og:type\" content=\"article\" \/>\n<meta property=\"og:title\" content=\"Kit Caderneta P\/ Anota\u00e7\u00f5es Com Caneta - Preta - Ideia Gr\u00e1fica e Brindes\" \/>\n<meta property=\"og:description\" content=\"Brindes de Final de Ano \u2014 Mais de 1.000 op\u00e7\u00f5es de brindes para entregar para colaboradores, clientes e parceiros. Somos Especialistas em Kits\" \/>\n<meta property=\"og:url\" content=\"https:\/\/ideiagraficaebrindes.com.br\/en\/product\/kit-caderneta-p-anotacoes-com-caneta-preta\/\" \/>\n<meta property=\"og:site_name\" content=\"Ideia Gr\u00e1fica e Brindes\" \/>\n<meta property=\"article:modified_time\" content=\"2024-10-08T19:06:47+00:00\" \/>\n<meta property=\"og:image\" content=\"https:\/\/ideiagraficaebrindes.com.br\/wp-content\/uploads\/2024\/10\/Kit_executivo_Ideia.png\" \/>\n\t<meta property=\"og:image:width\" content=\"1519\" \/>\n\t<meta property=\"og:image:height\" content=\"1519\" \/>\n\t<meta property=\"og:image:type\" content=\"image\/png\" \/>\n<meta name=\"twitter:card\" content=\"summary_large_image\" \/>\n<meta name=\"twitter:label1\" content=\"Est. reading time\" \/>\n\t<meta name=\"twitter:data1\" content=\"1 minute\" \/>\n<script type=\"application\/ld+json\" class=\"yoast-schema-graph\">{\"@context\":\"https:\\\/\\\/schema.org\",\"@graph\":[{\"@type\":\"WebPage\",\"@id\":\"https:\\\/\\\/ideiagraficaebrindes.com.br\\\/produto\\\/kit-caderneta-p-anotacoes-com-caneta-preta\\\/\",\"url\":\"https:\\\/\\\/ideiagraficaebrindes.com.br\\\/produto\\\/kit-caderneta-p-anotacoes-com-caneta-preta\\\/\",\"name\":\"Kit Caderneta P\\\/ Anota\u00e7\u00f5es Com Caneta - Preta - Ideia Gr\u00e1fica e Brindes\",\"isPartOf\":{\"@id\":\"https:\\\/\\\/ideiagraficaebrindes.com.br\\\/#website\"},\"primaryImageOfPage\":{\"@id\":\"https:\\\/\\\/ideiagraficaebrindes.com.br\\\/produto\\\/kit-caderneta-p-anotacoes-com-caneta-preta\\\/#primaryimage\"},\"image\":{\"@id\":\"https:\\\/\\\/ideiagraficaebrindes.com.br\\\/produto\\\/kit-caderneta-p-anotacoes-com-caneta-preta\\\/#primaryimage\"},\"thumbnailUrl\":\"https:\\\/\\\/ideiagraficaebrindes.com.br\\\/wp-content\\\/uploads\\\/2024\\\/10\\\/Kit_executivo_Ideia.png\",\"datePublished\":\"2024-10-08T19:06:46+00:00\",\"dateModified\":\"2024-10-08T19:06:47+00:00\",\"description\":\"Brindes de Final de Ano \u2014 Mais de 1.000 op\u00e7\u00f5es de brindes para entregar para colaboradores, clientes e parceiros. Somos Especialistas em Kits\",\"breadcrumb\":{\"@id\":\"https:\\\/\\\/ideiagraficaebrindes.com.br\\\/produto\\\/kit-caderneta-p-anotacoes-com-caneta-preta\\\/#breadcrumb\"},\"inLanguage\":\"en-US\",\"potentialAction\":[{\"@type\":\"ReadAction\",\"target\":[\"https:\\\/\\\/ideiagraficaebrindes.com.br\\\/produto\\\/kit-caderneta-p-anotacoes-com-caneta-preta\\\/\"]}]},{\"@type\":\"ImageObject\",\"inLanguage\":\"en-US\",\"@id\":\"https:\\\/\\\/ideiagraficaebrindes.com.br\\\/produto\\\/kit-caderneta-p-anotacoes-com-caneta-preta\\\/#primaryimage\",\"url\":\"https:\\\/\\\/ideiagraficaebrindes.com.br\\\/wp-content\\\/uploads\\\/2024\\\/10\\\/Kit_executivo_Ideia.png\",\"contentUrl\":\"https:\\\/\\\/ideiagraficaebrindes.com.br\\\/wp-content\\\/uploads\\\/2024\\\/10\\\/Kit_executivo_Ideia.png\",\"width\":1519,\"height\":1519},{\"@type\":\"BreadcrumbList\",\"@id\":\"https:\\\/\\\/ideiagraficaebrindes.com.br\\\/produto\\\/kit-caderneta-p-anotacoes-com-caneta-preta\\\/#breadcrumb\",\"itemListElement\":[{\"@type\":\"ListItem\",\"position\":1,\"name\":\"In\u00edcio\",\"item\":\"https:\\\/\\\/ideiagraficaebrindes.com.br\\\/\"},{\"@type\":\"ListItem\",\"position\":2,\"name\":\"Loja\",\"item\":\"https:\\\/\\\/ideiagraficaebrindes.com.br\\\/loja\\\/\"},{\"@type\":\"ListItem\",\"position\":3,\"name\":\"Kit Caderneta P\\\/ Anota\u00e7\u00f5es Com Caneta &#8211; Preta\"}]},{\"@type\":\"WebSite\",\"@id\":\"https:\\\/\\\/ideiagraficaebrindes.com.br\\\/#website\",\"url\":\"https:\\\/\\\/ideiagraficaebrindes.com.br\\\/\",\"name\":\"Ideia Gr\u00e1fica e Brindes\",\"description\":\"Brindes Personalizados e Impress\u00e3o em geral\",\"potentialAction\":[{\"@type\":\"SearchAction\",\"target\":{\"@type\":\"EntryPoint\",\"urlTemplate\":\"https:\\\/\\\/ideiagraficaebrindes.com.br\\\/?s={search_term_string}\"},\"query-input\":{\"@type\":\"PropertyValueSpecification\",\"valueRequired\":true,\"valueName\":\"search_term_string\"}}],\"inLanguage\":\"en-US\"}]}<\/script>\n<!-- \/ Yoast SEO plugin. -->","yoast_head_json":{"title":"Kit Caderneta P\/ Anota\u00e7\u00f5es Com Caneta - Preta - Ideia Gr\u00e1fica e Brindes","description":"Brindes de Final de Ano \u2014 Mais de 1.000 op\u00e7\u00f5es de brindes para entregar para colaboradores, clientes e parceiros. Somos Especialistas em Kits","robots":{"index":"index","follow":"follow","max-snippet":"max-snippet:-1","max-image-preview":"max-image-preview:large","max-video-preview":"max-video-preview:-1"},"canonical":"https:\/\/ideiagraficaebrindes.com.br\/en\/product\/kit-caderneta-p-anotacoes-com-caneta-preta\/","og_locale":"en_US","og_type":"article","og_title":"Kit Caderneta P\/ Anota\u00e7\u00f5es Com Caneta - Preta - Ideia Gr\u00e1fica e Brindes","og_description":"Brindes de Final de Ano \u2014 Mais de 1.000 op\u00e7\u00f5es de brindes para entregar para colaboradores, clientes e parceiros. Somos Especialistas em Kits","og_url":"https:\/\/ideiagraficaebrindes.com.br\/en\/product\/kit-caderneta-p-anotacoes-com-caneta-preta\/","og_site_name":"Ideia Gr\u00e1fica e Brindes","article_modified_time":"2024-10-08T19:06:47+00:00","og_image":[{"width":1519,"height":1519,"url":"https:\/\/ideiagraficaebrindes.com.br\/wp-content\/uploads\/2024\/10\/Kit_executivo_Ideia.png","type":"image\/png"}],"twitter_card":"summary_large_image","twitter_misc":{"Est. reading time":"1 minute"},"schema":{"@context":"https:\/\/schema.org","@graph":[{"@type":"WebPage","@id":"https:\/\/ideiagraficaebrindes.com.br\/produto\/kit-caderneta-p-anotacoes-com-caneta-preta\/","url":"https:\/\/ideiagraficaebrindes.com.br\/produto\/kit-caderneta-p-anotacoes-com-caneta-preta\/","name":"Kit Caderneta P\/ Anota\u00e7\u00f5es Com Caneta - Preta - Ideia Gr\u00e1fica e Brindes","isPartOf":{"@id":"https:\/\/ideiagraficaebrindes.com.br\/#website"},"primaryImageOfPage":{"@id":"https:\/\/ideiagraficaebrindes.com.br\/produto\/kit-caderneta-p-anotacoes-com-caneta-preta\/#primaryimage"},"image":{"@id":"https:\/\/ideiagraficaebrindes.com.br\/produto\/kit-caderneta-p-anotacoes-com-caneta-preta\/#primaryimage"},"thumbnailUrl":"https:\/\/ideiagraficaebrindes.com.br\/wp-content\/uploads\/2024\/10\/Kit_executivo_Ideia.png","datePublished":"2024-10-08T19:06:46+00:00","dateModified":"2024-10-08T19:06:47+00:00","description":"Brindes de Final de Ano \u2014 Mais de 1.000 op\u00e7\u00f5es de brindes para entregar para colaboradores, clientes e parceiros. Somos Especialistas em Kits","breadcrumb":{"@id":"https:\/\/ideiagraficaebrindes.com.br\/produto\/kit-caderneta-p-anotacoes-com-caneta-preta\/#breadcrumb"},"inLanguage":"en-US","potentialAction":[{"@type":"ReadAction","target":["https:\/\/ideiagraficaebrindes.com.br\/produto\/kit-caderneta-p-anotacoes-com-caneta-preta\/"]}]},{"@type":"ImageObject","inLanguage":"en-US","@id":"https:\/\/ideiagraficaebrindes.com.br\/produto\/kit-caderneta-p-anotacoes-com-caneta-preta\/#primaryimage","url":"https:\/\/ideiagraficaebrindes.com.br\/wp-content\/uploads\/2024\/10\/Kit_executivo_Ideia.png","contentUrl":"https:\/\/ideiagraficaebrindes.com.br\/wp-content\/uploads\/2024\/10\/Kit_executivo_Ideia.png","width":1519,"height":1519},{"@type":"BreadcrumbList","@id":"https:\/\/ideiagraficaebrindes.com.br\/produto\/kit-caderneta-p-anotacoes-com-caneta-preta\/#breadcrumb","itemListElement":[{"@type":"ListItem","position":1,"name":"In\u00edcio","item":"https:\/\/ideiagraficaebrindes.com.br\/"},{"@type":"ListItem","position":2,"name":"Loja","item":"https:\/\/ideiagraficaebrindes.com.br\/loja\/"},{"@type":"ListItem","position":3,"name":"Kit Caderneta P\/ Anota\u00e7\u00f5es Com Caneta &#8211; Preta"}]},{"@type":"WebSite","@id":"https:\/\/ideiagraficaebrindes.com.br\/#website","url":"https:\/\/ideiagraficaebrindes.com.br\/","name":"Ideia Gr\u00e1fica e Brindes","description":"Brindes Personalizados e Impress\u00e3o em geral","potentialAction":[{"@type":"SearchAction","target":{"@type":"EntryPoint","urlTemplate":"https:\/\/ideiagraficaebrindes.com.br\/?s={search_term_string}"},"query-input":{"@type":"PropertyValueSpecification","valueRequired":true,"valueName":"search_term_string"}}],"inLanguage":"en-US"}]}},"_links":{"self":[{"href":"https:\/\/ideiagraficaebrindes.com.br\/en\/wp-json\/wp\/v2\/product\/9128","targetHints":{"allow":["GET"]}}],"collection":[{"href":"https:\/\/ideiagraficaebrindes.com.br\/en\/wp-json\/wp\/v2\/product"}],"about":[{"href":"https:\/\/ideiagraficaebrindes.com.br\/en\/wp-json\/wp\/v2\/types\/product"}],"replies":[{"embeddable":true,"href":"https:\/\/ideiagraficaebrindes.com.br\/en\/wp-json\/wp\/v2\/comments?post=9128"}],"wp:featuredmedia":[{"embeddable":true,"href":"https:\/\/ideiagraficaebrindes.com.br\/en\/wp-json\/wp\/v2\/media\/9132"}],"wp:attachment":[{"href":"https:\/\/ideiagraficaebrindes.com.br\/en\/wp-json\/wp\/v2\/media?parent=9128"}],"wp:term":[{"taxonomy":"product_brand","embeddable":true,"href":"https:\/\/ideiagraficaebrindes.com.br\/en\/wp-json\/wp\/v2\/product_brand?post=9128"},{"taxonomy":"product_cat","embeddable":true,"href":"https:\/\/ideiagraficaebrindes.com.br\/en\/wp-json\/wp\/v2\/product_cat?post=9128"},{"taxonomy":"product_tag","embeddable":true,"href":"https:\/\/ideiagraficaebrindes.com.br\/en\/wp-json\/wp\/v2\/product_tag?post=9128"}],"curies":[{"name":"wp","href":"https:\/\/api.w.org\/{rel}","templated":true}]}}