{"id":9063,"date":"2024-10-07T11:55:08","date_gmt":"2024-10-07T14:55:08","guid":{"rendered":"https:\/\/ideiagraficaebrindes.com.br\/?post_type=product&#038;p=9063"},"modified":"2024-10-07T11:55:08","modified_gmt":"2024-10-07T14:55:08","slug":"kit-queijo-e-vinho-com-espaco-para-garrafa-9-pcs-2","status":"publish","type":"product","link":"https:\/\/ideiagraficaebrindes.com.br\/en\/product\/kit-queijo-e-vinho-com-espaco-para-garrafa-9-pcs-2\/","title":{"rendered":"Kit Queijo E Vinho Com Espa\u00e7o Para Garrafa &#8211; 9 P\u00e7s"},"content":{"rendered":"<h4>Descri\u00e7\u00e3o do Produto<\/h4>\n<p>Kit para queijo e vinho com t\u00e1bua para queijo e petiscos; Duas facas, sendo uma com ponta e outra reta, garfo e esp\u00e1tula em Madeira\/Inox; Duas ta\u00e7as para vinho em vidro; Abridor e tamp\u00e3o em metal; Espa\u00e7o para garrafa com palha (N\u00c3O ACOMPANHA GARRAFA). Est\u00e3o perfeitamente acomodados em uma caixa para presentear.<\/p>\n<p>&nbsp;<\/p>\n<div class=\"row\"><strong class=\"label\">Dimens\u00f5es do Produto<\/strong>T\u00e1bua: 21&#215;1,2cm<\/div>\n<div class=\"row\"><strong class=\"label\">Sugest\u00e3o de Personaliza\u00e7\u00e3o<\/strong>Uma grava\u00e7\u00e3o a Laser nas duas ta\u00e7as e na t\u00e1bua; uma grava\u00e7\u00e3o em Silk Screen na tampa da caixa.<\/div>\n<div class=\"row\"><strong class=\"label\">Embalagem<\/strong>Caixa com tampa branca 575x395x120 mm (AxLxP)<\/div>\n<div class=\"row\"><strong class=\"label\">Peso<\/strong>1.705 g (com embalagem)<\/div>","protected":false},"excerpt":{"rendered":"<h4>Descri\u00e7\u00e3o do Produto<\/h4>\n<p>Kit para queijo e vinho com t\u00e1bua para queijo e petiscos; Duas facas, sendo uma com ponta e outra reta, garfo e esp\u00e1tula em Madeira\/Inox; Duas ta\u00e7as para vinho em vidro; Abridor e tamp\u00e3o em metal; Espa\u00e7o para garrafa com palha (N\u00c3O ACOMPANHA GARRAFA). Est\u00e3o perfeitamente acomodados em uma caixa para presentear.<\/p>\n<p>&nbsp;<\/p>\n<div class=\"row\"><strong class=\"label\">Dimens\u00f5es do Produto<\/strong>T\u00e1bua: 21&#215;1,2cm<\/div>\n<div class=\"row\"><strong class=\"label\">Sugest\u00e3o de Personaliza\u00e7\u00e3o<\/strong>Uma grava\u00e7\u00e3o a Laser nas duas ta\u00e7as e na t\u00e1bua; uma grava\u00e7\u00e3o em Silk Screen na tampa da caixa.<\/div>\n<div class=\"row\"><strong class=\"label\">Embalagem<\/strong>Caixa com tampa branca 575x395x120 mm (AxLxP)<\/div>\n<div class=\"row\"><strong class=\"label\">Peso<\/strong>1.705 g (com embalagem)<\/div>","protected":false},"featured_media":9065,"comment_status":"open","ping_status":"closed","template":"","meta":{"_monsterinsights_skip_tracking":false,"_monsterinsights_sitenote_active":false,"_monsterinsights_sitenote_note":"","_monsterinsights_sitenote_category":0},"product_brand":[],"product_cat":[453,219],"product_tag":[457,458],"class_list":{"0":"post-9063","1":"product","2":"type-product","3":"status-publish","4":"has-post-thumbnail","6":"product_cat-fim-de-ano","7":"product_cat-brindes","8":"product_tag-kit-final-de-ano","9":"product_tag-kits-especiais","11":"first","12":"instock","13":"shipping-taxable","14":"product-type-simple"},"yoast_head":"<!-- This site is optimized with the Yoast SEO plugin v27.4 - https:\/\/yoast.com\/product\/yoast-seo-wordpress\/ -->\n<title>Kit Queijo E Vinho Com Espa\u00e7o Para Garrafa - 9 P\u00e7s - Ideia Gr\u00e1fica e Brindes<\/title>\n<meta name=\"description\" content=\"Personalizados para Fim de Ano \u2014 Mais de 1.000 op\u00e7\u00f5es de brindes para entregar para colaboradores, clientes e parceiros. Especialistas\" \/>\n<meta name=\"robots\" content=\"index, follow, max-snippet:-1, max-image-preview:large, max-video-preview:-1\" \/>\n<link rel=\"canonical\" href=\"https:\/\/ideiagraficaebrindes.com.br\/en\/product\/kit-queijo-e-vinho-com-espaco-para-garrafa-9-pcs-2\/\" \/>\n<meta property=\"og:locale\" content=\"en_US\" \/>\n<meta property=\"og:type\" content=\"article\" \/>\n<meta property=\"og:title\" content=\"Kit Queijo E Vinho Com Espa\u00e7o Para Garrafa - 9 P\u00e7s - Ideia Gr\u00e1fica e Brindes\" \/>\n<meta property=\"og:description\" content=\"Personalizados para Fim de Ano \u2014 Mais de 1.000 op\u00e7\u00f5es de brindes para entregar para colaboradores, clientes e parceiros. Especialistas\" \/>\n<meta property=\"og:url\" content=\"https:\/\/ideiagraficaebrindes.com.br\/en\/product\/kit-queijo-e-vinho-com-espaco-para-garrafa-9-pcs-2\/\" \/>\n<meta property=\"og:site_name\" content=\"Ideia Gr\u00e1fica e Brindes\" \/>\n<meta property=\"og:image\" content=\"https:\/\/ideiagraficaebrindes.com.br\/wp-content\/uploads\/2024\/10\/Kit_fim_de_ano_2025-5.png\" \/>\n\t<meta property=\"og:image:width\" content=\"1519\" \/>\n\t<meta property=\"og:image:height\" content=\"1519\" \/>\n\t<meta property=\"og:image:type\" content=\"image\/png\" \/>\n<meta name=\"twitter:card\" content=\"summary_large_image\" \/>\n<meta name=\"twitter:label1\" content=\"Est. reading time\" \/>\n\t<meta name=\"twitter:data1\" content=\"1 minute\" \/>\n<script type=\"application\/ld+json\" class=\"yoast-schema-graph\">{\"@context\":\"https:\\\/\\\/schema.org\",\"@graph\":[{\"@type\":\"WebPage\",\"@id\":\"https:\\\/\\\/ideiagraficaebrindes.com.br\\\/produto\\\/kit-queijo-e-vinho-com-espaco-para-garrafa-9-pcs-2\\\/\",\"url\":\"https:\\\/\\\/ideiagraficaebrindes.com.br\\\/produto\\\/kit-queijo-e-vinho-com-espaco-para-garrafa-9-pcs-2\\\/\",\"name\":\"Kit Queijo E Vinho Com Espa\u00e7o Para Garrafa - 9 P\u00e7s - Ideia Gr\u00e1fica e Brindes\",\"isPartOf\":{\"@id\":\"https:\\\/\\\/ideiagraficaebrindes.com.br\\\/#website\"},\"primaryImageOfPage\":{\"@id\":\"https:\\\/\\\/ideiagraficaebrindes.com.br\\\/produto\\\/kit-queijo-e-vinho-com-espaco-para-garrafa-9-pcs-2\\\/#primaryimage\"},\"image\":{\"@id\":\"https:\\\/\\\/ideiagraficaebrindes.com.br\\\/produto\\\/kit-queijo-e-vinho-com-espaco-para-garrafa-9-pcs-2\\\/#primaryimage\"},\"thumbnailUrl\":\"https:\\\/\\\/ideiagraficaebrindes.com.br\\\/wp-content\\\/uploads\\\/2024\\\/10\\\/Kit_fim_de_ano_2025-5.png\",\"datePublished\":\"2024-10-07T14:55:08+00:00\",\"description\":\"Personalizados para Fim de Ano \u2014 Mais de 1.000 op\u00e7\u00f5es de brindes para entregar para colaboradores, clientes e parceiros. Especialistas\",\"breadcrumb\":{\"@id\":\"https:\\\/\\\/ideiagraficaebrindes.com.br\\\/produto\\\/kit-queijo-e-vinho-com-espaco-para-garrafa-9-pcs-2\\\/#breadcrumb\"},\"inLanguage\":\"en-US\",\"potentialAction\":[{\"@type\":\"ReadAction\",\"target\":[\"https:\\\/\\\/ideiagraficaebrindes.com.br\\\/produto\\\/kit-queijo-e-vinho-com-espaco-para-garrafa-9-pcs-2\\\/\"]}]},{\"@type\":\"ImageObject\",\"inLanguage\":\"en-US\",\"@id\":\"https:\\\/\\\/ideiagraficaebrindes.com.br\\\/produto\\\/kit-queijo-e-vinho-com-espaco-para-garrafa-9-pcs-2\\\/#primaryimage\",\"url\":\"https:\\\/\\\/ideiagraficaebrindes.com.br\\\/wp-content\\\/uploads\\\/2024\\\/10\\\/Kit_fim_de_ano_2025-5.png\",\"contentUrl\":\"https:\\\/\\\/ideiagraficaebrindes.com.br\\\/wp-content\\\/uploads\\\/2024\\\/10\\\/Kit_fim_de_ano_2025-5.png\",\"width\":1519,\"height\":1519},{\"@type\":\"BreadcrumbList\",\"@id\":\"https:\\\/\\\/ideiagraficaebrindes.com.br\\\/produto\\\/kit-queijo-e-vinho-com-espaco-para-garrafa-9-pcs-2\\\/#breadcrumb\",\"itemListElement\":[{\"@type\":\"ListItem\",\"position\":1,\"name\":\"In\u00edcio\",\"item\":\"https:\\\/\\\/ideiagraficaebrindes.com.br\\\/\"},{\"@type\":\"ListItem\",\"position\":2,\"name\":\"Loja\",\"item\":\"https:\\\/\\\/ideiagraficaebrindes.com.br\\\/loja\\\/\"},{\"@type\":\"ListItem\",\"position\":3,\"name\":\"Kit Queijo E Vinho Com Espa\u00e7o Para Garrafa &#8211; 9 P\u00e7s\"}]},{\"@type\":\"WebSite\",\"@id\":\"https:\\\/\\\/ideiagraficaebrindes.com.br\\\/#website\",\"url\":\"https:\\\/\\\/ideiagraficaebrindes.com.br\\\/\",\"name\":\"Ideia Gr\u00e1fica e Brindes\",\"description\":\"Brindes Personalizados e Impress\u00e3o em geral\",\"potentialAction\":[{\"@type\":\"SearchAction\",\"target\":{\"@type\":\"EntryPoint\",\"urlTemplate\":\"https:\\\/\\\/ideiagraficaebrindes.com.br\\\/?s={search_term_string}\"},\"query-input\":{\"@type\":\"PropertyValueSpecification\",\"valueRequired\":true,\"valueName\":\"search_term_string\"}}],\"inLanguage\":\"en-US\"}]}<\/script>\n<!-- \/ Yoast SEO plugin. -->","yoast_head_json":{"title":"Kit Queijo E Vinho Com Espa\u00e7o Para Garrafa - 9 P\u00e7s - Ideia Gr\u00e1fica e Brindes","description":"Personalizados para Fim de Ano \u2014 Mais de 1.000 op\u00e7\u00f5es de brindes para entregar para colaboradores, clientes e parceiros. Especialistas","robots":{"index":"index","follow":"follow","max-snippet":"max-snippet:-1","max-image-preview":"max-image-preview:large","max-video-preview":"max-video-preview:-1"},"canonical":"https:\/\/ideiagraficaebrindes.com.br\/en\/product\/kit-queijo-e-vinho-com-espaco-para-garrafa-9-pcs-2\/","og_locale":"en_US","og_type":"article","og_title":"Kit Queijo E Vinho Com Espa\u00e7o Para Garrafa - 9 P\u00e7s - Ideia Gr\u00e1fica e Brindes","og_description":"Personalizados para Fim de Ano \u2014 Mais de 1.000 op\u00e7\u00f5es de brindes para entregar para colaboradores, clientes e parceiros. Especialistas","og_url":"https:\/\/ideiagraficaebrindes.com.br\/en\/product\/kit-queijo-e-vinho-com-espaco-para-garrafa-9-pcs-2\/","og_site_name":"Ideia Gr\u00e1fica e Brindes","og_image":[{"width":1519,"height":1519,"url":"https:\/\/ideiagraficaebrindes.com.br\/wp-content\/uploads\/2024\/10\/Kit_fim_de_ano_2025-5.png","type":"image\/png"}],"twitter_card":"summary_large_image","twitter_misc":{"Est. reading time":"1 minute"},"schema":{"@context":"https:\/\/schema.org","@graph":[{"@type":"WebPage","@id":"https:\/\/ideiagraficaebrindes.com.br\/produto\/kit-queijo-e-vinho-com-espaco-para-garrafa-9-pcs-2\/","url":"https:\/\/ideiagraficaebrindes.com.br\/produto\/kit-queijo-e-vinho-com-espaco-para-garrafa-9-pcs-2\/","name":"Kit Queijo E Vinho Com Espa\u00e7o Para Garrafa - 9 P\u00e7s - Ideia Gr\u00e1fica e Brindes","isPartOf":{"@id":"https:\/\/ideiagraficaebrindes.com.br\/#website"},"primaryImageOfPage":{"@id":"https:\/\/ideiagraficaebrindes.com.br\/produto\/kit-queijo-e-vinho-com-espaco-para-garrafa-9-pcs-2\/#primaryimage"},"image":{"@id":"https:\/\/ideiagraficaebrindes.com.br\/produto\/kit-queijo-e-vinho-com-espaco-para-garrafa-9-pcs-2\/#primaryimage"},"thumbnailUrl":"https:\/\/ideiagraficaebrindes.com.br\/wp-content\/uploads\/2024\/10\/Kit_fim_de_ano_2025-5.png","datePublished":"2024-10-07T14:55:08+00:00","description":"Personalizados para Fim de Ano \u2014 Mais de 1.000 op\u00e7\u00f5es de brindes para entregar para colaboradores, clientes e parceiros. Especialistas","breadcrumb":{"@id":"https:\/\/ideiagraficaebrindes.com.br\/produto\/kit-queijo-e-vinho-com-espaco-para-garrafa-9-pcs-2\/#breadcrumb"},"inLanguage":"en-US","potentialAction":[{"@type":"ReadAction","target":["https:\/\/ideiagraficaebrindes.com.br\/produto\/kit-queijo-e-vinho-com-espaco-para-garrafa-9-pcs-2\/"]}]},{"@type":"ImageObject","inLanguage":"en-US","@id":"https:\/\/ideiagraficaebrindes.com.br\/produto\/kit-queijo-e-vinho-com-espaco-para-garrafa-9-pcs-2\/#primaryimage","url":"https:\/\/ideiagraficaebrindes.com.br\/wp-content\/uploads\/2024\/10\/Kit_fim_de_ano_2025-5.png","contentUrl":"https:\/\/ideiagraficaebrindes.com.br\/wp-content\/uploads\/2024\/10\/Kit_fim_de_ano_2025-5.png","width":1519,"height":1519},{"@type":"BreadcrumbList","@id":"https:\/\/ideiagraficaebrindes.com.br\/produto\/kit-queijo-e-vinho-com-espaco-para-garrafa-9-pcs-2\/#breadcrumb","itemListElement":[{"@type":"ListItem","position":1,"name":"In\u00edcio","item":"https:\/\/ideiagraficaebrindes.com.br\/"},{"@type":"ListItem","position":2,"name":"Loja","item":"https:\/\/ideiagraficaebrindes.com.br\/loja\/"},{"@type":"ListItem","position":3,"name":"Kit Queijo E Vinho Com Espa\u00e7o Para Garrafa &#8211; 9 P\u00e7s"}]},{"@type":"WebSite","@id":"https:\/\/ideiagraficaebrindes.com.br\/#website","url":"https:\/\/ideiagraficaebrindes.com.br\/","name":"Ideia Gr\u00e1fica e Brindes","description":"Brindes Personalizados e Impress\u00e3o em geral","potentialAction":[{"@type":"SearchAction","target":{"@type":"EntryPoint","urlTemplate":"https:\/\/ideiagraficaebrindes.com.br\/?s={search_term_string}"},"query-input":{"@type":"PropertyValueSpecification","valueRequired":true,"valueName":"search_term_string"}}],"inLanguage":"en-US"}]}},"_links":{"self":[{"href":"https:\/\/ideiagraficaebrindes.com.br\/en\/wp-json\/wp\/v2\/product\/9063","targetHints":{"allow":["GET"]}}],"collection":[{"href":"https:\/\/ideiagraficaebrindes.com.br\/en\/wp-json\/wp\/v2\/product"}],"about":[{"href":"https:\/\/ideiagraficaebrindes.com.br\/en\/wp-json\/wp\/v2\/types\/product"}],"replies":[{"embeddable":true,"href":"https:\/\/ideiagraficaebrindes.com.br\/en\/wp-json\/wp\/v2\/comments?post=9063"}],"wp:featuredmedia":[{"embeddable":true,"href":"https:\/\/ideiagraficaebrindes.com.br\/en\/wp-json\/wp\/v2\/media\/9065"}],"wp:attachment":[{"href":"https:\/\/ideiagraficaebrindes.com.br\/en\/wp-json\/wp\/v2\/media?parent=9063"}],"wp:term":[{"taxonomy":"product_brand","embeddable":true,"href":"https:\/\/ideiagraficaebrindes.com.br\/en\/wp-json\/wp\/v2\/product_brand?post=9063"},{"taxonomy":"product_cat","embeddable":true,"href":"https:\/\/ideiagraficaebrindes.com.br\/en\/wp-json\/wp\/v2\/product_cat?post=9063"},{"taxonomy":"product_tag","embeddable":true,"href":"https:\/\/ideiagraficaebrindes.com.br\/en\/wp-json\/wp\/v2\/product_tag?post=9063"}],"curies":[{"name":"wp","href":"https:\/\/api.w.org\/{rel}","templated":true}]}}