{"id":9029,"date":"2024-10-05T12:41:40","date_gmt":"2024-10-05T15:41:40","guid":{"rendered":"https:\/\/ideiagraficaebrindes.com.br\/?post_type=product&#038;p=9029"},"modified":"2024-10-05T12:41:41","modified_gmt":"2024-10-05T15:41:41","slug":"kit-para-caipirinha-em-bambu-madeira-personalizado","status":"publish","type":"product","link":"https:\/\/ideiagraficaebrindes.com.br\/en\/product\/kit-para-caipirinha-em-bambu-madeira-personalizado\/","title":{"rendered":"Kit Para Caipirinha Em Bambu Madeira personalizado"},"content":{"rendered":"<p>Conjunto composto por quatro acess\u00f3rios para caipirinha, sendo um copo em vidro de 350ml, um socador\/pil\u00e3o em bambu; uma faca para frutas de 4\u201d em a\u00e7o inox e madeira; uma t\u00e1bua pequena em bambu com cabo e orif\u00edcio para pendur\u00e1-lo em ganchos e facilitar seu uso.<\/p>\n<div class=\"row\"><strong class=\"label\">Dimens\u00f5es do Produto<\/strong>T\u00e1bua: 22x13x1,2cm<\/div>\n<div class=\"row\"><strong class=\"label\">Sugest\u00e3o de Personaliza\u00e7\u00e3o<\/strong>Uma grava\u00e7\u00e3o a Laser na t\u00e1bua.<\/div>\n<div class=\"row\"><strong class=\"label\">Embalagem<\/strong>Caixa Preta 225x133x132 mm (AxLxP)<\/div>\n<div class=\"row\"><strong class=\"label\">Peso<\/strong>703 g (com embalagem)<\/div>","protected":false},"excerpt":{"rendered":"<p>Conjunto composto por quatro acess\u00f3rios para caipirinha, sendo um copo em vidro de 350ml, um socador\/pil\u00e3o em bambu; uma faca para frutas de 4\u201d em a\u00e7o inox e madeira; uma t\u00e1bua pequena em bambu com cabo e orif\u00edcio para pendur\u00e1-lo em ganchos e facilitar seu uso.<\/p>\n<div class=\"row\"><strong class=\"label\">Dimens\u00f5es do Produto<\/strong>T\u00e1bua: 22x13x1,2cm<\/div>\n<div class=\"row\"><strong class=\"label\">Sugest\u00e3o de Personaliza\u00e7\u00e3o<\/strong>Uma grava\u00e7\u00e3o a Laser na t\u00e1bua.<\/div>\n<div class=\"row\"><strong class=\"label\">Embalagem<\/strong>Caixa Preta 225x133x132 mm (AxLxP)<\/div>\n<div class=\"row\"><strong class=\"label\">Peso<\/strong>703 g (com embalagem)<\/div>","protected":false},"featured_media":9031,"comment_status":"open","ping_status":"closed","template":"","meta":{"_monsterinsights_skip_tracking":false,"_monsterinsights_sitenote_active":false,"_monsterinsights_sitenote_note":"","_monsterinsights_sitenote_category":0},"product_brand":[],"product_cat":[453,219],"product_tag":[358,454],"class_list":{"0":"post-9029","1":"product","2":"type-product","3":"status-publish","4":"has-post-thumbnail","6":"product_cat-fim-de-ano","7":"product_cat-brindes","8":"product_tag-kit-especiais","9":"product_tag-kit-fim-de-ano","11":"first","12":"instock","13":"shipping-taxable","14":"product-type-simple"},"yoast_head":"<!-- This site is optimized with the Yoast SEO plugin v27.4 - https:\/\/yoast.com\/product\/yoast-seo-wordpress\/ -->\n<title>Kit Para Caipirinha Em Bambu Madeira personalizado - Ideia Gr\u00e1fica e Brindes<\/title>\n<meta name=\"description\" content=\"Na Matbrindes voc\u00ea Encontra kits Tipo de Natal e Ano Novo para Brindes Corporativos. Personalize com a Logo da sua Empresa para Incentivar seus Funcion\u00e1rios\" \/>\n<meta name=\"robots\" content=\"index, follow, max-snippet:-1, max-image-preview:large, max-video-preview:-1\" \/>\n<link rel=\"canonical\" href=\"https:\/\/ideiagraficaebrindes.com.br\/en\/product\/kit-para-caipirinha-em-bambu-madeira-personalizado\/\" \/>\n<meta property=\"og:locale\" content=\"en_US\" \/>\n<meta property=\"og:type\" content=\"article\" \/>\n<meta property=\"og:title\" content=\"Kit Para Caipirinha Em Bambu Madeira personalizado - Ideia Gr\u00e1fica e Brindes\" \/>\n<meta property=\"og:description\" content=\"Na Matbrindes voc\u00ea Encontra kits Tipo de Natal e Ano Novo para Brindes Corporativos. Personalize com a Logo da sua Empresa para Incentivar seus Funcion\u00e1rios\" \/>\n<meta property=\"og:url\" content=\"https:\/\/ideiagraficaebrindes.com.br\/en\/product\/kit-para-caipirinha-em-bambu-madeira-personalizado\/\" \/>\n<meta property=\"og:site_name\" content=\"Ideia Gr\u00e1fica e Brindes\" \/>\n<meta property=\"article:modified_time\" content=\"2024-10-05T15:41:41+00:00\" \/>\n<meta property=\"og:image\" content=\"https:\/\/ideiagraficaebrindes.com.br\/wp-content\/uploads\/2024\/10\/kit_caipirinha_fim_de_Ano.png\" \/>\n\t<meta property=\"og:image:width\" content=\"1519\" \/>\n\t<meta property=\"og:image:height\" content=\"1519\" \/>\n\t<meta property=\"og:image:type\" content=\"image\/png\" \/>\n<meta name=\"twitter:card\" content=\"summary_large_image\" \/>\n<meta name=\"twitter:label1\" content=\"Est. reading time\" \/>\n\t<meta name=\"twitter:data1\" content=\"1 minute\" \/>\n<script type=\"application\/ld+json\" class=\"yoast-schema-graph\">{\"@context\":\"https:\\\/\\\/schema.org\",\"@graph\":[{\"@type\":\"WebPage\",\"@id\":\"https:\\\/\\\/ideiagraficaebrindes.com.br\\\/produto\\\/kit-para-caipirinha-em-bambu-madeira-personalizado\\\/\",\"url\":\"https:\\\/\\\/ideiagraficaebrindes.com.br\\\/produto\\\/kit-para-caipirinha-em-bambu-madeira-personalizado\\\/\",\"name\":\"Kit Para Caipirinha Em Bambu Madeira personalizado - Ideia Gr\u00e1fica e Brindes\",\"isPartOf\":{\"@id\":\"https:\\\/\\\/ideiagraficaebrindes.com.br\\\/#website\"},\"primaryImageOfPage\":{\"@id\":\"https:\\\/\\\/ideiagraficaebrindes.com.br\\\/produto\\\/kit-para-caipirinha-em-bambu-madeira-personalizado\\\/#primaryimage\"},\"image\":{\"@id\":\"https:\\\/\\\/ideiagraficaebrindes.com.br\\\/produto\\\/kit-para-caipirinha-em-bambu-madeira-personalizado\\\/#primaryimage\"},\"thumbnailUrl\":\"https:\\\/\\\/ideiagraficaebrindes.com.br\\\/wp-content\\\/uploads\\\/2024\\\/10\\\/kit_caipirinha_fim_de_Ano.png\",\"datePublished\":\"2024-10-05T15:41:40+00:00\",\"dateModified\":\"2024-10-05T15:41:41+00:00\",\"description\":\"Na Matbrindes voc\u00ea Encontra kits Tipo de Natal e Ano Novo para Brindes Corporativos. Personalize com a Logo da sua Empresa para Incentivar seus Funcion\u00e1rios\",\"breadcrumb\":{\"@id\":\"https:\\\/\\\/ideiagraficaebrindes.com.br\\\/produto\\\/kit-para-caipirinha-em-bambu-madeira-personalizado\\\/#breadcrumb\"},\"inLanguage\":\"en-US\",\"potentialAction\":[{\"@type\":\"ReadAction\",\"target\":[\"https:\\\/\\\/ideiagraficaebrindes.com.br\\\/produto\\\/kit-para-caipirinha-em-bambu-madeira-personalizado\\\/\"]}]},{\"@type\":\"ImageObject\",\"inLanguage\":\"en-US\",\"@id\":\"https:\\\/\\\/ideiagraficaebrindes.com.br\\\/produto\\\/kit-para-caipirinha-em-bambu-madeira-personalizado\\\/#primaryimage\",\"url\":\"https:\\\/\\\/ideiagraficaebrindes.com.br\\\/wp-content\\\/uploads\\\/2024\\\/10\\\/kit_caipirinha_fim_de_Ano.png\",\"contentUrl\":\"https:\\\/\\\/ideiagraficaebrindes.com.br\\\/wp-content\\\/uploads\\\/2024\\\/10\\\/kit_caipirinha_fim_de_Ano.png\",\"width\":1519,\"height\":1519},{\"@type\":\"BreadcrumbList\",\"@id\":\"https:\\\/\\\/ideiagraficaebrindes.com.br\\\/produto\\\/kit-para-caipirinha-em-bambu-madeira-personalizado\\\/#breadcrumb\",\"itemListElement\":[{\"@type\":\"ListItem\",\"position\":1,\"name\":\"In\u00edcio\",\"item\":\"https:\\\/\\\/ideiagraficaebrindes.com.br\\\/\"},{\"@type\":\"ListItem\",\"position\":2,\"name\":\"Loja\",\"item\":\"https:\\\/\\\/ideiagraficaebrindes.com.br\\\/loja\\\/\"},{\"@type\":\"ListItem\",\"position\":3,\"name\":\"Kit Para Caipirinha Em Bambu Madeira personalizado\"}]},{\"@type\":\"WebSite\",\"@id\":\"https:\\\/\\\/ideiagraficaebrindes.com.br\\\/#website\",\"url\":\"https:\\\/\\\/ideiagraficaebrindes.com.br\\\/\",\"name\":\"Ideia Gr\u00e1fica e Brindes\",\"description\":\"Brindes Personalizados e Impress\u00e3o em geral\",\"potentialAction\":[{\"@type\":\"SearchAction\",\"target\":{\"@type\":\"EntryPoint\",\"urlTemplate\":\"https:\\\/\\\/ideiagraficaebrindes.com.br\\\/?s={search_term_string}\"},\"query-input\":{\"@type\":\"PropertyValueSpecification\",\"valueRequired\":true,\"valueName\":\"search_term_string\"}}],\"inLanguage\":\"en-US\"}]}<\/script>\n<!-- \/ Yoast SEO plugin. -->","yoast_head_json":{"title":"Kit Para Caipirinha Em Bambu Madeira personalizado - Ideia Gr\u00e1fica e Brindes","description":"Na Matbrindes voc\u00ea Encontra kits Tipo de Natal e Ano Novo para Brindes Corporativos. Personalize com a Logo da sua Empresa para Incentivar seus Funcion\u00e1rios","robots":{"index":"index","follow":"follow","max-snippet":"max-snippet:-1","max-image-preview":"max-image-preview:large","max-video-preview":"max-video-preview:-1"},"canonical":"https:\/\/ideiagraficaebrindes.com.br\/en\/product\/kit-para-caipirinha-em-bambu-madeira-personalizado\/","og_locale":"en_US","og_type":"article","og_title":"Kit Para Caipirinha Em Bambu Madeira personalizado - Ideia Gr\u00e1fica e Brindes","og_description":"Na Matbrindes voc\u00ea Encontra kits Tipo de Natal e Ano Novo para Brindes Corporativos. Personalize com a Logo da sua Empresa para Incentivar seus Funcion\u00e1rios","og_url":"https:\/\/ideiagraficaebrindes.com.br\/en\/product\/kit-para-caipirinha-em-bambu-madeira-personalizado\/","og_site_name":"Ideia Gr\u00e1fica e Brindes","article_modified_time":"2024-10-05T15:41:41+00:00","og_image":[{"width":1519,"height":1519,"url":"https:\/\/ideiagraficaebrindes.com.br\/wp-content\/uploads\/2024\/10\/kit_caipirinha_fim_de_Ano.png","type":"image\/png"}],"twitter_card":"summary_large_image","twitter_misc":{"Est. reading time":"1 minute"},"schema":{"@context":"https:\/\/schema.org","@graph":[{"@type":"WebPage","@id":"https:\/\/ideiagraficaebrindes.com.br\/produto\/kit-para-caipirinha-em-bambu-madeira-personalizado\/","url":"https:\/\/ideiagraficaebrindes.com.br\/produto\/kit-para-caipirinha-em-bambu-madeira-personalizado\/","name":"Kit Para Caipirinha Em Bambu Madeira personalizado - Ideia Gr\u00e1fica e Brindes","isPartOf":{"@id":"https:\/\/ideiagraficaebrindes.com.br\/#website"},"primaryImageOfPage":{"@id":"https:\/\/ideiagraficaebrindes.com.br\/produto\/kit-para-caipirinha-em-bambu-madeira-personalizado\/#primaryimage"},"image":{"@id":"https:\/\/ideiagraficaebrindes.com.br\/produto\/kit-para-caipirinha-em-bambu-madeira-personalizado\/#primaryimage"},"thumbnailUrl":"https:\/\/ideiagraficaebrindes.com.br\/wp-content\/uploads\/2024\/10\/kit_caipirinha_fim_de_Ano.png","datePublished":"2024-10-05T15:41:40+00:00","dateModified":"2024-10-05T15:41:41+00:00","description":"Na Matbrindes voc\u00ea Encontra kits Tipo de Natal e Ano Novo para Brindes Corporativos. Personalize com a Logo da sua Empresa para Incentivar seus Funcion\u00e1rios","breadcrumb":{"@id":"https:\/\/ideiagraficaebrindes.com.br\/produto\/kit-para-caipirinha-em-bambu-madeira-personalizado\/#breadcrumb"},"inLanguage":"en-US","potentialAction":[{"@type":"ReadAction","target":["https:\/\/ideiagraficaebrindes.com.br\/produto\/kit-para-caipirinha-em-bambu-madeira-personalizado\/"]}]},{"@type":"ImageObject","inLanguage":"en-US","@id":"https:\/\/ideiagraficaebrindes.com.br\/produto\/kit-para-caipirinha-em-bambu-madeira-personalizado\/#primaryimage","url":"https:\/\/ideiagraficaebrindes.com.br\/wp-content\/uploads\/2024\/10\/kit_caipirinha_fim_de_Ano.png","contentUrl":"https:\/\/ideiagraficaebrindes.com.br\/wp-content\/uploads\/2024\/10\/kit_caipirinha_fim_de_Ano.png","width":1519,"height":1519},{"@type":"BreadcrumbList","@id":"https:\/\/ideiagraficaebrindes.com.br\/produto\/kit-para-caipirinha-em-bambu-madeira-personalizado\/#breadcrumb","itemListElement":[{"@type":"ListItem","position":1,"name":"In\u00edcio","item":"https:\/\/ideiagraficaebrindes.com.br\/"},{"@type":"ListItem","position":2,"name":"Loja","item":"https:\/\/ideiagraficaebrindes.com.br\/loja\/"},{"@type":"ListItem","position":3,"name":"Kit Para Caipirinha Em Bambu Madeira personalizado"}]},{"@type":"WebSite","@id":"https:\/\/ideiagraficaebrindes.com.br\/#website","url":"https:\/\/ideiagraficaebrindes.com.br\/","name":"Ideia Gr\u00e1fica e Brindes","description":"Brindes Personalizados e Impress\u00e3o em geral","potentialAction":[{"@type":"SearchAction","target":{"@type":"EntryPoint","urlTemplate":"https:\/\/ideiagraficaebrindes.com.br\/?s={search_term_string}"},"query-input":{"@type":"PropertyValueSpecification","valueRequired":true,"valueName":"search_term_string"}}],"inLanguage":"en-US"}]}},"_links":{"self":[{"href":"https:\/\/ideiagraficaebrindes.com.br\/en\/wp-json\/wp\/v2\/product\/9029","targetHints":{"allow":["GET"]}}],"collection":[{"href":"https:\/\/ideiagraficaebrindes.com.br\/en\/wp-json\/wp\/v2\/product"}],"about":[{"href":"https:\/\/ideiagraficaebrindes.com.br\/en\/wp-json\/wp\/v2\/types\/product"}],"replies":[{"embeddable":true,"href":"https:\/\/ideiagraficaebrindes.com.br\/en\/wp-json\/wp\/v2\/comments?post=9029"}],"wp:featuredmedia":[{"embeddable":true,"href":"https:\/\/ideiagraficaebrindes.com.br\/en\/wp-json\/wp\/v2\/media\/9031"}],"wp:attachment":[{"href":"https:\/\/ideiagraficaebrindes.com.br\/en\/wp-json\/wp\/v2\/media?parent=9029"}],"wp:term":[{"taxonomy":"product_brand","embeddable":true,"href":"https:\/\/ideiagraficaebrindes.com.br\/en\/wp-json\/wp\/v2\/product_brand?post=9029"},{"taxonomy":"product_cat","embeddable":true,"href":"https:\/\/ideiagraficaebrindes.com.br\/en\/wp-json\/wp\/v2\/product_cat?post=9029"},{"taxonomy":"product_tag","embeddable":true,"href":"https:\/\/ideiagraficaebrindes.com.br\/en\/wp-json\/wp\/v2\/product_tag?post=9029"}],"curies":[{"name":"wp","href":"https:\/\/api.w.org\/{rel}","templated":true}]}}