{"id":9023,"date":"2024-10-05T12:17:55","date_gmt":"2024-10-05T15:17:55","guid":{"rendered":"https:\/\/ideiagraficaebrindes.com.br\/?post_type=product&#038;p=9023"},"modified":"2024-10-05T12:17:55","modified_gmt":"2024-10-05T15:17:55","slug":"kit-de-copos-termicos-500ml-personalizado","status":"publish","type":"product","link":"https:\/\/ideiagraficaebrindes.com.br\/en\/product\/kit-de-copos-termicos-500ml-personalizado\/","title":{"rendered":"Kit De Copos T\u00e9rmicos &#8211; 500Ml &#8211; Personalizado"},"content":{"rendered":"<p>Kit de copos 500ml cada. Conta com dois copos t\u00e9rmicos, um preto e um branco, com tampa e abridor de garrafa. Confeccionados com dupla parede de inox, isolada a v\u00e1cuo. Conserva\u00e7\u00e3o aproximada l\u00edquidos quentes: 1h \/ Conserva\u00e7\u00e3o aproximada l\u00edquidos gelados: 7h \/ Conserva\u00e7\u00e3o aproximada l\u00edquidos com gelo: 15h Ideal para bebidas geladas ou quentes.<\/p>\n<p>&nbsp;<\/p>\n<div class=\"row\"><strong class=\"label\">Dimens\u00f5es do Produto<\/strong>Copo: 17&#215;9,5cm (cada)<\/div>\n<div class=\"row\"><strong class=\"label\">Sugest\u00e3o de Personaliza\u00e7\u00e3o<\/strong>Uma grava\u00e7\u00e3o a Laser nos copos e nos abridores; Silk na tampa da caixa.<\/div>\n<div class=\"row\"><strong class=\"label\">Embalagem<\/strong>Caixa Preta 232x226x90 mm (AxLxP)<\/div>\n<div class=\"row\"><strong class=\"label\">Peso<\/strong>880 g (com embalagem)<\/div>","protected":false},"excerpt":{"rendered":"<p>Kit de copos 500ml cada. Conta com dois copos t\u00e9rmicos, um preto e um branco, com tampa e abridor de garrafa. Confeccionados com dupla parede de inox, isolada a v\u00e1cuo. Conserva\u00e7\u00e3o aproximada l\u00edquidos quentes: 1h \/ Conserva\u00e7\u00e3o aproximada l\u00edquidos gelados: 7h \/ Conserva\u00e7\u00e3o aproximada l\u00edquidos com gelo: 15h Ideal para bebidas geladas ou quentes.<\/p>\n<p>&nbsp;<\/p>\n<div class=\"row\"><strong class=\"label\">Dimens\u00f5es do Produto<\/strong>Copo: 17&#215;9,5cm (cada)<\/div>\n<div class=\"row\"><strong class=\"label\">Sugest\u00e3o de Personaliza\u00e7\u00e3o<\/strong>Uma grava\u00e7\u00e3o a Laser nos copos e nos abridores; Silk na tampa da caixa.<\/div>\n<div class=\"row\"><strong class=\"label\">Embalagem<\/strong>Caixa Preta 232x226x90 mm (AxLxP)<\/div>\n<div class=\"row\"><strong class=\"label\">Peso<\/strong>880 g (com embalagem)<\/div>","protected":false},"featured_media":9028,"comment_status":"open","ping_status":"closed","template":"","meta":{"_monsterinsights_skip_tracking":false,"_monsterinsights_sitenote_active":false,"_monsterinsights_sitenote_note":"","_monsterinsights_sitenote_category":0},"product_brand":[],"product_cat":[453,219],"product_tag":[456,358,454],"class_list":{"0":"post-9023","1":"product","2":"type-product","3":"status-publish","4":"has-post-thumbnail","6":"product_cat-fim-de-ano","7":"product_cat-brindes","8":"product_tag-brindes-fim-de-ano","9":"product_tag-kit-especiais","10":"product_tag-kit-fim-de-ano","12":"first","13":"instock","14":"shipping-taxable","15":"product-type-simple"},"yoast_head":"<!-- This site is optimized with the Yoast SEO plugin v27.4 - https:\/\/yoast.com\/product\/yoast-seo-wordpress\/ -->\n<title>Kit De Copos T\u00e9rmicos - 500Ml - Personalizado - Ideia Gr\u00e1fica e Brindes<\/title>\n<meta name=\"description\" content=\"Na Ideia voc\u00ea Encontra Todo Tipo de Natal e Ano Novo para Brindes Corporativos. Personalize com a Logo da sua Empresa para Incentivar seus Funcion\u00e1rios!\" \/>\n<meta name=\"robots\" content=\"index, follow, max-snippet:-1, max-image-preview:large, max-video-preview:-1\" \/>\n<link rel=\"canonical\" href=\"https:\/\/ideiagraficaebrindes.com.br\/en\/product\/kit-de-copos-termicos-500ml-personalizado\/\" \/>\n<meta property=\"og:locale\" content=\"en_US\" \/>\n<meta property=\"og:type\" content=\"article\" \/>\n<meta property=\"og:title\" content=\"Kit De Copos T\u00e9rmicos - 500Ml - Personalizado - Ideia Gr\u00e1fica e Brindes\" \/>\n<meta property=\"og:description\" content=\"Na Ideia voc\u00ea Encontra Todo Tipo de Natal e Ano Novo para Brindes Corporativos. Personalize com a Logo da sua Empresa para Incentivar seus Funcion\u00e1rios!\" \/>\n<meta property=\"og:url\" content=\"https:\/\/ideiagraficaebrindes.com.br\/en\/product\/kit-de-copos-termicos-500ml-personalizado\/\" \/>\n<meta property=\"og:site_name\" content=\"Ideia Gr\u00e1fica e Brindes\" \/>\n<meta property=\"og:image\" content=\"https:\/\/ideiagraficaebrindes.com.br\/wp-content\/uploads\/2024\/10\/Kit_fim_de_ano_Personalizado-1-1024x1024.png\" \/>\n\t<meta property=\"og:image:width\" content=\"1024\" \/>\n\t<meta property=\"og:image:height\" content=\"1024\" \/>\n\t<meta property=\"og:image:type\" content=\"image\/png\" \/>\n<meta name=\"twitter:card\" content=\"summary_large_image\" \/>\n<meta name=\"twitter:label1\" content=\"Est. reading time\" \/>\n\t<meta name=\"twitter:data1\" content=\"1 minute\" \/>\n<script type=\"application\/ld+json\" class=\"yoast-schema-graph\">{\"@context\":\"https:\\\/\\\/schema.org\",\"@graph\":[{\"@type\":\"WebPage\",\"@id\":\"https:\\\/\\\/ideiagraficaebrindes.com.br\\\/produto\\\/kit-de-copos-termicos-500ml-personalizado\\\/\",\"url\":\"https:\\\/\\\/ideiagraficaebrindes.com.br\\\/produto\\\/kit-de-copos-termicos-500ml-personalizado\\\/\",\"name\":\"Kit De Copos T\u00e9rmicos - 500Ml - Personalizado - Ideia Gr\u00e1fica e Brindes\",\"isPartOf\":{\"@id\":\"https:\\\/\\\/ideiagraficaebrindes.com.br\\\/#website\"},\"primaryImageOfPage\":{\"@id\":\"https:\\\/\\\/ideiagraficaebrindes.com.br\\\/produto\\\/kit-de-copos-termicos-500ml-personalizado\\\/#primaryimage\"},\"image\":{\"@id\":\"https:\\\/\\\/ideiagraficaebrindes.com.br\\\/produto\\\/kit-de-copos-termicos-500ml-personalizado\\\/#primaryimage\"},\"thumbnailUrl\":\"https:\\\/\\\/ideiagraficaebrindes.com.br\\\/wp-content\\\/uploads\\\/2024\\\/10\\\/Kit_fim_de_ano_Personalizado-1.png\",\"datePublished\":\"2024-10-05T15:17:55+00:00\",\"description\":\"Na Ideia voc\u00ea Encontra Todo Tipo de Natal e Ano Novo para Brindes Corporativos. Personalize com a Logo da sua Empresa para Incentivar seus Funcion\u00e1rios!\",\"breadcrumb\":{\"@id\":\"https:\\\/\\\/ideiagraficaebrindes.com.br\\\/produto\\\/kit-de-copos-termicos-500ml-personalizado\\\/#breadcrumb\"},\"inLanguage\":\"en-US\",\"potentialAction\":[{\"@type\":\"ReadAction\",\"target\":[\"https:\\\/\\\/ideiagraficaebrindes.com.br\\\/produto\\\/kit-de-copos-termicos-500ml-personalizado\\\/\"]}]},{\"@type\":\"ImageObject\",\"inLanguage\":\"en-US\",\"@id\":\"https:\\\/\\\/ideiagraficaebrindes.com.br\\\/produto\\\/kit-de-copos-termicos-500ml-personalizado\\\/#primaryimage\",\"url\":\"https:\\\/\\\/ideiagraficaebrindes.com.br\\\/wp-content\\\/uploads\\\/2024\\\/10\\\/Kit_fim_de_ano_Personalizado-1.png\",\"contentUrl\":\"https:\\\/\\\/ideiagraficaebrindes.com.br\\\/wp-content\\\/uploads\\\/2024\\\/10\\\/Kit_fim_de_ano_Personalizado-1.png\",\"width\":1519,\"height\":1519},{\"@type\":\"BreadcrumbList\",\"@id\":\"https:\\\/\\\/ideiagraficaebrindes.com.br\\\/produto\\\/kit-de-copos-termicos-500ml-personalizado\\\/#breadcrumb\",\"itemListElement\":[{\"@type\":\"ListItem\",\"position\":1,\"name\":\"In\u00edcio\",\"item\":\"https:\\\/\\\/ideiagraficaebrindes.com.br\\\/\"},{\"@type\":\"ListItem\",\"position\":2,\"name\":\"Loja\",\"item\":\"https:\\\/\\\/ideiagraficaebrindes.com.br\\\/loja\\\/\"},{\"@type\":\"ListItem\",\"position\":3,\"name\":\"Kit De Copos T\u00e9rmicos &#8211; 500Ml &#8211; Personalizado\"}]},{\"@type\":\"WebSite\",\"@id\":\"https:\\\/\\\/ideiagraficaebrindes.com.br\\\/#website\",\"url\":\"https:\\\/\\\/ideiagraficaebrindes.com.br\\\/\",\"name\":\"Ideia Gr\u00e1fica e Brindes\",\"description\":\"Brindes Personalizados e Impress\u00e3o em geral\",\"potentialAction\":[{\"@type\":\"SearchAction\",\"target\":{\"@type\":\"EntryPoint\",\"urlTemplate\":\"https:\\\/\\\/ideiagraficaebrindes.com.br\\\/?s={search_term_string}\"},\"query-input\":{\"@type\":\"PropertyValueSpecification\",\"valueRequired\":true,\"valueName\":\"search_term_string\"}}],\"inLanguage\":\"en-US\"}]}<\/script>\n<!-- \/ Yoast SEO plugin. -->","yoast_head_json":{"title":"Kit De Copos T\u00e9rmicos - 500Ml - Personalizado - Ideia Gr\u00e1fica e Brindes","description":"Na Ideia voc\u00ea Encontra Todo Tipo de Natal e Ano Novo para Brindes Corporativos. Personalize com a Logo da sua Empresa para Incentivar seus Funcion\u00e1rios!","robots":{"index":"index","follow":"follow","max-snippet":"max-snippet:-1","max-image-preview":"max-image-preview:large","max-video-preview":"max-video-preview:-1"},"canonical":"https:\/\/ideiagraficaebrindes.com.br\/en\/product\/kit-de-copos-termicos-500ml-personalizado\/","og_locale":"en_US","og_type":"article","og_title":"Kit De Copos T\u00e9rmicos - 500Ml - Personalizado - Ideia Gr\u00e1fica e Brindes","og_description":"Na Ideia voc\u00ea Encontra Todo Tipo de Natal e Ano Novo para Brindes Corporativos. Personalize com a Logo da sua Empresa para Incentivar seus Funcion\u00e1rios!","og_url":"https:\/\/ideiagraficaebrindes.com.br\/en\/product\/kit-de-copos-termicos-500ml-personalizado\/","og_site_name":"Ideia Gr\u00e1fica e Brindes","og_image":[{"width":1024,"height":1024,"url":"https:\/\/ideiagraficaebrindes.com.br\/wp-content\/uploads\/2024\/10\/Kit_fim_de_ano_Personalizado-1-1024x1024.png","type":"image\/png"}],"twitter_card":"summary_large_image","twitter_misc":{"Est. reading time":"1 minute"},"schema":{"@context":"https:\/\/schema.org","@graph":[{"@type":"WebPage","@id":"https:\/\/ideiagraficaebrindes.com.br\/produto\/kit-de-copos-termicos-500ml-personalizado\/","url":"https:\/\/ideiagraficaebrindes.com.br\/produto\/kit-de-copos-termicos-500ml-personalizado\/","name":"Kit De Copos T\u00e9rmicos - 500Ml - Personalizado - Ideia Gr\u00e1fica e Brindes","isPartOf":{"@id":"https:\/\/ideiagraficaebrindes.com.br\/#website"},"primaryImageOfPage":{"@id":"https:\/\/ideiagraficaebrindes.com.br\/produto\/kit-de-copos-termicos-500ml-personalizado\/#primaryimage"},"image":{"@id":"https:\/\/ideiagraficaebrindes.com.br\/produto\/kit-de-copos-termicos-500ml-personalizado\/#primaryimage"},"thumbnailUrl":"https:\/\/ideiagraficaebrindes.com.br\/wp-content\/uploads\/2024\/10\/Kit_fim_de_ano_Personalizado-1.png","datePublished":"2024-10-05T15:17:55+00:00","description":"Na Ideia voc\u00ea Encontra Todo Tipo de Natal e Ano Novo para Brindes Corporativos. Personalize com a Logo da sua Empresa para Incentivar seus Funcion\u00e1rios!","breadcrumb":{"@id":"https:\/\/ideiagraficaebrindes.com.br\/produto\/kit-de-copos-termicos-500ml-personalizado\/#breadcrumb"},"inLanguage":"en-US","potentialAction":[{"@type":"ReadAction","target":["https:\/\/ideiagraficaebrindes.com.br\/produto\/kit-de-copos-termicos-500ml-personalizado\/"]}]},{"@type":"ImageObject","inLanguage":"en-US","@id":"https:\/\/ideiagraficaebrindes.com.br\/produto\/kit-de-copos-termicos-500ml-personalizado\/#primaryimage","url":"https:\/\/ideiagraficaebrindes.com.br\/wp-content\/uploads\/2024\/10\/Kit_fim_de_ano_Personalizado-1.png","contentUrl":"https:\/\/ideiagraficaebrindes.com.br\/wp-content\/uploads\/2024\/10\/Kit_fim_de_ano_Personalizado-1.png","width":1519,"height":1519},{"@type":"BreadcrumbList","@id":"https:\/\/ideiagraficaebrindes.com.br\/produto\/kit-de-copos-termicos-500ml-personalizado\/#breadcrumb","itemListElement":[{"@type":"ListItem","position":1,"name":"In\u00edcio","item":"https:\/\/ideiagraficaebrindes.com.br\/"},{"@type":"ListItem","position":2,"name":"Loja","item":"https:\/\/ideiagraficaebrindes.com.br\/loja\/"},{"@type":"ListItem","position":3,"name":"Kit De Copos T\u00e9rmicos &#8211; 500Ml &#8211; Personalizado"}]},{"@type":"WebSite","@id":"https:\/\/ideiagraficaebrindes.com.br\/#website","url":"https:\/\/ideiagraficaebrindes.com.br\/","name":"Ideia Gr\u00e1fica e Brindes","description":"Brindes Personalizados e Impress\u00e3o em geral","potentialAction":[{"@type":"SearchAction","target":{"@type":"EntryPoint","urlTemplate":"https:\/\/ideiagraficaebrindes.com.br\/?s={search_term_string}"},"query-input":{"@type":"PropertyValueSpecification","valueRequired":true,"valueName":"search_term_string"}}],"inLanguage":"en-US"}]}},"_links":{"self":[{"href":"https:\/\/ideiagraficaebrindes.com.br\/en\/wp-json\/wp\/v2\/product\/9023","targetHints":{"allow":["GET"]}}],"collection":[{"href":"https:\/\/ideiagraficaebrindes.com.br\/en\/wp-json\/wp\/v2\/product"}],"about":[{"href":"https:\/\/ideiagraficaebrindes.com.br\/en\/wp-json\/wp\/v2\/types\/product"}],"replies":[{"embeddable":true,"href":"https:\/\/ideiagraficaebrindes.com.br\/en\/wp-json\/wp\/v2\/comments?post=9023"}],"wp:featuredmedia":[{"embeddable":true,"href":"https:\/\/ideiagraficaebrindes.com.br\/en\/wp-json\/wp\/v2\/media\/9028"}],"wp:attachment":[{"href":"https:\/\/ideiagraficaebrindes.com.br\/en\/wp-json\/wp\/v2\/media?parent=9023"}],"wp:term":[{"taxonomy":"product_brand","embeddable":true,"href":"https:\/\/ideiagraficaebrindes.com.br\/en\/wp-json\/wp\/v2\/product_brand?post=9023"},{"taxonomy":"product_cat","embeddable":true,"href":"https:\/\/ideiagraficaebrindes.com.br\/en\/wp-json\/wp\/v2\/product_cat?post=9023"},{"taxonomy":"product_tag","embeddable":true,"href":"https:\/\/ideiagraficaebrindes.com.br\/en\/wp-json\/wp\/v2\/product_tag?post=9023"}],"curies":[{"name":"wp","href":"https:\/\/api.w.org\/{rel}","templated":true}]}}