{"id":8396,"date":"2023-10-19T11:42:19","date_gmt":"2023-10-19T14:42:19","guid":{"rendered":"https:\/\/ideiagraficaebrindes.com.br\/?post_type=product&#038;p=8396"},"modified":"2023-10-19T11:42:19","modified_gmt":"2023-10-19T14:42:19","slug":"bloco-de-anotacao-com-autoadesivos-e-caneta","status":"publish","type":"product","link":"https:\/\/ideiagraficaebrindes.com.br\/en\/product\/bloco-de-anotacao-com-autoadesivos-e-caneta\/","title":{"rendered":"Bloco de Anota\u00e7\u00e3o com Autoadesivos e Caneta"},"content":{"rendered":"<div class=\"desc\">\n<p class=\"desc-tit\"><span class=\"desc-sub my-desc-sub\">Bloco de anota\u00e7\u00f5es ecol\u00f3gico com caneta e autoadesivos, material kraft. Possui uma faixa colorida em tnt e fita el\u00e1stica, parte interna com suporte para caneta de papel\u00e3o com clip pl\u00e1stico; bloco amarelo m\u00e9dio com aproximadamente 20 folhas; bloco amarelo pequeno com aproximadamente 20 folhas; cinco blocos autoadesivos coloridos com aproximadamente 20 folhas cada e bloco de folhas pardas com aproximadamente 70 folhas.<\/span><\/p>\n<\/div>\n<div class=\"desc\">\n<p class=\"desc-tit\">Medidas aproximadas para grava\u00e7\u00e3o<span class=\"desc-sub\">\u00a0(CxL):\u00a0 7 cm x 10,9 cm &#8211; Caneta 3,7 cm x 0,7 cm<\/span><\/p>\n<\/div>\n<div class=\"desc\">\n<p class=\"desc-tit\">Tamanho total aproximado\u00a0<span class=\"desc-sub\">\u00a0(CxL):\u00a0 18,1 cm x 14,1 cm &#8211; Caneta 13,9 cm x 1,5 cm<\/span><\/p>\n<\/div>\n<div class=\"desc\">\n<p class=\"desc-tit\">Peso aproximado<span class=\"desc-sub\">\u00a0(g):\u00a0 186<\/span><\/p>\n<\/div>","protected":false},"excerpt":{"rendered":"<div class=\"desc\">\n<p class=\"desc-tit\"><span class=\"desc-sub my-desc-sub\">Bloco de anota\u00e7\u00f5es ecol\u00f3gico com caneta e autoadesivos, material kraft. Possui uma faixa colorida em tnt e fita el\u00e1stica, parte interna com suporte para caneta de papel\u00e3o com clip pl\u00e1stico; bloco amarelo m\u00e9dio com aproximadamente 20 folhas; bloco amarelo pequeno com aproximadamente 20 folhas; cinco blocos autoadesivos coloridos com aproximadamente 20 folhas cada e bloco de folhas pardas com aproximadamente 70 folhas.<\/span><\/p>\n<\/div>\n<div class=\"desc\">\n<p class=\"desc-tit\">Medidas aproximadas para grava\u00e7\u00e3o<span class=\"desc-sub\">\u00a0(CxL):\u00a0 7 cm x 10,9 cm &#8211; Caneta 3,7 cm x 0,7 cm<\/span><\/p>\n<\/div>\n<div class=\"desc\">\n<p class=\"desc-tit\">Tamanho total aproximado\u00a0<span class=\"desc-sub\">\u00a0(CxL):\u00a0 18,1 cm x 14,1 cm &#8211; Caneta 13,9 cm x 1,5 cm<\/span><\/p>\n<\/div>\n<div class=\"desc\">\n<p class=\"desc-tit\">Peso aproximado<span class=\"desc-sub\">\u00a0(g):\u00a0 186<\/span><\/p>\n<\/div>","protected":false},"featured_media":8398,"comment_status":"open","ping_status":"closed","template":"","meta":{"_monsterinsights_skip_tracking":false,"_monsterinsights_sitenote_active":false,"_monsterinsights_sitenote_note":"","_monsterinsights_sitenote_category":0},"product_brand":[],"product_cat":[196,219,113],"product_tag":[107,106,110],"class_list":{"0":"post-8396","1":"product","2":"type-product","3":"status-publish","4":"has-post-thumbnail","6":"product_cat-blocos-e-cadernetas","7":"product_cat-brindes","8":"product_cat-linha-eco","9":"product_tag-bloco","10":"product_tag-bloco-de-anotacoes","11":"product_tag-linha-ecologica","13":"first","14":"instock","15":"shipping-taxable","16":"product-type-simple"},"yoast_head":"<!-- This site is optimized with the Yoast SEO plugin v27.4 - https:\/\/yoast.com\/product\/yoast-seo-wordpress\/ -->\n<title>Bloco de Anota\u00e7\u00e3o com Autoadesivos e Caneta - Ideia Gr\u00e1fica e Brindes<\/title>\n<meta name=\"description\" content=\"Bloco de anota\u00e7\u00f5es ecol\u00f3gico com caneta e autoadesivos, material kraft. em tnt e fita el\u00e1stica, parte interna com suporte para caneta de papel\u00e3o\" \/>\n<meta name=\"robots\" content=\"index, follow, max-snippet:-1, max-image-preview:large, max-video-preview:-1\" \/>\n<link rel=\"canonical\" href=\"https:\/\/ideiagraficaebrindes.com.br\/en\/product\/bloco-de-anotacao-com-autoadesivos-e-caneta\/\" \/>\n<meta property=\"og:locale\" content=\"en_US\" \/>\n<meta property=\"og:type\" content=\"article\" \/>\n<meta property=\"og:title\" content=\"Bloco de Anota\u00e7\u00e3o com Autoadesivos e Caneta - Ideia Gr\u00e1fica e Brindes\" \/>\n<meta property=\"og:description\" content=\"Bloco de anota\u00e7\u00f5es ecol\u00f3gico com caneta e autoadesivos, material kraft. em tnt e fita el\u00e1stica, parte interna com suporte para caneta de papel\u00e3o\" \/>\n<meta property=\"og:url\" content=\"https:\/\/ideiagraficaebrindes.com.br\/en\/product\/bloco-de-anotacao-com-autoadesivos-e-caneta\/\" \/>\n<meta property=\"og:site_name\" content=\"Ideia Gr\u00e1fica e Brindes\" \/>\n<meta property=\"og:image\" content=\"https:\/\/ideiagraficaebrindes.com.br\/wp-content\/uploads\/2023\/10\/Bloco-de-Anotacao-com-Post-it-e-Caneta-6737d1-1510942528.jpg\" \/>\n\t<meta property=\"og:image:width\" content=\"1000\" \/>\n\t<meta property=\"og:image:height\" content=\"1000\" \/>\n\t<meta property=\"og:image:type\" content=\"image\/jpeg\" \/>\n<meta name=\"twitter:card\" content=\"summary_large_image\" \/>\n<meta name=\"twitter:label1\" content=\"Est. reading time\" \/>\n\t<meta name=\"twitter:data1\" content=\"1 minute\" \/>\n<script type=\"application\/ld+json\" class=\"yoast-schema-graph\">{\"@context\":\"https:\\\/\\\/schema.org\",\"@graph\":[{\"@type\":\"WebPage\",\"@id\":\"https:\\\/\\\/ideiagraficaebrindes.com.br\\\/produto\\\/bloco-de-anotacao-com-autoadesivos-e-caneta\\\/\",\"url\":\"https:\\\/\\\/ideiagraficaebrindes.com.br\\\/produto\\\/bloco-de-anotacao-com-autoadesivos-e-caneta\\\/\",\"name\":\"Bloco de Anota\u00e7\u00e3o com Autoadesivos e Caneta - Ideia Gr\u00e1fica e Brindes\",\"isPartOf\":{\"@id\":\"https:\\\/\\\/ideiagraficaebrindes.com.br\\\/#website\"},\"primaryImageOfPage\":{\"@id\":\"https:\\\/\\\/ideiagraficaebrindes.com.br\\\/produto\\\/bloco-de-anotacao-com-autoadesivos-e-caneta\\\/#primaryimage\"},\"image\":{\"@id\":\"https:\\\/\\\/ideiagraficaebrindes.com.br\\\/produto\\\/bloco-de-anotacao-com-autoadesivos-e-caneta\\\/#primaryimage\"},\"thumbnailUrl\":\"https:\\\/\\\/ideiagraficaebrindes.com.br\\\/wp-content\\\/uploads\\\/2023\\\/10\\\/Bloco-de-Anotacao-com-Post-it-e-Caneta-6737d1-1510942528.jpg\",\"datePublished\":\"2023-10-19T14:42:19+00:00\",\"description\":\"Bloco de anota\u00e7\u00f5es ecol\u00f3gico com caneta e autoadesivos, material kraft. em tnt e fita el\u00e1stica, parte interna com suporte para caneta de papel\u00e3o\",\"breadcrumb\":{\"@id\":\"https:\\\/\\\/ideiagraficaebrindes.com.br\\\/produto\\\/bloco-de-anotacao-com-autoadesivos-e-caneta\\\/#breadcrumb\"},\"inLanguage\":\"en-US\",\"potentialAction\":[{\"@type\":\"ReadAction\",\"target\":[\"https:\\\/\\\/ideiagraficaebrindes.com.br\\\/produto\\\/bloco-de-anotacao-com-autoadesivos-e-caneta\\\/\"]}]},{\"@type\":\"ImageObject\",\"inLanguage\":\"en-US\",\"@id\":\"https:\\\/\\\/ideiagraficaebrindes.com.br\\\/produto\\\/bloco-de-anotacao-com-autoadesivos-e-caneta\\\/#primaryimage\",\"url\":\"https:\\\/\\\/ideiagraficaebrindes.com.br\\\/wp-content\\\/uploads\\\/2023\\\/10\\\/Bloco-de-Anotacao-com-Post-it-e-Caneta-6737d1-1510942528.jpg\",\"contentUrl\":\"https:\\\/\\\/ideiagraficaebrindes.com.br\\\/wp-content\\\/uploads\\\/2023\\\/10\\\/Bloco-de-Anotacao-com-Post-it-e-Caneta-6737d1-1510942528.jpg\",\"width\":1000,\"height\":1000},{\"@type\":\"BreadcrumbList\",\"@id\":\"https:\\\/\\\/ideiagraficaebrindes.com.br\\\/produto\\\/bloco-de-anotacao-com-autoadesivos-e-caneta\\\/#breadcrumb\",\"itemListElement\":[{\"@type\":\"ListItem\",\"position\":1,\"name\":\"In\u00edcio\",\"item\":\"https:\\\/\\\/ideiagraficaebrindes.com.br\\\/\"},{\"@type\":\"ListItem\",\"position\":2,\"name\":\"Loja\",\"item\":\"https:\\\/\\\/ideiagraficaebrindes.com.br\\\/loja\\\/\"},{\"@type\":\"ListItem\",\"position\":3,\"name\":\"Bloco de Anota\u00e7\u00e3o com Autoadesivos e Caneta\"}]},{\"@type\":\"WebSite\",\"@id\":\"https:\\\/\\\/ideiagraficaebrindes.com.br\\\/#website\",\"url\":\"https:\\\/\\\/ideiagraficaebrindes.com.br\\\/\",\"name\":\"Ideia Gr\u00e1fica e Brindes\",\"description\":\"Brindes Personalizados e Impress\u00e3o em geral\",\"potentialAction\":[{\"@type\":\"SearchAction\",\"target\":{\"@type\":\"EntryPoint\",\"urlTemplate\":\"https:\\\/\\\/ideiagraficaebrindes.com.br\\\/?s={search_term_string}\"},\"query-input\":{\"@type\":\"PropertyValueSpecification\",\"valueRequired\":true,\"valueName\":\"search_term_string\"}}],\"inLanguage\":\"en-US\"}]}<\/script>\n<!-- \/ Yoast SEO plugin. -->","yoast_head_json":{"title":"Bloco de Anota\u00e7\u00e3o com Autoadesivos e Caneta - Ideia Gr\u00e1fica e Brindes","description":"Bloco de anota\u00e7\u00f5es ecol\u00f3gico com caneta e autoadesivos, material kraft. em tnt e fita el\u00e1stica, parte interna com suporte para caneta de papel\u00e3o","robots":{"index":"index","follow":"follow","max-snippet":"max-snippet:-1","max-image-preview":"max-image-preview:large","max-video-preview":"max-video-preview:-1"},"canonical":"https:\/\/ideiagraficaebrindes.com.br\/en\/product\/bloco-de-anotacao-com-autoadesivos-e-caneta\/","og_locale":"en_US","og_type":"article","og_title":"Bloco de Anota\u00e7\u00e3o com Autoadesivos e Caneta - Ideia Gr\u00e1fica e Brindes","og_description":"Bloco de anota\u00e7\u00f5es ecol\u00f3gico com caneta e autoadesivos, material kraft. em tnt e fita el\u00e1stica, parte interna com suporte para caneta de papel\u00e3o","og_url":"https:\/\/ideiagraficaebrindes.com.br\/en\/product\/bloco-de-anotacao-com-autoadesivos-e-caneta\/","og_site_name":"Ideia Gr\u00e1fica e Brindes","og_image":[{"width":1000,"height":1000,"url":"https:\/\/ideiagraficaebrindes.com.br\/wp-content\/uploads\/2023\/10\/Bloco-de-Anotacao-com-Post-it-e-Caneta-6737d1-1510942528.jpg","type":"image\/jpeg"}],"twitter_card":"summary_large_image","twitter_misc":{"Est. reading time":"1 minute"},"schema":{"@context":"https:\/\/schema.org","@graph":[{"@type":"WebPage","@id":"https:\/\/ideiagraficaebrindes.com.br\/produto\/bloco-de-anotacao-com-autoadesivos-e-caneta\/","url":"https:\/\/ideiagraficaebrindes.com.br\/produto\/bloco-de-anotacao-com-autoadesivos-e-caneta\/","name":"Bloco de Anota\u00e7\u00e3o com Autoadesivos e Caneta - Ideia Gr\u00e1fica e Brindes","isPartOf":{"@id":"https:\/\/ideiagraficaebrindes.com.br\/#website"},"primaryImageOfPage":{"@id":"https:\/\/ideiagraficaebrindes.com.br\/produto\/bloco-de-anotacao-com-autoadesivos-e-caneta\/#primaryimage"},"image":{"@id":"https:\/\/ideiagraficaebrindes.com.br\/produto\/bloco-de-anotacao-com-autoadesivos-e-caneta\/#primaryimage"},"thumbnailUrl":"https:\/\/ideiagraficaebrindes.com.br\/wp-content\/uploads\/2023\/10\/Bloco-de-Anotacao-com-Post-it-e-Caneta-6737d1-1510942528.jpg","datePublished":"2023-10-19T14:42:19+00:00","description":"Bloco de anota\u00e7\u00f5es ecol\u00f3gico com caneta e autoadesivos, material kraft. em tnt e fita el\u00e1stica, parte interna com suporte para caneta de papel\u00e3o","breadcrumb":{"@id":"https:\/\/ideiagraficaebrindes.com.br\/produto\/bloco-de-anotacao-com-autoadesivos-e-caneta\/#breadcrumb"},"inLanguage":"en-US","potentialAction":[{"@type":"ReadAction","target":["https:\/\/ideiagraficaebrindes.com.br\/produto\/bloco-de-anotacao-com-autoadesivos-e-caneta\/"]}]},{"@type":"ImageObject","inLanguage":"en-US","@id":"https:\/\/ideiagraficaebrindes.com.br\/produto\/bloco-de-anotacao-com-autoadesivos-e-caneta\/#primaryimage","url":"https:\/\/ideiagraficaebrindes.com.br\/wp-content\/uploads\/2023\/10\/Bloco-de-Anotacao-com-Post-it-e-Caneta-6737d1-1510942528.jpg","contentUrl":"https:\/\/ideiagraficaebrindes.com.br\/wp-content\/uploads\/2023\/10\/Bloco-de-Anotacao-com-Post-it-e-Caneta-6737d1-1510942528.jpg","width":1000,"height":1000},{"@type":"BreadcrumbList","@id":"https:\/\/ideiagraficaebrindes.com.br\/produto\/bloco-de-anotacao-com-autoadesivos-e-caneta\/#breadcrumb","itemListElement":[{"@type":"ListItem","position":1,"name":"In\u00edcio","item":"https:\/\/ideiagraficaebrindes.com.br\/"},{"@type":"ListItem","position":2,"name":"Loja","item":"https:\/\/ideiagraficaebrindes.com.br\/loja\/"},{"@type":"ListItem","position":3,"name":"Bloco de Anota\u00e7\u00e3o com Autoadesivos e Caneta"}]},{"@type":"WebSite","@id":"https:\/\/ideiagraficaebrindes.com.br\/#website","url":"https:\/\/ideiagraficaebrindes.com.br\/","name":"Ideia Gr\u00e1fica e Brindes","description":"Brindes Personalizados e Impress\u00e3o em geral","potentialAction":[{"@type":"SearchAction","target":{"@type":"EntryPoint","urlTemplate":"https:\/\/ideiagraficaebrindes.com.br\/?s={search_term_string}"},"query-input":{"@type":"PropertyValueSpecification","valueRequired":true,"valueName":"search_term_string"}}],"inLanguage":"en-US"}]}},"_links":{"self":[{"href":"https:\/\/ideiagraficaebrindes.com.br\/en\/wp-json\/wp\/v2\/product\/8396","targetHints":{"allow":["GET"]}}],"collection":[{"href":"https:\/\/ideiagraficaebrindes.com.br\/en\/wp-json\/wp\/v2\/product"}],"about":[{"href":"https:\/\/ideiagraficaebrindes.com.br\/en\/wp-json\/wp\/v2\/types\/product"}],"replies":[{"embeddable":true,"href":"https:\/\/ideiagraficaebrindes.com.br\/en\/wp-json\/wp\/v2\/comments?post=8396"}],"wp:featuredmedia":[{"embeddable":true,"href":"https:\/\/ideiagraficaebrindes.com.br\/en\/wp-json\/wp\/v2\/media\/8398"}],"wp:attachment":[{"href":"https:\/\/ideiagraficaebrindes.com.br\/en\/wp-json\/wp\/v2\/media?parent=8396"}],"wp:term":[{"taxonomy":"product_brand","embeddable":true,"href":"https:\/\/ideiagraficaebrindes.com.br\/en\/wp-json\/wp\/v2\/product_brand?post=8396"},{"taxonomy":"product_cat","embeddable":true,"href":"https:\/\/ideiagraficaebrindes.com.br\/en\/wp-json\/wp\/v2\/product_cat?post=8396"},{"taxonomy":"product_tag","embeddable":true,"href":"https:\/\/ideiagraficaebrindes.com.br\/en\/wp-json\/wp\/v2\/product_tag?post=8396"}],"curies":[{"name":"wp","href":"https:\/\/api.w.org\/{rel}","templated":true}]}}