{"id":8164,"date":"2023-05-19T09:36:29","date_gmt":"2023-05-19T12:36:29","guid":{"rendered":"https:\/\/ideiagraficaebrindes.com.br\/?post_type=product&#038;p=8164"},"modified":"2023-05-19T09:45:02","modified_gmt":"2023-05-19T12:45:02","slug":"garrafa-termica-cafe-250ml","status":"publish","type":"product","link":"https:\/\/ideiagraficaebrindes.com.br\/en\/product\/garrafa-termica-cafe-250ml\/","title":{"rendered":"Garrafa T\u00e9rmica 250ml"},"content":{"rendered":"<p><span class=\"desc-sub my-desc-sub\">Garrafa t\u00e9rmica 250ml com acabamento degrad\u00ea, cont\u00e9m tampa herm\u00e9tica rosque\u00e1vel com bot\u00e3o de acionamento e tampa externa pl\u00e1stica com al\u00e7a, podendo ser utilizada como x\u00edcara.<\/span><\/p>\n<p>Material: Inox<\/p>\n<p>Altura: 14,7 cm<\/p>\n<p>Largura: 9 cm<\/p>\n<p>Circunfer\u00eancia: 22,1 cm<\/p>\n<p>Medidas para grava\u00e7\u00e3o (A x L): 6,5 cm x 6 cm<\/p>\n<p>Peso: 211 g<\/p>\n<p>&nbsp;<\/p>","protected":false},"excerpt":{"rendered":"<p><span class=\"desc-sub my-desc-sub\">Garrafa t\u00e9rmica 250ml com acabamento degrad\u00ea, cont\u00e9m tampa herm\u00e9tica rosque\u00e1vel com bot\u00e3o de acionamento e tampa externa pl\u00e1stica com al\u00e7a, podendo ser utilizada como x\u00edcara.<\/span><\/p>\n<p>Material: Inox<\/p>\n<p>Altura: 14,7 cm<\/p>\n<p>Largura: 9 cm<\/p>\n<p>Circunfer\u00eancia: 22,1 cm<\/p>\n<p>Medidas para grava\u00e7\u00e3o (A x L): 6,5 cm x 6 cm<\/p>\n<p>Peso: 211 g<\/p>\n<p>&nbsp;<\/p>","protected":false},"featured_media":8165,"comment_status":"open","ping_status":"closed","template":"","meta":{"_monsterinsights_skip_tracking":false,"_monsterinsights_sitenote_active":false,"_monsterinsights_sitenote_note":"","_monsterinsights_sitenote_category":0},"product_brand":[],"product_cat":[219,163],"product_tag":[164,403,338],"class_list":{"0":"post-8164","1":"product","2":"type-product","3":"status-publish","4":"has-post-thumbnail","6":"product_cat-brindes","7":"product_cat-squeezes-e-garrafas","8":"product_tag-garrafa","9":"product_tag-garrafa-cafe","10":"product_tag-garrafa-termica","12":"first","13":"instock","14":"shipping-taxable","15":"product-type-simple"},"yoast_head":"<!-- This site is optimized with the Yoast SEO plugin v27.4 - https:\/\/yoast.com\/product\/yoast-seo-wordpress\/ -->\n<title>Garrafa T\u00e9rmica 250ml - Ideia Gr\u00e1fica e Brindes<\/title>\n<meta name=\"description\" content=\"A garrafa t\u00e9rmica caf\u00e9 de 250ml \u00e9 a op\u00e7\u00e3o certa para conservar o seu caf\u00e9 quentinho. E ainda personalizar com a sua marca ou o seu nome! Oportunidade \u00fanica!\" \/>\n<meta name=\"robots\" content=\"index, follow, max-snippet:-1, max-image-preview:large, max-video-preview:-1\" \/>\n<link rel=\"canonical\" href=\"https:\/\/ideiagraficaebrindes.com.br\/en\/product\/garrafa-termica-cafe-250ml\/\" \/>\n<meta property=\"og:locale\" content=\"en_US\" \/>\n<meta property=\"og:type\" content=\"article\" \/>\n<meta property=\"og:title\" content=\"Garrafa T\u00e9rmica 250ml - Ideia Gr\u00e1fica e Brindes\" \/>\n<meta property=\"og:description\" content=\"A garrafa t\u00e9rmica caf\u00e9 de 250ml \u00e9 a op\u00e7\u00e3o certa para conservar o seu caf\u00e9 quentinho. E ainda personalizar com a sua marca ou o seu nome! Oportunidade \u00fanica!\" \/>\n<meta property=\"og:url\" content=\"https:\/\/ideiagraficaebrindes.com.br\/en\/product\/garrafa-termica-cafe-250ml\/\" \/>\n<meta property=\"og:site_name\" content=\"Ideia Gr\u00e1fica e Brindes\" \/>\n<meta property=\"article:modified_time\" content=\"2023-05-19T12:45:02+00:00\" \/>\n<meta property=\"og:image\" content=\"https:\/\/ideiagraficaebrindes.com.br\/wp-content\/uploads\/2023\/05\/Garrafa-Termica-250ml-12829d1-1618513772.jpg\" \/>\n\t<meta property=\"og:image:width\" content=\"1000\" \/>\n\t<meta property=\"og:image:height\" content=\"1000\" \/>\n\t<meta property=\"og:image:type\" content=\"image\/jpeg\" \/>\n<meta name=\"twitter:card\" content=\"summary_large_image\" \/>\n<meta name=\"twitter:label1\" content=\"Est. reading time\" \/>\n\t<meta name=\"twitter:data1\" content=\"1 minute\" \/>\n<script type=\"application\/ld+json\" class=\"yoast-schema-graph\">{\"@context\":\"https:\\\/\\\/schema.org\",\"@graph\":[{\"@type\":\"WebPage\",\"@id\":\"https:\\\/\\\/ideiagraficaebrindes.com.br\\\/produto\\\/garrafa-termica-cafe-250ml\\\/\",\"url\":\"https:\\\/\\\/ideiagraficaebrindes.com.br\\\/produto\\\/garrafa-termica-cafe-250ml\\\/\",\"name\":\"Garrafa T\u00e9rmica 250ml - Ideia Gr\u00e1fica e Brindes\",\"isPartOf\":{\"@id\":\"https:\\\/\\\/ideiagraficaebrindes.com.br\\\/#website\"},\"primaryImageOfPage\":{\"@id\":\"https:\\\/\\\/ideiagraficaebrindes.com.br\\\/produto\\\/garrafa-termica-cafe-250ml\\\/#primaryimage\"},\"image\":{\"@id\":\"https:\\\/\\\/ideiagraficaebrindes.com.br\\\/produto\\\/garrafa-termica-cafe-250ml\\\/#primaryimage\"},\"thumbnailUrl\":\"https:\\\/\\\/ideiagraficaebrindes.com.br\\\/wp-content\\\/uploads\\\/2023\\\/05\\\/Garrafa-Termica-250ml-12829d1-1618513772.jpg\",\"datePublished\":\"2023-05-19T12:36:29+00:00\",\"dateModified\":\"2023-05-19T12:45:02+00:00\",\"description\":\"A garrafa t\u00e9rmica caf\u00e9 de 250ml \u00e9 a op\u00e7\u00e3o certa para conservar o seu caf\u00e9 quentinho. E ainda personalizar com a sua marca ou o seu nome! Oportunidade \u00fanica!\",\"breadcrumb\":{\"@id\":\"https:\\\/\\\/ideiagraficaebrindes.com.br\\\/produto\\\/garrafa-termica-cafe-250ml\\\/#breadcrumb\"},\"inLanguage\":\"en-US\",\"potentialAction\":[{\"@type\":\"ReadAction\",\"target\":[\"https:\\\/\\\/ideiagraficaebrindes.com.br\\\/produto\\\/garrafa-termica-cafe-250ml\\\/\"]}]},{\"@type\":\"ImageObject\",\"inLanguage\":\"en-US\",\"@id\":\"https:\\\/\\\/ideiagraficaebrindes.com.br\\\/produto\\\/garrafa-termica-cafe-250ml\\\/#primaryimage\",\"url\":\"https:\\\/\\\/ideiagraficaebrindes.com.br\\\/wp-content\\\/uploads\\\/2023\\\/05\\\/Garrafa-Termica-250ml-12829d1-1618513772.jpg\",\"contentUrl\":\"https:\\\/\\\/ideiagraficaebrindes.com.br\\\/wp-content\\\/uploads\\\/2023\\\/05\\\/Garrafa-Termica-250ml-12829d1-1618513772.jpg\",\"width\":1000,\"height\":1000},{\"@type\":\"BreadcrumbList\",\"@id\":\"https:\\\/\\\/ideiagraficaebrindes.com.br\\\/produto\\\/garrafa-termica-cafe-250ml\\\/#breadcrumb\",\"itemListElement\":[{\"@type\":\"ListItem\",\"position\":1,\"name\":\"In\u00edcio\",\"item\":\"https:\\\/\\\/ideiagraficaebrindes.com.br\\\/\"},{\"@type\":\"ListItem\",\"position\":2,\"name\":\"Loja\",\"item\":\"https:\\\/\\\/ideiagraficaebrindes.com.br\\\/loja\\\/\"},{\"@type\":\"ListItem\",\"position\":3,\"name\":\"Garrafa T\u00e9rmica 250ml\"}]},{\"@type\":\"WebSite\",\"@id\":\"https:\\\/\\\/ideiagraficaebrindes.com.br\\\/#website\",\"url\":\"https:\\\/\\\/ideiagraficaebrindes.com.br\\\/\",\"name\":\"Ideia Gr\u00e1fica e Brindes\",\"description\":\"Brindes Personalizados e Impress\u00e3o em geral\",\"potentialAction\":[{\"@type\":\"SearchAction\",\"target\":{\"@type\":\"EntryPoint\",\"urlTemplate\":\"https:\\\/\\\/ideiagraficaebrindes.com.br\\\/?s={search_term_string}\"},\"query-input\":{\"@type\":\"PropertyValueSpecification\",\"valueRequired\":true,\"valueName\":\"search_term_string\"}}],\"inLanguage\":\"en-US\"}]}<\/script>\n<!-- \/ Yoast SEO plugin. -->","yoast_head_json":{"title":"Garrafa T\u00e9rmica 250ml - Ideia Gr\u00e1fica e Brindes","description":"A garrafa t\u00e9rmica caf\u00e9 de 250ml \u00e9 a op\u00e7\u00e3o certa para conservar o seu caf\u00e9 quentinho. E ainda personalizar com a sua marca ou o seu nome! Oportunidade \u00fanica!","robots":{"index":"index","follow":"follow","max-snippet":"max-snippet:-1","max-image-preview":"max-image-preview:large","max-video-preview":"max-video-preview:-1"},"canonical":"https:\/\/ideiagraficaebrindes.com.br\/en\/product\/garrafa-termica-cafe-250ml\/","og_locale":"en_US","og_type":"article","og_title":"Garrafa T\u00e9rmica 250ml - Ideia Gr\u00e1fica e Brindes","og_description":"A garrafa t\u00e9rmica caf\u00e9 de 250ml \u00e9 a op\u00e7\u00e3o certa para conservar o seu caf\u00e9 quentinho. E ainda personalizar com a sua marca ou o seu nome! Oportunidade \u00fanica!","og_url":"https:\/\/ideiagraficaebrindes.com.br\/en\/product\/garrafa-termica-cafe-250ml\/","og_site_name":"Ideia Gr\u00e1fica e Brindes","article_modified_time":"2023-05-19T12:45:02+00:00","og_image":[{"width":1000,"height":1000,"url":"https:\/\/ideiagraficaebrindes.com.br\/wp-content\/uploads\/2023\/05\/Garrafa-Termica-250ml-12829d1-1618513772.jpg","type":"image\/jpeg"}],"twitter_card":"summary_large_image","twitter_misc":{"Est. reading time":"1 minute"},"schema":{"@context":"https:\/\/schema.org","@graph":[{"@type":"WebPage","@id":"https:\/\/ideiagraficaebrindes.com.br\/produto\/garrafa-termica-cafe-250ml\/","url":"https:\/\/ideiagraficaebrindes.com.br\/produto\/garrafa-termica-cafe-250ml\/","name":"Garrafa T\u00e9rmica 250ml - Ideia Gr\u00e1fica e Brindes","isPartOf":{"@id":"https:\/\/ideiagraficaebrindes.com.br\/#website"},"primaryImageOfPage":{"@id":"https:\/\/ideiagraficaebrindes.com.br\/produto\/garrafa-termica-cafe-250ml\/#primaryimage"},"image":{"@id":"https:\/\/ideiagraficaebrindes.com.br\/produto\/garrafa-termica-cafe-250ml\/#primaryimage"},"thumbnailUrl":"https:\/\/ideiagraficaebrindes.com.br\/wp-content\/uploads\/2023\/05\/Garrafa-Termica-250ml-12829d1-1618513772.jpg","datePublished":"2023-05-19T12:36:29+00:00","dateModified":"2023-05-19T12:45:02+00:00","description":"A garrafa t\u00e9rmica caf\u00e9 de 250ml \u00e9 a op\u00e7\u00e3o certa para conservar o seu caf\u00e9 quentinho. E ainda personalizar com a sua marca ou o seu nome! Oportunidade \u00fanica!","breadcrumb":{"@id":"https:\/\/ideiagraficaebrindes.com.br\/produto\/garrafa-termica-cafe-250ml\/#breadcrumb"},"inLanguage":"en-US","potentialAction":[{"@type":"ReadAction","target":["https:\/\/ideiagraficaebrindes.com.br\/produto\/garrafa-termica-cafe-250ml\/"]}]},{"@type":"ImageObject","inLanguage":"en-US","@id":"https:\/\/ideiagraficaebrindes.com.br\/produto\/garrafa-termica-cafe-250ml\/#primaryimage","url":"https:\/\/ideiagraficaebrindes.com.br\/wp-content\/uploads\/2023\/05\/Garrafa-Termica-250ml-12829d1-1618513772.jpg","contentUrl":"https:\/\/ideiagraficaebrindes.com.br\/wp-content\/uploads\/2023\/05\/Garrafa-Termica-250ml-12829d1-1618513772.jpg","width":1000,"height":1000},{"@type":"BreadcrumbList","@id":"https:\/\/ideiagraficaebrindes.com.br\/produto\/garrafa-termica-cafe-250ml\/#breadcrumb","itemListElement":[{"@type":"ListItem","position":1,"name":"In\u00edcio","item":"https:\/\/ideiagraficaebrindes.com.br\/"},{"@type":"ListItem","position":2,"name":"Loja","item":"https:\/\/ideiagraficaebrindes.com.br\/loja\/"},{"@type":"ListItem","position":3,"name":"Garrafa T\u00e9rmica 250ml"}]},{"@type":"WebSite","@id":"https:\/\/ideiagraficaebrindes.com.br\/#website","url":"https:\/\/ideiagraficaebrindes.com.br\/","name":"Ideia Gr\u00e1fica e Brindes","description":"Brindes Personalizados e Impress\u00e3o em geral","potentialAction":[{"@type":"SearchAction","target":{"@type":"EntryPoint","urlTemplate":"https:\/\/ideiagraficaebrindes.com.br\/?s={search_term_string}"},"query-input":{"@type":"PropertyValueSpecification","valueRequired":true,"valueName":"search_term_string"}}],"inLanguage":"en-US"}]}},"_links":{"self":[{"href":"https:\/\/ideiagraficaebrindes.com.br\/en\/wp-json\/wp\/v2\/product\/8164","targetHints":{"allow":["GET"]}}],"collection":[{"href":"https:\/\/ideiagraficaebrindes.com.br\/en\/wp-json\/wp\/v2\/product"}],"about":[{"href":"https:\/\/ideiagraficaebrindes.com.br\/en\/wp-json\/wp\/v2\/types\/product"}],"replies":[{"embeddable":true,"href":"https:\/\/ideiagraficaebrindes.com.br\/en\/wp-json\/wp\/v2\/comments?post=8164"}],"wp:featuredmedia":[{"embeddable":true,"href":"https:\/\/ideiagraficaebrindes.com.br\/en\/wp-json\/wp\/v2\/media\/8165"}],"wp:attachment":[{"href":"https:\/\/ideiagraficaebrindes.com.br\/en\/wp-json\/wp\/v2\/media?parent=8164"}],"wp:term":[{"taxonomy":"product_brand","embeddable":true,"href":"https:\/\/ideiagraficaebrindes.com.br\/en\/wp-json\/wp\/v2\/product_brand?post=8164"},{"taxonomy":"product_cat","embeddable":true,"href":"https:\/\/ideiagraficaebrindes.com.br\/en\/wp-json\/wp\/v2\/product_cat?post=8164"},{"taxonomy":"product_tag","embeddable":true,"href":"https:\/\/ideiagraficaebrindes.com.br\/en\/wp-json\/wp\/v2\/product_tag?post=8164"}],"curies":[{"name":"wp","href":"https:\/\/api.w.org\/{rel}","templated":true}]}}