{"id":8078,"date":"2023-03-01T18:27:02","date_gmt":"2023-03-01T21:27:02","guid":{"rendered":"https:\/\/ideiagraficaebrindes.com.br\/?post_type=product&#038;p=8078"},"modified":"2023-03-01T18:28:23","modified_gmt":"2023-03-01T21:28:23","slug":"conjunto-caneta-e-lapiseira-metal","status":"publish","type":"product","link":"https:\/\/ideiagraficaebrindes.com.br\/en\/product\/conjunto-caneta-e-lapiseira-metal\/","title":{"rendered":"Conjunto Caneta e Lapiseira Metal"},"content":{"rendered":"<div class=\"desc\">\n<p class=\"desc-tit\">Descri\u00e7\u00e3o:\u00a0<span class=\"desc-sub my-desc-sub\">Conjunto caneta e lapiseira em estojo de cartonagem com placa central para personaliza\u00e7\u00e3o. Caneta\/Lapiseira metal inteira colorida com detalhes prata, clip metal com duas \u201clinhas\u201d e na \u201cponta\u201d superior detalhe de uma linha no meio. Possui tr\u00eas an\u00e9is abaixo do clip, anel centralizado e anel inferior e acionam por giro. Estojo revestida com espuma na parte interna.<\/span><\/p>\n<\/div>\n<div class=\"desc\">\n<p class=\"desc-tit\">Largura<span class=\"desc-sub\">\u00a0:\u00a0 6,5 cm<\/span><\/p>\n<\/div>\n<div class=\"desc\">\n<p class=\"desc-tit\">Comprimento<span class=\"desc-sub\">\u00a0:\u00a0 18 cm<\/span><\/p>\n<\/div>\n<div class=\"desc\">\n<p class=\"desc-tit\">Medidas aproximadas para grava\u00e7\u00e3o<span class=\"desc-sub\">\u00a0(CxL):\u00a0 Caneta\/Lapiseira 4,3 cm x 1 cm \u2013 Estojo 4,1 cm x 1,6 cm<\/span><\/p>\n<\/div>\n<div class=\"desc\">\n<p class=\"desc-tit\">Tamanho total aproximado\u00a0<span class=\"desc-sub\">\u00a0(CxL):\u00a0 Caneta\/Lapiseira 13,2 cm x 1,4 cm<\/span><\/p>\n<\/div>\n<div class=\"desc\">\n<p class=\"desc-tit\">Peso aproximado<span class=\"desc-sub\">\u00a0(g):\u00a0 128<\/span><\/p>\n<\/div>","protected":false},"excerpt":{"rendered":"<div class=\"desc\">\n<p class=\"desc-tit\">Descri\u00e7\u00e3o:\u00a0<span class=\"desc-sub my-desc-sub\">Conjunto caneta e lapiseira em estojo de cartonagem com placa central para personaliza\u00e7\u00e3o. Caneta\/Lapiseira metal inteira colorida com detalhes prata, clip metal com duas \u201clinhas\u201d e na \u201cponta\u201d superior detalhe de uma linha no meio. Possui tr\u00eas an\u00e9is abaixo do clip, anel centralizado e anel inferior e acionam por giro. Estojo revestida com espuma na parte interna.<\/span><\/p>\n<\/div>\n<div class=\"desc\">\n<p class=\"desc-tit\">Largura<span class=\"desc-sub\">\u00a0:\u00a0 6,5 cm<\/span><\/p>\n<\/div>\n<div class=\"desc\">\n<p class=\"desc-tit\">Comprimento<span class=\"desc-sub\">\u00a0:\u00a0 18 cm<\/span><\/p>\n<\/div>\n<div class=\"desc\">\n<p class=\"desc-tit\">Medidas aproximadas para grava\u00e7\u00e3o<span class=\"desc-sub\">\u00a0(CxL):\u00a0 Caneta\/Lapiseira 4,3 cm x 1 cm \u2013 Estojo 4,1 cm x 1,6 cm<\/span><\/p>\n<\/div>\n<div class=\"desc\">\n<p class=\"desc-tit\">Tamanho total aproximado\u00a0<span class=\"desc-sub\">\u00a0(CxL):\u00a0 Caneta\/Lapiseira 13,2 cm x 1,4 cm<\/span><\/p>\n<\/div>\n<div class=\"desc\">\n<p class=\"desc-tit\">Peso aproximado<span class=\"desc-sub\">\u00a0(g):\u00a0 128<\/span><\/p>\n<\/div>","protected":false},"featured_media":8084,"comment_status":"open","ping_status":"closed","template":"","meta":{"_monsterinsights_skip_tracking":false,"_monsterinsights_sitenote_active":false,"_monsterinsights_sitenote_note":"","_monsterinsights_sitenote_category":0},"product_brand":[],"product_cat":[219,392],"product_tag":[147,199,209],"class_list":{"0":"post-8078","1":"product","2":"type-product","3":"status-publish","4":"has-post-thumbnail","6":"product_cat-brindes","7":"product_cat-kit-executivo","8":"product_tag-caneta","9":"product_tag-kit-executivo","10":"product_tag-lapiseira","12":"first","13":"instock","14":"shipping-taxable","15":"product-type-simple"},"yoast_head":"<!-- This site is optimized with the Yoast SEO plugin v27.4 - https:\/\/yoast.com\/product\/yoast-seo-wordpress\/ -->\n<title>Conjunto Caneta e Lapiseira Metal - Ideia Gr\u00e1fica e Brindes<\/title>\n<meta name=\"robots\" content=\"index, follow, max-snippet:-1, max-image-preview:large, max-video-preview:-1\" \/>\n<link rel=\"canonical\" href=\"https:\/\/ideiagraficaebrindes.com.br\/en\/product\/conjunto-caneta-e-lapiseira-metal\/\" \/>\n<meta property=\"og:locale\" content=\"en_US\" \/>\n<meta property=\"og:type\" content=\"article\" \/>\n<meta property=\"og:title\" content=\"Conjunto Caneta e Lapiseira Metal - Ideia Gr\u00e1fica e Brindes\" \/>\n<meta property=\"og:description\" content=\"Descri\u00e7\u00e3o:\u00a0Conjunto caneta e lapiseira em estojo de cartonagem com placa central para personaliza\u00e7\u00e3o. Caneta\/Lapiseira metal inteira colorida com detalhes prata, clip metal com duas \u201clinhas\u201d e na \u201cponta\u201d superior detalhe de uma linha no meio. Possui tr\u00eas an\u00e9is abaixo do clip, anel centralizado e anel inferior e acionam por giro. Estojo revestida com espuma na parte interna.    Largura\u00a0:\u00a0 6,5 cm    Comprimento\u00a0:\u00a0 18 cm    Medidas aproximadas para grava\u00e7\u00e3o\u00a0(CxL):\u00a0 Caneta\/Lapiseira 4,3 cm x 1 cm \u2013 Estojo 4,1 cm x 1,6 cm    Tamanho total aproximado\u00a0\u00a0(CxL):\u00a0 Caneta\/Lapiseira 13,2 cm x 1,4 cm    Peso aproximado\u00a0(g):\u00a0 128\" \/>\n<meta property=\"og:url\" content=\"https:\/\/ideiagraficaebrindes.com.br\/en\/product\/conjunto-caneta-e-lapiseira-metal\/\" \/>\n<meta property=\"og:site_name\" content=\"Ideia Gr\u00e1fica e Brindes\" \/>\n<meta property=\"article:modified_time\" content=\"2023-03-01T21:28:23+00:00\" \/>\n<meta property=\"og:image\" content=\"https:\/\/ideiagraficaebrindes.com.br\/wp-content\/uploads\/2023\/03\/Kit-caneta-e-lapiseira-de-metal-9658d3-1556918113.jpg\" \/>\n\t<meta property=\"og:image:width\" content=\"1000\" \/>\n\t<meta property=\"og:image:height\" content=\"1000\" \/>\n\t<meta property=\"og:image:type\" content=\"image\/jpeg\" \/>\n<meta name=\"twitter:card\" content=\"summary_large_image\" \/>\n<meta name=\"twitter:label1\" content=\"Est. reading time\" \/>\n\t<meta name=\"twitter:data1\" content=\"1 minute\" \/>\n<script type=\"application\/ld+json\" class=\"yoast-schema-graph\">{\"@context\":\"https:\\\/\\\/schema.org\",\"@graph\":[{\"@type\":\"WebPage\",\"@id\":\"https:\\\/\\\/ideiagraficaebrindes.com.br\\\/produto\\\/conjunto-caneta-e-lapiseira-metal\\\/\",\"url\":\"https:\\\/\\\/ideiagraficaebrindes.com.br\\\/produto\\\/conjunto-caneta-e-lapiseira-metal\\\/\",\"name\":\"Conjunto Caneta e Lapiseira Metal - Ideia Gr\u00e1fica e Brindes\",\"isPartOf\":{\"@id\":\"https:\\\/\\\/ideiagraficaebrindes.com.br\\\/#website\"},\"primaryImageOfPage\":{\"@id\":\"https:\\\/\\\/ideiagraficaebrindes.com.br\\\/produto\\\/conjunto-caneta-e-lapiseira-metal\\\/#primaryimage\"},\"image\":{\"@id\":\"https:\\\/\\\/ideiagraficaebrindes.com.br\\\/produto\\\/conjunto-caneta-e-lapiseira-metal\\\/#primaryimage\"},\"thumbnailUrl\":\"https:\\\/\\\/ideiagraficaebrindes.com.br\\\/wp-content\\\/uploads\\\/2023\\\/03\\\/Kit-caneta-e-lapiseira-de-metal-9658d3-1556918113.jpg\",\"datePublished\":\"2023-03-01T21:27:02+00:00\",\"dateModified\":\"2023-03-01T21:28:23+00:00\",\"breadcrumb\":{\"@id\":\"https:\\\/\\\/ideiagraficaebrindes.com.br\\\/produto\\\/conjunto-caneta-e-lapiseira-metal\\\/#breadcrumb\"},\"inLanguage\":\"en-US\",\"potentialAction\":[{\"@type\":\"ReadAction\",\"target\":[\"https:\\\/\\\/ideiagraficaebrindes.com.br\\\/produto\\\/conjunto-caneta-e-lapiseira-metal\\\/\"]}]},{\"@type\":\"ImageObject\",\"inLanguage\":\"en-US\",\"@id\":\"https:\\\/\\\/ideiagraficaebrindes.com.br\\\/produto\\\/conjunto-caneta-e-lapiseira-metal\\\/#primaryimage\",\"url\":\"https:\\\/\\\/ideiagraficaebrindes.com.br\\\/wp-content\\\/uploads\\\/2023\\\/03\\\/Kit-caneta-e-lapiseira-de-metal-9658d3-1556918113.jpg\",\"contentUrl\":\"https:\\\/\\\/ideiagraficaebrindes.com.br\\\/wp-content\\\/uploads\\\/2023\\\/03\\\/Kit-caneta-e-lapiseira-de-metal-9658d3-1556918113.jpg\",\"width\":1000,\"height\":1000},{\"@type\":\"BreadcrumbList\",\"@id\":\"https:\\\/\\\/ideiagraficaebrindes.com.br\\\/produto\\\/conjunto-caneta-e-lapiseira-metal\\\/#breadcrumb\",\"itemListElement\":[{\"@type\":\"ListItem\",\"position\":1,\"name\":\"In\u00edcio\",\"item\":\"https:\\\/\\\/ideiagraficaebrindes.com.br\\\/\"},{\"@type\":\"ListItem\",\"position\":2,\"name\":\"Loja\",\"item\":\"https:\\\/\\\/ideiagraficaebrindes.com.br\\\/loja\\\/\"},{\"@type\":\"ListItem\",\"position\":3,\"name\":\"Conjunto Caneta e Lapiseira Metal\"}]},{\"@type\":\"WebSite\",\"@id\":\"https:\\\/\\\/ideiagraficaebrindes.com.br\\\/#website\",\"url\":\"https:\\\/\\\/ideiagraficaebrindes.com.br\\\/\",\"name\":\"Ideia Gr\u00e1fica e Brindes\",\"description\":\"Brindes Personalizados e Impress\u00e3o em geral\",\"potentialAction\":[{\"@type\":\"SearchAction\",\"target\":{\"@type\":\"EntryPoint\",\"urlTemplate\":\"https:\\\/\\\/ideiagraficaebrindes.com.br\\\/?s={search_term_string}\"},\"query-input\":{\"@type\":\"PropertyValueSpecification\",\"valueRequired\":true,\"valueName\":\"search_term_string\"}}],\"inLanguage\":\"en-US\"}]}<\/script>\n<!-- \/ Yoast SEO plugin. -->","yoast_head_json":{"title":"Conjunto Caneta e Lapiseira Metal - Ideia Gr\u00e1fica e Brindes","robots":{"index":"index","follow":"follow","max-snippet":"max-snippet:-1","max-image-preview":"max-image-preview:large","max-video-preview":"max-video-preview:-1"},"canonical":"https:\/\/ideiagraficaebrindes.com.br\/en\/product\/conjunto-caneta-e-lapiseira-metal\/","og_locale":"en_US","og_type":"article","og_title":"Conjunto Caneta e Lapiseira Metal - Ideia Gr\u00e1fica e Brindes","og_description":"Descri\u00e7\u00e3o:\u00a0Conjunto caneta e lapiseira em estojo de cartonagem com placa central para personaliza\u00e7\u00e3o. Caneta\/Lapiseira metal inteira colorida com detalhes prata, clip metal com duas \u201clinhas\u201d e na \u201cponta\u201d superior detalhe de uma linha no meio. Possui tr\u00eas an\u00e9is abaixo do clip, anel centralizado e anel inferior e acionam por giro. Estojo revestida com espuma na parte interna.    Largura\u00a0:\u00a0 6,5 cm    Comprimento\u00a0:\u00a0 18 cm    Medidas aproximadas para grava\u00e7\u00e3o\u00a0(CxL):\u00a0 Caneta\/Lapiseira 4,3 cm x 1 cm \u2013 Estojo 4,1 cm x 1,6 cm    Tamanho total aproximado\u00a0\u00a0(CxL):\u00a0 Caneta\/Lapiseira 13,2 cm x 1,4 cm    Peso aproximado\u00a0(g):\u00a0 128","og_url":"https:\/\/ideiagraficaebrindes.com.br\/en\/product\/conjunto-caneta-e-lapiseira-metal\/","og_site_name":"Ideia Gr\u00e1fica e Brindes","article_modified_time":"2023-03-01T21:28:23+00:00","og_image":[{"width":1000,"height":1000,"url":"https:\/\/ideiagraficaebrindes.com.br\/wp-content\/uploads\/2023\/03\/Kit-caneta-e-lapiseira-de-metal-9658d3-1556918113.jpg","type":"image\/jpeg"}],"twitter_card":"summary_large_image","twitter_misc":{"Est. reading time":"1 minute"},"schema":{"@context":"https:\/\/schema.org","@graph":[{"@type":"WebPage","@id":"https:\/\/ideiagraficaebrindes.com.br\/produto\/conjunto-caneta-e-lapiseira-metal\/","url":"https:\/\/ideiagraficaebrindes.com.br\/produto\/conjunto-caneta-e-lapiseira-metal\/","name":"Conjunto Caneta e Lapiseira Metal - Ideia Gr\u00e1fica e Brindes","isPartOf":{"@id":"https:\/\/ideiagraficaebrindes.com.br\/#website"},"primaryImageOfPage":{"@id":"https:\/\/ideiagraficaebrindes.com.br\/produto\/conjunto-caneta-e-lapiseira-metal\/#primaryimage"},"image":{"@id":"https:\/\/ideiagraficaebrindes.com.br\/produto\/conjunto-caneta-e-lapiseira-metal\/#primaryimage"},"thumbnailUrl":"https:\/\/ideiagraficaebrindes.com.br\/wp-content\/uploads\/2023\/03\/Kit-caneta-e-lapiseira-de-metal-9658d3-1556918113.jpg","datePublished":"2023-03-01T21:27:02+00:00","dateModified":"2023-03-01T21:28:23+00:00","breadcrumb":{"@id":"https:\/\/ideiagraficaebrindes.com.br\/produto\/conjunto-caneta-e-lapiseira-metal\/#breadcrumb"},"inLanguage":"en-US","potentialAction":[{"@type":"ReadAction","target":["https:\/\/ideiagraficaebrindes.com.br\/produto\/conjunto-caneta-e-lapiseira-metal\/"]}]},{"@type":"ImageObject","inLanguage":"en-US","@id":"https:\/\/ideiagraficaebrindes.com.br\/produto\/conjunto-caneta-e-lapiseira-metal\/#primaryimage","url":"https:\/\/ideiagraficaebrindes.com.br\/wp-content\/uploads\/2023\/03\/Kit-caneta-e-lapiseira-de-metal-9658d3-1556918113.jpg","contentUrl":"https:\/\/ideiagraficaebrindes.com.br\/wp-content\/uploads\/2023\/03\/Kit-caneta-e-lapiseira-de-metal-9658d3-1556918113.jpg","width":1000,"height":1000},{"@type":"BreadcrumbList","@id":"https:\/\/ideiagraficaebrindes.com.br\/produto\/conjunto-caneta-e-lapiseira-metal\/#breadcrumb","itemListElement":[{"@type":"ListItem","position":1,"name":"In\u00edcio","item":"https:\/\/ideiagraficaebrindes.com.br\/"},{"@type":"ListItem","position":2,"name":"Loja","item":"https:\/\/ideiagraficaebrindes.com.br\/loja\/"},{"@type":"ListItem","position":3,"name":"Conjunto Caneta e Lapiseira Metal"}]},{"@type":"WebSite","@id":"https:\/\/ideiagraficaebrindes.com.br\/#website","url":"https:\/\/ideiagraficaebrindes.com.br\/","name":"Ideia Gr\u00e1fica e Brindes","description":"Brindes Personalizados e Impress\u00e3o em geral","potentialAction":[{"@type":"SearchAction","target":{"@type":"EntryPoint","urlTemplate":"https:\/\/ideiagraficaebrindes.com.br\/?s={search_term_string}"},"query-input":{"@type":"PropertyValueSpecification","valueRequired":true,"valueName":"search_term_string"}}],"inLanguage":"en-US"}]}},"_links":{"self":[{"href":"https:\/\/ideiagraficaebrindes.com.br\/en\/wp-json\/wp\/v2\/product\/8078","targetHints":{"allow":["GET"]}}],"collection":[{"href":"https:\/\/ideiagraficaebrindes.com.br\/en\/wp-json\/wp\/v2\/product"}],"about":[{"href":"https:\/\/ideiagraficaebrindes.com.br\/en\/wp-json\/wp\/v2\/types\/product"}],"replies":[{"embeddable":true,"href":"https:\/\/ideiagraficaebrindes.com.br\/en\/wp-json\/wp\/v2\/comments?post=8078"}],"wp:featuredmedia":[{"embeddable":true,"href":"https:\/\/ideiagraficaebrindes.com.br\/en\/wp-json\/wp\/v2\/media\/8084"}],"wp:attachment":[{"href":"https:\/\/ideiagraficaebrindes.com.br\/en\/wp-json\/wp\/v2\/media?parent=8078"}],"wp:term":[{"taxonomy":"product_brand","embeddable":true,"href":"https:\/\/ideiagraficaebrindes.com.br\/en\/wp-json\/wp\/v2\/product_brand?post=8078"},{"taxonomy":"product_cat","embeddable":true,"href":"https:\/\/ideiagraficaebrindes.com.br\/en\/wp-json\/wp\/v2\/product_cat?post=8078"},{"taxonomy":"product_tag","embeddable":true,"href":"https:\/\/ideiagraficaebrindes.com.br\/en\/wp-json\/wp\/v2\/product_tag?post=8078"}],"curies":[{"name":"wp","href":"https:\/\/api.w.org\/{rel}","templated":true}]}}