{"id":7992,"date":"2022-08-23T15:57:38","date_gmt":"2022-08-23T18:57:38","guid":{"rendered":"https:\/\/ideiagraficaebrindes.com.br\/?post_type=product&#038;p=7992"},"modified":"2022-08-23T15:57:38","modified_gmt":"2022-08-23T18:57:38","slug":"kit-office-4-pcs","status":"publish","type":"product","link":"https:\/\/ideiagraficaebrindes.com.br\/en\/product\/kit-office-4-pcs\/","title":{"rendered":"Kit Office &#8211; 4 P\u00e7s"},"content":{"rendered":"<p>Kit office. Conta com uma caderneta de 80 folhas preto; porta-cart\u00e3o em material sint\u00e9tico preto texturizado e<\/p>\n<p>metal cromado para aproximadamente 20 cart\u00f5es; caneta esferogr\u00e1fica em metal com corpo revestido<\/p>\n<p>em material sint\u00e9tico preto texturizado; chaveiro em metal com material sint\u00e9tico preto.<\/p>\n<p>&nbsp;<\/p>\n<div class=\"especificacao col-xs-12 no-padding\">\n<div class=\"col-xs-12 col-sm-8 conteudo ff-nunito fw-semibold\">\n<p class=\"no-margin fc-cinza4\">Kit office. Conta com uma caderneta de 80 folhas preto; porta-cart\u00e3o em material sint\u00e9tico preto texturizado e metal cromado para aproximadamente 20 cart\u00f5es; caneta esferogr\u00e1fica em metal com corpo revestido em material sint\u00e9tico preto texturizado; chaveiro em metal com material sint\u00e9tico preto.<\/p>\n<\/div>\n<\/div>\n<div class=\"especificacao col-xs-12 no-padding\">\n<div class=\"col-xs-12 col-sm-4 titulo ff-nunito fw-semibold texto-upper\">\n<p class=\"no-margin fc-cinza4\">TIPO DE PERSONALIZA\u00c7\u00c3O<\/p>\n<\/div>\n<div class=\"col-xs-12 col-sm-8 conteudo ff-nunito fw-semibold\">\n<p class=\"no-margin fc-cinza4\">Laser e Silkscreen<\/p>\n<\/div>\n<\/div>\n<div class=\"especificacao col-xs-12 no-padding\">\n<div class=\"col-xs-12 col-sm-4 titulo ff-nunito fw-semibold texto-upper\">\n<p class=\"no-margin fc-cinza4\">DIMENS\u00c3O DO PRODUTO<\/p>\n<\/div>\n<div class=\"col-xs-12 col-sm-8 conteudo ff-nunito fw-semibold\">\n<p class=\"no-margin fc-cinza4\">Caderneta: 9,5&#215;15,5cm \/ Porta-cart\u00e3o: 9,8&#215;6,5x1cm \/ Chaveiro: 9,7x3x1cm \/ Caneta: 13&#215;1,2cm<\/p>\n<\/div>\n<\/div>\n<div class=\"especificacao col-xs-12 no-padding\">\n<div class=\"col-xs-12 col-sm-4 titulo ff-nunito fw-semibold texto-upper\">\n<p class=\"no-margin fc-cinza4\">MATERIAL DA EMBALAGEM<\/p>\n<\/div>\n<div class=\"col-xs-12 col-sm-8 conteudo ff-nunito fw-semibold\">\n<p class=\"no-margin fc-cinza4\">Caixa Preta<\/p>\n<\/div>\n<\/div>\n<div class=\"especificacao col-xs-12 no-padding\">\n<div class=\"col-xs-12 col-sm-4 titulo ff-nunito fw-semibold texto-upper\">\n<p class=\"no-margin fc-cinza4\">DIMENS\u00c3O DA EMBALAGEM<\/p>\n<\/div>\n<div class=\"col-xs-12 col-sm-8 conteudo ff-nunito fw-semibold\">\n<p class=\"no-margin fc-cinza4\">315x180x65 mm (AxLxP)<\/p>\n<\/div>\n<\/div>\n<div class=\"especificacao col-xs-12 no-padding\">\n<div class=\"col-xs-12 col-sm-4 titulo ff-nunito fw-semibold texto-upper\">\n<p class=\"no-margin fc-cinza4\">PESO<\/p>\n<\/div>\n<div class=\"col-xs-12 col-sm-8 conteudo ff-nunito fw-semibold\">\n<p class=\"no-margin fc-cinza4\">370 g (com embalagem)<\/p>\n<\/div>\n<\/div>\n<div class=\"especificacao col-xs-12 no-padding\">\n<div class=\"col-xs-12 col-sm-4 titulo ff-nunito fw-semibold texto-upper\">\n<p class=\"no-margin fc-cinza4\">SOBRE A PERSONALIZA\u00c7\u00c3O<\/p>\n<\/div>\n<div class=\"col-xs-12 col-sm-8 conteudo ff-nunito fw-semibold\">\n<p class=\"no-margin fc-cinza4\">\n<article class=\"fc-cinza4 ff-nunito fw-semibold\">N\u00f3s acreditamos nas rela\u00e7\u00f5es entre as pessoas e empresas, sabemos que se voc\u00ea presenteia algu\u00e9m com um brinde corporativo e personalizado, est\u00e1 querendo passar uma mensagem atrav\u00e9s desse objeto, seja de gratid\u00e3o, felicidade, amor, etc.<\/p>\n<p>Escolhemos participar desses momentos puros e cheios de emo\u00e7\u00e3o sendo o ve\u00edculo da mensagem (ou seja, o objeto) s\u00f3 que de empresa para empresas ou, de empresa para colaborador.<\/p>\n<p>Ent\u00e3o sempre buscamos colocar em nossa linha de produtos brindes de bom gosto, que seja \u00fatil, que tenha f\u00e1cil aceita\u00e7\u00e3o de qualquer pessoa, que possua uma excelente \u00e1rea de personaliza\u00e7\u00e3o para exibir sua marca e, claro, que tenha qualidade o suficiente para ser dur\u00e1vel.<\/article>\n<\/div>\n<\/div>","protected":false},"excerpt":{"rendered":"<p>Kit office. Conta com uma caderneta de 80 folhas preto; porta-cart\u00e3o em material sint\u00e9tico preto texturizado e<\/p>\n<p>metal cromado para aproximadamente 20 cart\u00f5es; caneta esferogr\u00e1fica em metal com corpo revestido<\/p>\n<p>em material sint\u00e9tico preto texturizado; chaveiro em metal com material sint\u00e9tico preto.<\/p>\n<p>&nbsp;<\/p>\n<div class=\"especificacao col-xs-12 no-padding\">\n<div class=\"col-xs-12 col-sm-8 conteudo ff-nunito fw-semibold\">\n<p class=\"no-margin fc-cinza4\">Kit office. Conta com uma caderneta de 80 folhas preto; porta-cart\u00e3o em material sint\u00e9tico preto texturizado e metal cromado para aproximadamente 20 cart\u00f5es; caneta esferogr\u00e1fica em metal com corpo revestido em material sint\u00e9tico preto texturizado; chaveiro em metal com material sint\u00e9tico preto.<\/p>\n<\/div>\n<\/div>\n<div class=\"especificacao col-xs-12 no-padding\">\n<div class=\"col-xs-12 col-sm-4 titulo ff-nunito fw-semibold texto-upper\">\n<p class=\"no-margin fc-cinza4\">TIPO DE PERSONALIZA\u00c7\u00c3O<\/p>\n<\/div>\n<div class=\"col-xs-12 col-sm-8 conteudo ff-nunito fw-semibold\">\n<p class=\"no-margin fc-cinza4\">Laser e Silkscreen<\/p>\n<\/div>\n<\/div>\n<div class=\"especificacao col-xs-12 no-padding\">\n<div class=\"col-xs-12 col-sm-4 titulo ff-nunito fw-semibold texto-upper\">\n<p class=\"no-margin fc-cinza4\">DIMENS\u00c3O DO PRODUTO<\/p>\n<\/div>\n<div class=\"col-xs-12 col-sm-8 conteudo ff-nunito fw-semibold\">\n<p class=\"no-margin fc-cinza4\">Caderneta: 9,5&#215;15,5cm \/ Porta-cart\u00e3o: 9,8&#215;6,5x1cm \/ Chaveiro: 9,7x3x1cm \/ Caneta: 13&#215;1,2cm<\/p>\n<\/div>\n<\/div>\n<div class=\"especificacao col-xs-12 no-padding\">\n<div class=\"col-xs-12 col-sm-4 titulo ff-nunito fw-semibold texto-upper\">\n<p class=\"no-margin fc-cinza4\">MATERIAL DA EMBALAGEM<\/p>\n<\/div>\n<div class=\"col-xs-12 col-sm-8 conteudo ff-nunito fw-semibold\">\n<p class=\"no-margin fc-cinza4\">Caixa Preta<\/p>\n<\/div>\n<\/div>\n<div class=\"especificacao col-xs-12 no-padding\">\n<div class=\"col-xs-12 col-sm-4 titulo ff-nunito fw-semibold texto-upper\">\n<p class=\"no-margin fc-cinza4\">DIMENS\u00c3O DA EMBALAGEM<\/p>\n<\/div>\n<div class=\"col-xs-12 col-sm-8 conteudo ff-nunito fw-semibold\">\n<p class=\"no-margin fc-cinza4\">315x180x65 mm (AxLxP)<\/p>\n<\/div>\n<\/div>\n<div class=\"especificacao col-xs-12 no-padding\">\n<div class=\"col-xs-12 col-sm-4 titulo ff-nunito fw-semibold texto-upper\">\n<p class=\"no-margin fc-cinza4\">PESO<\/p>\n<\/div>\n<div class=\"col-xs-12 col-sm-8 conteudo ff-nunito fw-semibold\">\n<p class=\"no-margin fc-cinza4\">370 g (com embalagem)<\/p>\n<\/div>\n<\/div>\n<div class=\"especificacao col-xs-12 no-padding\">\n<div class=\"col-xs-12 col-sm-4 titulo ff-nunito fw-semibold texto-upper\">\n<p class=\"no-margin fc-cinza4\">SOBRE A PERSONALIZA\u00c7\u00c3O<\/p>\n<\/div>\n<div class=\"col-xs-12 col-sm-8 conteudo ff-nunito fw-semibold\">\n<p class=\"no-margin fc-cinza4\">\n<article class=\"fc-cinza4 ff-nunito fw-semibold\">N\u00f3s acreditamos nas rela\u00e7\u00f5es entre as pessoas e empresas, sabemos que se voc\u00ea presenteia algu\u00e9m com um brinde corporativo e personalizado, est\u00e1 querendo passar uma mensagem atrav\u00e9s desse objeto, seja de gratid\u00e3o, felicidade, amor, etc.<\/p>\n<p>Escolhemos participar desses momentos puros e cheios de emo\u00e7\u00e3o sendo o ve\u00edculo da mensagem (ou seja, o objeto) s\u00f3 que de empresa para empresas ou, de empresa para colaborador.<\/p>\n<p>Ent\u00e3o sempre buscamos colocar em nossa linha de produtos brindes de bom gosto, que seja \u00fatil, que tenha f\u00e1cil aceita\u00e7\u00e3o de qualquer pessoa, que possua uma excelente \u00e1rea de personaliza\u00e7\u00e3o para exibir sua marca e, claro, que tenha qualidade o suficiente para ser dur\u00e1vel.<\/article>\n<\/div>\n<\/div>","protected":false},"featured_media":7993,"comment_status":"open","ping_status":"closed","template":"","meta":{"_monsterinsights_skip_tracking":false,"_monsterinsights_sitenote_active":false,"_monsterinsights_sitenote_note":"","_monsterinsights_sitenote_category":0},"product_brand":[],"product_cat":[340],"product_tag":[341],"class_list":{"0":"post-7992","1":"product","2":"type-product","3":"status-publish","4":"has-post-thumbnail","6":"product_cat-kits-especiais","7":"product_tag-kit-boas-vindas","9":"first","10":"instock","11":"shipping-taxable","12":"product-type-simple"},"yoast_head":"<!-- This site is optimized with the Yoast SEO plugin v27.4 - https:\/\/yoast.com\/product\/yoast-seo-wordpress\/ -->\n<title>Kit Office - 4 P\u00e7s - Ideia Gr\u00e1fica e Brindes<\/title>\n<meta name=\"robots\" content=\"index, follow, max-snippet:-1, max-image-preview:large, max-video-preview:-1\" \/>\n<link rel=\"canonical\" href=\"https:\/\/ideiagraficaebrindes.com.br\/en\/product\/kit-office-4-pcs\/\" \/>\n<meta property=\"og:locale\" content=\"en_US\" \/>\n<meta property=\"og:type\" content=\"article\" \/>\n<meta property=\"og:title\" content=\"Kit Office - 4 P\u00e7s - Ideia Gr\u00e1fica e Brindes\" \/>\n<meta property=\"og:description\" content=\"Kit office. Conta com uma caderneta de 80 folhas preto; porta-cart\u00e3o em material sint\u00e9tico preto texturizado e  metal cromado para aproximadamente 20 cart\u00f5es; caneta esferogr\u00e1fica em metal com corpo revestido  em material sint\u00e9tico preto texturizado; chaveiro em metal com material sint\u00e9tico preto.  &nbsp;   Kit office. Conta com uma caderneta de 80 folhas preto; porta-cart\u00e3o em material sint\u00e9tico preto texturizado e metal cromado para aproximadamente 20 cart\u00f5es; caneta esferogr\u00e1fica em metal com corpo revestido em material sint\u00e9tico preto texturizado; chaveiro em metal com material sint\u00e9tico preto.      TIPO DE PERSONALIZA\u00c7\u00c3O    Laser e Silkscreen      DIMENS\u00c3O DO PRODUTO    Caderneta: 9,5x15,5cm \/ Porta-cart\u00e3o: 9,8x6,5x1cm \/ Chaveiro: 9,7x3x1cm \/ Caneta: 13x1,2cm      MATERIAL DA EMBALAGEM    Caixa Preta      DIMENS\u00c3O DA EMBALAGEM    315x180x65 mm (AxLxP)      PESO    370 g (com embalagem)      SOBRE A PERSONALIZA\u00c7\u00c3O      N\u00f3s acreditamos nas rela\u00e7\u00f5es entre as pessoas e empresas, sabemos que se voc\u00ea presenteia algu\u00e9m com um brinde corporativo e personalizado, est\u00e1 querendo passar uma mensagem atrav\u00e9s desse objeto, seja de gratid\u00e3o, felicidade, amor, etc.  Escolhemos participar desses momentos puros e cheios de emo\u00e7\u00e3o sendo o ve\u00edculo da mensagem (ou seja, o objeto) s\u00f3 que de empresa para empresas ou, de empresa para colaborador.  Ent\u00e3o sempre buscamos colocar em nossa linha de produtos brindes de bom gosto, que seja \u00fatil, que tenha f\u00e1cil aceita\u00e7\u00e3o de qualquer pessoa, que possua uma excelente \u00e1rea de personaliza\u00e7\u00e3o para exibir sua marca e, claro, que tenha qualidade o suficiente para ser dur\u00e1vel.\" \/>\n<meta property=\"og:url\" content=\"https:\/\/ideiagraficaebrindes.com.br\/en\/product\/kit-office-4-pcs\/\" \/>\n<meta property=\"og:site_name\" content=\"Ideia Gr\u00e1fica e Brindes\" \/>\n<meta property=\"og:image\" content=\"https:\/\/ideiagraficaebrindes.com.br\/wp-content\/uploads\/2022\/08\/Kir-office.jpg\" \/>\n\t<meta property=\"og:image:width\" content=\"1004\" \/>\n\t<meta property=\"og:image:height\" content=\"1004\" \/>\n\t<meta property=\"og:image:type\" content=\"image\/jpeg\" \/>\n<meta name=\"twitter:card\" content=\"summary_large_image\" \/>\n<meta name=\"twitter:label1\" content=\"Est. reading time\" \/>\n\t<meta name=\"twitter:data1\" content=\"1 minute\" \/>\n<script type=\"application\/ld+json\" class=\"yoast-schema-graph\">{\"@context\":\"https:\\\/\\\/schema.org\",\"@graph\":[{\"@type\":\"WebPage\",\"@id\":\"https:\\\/\\\/ideiagraficaebrindes.com.br\\\/produto\\\/kit-office-4-pcs\\\/\",\"url\":\"https:\\\/\\\/ideiagraficaebrindes.com.br\\\/produto\\\/kit-office-4-pcs\\\/\",\"name\":\"Kit Office - 4 P\u00e7s - Ideia Gr\u00e1fica e Brindes\",\"isPartOf\":{\"@id\":\"https:\\\/\\\/ideiagraficaebrindes.com.br\\\/#website\"},\"primaryImageOfPage\":{\"@id\":\"https:\\\/\\\/ideiagraficaebrindes.com.br\\\/produto\\\/kit-office-4-pcs\\\/#primaryimage\"},\"image\":{\"@id\":\"https:\\\/\\\/ideiagraficaebrindes.com.br\\\/produto\\\/kit-office-4-pcs\\\/#primaryimage\"},\"thumbnailUrl\":\"https:\\\/\\\/ideiagraficaebrindes.com.br\\\/wp-content\\\/uploads\\\/2022\\\/08\\\/Kir-office.jpg\",\"datePublished\":\"2022-08-23T18:57:38+00:00\",\"breadcrumb\":{\"@id\":\"https:\\\/\\\/ideiagraficaebrindes.com.br\\\/produto\\\/kit-office-4-pcs\\\/#breadcrumb\"},\"inLanguage\":\"en-US\",\"potentialAction\":[{\"@type\":\"ReadAction\",\"target\":[\"https:\\\/\\\/ideiagraficaebrindes.com.br\\\/produto\\\/kit-office-4-pcs\\\/\"]}]},{\"@type\":\"ImageObject\",\"inLanguage\":\"en-US\",\"@id\":\"https:\\\/\\\/ideiagraficaebrindes.com.br\\\/produto\\\/kit-office-4-pcs\\\/#primaryimage\",\"url\":\"https:\\\/\\\/ideiagraficaebrindes.com.br\\\/wp-content\\\/uploads\\\/2022\\\/08\\\/Kir-office.jpg\",\"contentUrl\":\"https:\\\/\\\/ideiagraficaebrindes.com.br\\\/wp-content\\\/uploads\\\/2022\\\/08\\\/Kir-office.jpg\",\"width\":1004,\"height\":1004},{\"@type\":\"BreadcrumbList\",\"@id\":\"https:\\\/\\\/ideiagraficaebrindes.com.br\\\/produto\\\/kit-office-4-pcs\\\/#breadcrumb\",\"itemListElement\":[{\"@type\":\"ListItem\",\"position\":1,\"name\":\"In\u00edcio\",\"item\":\"https:\\\/\\\/ideiagraficaebrindes.com.br\\\/\"},{\"@type\":\"ListItem\",\"position\":2,\"name\":\"Loja\",\"item\":\"https:\\\/\\\/ideiagraficaebrindes.com.br\\\/loja\\\/\"},{\"@type\":\"ListItem\",\"position\":3,\"name\":\"Kit Office &#8211; 4 P\u00e7s\"}]},{\"@type\":\"WebSite\",\"@id\":\"https:\\\/\\\/ideiagraficaebrindes.com.br\\\/#website\",\"url\":\"https:\\\/\\\/ideiagraficaebrindes.com.br\\\/\",\"name\":\"Ideia Gr\u00e1fica e Brindes\",\"description\":\"Brindes Personalizados e Impress\u00e3o em geral\",\"potentialAction\":[{\"@type\":\"SearchAction\",\"target\":{\"@type\":\"EntryPoint\",\"urlTemplate\":\"https:\\\/\\\/ideiagraficaebrindes.com.br\\\/?s={search_term_string}\"},\"query-input\":{\"@type\":\"PropertyValueSpecification\",\"valueRequired\":true,\"valueName\":\"search_term_string\"}}],\"inLanguage\":\"en-US\"}]}<\/script>\n<!-- \/ Yoast SEO plugin. -->","yoast_head_json":{"title":"Kit Office - 4 P\u00e7s - Ideia Gr\u00e1fica e Brindes","robots":{"index":"index","follow":"follow","max-snippet":"max-snippet:-1","max-image-preview":"max-image-preview:large","max-video-preview":"max-video-preview:-1"},"canonical":"https:\/\/ideiagraficaebrindes.com.br\/en\/product\/kit-office-4-pcs\/","og_locale":"en_US","og_type":"article","og_title":"Kit Office - 4 P\u00e7s - Ideia Gr\u00e1fica e Brindes","og_description":"Kit office. Conta com uma caderneta de 80 folhas preto; porta-cart\u00e3o em material sint\u00e9tico preto texturizado e  metal cromado para aproximadamente 20 cart\u00f5es; caneta esferogr\u00e1fica em metal com corpo revestido  em material sint\u00e9tico preto texturizado; chaveiro em metal com material sint\u00e9tico preto.  &nbsp;   Kit office. Conta com uma caderneta de 80 folhas preto; porta-cart\u00e3o em material sint\u00e9tico preto texturizado e metal cromado para aproximadamente 20 cart\u00f5es; caneta esferogr\u00e1fica em metal com corpo revestido em material sint\u00e9tico preto texturizado; chaveiro em metal com material sint\u00e9tico preto.      TIPO DE PERSONALIZA\u00c7\u00c3O    Laser e Silkscreen      DIMENS\u00c3O DO PRODUTO    Caderneta: 9,5x15,5cm \/ Porta-cart\u00e3o: 9,8x6,5x1cm \/ Chaveiro: 9,7x3x1cm \/ Caneta: 13x1,2cm      MATERIAL DA EMBALAGEM    Caixa Preta      DIMENS\u00c3O DA EMBALAGEM    315x180x65 mm (AxLxP)      PESO    370 g (com embalagem)      SOBRE A PERSONALIZA\u00c7\u00c3O      N\u00f3s acreditamos nas rela\u00e7\u00f5es entre as pessoas e empresas, sabemos que se voc\u00ea presenteia algu\u00e9m com um brinde corporativo e personalizado, est\u00e1 querendo passar uma mensagem atrav\u00e9s desse objeto, seja de gratid\u00e3o, felicidade, amor, etc.  Escolhemos participar desses momentos puros e cheios de emo\u00e7\u00e3o sendo o ve\u00edculo da mensagem (ou seja, o objeto) s\u00f3 que de empresa para empresas ou, de empresa para colaborador.  Ent\u00e3o sempre buscamos colocar em nossa linha de produtos brindes de bom gosto, que seja \u00fatil, que tenha f\u00e1cil aceita\u00e7\u00e3o de qualquer pessoa, que possua uma excelente \u00e1rea de personaliza\u00e7\u00e3o para exibir sua marca e, claro, que tenha qualidade o suficiente para ser dur\u00e1vel.","og_url":"https:\/\/ideiagraficaebrindes.com.br\/en\/product\/kit-office-4-pcs\/","og_site_name":"Ideia Gr\u00e1fica e Brindes","og_image":[{"width":1004,"height":1004,"url":"https:\/\/ideiagraficaebrindes.com.br\/wp-content\/uploads\/2022\/08\/Kir-office.jpg","type":"image\/jpeg"}],"twitter_card":"summary_large_image","twitter_misc":{"Est. reading time":"1 minute"},"schema":{"@context":"https:\/\/schema.org","@graph":[{"@type":"WebPage","@id":"https:\/\/ideiagraficaebrindes.com.br\/produto\/kit-office-4-pcs\/","url":"https:\/\/ideiagraficaebrindes.com.br\/produto\/kit-office-4-pcs\/","name":"Kit Office - 4 P\u00e7s - Ideia Gr\u00e1fica e Brindes","isPartOf":{"@id":"https:\/\/ideiagraficaebrindes.com.br\/#website"},"primaryImageOfPage":{"@id":"https:\/\/ideiagraficaebrindes.com.br\/produto\/kit-office-4-pcs\/#primaryimage"},"image":{"@id":"https:\/\/ideiagraficaebrindes.com.br\/produto\/kit-office-4-pcs\/#primaryimage"},"thumbnailUrl":"https:\/\/ideiagraficaebrindes.com.br\/wp-content\/uploads\/2022\/08\/Kir-office.jpg","datePublished":"2022-08-23T18:57:38+00:00","breadcrumb":{"@id":"https:\/\/ideiagraficaebrindes.com.br\/produto\/kit-office-4-pcs\/#breadcrumb"},"inLanguage":"en-US","potentialAction":[{"@type":"ReadAction","target":["https:\/\/ideiagraficaebrindes.com.br\/produto\/kit-office-4-pcs\/"]}]},{"@type":"ImageObject","inLanguage":"en-US","@id":"https:\/\/ideiagraficaebrindes.com.br\/produto\/kit-office-4-pcs\/#primaryimage","url":"https:\/\/ideiagraficaebrindes.com.br\/wp-content\/uploads\/2022\/08\/Kir-office.jpg","contentUrl":"https:\/\/ideiagraficaebrindes.com.br\/wp-content\/uploads\/2022\/08\/Kir-office.jpg","width":1004,"height":1004},{"@type":"BreadcrumbList","@id":"https:\/\/ideiagraficaebrindes.com.br\/produto\/kit-office-4-pcs\/#breadcrumb","itemListElement":[{"@type":"ListItem","position":1,"name":"In\u00edcio","item":"https:\/\/ideiagraficaebrindes.com.br\/"},{"@type":"ListItem","position":2,"name":"Loja","item":"https:\/\/ideiagraficaebrindes.com.br\/loja\/"},{"@type":"ListItem","position":3,"name":"Kit Office &#8211; 4 P\u00e7s"}]},{"@type":"WebSite","@id":"https:\/\/ideiagraficaebrindes.com.br\/#website","url":"https:\/\/ideiagraficaebrindes.com.br\/","name":"Ideia Gr\u00e1fica e Brindes","description":"Brindes Personalizados e Impress\u00e3o em geral","potentialAction":[{"@type":"SearchAction","target":{"@type":"EntryPoint","urlTemplate":"https:\/\/ideiagraficaebrindes.com.br\/?s={search_term_string}"},"query-input":{"@type":"PropertyValueSpecification","valueRequired":true,"valueName":"search_term_string"}}],"inLanguage":"en-US"}]}},"_links":{"self":[{"href":"https:\/\/ideiagraficaebrindes.com.br\/en\/wp-json\/wp\/v2\/product\/7992","targetHints":{"allow":["GET"]}}],"collection":[{"href":"https:\/\/ideiagraficaebrindes.com.br\/en\/wp-json\/wp\/v2\/product"}],"about":[{"href":"https:\/\/ideiagraficaebrindes.com.br\/en\/wp-json\/wp\/v2\/types\/product"}],"replies":[{"embeddable":true,"href":"https:\/\/ideiagraficaebrindes.com.br\/en\/wp-json\/wp\/v2\/comments?post=7992"}],"wp:featuredmedia":[{"embeddable":true,"href":"https:\/\/ideiagraficaebrindes.com.br\/en\/wp-json\/wp\/v2\/media\/7993"}],"wp:attachment":[{"href":"https:\/\/ideiagraficaebrindes.com.br\/en\/wp-json\/wp\/v2\/media?parent=7992"}],"wp:term":[{"taxonomy":"product_brand","embeddable":true,"href":"https:\/\/ideiagraficaebrindes.com.br\/en\/wp-json\/wp\/v2\/product_brand?post=7992"},{"taxonomy":"product_cat","embeddable":true,"href":"https:\/\/ideiagraficaebrindes.com.br\/en\/wp-json\/wp\/v2\/product_cat?post=7992"},{"taxonomy":"product_tag","embeddable":true,"href":"https:\/\/ideiagraficaebrindes.com.br\/en\/wp-json\/wp\/v2\/product_tag?post=7992"}],"curies":[{"name":"wp","href":"https:\/\/api.w.org\/{rel}","templated":true}]}}