{"id":7988,"date":"2022-08-23T15:53:33","date_gmt":"2022-08-23T18:53:33","guid":{"rendered":"https:\/\/ideiagraficaebrindes.com.br\/?post_type=product&#038;p=7988"},"modified":"2022-08-23T15:53:33","modified_gmt":"2022-08-23T18:53:33","slug":"kit-copo-bloco-de-anotacoes-e-fone-3-pcs","status":"publish","type":"product","link":"https:\/\/ideiagraficaebrindes.com.br\/en\/product\/kit-copo-bloco-de-anotacoes-e-fone-3-pcs\/","title":{"rendered":"Kit Copo, Bloco De Anota\u00e7\u00f5es E Fone &#8211; 3 P\u00e7s"},"content":{"rendered":"<p>Conta com copo em fibra de bambu; Bloco de anota\u00e7\u00f5es em papel\u00e3o reciclado; fone de ouvido.<\/p>\n<p>Copo com tampa. Bloco acompanha 100 folhas brancas; 5 cores, com 25 folhas auto colantes cada; l\u00e1pis em madeira com borracha.<\/p>\n<p>Fone de ouvido conta com microfone e controle de volume.<\/p>\n<div class=\"especificacao col-xs-12 no-padding\">\n<div class=\"col-xs-12 col-sm-8 conteudo ff-nunito fw-semibold\">\n<p class=\"no-margin fc-cinza4\">Conta com copo em fibra de bambu; Bloco de anota\u00e7\u00f5es em papel\u00e3o reciclado; fone de ouvido. Copo com tampa. Bloco acompanha 100 folhas brancas; 5 cores, com 25 folhas auto colantes cada; l\u00e1pis em madeira com borracha. Fone de ouvido conta com microfone e controle de volume.<\/p>\n<\/div>\n<\/div>\n<div class=\"especificacao col-xs-12 no-padding\">\n<div class=\"col-xs-12 col-sm-4 titulo ff-nunito fw-semibold texto-upper\">\n<p class=\"no-margin fc-cinza4\">TIPO DE PERSONALIZA\u00c7\u00c3O<\/p>\n<\/div>\n<div class=\"col-xs-12 col-sm-8 conteudo ff-nunito fw-semibold\">\n<p class=\"no-margin fc-cinza4\">Silkscreen<\/p>\n<\/div>\n<\/div>\n<div class=\"especificacao col-xs-12 no-padding\">\n<div class=\"col-xs-12 col-sm-4 titulo ff-nunito fw-semibold texto-upper\">\n<p class=\"no-margin fc-cinza4\">DIMENS\u00c3O DO PRODUTO<\/p>\n<\/div>\n<div class=\"col-xs-12 col-sm-8 conteudo ff-nunito fw-semibold\">\n<p class=\"no-margin fc-cinza4\">Copo: 9,3\u00f8x13,4cm \/ Bloco (fechado): 13&#215;9,2cm \/ L\u00e1pis: 12cm \/ Estojo fone: 6,2&#215;6,2x2cm<\/p>\n<\/div>\n<\/div>\n<div class=\"especificacao col-xs-12 no-padding\">\n<div class=\"col-xs-12 col-sm-4 titulo ff-nunito fw-semibold texto-upper\">\n<p class=\"no-margin fc-cinza4\">MATERIAL DA EMBALAGEM<\/p>\n<\/div>\n<div class=\"col-xs-12 col-sm-8 conteudo ff-nunito fw-semibold\">\n<p class=\"no-margin fc-cinza4\">Caixa preta<\/p>\n<\/div>\n<\/div>\n<div class=\"especificacao col-xs-12 no-padding\">\n<div class=\"col-xs-12 col-sm-4 titulo ff-nunito fw-semibold texto-upper\">\n<p class=\"no-margin fc-cinza4\">DIMENS\u00c3O DA EMBALAGEM<\/p>\n<\/div>\n<div class=\"col-xs-12 col-sm-8 conteudo ff-nunito fw-semibold\">\n<p class=\"no-margin fc-cinza4\">230x230x90 mm (AxLxP)<\/p>\n<\/div>\n<\/div>\n<div class=\"especificacao col-xs-12 no-padding\">\n<div class=\"col-xs-12 col-sm-4 titulo ff-nunito fw-semibold texto-upper\">\n<p class=\"no-margin fc-cinza4\">PESO<\/p>\n<\/div>\n<div class=\"col-xs-12 col-sm-8 conteudo ff-nunito fw-semibold\">\n<p class=\"no-margin fc-cinza4\">600 g (com embalagem)<\/p>\n<\/div>\n<\/div>\n<div class=\"especificacao col-xs-12 no-padding\">\n<div class=\"col-xs-12 col-sm-4 titulo ff-nunito fw-semibold texto-upper\">\n<p class=\"no-margin fc-cinza4\">SOBRE A PERSONALIZA\u00c7\u00c3O<\/p>\n<\/div>\n<div class=\"col-xs-12 col-sm-8 conteudo ff-nunito fw-semibold\">\n<p class=\"no-margin fc-cinza4\">\n<article class=\"fc-cinza4 ff-nunito fw-semibold\">N\u00f3s acreditamos nas rela\u00e7\u00f5es entre as pessoas e empresas, sabemos que se voc\u00ea presenteia algu\u00e9m com um brinde corporativo e personalizado, est\u00e1 querendo passar uma mensagem atrav\u00e9s desse objeto, seja de gratid\u00e3o, felicidade, amor, etc.<\/p>\n<p>Escolhemos participar desses momentos puros e cheios de emo\u00e7\u00e3o sendo o ve\u00edculo da mensagem (ou seja, o objeto) s\u00f3 que de empresa para empresas ou, de empresa para colaborador.<\/p>\n<p>Ent\u00e3o sempre buscamos colocar em nossa linha de produtos brindes de bom gosto, que seja \u00fatil, que tenha f\u00e1cil aceita\u00e7\u00e3o de qualquer pessoa, que possua uma excelente \u00e1rea de personaliza\u00e7\u00e3o para exibir sua marca e, claro, que tenha qualidade o suficiente para ser dur\u00e1vel.<\/article>\n<\/div>\n<\/div>","protected":false},"excerpt":{"rendered":"<p>Conta com copo em fibra de bambu; Bloco de anota\u00e7\u00f5es em papel\u00e3o reciclado; fone de ouvido.<\/p>\n<p>Copo com tampa. Bloco acompanha 100 folhas brancas; 5 cores, com 25 folhas auto colantes cada; l\u00e1pis em madeira com borracha.<\/p>\n<p>Fone de ouvido conta com microfone e controle de volume.<\/p>\n<div class=\"especificacao col-xs-12 no-padding\">\n<div class=\"col-xs-12 col-sm-8 conteudo ff-nunito fw-semibold\">\n<p class=\"no-margin fc-cinza4\">Conta com copo em fibra de bambu; Bloco de anota\u00e7\u00f5es em papel\u00e3o reciclado; fone de ouvido. Copo com tampa. Bloco acompanha 100 folhas brancas; 5 cores, com 25 folhas auto colantes cada; l\u00e1pis em madeira com borracha. Fone de ouvido conta com microfone e controle de volume.<\/p>\n<\/div>\n<\/div>\n<div class=\"especificacao col-xs-12 no-padding\">\n<div class=\"col-xs-12 col-sm-4 titulo ff-nunito fw-semibold texto-upper\">\n<p class=\"no-margin fc-cinza4\">TIPO DE PERSONALIZA\u00c7\u00c3O<\/p>\n<\/div>\n<div class=\"col-xs-12 col-sm-8 conteudo ff-nunito fw-semibold\">\n<p class=\"no-margin fc-cinza4\">Silkscreen<\/p>\n<\/div>\n<\/div>\n<div class=\"especificacao col-xs-12 no-padding\">\n<div class=\"col-xs-12 col-sm-4 titulo ff-nunito fw-semibold texto-upper\">\n<p class=\"no-margin fc-cinza4\">DIMENS\u00c3O DO PRODUTO<\/p>\n<\/div>\n<div class=\"col-xs-12 col-sm-8 conteudo ff-nunito fw-semibold\">\n<p class=\"no-margin fc-cinza4\">Copo: 9,3\u00f8x13,4cm \/ Bloco (fechado): 13&#215;9,2cm \/ L\u00e1pis: 12cm \/ Estojo fone: 6,2&#215;6,2x2cm<\/p>\n<\/div>\n<\/div>\n<div class=\"especificacao col-xs-12 no-padding\">\n<div class=\"col-xs-12 col-sm-4 titulo ff-nunito fw-semibold texto-upper\">\n<p class=\"no-margin fc-cinza4\">MATERIAL DA EMBALAGEM<\/p>\n<\/div>\n<div class=\"col-xs-12 col-sm-8 conteudo ff-nunito fw-semibold\">\n<p class=\"no-margin fc-cinza4\">Caixa preta<\/p>\n<\/div>\n<\/div>\n<div class=\"especificacao col-xs-12 no-padding\">\n<div class=\"col-xs-12 col-sm-4 titulo ff-nunito fw-semibold texto-upper\">\n<p class=\"no-margin fc-cinza4\">DIMENS\u00c3O DA EMBALAGEM<\/p>\n<\/div>\n<div class=\"col-xs-12 col-sm-8 conteudo ff-nunito fw-semibold\">\n<p class=\"no-margin fc-cinza4\">230x230x90 mm (AxLxP)<\/p>\n<\/div>\n<\/div>\n<div class=\"especificacao col-xs-12 no-padding\">\n<div class=\"col-xs-12 col-sm-4 titulo ff-nunito fw-semibold texto-upper\">\n<p class=\"no-margin fc-cinza4\">PESO<\/p>\n<\/div>\n<div class=\"col-xs-12 col-sm-8 conteudo ff-nunito fw-semibold\">\n<p class=\"no-margin fc-cinza4\">600 g (com embalagem)<\/p>\n<\/div>\n<\/div>\n<div class=\"especificacao col-xs-12 no-padding\">\n<div class=\"col-xs-12 col-sm-4 titulo ff-nunito fw-semibold texto-upper\">\n<p class=\"no-margin fc-cinza4\">SOBRE A PERSONALIZA\u00c7\u00c3O<\/p>\n<\/div>\n<div class=\"col-xs-12 col-sm-8 conteudo ff-nunito fw-semibold\">\n<p class=\"no-margin fc-cinza4\">\n<article class=\"fc-cinza4 ff-nunito fw-semibold\">N\u00f3s acreditamos nas rela\u00e7\u00f5es entre as pessoas e empresas, sabemos que se voc\u00ea presenteia algu\u00e9m com um brinde corporativo e personalizado, est\u00e1 querendo passar uma mensagem atrav\u00e9s desse objeto, seja de gratid\u00e3o, felicidade, amor, etc.<\/p>\n<p>Escolhemos participar desses momentos puros e cheios de emo\u00e7\u00e3o sendo o ve\u00edculo da mensagem (ou seja, o objeto) s\u00f3 que de empresa para empresas ou, de empresa para colaborador.<\/p>\n<p>Ent\u00e3o sempre buscamos colocar em nossa linha de produtos brindes de bom gosto, que seja \u00fatil, que tenha f\u00e1cil aceita\u00e7\u00e3o de qualquer pessoa, que possua uma excelente \u00e1rea de personaliza\u00e7\u00e3o para exibir sua marca e, claro, que tenha qualidade o suficiente para ser dur\u00e1vel.<\/article>\n<\/div>\n<\/div>","protected":false},"featured_media":7991,"comment_status":"open","ping_status":"closed","template":"","meta":{"_monsterinsights_skip_tracking":false,"_monsterinsights_sitenote_active":false,"_monsterinsights_sitenote_note":"","_monsterinsights_sitenote_category":0},"product_brand":[],"product_cat":[198,340],"product_tag":[],"class_list":{"0":"post-7988","1":"product","2":"type-product","3":"status-publish","4":"has-post-thumbnail","6":"product_cat-escritorio","7":"product_cat-kits-especiais","9":"first","10":"instock","11":"shipping-taxable","12":"product-type-simple"},"yoast_head":"<!-- This site is optimized with the Yoast SEO plugin v27.4 - https:\/\/yoast.com\/product\/yoast-seo-wordpress\/ -->\n<title>Kit Copo, Bloco De Anota\u00e7\u00f5es E Fone - 3 P\u00e7s - Ideia Gr\u00e1fica e Brindes<\/title>\n<meta name=\"robots\" content=\"index, follow, max-snippet:-1, max-image-preview:large, max-video-preview:-1\" \/>\n<link rel=\"canonical\" href=\"https:\/\/ideiagraficaebrindes.com.br\/en\/product\/kit-copo-bloco-de-anotacoes-e-fone-3-pcs\/\" \/>\n<meta property=\"og:locale\" content=\"en_US\" \/>\n<meta property=\"og:type\" content=\"article\" \/>\n<meta property=\"og:title\" content=\"Kit Copo, Bloco De Anota\u00e7\u00f5es E Fone - 3 P\u00e7s - Ideia Gr\u00e1fica e Brindes\" \/>\n<meta property=\"og:description\" content=\"Conta com copo em fibra de bambu; Bloco de anota\u00e7\u00f5es em papel\u00e3o reciclado; fone de ouvido.  Copo com tampa. Bloco acompanha 100 folhas brancas; 5 cores, com 25 folhas auto colantes cada; l\u00e1pis em madeira com borracha.  Fone de ouvido conta com microfone e controle de volume.   Conta com copo em fibra de bambu; Bloco de anota\u00e7\u00f5es em papel\u00e3o reciclado; fone de ouvido. Copo com tampa. Bloco acompanha 100 folhas brancas; 5 cores, com 25 folhas auto colantes cada; l\u00e1pis em madeira com borracha. Fone de ouvido conta com microfone e controle de volume.      TIPO DE PERSONALIZA\u00c7\u00c3O    Silkscreen      DIMENS\u00c3O DO PRODUTO    Copo: 9,3\u00f8x13,4cm \/ Bloco (fechado): 13x9,2cm \/ L\u00e1pis: 12cm \/ Estojo fone: 6,2x6,2x2cm      MATERIAL DA EMBALAGEM    Caixa preta      DIMENS\u00c3O DA EMBALAGEM    230x230x90 mm (AxLxP)      PESO    600 g (com embalagem)      SOBRE A PERSONALIZA\u00c7\u00c3O      N\u00f3s acreditamos nas rela\u00e7\u00f5es entre as pessoas e empresas, sabemos que se voc\u00ea presenteia algu\u00e9m com um brinde corporativo e personalizado, est\u00e1 querendo passar uma mensagem atrav\u00e9s desse objeto, seja de gratid\u00e3o, felicidade, amor, etc.  Escolhemos participar desses momentos puros e cheios de emo\u00e7\u00e3o sendo o ve\u00edculo da mensagem (ou seja, o objeto) s\u00f3 que de empresa para empresas ou, de empresa para colaborador.  Ent\u00e3o sempre buscamos colocar em nossa linha de produtos brindes de bom gosto, que seja \u00fatil, que tenha f\u00e1cil aceita\u00e7\u00e3o de qualquer pessoa, que possua uma excelente \u00e1rea de personaliza\u00e7\u00e3o para exibir sua marca e, claro, que tenha qualidade o suficiente para ser dur\u00e1vel.\" \/>\n<meta property=\"og:url\" content=\"https:\/\/ideiagraficaebrindes.com.br\/en\/product\/kit-copo-bloco-de-anotacoes-e-fone-3-pcs\/\" \/>\n<meta property=\"og:site_name\" content=\"Ideia Gr\u00e1fica e Brindes\" \/>\n<meta property=\"og:image\" content=\"https:\/\/ideiagraficaebrindes.com.br\/wp-content\/uploads\/2022\/08\/Kit-boas-vindas.jpg\" \/>\n\t<meta property=\"og:image:width\" content=\"1004\" \/>\n\t<meta property=\"og:image:height\" content=\"1004\" \/>\n\t<meta property=\"og:image:type\" content=\"image\/jpeg\" \/>\n<meta name=\"twitter:card\" content=\"summary_large_image\" \/>\n<meta name=\"twitter:label1\" content=\"Est. reading time\" \/>\n\t<meta name=\"twitter:data1\" content=\"1 minute\" \/>\n<script type=\"application\/ld+json\" class=\"yoast-schema-graph\">{\"@context\":\"https:\\\/\\\/schema.org\",\"@graph\":[{\"@type\":\"WebPage\",\"@id\":\"https:\\\/\\\/ideiagraficaebrindes.com.br\\\/produto\\\/kit-copo-bloco-de-anotacoes-e-fone-3-pcs\\\/\",\"url\":\"https:\\\/\\\/ideiagraficaebrindes.com.br\\\/produto\\\/kit-copo-bloco-de-anotacoes-e-fone-3-pcs\\\/\",\"name\":\"Kit Copo, Bloco De Anota\u00e7\u00f5es E Fone - 3 P\u00e7s - Ideia Gr\u00e1fica e Brindes\",\"isPartOf\":{\"@id\":\"https:\\\/\\\/ideiagraficaebrindes.com.br\\\/#website\"},\"primaryImageOfPage\":{\"@id\":\"https:\\\/\\\/ideiagraficaebrindes.com.br\\\/produto\\\/kit-copo-bloco-de-anotacoes-e-fone-3-pcs\\\/#primaryimage\"},\"image\":{\"@id\":\"https:\\\/\\\/ideiagraficaebrindes.com.br\\\/produto\\\/kit-copo-bloco-de-anotacoes-e-fone-3-pcs\\\/#primaryimage\"},\"thumbnailUrl\":\"https:\\\/\\\/ideiagraficaebrindes.com.br\\\/wp-content\\\/uploads\\\/2022\\\/08\\\/Kit-boas-vindas.jpg\",\"datePublished\":\"2022-08-23T18:53:33+00:00\",\"breadcrumb\":{\"@id\":\"https:\\\/\\\/ideiagraficaebrindes.com.br\\\/produto\\\/kit-copo-bloco-de-anotacoes-e-fone-3-pcs\\\/#breadcrumb\"},\"inLanguage\":\"en-US\",\"potentialAction\":[{\"@type\":\"ReadAction\",\"target\":[\"https:\\\/\\\/ideiagraficaebrindes.com.br\\\/produto\\\/kit-copo-bloco-de-anotacoes-e-fone-3-pcs\\\/\"]}]},{\"@type\":\"ImageObject\",\"inLanguage\":\"en-US\",\"@id\":\"https:\\\/\\\/ideiagraficaebrindes.com.br\\\/produto\\\/kit-copo-bloco-de-anotacoes-e-fone-3-pcs\\\/#primaryimage\",\"url\":\"https:\\\/\\\/ideiagraficaebrindes.com.br\\\/wp-content\\\/uploads\\\/2022\\\/08\\\/Kit-boas-vindas.jpg\",\"contentUrl\":\"https:\\\/\\\/ideiagraficaebrindes.com.br\\\/wp-content\\\/uploads\\\/2022\\\/08\\\/Kit-boas-vindas.jpg\",\"width\":1004,\"height\":1004},{\"@type\":\"BreadcrumbList\",\"@id\":\"https:\\\/\\\/ideiagraficaebrindes.com.br\\\/produto\\\/kit-copo-bloco-de-anotacoes-e-fone-3-pcs\\\/#breadcrumb\",\"itemListElement\":[{\"@type\":\"ListItem\",\"position\":1,\"name\":\"In\u00edcio\",\"item\":\"https:\\\/\\\/ideiagraficaebrindes.com.br\\\/\"},{\"@type\":\"ListItem\",\"position\":2,\"name\":\"Loja\",\"item\":\"https:\\\/\\\/ideiagraficaebrindes.com.br\\\/loja\\\/\"},{\"@type\":\"ListItem\",\"position\":3,\"name\":\"Kit Copo, Bloco De Anota\u00e7\u00f5es E Fone &#8211; 3 P\u00e7s\"}]},{\"@type\":\"WebSite\",\"@id\":\"https:\\\/\\\/ideiagraficaebrindes.com.br\\\/#website\",\"url\":\"https:\\\/\\\/ideiagraficaebrindes.com.br\\\/\",\"name\":\"Ideia Gr\u00e1fica e Brindes\",\"description\":\"Brindes Personalizados e Impress\u00e3o em geral\",\"potentialAction\":[{\"@type\":\"SearchAction\",\"target\":{\"@type\":\"EntryPoint\",\"urlTemplate\":\"https:\\\/\\\/ideiagraficaebrindes.com.br\\\/?s={search_term_string}\"},\"query-input\":{\"@type\":\"PropertyValueSpecification\",\"valueRequired\":true,\"valueName\":\"search_term_string\"}}],\"inLanguage\":\"en-US\"}]}<\/script>\n<!-- \/ Yoast SEO plugin. -->","yoast_head_json":{"title":"Kit Copo, Bloco De Anota\u00e7\u00f5es E Fone - 3 P\u00e7s - Ideia Gr\u00e1fica e Brindes","robots":{"index":"index","follow":"follow","max-snippet":"max-snippet:-1","max-image-preview":"max-image-preview:large","max-video-preview":"max-video-preview:-1"},"canonical":"https:\/\/ideiagraficaebrindes.com.br\/en\/product\/kit-copo-bloco-de-anotacoes-e-fone-3-pcs\/","og_locale":"en_US","og_type":"article","og_title":"Kit Copo, Bloco De Anota\u00e7\u00f5es E Fone - 3 P\u00e7s - Ideia Gr\u00e1fica e Brindes","og_description":"Conta com copo em fibra de bambu; Bloco de anota\u00e7\u00f5es em papel\u00e3o reciclado; fone de ouvido.  Copo com tampa. Bloco acompanha 100 folhas brancas; 5 cores, com 25 folhas auto colantes cada; l\u00e1pis em madeira com borracha.  Fone de ouvido conta com microfone e controle de volume.   Conta com copo em fibra de bambu; Bloco de anota\u00e7\u00f5es em papel\u00e3o reciclado; fone de ouvido. Copo com tampa. Bloco acompanha 100 folhas brancas; 5 cores, com 25 folhas auto colantes cada; l\u00e1pis em madeira com borracha. Fone de ouvido conta com microfone e controle de volume.      TIPO DE PERSONALIZA\u00c7\u00c3O    Silkscreen      DIMENS\u00c3O DO PRODUTO    Copo: 9,3\u00f8x13,4cm \/ Bloco (fechado): 13x9,2cm \/ L\u00e1pis: 12cm \/ Estojo fone: 6,2x6,2x2cm      MATERIAL DA EMBALAGEM    Caixa preta      DIMENS\u00c3O DA EMBALAGEM    230x230x90 mm (AxLxP)      PESO    600 g (com embalagem)      SOBRE A PERSONALIZA\u00c7\u00c3O      N\u00f3s acreditamos nas rela\u00e7\u00f5es entre as pessoas e empresas, sabemos que se voc\u00ea presenteia algu\u00e9m com um brinde corporativo e personalizado, est\u00e1 querendo passar uma mensagem atrav\u00e9s desse objeto, seja de gratid\u00e3o, felicidade, amor, etc.  Escolhemos participar desses momentos puros e cheios de emo\u00e7\u00e3o sendo o ve\u00edculo da mensagem (ou seja, o objeto) s\u00f3 que de empresa para empresas ou, de empresa para colaborador.  Ent\u00e3o sempre buscamos colocar em nossa linha de produtos brindes de bom gosto, que seja \u00fatil, que tenha f\u00e1cil aceita\u00e7\u00e3o de qualquer pessoa, que possua uma excelente \u00e1rea de personaliza\u00e7\u00e3o para exibir sua marca e, claro, que tenha qualidade o suficiente para ser dur\u00e1vel.","og_url":"https:\/\/ideiagraficaebrindes.com.br\/en\/product\/kit-copo-bloco-de-anotacoes-e-fone-3-pcs\/","og_site_name":"Ideia Gr\u00e1fica e Brindes","og_image":[{"width":1004,"height":1004,"url":"https:\/\/ideiagraficaebrindes.com.br\/wp-content\/uploads\/2022\/08\/Kit-boas-vindas.jpg","type":"image\/jpeg"}],"twitter_card":"summary_large_image","twitter_misc":{"Est. reading time":"1 minute"},"schema":{"@context":"https:\/\/schema.org","@graph":[{"@type":"WebPage","@id":"https:\/\/ideiagraficaebrindes.com.br\/produto\/kit-copo-bloco-de-anotacoes-e-fone-3-pcs\/","url":"https:\/\/ideiagraficaebrindes.com.br\/produto\/kit-copo-bloco-de-anotacoes-e-fone-3-pcs\/","name":"Kit Copo, Bloco De Anota\u00e7\u00f5es E Fone - 3 P\u00e7s - Ideia Gr\u00e1fica e Brindes","isPartOf":{"@id":"https:\/\/ideiagraficaebrindes.com.br\/#website"},"primaryImageOfPage":{"@id":"https:\/\/ideiagraficaebrindes.com.br\/produto\/kit-copo-bloco-de-anotacoes-e-fone-3-pcs\/#primaryimage"},"image":{"@id":"https:\/\/ideiagraficaebrindes.com.br\/produto\/kit-copo-bloco-de-anotacoes-e-fone-3-pcs\/#primaryimage"},"thumbnailUrl":"https:\/\/ideiagraficaebrindes.com.br\/wp-content\/uploads\/2022\/08\/Kit-boas-vindas.jpg","datePublished":"2022-08-23T18:53:33+00:00","breadcrumb":{"@id":"https:\/\/ideiagraficaebrindes.com.br\/produto\/kit-copo-bloco-de-anotacoes-e-fone-3-pcs\/#breadcrumb"},"inLanguage":"en-US","potentialAction":[{"@type":"ReadAction","target":["https:\/\/ideiagraficaebrindes.com.br\/produto\/kit-copo-bloco-de-anotacoes-e-fone-3-pcs\/"]}]},{"@type":"ImageObject","inLanguage":"en-US","@id":"https:\/\/ideiagraficaebrindes.com.br\/produto\/kit-copo-bloco-de-anotacoes-e-fone-3-pcs\/#primaryimage","url":"https:\/\/ideiagraficaebrindes.com.br\/wp-content\/uploads\/2022\/08\/Kit-boas-vindas.jpg","contentUrl":"https:\/\/ideiagraficaebrindes.com.br\/wp-content\/uploads\/2022\/08\/Kit-boas-vindas.jpg","width":1004,"height":1004},{"@type":"BreadcrumbList","@id":"https:\/\/ideiagraficaebrindes.com.br\/produto\/kit-copo-bloco-de-anotacoes-e-fone-3-pcs\/#breadcrumb","itemListElement":[{"@type":"ListItem","position":1,"name":"In\u00edcio","item":"https:\/\/ideiagraficaebrindes.com.br\/"},{"@type":"ListItem","position":2,"name":"Loja","item":"https:\/\/ideiagraficaebrindes.com.br\/loja\/"},{"@type":"ListItem","position":3,"name":"Kit Copo, Bloco De Anota\u00e7\u00f5es E Fone &#8211; 3 P\u00e7s"}]},{"@type":"WebSite","@id":"https:\/\/ideiagraficaebrindes.com.br\/#website","url":"https:\/\/ideiagraficaebrindes.com.br\/","name":"Ideia Gr\u00e1fica e Brindes","description":"Brindes Personalizados e Impress\u00e3o em geral","potentialAction":[{"@type":"SearchAction","target":{"@type":"EntryPoint","urlTemplate":"https:\/\/ideiagraficaebrindes.com.br\/?s={search_term_string}"},"query-input":{"@type":"PropertyValueSpecification","valueRequired":true,"valueName":"search_term_string"}}],"inLanguage":"en-US"}]}},"_links":{"self":[{"href":"https:\/\/ideiagraficaebrindes.com.br\/en\/wp-json\/wp\/v2\/product\/7988","targetHints":{"allow":["GET"]}}],"collection":[{"href":"https:\/\/ideiagraficaebrindes.com.br\/en\/wp-json\/wp\/v2\/product"}],"about":[{"href":"https:\/\/ideiagraficaebrindes.com.br\/en\/wp-json\/wp\/v2\/types\/product"}],"replies":[{"embeddable":true,"href":"https:\/\/ideiagraficaebrindes.com.br\/en\/wp-json\/wp\/v2\/comments?post=7988"}],"wp:featuredmedia":[{"embeddable":true,"href":"https:\/\/ideiagraficaebrindes.com.br\/en\/wp-json\/wp\/v2\/media\/7991"}],"wp:attachment":[{"href":"https:\/\/ideiagraficaebrindes.com.br\/en\/wp-json\/wp\/v2\/media?parent=7988"}],"wp:term":[{"taxonomy":"product_brand","embeddable":true,"href":"https:\/\/ideiagraficaebrindes.com.br\/en\/wp-json\/wp\/v2\/product_brand?post=7988"},{"taxonomy":"product_cat","embeddable":true,"href":"https:\/\/ideiagraficaebrindes.com.br\/en\/wp-json\/wp\/v2\/product_cat?post=7988"},{"taxonomy":"product_tag","embeddable":true,"href":"https:\/\/ideiagraficaebrindes.com.br\/en\/wp-json\/wp\/v2\/product_tag?post=7988"}],"curies":[{"name":"wp","href":"https:\/\/api.w.org\/{rel}","templated":true}]}}