{"id":7981,"date":"2022-08-23T15:34:51","date_gmt":"2022-08-23T18:34:51","guid":{"rendered":"https:\/\/ideiagraficaebrindes.com.br\/?post_type=product&#038;p=7981"},"modified":"2022-08-23T15:34:52","modified_gmt":"2022-08-23T18:34:52","slug":"kit-escritorio-02-pecas","status":"publish","type":"product","link":"https:\/\/ideiagraficaebrindes.com.br\/en\/product\/kit-escritorio-02-pecas\/","title":{"rendered":"Kit Escrit\u00f3rio 02 Pe\u00e7as"},"content":{"rendered":"<p>Caderno para anota\u00e7\u00f5es vermelho com capa dura e caneta 2&#215;1. Conta com 80 folhas n\u00e3o pautadas e el\u00e1stico para fechamento.<br \/>\nCaneta em ABS com tampa, carga esferogr\u00e1fica azul e ponta touch para smartphones e tablets. Gramatura da folha de 70 g\/m2<\/p>\n<p>&nbsp;<\/p>\n<div class=\"especificacao col-xs-12 no-padding\">\n<div class=\"col-xs-12 col-sm-8 conteudo ff-nunito fw-semibold\">\n<p class=\"no-margin fc-cinza4\">Caderno: 14,5x9x1,5cm \/ caneta: 14x1cm<\/p>\n<\/div>\n<\/div>\n<div class=\"especificacao col-xs-12 no-padding\">\n<div class=\"col-xs-12 col-sm-4 titulo ff-nunito fw-semibold texto-upper\">\n<p class=\"no-margin fc-cinza4\">MATERIAL DA EMBALAGEM<\/p>\n<\/div>\n<div class=\"col-xs-12 col-sm-8 conteudo ff-nunito fw-semibold\">\n<p class=\"no-margin fc-cinza4\">Caixa Preta<\/p>\n<\/div>\n<\/div>\n<div class=\"especificacao col-xs-12 no-padding\">\n<div class=\"col-xs-12 col-sm-4 titulo ff-nunito fw-semibold texto-upper\">\n<p class=\"no-margin fc-cinza4\">DIMENS\u00c3O DA EMBALAGEM<\/p>\n<\/div>\n<div class=\"col-xs-12 col-sm-8 conteudo ff-nunito fw-semibold\">\n<p class=\"no-margin fc-cinza4\">165x135x20 mm (AxLxP)<\/p>\n<\/div>\n<\/div>\n<div class=\"especificacao col-xs-12 no-padding\">\n<div class=\"col-xs-12 col-sm-4 titulo ff-nunito fw-semibold texto-upper\">\n<p class=\"no-margin fc-cinza4\">PESO<\/p>\n<\/div>\n<div class=\"col-xs-12 col-sm-8 conteudo ff-nunito fw-semibold\">\n<p class=\"no-margin fc-cinza4\">170 g (com embalagem)<\/p>\n<\/div>\n<\/div>\n<div class=\"especificacao col-xs-12 no-padding\">\n<div class=\"col-xs-12 col-sm-4 titulo ff-nunito fw-semibold texto-upper\">\n<p class=\"no-margin fc-cinza4\">SOBRE A PERSONALIZA\u00c7\u00c3O<\/p>\n<\/div>\n<div class=\"col-xs-12 col-sm-8 conteudo ff-nunito fw-semibold\">\n<p class=\"no-margin fc-cinza4\">\n<article class=\"fc-cinza4 ff-nunito fw-semibold\">N\u00f3s acreditamos nas rela\u00e7\u00f5es entre as pessoas e empresas, sabemos que se voc\u00ea presenteia algu\u00e9m com um brinde corporativo e personalizado, est\u00e1 querendo passar uma mensagem atrav\u00e9s desse objeto, seja de gratid\u00e3o, felicidade, amor, etc.<\/p>\n<p>Escolhemos participar desses momentos puros e cheios de emo\u00e7\u00e3o sendo o ve\u00edculo da mensagem (ou seja, o objeto) s\u00f3 que de empresa para empresas ou, de empresa para colaborador.<\/p>\n<p>Ent\u00e3o sempre buscamos colocar em nossa linha de produtos brindes de bom gosto, que seja \u00fatil, que tenha f\u00e1cil aceita\u00e7\u00e3o de qualquer pessoa, que possua uma excelente \u00e1rea de personaliza\u00e7\u00e3o para exibir sua marca e, claro, que tenha qualidade o suficiente para ser dur\u00e1vel.<\/article>\n<\/div>\n<\/div>","protected":false},"excerpt":{"rendered":"<p>Caderno para anota\u00e7\u00f5es vermelho com capa dura e caneta 2&#215;1. Conta com 80 folhas n\u00e3o pautadas e el\u00e1stico para fechamento.<br \/>\nCaneta em ABS com tampa, carga esferogr\u00e1fica azul e ponta touch para smartphones e tablets. Gramatura da folha de 70 g\/m2<\/p>\n<p>&nbsp;<\/p>\n<div class=\"especificacao col-xs-12 no-padding\">\n<div class=\"col-xs-12 col-sm-8 conteudo ff-nunito fw-semibold\">\n<p class=\"no-margin fc-cinza4\">Caderno: 14,5x9x1,5cm \/ caneta: 14x1cm<\/p>\n<\/div>\n<\/div>\n<div class=\"especificacao col-xs-12 no-padding\">\n<div class=\"col-xs-12 col-sm-4 titulo ff-nunito fw-semibold texto-upper\">\n<p class=\"no-margin fc-cinza4\">MATERIAL DA EMBALAGEM<\/p>\n<\/div>\n<div class=\"col-xs-12 col-sm-8 conteudo ff-nunito fw-semibold\">\n<p class=\"no-margin fc-cinza4\">Caixa Preta<\/p>\n<\/div>\n<\/div>\n<div class=\"especificacao col-xs-12 no-padding\">\n<div class=\"col-xs-12 col-sm-4 titulo ff-nunito fw-semibold texto-upper\">\n<p class=\"no-margin fc-cinza4\">DIMENS\u00c3O DA EMBALAGEM<\/p>\n<\/div>\n<div class=\"col-xs-12 col-sm-8 conteudo ff-nunito fw-semibold\">\n<p class=\"no-margin fc-cinza4\">165x135x20 mm (AxLxP)<\/p>\n<\/div>\n<\/div>\n<div class=\"especificacao col-xs-12 no-padding\">\n<div class=\"col-xs-12 col-sm-4 titulo ff-nunito fw-semibold texto-upper\">\n<p class=\"no-margin fc-cinza4\">PESO<\/p>\n<\/div>\n<div class=\"col-xs-12 col-sm-8 conteudo ff-nunito fw-semibold\">\n<p class=\"no-margin fc-cinza4\">170 g (com embalagem)<\/p>\n<\/div>\n<\/div>\n<div class=\"especificacao col-xs-12 no-padding\">\n<div class=\"col-xs-12 col-sm-4 titulo ff-nunito fw-semibold texto-upper\">\n<p class=\"no-margin fc-cinza4\">SOBRE A PERSONALIZA\u00c7\u00c3O<\/p>\n<\/div>\n<div class=\"col-xs-12 col-sm-8 conteudo ff-nunito fw-semibold\">\n<p class=\"no-margin fc-cinza4\">\n<article class=\"fc-cinza4 ff-nunito fw-semibold\">N\u00f3s acreditamos nas rela\u00e7\u00f5es entre as pessoas e empresas, sabemos que se voc\u00ea presenteia algu\u00e9m com um brinde corporativo e personalizado, est\u00e1 querendo passar uma mensagem atrav\u00e9s desse objeto, seja de gratid\u00e3o, felicidade, amor, etc.<\/p>\n<p>Escolhemos participar desses momentos puros e cheios de emo\u00e7\u00e3o sendo o ve\u00edculo da mensagem (ou seja, o objeto) s\u00f3 que de empresa para empresas ou, de empresa para colaborador.<\/p>\n<p>Ent\u00e3o sempre buscamos colocar em nossa linha de produtos brindes de bom gosto, que seja \u00fatil, que tenha f\u00e1cil aceita\u00e7\u00e3o de qualquer pessoa, que possua uma excelente \u00e1rea de personaliza\u00e7\u00e3o para exibir sua marca e, claro, que tenha qualidade o suficiente para ser dur\u00e1vel.<\/article>\n<\/div>\n<\/div>","protected":false},"featured_media":7984,"comment_status":"open","ping_status":"closed","template":"","meta":{"_monsterinsights_skip_tracking":false,"_monsterinsights_sitenote_active":false,"_monsterinsights_sitenote_note":"","_monsterinsights_sitenote_category":0},"product_brand":[],"product_cat":[198,340],"product_tag":[],"class_list":{"0":"post-7981","1":"product","2":"type-product","3":"status-publish","4":"has-post-thumbnail","6":"product_cat-escritorio","7":"product_cat-kits-especiais","9":"first","10":"instock","11":"shipping-taxable","12":"product-type-simple"},"yoast_head":"<!-- This site is optimized with the Yoast SEO plugin v27.4 - https:\/\/yoast.com\/product\/yoast-seo-wordpress\/ -->\n<title>Kit Escrit\u00f3rio 02 Pe\u00e7as - Ideia Gr\u00e1fica e Brindes<\/title>\n<meta name=\"robots\" content=\"index, follow, max-snippet:-1, max-image-preview:large, max-video-preview:-1\" \/>\n<link rel=\"canonical\" href=\"https:\/\/ideiagraficaebrindes.com.br\/en\/product\/kit-escritorio-02-pecas\/\" \/>\n<meta property=\"og:locale\" content=\"en_US\" \/>\n<meta property=\"og:type\" content=\"article\" \/>\n<meta property=\"og:title\" content=\"Kit Escrit\u00f3rio 02 Pe\u00e7as - Ideia Gr\u00e1fica e Brindes\" \/>\n<meta property=\"og:description\" content=\"Caderno para anota\u00e7\u00f5es vermelho com capa dura e caneta 2x1. Conta com 80 folhas n\u00e3o pautadas e el\u00e1stico para fechamento. Caneta em ABS com tampa, carga esferogr\u00e1fica azul e ponta touch para smartphones e tablets. Gramatura da folha de 70 g\/m2  &nbsp;   Caderno: 14,5x9x1,5cm \/ caneta: 14x1cm      MATERIAL DA EMBALAGEM    Caixa Preta      DIMENS\u00c3O DA EMBALAGEM    165x135x20 mm (AxLxP)      PESO    170 g (com embalagem)      SOBRE A PERSONALIZA\u00c7\u00c3O      N\u00f3s acreditamos nas rela\u00e7\u00f5es entre as pessoas e empresas, sabemos que se voc\u00ea presenteia algu\u00e9m com um brinde corporativo e personalizado, est\u00e1 querendo passar uma mensagem atrav\u00e9s desse objeto, seja de gratid\u00e3o, felicidade, amor, etc.  Escolhemos participar desses momentos puros e cheios de emo\u00e7\u00e3o sendo o ve\u00edculo da mensagem (ou seja, o objeto) s\u00f3 que de empresa para empresas ou, de empresa para colaborador.  Ent\u00e3o sempre buscamos colocar em nossa linha de produtos brindes de bom gosto, que seja \u00fatil, que tenha f\u00e1cil aceita\u00e7\u00e3o de qualquer pessoa, que possua uma excelente \u00e1rea de personaliza\u00e7\u00e3o para exibir sua marca e, claro, que tenha qualidade o suficiente para ser dur\u00e1vel.\" \/>\n<meta property=\"og:url\" content=\"https:\/\/ideiagraficaebrindes.com.br\/en\/product\/kit-escritorio-02-pecas\/\" \/>\n<meta property=\"og:site_name\" content=\"Ideia Gr\u00e1fica e Brindes\" \/>\n<meta property=\"article:modified_time\" content=\"2022-08-23T18:34:52+00:00\" \/>\n<meta property=\"og:image\" content=\"https:\/\/ideiagraficaebrindes.com.br\/wp-content\/uploads\/2022\/08\/caderneta-kit-vermelho.jpg\" \/>\n\t<meta property=\"og:image:width\" content=\"1004\" \/>\n\t<meta property=\"og:image:height\" content=\"1004\" \/>\n\t<meta property=\"og:image:type\" content=\"image\/jpeg\" \/>\n<meta name=\"twitter:card\" content=\"summary_large_image\" \/>\n<meta name=\"twitter:label1\" content=\"Est. reading time\" \/>\n\t<meta name=\"twitter:data1\" content=\"1 minute\" \/>\n<script type=\"application\/ld+json\" class=\"yoast-schema-graph\">{\"@context\":\"https:\\\/\\\/schema.org\",\"@graph\":[{\"@type\":\"WebPage\",\"@id\":\"https:\\\/\\\/ideiagraficaebrindes.com.br\\\/produto\\\/kit-escritorio-02-pecas\\\/\",\"url\":\"https:\\\/\\\/ideiagraficaebrindes.com.br\\\/produto\\\/kit-escritorio-02-pecas\\\/\",\"name\":\"Kit Escrit\u00f3rio 02 Pe\u00e7as - Ideia Gr\u00e1fica e Brindes\",\"isPartOf\":{\"@id\":\"https:\\\/\\\/ideiagraficaebrindes.com.br\\\/#website\"},\"primaryImageOfPage\":{\"@id\":\"https:\\\/\\\/ideiagraficaebrindes.com.br\\\/produto\\\/kit-escritorio-02-pecas\\\/#primaryimage\"},\"image\":{\"@id\":\"https:\\\/\\\/ideiagraficaebrindes.com.br\\\/produto\\\/kit-escritorio-02-pecas\\\/#primaryimage\"},\"thumbnailUrl\":\"https:\\\/\\\/ideiagraficaebrindes.com.br\\\/wp-content\\\/uploads\\\/2022\\\/08\\\/caderneta-kit-vermelho.jpg\",\"datePublished\":\"2022-08-23T18:34:51+00:00\",\"dateModified\":\"2022-08-23T18:34:52+00:00\",\"breadcrumb\":{\"@id\":\"https:\\\/\\\/ideiagraficaebrindes.com.br\\\/produto\\\/kit-escritorio-02-pecas\\\/#breadcrumb\"},\"inLanguage\":\"en-US\",\"potentialAction\":[{\"@type\":\"ReadAction\",\"target\":[\"https:\\\/\\\/ideiagraficaebrindes.com.br\\\/produto\\\/kit-escritorio-02-pecas\\\/\"]}]},{\"@type\":\"ImageObject\",\"inLanguage\":\"en-US\",\"@id\":\"https:\\\/\\\/ideiagraficaebrindes.com.br\\\/produto\\\/kit-escritorio-02-pecas\\\/#primaryimage\",\"url\":\"https:\\\/\\\/ideiagraficaebrindes.com.br\\\/wp-content\\\/uploads\\\/2022\\\/08\\\/caderneta-kit-vermelho.jpg\",\"contentUrl\":\"https:\\\/\\\/ideiagraficaebrindes.com.br\\\/wp-content\\\/uploads\\\/2022\\\/08\\\/caderneta-kit-vermelho.jpg\",\"width\":1004,\"height\":1004},{\"@type\":\"BreadcrumbList\",\"@id\":\"https:\\\/\\\/ideiagraficaebrindes.com.br\\\/produto\\\/kit-escritorio-02-pecas\\\/#breadcrumb\",\"itemListElement\":[{\"@type\":\"ListItem\",\"position\":1,\"name\":\"In\u00edcio\",\"item\":\"https:\\\/\\\/ideiagraficaebrindes.com.br\\\/\"},{\"@type\":\"ListItem\",\"position\":2,\"name\":\"Loja\",\"item\":\"https:\\\/\\\/ideiagraficaebrindes.com.br\\\/loja\\\/\"},{\"@type\":\"ListItem\",\"position\":3,\"name\":\"Kit Escrit\u00f3rio 02 Pe\u00e7as\"}]},{\"@type\":\"WebSite\",\"@id\":\"https:\\\/\\\/ideiagraficaebrindes.com.br\\\/#website\",\"url\":\"https:\\\/\\\/ideiagraficaebrindes.com.br\\\/\",\"name\":\"Ideia Gr\u00e1fica e Brindes\",\"description\":\"Brindes Personalizados e Impress\u00e3o em geral\",\"potentialAction\":[{\"@type\":\"SearchAction\",\"target\":{\"@type\":\"EntryPoint\",\"urlTemplate\":\"https:\\\/\\\/ideiagraficaebrindes.com.br\\\/?s={search_term_string}\"},\"query-input\":{\"@type\":\"PropertyValueSpecification\",\"valueRequired\":true,\"valueName\":\"search_term_string\"}}],\"inLanguage\":\"en-US\"}]}<\/script>\n<!-- \/ Yoast SEO plugin. -->","yoast_head_json":{"title":"Kit Escrit\u00f3rio 02 Pe\u00e7as - Ideia Gr\u00e1fica e Brindes","robots":{"index":"index","follow":"follow","max-snippet":"max-snippet:-1","max-image-preview":"max-image-preview:large","max-video-preview":"max-video-preview:-1"},"canonical":"https:\/\/ideiagraficaebrindes.com.br\/en\/product\/kit-escritorio-02-pecas\/","og_locale":"en_US","og_type":"article","og_title":"Kit Escrit\u00f3rio 02 Pe\u00e7as - Ideia Gr\u00e1fica e Brindes","og_description":"Caderno para anota\u00e7\u00f5es vermelho com capa dura e caneta 2x1. Conta com 80 folhas n\u00e3o pautadas e el\u00e1stico para fechamento. Caneta em ABS com tampa, carga esferogr\u00e1fica azul e ponta touch para smartphones e tablets. Gramatura da folha de 70 g\/m2  &nbsp;   Caderno: 14,5x9x1,5cm \/ caneta: 14x1cm      MATERIAL DA EMBALAGEM    Caixa Preta      DIMENS\u00c3O DA EMBALAGEM    165x135x20 mm (AxLxP)      PESO    170 g (com embalagem)      SOBRE A PERSONALIZA\u00c7\u00c3O      N\u00f3s acreditamos nas rela\u00e7\u00f5es entre as pessoas e empresas, sabemos que se voc\u00ea presenteia algu\u00e9m com um brinde corporativo e personalizado, est\u00e1 querendo passar uma mensagem atrav\u00e9s desse objeto, seja de gratid\u00e3o, felicidade, amor, etc.  Escolhemos participar desses momentos puros e cheios de emo\u00e7\u00e3o sendo o ve\u00edculo da mensagem (ou seja, o objeto) s\u00f3 que de empresa para empresas ou, de empresa para colaborador.  Ent\u00e3o sempre buscamos colocar em nossa linha de produtos brindes de bom gosto, que seja \u00fatil, que tenha f\u00e1cil aceita\u00e7\u00e3o de qualquer pessoa, que possua uma excelente \u00e1rea de personaliza\u00e7\u00e3o para exibir sua marca e, claro, que tenha qualidade o suficiente para ser dur\u00e1vel.","og_url":"https:\/\/ideiagraficaebrindes.com.br\/en\/product\/kit-escritorio-02-pecas\/","og_site_name":"Ideia Gr\u00e1fica e Brindes","article_modified_time":"2022-08-23T18:34:52+00:00","og_image":[{"width":1004,"height":1004,"url":"https:\/\/ideiagraficaebrindes.com.br\/wp-content\/uploads\/2022\/08\/caderneta-kit-vermelho.jpg","type":"image\/jpeg"}],"twitter_card":"summary_large_image","twitter_misc":{"Est. reading time":"1 minute"},"schema":{"@context":"https:\/\/schema.org","@graph":[{"@type":"WebPage","@id":"https:\/\/ideiagraficaebrindes.com.br\/produto\/kit-escritorio-02-pecas\/","url":"https:\/\/ideiagraficaebrindes.com.br\/produto\/kit-escritorio-02-pecas\/","name":"Kit Escrit\u00f3rio 02 Pe\u00e7as - Ideia Gr\u00e1fica e Brindes","isPartOf":{"@id":"https:\/\/ideiagraficaebrindes.com.br\/#website"},"primaryImageOfPage":{"@id":"https:\/\/ideiagraficaebrindes.com.br\/produto\/kit-escritorio-02-pecas\/#primaryimage"},"image":{"@id":"https:\/\/ideiagraficaebrindes.com.br\/produto\/kit-escritorio-02-pecas\/#primaryimage"},"thumbnailUrl":"https:\/\/ideiagraficaebrindes.com.br\/wp-content\/uploads\/2022\/08\/caderneta-kit-vermelho.jpg","datePublished":"2022-08-23T18:34:51+00:00","dateModified":"2022-08-23T18:34:52+00:00","breadcrumb":{"@id":"https:\/\/ideiagraficaebrindes.com.br\/produto\/kit-escritorio-02-pecas\/#breadcrumb"},"inLanguage":"en-US","potentialAction":[{"@type":"ReadAction","target":["https:\/\/ideiagraficaebrindes.com.br\/produto\/kit-escritorio-02-pecas\/"]}]},{"@type":"ImageObject","inLanguage":"en-US","@id":"https:\/\/ideiagraficaebrindes.com.br\/produto\/kit-escritorio-02-pecas\/#primaryimage","url":"https:\/\/ideiagraficaebrindes.com.br\/wp-content\/uploads\/2022\/08\/caderneta-kit-vermelho.jpg","contentUrl":"https:\/\/ideiagraficaebrindes.com.br\/wp-content\/uploads\/2022\/08\/caderneta-kit-vermelho.jpg","width":1004,"height":1004},{"@type":"BreadcrumbList","@id":"https:\/\/ideiagraficaebrindes.com.br\/produto\/kit-escritorio-02-pecas\/#breadcrumb","itemListElement":[{"@type":"ListItem","position":1,"name":"In\u00edcio","item":"https:\/\/ideiagraficaebrindes.com.br\/"},{"@type":"ListItem","position":2,"name":"Loja","item":"https:\/\/ideiagraficaebrindes.com.br\/loja\/"},{"@type":"ListItem","position":3,"name":"Kit Escrit\u00f3rio 02 Pe\u00e7as"}]},{"@type":"WebSite","@id":"https:\/\/ideiagraficaebrindes.com.br\/#website","url":"https:\/\/ideiagraficaebrindes.com.br\/","name":"Ideia Gr\u00e1fica e Brindes","description":"Brindes Personalizados e Impress\u00e3o em geral","potentialAction":[{"@type":"SearchAction","target":{"@type":"EntryPoint","urlTemplate":"https:\/\/ideiagraficaebrindes.com.br\/?s={search_term_string}"},"query-input":{"@type":"PropertyValueSpecification","valueRequired":true,"valueName":"search_term_string"}}],"inLanguage":"en-US"}]}},"_links":{"self":[{"href":"https:\/\/ideiagraficaebrindes.com.br\/en\/wp-json\/wp\/v2\/product\/7981","targetHints":{"allow":["GET"]}}],"collection":[{"href":"https:\/\/ideiagraficaebrindes.com.br\/en\/wp-json\/wp\/v2\/product"}],"about":[{"href":"https:\/\/ideiagraficaebrindes.com.br\/en\/wp-json\/wp\/v2\/types\/product"}],"replies":[{"embeddable":true,"href":"https:\/\/ideiagraficaebrindes.com.br\/en\/wp-json\/wp\/v2\/comments?post=7981"}],"wp:featuredmedia":[{"embeddable":true,"href":"https:\/\/ideiagraficaebrindes.com.br\/en\/wp-json\/wp\/v2\/media\/7984"}],"wp:attachment":[{"href":"https:\/\/ideiagraficaebrindes.com.br\/en\/wp-json\/wp\/v2\/media?parent=7981"}],"wp:term":[{"taxonomy":"product_brand","embeddable":true,"href":"https:\/\/ideiagraficaebrindes.com.br\/en\/wp-json\/wp\/v2\/product_brand?post=7981"},{"taxonomy":"product_cat","embeddable":true,"href":"https:\/\/ideiagraficaebrindes.com.br\/en\/wp-json\/wp\/v2\/product_cat?post=7981"},{"taxonomy":"product_tag","embeddable":true,"href":"https:\/\/ideiagraficaebrindes.com.br\/en\/wp-json\/wp\/v2\/product_tag?post=7981"}],"curies":[{"name":"wp","href":"https:\/\/api.w.org\/{rel}","templated":true}]}}