{"id":7938,"date":"2022-06-06T15:43:35","date_gmt":"2022-06-06T18:43:35","guid":{"rendered":"https:\/\/ideiagraficaebrindes.com.br\/?post_type=product&#038;p=7938"},"modified":"2025-04-04T11:51:26","modified_gmt":"2025-04-04T14:51:26","slug":"copo-termico-500ml-com-abridor-personalizado-a-laser","status":"publish","type":"product","link":"https:\/\/ideiagraficaebrindes.com.br\/en\/product\/copo-termico-500ml-com-abridor-personalizado-a-laser\/","title":{"rendered":"Copo T\u00e9rmico 500ml com Abridor (Personalizado a Laser)"},"content":{"rendered":"<div class=\"desc\">\n<p class=\"desc-tit\">Descri\u00e7\u00e3o:\u00a0<span class=\"desc-sub my-desc-sub\">Copo t\u00e9rmico de inox com capacidade 500ml, material livre de BPA. Cont\u00e9m tampa com abridor.<\/span><\/p>\n<\/div>\n<div class=\"desc\">\n<p class=\"desc-tit\">Altura<span class=\"desc-sub\"> :\u00a0 17,1 cm<br \/>\n<\/span>Largura<span class=\"desc-sub\"> :\u00a0 9,1 cm<br \/>\n<\/span>Circunfer\u00eancia<span class=\"desc-sub\"> :\u00a0 29,3 cm<br \/>\n<\/span>Medidas aproximadas para grava\u00e7\u00e3o<span class=\"desc-sub\"> (CxL):\u00a0 12 cm x 6 cm<br \/>\n<\/span>Peso aproximado<span class=\"desc-sub\">\u00a0(g):\u00a0 329<br \/>\n<span style=\"color: #000080;\"><strong>PERSONALIZA\u00c7\u00c3O DE ALTA TECNOLOGIA A LASER EM 1 LADO DO COPO\u00a0<\/strong><\/span><\/span><\/p>\n<\/div>\n<div class=\"elementor-element elementor-element-7a619f4 elementor-widget elementor-widget-heading\" data-id=\"7a619f4\" data-element_type=\"widget\" data-widget_type=\"heading.default\">\n<div class=\"elementor-widget-container\"><\/div>\n<\/div>\n<div class=\"elementor-element elementor-element-7e377be elementor-widget elementor-widget-heading\" data-id=\"7e377be\" data-element_type=\"widget\" data-widget_type=\"heading.default\">\n<div class=\"elementor-widget-container\">\n<h2 class=\"detalhe-t-title\">CARACTER\u00cdSTICAS T\u00c9CNICAS<\/h2>\n<p><strong>Material:<\/strong> Inox<br \/>\n<strong>Conserva\u00e7\u00e3o l\u00edquidos quentes::<\/strong> \u00b145min ~ 1h00<\/p>\n<p><strong>Conserva\u00e7\u00e3o l\u00edquidos gelados:<\/strong> 7h00<\/p>\n<p><strong>Conserva\u00e7\u00e3o l\u00edquidos com gelo:<\/strong> : 15h00<\/p>\n<\/div>\n<div class=\"elementor-element elementor-element-7a619f4 elementor-widget elementor-widget-heading\" data-id=\"7a619f4\" data-element_type=\"widget\" data-widget_type=\"heading.default\">\n<div class=\"elementor-widget-container\">\n<h4 class=\"elementor-heading-title elementor-size-default\">ISOLAMENTO E RETEN\u00c7\u00c3O DE TEMPERATURA<\/h4>\n<h5 class=\"elementor-heading-title elementor-size-default\">Projetado e testado em excesso contra outras marcas, nossos copos combinam com o desempenho durante todo o dia.<\/h5>\n<h5 class=\"elementor-heading-title elementor-size-default\">Nossa tampa fechada \u00e9 a prova de respingos e totalmente livres de BPA\u00a0 ou qualquer outra toxina nociva \u00e0 sa\u00fade.<\/h5>\n<h5 class=\"elementor-heading-title elementor-size-default\">Voc\u00ea pode manter suas bebidas isoladas e protegidas por muito mais tempo! Se voce\u0302 esta\u0301 a procura de eficie\u0302ncia<\/h5>\n<h5 class=\"elementor-heading-title elementor-size-default\">e tecnologia no mesmo lugar ale\u0301m de\u00a0 algo exclusivo e moderno, adquira j\u00e1 seu copo exclusivo<\/h5>\n<\/div>\n<\/div>\n<\/div>","protected":false},"excerpt":{"rendered":"<div class=\"desc\">\n<p class=\"desc-tit\">Descri\u00e7\u00e3o:\u00a0<span class=\"desc-sub my-desc-sub\">Copo t\u00e9rmico de inox com capacidade 500ml, material livre de BPA. Cont\u00e9m tampa com abridor.<\/span><\/p>\n<\/div>\n<div class=\"desc\">\n<p class=\"desc-tit\">Altura<span class=\"desc-sub\"> :\u00a0 17,1 cm<br \/>\n<\/span>Largura<span class=\"desc-sub\"> :\u00a0 9,1 cm<br \/>\n<\/span>Circunfer\u00eancia<span class=\"desc-sub\"> :\u00a0 29,3 cm<br \/>\n<\/span>Medidas aproximadas para grava\u00e7\u00e3o<span class=\"desc-sub\"> (CxL):\u00a0 12 cm x 6 cm<br \/>\n<\/span>Peso aproximado<span class=\"desc-sub\">\u00a0(g):\u00a0 329<\/span><\/p>\n<p><span class=\"desc-sub\"><span style=\"color: #000080;\"><strong>PERSONALIZA\u00c7\u00c3O DE ALTA TECNOLOGIA A LASER EM 1 LADO DO COPO\u00a0<\/strong><\/span><\/span><\/p>\n<\/div>\n<div class=\"elementor-element elementor-element-7a619f4 elementor-widget elementor-widget-heading\" data-id=\"7a619f4\" data-element_type=\"widget\" data-widget_type=\"heading.default\">\n<div class=\"elementor-widget-container\"><\/div>\n<\/div>\n<div class=\"elementor-element elementor-element-7e377be elementor-widget elementor-widget-heading\" data-id=\"7e377be\" data-element_type=\"widget\" data-widget_type=\"heading.default\">\n<div class=\"elementor-widget-container\">\n<h2 class=\"detalhe-t-title\">CARACTER\u00cdSTICAS T\u00c9CNICAS<\/h2>\n<p><strong>Material:<\/strong> Inox<br \/>\n<strong>Conserva\u00e7\u00e3o l\u00edquidos quentes::<\/strong> \u00b145min ~ 1h00<\/p>\n<p><strong>Conserva\u00e7\u00e3o l\u00edquidos gelados:<\/strong> 7h00<\/p>\n<p><strong>Conserva\u00e7\u00e3o l\u00edquidos com gelo:<\/strong> : 15h00<\/p>\n<\/div>\n<div class=\"elementor-element elementor-element-7a619f4 elementor-widget elementor-widget-heading\" data-id=\"7a619f4\" data-element_type=\"widget\" data-widget_type=\"heading.default\">\n<div class=\"elementor-widget-container\">\n<h4 class=\"elementor-heading-title elementor-size-default\">ISOLAMENTO E RETEN\u00c7\u00c3O DE TEMPERATURA<\/h4>\n<h5 class=\"elementor-heading-title elementor-size-default\"><\/h5>\n<\/div>\n<\/div>\n<\/div>","protected":false},"featured_media":7939,"comment_status":"open","ping_status":"closed","template":"","meta":{"_monsterinsights_skip_tracking":false,"_monsterinsights_sitenote_active":false,"_monsterinsights_sitenote_note":"","_monsterinsights_sitenote_category":0},"product_brand":[],"product_cat":[219,149,217],"product_tag":[347,381],"class_list":{"0":"post-7938","1":"product","2":"type-product","3":"status-publish","4":"has-post-thumbnail","6":"product_cat-brindes","7":"product_cat-copos","8":"product_cat-lojinha","9":"product_tag-copo-termico","10":"product_tag-termico","11":"product_shipping_class-nacional","13":"first","14":"instock","15":"shipping-taxable","16":"purchasable","17":"product-type-simple"},"yoast_head":"<!-- This site is optimized with the Yoast SEO plugin v27.4 - https:\/\/yoast.com\/product\/yoast-seo-wordpress\/ -->\n<title>Copo T\u00e9rmico 500ml com Abridor (Personalizado a Laser) - Ideia Gr\u00e1fica e Brindes<\/title>\n<meta name=\"description\" content=\"O nosso copo t\u00e9rmico 500ml com abridor, proporciona uma conserva\u00e7\u00e3o longa para l\u00edquidos gelados durando at\u00e9 15 horas conservado sua bebida!\" \/>\n<meta name=\"robots\" content=\"index, follow, max-snippet:-1, max-image-preview:large, max-video-preview:-1\" \/>\n<link rel=\"canonical\" href=\"https:\/\/ideiagraficaebrindes.com.br\/en\/product\/copo-termico-500ml-com-abridor-personalizado-a-laser\/\" \/>\n<meta property=\"og:locale\" content=\"en_US\" \/>\n<meta property=\"og:type\" content=\"article\" \/>\n<meta property=\"og:title\" content=\"Copo T\u00e9rmico 500ml com Abridor (Personalizado a Laser) - Ideia Gr\u00e1fica e Brindes\" \/>\n<meta property=\"og:description\" content=\"O nosso copo t\u00e9rmico 500ml com abridor, proporciona uma conserva\u00e7\u00e3o longa para l\u00edquidos gelados durando at\u00e9 15 horas conservado sua bebida!\" \/>\n<meta property=\"og:url\" content=\"https:\/\/ideiagraficaebrindes.com.br\/en\/product\/copo-termico-500ml-com-abridor-personalizado-a-laser\/\" \/>\n<meta property=\"og:site_name\" content=\"Ideia Gr\u00e1fica e Brindes\" \/>\n<meta property=\"article:modified_time\" content=\"2025-04-04T14:51:26+00:00\" \/>\n<meta property=\"og:image\" content=\"https:\/\/ideiagraficaebrindes.com.br\/wp-content\/uploads\/2022\/06\/Copo-Termico-500ml-com-Abridor-13922d1-1644934126.jpg\" \/>\n\t<meta property=\"og:image:width\" content=\"1000\" \/>\n\t<meta property=\"og:image:height\" content=\"1000\" \/>\n\t<meta property=\"og:image:type\" content=\"image\/jpeg\" \/>\n<meta name=\"twitter:card\" content=\"summary_large_image\" \/>\n<meta name=\"twitter:label1\" content=\"Est. reading time\" \/>\n\t<meta name=\"twitter:data1\" content=\"1 minute\" \/>\n<script type=\"application\/ld+json\" class=\"yoast-schema-graph\">{\"@context\":\"https:\\\/\\\/schema.org\",\"@graph\":[{\"@type\":\"WebPage\",\"@id\":\"https:\\\/\\\/ideiagraficaebrindes.com.br\\\/produto\\\/copo-termico-500ml-com-abridor-personalizado-a-laser\\\/\",\"url\":\"https:\\\/\\\/ideiagraficaebrindes.com.br\\\/produto\\\/copo-termico-500ml-com-abridor-personalizado-a-laser\\\/\",\"name\":\"Copo T\u00e9rmico 500ml com Abridor (Personalizado a Laser) - Ideia Gr\u00e1fica e Brindes\",\"isPartOf\":{\"@id\":\"https:\\\/\\\/ideiagraficaebrindes.com.br\\\/#website\"},\"primaryImageOfPage\":{\"@id\":\"https:\\\/\\\/ideiagraficaebrindes.com.br\\\/produto\\\/copo-termico-500ml-com-abridor-personalizado-a-laser\\\/#primaryimage\"},\"image\":{\"@id\":\"https:\\\/\\\/ideiagraficaebrindes.com.br\\\/produto\\\/copo-termico-500ml-com-abridor-personalizado-a-laser\\\/#primaryimage\"},\"thumbnailUrl\":\"https:\\\/\\\/ideiagraficaebrindes.com.br\\\/wp-content\\\/uploads\\\/2022\\\/06\\\/Copo-Termico-500ml-com-Abridor-13922d1-1644934126.jpg\",\"datePublished\":\"2022-06-06T18:43:35+00:00\",\"dateModified\":\"2025-04-04T14:51:26+00:00\",\"description\":\"O nosso copo t\u00e9rmico 500ml com abridor, proporciona uma conserva\u00e7\u00e3o longa para l\u00edquidos gelados durando at\u00e9 15 horas conservado sua bebida!\",\"breadcrumb\":{\"@id\":\"https:\\\/\\\/ideiagraficaebrindes.com.br\\\/produto\\\/copo-termico-500ml-com-abridor-personalizado-a-laser\\\/#breadcrumb\"},\"inLanguage\":\"en-US\",\"potentialAction\":[{\"@type\":\"ReadAction\",\"target\":[\"https:\\\/\\\/ideiagraficaebrindes.com.br\\\/produto\\\/copo-termico-500ml-com-abridor-personalizado-a-laser\\\/\"]}]},{\"@type\":\"ImageObject\",\"inLanguage\":\"en-US\",\"@id\":\"https:\\\/\\\/ideiagraficaebrindes.com.br\\\/produto\\\/copo-termico-500ml-com-abridor-personalizado-a-laser\\\/#primaryimage\",\"url\":\"https:\\\/\\\/ideiagraficaebrindes.com.br\\\/wp-content\\\/uploads\\\/2022\\\/06\\\/Copo-Termico-500ml-com-Abridor-13922d1-1644934126.jpg\",\"contentUrl\":\"https:\\\/\\\/ideiagraficaebrindes.com.br\\\/wp-content\\\/uploads\\\/2022\\\/06\\\/Copo-Termico-500ml-com-Abridor-13922d1-1644934126.jpg\",\"width\":1000,\"height\":1000},{\"@type\":\"BreadcrumbList\",\"@id\":\"https:\\\/\\\/ideiagraficaebrindes.com.br\\\/produto\\\/copo-termico-500ml-com-abridor-personalizado-a-laser\\\/#breadcrumb\",\"itemListElement\":[{\"@type\":\"ListItem\",\"position\":1,\"name\":\"In\u00edcio\",\"item\":\"https:\\\/\\\/ideiagraficaebrindes.com.br\\\/\"},{\"@type\":\"ListItem\",\"position\":2,\"name\":\"Loja\",\"item\":\"https:\\\/\\\/ideiagraficaebrindes.com.br\\\/loja\\\/\"},{\"@type\":\"ListItem\",\"position\":3,\"name\":\"Copo T\u00e9rmico 500ml com Abridor (Personalizado a Laser)\"}]},{\"@type\":\"WebSite\",\"@id\":\"https:\\\/\\\/ideiagraficaebrindes.com.br\\\/#website\",\"url\":\"https:\\\/\\\/ideiagraficaebrindes.com.br\\\/\",\"name\":\"Ideia Gr\u00e1fica e Brindes\",\"description\":\"Brindes Personalizados e Impress\u00e3o em geral\",\"potentialAction\":[{\"@type\":\"SearchAction\",\"target\":{\"@type\":\"EntryPoint\",\"urlTemplate\":\"https:\\\/\\\/ideiagraficaebrindes.com.br\\\/?s={search_term_string}\"},\"query-input\":{\"@type\":\"PropertyValueSpecification\",\"valueRequired\":true,\"valueName\":\"search_term_string\"}}],\"inLanguage\":\"en-US\"}]}<\/script>\n<!-- \/ Yoast SEO plugin. -->","yoast_head_json":{"title":"Copo T\u00e9rmico 500ml com Abridor (Personalizado a Laser) - Ideia Gr\u00e1fica e Brindes","description":"O nosso copo t\u00e9rmico 500ml com abridor, proporciona uma conserva\u00e7\u00e3o longa para l\u00edquidos gelados durando at\u00e9 15 horas conservado sua bebida!","robots":{"index":"index","follow":"follow","max-snippet":"max-snippet:-1","max-image-preview":"max-image-preview:large","max-video-preview":"max-video-preview:-1"},"canonical":"https:\/\/ideiagraficaebrindes.com.br\/en\/product\/copo-termico-500ml-com-abridor-personalizado-a-laser\/","og_locale":"en_US","og_type":"article","og_title":"Copo T\u00e9rmico 500ml com Abridor (Personalizado a Laser) - Ideia Gr\u00e1fica e Brindes","og_description":"O nosso copo t\u00e9rmico 500ml com abridor, proporciona uma conserva\u00e7\u00e3o longa para l\u00edquidos gelados durando at\u00e9 15 horas conservado sua bebida!","og_url":"https:\/\/ideiagraficaebrindes.com.br\/en\/product\/copo-termico-500ml-com-abridor-personalizado-a-laser\/","og_site_name":"Ideia Gr\u00e1fica e Brindes","article_modified_time":"2025-04-04T14:51:26+00:00","og_image":[{"width":1000,"height":1000,"url":"https:\/\/ideiagraficaebrindes.com.br\/wp-content\/uploads\/2022\/06\/Copo-Termico-500ml-com-Abridor-13922d1-1644934126.jpg","type":"image\/jpeg"}],"twitter_card":"summary_large_image","twitter_misc":{"Est. reading time":"1 minute"},"schema":{"@context":"https:\/\/schema.org","@graph":[{"@type":"WebPage","@id":"https:\/\/ideiagraficaebrindes.com.br\/produto\/copo-termico-500ml-com-abridor-personalizado-a-laser\/","url":"https:\/\/ideiagraficaebrindes.com.br\/produto\/copo-termico-500ml-com-abridor-personalizado-a-laser\/","name":"Copo T\u00e9rmico 500ml com Abridor (Personalizado a Laser) - Ideia Gr\u00e1fica e Brindes","isPartOf":{"@id":"https:\/\/ideiagraficaebrindes.com.br\/#website"},"primaryImageOfPage":{"@id":"https:\/\/ideiagraficaebrindes.com.br\/produto\/copo-termico-500ml-com-abridor-personalizado-a-laser\/#primaryimage"},"image":{"@id":"https:\/\/ideiagraficaebrindes.com.br\/produto\/copo-termico-500ml-com-abridor-personalizado-a-laser\/#primaryimage"},"thumbnailUrl":"https:\/\/ideiagraficaebrindes.com.br\/wp-content\/uploads\/2022\/06\/Copo-Termico-500ml-com-Abridor-13922d1-1644934126.jpg","datePublished":"2022-06-06T18:43:35+00:00","dateModified":"2025-04-04T14:51:26+00:00","description":"O nosso copo t\u00e9rmico 500ml com abridor, proporciona uma conserva\u00e7\u00e3o longa para l\u00edquidos gelados durando at\u00e9 15 horas conservado sua bebida!","breadcrumb":{"@id":"https:\/\/ideiagraficaebrindes.com.br\/produto\/copo-termico-500ml-com-abridor-personalizado-a-laser\/#breadcrumb"},"inLanguage":"en-US","potentialAction":[{"@type":"ReadAction","target":["https:\/\/ideiagraficaebrindes.com.br\/produto\/copo-termico-500ml-com-abridor-personalizado-a-laser\/"]}]},{"@type":"ImageObject","inLanguage":"en-US","@id":"https:\/\/ideiagraficaebrindes.com.br\/produto\/copo-termico-500ml-com-abridor-personalizado-a-laser\/#primaryimage","url":"https:\/\/ideiagraficaebrindes.com.br\/wp-content\/uploads\/2022\/06\/Copo-Termico-500ml-com-Abridor-13922d1-1644934126.jpg","contentUrl":"https:\/\/ideiagraficaebrindes.com.br\/wp-content\/uploads\/2022\/06\/Copo-Termico-500ml-com-Abridor-13922d1-1644934126.jpg","width":1000,"height":1000},{"@type":"BreadcrumbList","@id":"https:\/\/ideiagraficaebrindes.com.br\/produto\/copo-termico-500ml-com-abridor-personalizado-a-laser\/#breadcrumb","itemListElement":[{"@type":"ListItem","position":1,"name":"In\u00edcio","item":"https:\/\/ideiagraficaebrindes.com.br\/"},{"@type":"ListItem","position":2,"name":"Loja","item":"https:\/\/ideiagraficaebrindes.com.br\/loja\/"},{"@type":"ListItem","position":3,"name":"Copo T\u00e9rmico 500ml com Abridor (Personalizado a Laser)"}]},{"@type":"WebSite","@id":"https:\/\/ideiagraficaebrindes.com.br\/#website","url":"https:\/\/ideiagraficaebrindes.com.br\/","name":"Ideia Gr\u00e1fica e Brindes","description":"Brindes Personalizados e Impress\u00e3o em geral","potentialAction":[{"@type":"SearchAction","target":{"@type":"EntryPoint","urlTemplate":"https:\/\/ideiagraficaebrindes.com.br\/?s={search_term_string}"},"query-input":{"@type":"PropertyValueSpecification","valueRequired":true,"valueName":"search_term_string"}}],"inLanguage":"en-US"}]}},"_links":{"self":[{"href":"https:\/\/ideiagraficaebrindes.com.br\/en\/wp-json\/wp\/v2\/product\/7938","targetHints":{"allow":["GET"]}}],"collection":[{"href":"https:\/\/ideiagraficaebrindes.com.br\/en\/wp-json\/wp\/v2\/product"}],"about":[{"href":"https:\/\/ideiagraficaebrindes.com.br\/en\/wp-json\/wp\/v2\/types\/product"}],"replies":[{"embeddable":true,"href":"https:\/\/ideiagraficaebrindes.com.br\/en\/wp-json\/wp\/v2\/comments?post=7938"}],"wp:featuredmedia":[{"embeddable":true,"href":"https:\/\/ideiagraficaebrindes.com.br\/en\/wp-json\/wp\/v2\/media\/7939"}],"wp:attachment":[{"href":"https:\/\/ideiagraficaebrindes.com.br\/en\/wp-json\/wp\/v2\/media?parent=7938"}],"wp:term":[{"taxonomy":"product_brand","embeddable":true,"href":"https:\/\/ideiagraficaebrindes.com.br\/en\/wp-json\/wp\/v2\/product_brand?post=7938"},{"taxonomy":"product_cat","embeddable":true,"href":"https:\/\/ideiagraficaebrindes.com.br\/en\/wp-json\/wp\/v2\/product_cat?post=7938"},{"taxonomy":"product_tag","embeddable":true,"href":"https:\/\/ideiagraficaebrindes.com.br\/en\/wp-json\/wp\/v2\/product_tag?post=7938"}],"curies":[{"name":"wp","href":"https:\/\/api.w.org\/{rel}","templated":true}]}}