{"id":7932,"date":"2022-05-19T17:51:37","date_gmt":"2022-05-19T20:51:37","guid":{"rendered":"https:\/\/ideiagraficaebrindes.com.br\/?post_type=product&#038;p=7932"},"modified":"2025-04-04T11:51:43","modified_gmt":"2025-04-04T14:51:43","slug":"kit-executivo-3-pecas","status":"publish","type":"product","link":"https:\/\/ideiagraficaebrindes.com.br\/en\/product\/kit-executivo-3-pecas\/","title":{"rendered":"Kit Executivo 3 Pe\u00e7as"},"content":{"rendered":"<div class=\"desc\">\n<p class=\"desc-tit\">Descri\u00e7\u00e3o:\u00a0<span class=\"desc-sub my-desc-sub\">Kit executivo 3 pe\u00e7as em estojo de papel\u00e3o com tampa e parte interna revestida de espuma. Cont\u00e9m: chaveiro metal fosco com detalhe emborrachado preto, porta cart\u00e3o de couro sint\u00e9tico(verso met\u00e1lico liso) com placa de metal e caneta metal fosca com detalhe emborrachado preto. Acompanha placa met\u00e1lica para grava\u00e7\u00e3o.<\/span><\/p>\n<\/div>\n<div class=\"desc\">\n<p class=\"desc-tit\">Altura<span class=\"desc-sub\">\u00a0:\u00a0 14,1 cm<\/span><\/p>\n<\/div>\n<div class=\"desc\">\n<p class=\"desc-tit\">Largura<span class=\"desc-sub\">\u00a0:\u00a0 20,1 cm<\/span><\/p>\n<\/div>\n<div class=\"desc\">\n<p class=\"desc-tit\">Medidas aproximadas para grava\u00e7\u00e3o<span class=\"desc-sub\">\u00a0(CxL):\u00a0 Placa 5,8 cm x 1,9 cm &#8211; Estojo 13 cm x 19,5 cm &#8211; Chaveiro 4,8 cm x 1,1 cm \u2013 Porta Cart\u00e3o 1,9 cm x 4,3 cm \u2013 Caneta 4 cm x 1 cm<\/span><\/p>\n<\/div>\n<div class=\"desc\">\n<p class=\"desc-tit\">Peso aproximado<span class=\"desc-sub\">\u00a0(g):\u00a0 224<\/span><\/p>\n<\/div>","protected":false},"excerpt":{"rendered":"<div class=\"desc\">\n<p class=\"desc-tit\">Descri\u00e7\u00e3o:\u00a0<span class=\"desc-sub my-desc-sub\">Kit executivo 3 pe\u00e7as em estojo de papel\u00e3o com tampa e parte interna revestida de espuma. Cont\u00e9m: chaveiro metal fosco com detalhe emborrachado preto, porta cart\u00e3o de couro sint\u00e9tico(verso met\u00e1lico liso) com placa de metal e caneta metal fosca com detalhe emborrachado preto. Acompanha placa met\u00e1lica para grava\u00e7\u00e3o.<\/span><\/p>\n<\/div>\n<div class=\"desc\">\n<p class=\"desc-tit\">Altura<span class=\"desc-sub\">\u00a0:\u00a0 14,1 cm<\/span><\/p>\n<\/div>\n<div class=\"desc\">\n<p class=\"desc-tit\">Largura<span class=\"desc-sub\">\u00a0:\u00a0 20,1 cm<\/span><\/p>\n<\/div>\n<div class=\"desc\">\n<p class=\"desc-tit\">Medidas aproximadas para grava\u00e7\u00e3o<span class=\"desc-sub\">\u00a0(CxL):\u00a0 Placa 5,8 cm x 1,9 cm &#8211; Estojo 13 cm x 19,5 cm &#8211; Chaveiro 4,8 cm x 1,1 cm \u2013 Porta Cart\u00e3o 1,9 cm x 4,3 cm \u2013 Caneta 4 cm x 1 cm<\/span><\/p>\n<\/div>\n<div class=\"desc\">\n<p class=\"desc-tit\">Peso aproximado<span class=\"desc-sub\">\u00a0(g):\u00a0 224<\/span><\/p>\n<\/div>","protected":false},"featured_media":7936,"comment_status":"open","ping_status":"closed","template":"","meta":{"_monsterinsights_skip_tracking":false,"_monsterinsights_sitenote_active":false,"_monsterinsights_sitenote_note":"","_monsterinsights_sitenote_category":0},"product_brand":[],"product_cat":[198,392,217],"product_tag":[199],"class_list":{"0":"post-7932","1":"product","2":"type-product","3":"status-publish","4":"has-post-thumbnail","6":"product_cat-escritorio","7":"product_cat-kit-executivo","8":"product_cat-lojinha","9":"product_tag-kit-executivo","10":"product_shipping_class-nacional","12":"first","13":"instock","14":"shipping-taxable","15":"purchasable","16":"product-type-simple"},"yoast_head":"<!-- This site is optimized with the Yoast SEO plugin v27.4 - https:\/\/yoast.com\/product\/yoast-seo-wordpress\/ -->\n<title>Kit Executivo 3 Pe\u00e7as - Ideia Gr\u00e1fica e Brindes<\/title>\n<meta name=\"robots\" content=\"index, follow, max-snippet:-1, max-image-preview:large, max-video-preview:-1\" \/>\n<link rel=\"canonical\" href=\"https:\/\/ideiagraficaebrindes.com.br\/en\/product\/kit-executivo-3-pecas\/\" \/>\n<meta property=\"og:locale\" content=\"en_US\" \/>\n<meta property=\"og:type\" content=\"article\" \/>\n<meta property=\"og:title\" content=\"Kit Executivo 3 Pe\u00e7as - Ideia Gr\u00e1fica e Brindes\" \/>\n<meta property=\"og:description\" content=\"Descri\u00e7\u00e3o:\u00a0Kit executivo 3 pe\u00e7as em estojo de papel\u00e3o com tampa e parte interna revestida de espuma. Cont\u00e9m: chaveiro metal fosco com detalhe emborrachado preto, porta cart\u00e3o de couro sint\u00e9tico(verso met\u00e1lico liso) com placa de metal e caneta metal fosca com detalhe emborrachado preto. Acompanha placa met\u00e1lica para grava\u00e7\u00e3o.    Altura\u00a0:\u00a0 14,1 cm    Largura\u00a0:\u00a0 20,1 cm    Medidas aproximadas para grava\u00e7\u00e3o\u00a0(CxL):\u00a0 Placa 5,8 cm x 1,9 cm - Estojo 13 cm x 19,5 cm - Chaveiro 4,8 cm x 1,1 cm \u2013 Porta Cart\u00e3o 1,9 cm x 4,3 cm \u2013 Caneta 4 cm x 1 cm    Peso aproximado\u00a0(g):\u00a0 224\" \/>\n<meta property=\"og:url\" content=\"https:\/\/ideiagraficaebrindes.com.br\/en\/product\/kit-executivo-3-pecas\/\" \/>\n<meta property=\"og:site_name\" content=\"Ideia Gr\u00e1fica e Brindes\" \/>\n<meta property=\"article:modified_time\" content=\"2025-04-04T14:51:43+00:00\" \/>\n<meta property=\"og:image\" content=\"https:\/\/ideiagraficaebrindes.com.br\/wp-content\/uploads\/2022\/05\/Kit-Executivo-3-Pecas-PRETO-4486d2-1482173664.jpg\" \/>\n\t<meta property=\"og:image:width\" content=\"1000\" \/>\n\t<meta property=\"og:image:height\" content=\"1000\" \/>\n\t<meta property=\"og:image:type\" content=\"image\/jpeg\" \/>\n<meta name=\"twitter:card\" content=\"summary_large_image\" \/>\n<meta name=\"twitter:label1\" content=\"Est. reading time\" \/>\n\t<meta name=\"twitter:data1\" content=\"1 minute\" \/>\n<script type=\"application\/ld+json\" class=\"yoast-schema-graph\">{\"@context\":\"https:\\\/\\\/schema.org\",\"@graph\":[{\"@type\":\"WebPage\",\"@id\":\"https:\\\/\\\/ideiagraficaebrindes.com.br\\\/produto\\\/kit-executivo-3-pecas\\\/\",\"url\":\"https:\\\/\\\/ideiagraficaebrindes.com.br\\\/produto\\\/kit-executivo-3-pecas\\\/\",\"name\":\"Kit Executivo 3 Pe\u00e7as - Ideia Gr\u00e1fica e Brindes\",\"isPartOf\":{\"@id\":\"https:\\\/\\\/ideiagraficaebrindes.com.br\\\/#website\"},\"primaryImageOfPage\":{\"@id\":\"https:\\\/\\\/ideiagraficaebrindes.com.br\\\/produto\\\/kit-executivo-3-pecas\\\/#primaryimage\"},\"image\":{\"@id\":\"https:\\\/\\\/ideiagraficaebrindes.com.br\\\/produto\\\/kit-executivo-3-pecas\\\/#primaryimage\"},\"thumbnailUrl\":\"https:\\\/\\\/ideiagraficaebrindes.com.br\\\/wp-content\\\/uploads\\\/2022\\\/05\\\/Kit-Executivo-3-Pecas-PRETO-4486d2-1482173664.jpg\",\"datePublished\":\"2022-05-19T20:51:37+00:00\",\"dateModified\":\"2025-04-04T14:51:43+00:00\",\"breadcrumb\":{\"@id\":\"https:\\\/\\\/ideiagraficaebrindes.com.br\\\/produto\\\/kit-executivo-3-pecas\\\/#breadcrumb\"},\"inLanguage\":\"en-US\",\"potentialAction\":[{\"@type\":\"ReadAction\",\"target\":[\"https:\\\/\\\/ideiagraficaebrindes.com.br\\\/produto\\\/kit-executivo-3-pecas\\\/\"]}]},{\"@type\":\"ImageObject\",\"inLanguage\":\"en-US\",\"@id\":\"https:\\\/\\\/ideiagraficaebrindes.com.br\\\/produto\\\/kit-executivo-3-pecas\\\/#primaryimage\",\"url\":\"https:\\\/\\\/ideiagraficaebrindes.com.br\\\/wp-content\\\/uploads\\\/2022\\\/05\\\/Kit-Executivo-3-Pecas-PRETO-4486d2-1482173664.jpg\",\"contentUrl\":\"https:\\\/\\\/ideiagraficaebrindes.com.br\\\/wp-content\\\/uploads\\\/2022\\\/05\\\/Kit-Executivo-3-Pecas-PRETO-4486d2-1482173664.jpg\",\"width\":1000,\"height\":1000},{\"@type\":\"BreadcrumbList\",\"@id\":\"https:\\\/\\\/ideiagraficaebrindes.com.br\\\/produto\\\/kit-executivo-3-pecas\\\/#breadcrumb\",\"itemListElement\":[{\"@type\":\"ListItem\",\"position\":1,\"name\":\"In\u00edcio\",\"item\":\"https:\\\/\\\/ideiagraficaebrindes.com.br\\\/\"},{\"@type\":\"ListItem\",\"position\":2,\"name\":\"Loja\",\"item\":\"https:\\\/\\\/ideiagraficaebrindes.com.br\\\/loja\\\/\"},{\"@type\":\"ListItem\",\"position\":3,\"name\":\"Kit Executivo 3 Pe\u00e7as\"}]},{\"@type\":\"WebSite\",\"@id\":\"https:\\\/\\\/ideiagraficaebrindes.com.br\\\/#website\",\"url\":\"https:\\\/\\\/ideiagraficaebrindes.com.br\\\/\",\"name\":\"Ideia Gr\u00e1fica e Brindes\",\"description\":\"Brindes Personalizados e Impress\u00e3o em geral\",\"potentialAction\":[{\"@type\":\"SearchAction\",\"target\":{\"@type\":\"EntryPoint\",\"urlTemplate\":\"https:\\\/\\\/ideiagraficaebrindes.com.br\\\/?s={search_term_string}\"},\"query-input\":{\"@type\":\"PropertyValueSpecification\",\"valueRequired\":true,\"valueName\":\"search_term_string\"}}],\"inLanguage\":\"en-US\"}]}<\/script>\n<!-- \/ Yoast SEO plugin. -->","yoast_head_json":{"title":"Kit Executivo 3 Pe\u00e7as - Ideia Gr\u00e1fica e Brindes","robots":{"index":"index","follow":"follow","max-snippet":"max-snippet:-1","max-image-preview":"max-image-preview:large","max-video-preview":"max-video-preview:-1"},"canonical":"https:\/\/ideiagraficaebrindes.com.br\/en\/product\/kit-executivo-3-pecas\/","og_locale":"en_US","og_type":"article","og_title":"Kit Executivo 3 Pe\u00e7as - Ideia Gr\u00e1fica e Brindes","og_description":"Descri\u00e7\u00e3o:\u00a0Kit executivo 3 pe\u00e7as em estojo de papel\u00e3o com tampa e parte interna revestida de espuma. Cont\u00e9m: chaveiro metal fosco com detalhe emborrachado preto, porta cart\u00e3o de couro sint\u00e9tico(verso met\u00e1lico liso) com placa de metal e caneta metal fosca com detalhe emborrachado preto. Acompanha placa met\u00e1lica para grava\u00e7\u00e3o.    Altura\u00a0:\u00a0 14,1 cm    Largura\u00a0:\u00a0 20,1 cm    Medidas aproximadas para grava\u00e7\u00e3o\u00a0(CxL):\u00a0 Placa 5,8 cm x 1,9 cm - Estojo 13 cm x 19,5 cm - Chaveiro 4,8 cm x 1,1 cm \u2013 Porta Cart\u00e3o 1,9 cm x 4,3 cm \u2013 Caneta 4 cm x 1 cm    Peso aproximado\u00a0(g):\u00a0 224","og_url":"https:\/\/ideiagraficaebrindes.com.br\/en\/product\/kit-executivo-3-pecas\/","og_site_name":"Ideia Gr\u00e1fica e Brindes","article_modified_time":"2025-04-04T14:51:43+00:00","og_image":[{"width":1000,"height":1000,"url":"https:\/\/ideiagraficaebrindes.com.br\/wp-content\/uploads\/2022\/05\/Kit-Executivo-3-Pecas-PRETO-4486d2-1482173664.jpg","type":"image\/jpeg"}],"twitter_card":"summary_large_image","twitter_misc":{"Est. reading time":"1 minute"},"schema":{"@context":"https:\/\/schema.org","@graph":[{"@type":"WebPage","@id":"https:\/\/ideiagraficaebrindes.com.br\/produto\/kit-executivo-3-pecas\/","url":"https:\/\/ideiagraficaebrindes.com.br\/produto\/kit-executivo-3-pecas\/","name":"Kit Executivo 3 Pe\u00e7as - Ideia Gr\u00e1fica e Brindes","isPartOf":{"@id":"https:\/\/ideiagraficaebrindes.com.br\/#website"},"primaryImageOfPage":{"@id":"https:\/\/ideiagraficaebrindes.com.br\/produto\/kit-executivo-3-pecas\/#primaryimage"},"image":{"@id":"https:\/\/ideiagraficaebrindes.com.br\/produto\/kit-executivo-3-pecas\/#primaryimage"},"thumbnailUrl":"https:\/\/ideiagraficaebrindes.com.br\/wp-content\/uploads\/2022\/05\/Kit-Executivo-3-Pecas-PRETO-4486d2-1482173664.jpg","datePublished":"2022-05-19T20:51:37+00:00","dateModified":"2025-04-04T14:51:43+00:00","breadcrumb":{"@id":"https:\/\/ideiagraficaebrindes.com.br\/produto\/kit-executivo-3-pecas\/#breadcrumb"},"inLanguage":"en-US","potentialAction":[{"@type":"ReadAction","target":["https:\/\/ideiagraficaebrindes.com.br\/produto\/kit-executivo-3-pecas\/"]}]},{"@type":"ImageObject","inLanguage":"en-US","@id":"https:\/\/ideiagraficaebrindes.com.br\/produto\/kit-executivo-3-pecas\/#primaryimage","url":"https:\/\/ideiagraficaebrindes.com.br\/wp-content\/uploads\/2022\/05\/Kit-Executivo-3-Pecas-PRETO-4486d2-1482173664.jpg","contentUrl":"https:\/\/ideiagraficaebrindes.com.br\/wp-content\/uploads\/2022\/05\/Kit-Executivo-3-Pecas-PRETO-4486d2-1482173664.jpg","width":1000,"height":1000},{"@type":"BreadcrumbList","@id":"https:\/\/ideiagraficaebrindes.com.br\/produto\/kit-executivo-3-pecas\/#breadcrumb","itemListElement":[{"@type":"ListItem","position":1,"name":"In\u00edcio","item":"https:\/\/ideiagraficaebrindes.com.br\/"},{"@type":"ListItem","position":2,"name":"Loja","item":"https:\/\/ideiagraficaebrindes.com.br\/loja\/"},{"@type":"ListItem","position":3,"name":"Kit Executivo 3 Pe\u00e7as"}]},{"@type":"WebSite","@id":"https:\/\/ideiagraficaebrindes.com.br\/#website","url":"https:\/\/ideiagraficaebrindes.com.br\/","name":"Ideia Gr\u00e1fica e Brindes","description":"Brindes Personalizados e Impress\u00e3o em geral","potentialAction":[{"@type":"SearchAction","target":{"@type":"EntryPoint","urlTemplate":"https:\/\/ideiagraficaebrindes.com.br\/?s={search_term_string}"},"query-input":{"@type":"PropertyValueSpecification","valueRequired":true,"valueName":"search_term_string"}}],"inLanguage":"en-US"}]}},"_links":{"self":[{"href":"https:\/\/ideiagraficaebrindes.com.br\/en\/wp-json\/wp\/v2\/product\/7932","targetHints":{"allow":["GET"]}}],"collection":[{"href":"https:\/\/ideiagraficaebrindes.com.br\/en\/wp-json\/wp\/v2\/product"}],"about":[{"href":"https:\/\/ideiagraficaebrindes.com.br\/en\/wp-json\/wp\/v2\/types\/product"}],"replies":[{"embeddable":true,"href":"https:\/\/ideiagraficaebrindes.com.br\/en\/wp-json\/wp\/v2\/comments?post=7932"}],"wp:featuredmedia":[{"embeddable":true,"href":"https:\/\/ideiagraficaebrindes.com.br\/en\/wp-json\/wp\/v2\/media\/7936"}],"wp:attachment":[{"href":"https:\/\/ideiagraficaebrindes.com.br\/en\/wp-json\/wp\/v2\/media?parent=7932"}],"wp:term":[{"taxonomy":"product_brand","embeddable":true,"href":"https:\/\/ideiagraficaebrindes.com.br\/en\/wp-json\/wp\/v2\/product_brand?post=7932"},{"taxonomy":"product_cat","embeddable":true,"href":"https:\/\/ideiagraficaebrindes.com.br\/en\/wp-json\/wp\/v2\/product_cat?post=7932"},{"taxonomy":"product_tag","embeddable":true,"href":"https:\/\/ideiagraficaebrindes.com.br\/en\/wp-json\/wp\/v2\/product_tag?post=7932"}],"curies":[{"name":"wp","href":"https:\/\/api.w.org\/{rel}","templated":true}]}}