{"id":7842,"date":"2021-11-18T21:48:29","date_gmt":"2021-11-19T00:48:29","guid":{"rendered":"https:\/\/ideiagraficaebrindes.com.br\/?post_type=product&#038;p=7842"},"modified":"2021-11-18T21:48:29","modified_gmt":"2021-11-19T00:48:29","slug":"kit-tacas-de-gin-bicolor-580-ml-personalizadas-48-und","status":"publish","type":"product","link":"https:\/\/ideiagraficaebrindes.com.br\/en\/product\/kit-tacas-de-gin-bicolor-580-ml-personalizadas-48-und\/","title":{"rendered":"Kit Ta\u00e7as de Gin Bicolor 580 ml Personalizadas (48 Und)"},"content":{"rendered":"<p>Ta\u00e7as de Gin 580ml Personalizadas em 1 cor (todas iguais)<br \/>\nIdeal para servir\u00a0gin t\u00f4nica, drinks e bebidas em geral.<\/p>\n<p>QUANTIDADE: Escolha acima<br \/>\nMATERIAL Poliestireno (acr\u00edlico PS)<br \/>\nPESO 120gr<br \/>\nPRAZO DE PRODU\u00c7\u00c3O 5 dias \u00fateis + transporte escolhido<br \/>\nCOR DA TA\u00c7A Escolha por email &#8211; 15 dispon\u00edveis (ver lista abaixo)<br \/>\nCOR DA GRAVA\u00c7\u00c3O Escolha por email &#8211; 7 dispon\u00edveis (ver lista abaixo)<\/p>\n<p><strong>CORES DAS TA\u00c7AS:<\/strong><br \/>\nPink Leitoso<br \/>\nBranco Leitoso<br \/>\nPreto Leitoso<br \/>\nTiffany Leitoso<br \/>\nAmarelo Transl\u00facido<br \/>\nVermelho Transl\u00facido<br \/>\nVerde Transl\u00facido<br \/>\nTransparente<br \/>\nAzul Claro Transl\u00facido<br \/>\nVerde Claro Transl\u00facido<br \/>\nLaranja Transl\u00facido<br \/>\nFum\u00ea Transl\u00facido<br \/>\nRosa Transl\u00facido<br \/>\nAzul Escuro Transl\u00facido<\/p>\n<p><strong>CORES DA PERSONALIZA\u00c7\u00c3O:<\/strong><br \/>\nPreto<br \/>\nBranco<br \/>\nPrata<br \/>\nDourado<br \/>\nVermelho<br \/>\nVerde<br \/>\nAzul<\/p>\n<p>Ap\u00f3s realizar a compra, envie sua arte ou ideia de cria\u00e7\u00e3o para\u00a0<strong>contato@ideiagraficaebrindes.com.br<\/strong><br \/>\nou no\u00a0<strong>WhatsApp (38) 9.9149.3041<\/strong>.<\/p>\n<p>&nbsp;<\/p>\n<p><strong><em>Dicas de uso:<\/em><\/strong><br \/>\n<em>-Lavar apenas com detergente neutro e esponja macia.<\/em><br \/>\n<em>-N\u00e3o usar em micro-ondas e com l\u00edquidos ferventes.<\/em><br \/>\n<em>-N\u00e3o lavar em lava lou\u00e7a.<\/em><\/p>\n<p>&nbsp;<\/p>","protected":false},"excerpt":{"rendered":"<p>Ta\u00e7as de Gin 580ml Personalizadas em 1 cor (todas iguais)<br \/>\nIdeal para servir\u00a0gin t\u00f4nica, drinks e bebidas em geral.<\/p>\n<p>QUANTIDADE: Escolha acima<br \/>\nMATERIAL Poliestireno (acr\u00edlico PS)<br \/>\nPESO 120gr<br \/>\nPRAZO DE PRODU\u00c7\u00c3O 5 dias \u00fateis + transporte escolhido<br \/>\nCOR DA TA\u00c7A Escolha por email &#8211; 15 dispon\u00edveis (ver lista abaixo)<br \/>\nCOR DA GRAVA\u00c7\u00c3O Escolha por email &#8211; 7 dispon\u00edveis (ver lista abaixo)<\/p>\n<p><strong>CORES DAS TA\u00c7AS:<\/strong><br \/>\nPink Leitoso<br \/>\nBranco Leitoso<br \/>\nPreto Leitoso<br \/>\nTiffany Leitoso<br \/>\nAmarelo Transl\u00facido<br \/>\nVermelho Transl\u00facido<br \/>\nVerde Transl\u00facido<br \/>\nTransparente<br \/>\nAzul Claro Transl\u00facido<br \/>\nVerde Claro Transl\u00facido<br \/>\nLaranja Transl\u00facido<br \/>\nFum\u00ea Transl\u00facido<br \/>\nRosa Transl\u00facido<br \/>\nAzul Escuro Transl\u00facido<\/p>\n<p><strong>CORES DA PERSONALIZA\u00c7\u00c3O:<\/strong><br \/>\nPreto<br \/>\nBranco<br \/>\nPrata<br \/>\nDourado<br \/>\nVermelho<br \/>\nVerde<br \/>\nAzul<\/p>\n<p>Ap\u00f3s realizar a compra, envie sua arte ou ideia de cria\u00e7\u00e3o para\u00a0<strong>contato@ideiagraficaebrindes.com.br<\/strong><br \/>\nou no\u00a0<strong>WhatsApp (38) 9.9149.3041<\/strong>.<\/p>\n<p>&nbsp;<\/p>\n<p><strong><em>Dicas de uso:<\/em><\/strong><br \/>\n<em>-Lavar apenas com detergente neutro e esponja macia.<\/em><br \/>\n<em>-N\u00e3o usar em micro-ondas e com l\u00edquidos ferventes.<\/em><br \/>\n<em>-N\u00e3o lavar em lava lou\u00e7a.<\/em><\/p>\n<p>&nbsp;<\/p>","protected":false},"featured_media":7844,"comment_status":"open","ping_status":"closed","template":"","meta":{"_monsterinsights_skip_tracking":false,"_monsterinsights_sitenote_active":false,"_monsterinsights_sitenote_note":"","_monsterinsights_sitenote_category":0},"product_brand":[],"product_cat":[217],"product_tag":[372,373],"class_list":{"0":"post-7842","1":"product","2":"type-product","3":"status-publish","4":"has-post-thumbnail","6":"product_cat-lojinha","7":"product_tag-taca-gim","8":"product_tag-taca-gim-bicolor","9":"product_shipping_class-nacional","11":"first","12":"instock","13":"shipping-taxable","14":"purchasable","15":"product-type-simple"},"yoast_head":"<!-- This site is optimized with the Yoast SEO plugin v27.4 - https:\/\/yoast.com\/product\/yoast-seo-wordpress\/ -->\n<title>Kit Ta\u00e7as de Gin Bicolor 580 ml Personalizadas (48 Und) - Ideia Gr\u00e1fica e Brindes<\/title>\n<meta name=\"robots\" content=\"index, follow, max-snippet:-1, max-image-preview:large, max-video-preview:-1\" \/>\n<link rel=\"canonical\" href=\"https:\/\/ideiagraficaebrindes.com.br\/en\/product\/kit-tacas-de-gin-bicolor-580-ml-personalizadas-48-und\/\" \/>\n<meta property=\"og:locale\" content=\"en_US\" \/>\n<meta property=\"og:type\" content=\"article\" \/>\n<meta property=\"og:title\" content=\"Kit Ta\u00e7as de Gin Bicolor 580 ml Personalizadas (48 Und) - Ideia Gr\u00e1fica e Brindes\" \/>\n<meta property=\"og:description\" content=\"Ta\u00e7as de Gin 580ml Personalizadas em 1 cor (todas iguais) Ideal para servir\u00a0gin t\u00f4nica, drinks e bebidas em geral.  QUANTIDADE: Escolha acima MATERIAL Poliestireno (acr\u00edlico PS) PESO 120gr PRAZO DE PRODU\u00c7\u00c3O 5 dias \u00fateis + transporte escolhido COR DA TA\u00c7A Escolha por email - 15 dispon\u00edveis (ver lista abaixo) COR DA GRAVA\u00c7\u00c3O Escolha por email - 7 dispon\u00edveis (ver lista abaixo)  CORES DAS TA\u00c7AS: Pink Leitoso Branco Leitoso Preto Leitoso Tiffany Leitoso Amarelo Transl\u00facido Vermelho Transl\u00facido Verde Transl\u00facido Transparente Azul Claro Transl\u00facido Verde Claro Transl\u00facido Laranja Transl\u00facido Fum\u00ea Transl\u00facido Rosa Transl\u00facido Azul Escuro Transl\u00facido  CORES DA PERSONALIZA\u00c7\u00c3O: Preto Branco Prata Dourado Vermelho Verde Azul  Ap\u00f3s realizar a compra, envie sua arte ou ideia de cria\u00e7\u00e3o para\u00a0contato@ideiagraficaebrindes.com.br ou no\u00a0WhatsApp (38) 9.9149.3041.  &nbsp;  Dicas de uso: -Lavar apenas com detergente neutro e esponja macia. -N\u00e3o usar em micro-ondas e com l\u00edquidos ferventes. -N\u00e3o lavar em lava lou\u00e7a.  &nbsp;\" \/>\n<meta property=\"og:url\" content=\"https:\/\/ideiagraficaebrindes.com.br\/en\/product\/kit-tacas-de-gin-bicolor-580-ml-personalizadas-48-und\/\" \/>\n<meta property=\"og:site_name\" content=\"Ideia Gr\u00e1fica e Brindes\" \/>\n<meta property=\"og:image\" content=\"https:\/\/ideiagraficaebrindes.com.br\/wp-content\/uploads\/2021\/11\/taca-gim-bicolor-personalizada.png\" \/>\n\t<meta property=\"og:image:width\" content=\"1000\" \/>\n\t<meta property=\"og:image:height\" content=\"1000\" \/>\n\t<meta property=\"og:image:type\" content=\"image\/png\" \/>\n<meta name=\"twitter:card\" content=\"summary_large_image\" \/>\n<meta name=\"twitter:label1\" content=\"Est. reading time\" \/>\n\t<meta name=\"twitter:data1\" content=\"1 minute\" \/>\n<script type=\"application\/ld+json\" class=\"yoast-schema-graph\">{\"@context\":\"https:\\\/\\\/schema.org\",\"@graph\":[{\"@type\":\"WebPage\",\"@id\":\"https:\\\/\\\/ideiagraficaebrindes.com.br\\\/produto\\\/kit-tacas-de-gin-bicolor-580-ml-personalizadas-48-und\\\/\",\"url\":\"https:\\\/\\\/ideiagraficaebrindes.com.br\\\/produto\\\/kit-tacas-de-gin-bicolor-580-ml-personalizadas-48-und\\\/\",\"name\":\"Kit Ta\u00e7as de Gin Bicolor 580 ml Personalizadas (48 Und) - Ideia Gr\u00e1fica e Brindes\",\"isPartOf\":{\"@id\":\"https:\\\/\\\/ideiagraficaebrindes.com.br\\\/#website\"},\"primaryImageOfPage\":{\"@id\":\"https:\\\/\\\/ideiagraficaebrindes.com.br\\\/produto\\\/kit-tacas-de-gin-bicolor-580-ml-personalizadas-48-und\\\/#primaryimage\"},\"image\":{\"@id\":\"https:\\\/\\\/ideiagraficaebrindes.com.br\\\/produto\\\/kit-tacas-de-gin-bicolor-580-ml-personalizadas-48-und\\\/#primaryimage\"},\"thumbnailUrl\":\"https:\\\/\\\/ideiagraficaebrindes.com.br\\\/wp-content\\\/uploads\\\/2021\\\/11\\\/taca-gim-bicolor-personalizada.png\",\"datePublished\":\"2021-11-19T00:48:29+00:00\",\"breadcrumb\":{\"@id\":\"https:\\\/\\\/ideiagraficaebrindes.com.br\\\/produto\\\/kit-tacas-de-gin-bicolor-580-ml-personalizadas-48-und\\\/#breadcrumb\"},\"inLanguage\":\"en-US\",\"potentialAction\":[{\"@type\":\"ReadAction\",\"target\":[\"https:\\\/\\\/ideiagraficaebrindes.com.br\\\/produto\\\/kit-tacas-de-gin-bicolor-580-ml-personalizadas-48-und\\\/\"]}]},{\"@type\":\"ImageObject\",\"inLanguage\":\"en-US\",\"@id\":\"https:\\\/\\\/ideiagraficaebrindes.com.br\\\/produto\\\/kit-tacas-de-gin-bicolor-580-ml-personalizadas-48-und\\\/#primaryimage\",\"url\":\"https:\\\/\\\/ideiagraficaebrindes.com.br\\\/wp-content\\\/uploads\\\/2021\\\/11\\\/taca-gim-bicolor-personalizada.png\",\"contentUrl\":\"https:\\\/\\\/ideiagraficaebrindes.com.br\\\/wp-content\\\/uploads\\\/2021\\\/11\\\/taca-gim-bicolor-personalizada.png\",\"width\":1000,\"height\":1000},{\"@type\":\"BreadcrumbList\",\"@id\":\"https:\\\/\\\/ideiagraficaebrindes.com.br\\\/produto\\\/kit-tacas-de-gin-bicolor-580-ml-personalizadas-48-und\\\/#breadcrumb\",\"itemListElement\":[{\"@type\":\"ListItem\",\"position\":1,\"name\":\"In\u00edcio\",\"item\":\"https:\\\/\\\/ideiagraficaebrindes.com.br\\\/\"},{\"@type\":\"ListItem\",\"position\":2,\"name\":\"Loja\",\"item\":\"https:\\\/\\\/ideiagraficaebrindes.com.br\\\/loja\\\/\"},{\"@type\":\"ListItem\",\"position\":3,\"name\":\"Kit Ta\u00e7as de Gin Bicolor 580 ml Personalizadas (48 Und)\"}]},{\"@type\":\"WebSite\",\"@id\":\"https:\\\/\\\/ideiagraficaebrindes.com.br\\\/#website\",\"url\":\"https:\\\/\\\/ideiagraficaebrindes.com.br\\\/\",\"name\":\"Ideia Gr\u00e1fica e Brindes\",\"description\":\"Brindes Personalizados e Impress\u00e3o em geral\",\"potentialAction\":[{\"@type\":\"SearchAction\",\"target\":{\"@type\":\"EntryPoint\",\"urlTemplate\":\"https:\\\/\\\/ideiagraficaebrindes.com.br\\\/?s={search_term_string}\"},\"query-input\":{\"@type\":\"PropertyValueSpecification\",\"valueRequired\":true,\"valueName\":\"search_term_string\"}}],\"inLanguage\":\"en-US\"}]}<\/script>\n<!-- \/ Yoast SEO plugin. -->","yoast_head_json":{"title":"Kit Ta\u00e7as de Gin Bicolor 580 ml Personalizadas (48 Und) - Ideia Gr\u00e1fica e Brindes","robots":{"index":"index","follow":"follow","max-snippet":"max-snippet:-1","max-image-preview":"max-image-preview:large","max-video-preview":"max-video-preview:-1"},"canonical":"https:\/\/ideiagraficaebrindes.com.br\/en\/product\/kit-tacas-de-gin-bicolor-580-ml-personalizadas-48-und\/","og_locale":"en_US","og_type":"article","og_title":"Kit Ta\u00e7as de Gin Bicolor 580 ml Personalizadas (48 Und) - Ideia Gr\u00e1fica e Brindes","og_description":"Ta\u00e7as de Gin 580ml Personalizadas em 1 cor (todas iguais) Ideal para servir\u00a0gin t\u00f4nica, drinks e bebidas em geral.  QUANTIDADE: Escolha acima MATERIAL Poliestireno (acr\u00edlico PS) PESO 120gr PRAZO DE PRODU\u00c7\u00c3O 5 dias \u00fateis + transporte escolhido COR DA TA\u00c7A Escolha por email - 15 dispon\u00edveis (ver lista abaixo) COR DA GRAVA\u00c7\u00c3O Escolha por email - 7 dispon\u00edveis (ver lista abaixo)  CORES DAS TA\u00c7AS: Pink Leitoso Branco Leitoso Preto Leitoso Tiffany Leitoso Amarelo Transl\u00facido Vermelho Transl\u00facido Verde Transl\u00facido Transparente Azul Claro Transl\u00facido Verde Claro Transl\u00facido Laranja Transl\u00facido Fum\u00ea Transl\u00facido Rosa Transl\u00facido Azul Escuro Transl\u00facido  CORES DA PERSONALIZA\u00c7\u00c3O: Preto Branco Prata Dourado Vermelho Verde Azul  Ap\u00f3s realizar a compra, envie sua arte ou ideia de cria\u00e7\u00e3o para\u00a0contato@ideiagraficaebrindes.com.br ou no\u00a0WhatsApp (38) 9.9149.3041.  &nbsp;  Dicas de uso: -Lavar apenas com detergente neutro e esponja macia. -N\u00e3o usar em micro-ondas e com l\u00edquidos ferventes. -N\u00e3o lavar em lava lou\u00e7a.  &nbsp;","og_url":"https:\/\/ideiagraficaebrindes.com.br\/en\/product\/kit-tacas-de-gin-bicolor-580-ml-personalizadas-48-und\/","og_site_name":"Ideia Gr\u00e1fica e Brindes","og_image":[{"width":1000,"height":1000,"url":"https:\/\/ideiagraficaebrindes.com.br\/wp-content\/uploads\/2021\/11\/taca-gim-bicolor-personalizada.png","type":"image\/png"}],"twitter_card":"summary_large_image","twitter_misc":{"Est. reading time":"1 minute"},"schema":{"@context":"https:\/\/schema.org","@graph":[{"@type":"WebPage","@id":"https:\/\/ideiagraficaebrindes.com.br\/produto\/kit-tacas-de-gin-bicolor-580-ml-personalizadas-48-und\/","url":"https:\/\/ideiagraficaebrindes.com.br\/produto\/kit-tacas-de-gin-bicolor-580-ml-personalizadas-48-und\/","name":"Kit Ta\u00e7as de Gin Bicolor 580 ml Personalizadas (48 Und) - Ideia Gr\u00e1fica e Brindes","isPartOf":{"@id":"https:\/\/ideiagraficaebrindes.com.br\/#website"},"primaryImageOfPage":{"@id":"https:\/\/ideiagraficaebrindes.com.br\/produto\/kit-tacas-de-gin-bicolor-580-ml-personalizadas-48-und\/#primaryimage"},"image":{"@id":"https:\/\/ideiagraficaebrindes.com.br\/produto\/kit-tacas-de-gin-bicolor-580-ml-personalizadas-48-und\/#primaryimage"},"thumbnailUrl":"https:\/\/ideiagraficaebrindes.com.br\/wp-content\/uploads\/2021\/11\/taca-gim-bicolor-personalizada.png","datePublished":"2021-11-19T00:48:29+00:00","breadcrumb":{"@id":"https:\/\/ideiagraficaebrindes.com.br\/produto\/kit-tacas-de-gin-bicolor-580-ml-personalizadas-48-und\/#breadcrumb"},"inLanguage":"en-US","potentialAction":[{"@type":"ReadAction","target":["https:\/\/ideiagraficaebrindes.com.br\/produto\/kit-tacas-de-gin-bicolor-580-ml-personalizadas-48-und\/"]}]},{"@type":"ImageObject","inLanguage":"en-US","@id":"https:\/\/ideiagraficaebrindes.com.br\/produto\/kit-tacas-de-gin-bicolor-580-ml-personalizadas-48-und\/#primaryimage","url":"https:\/\/ideiagraficaebrindes.com.br\/wp-content\/uploads\/2021\/11\/taca-gim-bicolor-personalizada.png","contentUrl":"https:\/\/ideiagraficaebrindes.com.br\/wp-content\/uploads\/2021\/11\/taca-gim-bicolor-personalizada.png","width":1000,"height":1000},{"@type":"BreadcrumbList","@id":"https:\/\/ideiagraficaebrindes.com.br\/produto\/kit-tacas-de-gin-bicolor-580-ml-personalizadas-48-und\/#breadcrumb","itemListElement":[{"@type":"ListItem","position":1,"name":"In\u00edcio","item":"https:\/\/ideiagraficaebrindes.com.br\/"},{"@type":"ListItem","position":2,"name":"Loja","item":"https:\/\/ideiagraficaebrindes.com.br\/loja\/"},{"@type":"ListItem","position":3,"name":"Kit Ta\u00e7as de Gin Bicolor 580 ml Personalizadas (48 Und)"}]},{"@type":"WebSite","@id":"https:\/\/ideiagraficaebrindes.com.br\/#website","url":"https:\/\/ideiagraficaebrindes.com.br\/","name":"Ideia Gr\u00e1fica e Brindes","description":"Brindes Personalizados e Impress\u00e3o em geral","potentialAction":[{"@type":"SearchAction","target":{"@type":"EntryPoint","urlTemplate":"https:\/\/ideiagraficaebrindes.com.br\/?s={search_term_string}"},"query-input":{"@type":"PropertyValueSpecification","valueRequired":true,"valueName":"search_term_string"}}],"inLanguage":"en-US"}]}},"_links":{"self":[{"href":"https:\/\/ideiagraficaebrindes.com.br\/en\/wp-json\/wp\/v2\/product\/7842","targetHints":{"allow":["GET"]}}],"collection":[{"href":"https:\/\/ideiagraficaebrindes.com.br\/en\/wp-json\/wp\/v2\/product"}],"about":[{"href":"https:\/\/ideiagraficaebrindes.com.br\/en\/wp-json\/wp\/v2\/types\/product"}],"replies":[{"embeddable":true,"href":"https:\/\/ideiagraficaebrindes.com.br\/en\/wp-json\/wp\/v2\/comments?post=7842"}],"wp:featuredmedia":[{"embeddable":true,"href":"https:\/\/ideiagraficaebrindes.com.br\/en\/wp-json\/wp\/v2\/media\/7844"}],"wp:attachment":[{"href":"https:\/\/ideiagraficaebrindes.com.br\/en\/wp-json\/wp\/v2\/media?parent=7842"}],"wp:term":[{"taxonomy":"product_brand","embeddable":true,"href":"https:\/\/ideiagraficaebrindes.com.br\/en\/wp-json\/wp\/v2\/product_brand?post=7842"},{"taxonomy":"product_cat","embeddable":true,"href":"https:\/\/ideiagraficaebrindes.com.br\/en\/wp-json\/wp\/v2\/product_cat?post=7842"},{"taxonomy":"product_tag","embeddable":true,"href":"https:\/\/ideiagraficaebrindes.com.br\/en\/wp-json\/wp\/v2\/product_tag?post=7842"}],"curies":[{"name":"wp","href":"https:\/\/api.w.org\/{rel}","templated":true}]}}