{"id":7630,"date":"2021-08-26T15:40:06","date_gmt":"2021-08-26T18:40:06","guid":{"rendered":"https:\/\/ideiagraficaebrindes.com.br\/?post_type=product&#038;p=7630"},"modified":"2021-08-26T15:40:06","modified_gmt":"2021-08-26T18:40:06","slug":"adesivos-troca-de-oleo-vinil-eletrostatico-com-tinta-branca-63x63mm-4x4-250unid","status":"publish","type":"product","link":"https:\/\/ideiagraficaebrindes.com.br\/en\/product\/adesivos-troca-de-oleo-vinil-eletrostatico-com-tinta-branca-63x63mm-4x4-250unid\/","title":{"rendered":"ADESIVOS TROCA DE OLEO VINIL ELETROSTATICO COM TINTA BRANCA 63X63MM &#8211; 4X4 &#8211; 250unid"},"content":{"rendered":"<p class=\"row\"><strong class=\"col-md-6 col-xs-6\">Papel\/Material:<\/strong><span class=\"col-md-6 col-xs-6\">Adesivo eletrostatico troca de oleo<\/span><\/p>\n<p class=\"row\"><strong class=\"col-md-6 col-xs-6\">Cores:<\/strong><span class=\"col-md-6 col-xs-6\">4&#215;4<\/span><\/p>\n<p class=\"row\"><strong class=\"col-md-6 col-xs-6\">Gramatura:<\/strong><span class=\"col-md-6 col-xs-6\">120g<\/span><\/p>\n<p class=\"row\"><strong class=\"col-md-6 col-xs-6\">Tam. da arte c\/ sangria:<\/strong><span id=\"tamanhoSangria\" class=\"col-md-6 col-xs-6\">63x63mm<\/span><\/p>\n<p class=\"row\"><strong class=\"col-md-6 col-xs-6\">Tam. final:<\/strong><span id=\"tamanhoFinal\" class=\"col-md-6 col-xs-6\">60x60mm<\/span><\/p>\n<p class=\"row\"><strong class=\"col-md-6 col-xs-6\">Peso:<\/strong><span class=\"col-md-6 col-xs-6\">180g<br \/>\n<\/span><strong class=\"col-md-6 col-xs-6\">Acabamento(s):<\/strong><span class=\"col-md-6 col-xs-6\">Tinta branca invertida<\/span><\/p>","protected":false},"excerpt":{"rendered":"<p><strong class=\"titulo\">Ficha T\u00e9cnica:<\/strong><\/p>\n<p>Os Adesivos Troca De \u00f3leo s\u00e3o produzidos por impress\u00e3o digital, um dos sistemas mais modenos e avan\u00e7ados atualmente, trazendo qualidade, durabilidade e um \u00f3timo custo benef\u00edcio para voc\u00ea. Com liner siliconizado, o Vinil Eletrost\u00e1tico n\u00e3o possui cola, fixa-se por est\u00e1tica em vidro ou metais pintados. Composto de filme de PVC calandrado, o vinil Eletrost\u00e1tico \u00e9 muito recomendado para superf\u00edcies planas como vitrines e estandes em eventos. Para uma maior fixa\u00e7\u00e3o \u00e9 aconselh\u00e1vel que o filme ou a superf\u00edcie de aplica\u00e7\u00e3o seja levemente umedecida com um spray de \u00e1gua. OBSERVA\u00c7\u00c3O: O PRODUTO N\u00c3O \u00c9 TOTALMENTE OPACO, PODE TER UMA PEQUENA CLARIDADE PASSANDO DE UM LADO PARA O OUTRO.<\/p>\n<p>&nbsp;<\/p>\n<p class=\"row\"><strong class=\"col-md-6 col-xs-6\">Papel\/Material:<\/strong><span class=\"col-md-6 col-xs-6\">Adesivo eletrostatico troca de oleo<\/span><\/p>\n<p class=\"row\"><strong class=\"col-md-6 col-xs-6\">Cores:<\/strong><span class=\"col-md-6 col-xs-6\">4&#215;4<\/span><\/p>\n<p class=\"row\"><strong class=\"col-md-6 col-xs-6\">Gramatura:<\/strong><span class=\"col-md-6 col-xs-6\">120g<\/span><\/p>\n<p class=\"row\"><strong class=\"col-md-6 col-xs-6\">Tam. da arte c\/ sangria:<\/strong><span id=\"tamanhoSangria\" class=\"col-md-6 col-xs-6\">63x63mm<\/span><\/p>\n<p class=\"row\"><strong class=\"col-md-6 col-xs-6\">Tam. final:<\/strong><span id=\"tamanhoFinal\" class=\"col-md-6 col-xs-6\">60x60mm<\/span><\/p>\n<p class=\"row\"><strong class=\"col-md-6 col-xs-6\">Peso:<\/strong><span class=\"col-md-6 col-xs-6\">180g<br \/>\n<\/span><strong class=\"col-md-6 col-xs-6\">Acabamento(s):<\/strong><span class=\"col-md-6 col-xs-6\">Tinta branca invertida<\/span><\/p>","protected":false},"featured_media":7631,"comment_status":"open","ping_status":"closed","template":"","meta":{"_monsterinsights_skip_tracking":false,"_monsterinsights_sitenote_active":false,"_monsterinsights_sitenote_note":"","_monsterinsights_sitenote_category":0},"product_brand":[],"product_cat":[15],"product_tag":[362],"class_list":{"0":"post-7630","1":"product","2":"type-product","3":"status-publish","4":"has-post-thumbnail","6":"product_cat-impressos-graficos","7":"product_tag-adesivo-troca-de-oleo","8":"product_shipping_class-nacional","10":"first","11":"instock","12":"shipping-taxable","13":"purchasable","14":"product-type-simple"},"yoast_head":"<!-- This site is optimized with the Yoast SEO plugin v27.4 - https:\/\/yoast.com\/product\/yoast-seo-wordpress\/ -->\n<title>ADESIVOS TROCA DE OLEO VINIL ELETROSTATICO COM TINTA BRANCA 63X63MM - 4X4 - 250unid - Ideia Gr\u00e1fica e Brindes<\/title>\n<meta name=\"robots\" content=\"index, follow, max-snippet:-1, max-image-preview:large, max-video-preview:-1\" \/>\n<link rel=\"canonical\" href=\"https:\/\/ideiagraficaebrindes.com.br\/en\/product\/adesivos-troca-de-oleo-vinil-eletrostatico-com-tinta-branca-63x63mm-4x4-250unid\/\" \/>\n<meta property=\"og:locale\" content=\"en_US\" \/>\n<meta property=\"og:type\" content=\"article\" \/>\n<meta property=\"og:title\" content=\"ADESIVOS TROCA DE OLEO VINIL ELETROSTATICO COM TINTA BRANCA 63X63MM - 4X4 - 250unid - Ideia Gr\u00e1fica e Brindes\" \/>\n<meta property=\"og:description\" content=\"Ficha T\u00e9cnica:  Os Adesivos Troca De \u00f3leo s\u00e3o produzidos por impress\u00e3o digital, um dos sistemas mais modenos e avan\u00e7ados atualmente, trazendo qualidade, durabilidade e um \u00f3timo custo benef\u00edcio para voc\u00ea. Com liner siliconizado, o Vinil Eletrost\u00e1tico n\u00e3o possui cola, fixa-se por est\u00e1tica em vidro ou metais pintados. Composto de filme de PVC calandrado, o vinil Eletrost\u00e1tico \u00e9 muito recomendado para superf\u00edcies planas como vitrines e estandes em eventos. Para uma maior fixa\u00e7\u00e3o \u00e9 aconselh\u00e1vel que o filme ou a superf\u00edcie de aplica\u00e7\u00e3o seja levemente umedecida com um spray de \u00e1gua. OBSERVA\u00c7\u00c3O: O PRODUTO N\u00c3O \u00c9 TOTALMENTE OPACO, PODE TER UMA PEQUENA CLARIDADE PASSANDO DE UM LADO PARA O OUTRO.  &nbsp; Papel\/Material:Adesivo eletrostatico troca de oleo Cores:4x4 Gramatura:120g Tam. da arte c\/ sangria:63x63mm Tam. final:60x60mm Peso:180g Acabamento(s):Tinta branca invertida\" \/>\n<meta property=\"og:url\" content=\"https:\/\/ideiagraficaebrindes.com.br\/en\/product\/adesivos-troca-de-oleo-vinil-eletrostatico-com-tinta-branca-63x63mm-4x4-250unid\/\" \/>\n<meta property=\"og:site_name\" content=\"Ideia Gr\u00e1fica e Brindes\" \/>\n<meta property=\"og:image\" content=\"https:\/\/ideiagraficaebrindes.com.br\/wp-content\/uploads\/2021\/08\/adesivo-oleo-84x104mm-t1.png\" \/>\n\t<meta property=\"og:image:width\" content=\"500\" \/>\n\t<meta property=\"og:image:height\" content=\"500\" \/>\n\t<meta property=\"og:image:type\" content=\"image\/png\" \/>\n<meta name=\"twitter:card\" content=\"summary_large_image\" \/>\n<meta name=\"twitter:label1\" content=\"Est. reading time\" \/>\n\t<meta name=\"twitter:data1\" content=\"1 minute\" \/>\n<script type=\"application\/ld+json\" class=\"yoast-schema-graph\">{\"@context\":\"https:\\\/\\\/schema.org\",\"@graph\":[{\"@type\":\"WebPage\",\"@id\":\"https:\\\/\\\/ideiagraficaebrindes.com.br\\\/produto\\\/adesivos-troca-de-oleo-vinil-eletrostatico-com-tinta-branca-63x63mm-4x4-250unid\\\/\",\"url\":\"https:\\\/\\\/ideiagraficaebrindes.com.br\\\/produto\\\/adesivos-troca-de-oleo-vinil-eletrostatico-com-tinta-branca-63x63mm-4x4-250unid\\\/\",\"name\":\"ADESIVOS TROCA DE OLEO VINIL ELETROSTATICO COM TINTA BRANCA 63X63MM - 4X4 - 250unid - Ideia Gr\u00e1fica e Brindes\",\"isPartOf\":{\"@id\":\"https:\\\/\\\/ideiagraficaebrindes.com.br\\\/#website\"},\"primaryImageOfPage\":{\"@id\":\"https:\\\/\\\/ideiagraficaebrindes.com.br\\\/produto\\\/adesivos-troca-de-oleo-vinil-eletrostatico-com-tinta-branca-63x63mm-4x4-250unid\\\/#primaryimage\"},\"image\":{\"@id\":\"https:\\\/\\\/ideiagraficaebrindes.com.br\\\/produto\\\/adesivos-troca-de-oleo-vinil-eletrostatico-com-tinta-branca-63x63mm-4x4-250unid\\\/#primaryimage\"},\"thumbnailUrl\":\"https:\\\/\\\/ideiagraficaebrindes.com.br\\\/wp-content\\\/uploads\\\/2021\\\/08\\\/adesivo-oleo-84x104mm-t1.png\",\"datePublished\":\"2021-08-26T18:40:06+00:00\",\"breadcrumb\":{\"@id\":\"https:\\\/\\\/ideiagraficaebrindes.com.br\\\/produto\\\/adesivos-troca-de-oleo-vinil-eletrostatico-com-tinta-branca-63x63mm-4x4-250unid\\\/#breadcrumb\"},\"inLanguage\":\"en-US\",\"potentialAction\":[{\"@type\":\"ReadAction\",\"target\":[\"https:\\\/\\\/ideiagraficaebrindes.com.br\\\/produto\\\/adesivos-troca-de-oleo-vinil-eletrostatico-com-tinta-branca-63x63mm-4x4-250unid\\\/\"]}]},{\"@type\":\"ImageObject\",\"inLanguage\":\"en-US\",\"@id\":\"https:\\\/\\\/ideiagraficaebrindes.com.br\\\/produto\\\/adesivos-troca-de-oleo-vinil-eletrostatico-com-tinta-branca-63x63mm-4x4-250unid\\\/#primaryimage\",\"url\":\"https:\\\/\\\/ideiagraficaebrindes.com.br\\\/wp-content\\\/uploads\\\/2021\\\/08\\\/adesivo-oleo-84x104mm-t1.png\",\"contentUrl\":\"https:\\\/\\\/ideiagraficaebrindes.com.br\\\/wp-content\\\/uploads\\\/2021\\\/08\\\/adesivo-oleo-84x104mm-t1.png\",\"width\":500,\"height\":500},{\"@type\":\"BreadcrumbList\",\"@id\":\"https:\\\/\\\/ideiagraficaebrindes.com.br\\\/produto\\\/adesivos-troca-de-oleo-vinil-eletrostatico-com-tinta-branca-63x63mm-4x4-250unid\\\/#breadcrumb\",\"itemListElement\":[{\"@type\":\"ListItem\",\"position\":1,\"name\":\"In\u00edcio\",\"item\":\"https:\\\/\\\/ideiagraficaebrindes.com.br\\\/\"},{\"@type\":\"ListItem\",\"position\":2,\"name\":\"Loja\",\"item\":\"https:\\\/\\\/ideiagraficaebrindes.com.br\\\/loja\\\/\"},{\"@type\":\"ListItem\",\"position\":3,\"name\":\"ADESIVOS TROCA DE OLEO VINIL ELETROSTATICO COM TINTA BRANCA 63X63MM &#8211; 4X4 &#8211; 250unid\"}]},{\"@type\":\"WebSite\",\"@id\":\"https:\\\/\\\/ideiagraficaebrindes.com.br\\\/#website\",\"url\":\"https:\\\/\\\/ideiagraficaebrindes.com.br\\\/\",\"name\":\"Ideia Gr\u00e1fica e Brindes\",\"description\":\"Brindes Personalizados e Impress\u00e3o em geral\",\"potentialAction\":[{\"@type\":\"SearchAction\",\"target\":{\"@type\":\"EntryPoint\",\"urlTemplate\":\"https:\\\/\\\/ideiagraficaebrindes.com.br\\\/?s={search_term_string}\"},\"query-input\":{\"@type\":\"PropertyValueSpecification\",\"valueRequired\":true,\"valueName\":\"search_term_string\"}}],\"inLanguage\":\"en-US\"}]}<\/script>\n<!-- \/ Yoast SEO plugin. -->","yoast_head_json":{"title":"ADESIVOS TROCA DE OLEO VINIL ELETROSTATICO COM TINTA BRANCA 63X63MM - 4X4 - 250unid - Ideia Gr\u00e1fica e Brindes","robots":{"index":"index","follow":"follow","max-snippet":"max-snippet:-1","max-image-preview":"max-image-preview:large","max-video-preview":"max-video-preview:-1"},"canonical":"https:\/\/ideiagraficaebrindes.com.br\/en\/product\/adesivos-troca-de-oleo-vinil-eletrostatico-com-tinta-branca-63x63mm-4x4-250unid\/","og_locale":"en_US","og_type":"article","og_title":"ADESIVOS TROCA DE OLEO VINIL ELETROSTATICO COM TINTA BRANCA 63X63MM - 4X4 - 250unid - Ideia Gr\u00e1fica e Brindes","og_description":"Ficha T\u00e9cnica:  Os Adesivos Troca De \u00f3leo s\u00e3o produzidos por impress\u00e3o digital, um dos sistemas mais modenos e avan\u00e7ados atualmente, trazendo qualidade, durabilidade e um \u00f3timo custo benef\u00edcio para voc\u00ea. Com liner siliconizado, o Vinil Eletrost\u00e1tico n\u00e3o possui cola, fixa-se por est\u00e1tica em vidro ou metais pintados. Composto de filme de PVC calandrado, o vinil Eletrost\u00e1tico \u00e9 muito recomendado para superf\u00edcies planas como vitrines e estandes em eventos. Para uma maior fixa\u00e7\u00e3o \u00e9 aconselh\u00e1vel que o filme ou a superf\u00edcie de aplica\u00e7\u00e3o seja levemente umedecida com um spray de \u00e1gua. OBSERVA\u00c7\u00c3O: O PRODUTO N\u00c3O \u00c9 TOTALMENTE OPACO, PODE TER UMA PEQUENA CLARIDADE PASSANDO DE UM LADO PARA O OUTRO.  &nbsp; Papel\/Material:Adesivo eletrostatico troca de oleo Cores:4x4 Gramatura:120g Tam. da arte c\/ sangria:63x63mm Tam. final:60x60mm Peso:180g Acabamento(s):Tinta branca invertida","og_url":"https:\/\/ideiagraficaebrindes.com.br\/en\/product\/adesivos-troca-de-oleo-vinil-eletrostatico-com-tinta-branca-63x63mm-4x4-250unid\/","og_site_name":"Ideia Gr\u00e1fica e Brindes","og_image":[{"width":500,"height":500,"url":"https:\/\/ideiagraficaebrindes.com.br\/wp-content\/uploads\/2021\/08\/adesivo-oleo-84x104mm-t1.png","type":"image\/png"}],"twitter_card":"summary_large_image","twitter_misc":{"Est. reading time":"1 minute"},"schema":{"@context":"https:\/\/schema.org","@graph":[{"@type":"WebPage","@id":"https:\/\/ideiagraficaebrindes.com.br\/produto\/adesivos-troca-de-oleo-vinil-eletrostatico-com-tinta-branca-63x63mm-4x4-250unid\/","url":"https:\/\/ideiagraficaebrindes.com.br\/produto\/adesivos-troca-de-oleo-vinil-eletrostatico-com-tinta-branca-63x63mm-4x4-250unid\/","name":"ADESIVOS TROCA DE OLEO VINIL ELETROSTATICO COM TINTA BRANCA 63X63MM - 4X4 - 250unid - Ideia Gr\u00e1fica e Brindes","isPartOf":{"@id":"https:\/\/ideiagraficaebrindes.com.br\/#website"},"primaryImageOfPage":{"@id":"https:\/\/ideiagraficaebrindes.com.br\/produto\/adesivos-troca-de-oleo-vinil-eletrostatico-com-tinta-branca-63x63mm-4x4-250unid\/#primaryimage"},"image":{"@id":"https:\/\/ideiagraficaebrindes.com.br\/produto\/adesivos-troca-de-oleo-vinil-eletrostatico-com-tinta-branca-63x63mm-4x4-250unid\/#primaryimage"},"thumbnailUrl":"https:\/\/ideiagraficaebrindes.com.br\/wp-content\/uploads\/2021\/08\/adesivo-oleo-84x104mm-t1.png","datePublished":"2021-08-26T18:40:06+00:00","breadcrumb":{"@id":"https:\/\/ideiagraficaebrindes.com.br\/produto\/adesivos-troca-de-oleo-vinil-eletrostatico-com-tinta-branca-63x63mm-4x4-250unid\/#breadcrumb"},"inLanguage":"en-US","potentialAction":[{"@type":"ReadAction","target":["https:\/\/ideiagraficaebrindes.com.br\/produto\/adesivos-troca-de-oleo-vinil-eletrostatico-com-tinta-branca-63x63mm-4x4-250unid\/"]}]},{"@type":"ImageObject","inLanguage":"en-US","@id":"https:\/\/ideiagraficaebrindes.com.br\/produto\/adesivos-troca-de-oleo-vinil-eletrostatico-com-tinta-branca-63x63mm-4x4-250unid\/#primaryimage","url":"https:\/\/ideiagraficaebrindes.com.br\/wp-content\/uploads\/2021\/08\/adesivo-oleo-84x104mm-t1.png","contentUrl":"https:\/\/ideiagraficaebrindes.com.br\/wp-content\/uploads\/2021\/08\/adesivo-oleo-84x104mm-t1.png","width":500,"height":500},{"@type":"BreadcrumbList","@id":"https:\/\/ideiagraficaebrindes.com.br\/produto\/adesivos-troca-de-oleo-vinil-eletrostatico-com-tinta-branca-63x63mm-4x4-250unid\/#breadcrumb","itemListElement":[{"@type":"ListItem","position":1,"name":"In\u00edcio","item":"https:\/\/ideiagraficaebrindes.com.br\/"},{"@type":"ListItem","position":2,"name":"Loja","item":"https:\/\/ideiagraficaebrindes.com.br\/loja\/"},{"@type":"ListItem","position":3,"name":"ADESIVOS TROCA DE OLEO VINIL ELETROSTATICO COM TINTA BRANCA 63X63MM &#8211; 4X4 &#8211; 250unid"}]},{"@type":"WebSite","@id":"https:\/\/ideiagraficaebrindes.com.br\/#website","url":"https:\/\/ideiagraficaebrindes.com.br\/","name":"Ideia Gr\u00e1fica e Brindes","description":"Brindes Personalizados e Impress\u00e3o em geral","potentialAction":[{"@type":"SearchAction","target":{"@type":"EntryPoint","urlTemplate":"https:\/\/ideiagraficaebrindes.com.br\/?s={search_term_string}"},"query-input":{"@type":"PropertyValueSpecification","valueRequired":true,"valueName":"search_term_string"}}],"inLanguage":"en-US"}]}},"_links":{"self":[{"href":"https:\/\/ideiagraficaebrindes.com.br\/en\/wp-json\/wp\/v2\/product\/7630","targetHints":{"allow":["GET"]}}],"collection":[{"href":"https:\/\/ideiagraficaebrindes.com.br\/en\/wp-json\/wp\/v2\/product"}],"about":[{"href":"https:\/\/ideiagraficaebrindes.com.br\/en\/wp-json\/wp\/v2\/types\/product"}],"replies":[{"embeddable":true,"href":"https:\/\/ideiagraficaebrindes.com.br\/en\/wp-json\/wp\/v2\/comments?post=7630"}],"wp:featuredmedia":[{"embeddable":true,"href":"https:\/\/ideiagraficaebrindes.com.br\/en\/wp-json\/wp\/v2\/media\/7631"}],"wp:attachment":[{"href":"https:\/\/ideiagraficaebrindes.com.br\/en\/wp-json\/wp\/v2\/media?parent=7630"}],"wp:term":[{"taxonomy":"product_brand","embeddable":true,"href":"https:\/\/ideiagraficaebrindes.com.br\/en\/wp-json\/wp\/v2\/product_brand?post=7630"},{"taxonomy":"product_cat","embeddable":true,"href":"https:\/\/ideiagraficaebrindes.com.br\/en\/wp-json\/wp\/v2\/product_cat?post=7630"},{"taxonomy":"product_tag","embeddable":true,"href":"https:\/\/ideiagraficaebrindes.com.br\/en\/wp-json\/wp\/v2\/product_tag?post=7630"}],"curies":[{"name":"wp","href":"https:\/\/api.w.org\/{rel}","templated":true}]}}