{"id":7613,"date":"2021-08-21T09:32:37","date_gmt":"2021-08-21T12:32:37","guid":{"rendered":"https:\/\/ideiagraficaebrindes.com.br\/?post_type=product&#038;p=7613"},"modified":"2021-08-21T09:32:37","modified_gmt":"2021-08-21T12:32:37","slug":"kit-churrasco-carne-carvao-cerveja-churrasco","status":"publish","type":"product","link":"https:\/\/ideiagraficaebrindes.com.br\/en\/product\/kit-churrasco-carne-carvao-cerveja-churrasco\/","title":{"rendered":"KIT CHURRASCO | CARNE &#038; CARV\u00c3O &#038; CERVEJA &#038; CHURRASCO"},"content":{"rendered":"<h5>Conjunto composto por uma faca 7\u201d com a grava\u00e7\u00e3o dos cortes do boi na l\u00e2mina<\/h5>\n<h5>e um garfo trinchante, ambos com cabos em madeira e l\u00e2minas em a\u00e7o inox<\/h5>\n<h5>com rebites resistentes; Est\u00e3o organizados em uma caixa kraft para presente.<\/h5>\n<p>+ BRINDE SURPRESA<\/p>\n<p><strong>DIMENS\u00c3O DO PRODUTO<\/strong><br \/>\nFaca: 30,5x4x1,6cm \/ Garfo: 29,5&#215;2,5&#215;1,5cm<\/p>\n<p><strong>RECOMENDA\u00c7\u00c3O DE<\/strong><br \/>\n<strong>PERSONALIZA\u00c7\u00c3O<\/strong><br \/>\nUma grava\u00e7\u00e3o a Laser na l\u00e2mina da faca.<\/p>\n<p><strong>EMBALAGEM<\/strong><br \/>\nCaixa Preta &#8211; 310x65x20 mm (AxLxP)<\/p>","protected":false},"excerpt":{"rendered":"<h5>Conjunto composto por uma faca 7\u201d com a grava\u00e7\u00e3o dos cortes do boi na l\u00e2mina<\/h5>\n<h5>e um garfo trinchante, ambos com cabos em madeira e l\u00e2minas em a\u00e7o inox<\/h5>\n<h5>com rebites resistentes; Est\u00e3o organizados em uma caixa kraft para presente.<\/h5>\n<p>+ BRINDE SURPRESA<\/p>\n<p><strong>DIMENS\u00c3O DO PRODUTO<\/strong><br \/>\nFaca: 30,5x4x1,6cm \/ Garfo: 29,5&#215;2,5&#215;1,5cm<\/p>\n<p><strong>RECOMENDA\u00c7\u00c3O DE<\/strong><br \/>\n<strong>PERSONALIZA\u00c7\u00c3O<\/strong><br \/>\nUma grava\u00e7\u00e3o a Laser na l\u00e2mina da faca.<\/p>\n<p><strong>EMBALAGEM<\/strong><br \/>\nCaixa Preta &#8211; 310x65x20 mm (AxLxP)<\/p>","protected":false},"featured_media":7614,"comment_status":"open","ping_status":"closed","template":"","meta":{"_monsterinsights_skip_tracking":false,"_monsterinsights_sitenote_active":false,"_monsterinsights_sitenote_note":"","_monsterinsights_sitenote_category":0},"product_brand":[],"product_cat":[217],"product_tag":[189,345],"class_list":{"0":"post-7613","1":"product","2":"type-product","3":"status-publish","4":"has-post-thumbnail","6":"product_cat-lojinha","7":"product_tag-kit-churrasco","8":"product_tag-lojinha","9":"product_shipping_class-nacional","11":"first","12":"instock","13":"shipping-taxable","14":"purchasable","15":"product-type-simple"},"yoast_head":"<!-- This site is optimized with the Yoast SEO plugin v27.4 - https:\/\/yoast.com\/product\/yoast-seo-wordpress\/ -->\n<title>KIT CHURRASCO | CARNE &amp; CARV\u00c3O &amp; CERVEJA &amp; CHURRASCO - Ideia Gr\u00e1fica e Brindes<\/title>\n<meta name=\"robots\" content=\"index, follow, max-snippet:-1, max-image-preview:large, max-video-preview:-1\" \/>\n<link rel=\"canonical\" href=\"https:\/\/ideiagraficaebrindes.com.br\/en\/product\/kit-churrasco-carne-carvao-cerveja-churrasco\/\" \/>\n<meta property=\"og:locale\" content=\"en_US\" \/>\n<meta property=\"og:type\" content=\"article\" \/>\n<meta property=\"og:title\" content=\"KIT CHURRASCO | CARNE &amp; CARV\u00c3O &amp; CERVEJA &amp; CHURRASCO - Ideia Gr\u00e1fica e Brindes\" \/>\n<meta property=\"og:description\" content=\"Conjunto composto por uma faca 7\u201d com a grava\u00e7\u00e3o dos cortes do boi na l\u00e2mina e um garfo trinchante, ambos com cabos em madeira e l\u00e2minas em a\u00e7o inox com rebites resistentes; Est\u00e3o organizados em uma caixa kraft para presente. + BRINDE SURPRESA  DIMENS\u00c3O DO PRODUTO Faca: 30,5x4x1,6cm \/ Garfo: 29,5x2,5x1,5cm  RECOMENDA\u00c7\u00c3O DE PERSONALIZA\u00c7\u00c3O Uma grava\u00e7\u00e3o a Laser na l\u00e2mina da faca.  EMBALAGEM Caixa Preta - 310x65x20 mm (AxLxP)\" \/>\n<meta property=\"og:url\" content=\"https:\/\/ideiagraficaebrindes.com.br\/en\/product\/kit-churrasco-carne-carvao-cerveja-churrasco\/\" \/>\n<meta property=\"og:site_name\" content=\"Ideia Gr\u00e1fica e Brindes\" \/>\n<meta property=\"og:image\" content=\"https:\/\/ideiagraficaebrindes.com.br\/wp-content\/uploads\/2021\/08\/kit-churrasco.jpg\" \/>\n\t<meta property=\"og:image:width\" content=\"1084\" \/>\n\t<meta property=\"og:image:height\" content=\"1084\" \/>\n\t<meta property=\"og:image:type\" content=\"image\/jpeg\" \/>\n<meta name=\"twitter:card\" content=\"summary_large_image\" \/>\n<meta name=\"twitter:label1\" content=\"Est. reading time\" \/>\n\t<meta name=\"twitter:data1\" content=\"1 minute\" \/>\n<script type=\"application\/ld+json\" class=\"yoast-schema-graph\">{\"@context\":\"https:\\\/\\\/schema.org\",\"@graph\":[{\"@type\":\"WebPage\",\"@id\":\"https:\\\/\\\/ideiagraficaebrindes.com.br\\\/produto\\\/kit-churrasco-carne-carvao-cerveja-churrasco\\\/\",\"url\":\"https:\\\/\\\/ideiagraficaebrindes.com.br\\\/produto\\\/kit-churrasco-carne-carvao-cerveja-churrasco\\\/\",\"name\":\"KIT CHURRASCO | CARNE & CARV\u00c3O & CERVEJA & CHURRASCO - Ideia Gr\u00e1fica e Brindes\",\"isPartOf\":{\"@id\":\"https:\\\/\\\/ideiagraficaebrindes.com.br\\\/#website\"},\"primaryImageOfPage\":{\"@id\":\"https:\\\/\\\/ideiagraficaebrindes.com.br\\\/produto\\\/kit-churrasco-carne-carvao-cerveja-churrasco\\\/#primaryimage\"},\"image\":{\"@id\":\"https:\\\/\\\/ideiagraficaebrindes.com.br\\\/produto\\\/kit-churrasco-carne-carvao-cerveja-churrasco\\\/#primaryimage\"},\"thumbnailUrl\":\"https:\\\/\\\/ideiagraficaebrindes.com.br\\\/wp-content\\\/uploads\\\/2021\\\/08\\\/kit-churrasco.jpg\",\"datePublished\":\"2021-08-21T12:32:37+00:00\",\"breadcrumb\":{\"@id\":\"https:\\\/\\\/ideiagraficaebrindes.com.br\\\/produto\\\/kit-churrasco-carne-carvao-cerveja-churrasco\\\/#breadcrumb\"},\"inLanguage\":\"en-US\",\"potentialAction\":[{\"@type\":\"ReadAction\",\"target\":[\"https:\\\/\\\/ideiagraficaebrindes.com.br\\\/produto\\\/kit-churrasco-carne-carvao-cerveja-churrasco\\\/\"]}]},{\"@type\":\"ImageObject\",\"inLanguage\":\"en-US\",\"@id\":\"https:\\\/\\\/ideiagraficaebrindes.com.br\\\/produto\\\/kit-churrasco-carne-carvao-cerveja-churrasco\\\/#primaryimage\",\"url\":\"https:\\\/\\\/ideiagraficaebrindes.com.br\\\/wp-content\\\/uploads\\\/2021\\\/08\\\/kit-churrasco.jpg\",\"contentUrl\":\"https:\\\/\\\/ideiagraficaebrindes.com.br\\\/wp-content\\\/uploads\\\/2021\\\/08\\\/kit-churrasco.jpg\",\"width\":1084,\"height\":1084},{\"@type\":\"BreadcrumbList\",\"@id\":\"https:\\\/\\\/ideiagraficaebrindes.com.br\\\/produto\\\/kit-churrasco-carne-carvao-cerveja-churrasco\\\/#breadcrumb\",\"itemListElement\":[{\"@type\":\"ListItem\",\"position\":1,\"name\":\"In\u00edcio\",\"item\":\"https:\\\/\\\/ideiagraficaebrindes.com.br\\\/\"},{\"@type\":\"ListItem\",\"position\":2,\"name\":\"Loja\",\"item\":\"https:\\\/\\\/ideiagraficaebrindes.com.br\\\/loja\\\/\"},{\"@type\":\"ListItem\",\"position\":3,\"name\":\"KIT CHURRASCO | CARNE &#038; CARV\u00c3O &#038; CERVEJA &#038; CHURRASCO\"}]},{\"@type\":\"WebSite\",\"@id\":\"https:\\\/\\\/ideiagraficaebrindes.com.br\\\/#website\",\"url\":\"https:\\\/\\\/ideiagraficaebrindes.com.br\\\/\",\"name\":\"Ideia Gr\u00e1fica e Brindes\",\"description\":\"Brindes Personalizados e Impress\u00e3o em geral\",\"potentialAction\":[{\"@type\":\"SearchAction\",\"target\":{\"@type\":\"EntryPoint\",\"urlTemplate\":\"https:\\\/\\\/ideiagraficaebrindes.com.br\\\/?s={search_term_string}\"},\"query-input\":{\"@type\":\"PropertyValueSpecification\",\"valueRequired\":true,\"valueName\":\"search_term_string\"}}],\"inLanguage\":\"en-US\"}]}<\/script>\n<!-- \/ Yoast SEO plugin. -->","yoast_head_json":{"title":"KIT CHURRASCO | CARNE & CARV\u00c3O & CERVEJA & CHURRASCO - Ideia Gr\u00e1fica e Brindes","robots":{"index":"index","follow":"follow","max-snippet":"max-snippet:-1","max-image-preview":"max-image-preview:large","max-video-preview":"max-video-preview:-1"},"canonical":"https:\/\/ideiagraficaebrindes.com.br\/en\/product\/kit-churrasco-carne-carvao-cerveja-churrasco\/","og_locale":"en_US","og_type":"article","og_title":"KIT CHURRASCO | CARNE & CARV\u00c3O & CERVEJA & CHURRASCO - Ideia Gr\u00e1fica e Brindes","og_description":"Conjunto composto por uma faca 7\u201d com a grava\u00e7\u00e3o dos cortes do boi na l\u00e2mina e um garfo trinchante, ambos com cabos em madeira e l\u00e2minas em a\u00e7o inox com rebites resistentes; Est\u00e3o organizados em uma caixa kraft para presente. + BRINDE SURPRESA  DIMENS\u00c3O DO PRODUTO Faca: 30,5x4x1,6cm \/ Garfo: 29,5x2,5x1,5cm  RECOMENDA\u00c7\u00c3O DE PERSONALIZA\u00c7\u00c3O Uma grava\u00e7\u00e3o a Laser na l\u00e2mina da faca.  EMBALAGEM Caixa Preta - 310x65x20 mm (AxLxP)","og_url":"https:\/\/ideiagraficaebrindes.com.br\/en\/product\/kit-churrasco-carne-carvao-cerveja-churrasco\/","og_site_name":"Ideia Gr\u00e1fica e Brindes","og_image":[{"width":1084,"height":1084,"url":"https:\/\/ideiagraficaebrindes.com.br\/wp-content\/uploads\/2021\/08\/kit-churrasco.jpg","type":"image\/jpeg"}],"twitter_card":"summary_large_image","twitter_misc":{"Est. reading time":"1 minute"},"schema":{"@context":"https:\/\/schema.org","@graph":[{"@type":"WebPage","@id":"https:\/\/ideiagraficaebrindes.com.br\/produto\/kit-churrasco-carne-carvao-cerveja-churrasco\/","url":"https:\/\/ideiagraficaebrindes.com.br\/produto\/kit-churrasco-carne-carvao-cerveja-churrasco\/","name":"KIT CHURRASCO | CARNE & CARV\u00c3O & CERVEJA & CHURRASCO - Ideia Gr\u00e1fica e Brindes","isPartOf":{"@id":"https:\/\/ideiagraficaebrindes.com.br\/#website"},"primaryImageOfPage":{"@id":"https:\/\/ideiagraficaebrindes.com.br\/produto\/kit-churrasco-carne-carvao-cerveja-churrasco\/#primaryimage"},"image":{"@id":"https:\/\/ideiagraficaebrindes.com.br\/produto\/kit-churrasco-carne-carvao-cerveja-churrasco\/#primaryimage"},"thumbnailUrl":"https:\/\/ideiagraficaebrindes.com.br\/wp-content\/uploads\/2021\/08\/kit-churrasco.jpg","datePublished":"2021-08-21T12:32:37+00:00","breadcrumb":{"@id":"https:\/\/ideiagraficaebrindes.com.br\/produto\/kit-churrasco-carne-carvao-cerveja-churrasco\/#breadcrumb"},"inLanguage":"en-US","potentialAction":[{"@type":"ReadAction","target":["https:\/\/ideiagraficaebrindes.com.br\/produto\/kit-churrasco-carne-carvao-cerveja-churrasco\/"]}]},{"@type":"ImageObject","inLanguage":"en-US","@id":"https:\/\/ideiagraficaebrindes.com.br\/produto\/kit-churrasco-carne-carvao-cerveja-churrasco\/#primaryimage","url":"https:\/\/ideiagraficaebrindes.com.br\/wp-content\/uploads\/2021\/08\/kit-churrasco.jpg","contentUrl":"https:\/\/ideiagraficaebrindes.com.br\/wp-content\/uploads\/2021\/08\/kit-churrasco.jpg","width":1084,"height":1084},{"@type":"BreadcrumbList","@id":"https:\/\/ideiagraficaebrindes.com.br\/produto\/kit-churrasco-carne-carvao-cerveja-churrasco\/#breadcrumb","itemListElement":[{"@type":"ListItem","position":1,"name":"In\u00edcio","item":"https:\/\/ideiagraficaebrindes.com.br\/"},{"@type":"ListItem","position":2,"name":"Loja","item":"https:\/\/ideiagraficaebrindes.com.br\/loja\/"},{"@type":"ListItem","position":3,"name":"KIT CHURRASCO | CARNE &#038; CARV\u00c3O &#038; CERVEJA &#038; CHURRASCO"}]},{"@type":"WebSite","@id":"https:\/\/ideiagraficaebrindes.com.br\/#website","url":"https:\/\/ideiagraficaebrindes.com.br\/","name":"Ideia Gr\u00e1fica e Brindes","description":"Brindes Personalizados e Impress\u00e3o em geral","potentialAction":[{"@type":"SearchAction","target":{"@type":"EntryPoint","urlTemplate":"https:\/\/ideiagraficaebrindes.com.br\/?s={search_term_string}"},"query-input":{"@type":"PropertyValueSpecification","valueRequired":true,"valueName":"search_term_string"}}],"inLanguage":"en-US"}]}},"_links":{"self":[{"href":"https:\/\/ideiagraficaebrindes.com.br\/en\/wp-json\/wp\/v2\/product\/7613","targetHints":{"allow":["GET"]}}],"collection":[{"href":"https:\/\/ideiagraficaebrindes.com.br\/en\/wp-json\/wp\/v2\/product"}],"about":[{"href":"https:\/\/ideiagraficaebrindes.com.br\/en\/wp-json\/wp\/v2\/types\/product"}],"replies":[{"embeddable":true,"href":"https:\/\/ideiagraficaebrindes.com.br\/en\/wp-json\/wp\/v2\/comments?post=7613"}],"wp:featuredmedia":[{"embeddable":true,"href":"https:\/\/ideiagraficaebrindes.com.br\/en\/wp-json\/wp\/v2\/media\/7614"}],"wp:attachment":[{"href":"https:\/\/ideiagraficaebrindes.com.br\/en\/wp-json\/wp\/v2\/media?parent=7613"}],"wp:term":[{"taxonomy":"product_brand","embeddable":true,"href":"https:\/\/ideiagraficaebrindes.com.br\/en\/wp-json\/wp\/v2\/product_brand?post=7613"},{"taxonomy":"product_cat","embeddable":true,"href":"https:\/\/ideiagraficaebrindes.com.br\/en\/wp-json\/wp\/v2\/product_cat?post=7613"},{"taxonomy":"product_tag","embeddable":true,"href":"https:\/\/ideiagraficaebrindes.com.br\/en\/wp-json\/wp\/v2\/product_tag?post=7613"}],"curies":[{"name":"wp","href":"https:\/\/api.w.org\/{rel}","templated":true}]}}