{"id":7607,"date":"2021-08-20T09:29:51","date_gmt":"2021-08-20T12:29:51","guid":{"rendered":"https:\/\/ideiagraficaebrindes.com.br\/?post_type=product&#038;p=7607"},"modified":"2021-08-20T10:49:35","modified_gmt":"2021-08-20T13:49:35","slug":"jogo-de-canecas-de-vidro-p-cerveja-340-ml-2-pcs","status":"publish","type":"product","link":"https:\/\/ideiagraficaebrindes.com.br\/en\/product\/jogo-de-canecas-de-vidro-p-cerveja-340-ml-2-pcs\/","title":{"rendered":"Jogo De Canecas De Vidro P\/ Cerveja 340 Ml &#8211; 2 P\u00e7s"},"content":{"rendered":"<p>N\u00f3s acreditamos nas rela\u00e7\u00f5es entre as pessoas e empresas, sabemos que se voc\u00ea presenteia algu\u00e9m com um brinde corporativo e personalizado, est\u00e1 querendo passar uma mensagem atrav\u00e9s desse objeto, seja de gratid\u00e3o, felicidade, amor, etc.<\/p>\n<p>Escolhemos participar desses momentos puros e cheios de emo\u00e7\u00e3o sendo o ve\u00edculo da mensagem (ou seja, o objeto) s\u00f3 que de empresa para empresas ou, de empresa para colaborador.<\/p>\n<p>Ent\u00e3o sempre buscamos colocar em nossa linha de produtos brindes de bom gosto, que seja \u00fatil, que tenha f\u00e1cil aceita\u00e7\u00e3o de qualquer pessoa, que possua uma excelente \u00e1rea de personaliza\u00e7\u00e3o para exibir sua marca e, claro, que tenha qualidade o suficiente para ser dur\u00e1vel.<\/p>","protected":false},"excerpt":{"rendered":"<h5>Jogo com 2 canecas de Vidro para Cerveja, com espa\u00e7o para a garrafa.<\/h5>\n<h5>Capacidade: 340ml cada. Ideal para brindar os melhores momentos.<\/h5>\n<h5>N\u00c3O ACOMPANHA GARRAFA.<\/h5>\n<p><strong>DIMENS\u00c3O DO PRODUTO<\/strong><br \/>\n15x13cm<\/p>\n<p><strong>RECOMENDA\u00c7\u00c3O DE<\/strong><br \/>\n<strong>PERSONALIZA\u00c7\u00c3O<\/strong><br \/>\nUma grava\u00e7\u00e3o a Laser nas duas canecas.<\/p>\n<p><strong>EMBALAGEM<\/strong><br \/>\nKraft tampa preta &#8211; 365x300x100 mm (AxLxP)<\/p>","protected":false},"featured_media":7608,"comment_status":"open","ping_status":"closed","template":"","meta":{"_monsterinsights_skip_tracking":false,"_monsterinsights_sitenote_active":false,"_monsterinsights_sitenote_note":"","_monsterinsights_sitenote_category":0},"product_brand":[],"product_cat":[219,340],"product_tag":[358],"class_list":{"0":"post-7607","1":"product","2":"type-product","3":"status-publish","4":"has-post-thumbnail","6":"product_cat-brindes","7":"product_cat-kits-especiais","8":"product_tag-kit-especiais","10":"first","11":"instock","12":"shipping-taxable","13":"product-type-simple"},"yoast_head":"<!-- This site is optimized with the Yoast SEO plugin v27.4 - https:\/\/yoast.com\/product\/yoast-seo-wordpress\/ -->\n<title>Jogo De Canecas De Vidro P\/ Cerveja 340 Ml - 2 P\u00e7s - Ideia Gr\u00e1fica e Brindes<\/title>\n<meta name=\"robots\" content=\"index, follow, max-snippet:-1, max-image-preview:large, max-video-preview:-1\" \/>\n<link rel=\"canonical\" href=\"https:\/\/ideiagraficaebrindes.com.br\/en\/product\/jogo-de-canecas-de-vidro-p-cerveja-340-ml-2-pcs\/\" \/>\n<meta property=\"og:locale\" content=\"en_US\" \/>\n<meta property=\"og:type\" content=\"article\" \/>\n<meta property=\"og:title\" content=\"Jogo De Canecas De Vidro P\/ Cerveja 340 Ml - 2 P\u00e7s - Ideia Gr\u00e1fica e Brindes\" \/>\n<meta property=\"og:description\" content=\"Jogo com 2 canecas de Vidro para Cerveja, com espa\u00e7o para a garrafa. Capacidade: 340ml cada. Ideal para brindar os melhores momentos. N\u00c3O ACOMPANHA GARRAFA. DIMENS\u00c3O DO PRODUTO 15x13cm  RECOMENDA\u00c7\u00c3O DE PERSONALIZA\u00c7\u00c3O Uma grava\u00e7\u00e3o a Laser nas duas canecas.  EMBALAGEM Kraft tampa preta - 365x300x100 mm (AxLxP)\" \/>\n<meta property=\"og:url\" content=\"https:\/\/ideiagraficaebrindes.com.br\/en\/product\/jogo-de-canecas-de-vidro-p-cerveja-340-ml-2-pcs\/\" \/>\n<meta property=\"og:site_name\" content=\"Ideia Gr\u00e1fica e Brindes\" \/>\n<meta property=\"article:modified_time\" content=\"2021-08-20T13:49:35+00:00\" \/>\n<meta property=\"og:image\" content=\"https:\/\/ideiagraficaebrindes.com.br\/wp-content\/uploads\/2021\/08\/jogo-de-canecas-de-vidro-p-cerveja-340-ml-2-pcs-nao-acompanha-a-garrafa_17158.jpg\" \/>\n\t<meta property=\"og:image:width\" content=\"1084\" \/>\n\t<meta property=\"og:image:height\" content=\"1084\" \/>\n\t<meta property=\"og:image:type\" content=\"image\/jpeg\" \/>\n<meta name=\"twitter:card\" content=\"summary_large_image\" \/>\n<meta name=\"twitter:label1\" content=\"Est. reading time\" \/>\n\t<meta name=\"twitter:data1\" content=\"1 minute\" \/>\n<script type=\"application\/ld+json\" class=\"yoast-schema-graph\">{\"@context\":\"https:\\\/\\\/schema.org\",\"@graph\":[{\"@type\":\"WebPage\",\"@id\":\"https:\\\/\\\/ideiagraficaebrindes.com.br\\\/produto\\\/jogo-de-canecas-de-vidro-p-cerveja-340-ml-2-pcs\\\/\",\"url\":\"https:\\\/\\\/ideiagraficaebrindes.com.br\\\/produto\\\/jogo-de-canecas-de-vidro-p-cerveja-340-ml-2-pcs\\\/\",\"name\":\"Jogo De Canecas De Vidro P\\\/ Cerveja 340 Ml - 2 P\u00e7s - Ideia Gr\u00e1fica e Brindes\",\"isPartOf\":{\"@id\":\"https:\\\/\\\/ideiagraficaebrindes.com.br\\\/#website\"},\"primaryImageOfPage\":{\"@id\":\"https:\\\/\\\/ideiagraficaebrindes.com.br\\\/produto\\\/jogo-de-canecas-de-vidro-p-cerveja-340-ml-2-pcs\\\/#primaryimage\"},\"image\":{\"@id\":\"https:\\\/\\\/ideiagraficaebrindes.com.br\\\/produto\\\/jogo-de-canecas-de-vidro-p-cerveja-340-ml-2-pcs\\\/#primaryimage\"},\"thumbnailUrl\":\"https:\\\/\\\/ideiagraficaebrindes.com.br\\\/wp-content\\\/uploads\\\/2021\\\/08\\\/jogo-de-canecas-de-vidro-p-cerveja-340-ml-2-pcs-nao-acompanha-a-garrafa_17158.jpg\",\"datePublished\":\"2021-08-20T12:29:51+00:00\",\"dateModified\":\"2021-08-20T13:49:35+00:00\",\"breadcrumb\":{\"@id\":\"https:\\\/\\\/ideiagraficaebrindes.com.br\\\/produto\\\/jogo-de-canecas-de-vidro-p-cerveja-340-ml-2-pcs\\\/#breadcrumb\"},\"inLanguage\":\"en-US\",\"potentialAction\":[{\"@type\":\"ReadAction\",\"target\":[\"https:\\\/\\\/ideiagraficaebrindes.com.br\\\/produto\\\/jogo-de-canecas-de-vidro-p-cerveja-340-ml-2-pcs\\\/\"]}]},{\"@type\":\"ImageObject\",\"inLanguage\":\"en-US\",\"@id\":\"https:\\\/\\\/ideiagraficaebrindes.com.br\\\/produto\\\/jogo-de-canecas-de-vidro-p-cerveja-340-ml-2-pcs\\\/#primaryimage\",\"url\":\"https:\\\/\\\/ideiagraficaebrindes.com.br\\\/wp-content\\\/uploads\\\/2021\\\/08\\\/jogo-de-canecas-de-vidro-p-cerveja-340-ml-2-pcs-nao-acompanha-a-garrafa_17158.jpg\",\"contentUrl\":\"https:\\\/\\\/ideiagraficaebrindes.com.br\\\/wp-content\\\/uploads\\\/2021\\\/08\\\/jogo-de-canecas-de-vidro-p-cerveja-340-ml-2-pcs-nao-acompanha-a-garrafa_17158.jpg\",\"width\":1084,\"height\":1084},{\"@type\":\"BreadcrumbList\",\"@id\":\"https:\\\/\\\/ideiagraficaebrindes.com.br\\\/produto\\\/jogo-de-canecas-de-vidro-p-cerveja-340-ml-2-pcs\\\/#breadcrumb\",\"itemListElement\":[{\"@type\":\"ListItem\",\"position\":1,\"name\":\"In\u00edcio\",\"item\":\"https:\\\/\\\/ideiagraficaebrindes.com.br\\\/\"},{\"@type\":\"ListItem\",\"position\":2,\"name\":\"Loja\",\"item\":\"https:\\\/\\\/ideiagraficaebrindes.com.br\\\/loja\\\/\"},{\"@type\":\"ListItem\",\"position\":3,\"name\":\"Jogo De Canecas De Vidro P\\\/ Cerveja 340 Ml &#8211; 2 P\u00e7s\"}]},{\"@type\":\"WebSite\",\"@id\":\"https:\\\/\\\/ideiagraficaebrindes.com.br\\\/#website\",\"url\":\"https:\\\/\\\/ideiagraficaebrindes.com.br\\\/\",\"name\":\"Ideia Gr\u00e1fica e Brindes\",\"description\":\"Brindes Personalizados e Impress\u00e3o em geral\",\"potentialAction\":[{\"@type\":\"SearchAction\",\"target\":{\"@type\":\"EntryPoint\",\"urlTemplate\":\"https:\\\/\\\/ideiagraficaebrindes.com.br\\\/?s={search_term_string}\"},\"query-input\":{\"@type\":\"PropertyValueSpecification\",\"valueRequired\":true,\"valueName\":\"search_term_string\"}}],\"inLanguage\":\"en-US\"}]}<\/script>\n<!-- \/ Yoast SEO plugin. -->","yoast_head_json":{"title":"Jogo De Canecas De Vidro P\/ Cerveja 340 Ml - 2 P\u00e7s - Ideia Gr\u00e1fica e Brindes","robots":{"index":"index","follow":"follow","max-snippet":"max-snippet:-1","max-image-preview":"max-image-preview:large","max-video-preview":"max-video-preview:-1"},"canonical":"https:\/\/ideiagraficaebrindes.com.br\/en\/product\/jogo-de-canecas-de-vidro-p-cerveja-340-ml-2-pcs\/","og_locale":"en_US","og_type":"article","og_title":"Jogo De Canecas De Vidro P\/ Cerveja 340 Ml - 2 P\u00e7s - Ideia Gr\u00e1fica e Brindes","og_description":"Jogo com 2 canecas de Vidro para Cerveja, com espa\u00e7o para a garrafa. Capacidade: 340ml cada. Ideal para brindar os melhores momentos. N\u00c3O ACOMPANHA GARRAFA. DIMENS\u00c3O DO PRODUTO 15x13cm  RECOMENDA\u00c7\u00c3O DE PERSONALIZA\u00c7\u00c3O Uma grava\u00e7\u00e3o a Laser nas duas canecas.  EMBALAGEM Kraft tampa preta - 365x300x100 mm (AxLxP)","og_url":"https:\/\/ideiagraficaebrindes.com.br\/en\/product\/jogo-de-canecas-de-vidro-p-cerveja-340-ml-2-pcs\/","og_site_name":"Ideia Gr\u00e1fica e Brindes","article_modified_time":"2021-08-20T13:49:35+00:00","og_image":[{"width":1084,"height":1084,"url":"https:\/\/ideiagraficaebrindes.com.br\/wp-content\/uploads\/2021\/08\/jogo-de-canecas-de-vidro-p-cerveja-340-ml-2-pcs-nao-acompanha-a-garrafa_17158.jpg","type":"image\/jpeg"}],"twitter_card":"summary_large_image","twitter_misc":{"Est. reading time":"1 minute"},"schema":{"@context":"https:\/\/schema.org","@graph":[{"@type":"WebPage","@id":"https:\/\/ideiagraficaebrindes.com.br\/produto\/jogo-de-canecas-de-vidro-p-cerveja-340-ml-2-pcs\/","url":"https:\/\/ideiagraficaebrindes.com.br\/produto\/jogo-de-canecas-de-vidro-p-cerveja-340-ml-2-pcs\/","name":"Jogo De Canecas De Vidro P\/ Cerveja 340 Ml - 2 P\u00e7s - Ideia Gr\u00e1fica e Brindes","isPartOf":{"@id":"https:\/\/ideiagraficaebrindes.com.br\/#website"},"primaryImageOfPage":{"@id":"https:\/\/ideiagraficaebrindes.com.br\/produto\/jogo-de-canecas-de-vidro-p-cerveja-340-ml-2-pcs\/#primaryimage"},"image":{"@id":"https:\/\/ideiagraficaebrindes.com.br\/produto\/jogo-de-canecas-de-vidro-p-cerveja-340-ml-2-pcs\/#primaryimage"},"thumbnailUrl":"https:\/\/ideiagraficaebrindes.com.br\/wp-content\/uploads\/2021\/08\/jogo-de-canecas-de-vidro-p-cerveja-340-ml-2-pcs-nao-acompanha-a-garrafa_17158.jpg","datePublished":"2021-08-20T12:29:51+00:00","dateModified":"2021-08-20T13:49:35+00:00","breadcrumb":{"@id":"https:\/\/ideiagraficaebrindes.com.br\/produto\/jogo-de-canecas-de-vidro-p-cerveja-340-ml-2-pcs\/#breadcrumb"},"inLanguage":"en-US","potentialAction":[{"@type":"ReadAction","target":["https:\/\/ideiagraficaebrindes.com.br\/produto\/jogo-de-canecas-de-vidro-p-cerveja-340-ml-2-pcs\/"]}]},{"@type":"ImageObject","inLanguage":"en-US","@id":"https:\/\/ideiagraficaebrindes.com.br\/produto\/jogo-de-canecas-de-vidro-p-cerveja-340-ml-2-pcs\/#primaryimage","url":"https:\/\/ideiagraficaebrindes.com.br\/wp-content\/uploads\/2021\/08\/jogo-de-canecas-de-vidro-p-cerveja-340-ml-2-pcs-nao-acompanha-a-garrafa_17158.jpg","contentUrl":"https:\/\/ideiagraficaebrindes.com.br\/wp-content\/uploads\/2021\/08\/jogo-de-canecas-de-vidro-p-cerveja-340-ml-2-pcs-nao-acompanha-a-garrafa_17158.jpg","width":1084,"height":1084},{"@type":"BreadcrumbList","@id":"https:\/\/ideiagraficaebrindes.com.br\/produto\/jogo-de-canecas-de-vidro-p-cerveja-340-ml-2-pcs\/#breadcrumb","itemListElement":[{"@type":"ListItem","position":1,"name":"In\u00edcio","item":"https:\/\/ideiagraficaebrindes.com.br\/"},{"@type":"ListItem","position":2,"name":"Loja","item":"https:\/\/ideiagraficaebrindes.com.br\/loja\/"},{"@type":"ListItem","position":3,"name":"Jogo De Canecas De Vidro P\/ Cerveja 340 Ml &#8211; 2 P\u00e7s"}]},{"@type":"WebSite","@id":"https:\/\/ideiagraficaebrindes.com.br\/#website","url":"https:\/\/ideiagraficaebrindes.com.br\/","name":"Ideia Gr\u00e1fica e Brindes","description":"Brindes Personalizados e Impress\u00e3o em geral","potentialAction":[{"@type":"SearchAction","target":{"@type":"EntryPoint","urlTemplate":"https:\/\/ideiagraficaebrindes.com.br\/?s={search_term_string}"},"query-input":{"@type":"PropertyValueSpecification","valueRequired":true,"valueName":"search_term_string"}}],"inLanguage":"en-US"}]}},"_links":{"self":[{"href":"https:\/\/ideiagraficaebrindes.com.br\/en\/wp-json\/wp\/v2\/product\/7607","targetHints":{"allow":["GET"]}}],"collection":[{"href":"https:\/\/ideiagraficaebrindes.com.br\/en\/wp-json\/wp\/v2\/product"}],"about":[{"href":"https:\/\/ideiagraficaebrindes.com.br\/en\/wp-json\/wp\/v2\/types\/product"}],"replies":[{"embeddable":true,"href":"https:\/\/ideiagraficaebrindes.com.br\/en\/wp-json\/wp\/v2\/comments?post=7607"}],"wp:featuredmedia":[{"embeddable":true,"href":"https:\/\/ideiagraficaebrindes.com.br\/en\/wp-json\/wp\/v2\/media\/7608"}],"wp:attachment":[{"href":"https:\/\/ideiagraficaebrindes.com.br\/en\/wp-json\/wp\/v2\/media?parent=7607"}],"wp:term":[{"taxonomy":"product_brand","embeddable":true,"href":"https:\/\/ideiagraficaebrindes.com.br\/en\/wp-json\/wp\/v2\/product_brand?post=7607"},{"taxonomy":"product_cat","embeddable":true,"href":"https:\/\/ideiagraficaebrindes.com.br\/en\/wp-json\/wp\/v2\/product_cat?post=7607"},{"taxonomy":"product_tag","embeddable":true,"href":"https:\/\/ideiagraficaebrindes.com.br\/en\/wp-json\/wp\/v2\/product_tag?post=7607"}],"curies":[{"name":"wp","href":"https:\/\/api.w.org\/{rel}","templated":true}]}}