{"id":7581,"date":"2021-08-17T11:43:14","date_gmt":"2021-08-17T14:43:14","guid":{"rendered":"https:\/\/ideiagraficaebrindes.com.br\/?post_type=product&#038;p=7581"},"modified":"2025-04-04T11:53:23","modified_gmt":"2025-04-04T14:53:23","slug":"kit-a-vida-nao-e-so-pagar-boleto","status":"publish","type":"product","link":"https:\/\/ideiagraficaebrindes.com.br\/en\/product\/kit-a-vida-nao-e-so-pagar-boleto\/","title":{"rendered":"Kit A vida n\u00e3o \u00e9 s\u00f3 pagar Boleto!"},"content":{"rendered":"<p>Kit <strong>A VIDA N\u00c3O \u00c9 S\u00d3 PAGAR BOLETO<\/strong> Composto por:<\/p>\n<p>01 Caneca de Chopp Vidro Jateado 475ml<br \/>\n01 Caneca de Alum\u00ednio 550ml<br \/>\n01 Copo Brasileirinho Acr\u00edlico<br \/>\n01 Porta Lata\/Litrinho T\u00e9rmico<br \/>\n<strong>+ Brinde Surpresa<\/strong><\/p>\n<p>Personalizamos o Verso com o seu nome!<br \/>\nEntregamos em Todo o BRASIL!<\/p>\n<p>&nbsp;<\/p>","protected":false},"excerpt":{"rendered":"<p>Kit <strong>A VIDA N\u00c3O \u00c9 S\u00d3 PAGAR BOLETO<\/strong> Composto por:<\/p>\n<p>01 Caneca de Chopp Vidro Jateado 475ml<br \/>\n01 Caneca de Alum\u00ednio 550ml<br \/>\n01 Copo Brasileirinho Acr\u00edlico<br \/>\n01 Porta Lata\/Litrinho T\u00e9rmico<br \/>\n<strong>+ Brinde Surpresa<\/strong><\/p>\n<p>Personalizamos o Verso com o seu nome!<br \/>\nEntregamos em Todo o BRASIL!<\/p>\n<p>&nbsp;<\/p>","protected":false},"featured_media":7582,"comment_status":"open","ping_status":"closed","template":"","meta":{"_monsterinsights_skip_tracking":false,"_monsterinsights_sitenote_active":false,"_monsterinsights_sitenote_note":"","_monsterinsights_sitenote_category":0},"product_brand":[],"product_cat":[217],"product_tag":[345],"class_list":{"0":"post-7581","1":"product","2":"type-product","3":"status-publish","4":"has-post-thumbnail","6":"product_cat-lojinha","7":"product_tag-lojinha","8":"product_shipping_class-nacional","10":"first","11":"instock","12":"shipping-taxable","13":"purchasable","14":"product-type-simple"},"yoast_head":"<!-- This site is optimized with the Yoast SEO plugin v27.4 - https:\/\/yoast.com\/product\/yoast-seo-wordpress\/ -->\n<title>Kit A vida n\u00e3o \u00e9 s\u00f3 pagar Boleto! - Ideia Gr\u00e1fica e Brindes<\/title>\n<meta name=\"robots\" content=\"index, follow, max-snippet:-1, max-image-preview:large, max-video-preview:-1\" \/>\n<link rel=\"canonical\" href=\"https:\/\/ideiagraficaebrindes.com.br\/en\/product\/kit-a-vida-nao-e-so-pagar-boleto\/\" \/>\n<meta property=\"og:locale\" content=\"en_US\" \/>\n<meta property=\"og:type\" content=\"article\" \/>\n<meta property=\"og:title\" content=\"Kit A vida n\u00e3o \u00e9 s\u00f3 pagar Boleto! - Ideia Gr\u00e1fica e Brindes\" \/>\n<meta property=\"og:description\" content=\"Kit A VIDA N\u00c3O \u00c9 S\u00d3 PAGAR BOLETO Composto por:  01 Caneca de Chopp Vidro Jateado 475ml 01 Caneca de Alum\u00ednio 550ml 01 Copo Brasileirinho Acr\u00edlico 01 Porta Lata\/Litrinho T\u00e9rmico + Brinde Surpresa  Personalizamos o Verso com o seu nome! Entregamos em Todo o BRASIL!  &nbsp;\" \/>\n<meta property=\"og:url\" content=\"https:\/\/ideiagraficaebrindes.com.br\/en\/product\/kit-a-vida-nao-e-so-pagar-boleto\/\" \/>\n<meta property=\"og:site_name\" content=\"Ideia Gr\u00e1fica e Brindes\" \/>\n<meta property=\"article:modified_time\" content=\"2025-04-04T14:53:23+00:00\" \/>\n<meta property=\"og:image\" content=\"https:\/\/ideiagraficaebrindes.com.br\/wp-content\/uploads\/2021\/08\/kit-a-vida-nao-e-so-pagar-boleto.png\" \/>\n\t<meta property=\"og:image:width\" content=\"1080\" \/>\n\t<meta property=\"og:image:height\" content=\"1080\" \/>\n\t<meta property=\"og:image:type\" content=\"image\/png\" \/>\n<meta name=\"twitter:card\" content=\"summary_large_image\" \/>\n<meta name=\"twitter:label1\" content=\"Est. reading time\" \/>\n\t<meta name=\"twitter:data1\" content=\"1 minute\" \/>\n<script type=\"application\/ld+json\" class=\"yoast-schema-graph\">{\"@context\":\"https:\\\/\\\/schema.org\",\"@graph\":[{\"@type\":\"WebPage\",\"@id\":\"https:\\\/\\\/ideiagraficaebrindes.com.br\\\/produto\\\/kit-a-vida-nao-e-so-pagar-boleto\\\/\",\"url\":\"https:\\\/\\\/ideiagraficaebrindes.com.br\\\/produto\\\/kit-a-vida-nao-e-so-pagar-boleto\\\/\",\"name\":\"Kit A vida n\u00e3o \u00e9 s\u00f3 pagar Boleto! - Ideia Gr\u00e1fica e Brindes\",\"isPartOf\":{\"@id\":\"https:\\\/\\\/ideiagraficaebrindes.com.br\\\/#website\"},\"primaryImageOfPage\":{\"@id\":\"https:\\\/\\\/ideiagraficaebrindes.com.br\\\/produto\\\/kit-a-vida-nao-e-so-pagar-boleto\\\/#primaryimage\"},\"image\":{\"@id\":\"https:\\\/\\\/ideiagraficaebrindes.com.br\\\/produto\\\/kit-a-vida-nao-e-so-pagar-boleto\\\/#primaryimage\"},\"thumbnailUrl\":\"https:\\\/\\\/ideiagraficaebrindes.com.br\\\/wp-content\\\/uploads\\\/2021\\\/08\\\/kit-a-vida-nao-e-so-pagar-boleto.png\",\"datePublished\":\"2021-08-17T14:43:14+00:00\",\"dateModified\":\"2025-04-04T14:53:23+00:00\",\"breadcrumb\":{\"@id\":\"https:\\\/\\\/ideiagraficaebrindes.com.br\\\/produto\\\/kit-a-vida-nao-e-so-pagar-boleto\\\/#breadcrumb\"},\"inLanguage\":\"en-US\",\"potentialAction\":[{\"@type\":\"ReadAction\",\"target\":[\"https:\\\/\\\/ideiagraficaebrindes.com.br\\\/produto\\\/kit-a-vida-nao-e-so-pagar-boleto\\\/\"]}]},{\"@type\":\"ImageObject\",\"inLanguage\":\"en-US\",\"@id\":\"https:\\\/\\\/ideiagraficaebrindes.com.br\\\/produto\\\/kit-a-vida-nao-e-so-pagar-boleto\\\/#primaryimage\",\"url\":\"https:\\\/\\\/ideiagraficaebrindes.com.br\\\/wp-content\\\/uploads\\\/2021\\\/08\\\/kit-a-vida-nao-e-so-pagar-boleto.png\",\"contentUrl\":\"https:\\\/\\\/ideiagraficaebrindes.com.br\\\/wp-content\\\/uploads\\\/2021\\\/08\\\/kit-a-vida-nao-e-so-pagar-boleto.png\",\"width\":1080,\"height\":1080},{\"@type\":\"BreadcrumbList\",\"@id\":\"https:\\\/\\\/ideiagraficaebrindes.com.br\\\/produto\\\/kit-a-vida-nao-e-so-pagar-boleto\\\/#breadcrumb\",\"itemListElement\":[{\"@type\":\"ListItem\",\"position\":1,\"name\":\"In\u00edcio\",\"item\":\"https:\\\/\\\/ideiagraficaebrindes.com.br\\\/\"},{\"@type\":\"ListItem\",\"position\":2,\"name\":\"Loja\",\"item\":\"https:\\\/\\\/ideiagraficaebrindes.com.br\\\/loja\\\/\"},{\"@type\":\"ListItem\",\"position\":3,\"name\":\"Kit A vida n\u00e3o \u00e9 s\u00f3 pagar Boleto!\"}]},{\"@type\":\"WebSite\",\"@id\":\"https:\\\/\\\/ideiagraficaebrindes.com.br\\\/#website\",\"url\":\"https:\\\/\\\/ideiagraficaebrindes.com.br\\\/\",\"name\":\"Ideia Gr\u00e1fica e Brindes\",\"description\":\"Brindes Personalizados e Impress\u00e3o em geral\",\"potentialAction\":[{\"@type\":\"SearchAction\",\"target\":{\"@type\":\"EntryPoint\",\"urlTemplate\":\"https:\\\/\\\/ideiagraficaebrindes.com.br\\\/?s={search_term_string}\"},\"query-input\":{\"@type\":\"PropertyValueSpecification\",\"valueRequired\":true,\"valueName\":\"search_term_string\"}}],\"inLanguage\":\"en-US\"}]}<\/script>\n<!-- \/ Yoast SEO plugin. -->","yoast_head_json":{"title":"Kit A vida n\u00e3o \u00e9 s\u00f3 pagar Boleto! - Ideia Gr\u00e1fica e Brindes","robots":{"index":"index","follow":"follow","max-snippet":"max-snippet:-1","max-image-preview":"max-image-preview:large","max-video-preview":"max-video-preview:-1"},"canonical":"https:\/\/ideiagraficaebrindes.com.br\/en\/product\/kit-a-vida-nao-e-so-pagar-boleto\/","og_locale":"en_US","og_type":"article","og_title":"Kit A vida n\u00e3o \u00e9 s\u00f3 pagar Boleto! - Ideia Gr\u00e1fica e Brindes","og_description":"Kit A VIDA N\u00c3O \u00c9 S\u00d3 PAGAR BOLETO Composto por:  01 Caneca de Chopp Vidro Jateado 475ml 01 Caneca de Alum\u00ednio 550ml 01 Copo Brasileirinho Acr\u00edlico 01 Porta Lata\/Litrinho T\u00e9rmico + Brinde Surpresa  Personalizamos o Verso com o seu nome! Entregamos em Todo o BRASIL!  &nbsp;","og_url":"https:\/\/ideiagraficaebrindes.com.br\/en\/product\/kit-a-vida-nao-e-so-pagar-boleto\/","og_site_name":"Ideia Gr\u00e1fica e Brindes","article_modified_time":"2025-04-04T14:53:23+00:00","og_image":[{"width":1080,"height":1080,"url":"https:\/\/ideiagraficaebrindes.com.br\/wp-content\/uploads\/2021\/08\/kit-a-vida-nao-e-so-pagar-boleto.png","type":"image\/png"}],"twitter_card":"summary_large_image","twitter_misc":{"Est. reading time":"1 minute"},"schema":{"@context":"https:\/\/schema.org","@graph":[{"@type":"WebPage","@id":"https:\/\/ideiagraficaebrindes.com.br\/produto\/kit-a-vida-nao-e-so-pagar-boleto\/","url":"https:\/\/ideiagraficaebrindes.com.br\/produto\/kit-a-vida-nao-e-so-pagar-boleto\/","name":"Kit A vida n\u00e3o \u00e9 s\u00f3 pagar Boleto! - Ideia Gr\u00e1fica e Brindes","isPartOf":{"@id":"https:\/\/ideiagraficaebrindes.com.br\/#website"},"primaryImageOfPage":{"@id":"https:\/\/ideiagraficaebrindes.com.br\/produto\/kit-a-vida-nao-e-so-pagar-boleto\/#primaryimage"},"image":{"@id":"https:\/\/ideiagraficaebrindes.com.br\/produto\/kit-a-vida-nao-e-so-pagar-boleto\/#primaryimage"},"thumbnailUrl":"https:\/\/ideiagraficaebrindes.com.br\/wp-content\/uploads\/2021\/08\/kit-a-vida-nao-e-so-pagar-boleto.png","datePublished":"2021-08-17T14:43:14+00:00","dateModified":"2025-04-04T14:53:23+00:00","breadcrumb":{"@id":"https:\/\/ideiagraficaebrindes.com.br\/produto\/kit-a-vida-nao-e-so-pagar-boleto\/#breadcrumb"},"inLanguage":"en-US","potentialAction":[{"@type":"ReadAction","target":["https:\/\/ideiagraficaebrindes.com.br\/produto\/kit-a-vida-nao-e-so-pagar-boleto\/"]}]},{"@type":"ImageObject","inLanguage":"en-US","@id":"https:\/\/ideiagraficaebrindes.com.br\/produto\/kit-a-vida-nao-e-so-pagar-boleto\/#primaryimage","url":"https:\/\/ideiagraficaebrindes.com.br\/wp-content\/uploads\/2021\/08\/kit-a-vida-nao-e-so-pagar-boleto.png","contentUrl":"https:\/\/ideiagraficaebrindes.com.br\/wp-content\/uploads\/2021\/08\/kit-a-vida-nao-e-so-pagar-boleto.png","width":1080,"height":1080},{"@type":"BreadcrumbList","@id":"https:\/\/ideiagraficaebrindes.com.br\/produto\/kit-a-vida-nao-e-so-pagar-boleto\/#breadcrumb","itemListElement":[{"@type":"ListItem","position":1,"name":"In\u00edcio","item":"https:\/\/ideiagraficaebrindes.com.br\/"},{"@type":"ListItem","position":2,"name":"Loja","item":"https:\/\/ideiagraficaebrindes.com.br\/loja\/"},{"@type":"ListItem","position":3,"name":"Kit A vida n\u00e3o \u00e9 s\u00f3 pagar Boleto!"}]},{"@type":"WebSite","@id":"https:\/\/ideiagraficaebrindes.com.br\/#website","url":"https:\/\/ideiagraficaebrindes.com.br\/","name":"Ideia Gr\u00e1fica e Brindes","description":"Brindes Personalizados e Impress\u00e3o em geral","potentialAction":[{"@type":"SearchAction","target":{"@type":"EntryPoint","urlTemplate":"https:\/\/ideiagraficaebrindes.com.br\/?s={search_term_string}"},"query-input":{"@type":"PropertyValueSpecification","valueRequired":true,"valueName":"search_term_string"}}],"inLanguage":"en-US"}]}},"_links":{"self":[{"href":"https:\/\/ideiagraficaebrindes.com.br\/en\/wp-json\/wp\/v2\/product\/7581","targetHints":{"allow":["GET"]}}],"collection":[{"href":"https:\/\/ideiagraficaebrindes.com.br\/en\/wp-json\/wp\/v2\/product"}],"about":[{"href":"https:\/\/ideiagraficaebrindes.com.br\/en\/wp-json\/wp\/v2\/types\/product"}],"replies":[{"embeddable":true,"href":"https:\/\/ideiagraficaebrindes.com.br\/en\/wp-json\/wp\/v2\/comments?post=7581"}],"wp:featuredmedia":[{"embeddable":true,"href":"https:\/\/ideiagraficaebrindes.com.br\/en\/wp-json\/wp\/v2\/media\/7582"}],"wp:attachment":[{"href":"https:\/\/ideiagraficaebrindes.com.br\/en\/wp-json\/wp\/v2\/media?parent=7581"}],"wp:term":[{"taxonomy":"product_brand","embeddable":true,"href":"https:\/\/ideiagraficaebrindes.com.br\/en\/wp-json\/wp\/v2\/product_brand?post=7581"},{"taxonomy":"product_cat","embeddable":true,"href":"https:\/\/ideiagraficaebrindes.com.br\/en\/wp-json\/wp\/v2\/product_cat?post=7581"},{"taxonomy":"product_tag","embeddable":true,"href":"https:\/\/ideiagraficaebrindes.com.br\/en\/wp-json\/wp\/v2\/product_tag?post=7581"}],"curies":[{"name":"wp","href":"https:\/\/api.w.org\/{rel}","templated":true}]}}