{"id":7573,"date":"2021-08-13T20:58:59","date_gmt":"2021-08-13T23:58:59","guid":{"rendered":"https:\/\/ideiagraficaebrindes.com.br\/?post_type=product&#038;p=7573"},"modified":"2024-01-23T15:50:35","modified_gmt":"2024-01-23T18:50:35","slug":"envelopes-apergaminhado-90g-saco-250x350mm-4x0-50unid","status":"publish","type":"product","link":"https:\/\/ideiagraficaebrindes.com.br\/en\/product\/envelopes-apergaminhado-90g-saco-250x350mm-4x0-50unid\/","title":{"rendered":"ENVELOPES APERGAMINHADO 90G SACO 250X350MM &#8211; 4X0 &#8211; 50unid"},"content":{"rendered":"<p>Envelopes s\u00e3o indispens\u00e1veis para escrit\u00f3rios em geral.<\/p>\n<p>Independente do tamanho ou papel, um desses modelos certamente ir\u00e3o atender as necessidades do seu cliente!<\/p>\n<p class=\"row\"><strong class=\"col-md-6 col-xs-6\">Papel\/Material:<\/strong><span class=\"col-md-6 col-xs-6\">Apergaminhado<\/span><\/p>\n<p class=\"row\"><strong class=\"col-md-6 col-xs-6\">Cores:<\/strong><span class=\"col-md-6 col-xs-6\">4&#215;0<\/span><\/p>\n<p class=\"row\"><strong class=\"col-md-6 col-xs-6\">Gramatura:<\/strong><span class=\"col-md-6 col-xs-6\">90g<\/span><\/p>\n<p class=\"row\"><strong class=\"col-md-6 col-xs-6\">Tam. da arte c\/ sangria:<\/strong><span class=\"col-md-6 col-xs-6\">817x315mm<\/span><\/p>\n<p class=\"row\"><strong class=\"col-md-6 col-xs-6\">Tam. final:<\/strong><span class=\"col-md-6 col-xs-6\">250x350mm<\/span><\/p>\n<p class=\"row\"><strong class=\"col-md-6 col-xs-6\">Peso:<\/strong><span class=\"col-md-6 col-xs-6\">11150g<\/span><\/p>","protected":false},"excerpt":{"rendered":"<p>Envelopes s\u00e3o indispens\u00e1veis para escrit\u00f3rios em geral.<\/p>\n<p>Independente do tamanho ou papel, um desses modelos certamente ir\u00e3o atender as necessidades do seu cliente!<\/p>\n<p class=\"row\"><strong class=\"col-md-6 col-xs-6\">Papel\/Material:<\/strong><span class=\"col-md-6 col-xs-6\">Apergaminhado<\/span><\/p>\n<p class=\"row\"><strong class=\"col-md-6 col-xs-6\">Cores:<\/strong><span class=\"col-md-6 col-xs-6\">4&#215;0<\/span><\/p>\n<p class=\"row\"><strong class=\"col-md-6 col-xs-6\">Gramatura:<\/strong><span class=\"col-md-6 col-xs-6\">90g<\/span><\/p>\n<p class=\"row\"><strong class=\"col-md-6 col-xs-6\">Tam. da arte c\/ sangria:<\/strong><span class=\"col-md-6 col-xs-6\">817x315mm<\/span><\/p>\n<p class=\"row\"><strong class=\"col-md-6 col-xs-6\">Tam. final:<\/strong><span class=\"col-md-6 col-xs-6\">250x350mm<\/span><\/p>\n<p class=\"row\"><strong class=\"col-md-6 col-xs-6\">Peso:<\/strong><span class=\"col-md-6 col-xs-6\">11150g<\/span><\/p>","protected":false},"featured_media":7574,"comment_status":"open","ping_status":"closed","template":"","meta":{"_monsterinsights_skip_tracking":false,"_monsterinsights_sitenote_active":false,"_monsterinsights_sitenote_note":"","_monsterinsights_sitenote_category":0},"product_brand":[],"product_cat":[15],"product_tag":[140],"class_list":{"0":"post-7573","1":"product","2":"type-product","3":"status-publish","4":"has-post-thumbnail","6":"product_cat-impressos-graficos","7":"product_tag-pasta","8":"product_shipping_class-nacional","10":"first","11":"instock","12":"shipping-taxable","13":"purchasable","14":"product-type-simple"},"yoast_head":"<!-- This site is optimized with the Yoast SEO plugin v27.4 - https:\/\/yoast.com\/product\/yoast-seo-wordpress\/ -->\n<title>ENVELOPES APERGAMINHADO 90G SACO 250X350MM - 4X0 - 50unid - Ideia Gr\u00e1fica e Brindes<\/title>\n<meta name=\"description\" content=\"Envelopes s\u00e3o indispens\u00e1veis para escrit\u00f3rios em geral.Independente do tamanho ou papel, um desses modelos certamente ir\u00e3o atender as necessidades\" \/>\n<meta name=\"robots\" content=\"index, follow, max-snippet:-1, max-image-preview:large, max-video-preview:-1\" \/>\n<link rel=\"canonical\" href=\"https:\/\/ideiagraficaebrindes.com.br\/en\/product\/envelopes-apergaminhado-90g-saco-250x350mm-4x0-50unid\/\" \/>\n<meta property=\"og:locale\" content=\"en_US\" \/>\n<meta property=\"og:type\" content=\"article\" \/>\n<meta property=\"og:title\" content=\"ENVELOPES APERGAMINHADO 90G SACO 250X350MM - 4X0 - 50unid - Ideia Gr\u00e1fica e Brindes\" \/>\n<meta property=\"og:description\" content=\"Envelopes s\u00e3o indispens\u00e1veis para escrit\u00f3rios em geral.Independente do tamanho ou papel, um desses modelos certamente ir\u00e3o atender as necessidades\" \/>\n<meta property=\"og:url\" content=\"https:\/\/ideiagraficaebrindes.com.br\/en\/product\/envelopes-apergaminhado-90g-saco-250x350mm-4x0-50unid\/\" \/>\n<meta property=\"og:site_name\" content=\"Ideia Gr\u00e1fica e Brindes\" \/>\n<meta property=\"article:modified_time\" content=\"2024-01-23T18:50:35+00:00\" \/>\n<meta property=\"og:image\" content=\"https:\/\/ideiagraficaebrindes.com.br\/wp-content\/uploads\/2021\/08\/Envelope-personalizado.jpg\" \/>\n\t<meta property=\"og:image:width\" content=\"1061\" \/>\n\t<meta property=\"og:image:height\" content=\"800\" \/>\n\t<meta property=\"og:image:type\" content=\"image\/jpeg\" \/>\n<meta name=\"twitter:card\" content=\"summary_large_image\" \/>\n<meta name=\"twitter:label1\" content=\"Est. reading time\" \/>\n\t<meta name=\"twitter:data1\" content=\"1 minute\" \/>\n<script type=\"application\/ld+json\" class=\"yoast-schema-graph\">{\"@context\":\"https:\\\/\\\/schema.org\",\"@graph\":[{\"@type\":\"WebPage\",\"@id\":\"https:\\\/\\\/ideiagraficaebrindes.com.br\\\/produto\\\/envelopes-apergaminhado-90g-saco-250x350mm-4x0-50unid\\\/\",\"url\":\"https:\\\/\\\/ideiagraficaebrindes.com.br\\\/produto\\\/envelopes-apergaminhado-90g-saco-250x350mm-4x0-50unid\\\/\",\"name\":\"ENVELOPES APERGAMINHADO 90G SACO 250X350MM - 4X0 - 50unid - Ideia Gr\u00e1fica e Brindes\",\"isPartOf\":{\"@id\":\"https:\\\/\\\/ideiagraficaebrindes.com.br\\\/#website\"},\"primaryImageOfPage\":{\"@id\":\"https:\\\/\\\/ideiagraficaebrindes.com.br\\\/produto\\\/envelopes-apergaminhado-90g-saco-250x350mm-4x0-50unid\\\/#primaryimage\"},\"image\":{\"@id\":\"https:\\\/\\\/ideiagraficaebrindes.com.br\\\/produto\\\/envelopes-apergaminhado-90g-saco-250x350mm-4x0-50unid\\\/#primaryimage\"},\"thumbnailUrl\":\"https:\\\/\\\/ideiagraficaebrindes.com.br\\\/wp-content\\\/uploads\\\/2021\\\/08\\\/Envelope-personalizado.jpg\",\"datePublished\":\"2021-08-13T23:58:59+00:00\",\"dateModified\":\"2024-01-23T18:50:35+00:00\",\"description\":\"Envelopes s\u00e3o indispens\u00e1veis para escrit\u00f3rios em geral.Independente do tamanho ou papel, um desses modelos certamente ir\u00e3o atender as necessidades\",\"breadcrumb\":{\"@id\":\"https:\\\/\\\/ideiagraficaebrindes.com.br\\\/produto\\\/envelopes-apergaminhado-90g-saco-250x350mm-4x0-50unid\\\/#breadcrumb\"},\"inLanguage\":\"en-US\",\"potentialAction\":[{\"@type\":\"ReadAction\",\"target\":[\"https:\\\/\\\/ideiagraficaebrindes.com.br\\\/produto\\\/envelopes-apergaminhado-90g-saco-250x350mm-4x0-50unid\\\/\"]}]},{\"@type\":\"ImageObject\",\"inLanguage\":\"en-US\",\"@id\":\"https:\\\/\\\/ideiagraficaebrindes.com.br\\\/produto\\\/envelopes-apergaminhado-90g-saco-250x350mm-4x0-50unid\\\/#primaryimage\",\"url\":\"https:\\\/\\\/ideiagraficaebrindes.com.br\\\/wp-content\\\/uploads\\\/2021\\\/08\\\/Envelope-personalizado.jpg\",\"contentUrl\":\"https:\\\/\\\/ideiagraficaebrindes.com.br\\\/wp-content\\\/uploads\\\/2021\\\/08\\\/Envelope-personalizado.jpg\",\"width\":1061,\"height\":800},{\"@type\":\"BreadcrumbList\",\"@id\":\"https:\\\/\\\/ideiagraficaebrindes.com.br\\\/produto\\\/envelopes-apergaminhado-90g-saco-250x350mm-4x0-50unid\\\/#breadcrumb\",\"itemListElement\":[{\"@type\":\"ListItem\",\"position\":1,\"name\":\"In\u00edcio\",\"item\":\"https:\\\/\\\/ideiagraficaebrindes.com.br\\\/\"},{\"@type\":\"ListItem\",\"position\":2,\"name\":\"Loja\",\"item\":\"https:\\\/\\\/ideiagraficaebrindes.com.br\\\/loja\\\/\"},{\"@type\":\"ListItem\",\"position\":3,\"name\":\"ENVELOPES APERGAMINHADO 90G SACO 250X350MM &#8211; 4X0 &#8211; 50unid\"}]},{\"@type\":\"WebSite\",\"@id\":\"https:\\\/\\\/ideiagraficaebrindes.com.br\\\/#website\",\"url\":\"https:\\\/\\\/ideiagraficaebrindes.com.br\\\/\",\"name\":\"Ideia Gr\u00e1fica e Brindes\",\"description\":\"Brindes Personalizados e Impress\u00e3o em geral\",\"potentialAction\":[{\"@type\":\"SearchAction\",\"target\":{\"@type\":\"EntryPoint\",\"urlTemplate\":\"https:\\\/\\\/ideiagraficaebrindes.com.br\\\/?s={search_term_string}\"},\"query-input\":{\"@type\":\"PropertyValueSpecification\",\"valueRequired\":true,\"valueName\":\"search_term_string\"}}],\"inLanguage\":\"en-US\"}]}<\/script>\n<!-- \/ Yoast SEO plugin. -->","yoast_head_json":{"title":"ENVELOPES APERGAMINHADO 90G SACO 250X350MM - 4X0 - 50unid - Ideia Gr\u00e1fica e Brindes","description":"Envelopes s\u00e3o indispens\u00e1veis para escrit\u00f3rios em geral.Independente do tamanho ou papel, um desses modelos certamente ir\u00e3o atender as necessidades","robots":{"index":"index","follow":"follow","max-snippet":"max-snippet:-1","max-image-preview":"max-image-preview:large","max-video-preview":"max-video-preview:-1"},"canonical":"https:\/\/ideiagraficaebrindes.com.br\/en\/product\/envelopes-apergaminhado-90g-saco-250x350mm-4x0-50unid\/","og_locale":"en_US","og_type":"article","og_title":"ENVELOPES APERGAMINHADO 90G SACO 250X350MM - 4X0 - 50unid - Ideia Gr\u00e1fica e Brindes","og_description":"Envelopes s\u00e3o indispens\u00e1veis para escrit\u00f3rios em geral.Independente do tamanho ou papel, um desses modelos certamente ir\u00e3o atender as necessidades","og_url":"https:\/\/ideiagraficaebrindes.com.br\/en\/product\/envelopes-apergaminhado-90g-saco-250x350mm-4x0-50unid\/","og_site_name":"Ideia Gr\u00e1fica e Brindes","article_modified_time":"2024-01-23T18:50:35+00:00","og_image":[{"width":1061,"height":800,"url":"https:\/\/ideiagraficaebrindes.com.br\/wp-content\/uploads\/2021\/08\/Envelope-personalizado.jpg","type":"image\/jpeg"}],"twitter_card":"summary_large_image","twitter_misc":{"Est. reading time":"1 minute"},"schema":{"@context":"https:\/\/schema.org","@graph":[{"@type":"WebPage","@id":"https:\/\/ideiagraficaebrindes.com.br\/produto\/envelopes-apergaminhado-90g-saco-250x350mm-4x0-50unid\/","url":"https:\/\/ideiagraficaebrindes.com.br\/produto\/envelopes-apergaminhado-90g-saco-250x350mm-4x0-50unid\/","name":"ENVELOPES APERGAMINHADO 90G SACO 250X350MM - 4X0 - 50unid - Ideia Gr\u00e1fica e Brindes","isPartOf":{"@id":"https:\/\/ideiagraficaebrindes.com.br\/#website"},"primaryImageOfPage":{"@id":"https:\/\/ideiagraficaebrindes.com.br\/produto\/envelopes-apergaminhado-90g-saco-250x350mm-4x0-50unid\/#primaryimage"},"image":{"@id":"https:\/\/ideiagraficaebrindes.com.br\/produto\/envelopes-apergaminhado-90g-saco-250x350mm-4x0-50unid\/#primaryimage"},"thumbnailUrl":"https:\/\/ideiagraficaebrindes.com.br\/wp-content\/uploads\/2021\/08\/Envelope-personalizado.jpg","datePublished":"2021-08-13T23:58:59+00:00","dateModified":"2024-01-23T18:50:35+00:00","description":"Envelopes s\u00e3o indispens\u00e1veis para escrit\u00f3rios em geral.Independente do tamanho ou papel, um desses modelos certamente ir\u00e3o atender as necessidades","breadcrumb":{"@id":"https:\/\/ideiagraficaebrindes.com.br\/produto\/envelopes-apergaminhado-90g-saco-250x350mm-4x0-50unid\/#breadcrumb"},"inLanguage":"en-US","potentialAction":[{"@type":"ReadAction","target":["https:\/\/ideiagraficaebrindes.com.br\/produto\/envelopes-apergaminhado-90g-saco-250x350mm-4x0-50unid\/"]}]},{"@type":"ImageObject","inLanguage":"en-US","@id":"https:\/\/ideiagraficaebrindes.com.br\/produto\/envelopes-apergaminhado-90g-saco-250x350mm-4x0-50unid\/#primaryimage","url":"https:\/\/ideiagraficaebrindes.com.br\/wp-content\/uploads\/2021\/08\/Envelope-personalizado.jpg","contentUrl":"https:\/\/ideiagraficaebrindes.com.br\/wp-content\/uploads\/2021\/08\/Envelope-personalizado.jpg","width":1061,"height":800},{"@type":"BreadcrumbList","@id":"https:\/\/ideiagraficaebrindes.com.br\/produto\/envelopes-apergaminhado-90g-saco-250x350mm-4x0-50unid\/#breadcrumb","itemListElement":[{"@type":"ListItem","position":1,"name":"In\u00edcio","item":"https:\/\/ideiagraficaebrindes.com.br\/"},{"@type":"ListItem","position":2,"name":"Loja","item":"https:\/\/ideiagraficaebrindes.com.br\/loja\/"},{"@type":"ListItem","position":3,"name":"ENVELOPES APERGAMINHADO 90G SACO 250X350MM &#8211; 4X0 &#8211; 50unid"}]},{"@type":"WebSite","@id":"https:\/\/ideiagraficaebrindes.com.br\/#website","url":"https:\/\/ideiagraficaebrindes.com.br\/","name":"Ideia Gr\u00e1fica e Brindes","description":"Brindes Personalizados e Impress\u00e3o em geral","potentialAction":[{"@type":"SearchAction","target":{"@type":"EntryPoint","urlTemplate":"https:\/\/ideiagraficaebrindes.com.br\/?s={search_term_string}"},"query-input":{"@type":"PropertyValueSpecification","valueRequired":true,"valueName":"search_term_string"}}],"inLanguage":"en-US"}]}},"_links":{"self":[{"href":"https:\/\/ideiagraficaebrindes.com.br\/en\/wp-json\/wp\/v2\/product\/7573","targetHints":{"allow":["GET"]}}],"collection":[{"href":"https:\/\/ideiagraficaebrindes.com.br\/en\/wp-json\/wp\/v2\/product"}],"about":[{"href":"https:\/\/ideiagraficaebrindes.com.br\/en\/wp-json\/wp\/v2\/types\/product"}],"replies":[{"embeddable":true,"href":"https:\/\/ideiagraficaebrindes.com.br\/en\/wp-json\/wp\/v2\/comments?post=7573"}],"wp:featuredmedia":[{"embeddable":true,"href":"https:\/\/ideiagraficaebrindes.com.br\/en\/wp-json\/wp\/v2\/media\/7574"}],"wp:attachment":[{"href":"https:\/\/ideiagraficaebrindes.com.br\/en\/wp-json\/wp\/v2\/media?parent=7573"}],"wp:term":[{"taxonomy":"product_brand","embeddable":true,"href":"https:\/\/ideiagraficaebrindes.com.br\/en\/wp-json\/wp\/v2\/product_brand?post=7573"},{"taxonomy":"product_cat","embeddable":true,"href":"https:\/\/ideiagraficaebrindes.com.br\/en\/wp-json\/wp\/v2\/product_cat?post=7573"},{"taxonomy":"product_tag","embeddable":true,"href":"https:\/\/ideiagraficaebrindes.com.br\/en\/wp-json\/wp\/v2\/product_tag?post=7573"}],"curies":[{"name":"wp","href":"https:\/\/api.w.org\/{rel}","templated":true}]}}