{"id":7560,"date":"2021-08-13T11:15:36","date_gmt":"2021-08-13T14:15:36","guid":{"rendered":"https:\/\/ideiagraficaebrindes.com.br\/?post_type=product&#038;p=7560"},"modified":"2021-08-13T11:15:36","modified_gmt":"2021-08-13T14:15:36","slug":"panfleto-couche-80g-sem-verniz-150x200mm-4x4-1000unid","status":"publish","type":"product","link":"https:\/\/ideiagraficaebrindes.com.br\/en\/product\/panfleto-couche-80g-sem-verniz-150x200mm-4x4-1000unid\/","title":{"rendered":"PANFLETO COUCHE 80G SEM VERNIZ 150X200MM &#8211; 4X4 &#8211; 1000unid"},"content":{"rendered":"<p>Os Panfletos ou Folhetos Couch\u00ea 80g Sem verniz da Ideia s\u00e3o produzidos com a mais alta qualidade na impress\u00e3o<\/p>\n<p>e visa atender um mercado muito exigente. Eles s\u00e3o ideiais para impress\u00f5es que dependem de uma boa qualidade.<\/p>\n<p>Pre\u00e7o justo, qualidade e rapidez na entrega voc\u00ea encontra s\u00f3 aqui. Entregamos em todo Brasil.<\/p>\n<p class=\"row\"><strong class=\"col-md-6 col-xs-6\">Papel\/Material:<\/strong><span class=\"col-md-6 col-xs-6\">Couche brilho<br \/>\n<strong>Frente Colorido<br \/>\n<\/strong><\/span><strong class=\"col-md-6 col-xs-6\">Cores:<\/strong><span class=\"col-md-6 col-xs-6\">4&#215;4<\/span><\/p>\n<p class=\"row\"><strong class=\"col-md-6 col-xs-6\">Gramatura:<\/strong><span class=\"col-md-6 col-xs-6\">80g<\/span><\/p>\n<p class=\"row\"><strong class=\"col-md-6 col-xs-6\">Tam. da arte c\/ sangria:<\/strong><span class=\"col-md-6 col-xs-6\">150x200mm<\/span><\/p>\n<p class=\"row\"><strong class=\"col-md-6 col-xs-6\">Tam. final:<\/strong><span class=\"col-md-6 col-xs-6\">147x197mm<\/span><\/p>\n<p class=\"row\"><strong class=\"col-md-6 col-xs-6\">Peso:<\/strong><span class=\"col-md-6 col-xs-6\">2550g<\/span><\/p>","protected":false},"excerpt":{"rendered":"<p>Os Panfletos ou Folhetos Couch\u00ea 80g Sem verniz da Ideia s\u00e3o produzidos com a mais alta qualidade na impress\u00e3o<\/p>\n<p>e visa atender um mercado muito exigente. Eles s\u00e3o ideiais para impress\u00f5es que dependem de uma boa qualidade.<\/p>\n<p>Pre\u00e7o justo, qualidade e rapidez na entrega voc\u00ea encontra s\u00f3 aqui. Entregamos em todo Brasil.<\/p>\n<p class=\"row\"><strong class=\"col-md-6 col-xs-6\">Papel\/Material:<\/strong><span class=\"col-md-6 col-xs-6\">Couche brilho<br \/>\n<strong>Frente Colorido<br \/>\n<\/strong><\/span><strong class=\"col-md-6 col-xs-6\">Cores:<\/strong><span class=\"col-md-6 col-xs-6\">4&#215;4<\/span><\/p>\n<p class=\"row\"><strong class=\"col-md-6 col-xs-6\">Gramatura:<\/strong><span class=\"col-md-6 col-xs-6\">80g<\/span><\/p>\n<p class=\"row\"><strong class=\"col-md-6 col-xs-6\">Tam. da arte c\/ sangria:<\/strong><span class=\"col-md-6 col-xs-6\">150x200mm<\/span><\/p>\n<p class=\"row\"><strong class=\"col-md-6 col-xs-6\">Tam. final:<\/strong><span class=\"col-md-6 col-xs-6\">147x197mm<\/span><\/p>\n<p class=\"row\"><strong class=\"col-md-6 col-xs-6\">Peso:<\/strong><span class=\"col-md-6 col-xs-6\">2550g<\/span><\/p>","protected":false},"featured_media":7561,"comment_status":"open","ping_status":"closed","template":"","meta":{"_monsterinsights_skip_tracking":false,"_monsterinsights_sitenote_active":false,"_monsterinsights_sitenote_note":"","_monsterinsights_sitenote_category":0},"product_brand":[],"product_cat":[15],"product_tag":[350],"class_list":{"0":"post-7560","1":"product","2":"type-product","3":"status-publish","4":"has-post-thumbnail","6":"product_cat-impressos-graficos","7":"product_tag-panfleto","8":"product_shipping_class-nacional","10":"first","11":"instock","12":"shipping-taxable","13":"purchasable","14":"product-type-simple"},"yoast_head":"<!-- This site is optimized with the Yoast SEO plugin v27.4 - https:\/\/yoast.com\/product\/yoast-seo-wordpress\/ -->\n<title>PANFLETO COUCHE 80G SEM VERNIZ 150X200MM - 4X4 - 1000unid - Ideia Gr\u00e1fica e Brindes<\/title>\n<meta name=\"robots\" content=\"index, follow, max-snippet:-1, max-image-preview:large, max-video-preview:-1\" \/>\n<link rel=\"canonical\" href=\"https:\/\/ideiagraficaebrindes.com.br\/en\/product\/panfleto-couche-80g-sem-verniz-150x200mm-4x4-1000unid\/\" \/>\n<meta property=\"og:locale\" content=\"en_US\" \/>\n<meta property=\"og:type\" content=\"article\" \/>\n<meta property=\"og:title\" content=\"PANFLETO COUCHE 80G SEM VERNIZ 150X200MM - 4X4 - 1000unid - Ideia Gr\u00e1fica e Brindes\" \/>\n<meta property=\"og:description\" content=\"Os Panfletos ou Folhetos Couch\u00ea 80g Sem verniz da Ideia s\u00e3o produzidos com a mais alta qualidade na impress\u00e3o  e visa atender um mercado muito exigente. Eles s\u00e3o ideiais para impress\u00f5es que dependem de uma boa qualidade.  Pre\u00e7o justo, qualidade e rapidez na entrega voc\u00ea encontra s\u00f3 aqui. Entregamos em todo Brasil. Papel\/Material:Couche brilho Frente Colorido Cores:4x4 Gramatura:80g Tam. da arte c\/ sangria:150x200mm Tam. final:147x197mm Peso:2550g\" \/>\n<meta property=\"og:url\" content=\"https:\/\/ideiagraficaebrindes.com.br\/en\/product\/panfleto-couche-80g-sem-verniz-150x200mm-4x4-1000unid\/\" \/>\n<meta property=\"og:site_name\" content=\"Ideia Gr\u00e1fica e Brindes\" \/>\n<meta property=\"og:image\" content=\"https:\/\/ideiagraficaebrindes.com.br\/wp-content\/uploads\/2021\/08\/panfleto-15x21-colorido.png\" \/>\n\t<meta property=\"og:image:width\" content=\"600\" \/>\n\t<meta property=\"og:image:height\" content=\"600\" \/>\n\t<meta property=\"og:image:type\" content=\"image\/png\" \/>\n<meta name=\"twitter:card\" content=\"summary_large_image\" \/>\n<meta name=\"twitter:label1\" content=\"Est. reading time\" \/>\n\t<meta name=\"twitter:data1\" content=\"1 minute\" \/>\n<script type=\"application\/ld+json\" class=\"yoast-schema-graph\">{\"@context\":\"https:\\\/\\\/schema.org\",\"@graph\":[{\"@type\":\"WebPage\",\"@id\":\"https:\\\/\\\/ideiagraficaebrindes.com.br\\\/produto\\\/panfleto-couche-80g-sem-verniz-150x200mm-4x4-1000unid\\\/\",\"url\":\"https:\\\/\\\/ideiagraficaebrindes.com.br\\\/produto\\\/panfleto-couche-80g-sem-verniz-150x200mm-4x4-1000unid\\\/\",\"name\":\"PANFLETO COUCHE 80G SEM VERNIZ 150X200MM - 4X4 - 1000unid - Ideia Gr\u00e1fica e Brindes\",\"isPartOf\":{\"@id\":\"https:\\\/\\\/ideiagraficaebrindes.com.br\\\/#website\"},\"primaryImageOfPage\":{\"@id\":\"https:\\\/\\\/ideiagraficaebrindes.com.br\\\/produto\\\/panfleto-couche-80g-sem-verniz-150x200mm-4x4-1000unid\\\/#primaryimage\"},\"image\":{\"@id\":\"https:\\\/\\\/ideiagraficaebrindes.com.br\\\/produto\\\/panfleto-couche-80g-sem-verniz-150x200mm-4x4-1000unid\\\/#primaryimage\"},\"thumbnailUrl\":\"https:\\\/\\\/ideiagraficaebrindes.com.br\\\/wp-content\\\/uploads\\\/2021\\\/08\\\/panfleto-15x21-colorido.png\",\"datePublished\":\"2021-08-13T14:15:36+00:00\",\"breadcrumb\":{\"@id\":\"https:\\\/\\\/ideiagraficaebrindes.com.br\\\/produto\\\/panfleto-couche-80g-sem-verniz-150x200mm-4x4-1000unid\\\/#breadcrumb\"},\"inLanguage\":\"en-US\",\"potentialAction\":[{\"@type\":\"ReadAction\",\"target\":[\"https:\\\/\\\/ideiagraficaebrindes.com.br\\\/produto\\\/panfleto-couche-80g-sem-verniz-150x200mm-4x4-1000unid\\\/\"]}]},{\"@type\":\"ImageObject\",\"inLanguage\":\"en-US\",\"@id\":\"https:\\\/\\\/ideiagraficaebrindes.com.br\\\/produto\\\/panfleto-couche-80g-sem-verniz-150x200mm-4x4-1000unid\\\/#primaryimage\",\"url\":\"https:\\\/\\\/ideiagraficaebrindes.com.br\\\/wp-content\\\/uploads\\\/2021\\\/08\\\/panfleto-15x21-colorido.png\",\"contentUrl\":\"https:\\\/\\\/ideiagraficaebrindes.com.br\\\/wp-content\\\/uploads\\\/2021\\\/08\\\/panfleto-15x21-colorido.png\",\"width\":600,\"height\":600},{\"@type\":\"BreadcrumbList\",\"@id\":\"https:\\\/\\\/ideiagraficaebrindes.com.br\\\/produto\\\/panfleto-couche-80g-sem-verniz-150x200mm-4x4-1000unid\\\/#breadcrumb\",\"itemListElement\":[{\"@type\":\"ListItem\",\"position\":1,\"name\":\"In\u00edcio\",\"item\":\"https:\\\/\\\/ideiagraficaebrindes.com.br\\\/\"},{\"@type\":\"ListItem\",\"position\":2,\"name\":\"Loja\",\"item\":\"https:\\\/\\\/ideiagraficaebrindes.com.br\\\/loja\\\/\"},{\"@type\":\"ListItem\",\"position\":3,\"name\":\"PANFLETO COUCHE 80G SEM VERNIZ 150X200MM &#8211; 4X4 &#8211; 1000unid\"}]},{\"@type\":\"WebSite\",\"@id\":\"https:\\\/\\\/ideiagraficaebrindes.com.br\\\/#website\",\"url\":\"https:\\\/\\\/ideiagraficaebrindes.com.br\\\/\",\"name\":\"Ideia Gr\u00e1fica e Brindes\",\"description\":\"Brindes Personalizados e Impress\u00e3o em geral\",\"potentialAction\":[{\"@type\":\"SearchAction\",\"target\":{\"@type\":\"EntryPoint\",\"urlTemplate\":\"https:\\\/\\\/ideiagraficaebrindes.com.br\\\/?s={search_term_string}\"},\"query-input\":{\"@type\":\"PropertyValueSpecification\",\"valueRequired\":true,\"valueName\":\"search_term_string\"}}],\"inLanguage\":\"en-US\"}]}<\/script>\n<!-- \/ Yoast SEO plugin. -->","yoast_head_json":{"title":"PANFLETO COUCHE 80G SEM VERNIZ 150X200MM - 4X4 - 1000unid - Ideia Gr\u00e1fica e Brindes","robots":{"index":"index","follow":"follow","max-snippet":"max-snippet:-1","max-image-preview":"max-image-preview:large","max-video-preview":"max-video-preview:-1"},"canonical":"https:\/\/ideiagraficaebrindes.com.br\/en\/product\/panfleto-couche-80g-sem-verniz-150x200mm-4x4-1000unid\/","og_locale":"en_US","og_type":"article","og_title":"PANFLETO COUCHE 80G SEM VERNIZ 150X200MM - 4X4 - 1000unid - Ideia Gr\u00e1fica e Brindes","og_description":"Os Panfletos ou Folhetos Couch\u00ea 80g Sem verniz da Ideia s\u00e3o produzidos com a mais alta qualidade na impress\u00e3o  e visa atender um mercado muito exigente. Eles s\u00e3o ideiais para impress\u00f5es que dependem de uma boa qualidade.  Pre\u00e7o justo, qualidade e rapidez na entrega voc\u00ea encontra s\u00f3 aqui. Entregamos em todo Brasil. Papel\/Material:Couche brilho Frente Colorido Cores:4x4 Gramatura:80g Tam. da arte c\/ sangria:150x200mm Tam. final:147x197mm Peso:2550g","og_url":"https:\/\/ideiagraficaebrindes.com.br\/en\/product\/panfleto-couche-80g-sem-verniz-150x200mm-4x4-1000unid\/","og_site_name":"Ideia Gr\u00e1fica e Brindes","og_image":[{"width":600,"height":600,"url":"https:\/\/ideiagraficaebrindes.com.br\/wp-content\/uploads\/2021\/08\/panfleto-15x21-colorido.png","type":"image\/png"}],"twitter_card":"summary_large_image","twitter_misc":{"Est. reading time":"1 minute"},"schema":{"@context":"https:\/\/schema.org","@graph":[{"@type":"WebPage","@id":"https:\/\/ideiagraficaebrindes.com.br\/produto\/panfleto-couche-80g-sem-verniz-150x200mm-4x4-1000unid\/","url":"https:\/\/ideiagraficaebrindes.com.br\/produto\/panfleto-couche-80g-sem-verniz-150x200mm-4x4-1000unid\/","name":"PANFLETO COUCHE 80G SEM VERNIZ 150X200MM - 4X4 - 1000unid - Ideia Gr\u00e1fica e Brindes","isPartOf":{"@id":"https:\/\/ideiagraficaebrindes.com.br\/#website"},"primaryImageOfPage":{"@id":"https:\/\/ideiagraficaebrindes.com.br\/produto\/panfleto-couche-80g-sem-verniz-150x200mm-4x4-1000unid\/#primaryimage"},"image":{"@id":"https:\/\/ideiagraficaebrindes.com.br\/produto\/panfleto-couche-80g-sem-verniz-150x200mm-4x4-1000unid\/#primaryimage"},"thumbnailUrl":"https:\/\/ideiagraficaebrindes.com.br\/wp-content\/uploads\/2021\/08\/panfleto-15x21-colorido.png","datePublished":"2021-08-13T14:15:36+00:00","breadcrumb":{"@id":"https:\/\/ideiagraficaebrindes.com.br\/produto\/panfleto-couche-80g-sem-verniz-150x200mm-4x4-1000unid\/#breadcrumb"},"inLanguage":"en-US","potentialAction":[{"@type":"ReadAction","target":["https:\/\/ideiagraficaebrindes.com.br\/produto\/panfleto-couche-80g-sem-verniz-150x200mm-4x4-1000unid\/"]}]},{"@type":"ImageObject","inLanguage":"en-US","@id":"https:\/\/ideiagraficaebrindes.com.br\/produto\/panfleto-couche-80g-sem-verniz-150x200mm-4x4-1000unid\/#primaryimage","url":"https:\/\/ideiagraficaebrindes.com.br\/wp-content\/uploads\/2021\/08\/panfleto-15x21-colorido.png","contentUrl":"https:\/\/ideiagraficaebrindes.com.br\/wp-content\/uploads\/2021\/08\/panfleto-15x21-colorido.png","width":600,"height":600},{"@type":"BreadcrumbList","@id":"https:\/\/ideiagraficaebrindes.com.br\/produto\/panfleto-couche-80g-sem-verniz-150x200mm-4x4-1000unid\/#breadcrumb","itemListElement":[{"@type":"ListItem","position":1,"name":"In\u00edcio","item":"https:\/\/ideiagraficaebrindes.com.br\/"},{"@type":"ListItem","position":2,"name":"Loja","item":"https:\/\/ideiagraficaebrindes.com.br\/loja\/"},{"@type":"ListItem","position":3,"name":"PANFLETO COUCHE 80G SEM VERNIZ 150X200MM &#8211; 4X4 &#8211; 1000unid"}]},{"@type":"WebSite","@id":"https:\/\/ideiagraficaebrindes.com.br\/#website","url":"https:\/\/ideiagraficaebrindes.com.br\/","name":"Ideia Gr\u00e1fica e Brindes","description":"Brindes Personalizados e Impress\u00e3o em geral","potentialAction":[{"@type":"SearchAction","target":{"@type":"EntryPoint","urlTemplate":"https:\/\/ideiagraficaebrindes.com.br\/?s={search_term_string}"},"query-input":{"@type":"PropertyValueSpecification","valueRequired":true,"valueName":"search_term_string"}}],"inLanguage":"en-US"}]}},"_links":{"self":[{"href":"https:\/\/ideiagraficaebrindes.com.br\/en\/wp-json\/wp\/v2\/product\/7560","targetHints":{"allow":["GET"]}}],"collection":[{"href":"https:\/\/ideiagraficaebrindes.com.br\/en\/wp-json\/wp\/v2\/product"}],"about":[{"href":"https:\/\/ideiagraficaebrindes.com.br\/en\/wp-json\/wp\/v2\/types\/product"}],"replies":[{"embeddable":true,"href":"https:\/\/ideiagraficaebrindes.com.br\/en\/wp-json\/wp\/v2\/comments?post=7560"}],"wp:featuredmedia":[{"embeddable":true,"href":"https:\/\/ideiagraficaebrindes.com.br\/en\/wp-json\/wp\/v2\/media\/7561"}],"wp:attachment":[{"href":"https:\/\/ideiagraficaebrindes.com.br\/en\/wp-json\/wp\/v2\/media?parent=7560"}],"wp:term":[{"taxonomy":"product_brand","embeddable":true,"href":"https:\/\/ideiagraficaebrindes.com.br\/en\/wp-json\/wp\/v2\/product_brand?post=7560"},{"taxonomy":"product_cat","embeddable":true,"href":"https:\/\/ideiagraficaebrindes.com.br\/en\/wp-json\/wp\/v2\/product_cat?post=7560"},{"taxonomy":"product_tag","embeddable":true,"href":"https:\/\/ideiagraficaebrindes.com.br\/en\/wp-json\/wp\/v2\/product_tag?post=7560"}],"curies":[{"name":"wp","href":"https:\/\/api.w.org\/{rel}","templated":true}]}}