{"id":7506,"date":"2021-08-06T21:36:03","date_gmt":"2021-08-07T00:36:03","guid":{"rendered":"https:\/\/ideiagraficaebrindes.com.br\/?post_type=product&#038;p=7506"},"modified":"2021-08-06T21:36:38","modified_gmt":"2021-08-07T00:36:38","slug":"caneca-de-aluminio-850ml","status":"publish","type":"product","link":"https:\/\/ideiagraficaebrindes.com.br\/en\/product\/caneca-de-aluminio-850ml\/","title":{"rendered":"Caneca de Alum\u00ednio 850ML N\u00c3O ENCHE MEU SACO, ENCHE MEU COPO!"},"content":{"rendered":"<div class=\"woocommerce-product-details__short-description\">\n<p>Nossas canecas s\u00e3o fabricados\u00a0com liga de espessura de 9mm, o que permite uma alta resist\u00eancia a impacto por parte de nossas canecas. Al\u00e9m disso, sua composi\u00e7\u00e3o de alum\u00ednio oferece baixa troca de calor com o meio, o que mant\u00e9m sua bebida gelada por muito mais tempo.<\/p>\n<p>A pintura do alum\u00ednio, por sua vez, \u00e9 feita\u00a0atrav\u00e9s da t\u00e9cnica denominada \u201cPintura Eletrost\u00e1tica\u201d, um m\u00e9todo moderno de pintura que garante cobertura de 100% de tinta no alum\u00ednio da caneca. Al\u00e9m do mais, utilizamos tintas que seguem a norma \u201cROHS\u201d que, portanto, s\u00e3o isentas dos metais pesados e nocivos \u00e0 sa\u00fade.<\/p>\n<p>Altura: 14,5cm x10,5cm<br \/>\nCapacidade: 850ML<\/p>\n<p><strong>ARTE DA FRENTE:\u00a0 N\u00e3o Encha meu Saco, Encha meu Copo<\/strong><br \/>\n<strong>ARTE DO VERSO:\u00a0<\/strong>SEU NOME (GR\u00c1TIS)<br \/>\n<strong>MATERIAL:\u00a0<\/strong>ALUM\u00cdNIO<br \/>\n<strong>DESCONTO PARA MAIORES QUANTIDADES. CONSULTE<\/strong><\/p>\n<\/div>\n<p>&nbsp;<\/p>","protected":false},"excerpt":{"rendered":"<div class=\"woocommerce-product-details__short-description\">\n<p>Nossas canecas s\u00e3o fabricados\u00a0com liga de espessura de 9mm, o que permite uma alta resist\u00eancia a impacto por parte de nossas canecas. Al\u00e9m disso, sua composi\u00e7\u00e3o de alum\u00ednio oferece baixa troca de calor com o meio, o que mant\u00e9m sua bebida gelada por muito mais tempo.<\/p>\n<p>A pintura do alum\u00ednio, por sua vez, \u00e9 feita\u00a0atrav\u00e9s da t\u00e9cnica denominada \u201cPintura Eletrost\u00e1tica\u201d, um m\u00e9todo moderno de pintura que garante cobertura de 100% de tinta no alum\u00ednio da caneca. Al\u00e9m do mais, utilizamos tintas que seguem a norma \u201cROHS\u201d que, portanto, s\u00e3o isentas dos metais pesados e nocivos \u00e0 sa\u00fade.<\/p>\n<p>Altura: 14,5cm x10,5cm<br \/>\nCapacidade: 850ML<\/p>\n<p><strong>ARTE DA FRENTE:\u00a0 N\u00e3o Encha meu Saco, Encha meu Copo<\/strong><br \/>\n<strong>ARTE DO VERSO:\u00a0<\/strong>SEU NOME (GR\u00c1TIS)<br \/>\n<strong>MATERIAL:\u00a0<\/strong>ALUM\u00cdNIO<br \/>\n<strong>DESCONTO PARA MAIORES QUANTIDADES. CONSULTE<\/strong><\/p>\n<\/div>\n<p>&nbsp;<\/p>","protected":false},"featured_media":7509,"comment_status":"open","ping_status":"closed","template":"","meta":{"_monsterinsights_skip_tracking":false,"_monsterinsights_sitenote_active":false,"_monsterinsights_sitenote_note":"","_monsterinsights_sitenote_category":0},"product_brand":[],"product_cat":[217],"product_tag":[157,180],"class_list":{"0":"post-7506","1":"product","2":"type-product","3":"status-publish","4":"has-post-thumbnail","6":"product_cat-lojinha","7":"product_tag-caneca","8":"product_tag-caneca-aluminio","9":"product_shipping_class-nacional","11":"first","12":"instock","13":"shipping-taxable","14":"purchasable","15":"product-type-simple"},"yoast_head":"<!-- This site is optimized with the Yoast SEO plugin v27.4 - https:\/\/yoast.com\/product\/yoast-seo-wordpress\/ -->\n<title>Caneca de Alum\u00ednio 850ML N\u00c3O ENCHE MEU SACO, ENCHE MEU COPO! - Ideia Gr\u00e1fica e Brindes<\/title>\n<meta name=\"robots\" content=\"index, follow, max-snippet:-1, max-image-preview:large, max-video-preview:-1\" \/>\n<link rel=\"canonical\" href=\"https:\/\/ideiagraficaebrindes.com.br\/en\/product\/caneca-de-aluminio-850ml\/\" \/>\n<meta property=\"og:locale\" content=\"en_US\" \/>\n<meta property=\"og:type\" content=\"article\" \/>\n<meta property=\"og:title\" content=\"Caneca de Alum\u00ednio 850ML N\u00c3O ENCHE MEU SACO, ENCHE MEU COPO! - Ideia Gr\u00e1fica e Brindes\" \/>\n<meta property=\"og:description\" content=\"Nossas canecas s\u00e3o fabricados\u00a0com liga de espessura de 9mm, o que permite uma alta resist\u00eancia a impacto por parte de nossas canecas. Al\u00e9m disso, sua composi\u00e7\u00e3o de alum\u00ednio oferece baixa troca de calor com o meio, o que mant\u00e9m sua bebida gelada por muito mais tempo.  A pintura do alum\u00ednio, por sua vez, \u00e9 feita\u00a0atrav\u00e9s da t\u00e9cnica denominada \u201cPintura Eletrost\u00e1tica\u201d, um m\u00e9todo moderno de pintura que garante cobertura de 100% de tinta no alum\u00ednio da caneca. Al\u00e9m do mais, utilizamos tintas que seguem a norma \u201cROHS\u201d que, portanto, s\u00e3o isentas dos metais pesados e nocivos \u00e0 sa\u00fade.  Altura: 14,5cm x10,5cm Capacidade: 850ML  ARTE DA FRENTE:\u00a0 N\u00e3o Encha meu Saco, Encha meu Copo ARTE DO VERSO:\u00a0SEU NOME (GR\u00c1TIS) MATERIAL:\u00a0ALUM\u00cdNIO DESCONTO PARA MAIORES QUANTIDADES. CONSULTE   &nbsp;\" \/>\n<meta property=\"og:url\" content=\"https:\/\/ideiagraficaebrindes.com.br\/en\/product\/caneca-de-aluminio-850ml\/\" \/>\n<meta property=\"og:site_name\" content=\"Ideia Gr\u00e1fica e Brindes\" \/>\n<meta property=\"article:modified_time\" content=\"2021-08-07T00:36:38+00:00\" \/>\n<meta property=\"og:image\" content=\"https:\/\/ideiagraficaebrindes.com.br\/wp-content\/uploads\/2021\/08\/caneca-aluminio.jpg\" \/>\n\t<meta property=\"og:image:width\" content=\"1084\" \/>\n\t<meta property=\"og:image:height\" content=\"1084\" \/>\n\t<meta property=\"og:image:type\" content=\"image\/jpeg\" \/>\n<meta name=\"twitter:card\" content=\"summary_large_image\" \/>\n<meta name=\"twitter:label1\" content=\"Est. reading time\" \/>\n\t<meta name=\"twitter:data1\" content=\"1 minute\" \/>\n<script type=\"application\/ld+json\" class=\"yoast-schema-graph\">{\"@context\":\"https:\\\/\\\/schema.org\",\"@graph\":[{\"@type\":\"WebPage\",\"@id\":\"https:\\\/\\\/ideiagraficaebrindes.com.br\\\/en\\\/product\\\/caneca-de-aluminio-850ml\\\/\",\"url\":\"https:\\\/\\\/ideiagraficaebrindes.com.br\\\/en\\\/product\\\/caneca-de-aluminio-850ml\\\/\",\"name\":\"Caneca de Alum\u00ednio 850ML N\u00c3O ENCHE MEU SACO, ENCHE MEU COPO! - Ideia Gr\u00e1fica e Brindes\",\"isPartOf\":{\"@id\":\"https:\\\/\\\/ideiagraficaebrindes.com.br\\\/#website\"},\"primaryImageOfPage\":{\"@id\":\"https:\\\/\\\/ideiagraficaebrindes.com.br\\\/en\\\/product\\\/caneca-de-aluminio-850ml\\\/#primaryimage\"},\"image\":{\"@id\":\"https:\\\/\\\/ideiagraficaebrindes.com.br\\\/en\\\/product\\\/caneca-de-aluminio-850ml\\\/#primaryimage\"},\"thumbnailUrl\":\"https:\\\/\\\/ideiagraficaebrindes.com.br\\\/wp-content\\\/uploads\\\/2021\\\/08\\\/caneca-aluminio.jpg\",\"datePublished\":\"2021-08-07T00:36:03+00:00\",\"dateModified\":\"2021-08-07T00:36:38+00:00\",\"breadcrumb\":{\"@id\":\"https:\\\/\\\/ideiagraficaebrindes.com.br\\\/en\\\/product\\\/caneca-de-aluminio-850ml\\\/#breadcrumb\"},\"inLanguage\":\"en-US\",\"potentialAction\":[{\"@type\":\"ReadAction\",\"target\":[\"https:\\\/\\\/ideiagraficaebrindes.com.br\\\/en\\\/product\\\/caneca-de-aluminio-850ml\\\/\"]}]},{\"@type\":\"ImageObject\",\"inLanguage\":\"en-US\",\"@id\":\"https:\\\/\\\/ideiagraficaebrindes.com.br\\\/en\\\/product\\\/caneca-de-aluminio-850ml\\\/#primaryimage\",\"url\":\"https:\\\/\\\/ideiagraficaebrindes.com.br\\\/wp-content\\\/uploads\\\/2021\\\/08\\\/caneca-aluminio.jpg\",\"contentUrl\":\"https:\\\/\\\/ideiagraficaebrindes.com.br\\\/wp-content\\\/uploads\\\/2021\\\/08\\\/caneca-aluminio.jpg\",\"width\":1084,\"height\":1084},{\"@type\":\"BreadcrumbList\",\"@id\":\"https:\\\/\\\/ideiagraficaebrindes.com.br\\\/en\\\/product\\\/caneca-de-aluminio-850ml\\\/#breadcrumb\",\"itemListElement\":[{\"@type\":\"ListItem\",\"position\":1,\"name\":\"In\u00edcio\",\"item\":\"https:\\\/\\\/ideiagraficaebrindes.com.br\\\/\"},{\"@type\":\"ListItem\",\"position\":2,\"name\":\"Loja\",\"item\":\"https:\\\/\\\/ideiagraficaebrindes.com.br\\\/loja\\\/\"},{\"@type\":\"ListItem\",\"position\":3,\"name\":\"Caneca de Alum\u00ednio 850ML N\u00c3O ENCHE MEU SACO, ENCHE MEU COPO!\"}]},{\"@type\":\"WebSite\",\"@id\":\"https:\\\/\\\/ideiagraficaebrindes.com.br\\\/#website\",\"url\":\"https:\\\/\\\/ideiagraficaebrindes.com.br\\\/\",\"name\":\"Ideia Gr\u00e1fica e Brindes\",\"description\":\"Brindes Personalizados e Impress\u00e3o em geral\",\"potentialAction\":[{\"@type\":\"SearchAction\",\"target\":{\"@type\":\"EntryPoint\",\"urlTemplate\":\"https:\\\/\\\/ideiagraficaebrindes.com.br\\\/?s={search_term_string}\"},\"query-input\":{\"@type\":\"PropertyValueSpecification\",\"valueRequired\":true,\"valueName\":\"search_term_string\"}}],\"inLanguage\":\"en-US\"}]}<\/script>\n<!-- \/ Yoast SEO plugin. -->","yoast_head_json":{"title":"Caneca de Alum\u00ednio 850ML N\u00c3O ENCHE MEU SACO, ENCHE MEU COPO! - Ideia Gr\u00e1fica e Brindes","robots":{"index":"index","follow":"follow","max-snippet":"max-snippet:-1","max-image-preview":"max-image-preview:large","max-video-preview":"max-video-preview:-1"},"canonical":"https:\/\/ideiagraficaebrindes.com.br\/en\/product\/caneca-de-aluminio-850ml\/","og_locale":"en_US","og_type":"article","og_title":"Caneca de Alum\u00ednio 850ML N\u00c3O ENCHE MEU SACO, ENCHE MEU COPO! - Ideia Gr\u00e1fica e Brindes","og_description":"Nossas canecas s\u00e3o fabricados\u00a0com liga de espessura de 9mm, o que permite uma alta resist\u00eancia a impacto por parte de nossas canecas. Al\u00e9m disso, sua composi\u00e7\u00e3o de alum\u00ednio oferece baixa troca de calor com o meio, o que mant\u00e9m sua bebida gelada por muito mais tempo.  A pintura do alum\u00ednio, por sua vez, \u00e9 feita\u00a0atrav\u00e9s da t\u00e9cnica denominada \u201cPintura Eletrost\u00e1tica\u201d, um m\u00e9todo moderno de pintura que garante cobertura de 100% de tinta no alum\u00ednio da caneca. Al\u00e9m do mais, utilizamos tintas que seguem a norma \u201cROHS\u201d que, portanto, s\u00e3o isentas dos metais pesados e nocivos \u00e0 sa\u00fade.  Altura: 14,5cm x10,5cm Capacidade: 850ML  ARTE DA FRENTE:\u00a0 N\u00e3o Encha meu Saco, Encha meu Copo ARTE DO VERSO:\u00a0SEU NOME (GR\u00c1TIS) MATERIAL:\u00a0ALUM\u00cdNIO DESCONTO PARA MAIORES QUANTIDADES. CONSULTE   &nbsp;","og_url":"https:\/\/ideiagraficaebrindes.com.br\/en\/product\/caneca-de-aluminio-850ml\/","og_site_name":"Ideia Gr\u00e1fica e Brindes","article_modified_time":"2021-08-07T00:36:38+00:00","og_image":[{"width":1084,"height":1084,"url":"https:\/\/ideiagraficaebrindes.com.br\/wp-content\/uploads\/2021\/08\/caneca-aluminio.jpg","type":"image\/jpeg"}],"twitter_card":"summary_large_image","twitter_misc":{"Est. reading time":"1 minute"},"schema":{"@context":"https:\/\/schema.org","@graph":[{"@type":"WebPage","@id":"https:\/\/ideiagraficaebrindes.com.br\/en\/product\/caneca-de-aluminio-850ml\/","url":"https:\/\/ideiagraficaebrindes.com.br\/en\/product\/caneca-de-aluminio-850ml\/","name":"Caneca de Alum\u00ednio 850ML N\u00c3O ENCHE MEU SACO, ENCHE MEU COPO! - Ideia Gr\u00e1fica e Brindes","isPartOf":{"@id":"https:\/\/ideiagraficaebrindes.com.br\/#website"},"primaryImageOfPage":{"@id":"https:\/\/ideiagraficaebrindes.com.br\/en\/product\/caneca-de-aluminio-850ml\/#primaryimage"},"image":{"@id":"https:\/\/ideiagraficaebrindes.com.br\/en\/product\/caneca-de-aluminio-850ml\/#primaryimage"},"thumbnailUrl":"https:\/\/ideiagraficaebrindes.com.br\/wp-content\/uploads\/2021\/08\/caneca-aluminio.jpg","datePublished":"2021-08-07T00:36:03+00:00","dateModified":"2021-08-07T00:36:38+00:00","breadcrumb":{"@id":"https:\/\/ideiagraficaebrindes.com.br\/en\/product\/caneca-de-aluminio-850ml\/#breadcrumb"},"inLanguage":"en-US","potentialAction":[{"@type":"ReadAction","target":["https:\/\/ideiagraficaebrindes.com.br\/en\/product\/caneca-de-aluminio-850ml\/"]}]},{"@type":"ImageObject","inLanguage":"en-US","@id":"https:\/\/ideiagraficaebrindes.com.br\/en\/product\/caneca-de-aluminio-850ml\/#primaryimage","url":"https:\/\/ideiagraficaebrindes.com.br\/wp-content\/uploads\/2021\/08\/caneca-aluminio.jpg","contentUrl":"https:\/\/ideiagraficaebrindes.com.br\/wp-content\/uploads\/2021\/08\/caneca-aluminio.jpg","width":1084,"height":1084},{"@type":"BreadcrumbList","@id":"https:\/\/ideiagraficaebrindes.com.br\/en\/product\/caneca-de-aluminio-850ml\/#breadcrumb","itemListElement":[{"@type":"ListItem","position":1,"name":"In\u00edcio","item":"https:\/\/ideiagraficaebrindes.com.br\/"},{"@type":"ListItem","position":2,"name":"Loja","item":"https:\/\/ideiagraficaebrindes.com.br\/loja\/"},{"@type":"ListItem","position":3,"name":"Caneca de Alum\u00ednio 850ML N\u00c3O ENCHE MEU SACO, ENCHE MEU COPO!"}]},{"@type":"WebSite","@id":"https:\/\/ideiagraficaebrindes.com.br\/#website","url":"https:\/\/ideiagraficaebrindes.com.br\/","name":"Ideia Gr\u00e1fica e Brindes","description":"Brindes Personalizados e Impress\u00e3o em geral","potentialAction":[{"@type":"SearchAction","target":{"@type":"EntryPoint","urlTemplate":"https:\/\/ideiagraficaebrindes.com.br\/?s={search_term_string}"},"query-input":{"@type":"PropertyValueSpecification","valueRequired":true,"valueName":"search_term_string"}}],"inLanguage":"en-US"}]}},"_links":{"self":[{"href":"https:\/\/ideiagraficaebrindes.com.br\/en\/wp-json\/wp\/v2\/product\/7506","targetHints":{"allow":["GET"]}}],"collection":[{"href":"https:\/\/ideiagraficaebrindes.com.br\/en\/wp-json\/wp\/v2\/product"}],"about":[{"href":"https:\/\/ideiagraficaebrindes.com.br\/en\/wp-json\/wp\/v2\/types\/product"}],"replies":[{"embeddable":true,"href":"https:\/\/ideiagraficaebrindes.com.br\/en\/wp-json\/wp\/v2\/comments?post=7506"}],"wp:featuredmedia":[{"embeddable":true,"href":"https:\/\/ideiagraficaebrindes.com.br\/en\/wp-json\/wp\/v2\/media\/7509"}],"wp:attachment":[{"href":"https:\/\/ideiagraficaebrindes.com.br\/en\/wp-json\/wp\/v2\/media?parent=7506"}],"wp:term":[{"taxonomy":"product_brand","embeddable":true,"href":"https:\/\/ideiagraficaebrindes.com.br\/en\/wp-json\/wp\/v2\/product_brand?post=7506"},{"taxonomy":"product_cat","embeddable":true,"href":"https:\/\/ideiagraficaebrindes.com.br\/en\/wp-json\/wp\/v2\/product_cat?post=7506"},{"taxonomy":"product_tag","embeddable":true,"href":"https:\/\/ideiagraficaebrindes.com.br\/en\/wp-json\/wp\/v2\/product_tag?post=7506"}],"curies":[{"name":"wp","href":"https:\/\/api.w.org\/{rel}","templated":true}]}}