{"id":7376,"date":"2021-07-26T17:00:04","date_gmt":"2021-07-26T20:00:04","guid":{"rendered":"https:\/\/ideiagraficaebrindes.com.br\/?post_type=product&#038;p=7376"},"modified":"2024-09-03T12:31:50","modified_gmt":"2024-09-03T15:31:50","slug":"cartoes-de-visita-couche-300g","status":"publish","type":"product","link":"https:\/\/ideiagraficaebrindes.com.br\/en\/product\/cartoes-de-visita-couche-300g\/","title":{"rendered":"CART\u00d5ES DE VISITA COUCHE 300G VERNIZ UV TOTAL F &#8211; 4X4 &#8211; 1000unid"},"content":{"rendered":"<p>Cart\u00e3o de visita couch\u00ea 300g da Ideia Gr\u00e1fica \u00e9 produzido com a mais alta qualidade na impress\u00e3o e visa atender um mercado muito exigente.<\/p>\n<p>O Cart\u00e3o de Visita Couch\u00ea 300g com aplica\u00e7\u00e3o de verniz UV total frente \u00e9 excelente para quem procura qualidade e menor pre\u00e7o no mesmo material.<\/p>\n<p>Entregamos em todo Brasil.<\/p>\n<p class=\"row\"><strong class=\"col-md-6 col-xs-6\">Papel\/Material:<\/strong><span class=\"col-md-6 col-xs-6\">Couche brilho<\/span><\/p>\n<p class=\"row\"><strong class=\"col-md-6 col-xs-6\">Cores:<\/strong><span class=\"col-md-6 col-xs-6\">4&#215;4<\/span><\/p>\n<p class=\"row\"><strong class=\"col-md-6 col-xs-6\">Gramatura:<\/strong>300<span class=\"col-md-6 col-xs-6\">g<\/span><\/p>\n<p class=\"row\"><strong class=\"col-md-6 col-xs-6\">Tam. da arte c\/ sangria:<\/strong><span class=\"col-md-6 col-xs-6\">91x51mm<\/span><\/p>\n<p class=\"row\"><strong class=\"col-md-6 col-xs-6\">Tam. final:<\/strong><span class=\"col-md-6 col-xs-6\">87x47mm<\/span><\/p>\n<p class=\"row\"><strong class=\"col-md-6 col-xs-6\">Peso:<\/strong><span class=\"col-md-6 col-xs-6\">1500g<\/span><\/p>\n<p><b>Prazo de Produ\u00e7\u00e3o: 5 Dias uteis <\/b>(ap\u00f3s aprova\u00e7\u00e3o da arte)<\/p>","protected":false},"excerpt":{"rendered":"<p>Cart\u00e3o de visita couch\u00ea 300g da Ideia Gr\u00e1fica \u00e9 produzido com a mais alta qualidade na impress\u00e3o e visa atender um mercado muito exigente.<\/p>\n<p>O Cart\u00e3o de Visita Couch\u00ea 300g com aplica\u00e7\u00e3o de verniz UV total frente \u00e9 excelente para quem procura qualidade e menor pre\u00e7o no mesmo material.<\/p>\n<p>Entregamos em todo Brasil.<\/p>\n<p class=\"row\"><strong class=\"col-md-6 col-xs-6\">Papel\/Material:<\/strong><span class=\"col-md-6 col-xs-6\">Couche brilho<\/span><\/p>\n<p class=\"row\"><strong class=\"col-md-6 col-xs-6\">Cores:<\/strong><span class=\"col-md-6 col-xs-6\">4&#215;4<\/span><\/p>\n<p class=\"row\"><strong class=\"col-md-6 col-xs-6\">Gramatura:<\/strong>300<span class=\"col-md-6 col-xs-6\">g<\/span><\/p>\n<p class=\"row\"><strong class=\"col-md-6 col-xs-6\">Tam. da arte c\/ sangria:<\/strong><span class=\"col-md-6 col-xs-6\">91x51mm<\/span><\/p>\n<p class=\"row\"><strong class=\"col-md-6 col-xs-6\">Tam. final:<\/strong><span class=\"col-md-6 col-xs-6\">87x47mm<\/span><\/p>\n<p class=\"row\"><strong class=\"col-md-6 col-xs-6\">Peso:<\/strong><span class=\"col-md-6 col-xs-6\">1500g<\/span><\/p>\n<p><b>Prazo de Produ\u00e7\u00e3o: 5 Dias uteis <\/b>(ap\u00f3s aprova\u00e7\u00e3o da arte)<\/p>","protected":false},"featured_media":7378,"comment_status":"open","ping_status":"closed","template":"","meta":{"_monsterinsights_skip_tracking":false,"_monsterinsights_sitenote_active":false,"_monsterinsights_sitenote_note":"","_monsterinsights_sitenote_category":0},"product_brand":[],"product_cat":[15],"product_tag":[343,248],"class_list":{"0":"post-7376","1":"product","2":"type-product","3":"status-publish","4":"has-post-thumbnail","6":"product_cat-impressos-graficos","7":"product_tag-cartao-de-visita","8":"product_tag-grafica","9":"product_shipping_class-nacional","11":"first","12":"instock","13":"shipping-taxable","14":"purchasable","15":"product-type-simple"},"yoast_head":"<!-- This site is optimized with the Yoast SEO plugin v27.4 - https:\/\/yoast.com\/product\/yoast-seo-wordpress\/ -->\n<title>CART\u00d5ES DE VISITA COUCHE 300G VERNIZ UV TOTAL F - 4X4 - 1000unid - Ideia Gr\u00e1fica e Brindes<\/title>\n<meta name=\"description\" content=\"Cart\u00e3o de visita couch\u00ea 300g da Ideia Gr\u00e1fica \u00e9 produzido com a mais alta qualidade na impress\u00e3o e visa atender um mercado muito exigente.\" \/>\n<meta name=\"robots\" content=\"index, follow, max-snippet:-1, max-image-preview:large, max-video-preview:-1\" \/>\n<link rel=\"canonical\" href=\"https:\/\/ideiagraficaebrindes.com.br\/en\/product\/cartoes-de-visita-couche-300g\/\" \/>\n<meta property=\"og:locale\" content=\"en_US\" \/>\n<meta property=\"og:type\" content=\"article\" \/>\n<meta property=\"og:title\" content=\"CART\u00d5ES DE VISITA COUCHE 300G VERNIZ UV TOTAL F - 4X4 - 1000unid - Ideia Gr\u00e1fica e Brindes\" \/>\n<meta property=\"og:description\" content=\"Cart\u00e3o de visita couch\u00ea 300g da Ideia Gr\u00e1fica \u00e9 produzido com a mais alta qualidade na impress\u00e3o e visa atender um mercado muito exigente.\" \/>\n<meta property=\"og:url\" content=\"https:\/\/ideiagraficaebrindes.com.br\/en\/product\/cartoes-de-visita-couche-300g\/\" \/>\n<meta property=\"og:site_name\" content=\"Ideia Gr\u00e1fica e Brindes\" \/>\n<meta property=\"article:modified_time\" content=\"2024-09-03T15:31:50+00:00\" \/>\n<meta property=\"og:image\" content=\"https:\/\/ideiagraficaebrindes.com.br\/wp-content\/uploads\/2021\/07\/Cartoes-de-Visita.png\" \/>\n\t<meta property=\"og:image:width\" content=\"2680\" \/>\n\t<meta property=\"og:image:height\" content=\"2280\" \/>\n\t<meta property=\"og:image:type\" content=\"image\/png\" \/>\n<meta name=\"twitter:card\" content=\"summary_large_image\" \/>\n<meta name=\"twitter:label1\" content=\"Est. reading time\" \/>\n\t<meta name=\"twitter:data1\" content=\"1 minute\" \/>\n<script type=\"application\/ld+json\" class=\"yoast-schema-graph\">{\"@context\":\"https:\\\/\\\/schema.org\",\"@graph\":[{\"@type\":\"WebPage\",\"@id\":\"https:\\\/\\\/ideiagraficaebrindes.com.br\\\/en\\\/product\\\/cartoes-de-visita-couche-300g\\\/\",\"url\":\"https:\\\/\\\/ideiagraficaebrindes.com.br\\\/en\\\/product\\\/cartoes-de-visita-couche-300g\\\/\",\"name\":\"CART\u00d5ES DE VISITA COUCHE 300G VERNIZ UV TOTAL F - 4X4 - 1000unid - Ideia Gr\u00e1fica e Brindes\",\"isPartOf\":{\"@id\":\"https:\\\/\\\/ideiagraficaebrindes.com.br\\\/#website\"},\"primaryImageOfPage\":{\"@id\":\"https:\\\/\\\/ideiagraficaebrindes.com.br\\\/en\\\/product\\\/cartoes-de-visita-couche-300g\\\/#primaryimage\"},\"image\":{\"@id\":\"https:\\\/\\\/ideiagraficaebrindes.com.br\\\/en\\\/product\\\/cartoes-de-visita-couche-300g\\\/#primaryimage\"},\"thumbnailUrl\":\"https:\\\/\\\/ideiagraficaebrindes.com.br\\\/wp-content\\\/uploads\\\/2021\\\/07\\\/Cartoes-de-Visita.png\",\"datePublished\":\"2021-07-26T20:00:04+00:00\",\"dateModified\":\"2024-09-03T15:31:50+00:00\",\"description\":\"Cart\u00e3o de visita couch\u00ea 300g da Ideia Gr\u00e1fica \u00e9 produzido com a mais alta qualidade na impress\u00e3o e visa atender um mercado muito exigente.\",\"breadcrumb\":{\"@id\":\"https:\\\/\\\/ideiagraficaebrindes.com.br\\\/en\\\/product\\\/cartoes-de-visita-couche-300g\\\/#breadcrumb\"},\"inLanguage\":\"en-US\",\"potentialAction\":[{\"@type\":\"ReadAction\",\"target\":[\"https:\\\/\\\/ideiagraficaebrindes.com.br\\\/en\\\/product\\\/cartoes-de-visita-couche-300g\\\/\"]}]},{\"@type\":\"ImageObject\",\"inLanguage\":\"en-US\",\"@id\":\"https:\\\/\\\/ideiagraficaebrindes.com.br\\\/en\\\/product\\\/cartoes-de-visita-couche-300g\\\/#primaryimage\",\"url\":\"https:\\\/\\\/ideiagraficaebrindes.com.br\\\/wp-content\\\/uploads\\\/2021\\\/07\\\/Cartoes-de-Visita.png\",\"contentUrl\":\"https:\\\/\\\/ideiagraficaebrindes.com.br\\\/wp-content\\\/uploads\\\/2021\\\/07\\\/Cartoes-de-Visita.png\",\"width\":2680,\"height\":2280},{\"@type\":\"BreadcrumbList\",\"@id\":\"https:\\\/\\\/ideiagraficaebrindes.com.br\\\/en\\\/product\\\/cartoes-de-visita-couche-300g\\\/#breadcrumb\",\"itemListElement\":[{\"@type\":\"ListItem\",\"position\":1,\"name\":\"In\u00edcio\",\"item\":\"https:\\\/\\\/ideiagraficaebrindes.com.br\\\/\"},{\"@type\":\"ListItem\",\"position\":2,\"name\":\"Loja\",\"item\":\"https:\\\/\\\/ideiagraficaebrindes.com.br\\\/loja\\\/\"},{\"@type\":\"ListItem\",\"position\":3,\"name\":\"CART\u00d5ES DE VISITA COUCHE 300G VERNIZ UV TOTAL F &#8211; 4X4 &#8211; 1000unid\"}]},{\"@type\":\"WebSite\",\"@id\":\"https:\\\/\\\/ideiagraficaebrindes.com.br\\\/#website\",\"url\":\"https:\\\/\\\/ideiagraficaebrindes.com.br\\\/\",\"name\":\"Ideia Gr\u00e1fica e Brindes\",\"description\":\"Brindes Personalizados e Impress\u00e3o em geral\",\"potentialAction\":[{\"@type\":\"SearchAction\",\"target\":{\"@type\":\"EntryPoint\",\"urlTemplate\":\"https:\\\/\\\/ideiagraficaebrindes.com.br\\\/?s={search_term_string}\"},\"query-input\":{\"@type\":\"PropertyValueSpecification\",\"valueRequired\":true,\"valueName\":\"search_term_string\"}}],\"inLanguage\":\"en-US\"}]}<\/script>\n<!-- \/ Yoast SEO plugin. -->","yoast_head_json":{"title":"CART\u00d5ES DE VISITA COUCHE 300G VERNIZ UV TOTAL F - 4X4 - 1000unid - Ideia Gr\u00e1fica e Brindes","description":"Cart\u00e3o de visita couch\u00ea 300g da Ideia Gr\u00e1fica \u00e9 produzido com a mais alta qualidade na impress\u00e3o e visa atender um mercado muito exigente.","robots":{"index":"index","follow":"follow","max-snippet":"max-snippet:-1","max-image-preview":"max-image-preview:large","max-video-preview":"max-video-preview:-1"},"canonical":"https:\/\/ideiagraficaebrindes.com.br\/en\/product\/cartoes-de-visita-couche-300g\/","og_locale":"en_US","og_type":"article","og_title":"CART\u00d5ES DE VISITA COUCHE 300G VERNIZ UV TOTAL F - 4X4 - 1000unid - Ideia Gr\u00e1fica e Brindes","og_description":"Cart\u00e3o de visita couch\u00ea 300g da Ideia Gr\u00e1fica \u00e9 produzido com a mais alta qualidade na impress\u00e3o e visa atender um mercado muito exigente.","og_url":"https:\/\/ideiagraficaebrindes.com.br\/en\/product\/cartoes-de-visita-couche-300g\/","og_site_name":"Ideia Gr\u00e1fica e Brindes","article_modified_time":"2024-09-03T15:31:50+00:00","og_image":[{"width":2680,"height":2280,"url":"https:\/\/ideiagraficaebrindes.com.br\/wp-content\/uploads\/2021\/07\/Cartoes-de-Visita.png","type":"image\/png"}],"twitter_card":"summary_large_image","twitter_misc":{"Est. reading time":"1 minute"},"schema":{"@context":"https:\/\/schema.org","@graph":[{"@type":"WebPage","@id":"https:\/\/ideiagraficaebrindes.com.br\/en\/product\/cartoes-de-visita-couche-300g\/","url":"https:\/\/ideiagraficaebrindes.com.br\/en\/product\/cartoes-de-visita-couche-300g\/","name":"CART\u00d5ES DE VISITA COUCHE 300G VERNIZ UV TOTAL F - 4X4 - 1000unid - Ideia Gr\u00e1fica e Brindes","isPartOf":{"@id":"https:\/\/ideiagraficaebrindes.com.br\/#website"},"primaryImageOfPage":{"@id":"https:\/\/ideiagraficaebrindes.com.br\/en\/product\/cartoes-de-visita-couche-300g\/#primaryimage"},"image":{"@id":"https:\/\/ideiagraficaebrindes.com.br\/en\/product\/cartoes-de-visita-couche-300g\/#primaryimage"},"thumbnailUrl":"https:\/\/ideiagraficaebrindes.com.br\/wp-content\/uploads\/2021\/07\/Cartoes-de-Visita.png","datePublished":"2021-07-26T20:00:04+00:00","dateModified":"2024-09-03T15:31:50+00:00","description":"Cart\u00e3o de visita couch\u00ea 300g da Ideia Gr\u00e1fica \u00e9 produzido com a mais alta qualidade na impress\u00e3o e visa atender um mercado muito exigente.","breadcrumb":{"@id":"https:\/\/ideiagraficaebrindes.com.br\/en\/product\/cartoes-de-visita-couche-300g\/#breadcrumb"},"inLanguage":"en-US","potentialAction":[{"@type":"ReadAction","target":["https:\/\/ideiagraficaebrindes.com.br\/en\/product\/cartoes-de-visita-couche-300g\/"]}]},{"@type":"ImageObject","inLanguage":"en-US","@id":"https:\/\/ideiagraficaebrindes.com.br\/en\/product\/cartoes-de-visita-couche-300g\/#primaryimage","url":"https:\/\/ideiagraficaebrindes.com.br\/wp-content\/uploads\/2021\/07\/Cartoes-de-Visita.png","contentUrl":"https:\/\/ideiagraficaebrindes.com.br\/wp-content\/uploads\/2021\/07\/Cartoes-de-Visita.png","width":2680,"height":2280},{"@type":"BreadcrumbList","@id":"https:\/\/ideiagraficaebrindes.com.br\/en\/product\/cartoes-de-visita-couche-300g\/#breadcrumb","itemListElement":[{"@type":"ListItem","position":1,"name":"In\u00edcio","item":"https:\/\/ideiagraficaebrindes.com.br\/"},{"@type":"ListItem","position":2,"name":"Loja","item":"https:\/\/ideiagraficaebrindes.com.br\/loja\/"},{"@type":"ListItem","position":3,"name":"CART\u00d5ES DE VISITA COUCHE 300G VERNIZ UV TOTAL F &#8211; 4X4 &#8211; 1000unid"}]},{"@type":"WebSite","@id":"https:\/\/ideiagraficaebrindes.com.br\/#website","url":"https:\/\/ideiagraficaebrindes.com.br\/","name":"Ideia Gr\u00e1fica e Brindes","description":"Brindes Personalizados e Impress\u00e3o em geral","potentialAction":[{"@type":"SearchAction","target":{"@type":"EntryPoint","urlTemplate":"https:\/\/ideiagraficaebrindes.com.br\/?s={search_term_string}"},"query-input":{"@type":"PropertyValueSpecification","valueRequired":true,"valueName":"search_term_string"}}],"inLanguage":"en-US"}]}},"_links":{"self":[{"href":"https:\/\/ideiagraficaebrindes.com.br\/en\/wp-json\/wp\/v2\/product\/7376","targetHints":{"allow":["GET"]}}],"collection":[{"href":"https:\/\/ideiagraficaebrindes.com.br\/en\/wp-json\/wp\/v2\/product"}],"about":[{"href":"https:\/\/ideiagraficaebrindes.com.br\/en\/wp-json\/wp\/v2\/types\/product"}],"replies":[{"embeddable":true,"href":"https:\/\/ideiagraficaebrindes.com.br\/en\/wp-json\/wp\/v2\/comments?post=7376"}],"wp:featuredmedia":[{"embeddable":true,"href":"https:\/\/ideiagraficaebrindes.com.br\/en\/wp-json\/wp\/v2\/media\/7378"}],"wp:attachment":[{"href":"https:\/\/ideiagraficaebrindes.com.br\/en\/wp-json\/wp\/v2\/media?parent=7376"}],"wp:term":[{"taxonomy":"product_brand","embeddable":true,"href":"https:\/\/ideiagraficaebrindes.com.br\/en\/wp-json\/wp\/v2\/product_brand?post=7376"},{"taxonomy":"product_cat","embeddable":true,"href":"https:\/\/ideiagraficaebrindes.com.br\/en\/wp-json\/wp\/v2\/product_cat?post=7376"},{"taxonomy":"product_tag","embeddable":true,"href":"https:\/\/ideiagraficaebrindes.com.br\/en\/wp-json\/wp\/v2\/product_tag?post=7376"}],"curies":[{"name":"wp","href":"https:\/\/api.w.org\/{rel}","templated":true}]}}