{"id":7372,"date":"2021-07-24T19:45:35","date_gmt":"2021-07-24T22:45:35","guid":{"rendered":"https:\/\/ideiagraficaebrindes.com.br\/?post_type=product&#038;p=7372"},"modified":"2021-07-24T19:45:36","modified_gmt":"2021-07-24T22:45:36","slug":"kit-churrasco-cerveja-e-baralho","status":"publish","type":"product","link":"https:\/\/ideiagraficaebrindes.com.br\/en\/product\/kit-churrasco-cerveja-e-baralho\/","title":{"rendered":"Kit Churrasco, Cerveja E Baralho"},"content":{"rendered":"<p><strong>DESCRI\u00c7\u00c3O<\/strong><\/p>\n<p>Kit para Churrasco \/ Cerveja \/ Truco. Acompanha t\u00e1bua com tr\u00eas furos em Bambu; faca 8&#8221; e garfo em Bambu\/Inox; quatro copos de cerveja em Vidro; bloco de anota\u00e7\u00e3o; caneta esferogr\u00e1fica; jogo de cartas. T\u00e1bua confeccionada com tripla camada invertida, para dar maior durabilidade e n\u00e3o deformar com o passar do tempo.<\/p>\n<p><strong>UTILIDADE<\/strong><\/p>\n<p>Um produto para quem gosta de se divertir e reunir os amigos.<\/p>\n<p>DIMENS\u00c3O DO PRODUTO<br \/>\nT\u00e1bua: 37&#215;22,5&#215;1,2cm<\/p>\n<p><strong>RECOMENDA\u00c7\u00c3O DE PERSONALIZA\u00c7\u00c3O<\/strong><br \/>\nUma grava\u00e7\u00e3o a Laser nos copos, na t\u00e1bua, na l\u00e2mina da faca e na tampa da caixa.<\/p>\n<p>EMBALAGEM<br \/>\nCaixa Preta &#8211; 460x410x130 mm (AxLxP)<\/p>","protected":false},"excerpt":{"rendered":"<p><strong>DESCRI\u00c7\u00c3O<\/strong><\/p>\n<p>Kit para Churrasco \/ Cerveja \/ Truco. Acompanha t\u00e1bua com tr\u00eas furos em Bambu; faca 8&#8221; e garfo em Bambu\/Inox; quatro copos de cerveja em Vidro; bloco de anota\u00e7\u00e3o; caneta esferogr\u00e1fica; jogo de cartas. T\u00e1bua confeccionada com tripla camada invertida, para dar maior durabilidade e n\u00e3o deformar com o passar do tempo.<\/p>\n<p><strong>UTILIDADE<\/strong><\/p>\n<p>Um produto para quem gosta de se divertir e reunir os amigos.<\/p>\n<p>DIMENS\u00c3O DO PRODUTO<br \/>\nT\u00e1bua: 37&#215;22,5&#215;1,2cm<\/p>\n<p><strong>RECOMENDA\u00c7\u00c3O DE PERSONALIZA\u00c7\u00c3O<\/strong><br \/>\nUma grava\u00e7\u00e3o a Laser nos copos, na t\u00e1bua, na l\u00e2mina da faca e na tampa da caixa.<\/p>\n<p>EMBALAGEM<br \/>\nCaixa Preta &#8211; 460x410x130 mm (AxLxP)<\/p>","protected":false},"featured_media":7373,"comment_status":"open","ping_status":"closed","template":"","meta":{"_monsterinsights_skip_tracking":false,"_monsterinsights_sitenote_active":false,"_monsterinsights_sitenote_note":"","_monsterinsights_sitenote_category":0},"product_brand":[],"product_cat":[219,188,340],"product_tag":[189],"class_list":{"0":"post-7372","1":"product","2":"type-product","3":"status-publish","4":"has-post-thumbnail","6":"product_cat-brindes","7":"product_cat-home","8":"product_cat-kits-especiais","9":"product_tag-kit-churrasco","11":"first","12":"instock","13":"shipping-taxable","14":"product-type-simple"},"yoast_head":"<!-- This site is optimized with the Yoast SEO plugin v27.4 - https:\/\/yoast.com\/product\/yoast-seo-wordpress\/ -->\n<title>Kit Churrasco, Cerveja E Baralho - Ideia Gr\u00e1fica e Brindes<\/title>\n<meta name=\"robots\" content=\"index, follow, max-snippet:-1, max-image-preview:large, max-video-preview:-1\" \/>\n<link rel=\"canonical\" href=\"https:\/\/ideiagraficaebrindes.com.br\/en\/product\/kit-churrasco-cerveja-e-baralho\/\" \/>\n<meta property=\"og:locale\" content=\"en_US\" \/>\n<meta property=\"og:type\" content=\"article\" \/>\n<meta property=\"og:title\" content=\"Kit Churrasco, Cerveja E Baralho - Ideia Gr\u00e1fica e Brindes\" \/>\n<meta property=\"og:description\" content=\"DESCRI\u00c7\u00c3O  Kit para Churrasco \/ Cerveja \/ Truco. Acompanha t\u00e1bua com tr\u00eas furos em Bambu; faca 8&#039;&#039; e garfo em Bambu\/Inox; quatro copos de cerveja em Vidro; bloco de anota\u00e7\u00e3o; caneta esferogr\u00e1fica; jogo de cartas. T\u00e1bua confeccionada com tripla camada invertida, para dar maior durabilidade e n\u00e3o deformar com o passar do tempo.  UTILIDADE  Um produto para quem gosta de se divertir e reunir os amigos.  DIMENS\u00c3O DO PRODUTO T\u00e1bua: 37x22,5x1,2cm  RECOMENDA\u00c7\u00c3O DE PERSONALIZA\u00c7\u00c3O Uma grava\u00e7\u00e3o a Laser nos copos, na t\u00e1bua, na l\u00e2mina da faca e na tampa da caixa.  EMBALAGEM Caixa Preta - 460x410x130 mm (AxLxP)\" \/>\n<meta property=\"og:url\" content=\"https:\/\/ideiagraficaebrindes.com.br\/en\/product\/kit-churrasco-cerveja-e-baralho\/\" \/>\n<meta property=\"og:site_name\" content=\"Ideia Gr\u00e1fica e Brindes\" \/>\n<meta property=\"article:modified_time\" content=\"2021-07-24T22:45:36+00:00\" \/>\n<meta property=\"og:image\" content=\"https:\/\/ideiagraficaebrindes.com.br\/wp-content\/uploads\/2021\/07\/kit-churrasco-cerveja-e-truco.jpg\" \/>\n\t<meta property=\"og:image:width\" content=\"1080\" \/>\n\t<meta property=\"og:image:height\" content=\"1080\" \/>\n\t<meta property=\"og:image:type\" content=\"image\/jpeg\" \/>\n<meta name=\"twitter:card\" content=\"summary_large_image\" \/>\n<meta name=\"twitter:label1\" content=\"Est. reading time\" \/>\n\t<meta name=\"twitter:data1\" content=\"1 minute\" \/>\n<script type=\"application\/ld+json\" class=\"yoast-schema-graph\">{\"@context\":\"https:\\\/\\\/schema.org\",\"@graph\":[{\"@type\":\"WebPage\",\"@id\":\"https:\\\/\\\/ideiagraficaebrindes.com.br\\\/produto\\\/kit-churrasco-cerveja-e-baralho\\\/\",\"url\":\"https:\\\/\\\/ideiagraficaebrindes.com.br\\\/produto\\\/kit-churrasco-cerveja-e-baralho\\\/\",\"name\":\"Kit Churrasco, Cerveja E Baralho - Ideia Gr\u00e1fica e Brindes\",\"isPartOf\":{\"@id\":\"https:\\\/\\\/ideiagraficaebrindes.com.br\\\/#website\"},\"primaryImageOfPage\":{\"@id\":\"https:\\\/\\\/ideiagraficaebrindes.com.br\\\/produto\\\/kit-churrasco-cerveja-e-baralho\\\/#primaryimage\"},\"image\":{\"@id\":\"https:\\\/\\\/ideiagraficaebrindes.com.br\\\/produto\\\/kit-churrasco-cerveja-e-baralho\\\/#primaryimage\"},\"thumbnailUrl\":\"https:\\\/\\\/ideiagraficaebrindes.com.br\\\/wp-content\\\/uploads\\\/2021\\\/07\\\/kit-churrasco-cerveja-e-truco.jpg\",\"datePublished\":\"2021-07-24T22:45:35+00:00\",\"dateModified\":\"2021-07-24T22:45:36+00:00\",\"breadcrumb\":{\"@id\":\"https:\\\/\\\/ideiagraficaebrindes.com.br\\\/produto\\\/kit-churrasco-cerveja-e-baralho\\\/#breadcrumb\"},\"inLanguage\":\"en-US\",\"potentialAction\":[{\"@type\":\"ReadAction\",\"target\":[\"https:\\\/\\\/ideiagraficaebrindes.com.br\\\/produto\\\/kit-churrasco-cerveja-e-baralho\\\/\"]}]},{\"@type\":\"ImageObject\",\"inLanguage\":\"en-US\",\"@id\":\"https:\\\/\\\/ideiagraficaebrindes.com.br\\\/produto\\\/kit-churrasco-cerveja-e-baralho\\\/#primaryimage\",\"url\":\"https:\\\/\\\/ideiagraficaebrindes.com.br\\\/wp-content\\\/uploads\\\/2021\\\/07\\\/kit-churrasco-cerveja-e-truco.jpg\",\"contentUrl\":\"https:\\\/\\\/ideiagraficaebrindes.com.br\\\/wp-content\\\/uploads\\\/2021\\\/07\\\/kit-churrasco-cerveja-e-truco.jpg\",\"width\":1080,\"height\":1080},{\"@type\":\"BreadcrumbList\",\"@id\":\"https:\\\/\\\/ideiagraficaebrindes.com.br\\\/produto\\\/kit-churrasco-cerveja-e-baralho\\\/#breadcrumb\",\"itemListElement\":[{\"@type\":\"ListItem\",\"position\":1,\"name\":\"In\u00edcio\",\"item\":\"https:\\\/\\\/ideiagraficaebrindes.com.br\\\/\"},{\"@type\":\"ListItem\",\"position\":2,\"name\":\"Loja\",\"item\":\"https:\\\/\\\/ideiagraficaebrindes.com.br\\\/loja\\\/\"},{\"@type\":\"ListItem\",\"position\":3,\"name\":\"Kit Churrasco, Cerveja E Baralho\"}]},{\"@type\":\"WebSite\",\"@id\":\"https:\\\/\\\/ideiagraficaebrindes.com.br\\\/#website\",\"url\":\"https:\\\/\\\/ideiagraficaebrindes.com.br\\\/\",\"name\":\"Ideia Gr\u00e1fica e Brindes\",\"description\":\"Brindes Personalizados e Impress\u00e3o em geral\",\"potentialAction\":[{\"@type\":\"SearchAction\",\"target\":{\"@type\":\"EntryPoint\",\"urlTemplate\":\"https:\\\/\\\/ideiagraficaebrindes.com.br\\\/?s={search_term_string}\"},\"query-input\":{\"@type\":\"PropertyValueSpecification\",\"valueRequired\":true,\"valueName\":\"search_term_string\"}}],\"inLanguage\":\"en-US\"}]}<\/script>\n<!-- \/ Yoast SEO plugin. -->","yoast_head_json":{"title":"Kit Churrasco, Cerveja E Baralho - Ideia Gr\u00e1fica e Brindes","robots":{"index":"index","follow":"follow","max-snippet":"max-snippet:-1","max-image-preview":"max-image-preview:large","max-video-preview":"max-video-preview:-1"},"canonical":"https:\/\/ideiagraficaebrindes.com.br\/en\/product\/kit-churrasco-cerveja-e-baralho\/","og_locale":"en_US","og_type":"article","og_title":"Kit Churrasco, Cerveja E Baralho - Ideia Gr\u00e1fica e Brindes","og_description":"DESCRI\u00c7\u00c3O  Kit para Churrasco \/ Cerveja \/ Truco. Acompanha t\u00e1bua com tr\u00eas furos em Bambu; faca 8'' e garfo em Bambu\/Inox; quatro copos de cerveja em Vidro; bloco de anota\u00e7\u00e3o; caneta esferogr\u00e1fica; jogo de cartas. T\u00e1bua confeccionada com tripla camada invertida, para dar maior durabilidade e n\u00e3o deformar com o passar do tempo.  UTILIDADE  Um produto para quem gosta de se divertir e reunir os amigos.  DIMENS\u00c3O DO PRODUTO T\u00e1bua: 37x22,5x1,2cm  RECOMENDA\u00c7\u00c3O DE PERSONALIZA\u00c7\u00c3O Uma grava\u00e7\u00e3o a Laser nos copos, na t\u00e1bua, na l\u00e2mina da faca e na tampa da caixa.  EMBALAGEM Caixa Preta - 460x410x130 mm (AxLxP)","og_url":"https:\/\/ideiagraficaebrindes.com.br\/en\/product\/kit-churrasco-cerveja-e-baralho\/","og_site_name":"Ideia Gr\u00e1fica e Brindes","article_modified_time":"2021-07-24T22:45:36+00:00","og_image":[{"width":1080,"height":1080,"url":"https:\/\/ideiagraficaebrindes.com.br\/wp-content\/uploads\/2021\/07\/kit-churrasco-cerveja-e-truco.jpg","type":"image\/jpeg"}],"twitter_card":"summary_large_image","twitter_misc":{"Est. reading time":"1 minute"},"schema":{"@context":"https:\/\/schema.org","@graph":[{"@type":"WebPage","@id":"https:\/\/ideiagraficaebrindes.com.br\/produto\/kit-churrasco-cerveja-e-baralho\/","url":"https:\/\/ideiagraficaebrindes.com.br\/produto\/kit-churrasco-cerveja-e-baralho\/","name":"Kit Churrasco, Cerveja E Baralho - Ideia Gr\u00e1fica e Brindes","isPartOf":{"@id":"https:\/\/ideiagraficaebrindes.com.br\/#website"},"primaryImageOfPage":{"@id":"https:\/\/ideiagraficaebrindes.com.br\/produto\/kit-churrasco-cerveja-e-baralho\/#primaryimage"},"image":{"@id":"https:\/\/ideiagraficaebrindes.com.br\/produto\/kit-churrasco-cerveja-e-baralho\/#primaryimage"},"thumbnailUrl":"https:\/\/ideiagraficaebrindes.com.br\/wp-content\/uploads\/2021\/07\/kit-churrasco-cerveja-e-truco.jpg","datePublished":"2021-07-24T22:45:35+00:00","dateModified":"2021-07-24T22:45:36+00:00","breadcrumb":{"@id":"https:\/\/ideiagraficaebrindes.com.br\/produto\/kit-churrasco-cerveja-e-baralho\/#breadcrumb"},"inLanguage":"en-US","potentialAction":[{"@type":"ReadAction","target":["https:\/\/ideiagraficaebrindes.com.br\/produto\/kit-churrasco-cerveja-e-baralho\/"]}]},{"@type":"ImageObject","inLanguage":"en-US","@id":"https:\/\/ideiagraficaebrindes.com.br\/produto\/kit-churrasco-cerveja-e-baralho\/#primaryimage","url":"https:\/\/ideiagraficaebrindes.com.br\/wp-content\/uploads\/2021\/07\/kit-churrasco-cerveja-e-truco.jpg","contentUrl":"https:\/\/ideiagraficaebrindes.com.br\/wp-content\/uploads\/2021\/07\/kit-churrasco-cerveja-e-truco.jpg","width":1080,"height":1080},{"@type":"BreadcrumbList","@id":"https:\/\/ideiagraficaebrindes.com.br\/produto\/kit-churrasco-cerveja-e-baralho\/#breadcrumb","itemListElement":[{"@type":"ListItem","position":1,"name":"In\u00edcio","item":"https:\/\/ideiagraficaebrindes.com.br\/"},{"@type":"ListItem","position":2,"name":"Loja","item":"https:\/\/ideiagraficaebrindes.com.br\/loja\/"},{"@type":"ListItem","position":3,"name":"Kit Churrasco, Cerveja E Baralho"}]},{"@type":"WebSite","@id":"https:\/\/ideiagraficaebrindes.com.br\/#website","url":"https:\/\/ideiagraficaebrindes.com.br\/","name":"Ideia Gr\u00e1fica e Brindes","description":"Brindes Personalizados e Impress\u00e3o em geral","potentialAction":[{"@type":"SearchAction","target":{"@type":"EntryPoint","urlTemplate":"https:\/\/ideiagraficaebrindes.com.br\/?s={search_term_string}"},"query-input":{"@type":"PropertyValueSpecification","valueRequired":true,"valueName":"search_term_string"}}],"inLanguage":"en-US"}]}},"_links":{"self":[{"href":"https:\/\/ideiagraficaebrindes.com.br\/en\/wp-json\/wp\/v2\/product\/7372","targetHints":{"allow":["GET"]}}],"collection":[{"href":"https:\/\/ideiagraficaebrindes.com.br\/en\/wp-json\/wp\/v2\/product"}],"about":[{"href":"https:\/\/ideiagraficaebrindes.com.br\/en\/wp-json\/wp\/v2\/types\/product"}],"replies":[{"embeddable":true,"href":"https:\/\/ideiagraficaebrindes.com.br\/en\/wp-json\/wp\/v2\/comments?post=7372"}],"wp:featuredmedia":[{"embeddable":true,"href":"https:\/\/ideiagraficaebrindes.com.br\/en\/wp-json\/wp\/v2\/media\/7373"}],"wp:attachment":[{"href":"https:\/\/ideiagraficaebrindes.com.br\/en\/wp-json\/wp\/v2\/media?parent=7372"}],"wp:term":[{"taxonomy":"product_brand","embeddable":true,"href":"https:\/\/ideiagraficaebrindes.com.br\/en\/wp-json\/wp\/v2\/product_brand?post=7372"},{"taxonomy":"product_cat","embeddable":true,"href":"https:\/\/ideiagraficaebrindes.com.br\/en\/wp-json\/wp\/v2\/product_cat?post=7372"},{"taxonomy":"product_tag","embeddable":true,"href":"https:\/\/ideiagraficaebrindes.com.br\/en\/wp-json\/wp\/v2\/product_tag?post=7372"}],"curies":[{"name":"wp","href":"https:\/\/api.w.org\/{rel}","templated":true}]}}