{"id":7355,"date":"2021-07-24T19:18:08","date_gmt":"2021-07-24T22:18:08","guid":{"rendered":"https:\/\/ideiagraficaebrindes.com.br\/?post_type=product&#038;p=7355"},"modified":"2021-07-24T19:18:08","modified_gmt":"2021-07-24T22:18:08","slug":"pochete-antifurto-esportiva","status":"publish","type":"product","link":"https:\/\/ideiagraficaebrindes.com.br\/en\/product\/pochete-antifurto-esportiva\/","title":{"rendered":"Pochete Antifurto Esportiva"},"content":{"rendered":"<div class=\"desc\">\n<p class=\"desc-tit\">Descri\u00e7\u00e3o:\u00a0<span class=\"desc-sub my-desc-sub\">Pochete anti-furto esportiva. Confeccionada em lycra imperme\u00e1vel, a pochete possui um formato slim que permite a utiliza\u00e7\u00e3o por dentro da roupa sem causar volume, aumentando a possibilidade de n\u00e3o ter seus pertences furtados. Ideal para pr\u00e1ticas esportivas, a pochete possui sa\u00edda para fone de ouvido, cinta el\u00e1stica ajust\u00e1vel com fivelas, sa\u00eddas laterais para circula\u00e7\u00e3o de ar e contornos reflexivos. Cont\u00e9m um z\u00edper selado que impossibilitada a infiltra\u00e7\u00e3o de \u00e1gua, seu compartimento interno possui uma divis\u00f3ria para separa\u00e7\u00e3o do celular e itens que possam vir \u00e0 risc\u00e1-los.<\/span><\/p>\n<\/div>\n<div class=\"desc\">\n<p class=\"desc-tit\">Altura<span class=\"desc-sub\">\u00a0:\u00a0 12 cm<\/span><\/p>\n<\/div>\n<div class=\"desc\">\n<p class=\"desc-tit\">Comprimento<span class=\"desc-sub\">\u00a0:\u00a0 32,5cm<\/span><\/p>\n<\/div>\n<div class=\"desc\">\n<p class=\"desc-tit\">Medidas aproximadas para grava\u00e7\u00e3o<span class=\"desc-sub\">\u00a0(CxL):\u00a0 6,5 cm x 20 cm<\/span><\/p>\n<\/div>\n<div class=\"desc\">\n<p class=\"desc-tit\">Tamanho total aproximado\u00a0<span class=\"desc-sub\">\u00a0(CxL):\u00a0 Comprimento contando a cinta 80,3 cm<\/span><\/p>\n<\/div>\n<div class=\"desc\">\n<p class=\"desc-tit\">Peso aproximado<span class=\"desc-sub\">\u00a0(g):\u00a0 53<\/span><\/p>\n<\/div>","protected":false},"excerpt":{"rendered":"<div class=\"desc\">\n<p class=\"desc-tit\">Descri\u00e7\u00e3o:\u00a0<span class=\"desc-sub my-desc-sub\">Pochete anti-furto esportiva. Confeccionada em lycra imperme\u00e1vel, a pochete possui um formato slim que permite a utiliza\u00e7\u00e3o por dentro da roupa sem causar volume, aumentando a possibilidade de n\u00e3o ter seus pertences furtados. Ideal para pr\u00e1ticas esportivas, a pochete possui sa\u00edda para fone de ouvido, cinta el\u00e1stica ajust\u00e1vel com fivelas, sa\u00eddas laterais para circula\u00e7\u00e3o de ar e contornos reflexivos. Cont\u00e9m um z\u00edper selado que impossibilitada a infiltra\u00e7\u00e3o de \u00e1gua, seu compartimento interno possui uma divis\u00f3ria para separa\u00e7\u00e3o do celular e itens que possam vir \u00e0 risc\u00e1-los.<\/span><\/p>\n<\/div>\n<div class=\"desc\">\n<p class=\"desc-tit\">Altura<span class=\"desc-sub\">\u00a0:\u00a0 12 cm<\/span><\/p>\n<\/div>\n<div class=\"desc\">\n<p class=\"desc-tit\">Comprimento<span class=\"desc-sub\">\u00a0:\u00a0 32,5cm<\/span><\/p>\n<\/div>\n<div class=\"desc\">\n<p class=\"desc-tit\">Medidas aproximadas para grava\u00e7\u00e3o<span class=\"desc-sub\">\u00a0(CxL):\u00a0 6,5 cm x 20 cm<\/span><\/p>\n<\/div>\n<div class=\"desc\">\n<p class=\"desc-tit\">Tamanho total aproximado\u00a0<span class=\"desc-sub\">\u00a0(CxL):\u00a0 Comprimento contando a cinta 80,3 cm<\/span><\/p>\n<\/div>\n<div class=\"desc\">\n<p class=\"desc-tit\">Peso aproximado<span class=\"desc-sub\">\u00a0(g):\u00a0 53<\/span><\/p>\n<\/div>","protected":false},"featured_media":7356,"comment_status":"open","ping_status":"closed","template":"","meta":{"_monsterinsights_skip_tracking":false,"_monsterinsights_sitenote_active":false,"_monsterinsights_sitenote_note":"","_monsterinsights_sitenote_category":0},"product_brand":[],"product_cat":[219,331],"product_tag":[342],"class_list":{"0":"post-7355","1":"product","2":"type-product","3":"status-publish","4":"has-post-thumbnail","6":"product_cat-brindes","7":"product_cat-diversos","8":"product_tag-pochete","10":"first","11":"instock","12":"shipping-taxable","13":"product-type-simple"},"yoast_head":"<!-- This site is optimized with the Yoast SEO plugin v27.4 - https:\/\/yoast.com\/product\/yoast-seo-wordpress\/ -->\n<title>Pochete Antifurto Esportiva - Ideia Gr\u00e1fica e Brindes<\/title>\n<meta name=\"robots\" content=\"index, follow, max-snippet:-1, max-image-preview:large, max-video-preview:-1\" \/>\n<link rel=\"canonical\" href=\"https:\/\/ideiagraficaebrindes.com.br\/en\/product\/pochete-antifurto-esportiva\/\" \/>\n<meta property=\"og:locale\" content=\"en_US\" \/>\n<meta property=\"og:type\" content=\"article\" \/>\n<meta property=\"og:title\" content=\"Pochete Antifurto Esportiva - Ideia Gr\u00e1fica e Brindes\" \/>\n<meta property=\"og:description\" content=\"Descri\u00e7\u00e3o:\u00a0Pochete anti-furto esportiva. Confeccionada em lycra imperme\u00e1vel, a pochete possui um formato slim que permite a utiliza\u00e7\u00e3o por dentro da roupa sem causar volume, aumentando a possibilidade de n\u00e3o ter seus pertences furtados. Ideal para pr\u00e1ticas esportivas, a pochete possui sa\u00edda para fone de ouvido, cinta el\u00e1stica ajust\u00e1vel com fivelas, sa\u00eddas laterais para circula\u00e7\u00e3o de ar e contornos reflexivos. Cont\u00e9m um z\u00edper selado que impossibilitada a infiltra\u00e7\u00e3o de \u00e1gua, seu compartimento interno possui uma divis\u00f3ria para separa\u00e7\u00e3o do celular e itens que possam vir \u00e0 risc\u00e1-los.    Altura\u00a0:\u00a0 12 cm    Comprimento\u00a0:\u00a0 32,5cm    Medidas aproximadas para grava\u00e7\u00e3o\u00a0(CxL):\u00a0 6,5 cm x 20 cm    Tamanho total aproximado\u00a0\u00a0(CxL):\u00a0 Comprimento contando a cinta 80,3 cm    Peso aproximado\u00a0(g):\u00a0 53\" \/>\n<meta property=\"og:url\" content=\"https:\/\/ideiagraficaebrindes.com.br\/en\/product\/pochete-antifurto-esportiva\/\" \/>\n<meta property=\"og:site_name\" content=\"Ideia Gr\u00e1fica e Brindes\" \/>\n<meta property=\"og:image\" content=\"https:\/\/ideiagraficaebrindes.com.br\/wp-content\/uploads\/2021\/07\/Pochete-Antifurto-Esportiva-11021-1572610915.jpg\" \/>\n\t<meta property=\"og:image:width\" content=\"1000\" \/>\n\t<meta property=\"og:image:height\" content=\"1000\" \/>\n\t<meta property=\"og:image:type\" content=\"image\/jpeg\" \/>\n<meta name=\"twitter:card\" content=\"summary_large_image\" \/>\n<meta name=\"twitter:label1\" content=\"Est. reading time\" \/>\n\t<meta name=\"twitter:data1\" content=\"1 minute\" \/>\n<script type=\"application\/ld+json\" class=\"yoast-schema-graph\">{\"@context\":\"https:\\\/\\\/schema.org\",\"@graph\":[{\"@type\":\"WebPage\",\"@id\":\"https:\\\/\\\/ideiagraficaebrindes.com.br\\\/produto\\\/pochete-antifurto-esportiva\\\/\",\"url\":\"https:\\\/\\\/ideiagraficaebrindes.com.br\\\/produto\\\/pochete-antifurto-esportiva\\\/\",\"name\":\"Pochete Antifurto Esportiva - Ideia Gr\u00e1fica e Brindes\",\"isPartOf\":{\"@id\":\"https:\\\/\\\/ideiagraficaebrindes.com.br\\\/#website\"},\"primaryImageOfPage\":{\"@id\":\"https:\\\/\\\/ideiagraficaebrindes.com.br\\\/produto\\\/pochete-antifurto-esportiva\\\/#primaryimage\"},\"image\":{\"@id\":\"https:\\\/\\\/ideiagraficaebrindes.com.br\\\/produto\\\/pochete-antifurto-esportiva\\\/#primaryimage\"},\"thumbnailUrl\":\"https:\\\/\\\/ideiagraficaebrindes.com.br\\\/wp-content\\\/uploads\\\/2021\\\/07\\\/Pochete-Antifurto-Esportiva-11021-1572610915.jpg\",\"datePublished\":\"2021-07-24T22:18:08+00:00\",\"breadcrumb\":{\"@id\":\"https:\\\/\\\/ideiagraficaebrindes.com.br\\\/produto\\\/pochete-antifurto-esportiva\\\/#breadcrumb\"},\"inLanguage\":\"en-US\",\"potentialAction\":[{\"@type\":\"ReadAction\",\"target\":[\"https:\\\/\\\/ideiagraficaebrindes.com.br\\\/produto\\\/pochete-antifurto-esportiva\\\/\"]}]},{\"@type\":\"ImageObject\",\"inLanguage\":\"en-US\",\"@id\":\"https:\\\/\\\/ideiagraficaebrindes.com.br\\\/produto\\\/pochete-antifurto-esportiva\\\/#primaryimage\",\"url\":\"https:\\\/\\\/ideiagraficaebrindes.com.br\\\/wp-content\\\/uploads\\\/2021\\\/07\\\/Pochete-Antifurto-Esportiva-11021-1572610915.jpg\",\"contentUrl\":\"https:\\\/\\\/ideiagraficaebrindes.com.br\\\/wp-content\\\/uploads\\\/2021\\\/07\\\/Pochete-Antifurto-Esportiva-11021-1572610915.jpg\",\"width\":1000,\"height\":1000},{\"@type\":\"BreadcrumbList\",\"@id\":\"https:\\\/\\\/ideiagraficaebrindes.com.br\\\/produto\\\/pochete-antifurto-esportiva\\\/#breadcrumb\",\"itemListElement\":[{\"@type\":\"ListItem\",\"position\":1,\"name\":\"In\u00edcio\",\"item\":\"https:\\\/\\\/ideiagraficaebrindes.com.br\\\/\"},{\"@type\":\"ListItem\",\"position\":2,\"name\":\"Loja\",\"item\":\"https:\\\/\\\/ideiagraficaebrindes.com.br\\\/loja\\\/\"},{\"@type\":\"ListItem\",\"position\":3,\"name\":\"Pochete Antifurto Esportiva\"}]},{\"@type\":\"WebSite\",\"@id\":\"https:\\\/\\\/ideiagraficaebrindes.com.br\\\/#website\",\"url\":\"https:\\\/\\\/ideiagraficaebrindes.com.br\\\/\",\"name\":\"Ideia Gr\u00e1fica e Brindes\",\"description\":\"Brindes Personalizados e Impress\u00e3o em geral\",\"potentialAction\":[{\"@type\":\"SearchAction\",\"target\":{\"@type\":\"EntryPoint\",\"urlTemplate\":\"https:\\\/\\\/ideiagraficaebrindes.com.br\\\/?s={search_term_string}\"},\"query-input\":{\"@type\":\"PropertyValueSpecification\",\"valueRequired\":true,\"valueName\":\"search_term_string\"}}],\"inLanguage\":\"en-US\"}]}<\/script>\n<!-- \/ Yoast SEO plugin. -->","yoast_head_json":{"title":"Pochete Antifurto Esportiva - Ideia Gr\u00e1fica e Brindes","robots":{"index":"index","follow":"follow","max-snippet":"max-snippet:-1","max-image-preview":"max-image-preview:large","max-video-preview":"max-video-preview:-1"},"canonical":"https:\/\/ideiagraficaebrindes.com.br\/en\/product\/pochete-antifurto-esportiva\/","og_locale":"en_US","og_type":"article","og_title":"Pochete Antifurto Esportiva - Ideia Gr\u00e1fica e Brindes","og_description":"Descri\u00e7\u00e3o:\u00a0Pochete anti-furto esportiva. Confeccionada em lycra imperme\u00e1vel, a pochete possui um formato slim que permite a utiliza\u00e7\u00e3o por dentro da roupa sem causar volume, aumentando a possibilidade de n\u00e3o ter seus pertences furtados. Ideal para pr\u00e1ticas esportivas, a pochete possui sa\u00edda para fone de ouvido, cinta el\u00e1stica ajust\u00e1vel com fivelas, sa\u00eddas laterais para circula\u00e7\u00e3o de ar e contornos reflexivos. Cont\u00e9m um z\u00edper selado que impossibilitada a infiltra\u00e7\u00e3o de \u00e1gua, seu compartimento interno possui uma divis\u00f3ria para separa\u00e7\u00e3o do celular e itens que possam vir \u00e0 risc\u00e1-los.    Altura\u00a0:\u00a0 12 cm    Comprimento\u00a0:\u00a0 32,5cm    Medidas aproximadas para grava\u00e7\u00e3o\u00a0(CxL):\u00a0 6,5 cm x 20 cm    Tamanho total aproximado\u00a0\u00a0(CxL):\u00a0 Comprimento contando a cinta 80,3 cm    Peso aproximado\u00a0(g):\u00a0 53","og_url":"https:\/\/ideiagraficaebrindes.com.br\/en\/product\/pochete-antifurto-esportiva\/","og_site_name":"Ideia Gr\u00e1fica e Brindes","og_image":[{"width":1000,"height":1000,"url":"https:\/\/ideiagraficaebrindes.com.br\/wp-content\/uploads\/2021\/07\/Pochete-Antifurto-Esportiva-11021-1572610915.jpg","type":"image\/jpeg"}],"twitter_card":"summary_large_image","twitter_misc":{"Est. reading time":"1 minute"},"schema":{"@context":"https:\/\/schema.org","@graph":[{"@type":"WebPage","@id":"https:\/\/ideiagraficaebrindes.com.br\/produto\/pochete-antifurto-esportiva\/","url":"https:\/\/ideiagraficaebrindes.com.br\/produto\/pochete-antifurto-esportiva\/","name":"Pochete Antifurto Esportiva - Ideia Gr\u00e1fica e Brindes","isPartOf":{"@id":"https:\/\/ideiagraficaebrindes.com.br\/#website"},"primaryImageOfPage":{"@id":"https:\/\/ideiagraficaebrindes.com.br\/produto\/pochete-antifurto-esportiva\/#primaryimage"},"image":{"@id":"https:\/\/ideiagraficaebrindes.com.br\/produto\/pochete-antifurto-esportiva\/#primaryimage"},"thumbnailUrl":"https:\/\/ideiagraficaebrindes.com.br\/wp-content\/uploads\/2021\/07\/Pochete-Antifurto-Esportiva-11021-1572610915.jpg","datePublished":"2021-07-24T22:18:08+00:00","breadcrumb":{"@id":"https:\/\/ideiagraficaebrindes.com.br\/produto\/pochete-antifurto-esportiva\/#breadcrumb"},"inLanguage":"en-US","potentialAction":[{"@type":"ReadAction","target":["https:\/\/ideiagraficaebrindes.com.br\/produto\/pochete-antifurto-esportiva\/"]}]},{"@type":"ImageObject","inLanguage":"en-US","@id":"https:\/\/ideiagraficaebrindes.com.br\/produto\/pochete-antifurto-esportiva\/#primaryimage","url":"https:\/\/ideiagraficaebrindes.com.br\/wp-content\/uploads\/2021\/07\/Pochete-Antifurto-Esportiva-11021-1572610915.jpg","contentUrl":"https:\/\/ideiagraficaebrindes.com.br\/wp-content\/uploads\/2021\/07\/Pochete-Antifurto-Esportiva-11021-1572610915.jpg","width":1000,"height":1000},{"@type":"BreadcrumbList","@id":"https:\/\/ideiagraficaebrindes.com.br\/produto\/pochete-antifurto-esportiva\/#breadcrumb","itemListElement":[{"@type":"ListItem","position":1,"name":"In\u00edcio","item":"https:\/\/ideiagraficaebrindes.com.br\/"},{"@type":"ListItem","position":2,"name":"Loja","item":"https:\/\/ideiagraficaebrindes.com.br\/loja\/"},{"@type":"ListItem","position":3,"name":"Pochete Antifurto Esportiva"}]},{"@type":"WebSite","@id":"https:\/\/ideiagraficaebrindes.com.br\/#website","url":"https:\/\/ideiagraficaebrindes.com.br\/","name":"Ideia Gr\u00e1fica e Brindes","description":"Brindes Personalizados e Impress\u00e3o em geral","potentialAction":[{"@type":"SearchAction","target":{"@type":"EntryPoint","urlTemplate":"https:\/\/ideiagraficaebrindes.com.br\/?s={search_term_string}"},"query-input":{"@type":"PropertyValueSpecification","valueRequired":true,"valueName":"search_term_string"}}],"inLanguage":"en-US"}]}},"_links":{"self":[{"href":"https:\/\/ideiagraficaebrindes.com.br\/en\/wp-json\/wp\/v2\/product\/7355","targetHints":{"allow":["GET"]}}],"collection":[{"href":"https:\/\/ideiagraficaebrindes.com.br\/en\/wp-json\/wp\/v2\/product"}],"about":[{"href":"https:\/\/ideiagraficaebrindes.com.br\/en\/wp-json\/wp\/v2\/types\/product"}],"replies":[{"embeddable":true,"href":"https:\/\/ideiagraficaebrindes.com.br\/en\/wp-json\/wp\/v2\/comments?post=7355"}],"wp:featuredmedia":[{"embeddable":true,"href":"https:\/\/ideiagraficaebrindes.com.br\/en\/wp-json\/wp\/v2\/media\/7356"}],"wp:attachment":[{"href":"https:\/\/ideiagraficaebrindes.com.br\/en\/wp-json\/wp\/v2\/media?parent=7355"}],"wp:term":[{"taxonomy":"product_brand","embeddable":true,"href":"https:\/\/ideiagraficaebrindes.com.br\/en\/wp-json\/wp\/v2\/product_brand?post=7355"},{"taxonomy":"product_cat","embeddable":true,"href":"https:\/\/ideiagraficaebrindes.com.br\/en\/wp-json\/wp\/v2\/product_cat?post=7355"},{"taxonomy":"product_tag","embeddable":true,"href":"https:\/\/ideiagraficaebrindes.com.br\/en\/wp-json\/wp\/v2\/product_tag?post=7355"}],"curies":[{"name":"wp","href":"https:\/\/api.w.org\/{rel}","templated":true}]}}