{"id":7316,"date":"2021-07-24T09:00:27","date_gmt":"2021-07-24T12:00:27","guid":{"rendered":"https:\/\/ideiagraficaebrindes.com.br\/?post_type=product&#038;p=7316"},"modified":"2021-07-24T09:00:27","modified_gmt":"2021-07-24T12:00:27","slug":"quebra-cabeca-personalizado-24-pecas","status":"publish","type":"product","link":"https:\/\/ideiagraficaebrindes.com.br\/en\/product\/quebra-cabeca-personalizado-24-pecas\/","title":{"rendered":"Quebra-Cabe\u00e7a personalizado 24 pe\u00e7as"},"content":{"rendered":"<p>Nosso Quebra-Cabe\u00e7a pode ser personalizado com a foto da sua fam\u00edlia ou algum momento importante da sua vida, que a ser montado poder\u00e1 ser colocado em um quadro decorativo em sua casa.<br \/>\nA forma como essa esp\u00e9cie de jogo estimula o c\u00e9rebro \u00e9 fant\u00e1stica e acaba gerando in\u00fameras benesses para pessoas de diferentes idades.<\/p>\n<p>Material: PET com 24 pe\u00e7as<br \/>\nTamanho: 27x20cm<\/p>\n<p>&nbsp;<\/p>","protected":false},"excerpt":{"rendered":"<p>Nosso Quebra-Cabe\u00e7a pode ser personalizado com a foto da sua fam\u00edlia ou algum momento importante da sua vida, que a ser montado poder\u00e1 ser colocado em um quadro decorativo em sua casa.<br \/>\nA forma como essa esp\u00e9cie de jogo estimula o c\u00e9rebro \u00e9 fant\u00e1stica e acaba gerando in\u00fameras benesses para pessoas de diferentes idades.<\/p>\n<p>Material: PET com 24 pe\u00e7as<br \/>\nTamanho: 27x20cm<\/p>\n<p>&nbsp;<\/p>","protected":false},"featured_media":7317,"comment_status":"open","ping_status":"closed","template":"","meta":{"_monsterinsights_skip_tracking":false,"_monsterinsights_sitenote_active":false,"_monsterinsights_sitenote_note":"","_monsterinsights_sitenote_category":0},"product_brand":[],"product_cat":[219,331],"product_tag":[334],"class_list":{"0":"post-7316","1":"product","2":"type-product","3":"status-publish","4":"has-post-thumbnail","6":"product_cat-brindes","7":"product_cat-diversos","8":"product_tag-quebra-cabeca","10":"first","11":"instock","12":"shipping-taxable","13":"product-type-simple"},"yoast_head":"<!-- This site is optimized with the Yoast SEO plugin v27.4 - https:\/\/yoast.com\/product\/yoast-seo-wordpress\/ -->\n<title>Quebra-Cabe\u00e7a personalizado 24 pe\u00e7as - Ideia Gr\u00e1fica e Brindes<\/title>\n<meta name=\"robots\" content=\"index, follow, max-snippet:-1, max-image-preview:large, max-video-preview:-1\" \/>\n<link rel=\"canonical\" href=\"https:\/\/ideiagraficaebrindes.com.br\/en\/product\/quebra-cabeca-personalizado-24-pecas\/\" \/>\n<meta property=\"og:locale\" content=\"en_US\" \/>\n<meta property=\"og:type\" content=\"article\" \/>\n<meta property=\"og:title\" content=\"Quebra-Cabe\u00e7a personalizado 24 pe\u00e7as - Ideia Gr\u00e1fica e Brindes\" \/>\n<meta property=\"og:description\" content=\"Nosso Quebra-Cabe\u00e7a pode ser personalizado com a foto da sua fam\u00edlia ou algum momento importante da sua vida, que a ser montado poder\u00e1 ser colocado em um quadro decorativo em sua casa. A forma como essa esp\u00e9cie de jogo estimula o c\u00e9rebro \u00e9 fant\u00e1stica e acaba gerando in\u00fameras benesses para pessoas de diferentes idades.  Material: PET com 24 pe\u00e7as Tamanho: 27x20cm  &nbsp;\" \/>\n<meta property=\"og:url\" content=\"https:\/\/ideiagraficaebrindes.com.br\/en\/product\/quebra-cabeca-personalizado-24-pecas\/\" \/>\n<meta property=\"og:site_name\" content=\"Ideia Gr\u00e1fica e Brindes\" \/>\n<meta property=\"og:image\" content=\"https:\/\/ideiagraficaebrindes.com.br\/wp-content\/uploads\/2021\/07\/14769.jpg\" \/>\n\t<meta property=\"og:image:width\" content=\"1500\" \/>\n\t<meta property=\"og:image:height\" content=\"1380\" \/>\n\t<meta property=\"og:image:type\" content=\"image\/jpeg\" \/>\n<meta name=\"twitter:card\" content=\"summary_large_image\" \/>\n<meta name=\"twitter:label1\" content=\"Est. reading time\" \/>\n\t<meta name=\"twitter:data1\" content=\"1 minute\" \/>\n<script type=\"application\/ld+json\" class=\"yoast-schema-graph\">{\"@context\":\"https:\\\/\\\/schema.org\",\"@graph\":[{\"@type\":\"WebPage\",\"@id\":\"https:\\\/\\\/ideiagraficaebrindes.com.br\\\/produto\\\/quebra-cabeca-personalizado-24-pecas\\\/\",\"url\":\"https:\\\/\\\/ideiagraficaebrindes.com.br\\\/produto\\\/quebra-cabeca-personalizado-24-pecas\\\/\",\"name\":\"Quebra-Cabe\u00e7a personalizado 24 pe\u00e7as - Ideia Gr\u00e1fica e Brindes\",\"isPartOf\":{\"@id\":\"https:\\\/\\\/ideiagraficaebrindes.com.br\\\/#website\"},\"primaryImageOfPage\":{\"@id\":\"https:\\\/\\\/ideiagraficaebrindes.com.br\\\/produto\\\/quebra-cabeca-personalizado-24-pecas\\\/#primaryimage\"},\"image\":{\"@id\":\"https:\\\/\\\/ideiagraficaebrindes.com.br\\\/produto\\\/quebra-cabeca-personalizado-24-pecas\\\/#primaryimage\"},\"thumbnailUrl\":\"https:\\\/\\\/ideiagraficaebrindes.com.br\\\/wp-content\\\/uploads\\\/2021\\\/07\\\/14769.jpg\",\"datePublished\":\"2021-07-24T12:00:27+00:00\",\"breadcrumb\":{\"@id\":\"https:\\\/\\\/ideiagraficaebrindes.com.br\\\/produto\\\/quebra-cabeca-personalizado-24-pecas\\\/#breadcrumb\"},\"inLanguage\":\"en-US\",\"potentialAction\":[{\"@type\":\"ReadAction\",\"target\":[\"https:\\\/\\\/ideiagraficaebrindes.com.br\\\/produto\\\/quebra-cabeca-personalizado-24-pecas\\\/\"]}]},{\"@type\":\"ImageObject\",\"inLanguage\":\"en-US\",\"@id\":\"https:\\\/\\\/ideiagraficaebrindes.com.br\\\/produto\\\/quebra-cabeca-personalizado-24-pecas\\\/#primaryimage\",\"url\":\"https:\\\/\\\/ideiagraficaebrindes.com.br\\\/wp-content\\\/uploads\\\/2021\\\/07\\\/14769.jpg\",\"contentUrl\":\"https:\\\/\\\/ideiagraficaebrindes.com.br\\\/wp-content\\\/uploads\\\/2021\\\/07\\\/14769.jpg\",\"width\":1500,\"height\":1380},{\"@type\":\"BreadcrumbList\",\"@id\":\"https:\\\/\\\/ideiagraficaebrindes.com.br\\\/produto\\\/quebra-cabeca-personalizado-24-pecas\\\/#breadcrumb\",\"itemListElement\":[{\"@type\":\"ListItem\",\"position\":1,\"name\":\"In\u00edcio\",\"item\":\"https:\\\/\\\/ideiagraficaebrindes.com.br\\\/\"},{\"@type\":\"ListItem\",\"position\":2,\"name\":\"Loja\",\"item\":\"https:\\\/\\\/ideiagraficaebrindes.com.br\\\/loja\\\/\"},{\"@type\":\"ListItem\",\"position\":3,\"name\":\"Quebra-Cabe\u00e7a personalizado 24 pe\u00e7as\"}]},{\"@type\":\"WebSite\",\"@id\":\"https:\\\/\\\/ideiagraficaebrindes.com.br\\\/#website\",\"url\":\"https:\\\/\\\/ideiagraficaebrindes.com.br\\\/\",\"name\":\"Ideia Gr\u00e1fica e Brindes\",\"description\":\"Brindes Personalizados e Impress\u00e3o em geral\",\"potentialAction\":[{\"@type\":\"SearchAction\",\"target\":{\"@type\":\"EntryPoint\",\"urlTemplate\":\"https:\\\/\\\/ideiagraficaebrindes.com.br\\\/?s={search_term_string}\"},\"query-input\":{\"@type\":\"PropertyValueSpecification\",\"valueRequired\":true,\"valueName\":\"search_term_string\"}}],\"inLanguage\":\"en-US\"}]}<\/script>\n<!-- \/ Yoast SEO plugin. -->","yoast_head_json":{"title":"Quebra-Cabe\u00e7a personalizado 24 pe\u00e7as - Ideia Gr\u00e1fica e Brindes","robots":{"index":"index","follow":"follow","max-snippet":"max-snippet:-1","max-image-preview":"max-image-preview:large","max-video-preview":"max-video-preview:-1"},"canonical":"https:\/\/ideiagraficaebrindes.com.br\/en\/product\/quebra-cabeca-personalizado-24-pecas\/","og_locale":"en_US","og_type":"article","og_title":"Quebra-Cabe\u00e7a personalizado 24 pe\u00e7as - Ideia Gr\u00e1fica e Brindes","og_description":"Nosso Quebra-Cabe\u00e7a pode ser personalizado com a foto da sua fam\u00edlia ou algum momento importante da sua vida, que a ser montado poder\u00e1 ser colocado em um quadro decorativo em sua casa. A forma como essa esp\u00e9cie de jogo estimula o c\u00e9rebro \u00e9 fant\u00e1stica e acaba gerando in\u00fameras benesses para pessoas de diferentes idades.  Material: PET com 24 pe\u00e7as Tamanho: 27x20cm  &nbsp;","og_url":"https:\/\/ideiagraficaebrindes.com.br\/en\/product\/quebra-cabeca-personalizado-24-pecas\/","og_site_name":"Ideia Gr\u00e1fica e Brindes","og_image":[{"width":1500,"height":1380,"url":"https:\/\/ideiagraficaebrindes.com.br\/wp-content\/uploads\/2021\/07\/14769.jpg","type":"image\/jpeg"}],"twitter_card":"summary_large_image","twitter_misc":{"Est. reading time":"1 minute"},"schema":{"@context":"https:\/\/schema.org","@graph":[{"@type":"WebPage","@id":"https:\/\/ideiagraficaebrindes.com.br\/produto\/quebra-cabeca-personalizado-24-pecas\/","url":"https:\/\/ideiagraficaebrindes.com.br\/produto\/quebra-cabeca-personalizado-24-pecas\/","name":"Quebra-Cabe\u00e7a personalizado 24 pe\u00e7as - Ideia Gr\u00e1fica e Brindes","isPartOf":{"@id":"https:\/\/ideiagraficaebrindes.com.br\/#website"},"primaryImageOfPage":{"@id":"https:\/\/ideiagraficaebrindes.com.br\/produto\/quebra-cabeca-personalizado-24-pecas\/#primaryimage"},"image":{"@id":"https:\/\/ideiagraficaebrindes.com.br\/produto\/quebra-cabeca-personalizado-24-pecas\/#primaryimage"},"thumbnailUrl":"https:\/\/ideiagraficaebrindes.com.br\/wp-content\/uploads\/2021\/07\/14769.jpg","datePublished":"2021-07-24T12:00:27+00:00","breadcrumb":{"@id":"https:\/\/ideiagraficaebrindes.com.br\/produto\/quebra-cabeca-personalizado-24-pecas\/#breadcrumb"},"inLanguage":"en-US","potentialAction":[{"@type":"ReadAction","target":["https:\/\/ideiagraficaebrindes.com.br\/produto\/quebra-cabeca-personalizado-24-pecas\/"]}]},{"@type":"ImageObject","inLanguage":"en-US","@id":"https:\/\/ideiagraficaebrindes.com.br\/produto\/quebra-cabeca-personalizado-24-pecas\/#primaryimage","url":"https:\/\/ideiagraficaebrindes.com.br\/wp-content\/uploads\/2021\/07\/14769.jpg","contentUrl":"https:\/\/ideiagraficaebrindes.com.br\/wp-content\/uploads\/2021\/07\/14769.jpg","width":1500,"height":1380},{"@type":"BreadcrumbList","@id":"https:\/\/ideiagraficaebrindes.com.br\/produto\/quebra-cabeca-personalizado-24-pecas\/#breadcrumb","itemListElement":[{"@type":"ListItem","position":1,"name":"In\u00edcio","item":"https:\/\/ideiagraficaebrindes.com.br\/"},{"@type":"ListItem","position":2,"name":"Loja","item":"https:\/\/ideiagraficaebrindes.com.br\/loja\/"},{"@type":"ListItem","position":3,"name":"Quebra-Cabe\u00e7a personalizado 24 pe\u00e7as"}]},{"@type":"WebSite","@id":"https:\/\/ideiagraficaebrindes.com.br\/#website","url":"https:\/\/ideiagraficaebrindes.com.br\/","name":"Ideia Gr\u00e1fica e Brindes","description":"Brindes Personalizados e Impress\u00e3o em geral","potentialAction":[{"@type":"SearchAction","target":{"@type":"EntryPoint","urlTemplate":"https:\/\/ideiagraficaebrindes.com.br\/?s={search_term_string}"},"query-input":{"@type":"PropertyValueSpecification","valueRequired":true,"valueName":"search_term_string"}}],"inLanguage":"en-US"}]}},"_links":{"self":[{"href":"https:\/\/ideiagraficaebrindes.com.br\/en\/wp-json\/wp\/v2\/product\/7316","targetHints":{"allow":["GET"]}}],"collection":[{"href":"https:\/\/ideiagraficaebrindes.com.br\/en\/wp-json\/wp\/v2\/product"}],"about":[{"href":"https:\/\/ideiagraficaebrindes.com.br\/en\/wp-json\/wp\/v2\/types\/product"}],"replies":[{"embeddable":true,"href":"https:\/\/ideiagraficaebrindes.com.br\/en\/wp-json\/wp\/v2\/comments?post=7316"}],"wp:featuredmedia":[{"embeddable":true,"href":"https:\/\/ideiagraficaebrindes.com.br\/en\/wp-json\/wp\/v2\/media\/7317"}],"wp:attachment":[{"href":"https:\/\/ideiagraficaebrindes.com.br\/en\/wp-json\/wp\/v2\/media?parent=7316"}],"wp:term":[{"taxonomy":"product_brand","embeddable":true,"href":"https:\/\/ideiagraficaebrindes.com.br\/en\/wp-json\/wp\/v2\/product_brand?post=7316"},{"taxonomy":"product_cat","embeddable":true,"href":"https:\/\/ideiagraficaebrindes.com.br\/en\/wp-json\/wp\/v2\/product_cat?post=7316"},{"taxonomy":"product_tag","embeddable":true,"href":"https:\/\/ideiagraficaebrindes.com.br\/en\/wp-json\/wp\/v2\/product_tag?post=7316"}],"curies":[{"name":"wp","href":"https:\/\/api.w.org\/{rel}","templated":true}]}}