{"id":7310,"date":"2021-07-24T08:53:37","date_gmt":"2021-07-24T11:53:37","guid":{"rendered":"https:\/\/ideiagraficaebrindes.com.br\/?post_type=product&#038;p=7310"},"modified":"2023-04-14T18:23:45","modified_gmt":"2023-04-14T21:23:45","slug":"almofada-magica-lantejoulas","status":"publish","type":"product","link":"https:\/\/ideiagraficaebrindes.com.br\/en\/product\/almofada-magica-lantejoulas\/","title":{"rendered":"Almofada M\u00e1gica Lantejoulas"},"content":{"rendered":"<p>Almofada M\u00e1gica de Paet\u00ea &#8211; Com<br \/>\nenchimento<\/p>\n<p>Personalizamos com a frase ou imagem que voc\u00ea quiser.<\/p>\n<p>O lado colorido \u00e9 sem estampa, e quando voc\u00ea passa a m\u00e3o ao contr\u00e1rio, a frase ou imagem aparece.<\/p>\n<p>CORES<br \/>\n&#8211; Verificar cores dispon\u00edveis<\/p>\n<p>TAMANHO<\/p>\n<p>40x40cm<\/p>\n<p>Apenas um lado possui paet\u00ea, o verso \u00e9 liso.<br \/>\nPossui abertura para retirada do enchimento.<\/p>","protected":false},"excerpt":{"rendered":"<p>Almofada M\u00e1gica de Paet\u00ea &#8211; Com<br \/>\nenchimento<\/p>\n<p>Personalizamos com a frase ou imagem que voc\u00ea quiser.<\/p>\n<p>O lado colorido \u00e9 sem estampa, e quando voc\u00ea passa a m\u00e3o ao contr\u00e1rio, a frase ou imagem aparece.<\/p>\n<p>CORES<br \/>\n&#8211; Verificar cores dispon\u00edveis<\/p>\n<p>TAMANHO<\/p>\n<p>40x40cm<\/p>\n<p>Apenas um lado possui paet\u00ea, o verso \u00e9 liso.<br \/>\nPossui abertura para retirada do enchimento.<\/p>","protected":false},"featured_media":7311,"comment_status":"open","ping_status":"closed","template":"","meta":{"_monsterinsights_skip_tracking":false,"_monsterinsights_sitenote_active":false,"_monsterinsights_sitenote_note":"","_monsterinsights_sitenote_category":0},"product_brand":[],"product_cat":[219,331,188],"product_tag":[332,333],"class_list":{"0":"post-7310","1":"product","2":"type-product","3":"status-publish","4":"has-post-thumbnail","6":"product_cat-brindes","7":"product_cat-diversos","8":"product_cat-home","9":"product_tag-almofada","10":"product_tag-almofada-magica","12":"first","13":"instock","14":"shipping-taxable","15":"product-type-simple"},"yoast_head":"<!-- This site is optimized with the Yoast SEO plugin v27.4 - https:\/\/yoast.com\/product\/yoast-seo-wordpress\/ -->\n<title>Almofada M\u00e1gica Lantejoulas - Ideia Gr\u00e1fica e Brindes<\/title>\n<meta name=\"description\" content=\"Nossa categoria de Almofadas M\u00e1gicas, \u00e9 uma \u00f3tima op\u00e7\u00e3o para quem quer inovar e surpreender. Lantejoula Muda de cor quando a lantejoula \u00e9 virada!\" \/>\n<meta name=\"robots\" content=\"index, follow, max-snippet:-1, max-image-preview:large, max-video-preview:-1\" \/>\n<link rel=\"canonical\" href=\"https:\/\/ideiagraficaebrindes.com.br\/en\/product\/almofada-magica-lantejoulas\/\" \/>\n<meta property=\"og:locale\" content=\"en_US\" \/>\n<meta property=\"og:type\" content=\"article\" \/>\n<meta property=\"og:title\" content=\"Almofada M\u00e1gica Lantejoulas - Ideia Gr\u00e1fica e Brindes\" \/>\n<meta property=\"og:description\" content=\"Nossa categoria de Almofadas M\u00e1gicas, \u00e9 uma \u00f3tima op\u00e7\u00e3o para quem quer inovar e surpreender. Lantejoula Muda de cor quando a lantejoula \u00e9 virada!\" \/>\n<meta property=\"og:url\" content=\"https:\/\/ideiagraficaebrindes.com.br\/en\/product\/almofada-magica-lantejoulas\/\" \/>\n<meta property=\"og:site_name\" content=\"Ideia Gr\u00e1fica e Brindes\" \/>\n<meta property=\"article:modified_time\" content=\"2023-04-14T21:23:45+00:00\" \/>\n<meta property=\"og:image\" content=\"https:\/\/ideiagraficaebrindes.com.br\/wp-content\/uploads\/2021\/07\/800_6036a06343ad0.webp\" \/>\n\t<meta property=\"og:image:width\" content=\"350\" \/>\n\t<meta property=\"og:image:height\" content=\"350\" \/>\n\t<meta property=\"og:image:type\" content=\"image\/webp\" \/>\n<meta name=\"twitter:card\" content=\"summary_large_image\" \/>\n<meta name=\"twitter:label1\" content=\"Est. reading time\" \/>\n\t<meta name=\"twitter:data1\" content=\"1 minute\" \/>\n<script type=\"application\/ld+json\" class=\"yoast-schema-graph\">{\"@context\":\"https:\\\/\\\/schema.org\",\"@graph\":[{\"@type\":\"WebPage\",\"@id\":\"https:\\\/\\\/ideiagraficaebrindes.com.br\\\/produto\\\/almofada-magica-lantejoulas\\\/\",\"url\":\"https:\\\/\\\/ideiagraficaebrindes.com.br\\\/produto\\\/almofada-magica-lantejoulas\\\/\",\"name\":\"Almofada M\u00e1gica Lantejoulas - Ideia Gr\u00e1fica e Brindes\",\"isPartOf\":{\"@id\":\"https:\\\/\\\/ideiagraficaebrindes.com.br\\\/#website\"},\"primaryImageOfPage\":{\"@id\":\"https:\\\/\\\/ideiagraficaebrindes.com.br\\\/produto\\\/almofada-magica-lantejoulas\\\/#primaryimage\"},\"image\":{\"@id\":\"https:\\\/\\\/ideiagraficaebrindes.com.br\\\/produto\\\/almofada-magica-lantejoulas\\\/#primaryimage\"},\"thumbnailUrl\":\"https:\\\/\\\/ideiagraficaebrindes.com.br\\\/wp-content\\\/uploads\\\/2021\\\/07\\\/800_6036a06343ad0.webp\",\"datePublished\":\"2021-07-24T11:53:37+00:00\",\"dateModified\":\"2023-04-14T21:23:45+00:00\",\"description\":\"Nossa categoria de Almofadas M\u00e1gicas, \u00e9 uma \u00f3tima op\u00e7\u00e3o para quem quer inovar e surpreender. Lantejoula Muda de cor quando a lantejoula \u00e9 virada!\",\"breadcrumb\":{\"@id\":\"https:\\\/\\\/ideiagraficaebrindes.com.br\\\/produto\\\/almofada-magica-lantejoulas\\\/#breadcrumb\"},\"inLanguage\":\"en-US\",\"potentialAction\":[{\"@type\":\"ReadAction\",\"target\":[\"https:\\\/\\\/ideiagraficaebrindes.com.br\\\/produto\\\/almofada-magica-lantejoulas\\\/\"]}]},{\"@type\":\"ImageObject\",\"inLanguage\":\"en-US\",\"@id\":\"https:\\\/\\\/ideiagraficaebrindes.com.br\\\/produto\\\/almofada-magica-lantejoulas\\\/#primaryimage\",\"url\":\"https:\\\/\\\/ideiagraficaebrindes.com.br\\\/wp-content\\\/uploads\\\/2021\\\/07\\\/800_6036a06343ad0.webp\",\"contentUrl\":\"https:\\\/\\\/ideiagraficaebrindes.com.br\\\/wp-content\\\/uploads\\\/2021\\\/07\\\/800_6036a06343ad0.webp\",\"width\":350,\"height\":350},{\"@type\":\"BreadcrumbList\",\"@id\":\"https:\\\/\\\/ideiagraficaebrindes.com.br\\\/produto\\\/almofada-magica-lantejoulas\\\/#breadcrumb\",\"itemListElement\":[{\"@type\":\"ListItem\",\"position\":1,\"name\":\"In\u00edcio\",\"item\":\"https:\\\/\\\/ideiagraficaebrindes.com.br\\\/\"},{\"@type\":\"ListItem\",\"position\":2,\"name\":\"Loja\",\"item\":\"https:\\\/\\\/ideiagraficaebrindes.com.br\\\/loja\\\/\"},{\"@type\":\"ListItem\",\"position\":3,\"name\":\"Almofada M\u00e1gica Lantejoulas\"}]},{\"@type\":\"WebSite\",\"@id\":\"https:\\\/\\\/ideiagraficaebrindes.com.br\\\/#website\",\"url\":\"https:\\\/\\\/ideiagraficaebrindes.com.br\\\/\",\"name\":\"Ideia Gr\u00e1fica e Brindes\",\"description\":\"Brindes Personalizados e Impress\u00e3o em geral\",\"potentialAction\":[{\"@type\":\"SearchAction\",\"target\":{\"@type\":\"EntryPoint\",\"urlTemplate\":\"https:\\\/\\\/ideiagraficaebrindes.com.br\\\/?s={search_term_string}\"},\"query-input\":{\"@type\":\"PropertyValueSpecification\",\"valueRequired\":true,\"valueName\":\"search_term_string\"}}],\"inLanguage\":\"en-US\"}]}<\/script>\n<!-- \/ Yoast SEO plugin. -->","yoast_head_json":{"title":"Almofada M\u00e1gica Lantejoulas - Ideia Gr\u00e1fica e Brindes","description":"Nossa categoria de Almofadas M\u00e1gicas, \u00e9 uma \u00f3tima op\u00e7\u00e3o para quem quer inovar e surpreender. Lantejoula Muda de cor quando a lantejoula \u00e9 virada!","robots":{"index":"index","follow":"follow","max-snippet":"max-snippet:-1","max-image-preview":"max-image-preview:large","max-video-preview":"max-video-preview:-1"},"canonical":"https:\/\/ideiagraficaebrindes.com.br\/en\/product\/almofada-magica-lantejoulas\/","og_locale":"en_US","og_type":"article","og_title":"Almofada M\u00e1gica Lantejoulas - Ideia Gr\u00e1fica e Brindes","og_description":"Nossa categoria de Almofadas M\u00e1gicas, \u00e9 uma \u00f3tima op\u00e7\u00e3o para quem quer inovar e surpreender. Lantejoula Muda de cor quando a lantejoula \u00e9 virada!","og_url":"https:\/\/ideiagraficaebrindes.com.br\/en\/product\/almofada-magica-lantejoulas\/","og_site_name":"Ideia Gr\u00e1fica e Brindes","article_modified_time":"2023-04-14T21:23:45+00:00","og_image":[{"width":350,"height":350,"url":"https:\/\/ideiagraficaebrindes.com.br\/wp-content\/uploads\/2021\/07\/800_6036a06343ad0.webp","type":"image\/webp"}],"twitter_card":"summary_large_image","twitter_misc":{"Est. reading time":"1 minute"},"schema":{"@context":"https:\/\/schema.org","@graph":[{"@type":"WebPage","@id":"https:\/\/ideiagraficaebrindes.com.br\/produto\/almofada-magica-lantejoulas\/","url":"https:\/\/ideiagraficaebrindes.com.br\/produto\/almofada-magica-lantejoulas\/","name":"Almofada M\u00e1gica Lantejoulas - Ideia Gr\u00e1fica e Brindes","isPartOf":{"@id":"https:\/\/ideiagraficaebrindes.com.br\/#website"},"primaryImageOfPage":{"@id":"https:\/\/ideiagraficaebrindes.com.br\/produto\/almofada-magica-lantejoulas\/#primaryimage"},"image":{"@id":"https:\/\/ideiagraficaebrindes.com.br\/produto\/almofada-magica-lantejoulas\/#primaryimage"},"thumbnailUrl":"https:\/\/ideiagraficaebrindes.com.br\/wp-content\/uploads\/2021\/07\/800_6036a06343ad0.webp","datePublished":"2021-07-24T11:53:37+00:00","dateModified":"2023-04-14T21:23:45+00:00","description":"Nossa categoria de Almofadas M\u00e1gicas, \u00e9 uma \u00f3tima op\u00e7\u00e3o para quem quer inovar e surpreender. Lantejoula Muda de cor quando a lantejoula \u00e9 virada!","breadcrumb":{"@id":"https:\/\/ideiagraficaebrindes.com.br\/produto\/almofada-magica-lantejoulas\/#breadcrumb"},"inLanguage":"en-US","potentialAction":[{"@type":"ReadAction","target":["https:\/\/ideiagraficaebrindes.com.br\/produto\/almofada-magica-lantejoulas\/"]}]},{"@type":"ImageObject","inLanguage":"en-US","@id":"https:\/\/ideiagraficaebrindes.com.br\/produto\/almofada-magica-lantejoulas\/#primaryimage","url":"https:\/\/ideiagraficaebrindes.com.br\/wp-content\/uploads\/2021\/07\/800_6036a06343ad0.webp","contentUrl":"https:\/\/ideiagraficaebrindes.com.br\/wp-content\/uploads\/2021\/07\/800_6036a06343ad0.webp","width":350,"height":350},{"@type":"BreadcrumbList","@id":"https:\/\/ideiagraficaebrindes.com.br\/produto\/almofada-magica-lantejoulas\/#breadcrumb","itemListElement":[{"@type":"ListItem","position":1,"name":"In\u00edcio","item":"https:\/\/ideiagraficaebrindes.com.br\/"},{"@type":"ListItem","position":2,"name":"Loja","item":"https:\/\/ideiagraficaebrindes.com.br\/loja\/"},{"@type":"ListItem","position":3,"name":"Almofada M\u00e1gica Lantejoulas"}]},{"@type":"WebSite","@id":"https:\/\/ideiagraficaebrindes.com.br\/#website","url":"https:\/\/ideiagraficaebrindes.com.br\/","name":"Ideia Gr\u00e1fica e Brindes","description":"Brindes Personalizados e Impress\u00e3o em geral","potentialAction":[{"@type":"SearchAction","target":{"@type":"EntryPoint","urlTemplate":"https:\/\/ideiagraficaebrindes.com.br\/?s={search_term_string}"},"query-input":{"@type":"PropertyValueSpecification","valueRequired":true,"valueName":"search_term_string"}}],"inLanguage":"en-US"}]}},"_links":{"self":[{"href":"https:\/\/ideiagraficaebrindes.com.br\/en\/wp-json\/wp\/v2\/product\/7310","targetHints":{"allow":["GET"]}}],"collection":[{"href":"https:\/\/ideiagraficaebrindes.com.br\/en\/wp-json\/wp\/v2\/product"}],"about":[{"href":"https:\/\/ideiagraficaebrindes.com.br\/en\/wp-json\/wp\/v2\/types\/product"}],"replies":[{"embeddable":true,"href":"https:\/\/ideiagraficaebrindes.com.br\/en\/wp-json\/wp\/v2\/comments?post=7310"}],"wp:featuredmedia":[{"embeddable":true,"href":"https:\/\/ideiagraficaebrindes.com.br\/en\/wp-json\/wp\/v2\/media\/7311"}],"wp:attachment":[{"href":"https:\/\/ideiagraficaebrindes.com.br\/en\/wp-json\/wp\/v2\/media?parent=7310"}],"wp:term":[{"taxonomy":"product_brand","embeddable":true,"href":"https:\/\/ideiagraficaebrindes.com.br\/en\/wp-json\/wp\/v2\/product_brand?post=7310"},{"taxonomy":"product_cat","embeddable":true,"href":"https:\/\/ideiagraficaebrindes.com.br\/en\/wp-json\/wp\/v2\/product_cat?post=7310"},{"taxonomy":"product_tag","embeddable":true,"href":"https:\/\/ideiagraficaebrindes.com.br\/en\/wp-json\/wp\/v2\/product_tag?post=7310"}],"curies":[{"name":"wp","href":"https:\/\/api.w.org\/{rel}","templated":true}]}}