{"id":6896,"date":"2021-07-22T09:27:04","date_gmt":"2021-07-22T12:27:04","guid":{"rendered":"https:\/\/ideiagraficaebrindes.com.br\/?post_type=product&#038;p=6896"},"modified":"2021-07-22T09:27:04","modified_gmt":"2021-07-22T12:27:04","slug":"necessaire-nylon-oxford","status":"publish","type":"product","link":"https:\/\/ideiagraficaebrindes.com.br\/en\/product\/necessaire-nylon-oxford\/","title":{"rendered":"Necessaire Nylon Oxford"},"content":{"rendered":"<div class=\"desc\">\n<p class=\"desc-tit\">Descri\u00e7\u00e3o:\u00a0<span class=\"desc-sub my-desc-sub\">Necessaire organizadora em tecido nylon Oxford, abertura frontal por velcro e al\u00e7a superior, parte interna com gancho pl\u00e1stico; bolso interno superior de pvc e bolso de tela superior; dois bolsos inferiores de z\u00edper, sendo o primeiro com detalhe superior em tela e 3 divis\u00f5es internas e o segundo na parte frontal interna. Perfeita para lhe acompanhar em viagens e at\u00e9 mesmo transportar seus itens pessoais do dia a dia com organiza\u00e7\u00e3o e praticidade.<\/span><\/p>\n<\/div>\n<div class=\"desc\">\n<p class=\"desc-tit\">Medidas aproximadas para grava\u00e7\u00e3o<span class=\"desc-sub\">\u00a0(CxL):\u00a0 13 cm x 19,7 cm<\/span><\/p>\n<\/div>\n<div class=\"desc\">\n<p class=\"desc-tit\">Tamanho total aproximado\u00a0<span class=\"desc-sub\">\u00a0(CxL):\u00a0 20,5 cm x 22 cm \u2013 41 cm aberto<\/span><\/p>\n<\/div>\n<div class=\"desc\">\n<p class=\"desc-tit\">Peso aproximado<span class=\"desc-sub\">\u00a0(g):\u00a0 150<\/span><\/p>\n<\/div>","protected":false},"excerpt":{"rendered":"<div class=\"desc\">\n<p class=\"desc-tit\">Descri\u00e7\u00e3o:\u00a0<span class=\"desc-sub my-desc-sub\">Necessaire organizadora em tecido nylon Oxford, abertura frontal por velcro e al\u00e7a superior, parte interna com gancho pl\u00e1stico; bolso interno superior de pvc e bolso de tela superior; dois bolsos inferiores de z\u00edper, sendo o primeiro com detalhe superior em tela e 3 divis\u00f5es internas e o segundo na parte frontal interna. Perfeita para lhe acompanhar em viagens e at\u00e9 mesmo transportar seus itens pessoais do dia a dia com organiza\u00e7\u00e3o e praticidade.<\/span><\/p>\n<\/div>\n<div class=\"desc\">\n<p class=\"desc-tit\">Medidas aproximadas para grava\u00e7\u00e3o<span class=\"desc-sub\">\u00a0(CxL):\u00a0 13 cm x 19,7 cm<\/span><\/p>\n<\/div>\n<div class=\"desc\">\n<p class=\"desc-tit\">Tamanho total aproximado\u00a0<span class=\"desc-sub\">\u00a0(CxL):\u00a0 20,5 cm x 22 cm \u2013 41 cm aberto<\/span><\/p>\n<\/div>\n<div class=\"desc\">\n<p class=\"desc-tit\">Peso aproximado<span class=\"desc-sub\">\u00a0(g):\u00a0 150<\/span><\/p>\n<\/div>","protected":false},"featured_media":6897,"comment_status":"open","ping_status":"closed","template":"","meta":{"_monsterinsights_skip_tracking":false,"_monsterinsights_sitenote_active":false,"_monsterinsights_sitenote_note":"","_monsterinsights_sitenote_category":0},"product_brand":[],"product_cat":[219,310],"product_tag":[311],"class_list":{"0":"post-6896","1":"product","2":"type-product","3":"status-publish","4":"has-post-thumbnail","6":"product_cat-brindes","7":"product_cat-necessaire","8":"product_tag-necessaire","10":"first","11":"instock","12":"shipping-taxable","13":"product-type-simple"},"yoast_head":"<!-- This site is optimized with the Yoast SEO plugin v27.4 - https:\/\/yoast.com\/product\/yoast-seo-wordpress\/ -->\n<title>Necessaire Nylon Oxford - Ideia Gr\u00e1fica e Brindes<\/title>\n<meta name=\"robots\" content=\"index, follow, max-snippet:-1, max-image-preview:large, max-video-preview:-1\" \/>\n<link rel=\"canonical\" href=\"https:\/\/ideiagraficaebrindes.com.br\/en\/product\/necessaire-nylon-oxford\/\" \/>\n<meta property=\"og:locale\" content=\"en_US\" \/>\n<meta property=\"og:type\" content=\"article\" \/>\n<meta property=\"og:title\" content=\"Necessaire Nylon Oxford - Ideia Gr\u00e1fica e Brindes\" \/>\n<meta property=\"og:description\" content=\"Descri\u00e7\u00e3o:\u00a0Necessaire organizadora em tecido nylon Oxford, abertura frontal por velcro e al\u00e7a superior, parte interna com gancho pl\u00e1stico; bolso interno superior de pvc e bolso de tela superior; dois bolsos inferiores de z\u00edper, sendo o primeiro com detalhe superior em tela e 3 divis\u00f5es internas e o segundo na parte frontal interna. Perfeita para lhe acompanhar em viagens e at\u00e9 mesmo transportar seus itens pessoais do dia a dia com organiza\u00e7\u00e3o e praticidade.    Medidas aproximadas para grava\u00e7\u00e3o\u00a0(CxL):\u00a0 13 cm x 19,7 cm    Tamanho total aproximado\u00a0\u00a0(CxL):\u00a0 20,5 cm x 22 cm \u2013 41 cm aberto    Peso aproximado\u00a0(g):\u00a0 150\" \/>\n<meta property=\"og:url\" content=\"https:\/\/ideiagraficaebrindes.com.br\/en\/product\/necessaire-nylon-oxford\/\" \/>\n<meta property=\"og:site_name\" content=\"Ideia Gr\u00e1fica e Brindes\" \/>\n<meta property=\"og:image\" content=\"https:\/\/ideiagraficaebrindes.com.br\/wp-content\/uploads\/2021\/07\/Necessaire-Nylon-Oxford-8325-1553717295.jpg\" \/>\n\t<meta property=\"og:image:width\" content=\"1000\" \/>\n\t<meta property=\"og:image:height\" content=\"1000\" \/>\n\t<meta property=\"og:image:type\" content=\"image\/jpeg\" \/>\n<meta name=\"twitter:card\" content=\"summary_large_image\" \/>\n<meta name=\"twitter:label1\" content=\"Est. reading time\" \/>\n\t<meta name=\"twitter:data1\" content=\"1 minute\" \/>\n<script type=\"application\/ld+json\" class=\"yoast-schema-graph\">{\"@context\":\"https:\\\/\\\/schema.org\",\"@graph\":[{\"@type\":\"WebPage\",\"@id\":\"https:\\\/\\\/ideiagraficaebrindes.com.br\\\/en\\\/product\\\/necessaire-nylon-oxford\\\/\",\"url\":\"https:\\\/\\\/ideiagraficaebrindes.com.br\\\/en\\\/product\\\/necessaire-nylon-oxford\\\/\",\"name\":\"Necessaire Nylon Oxford - Ideia Gr\u00e1fica e Brindes\",\"isPartOf\":{\"@id\":\"https:\\\/\\\/ideiagraficaebrindes.com.br\\\/#website\"},\"primaryImageOfPage\":{\"@id\":\"https:\\\/\\\/ideiagraficaebrindes.com.br\\\/en\\\/product\\\/necessaire-nylon-oxford\\\/#primaryimage\"},\"image\":{\"@id\":\"https:\\\/\\\/ideiagraficaebrindes.com.br\\\/en\\\/product\\\/necessaire-nylon-oxford\\\/#primaryimage\"},\"thumbnailUrl\":\"https:\\\/\\\/ideiagraficaebrindes.com.br\\\/wp-content\\\/uploads\\\/2021\\\/07\\\/Necessaire-Nylon-Oxford-8325-1553717295.jpg\",\"datePublished\":\"2021-07-22T12:27:04+00:00\",\"breadcrumb\":{\"@id\":\"https:\\\/\\\/ideiagraficaebrindes.com.br\\\/en\\\/product\\\/necessaire-nylon-oxford\\\/#breadcrumb\"},\"inLanguage\":\"en-US\",\"potentialAction\":[{\"@type\":\"ReadAction\",\"target\":[\"https:\\\/\\\/ideiagraficaebrindes.com.br\\\/en\\\/product\\\/necessaire-nylon-oxford\\\/\"]}]},{\"@type\":\"ImageObject\",\"inLanguage\":\"en-US\",\"@id\":\"https:\\\/\\\/ideiagraficaebrindes.com.br\\\/en\\\/product\\\/necessaire-nylon-oxford\\\/#primaryimage\",\"url\":\"https:\\\/\\\/ideiagraficaebrindes.com.br\\\/wp-content\\\/uploads\\\/2021\\\/07\\\/Necessaire-Nylon-Oxford-8325-1553717295.jpg\",\"contentUrl\":\"https:\\\/\\\/ideiagraficaebrindes.com.br\\\/wp-content\\\/uploads\\\/2021\\\/07\\\/Necessaire-Nylon-Oxford-8325-1553717295.jpg\",\"width\":1000,\"height\":1000},{\"@type\":\"BreadcrumbList\",\"@id\":\"https:\\\/\\\/ideiagraficaebrindes.com.br\\\/en\\\/product\\\/necessaire-nylon-oxford\\\/#breadcrumb\",\"itemListElement\":[{\"@type\":\"ListItem\",\"position\":1,\"name\":\"In\u00edcio\",\"item\":\"https:\\\/\\\/ideiagraficaebrindes.com.br\\\/\"},{\"@type\":\"ListItem\",\"position\":2,\"name\":\"Loja\",\"item\":\"https:\\\/\\\/ideiagraficaebrindes.com.br\\\/loja\\\/\"},{\"@type\":\"ListItem\",\"position\":3,\"name\":\"Necessaire Nylon Oxford\"}]},{\"@type\":\"WebSite\",\"@id\":\"https:\\\/\\\/ideiagraficaebrindes.com.br\\\/#website\",\"url\":\"https:\\\/\\\/ideiagraficaebrindes.com.br\\\/\",\"name\":\"Ideia Gr\u00e1fica e Brindes\",\"description\":\"Brindes Personalizados e Impress\u00e3o em geral\",\"potentialAction\":[{\"@type\":\"SearchAction\",\"target\":{\"@type\":\"EntryPoint\",\"urlTemplate\":\"https:\\\/\\\/ideiagraficaebrindes.com.br\\\/?s={search_term_string}\"},\"query-input\":{\"@type\":\"PropertyValueSpecification\",\"valueRequired\":true,\"valueName\":\"search_term_string\"}}],\"inLanguage\":\"en-US\"}]}<\/script>\n<!-- \/ Yoast SEO plugin. -->","yoast_head_json":{"title":"Necessaire Nylon Oxford - Ideia Gr\u00e1fica e Brindes","robots":{"index":"index","follow":"follow","max-snippet":"max-snippet:-1","max-image-preview":"max-image-preview:large","max-video-preview":"max-video-preview:-1"},"canonical":"https:\/\/ideiagraficaebrindes.com.br\/en\/product\/necessaire-nylon-oxford\/","og_locale":"en_US","og_type":"article","og_title":"Necessaire Nylon Oxford - Ideia Gr\u00e1fica e Brindes","og_description":"Descri\u00e7\u00e3o:\u00a0Necessaire organizadora em tecido nylon Oxford, abertura frontal por velcro e al\u00e7a superior, parte interna com gancho pl\u00e1stico; bolso interno superior de pvc e bolso de tela superior; dois bolsos inferiores de z\u00edper, sendo o primeiro com detalhe superior em tela e 3 divis\u00f5es internas e o segundo na parte frontal interna. Perfeita para lhe acompanhar em viagens e at\u00e9 mesmo transportar seus itens pessoais do dia a dia com organiza\u00e7\u00e3o e praticidade.    Medidas aproximadas para grava\u00e7\u00e3o\u00a0(CxL):\u00a0 13 cm x 19,7 cm    Tamanho total aproximado\u00a0\u00a0(CxL):\u00a0 20,5 cm x 22 cm \u2013 41 cm aberto    Peso aproximado\u00a0(g):\u00a0 150","og_url":"https:\/\/ideiagraficaebrindes.com.br\/en\/product\/necessaire-nylon-oxford\/","og_site_name":"Ideia Gr\u00e1fica e Brindes","og_image":[{"width":1000,"height":1000,"url":"https:\/\/ideiagraficaebrindes.com.br\/wp-content\/uploads\/2021\/07\/Necessaire-Nylon-Oxford-8325-1553717295.jpg","type":"image\/jpeg"}],"twitter_card":"summary_large_image","twitter_misc":{"Est. reading time":"1 minute"},"schema":{"@context":"https:\/\/schema.org","@graph":[{"@type":"WebPage","@id":"https:\/\/ideiagraficaebrindes.com.br\/en\/product\/necessaire-nylon-oxford\/","url":"https:\/\/ideiagraficaebrindes.com.br\/en\/product\/necessaire-nylon-oxford\/","name":"Necessaire Nylon Oxford - Ideia Gr\u00e1fica e Brindes","isPartOf":{"@id":"https:\/\/ideiagraficaebrindes.com.br\/#website"},"primaryImageOfPage":{"@id":"https:\/\/ideiagraficaebrindes.com.br\/en\/product\/necessaire-nylon-oxford\/#primaryimage"},"image":{"@id":"https:\/\/ideiagraficaebrindes.com.br\/en\/product\/necessaire-nylon-oxford\/#primaryimage"},"thumbnailUrl":"https:\/\/ideiagraficaebrindes.com.br\/wp-content\/uploads\/2021\/07\/Necessaire-Nylon-Oxford-8325-1553717295.jpg","datePublished":"2021-07-22T12:27:04+00:00","breadcrumb":{"@id":"https:\/\/ideiagraficaebrindes.com.br\/en\/product\/necessaire-nylon-oxford\/#breadcrumb"},"inLanguage":"en-US","potentialAction":[{"@type":"ReadAction","target":["https:\/\/ideiagraficaebrindes.com.br\/en\/product\/necessaire-nylon-oxford\/"]}]},{"@type":"ImageObject","inLanguage":"en-US","@id":"https:\/\/ideiagraficaebrindes.com.br\/en\/product\/necessaire-nylon-oxford\/#primaryimage","url":"https:\/\/ideiagraficaebrindes.com.br\/wp-content\/uploads\/2021\/07\/Necessaire-Nylon-Oxford-8325-1553717295.jpg","contentUrl":"https:\/\/ideiagraficaebrindes.com.br\/wp-content\/uploads\/2021\/07\/Necessaire-Nylon-Oxford-8325-1553717295.jpg","width":1000,"height":1000},{"@type":"BreadcrumbList","@id":"https:\/\/ideiagraficaebrindes.com.br\/en\/product\/necessaire-nylon-oxford\/#breadcrumb","itemListElement":[{"@type":"ListItem","position":1,"name":"In\u00edcio","item":"https:\/\/ideiagraficaebrindes.com.br\/"},{"@type":"ListItem","position":2,"name":"Loja","item":"https:\/\/ideiagraficaebrindes.com.br\/loja\/"},{"@type":"ListItem","position":3,"name":"Necessaire Nylon Oxford"}]},{"@type":"WebSite","@id":"https:\/\/ideiagraficaebrindes.com.br\/#website","url":"https:\/\/ideiagraficaebrindes.com.br\/","name":"Ideia Gr\u00e1fica e Brindes","description":"Brindes Personalizados e Impress\u00e3o em geral","potentialAction":[{"@type":"SearchAction","target":{"@type":"EntryPoint","urlTemplate":"https:\/\/ideiagraficaebrindes.com.br\/?s={search_term_string}"},"query-input":{"@type":"PropertyValueSpecification","valueRequired":true,"valueName":"search_term_string"}}],"inLanguage":"en-US"}]}},"_links":{"self":[{"href":"https:\/\/ideiagraficaebrindes.com.br\/en\/wp-json\/wp\/v2\/product\/6896","targetHints":{"allow":["GET"]}}],"collection":[{"href":"https:\/\/ideiagraficaebrindes.com.br\/en\/wp-json\/wp\/v2\/product"}],"about":[{"href":"https:\/\/ideiagraficaebrindes.com.br\/en\/wp-json\/wp\/v2\/types\/product"}],"replies":[{"embeddable":true,"href":"https:\/\/ideiagraficaebrindes.com.br\/en\/wp-json\/wp\/v2\/comments?post=6896"}],"wp:featuredmedia":[{"embeddable":true,"href":"https:\/\/ideiagraficaebrindes.com.br\/en\/wp-json\/wp\/v2\/media\/6897"}],"wp:attachment":[{"href":"https:\/\/ideiagraficaebrindes.com.br\/en\/wp-json\/wp\/v2\/media?parent=6896"}],"wp:term":[{"taxonomy":"product_brand","embeddable":true,"href":"https:\/\/ideiagraficaebrindes.com.br\/en\/wp-json\/wp\/v2\/product_brand?post=6896"},{"taxonomy":"product_cat","embeddable":true,"href":"https:\/\/ideiagraficaebrindes.com.br\/en\/wp-json\/wp\/v2\/product_cat?post=6896"},{"taxonomy":"product_tag","embeddable":true,"href":"https:\/\/ideiagraficaebrindes.com.br\/en\/wp-json\/wp\/v2\/product_tag?post=6896"}],"curies":[{"name":"wp","href":"https:\/\/api.w.org\/{rel}","templated":true}]}}