{"id":6369,"date":"2021-07-14T19:05:09","date_gmt":"2021-07-14T22:05:09","guid":{"rendered":"https:\/\/ideiagraficaebrindes.com.br\/?post_type=product&#038;p=6369"},"modified":"2021-07-14T19:05:09","modified_gmt":"2021-07-14T22:05:09","slug":"caneca-de-fibra-de-coco","status":"publish","type":"product","link":"https:\/\/ideiagraficaebrindes.com.br\/en\/product\/caneca-de-fibra-de-coco\/","title":{"rendered":"Caneca de Fibra de Coco"},"content":{"rendered":"<h5 class=\"tx-lighter\"><strong>Descri\u00e7\u00e3o de\u00a0CANECA DE FIBRA DE COCO<\/strong><\/h5>\n<ul>\n<li>Caneca redonda feita com fibra de Coco.<\/li>\n<li>Personaliza\u00e7\u00e3o 1 cor de 1 lado da caneca.<\/li>\n<li>Acompanha Colher no mesmo material.<\/li>\n<li>A embalagem da caixinha \u00e9 op\u00e7\u00e3o e custa R$ 2,99 cada!<\/li>\n<li>Medidas:\u00a09,5 x 8 cm<\/li>\n<li>Volume nominal 400 ml<\/li>\n<\/ul>","protected":false},"excerpt":{"rendered":"<h5 class=\"tx-lighter\"><strong>Descri\u00e7\u00e3o de\u00a0CANECA DE FIBRA DE COCO<\/strong><\/h5>\n<ul>\n<li>Caneca redonda feita com fibra de Coco.<\/li>\n<li>Personaliza\u00e7\u00e3o 1 cor de 1 lado da caneca.<\/li>\n<li>Acompanha Colher no mesmo material.<\/li>\n<li>A embalagem da caixinha \u00e9 op\u00e7\u00e3o e custa R$ 2,99 cada!<\/li>\n<li>Medidas:\u00a09,5 x 8 cm<\/li>\n<li>Volume nominal 400 ml<\/li>\n<\/ul>","protected":false},"featured_media":6371,"comment_status":"open","ping_status":"closed","template":"","meta":{"_monsterinsights_skip_tracking":false,"_monsterinsights_sitenote_active":false,"_monsterinsights_sitenote_note":"","_monsterinsights_sitenote_category":0},"product_brand":[],"product_cat":[219,156,113],"product_tag":[157,271,110],"class_list":{"0":"post-6369","1":"product","2":"type-product","3":"status-publish","4":"has-post-thumbnail","6":"product_cat-brindes","7":"product_cat-caneca","8":"product_cat-linha-eco","9":"product_tag-caneca","10":"product_tag-caneca-fibra-de-coco","11":"product_tag-linha-ecologica","13":"first","14":"instock","15":"shipping-taxable","16":"product-type-simple"},"yoast_head":"<!-- This site is optimized with the Yoast SEO plugin v27.4 - https:\/\/yoast.com\/product\/yoast-seo-wordpress\/ -->\n<title>Caneca de Fibra de Coco - Ideia Gr\u00e1fica e Brindes<\/title>\n<meta name=\"robots\" content=\"index, follow, max-snippet:-1, max-image-preview:large, max-video-preview:-1\" \/>\n<link rel=\"canonical\" href=\"https:\/\/ideiagraficaebrindes.com.br\/en\/product\/caneca-de-fibra-de-coco\/\" \/>\n<meta property=\"og:locale\" content=\"en_US\" \/>\n<meta property=\"og:type\" content=\"article\" \/>\n<meta property=\"og:title\" content=\"Caneca de Fibra de Coco - Ideia Gr\u00e1fica e Brindes\" \/>\n<meta property=\"og:description\" content=\"Descri\u00e7\u00e3o de\u00a0CANECA DE FIBRA DE COCO   Caneca redonda feita com fibra de Coco.  Personaliza\u00e7\u00e3o 1 cor de 1 lado da caneca.  Acompanha Colher no mesmo material.  A embalagem da caixinha \u00e9 op\u00e7\u00e3o e custa R$ 2,99 cada!  Medidas:\u00a09,5 x 8 cm  Volume nominal 400 ml\" \/>\n<meta property=\"og:url\" content=\"https:\/\/ideiagraficaebrindes.com.br\/en\/product\/caneca-de-fibra-de-coco\/\" \/>\n<meta property=\"og:site_name\" content=\"Ideia Gr\u00e1fica e Brindes\" \/>\n<meta property=\"og:image\" content=\"https:\/\/ideiagraficaebrindes.com.br\/wp-content\/uploads\/2021\/07\/ekos-copo.png\" \/>\n\t<meta property=\"og:image:width\" content=\"1080\" \/>\n\t<meta property=\"og:image:height\" content=\"1080\" \/>\n\t<meta property=\"og:image:type\" content=\"image\/png\" \/>\n<meta name=\"twitter:card\" content=\"summary_large_image\" \/>\n<meta name=\"twitter:label1\" content=\"Est. reading time\" \/>\n\t<meta name=\"twitter:data1\" content=\"1 minute\" \/>\n<script type=\"application\/ld+json\" class=\"yoast-schema-graph\">{\"@context\":\"https:\\\/\\\/schema.org\",\"@graph\":[{\"@type\":\"WebPage\",\"@id\":\"https:\\\/\\\/ideiagraficaebrindes.com.br\\\/produto\\\/caneca-de-fibra-de-coco\\\/\",\"url\":\"https:\\\/\\\/ideiagraficaebrindes.com.br\\\/produto\\\/caneca-de-fibra-de-coco\\\/\",\"name\":\"Caneca de Fibra de Coco - Ideia Gr\u00e1fica e Brindes\",\"isPartOf\":{\"@id\":\"https:\\\/\\\/ideiagraficaebrindes.com.br\\\/#website\"},\"primaryImageOfPage\":{\"@id\":\"https:\\\/\\\/ideiagraficaebrindes.com.br\\\/produto\\\/caneca-de-fibra-de-coco\\\/#primaryimage\"},\"image\":{\"@id\":\"https:\\\/\\\/ideiagraficaebrindes.com.br\\\/produto\\\/caneca-de-fibra-de-coco\\\/#primaryimage\"},\"thumbnailUrl\":\"https:\\\/\\\/ideiagraficaebrindes.com.br\\\/wp-content\\\/uploads\\\/2021\\\/07\\\/ekos-copo.png\",\"datePublished\":\"2021-07-14T22:05:09+00:00\",\"breadcrumb\":{\"@id\":\"https:\\\/\\\/ideiagraficaebrindes.com.br\\\/produto\\\/caneca-de-fibra-de-coco\\\/#breadcrumb\"},\"inLanguage\":\"en-US\",\"potentialAction\":[{\"@type\":\"ReadAction\",\"target\":[\"https:\\\/\\\/ideiagraficaebrindes.com.br\\\/produto\\\/caneca-de-fibra-de-coco\\\/\"]}]},{\"@type\":\"ImageObject\",\"inLanguage\":\"en-US\",\"@id\":\"https:\\\/\\\/ideiagraficaebrindes.com.br\\\/produto\\\/caneca-de-fibra-de-coco\\\/#primaryimage\",\"url\":\"https:\\\/\\\/ideiagraficaebrindes.com.br\\\/wp-content\\\/uploads\\\/2021\\\/07\\\/ekos-copo.png\",\"contentUrl\":\"https:\\\/\\\/ideiagraficaebrindes.com.br\\\/wp-content\\\/uploads\\\/2021\\\/07\\\/ekos-copo.png\",\"width\":1080,\"height\":1080},{\"@type\":\"BreadcrumbList\",\"@id\":\"https:\\\/\\\/ideiagraficaebrindes.com.br\\\/produto\\\/caneca-de-fibra-de-coco\\\/#breadcrumb\",\"itemListElement\":[{\"@type\":\"ListItem\",\"position\":1,\"name\":\"In\u00edcio\",\"item\":\"https:\\\/\\\/ideiagraficaebrindes.com.br\\\/\"},{\"@type\":\"ListItem\",\"position\":2,\"name\":\"Loja\",\"item\":\"https:\\\/\\\/ideiagraficaebrindes.com.br\\\/loja\\\/\"},{\"@type\":\"ListItem\",\"position\":3,\"name\":\"Caneca de Fibra de Coco\"}]},{\"@type\":\"WebSite\",\"@id\":\"https:\\\/\\\/ideiagraficaebrindes.com.br\\\/#website\",\"url\":\"https:\\\/\\\/ideiagraficaebrindes.com.br\\\/\",\"name\":\"Ideia Gr\u00e1fica e Brindes\",\"description\":\"Brindes Personalizados e Impress\u00e3o em geral\",\"potentialAction\":[{\"@type\":\"SearchAction\",\"target\":{\"@type\":\"EntryPoint\",\"urlTemplate\":\"https:\\\/\\\/ideiagraficaebrindes.com.br\\\/?s={search_term_string}\"},\"query-input\":{\"@type\":\"PropertyValueSpecification\",\"valueRequired\":true,\"valueName\":\"search_term_string\"}}],\"inLanguage\":\"en-US\"}]}<\/script>\n<!-- \/ Yoast SEO plugin. -->","yoast_head_json":{"title":"Caneca de Fibra de Coco - Ideia Gr\u00e1fica e Brindes","robots":{"index":"index","follow":"follow","max-snippet":"max-snippet:-1","max-image-preview":"max-image-preview:large","max-video-preview":"max-video-preview:-1"},"canonical":"https:\/\/ideiagraficaebrindes.com.br\/en\/product\/caneca-de-fibra-de-coco\/","og_locale":"en_US","og_type":"article","og_title":"Caneca de Fibra de Coco - Ideia Gr\u00e1fica e Brindes","og_description":"Descri\u00e7\u00e3o de\u00a0CANECA DE FIBRA DE COCO   Caneca redonda feita com fibra de Coco.  Personaliza\u00e7\u00e3o 1 cor de 1 lado da caneca.  Acompanha Colher no mesmo material.  A embalagem da caixinha \u00e9 op\u00e7\u00e3o e custa R$ 2,99 cada!  Medidas:\u00a09,5 x 8 cm  Volume nominal 400 ml","og_url":"https:\/\/ideiagraficaebrindes.com.br\/en\/product\/caneca-de-fibra-de-coco\/","og_site_name":"Ideia Gr\u00e1fica e Brindes","og_image":[{"width":1080,"height":1080,"url":"https:\/\/ideiagraficaebrindes.com.br\/wp-content\/uploads\/2021\/07\/ekos-copo.png","type":"image\/png"}],"twitter_card":"summary_large_image","twitter_misc":{"Est. reading time":"1 minute"},"schema":{"@context":"https:\/\/schema.org","@graph":[{"@type":"WebPage","@id":"https:\/\/ideiagraficaebrindes.com.br\/produto\/caneca-de-fibra-de-coco\/","url":"https:\/\/ideiagraficaebrindes.com.br\/produto\/caneca-de-fibra-de-coco\/","name":"Caneca de Fibra de Coco - Ideia Gr\u00e1fica e Brindes","isPartOf":{"@id":"https:\/\/ideiagraficaebrindes.com.br\/#website"},"primaryImageOfPage":{"@id":"https:\/\/ideiagraficaebrindes.com.br\/produto\/caneca-de-fibra-de-coco\/#primaryimage"},"image":{"@id":"https:\/\/ideiagraficaebrindes.com.br\/produto\/caneca-de-fibra-de-coco\/#primaryimage"},"thumbnailUrl":"https:\/\/ideiagraficaebrindes.com.br\/wp-content\/uploads\/2021\/07\/ekos-copo.png","datePublished":"2021-07-14T22:05:09+00:00","breadcrumb":{"@id":"https:\/\/ideiagraficaebrindes.com.br\/produto\/caneca-de-fibra-de-coco\/#breadcrumb"},"inLanguage":"en-US","potentialAction":[{"@type":"ReadAction","target":["https:\/\/ideiagraficaebrindes.com.br\/produto\/caneca-de-fibra-de-coco\/"]}]},{"@type":"ImageObject","inLanguage":"en-US","@id":"https:\/\/ideiagraficaebrindes.com.br\/produto\/caneca-de-fibra-de-coco\/#primaryimage","url":"https:\/\/ideiagraficaebrindes.com.br\/wp-content\/uploads\/2021\/07\/ekos-copo.png","contentUrl":"https:\/\/ideiagraficaebrindes.com.br\/wp-content\/uploads\/2021\/07\/ekos-copo.png","width":1080,"height":1080},{"@type":"BreadcrumbList","@id":"https:\/\/ideiagraficaebrindes.com.br\/produto\/caneca-de-fibra-de-coco\/#breadcrumb","itemListElement":[{"@type":"ListItem","position":1,"name":"In\u00edcio","item":"https:\/\/ideiagraficaebrindes.com.br\/"},{"@type":"ListItem","position":2,"name":"Loja","item":"https:\/\/ideiagraficaebrindes.com.br\/loja\/"},{"@type":"ListItem","position":3,"name":"Caneca de Fibra de Coco"}]},{"@type":"WebSite","@id":"https:\/\/ideiagraficaebrindes.com.br\/#website","url":"https:\/\/ideiagraficaebrindes.com.br\/","name":"Ideia Gr\u00e1fica e Brindes","description":"Brindes Personalizados e Impress\u00e3o em geral","potentialAction":[{"@type":"SearchAction","target":{"@type":"EntryPoint","urlTemplate":"https:\/\/ideiagraficaebrindes.com.br\/?s={search_term_string}"},"query-input":{"@type":"PropertyValueSpecification","valueRequired":true,"valueName":"search_term_string"}}],"inLanguage":"en-US"}]}},"_links":{"self":[{"href":"https:\/\/ideiagraficaebrindes.com.br\/en\/wp-json\/wp\/v2\/product\/6369","targetHints":{"allow":["GET"]}}],"collection":[{"href":"https:\/\/ideiagraficaebrindes.com.br\/en\/wp-json\/wp\/v2\/product"}],"about":[{"href":"https:\/\/ideiagraficaebrindes.com.br\/en\/wp-json\/wp\/v2\/types\/product"}],"replies":[{"embeddable":true,"href":"https:\/\/ideiagraficaebrindes.com.br\/en\/wp-json\/wp\/v2\/comments?post=6369"}],"wp:featuredmedia":[{"embeddable":true,"href":"https:\/\/ideiagraficaebrindes.com.br\/en\/wp-json\/wp\/v2\/media\/6371"}],"wp:attachment":[{"href":"https:\/\/ideiagraficaebrindes.com.br\/en\/wp-json\/wp\/v2\/media?parent=6369"}],"wp:term":[{"taxonomy":"product_brand","embeddable":true,"href":"https:\/\/ideiagraficaebrindes.com.br\/en\/wp-json\/wp\/v2\/product_brand?post=6369"},{"taxonomy":"product_cat","embeddable":true,"href":"https:\/\/ideiagraficaebrindes.com.br\/en\/wp-json\/wp\/v2\/product_cat?post=6369"},{"taxonomy":"product_tag","embeddable":true,"href":"https:\/\/ideiagraficaebrindes.com.br\/en\/wp-json\/wp\/v2\/product_tag?post=6369"}],"curies":[{"name":"wp","href":"https:\/\/api.w.org\/{rel}","templated":true}]}}