{"id":6365,"date":"2021-07-14T18:55:06","date_gmt":"2021-07-14T21:55:06","guid":{"rendered":"https:\/\/ideiagraficaebrindes.com.br\/?post_type=product&#038;p=6365"},"modified":"2023-04-15T09:43:31","modified_gmt":"2023-04-15T12:43:31","slug":"caneca-de-porcelana-personalizada","status":"publish","type":"product","link":"https:\/\/ideiagraficaebrindes.com.br\/en\/product\/caneca-de-porcelana-personalizada\/","title":{"rendered":"Caneca de Porcelana Personalizada"},"content":{"rendered":"<p>CARACTER\u00cdSTICAS DA CANECA:<\/p>\n<ul>\n<li>Tamanho: 9,5cm de Altura e 8cm de Di\u00e2metro<\/li>\n<li>Capacidade: 325ml (11 oz)<\/li>\n<li>Material: Porcelana<\/li>\n<li>Peso: 350g<\/li>\n<\/ul>","protected":false},"excerpt":{"rendered":"<p>CARACTER\u00cdSTICAS DA CANECA:<\/p>\n<ul>\n<li>Tamanho: 9,5cm de Altura e 8cm de Di\u00e2metro<\/li>\n<li>Capacidade: 325ml (11 oz)<\/li>\n<li>Material: Porcelana<\/li>\n<li>Peso: 350g<\/li>\n<\/ul>","protected":false},"featured_media":8126,"comment_status":"open","ping_status":"closed","template":"","meta":{"_monsterinsights_skip_tracking":false,"_monsterinsights_sitenote_active":false,"_monsterinsights_sitenote_note":"","_monsterinsights_sitenote_category":0},"product_brand":[],"product_cat":[219,156],"product_tag":[157,270,401],"class_list":{"0":"post-6365","1":"product","2":"type-product","3":"status-publish","4":"has-post-thumbnail","6":"product_cat-brindes","7":"product_cat-caneca","8":"product_tag-caneca","9":"product_tag-caneca-de-porcelana","10":"product_tag-dia-das-maes","12":"first","13":"instock","14":"shipping-taxable","15":"product-type-simple"},"yoast_head":"<!-- This site is optimized with the Yoast SEO plugin v27.4 - https:\/\/yoast.com\/product\/yoast-seo-wordpress\/ -->\n<title>Caneca de Porcelana Personalizada - Ideia Gr\u00e1fica e Brindes<\/title>\n<meta name=\"description\" content=\"As mais lindas canecas personalizadas para o dia das m\u00e3es voc\u00ea s\u00f3 encontra na Ideia. Presentei sua m\u00e3e com uma linda caneca personalizada.\" \/>\n<meta name=\"robots\" content=\"index, follow, max-snippet:-1, max-image-preview:large, max-video-preview:-1\" \/>\n<link rel=\"canonical\" href=\"https:\/\/ideiagraficaebrindes.com.br\/en\/product\/caneca-de-porcelana-personalizada\/\" \/>\n<meta property=\"og:locale\" content=\"en_US\" \/>\n<meta property=\"og:type\" content=\"article\" \/>\n<meta property=\"og:title\" content=\"Caneca de Porcelana Personalizada - Ideia Gr\u00e1fica e Brindes\" \/>\n<meta property=\"og:description\" content=\"As mais lindas canecas personalizadas para o dia das m\u00e3es voc\u00ea s\u00f3 encontra na Ideia. Presentei sua m\u00e3e com uma linda caneca personalizada.\" \/>\n<meta property=\"og:url\" content=\"https:\/\/ideiagraficaebrindes.com.br\/en\/product\/caneca-de-porcelana-personalizada\/\" \/>\n<meta property=\"og:site_name\" content=\"Ideia Gr\u00e1fica e Brindes\" \/>\n<meta property=\"article:modified_time\" content=\"2023-04-15T12:43:31+00:00\" \/>\n<meta property=\"og:image\" content=\"https:\/\/ideiagraficaebrindes.com.br\/wp-content\/uploads\/2021\/07\/caneca-personalizada-feliz-dia-das-maes-01.jpg\" \/>\n\t<meta property=\"og:image:width\" content=\"1080\" \/>\n\t<meta property=\"og:image:height\" content=\"1080\" \/>\n\t<meta property=\"og:image:type\" content=\"image\/jpeg\" \/>\n<meta name=\"twitter:card\" content=\"summary_large_image\" \/>\n<meta name=\"twitter:label1\" content=\"Est. reading time\" \/>\n\t<meta name=\"twitter:data1\" content=\"1 minute\" \/>\n<script type=\"application\/ld+json\" class=\"yoast-schema-graph\">{\"@context\":\"https:\\\/\\\/schema.org\",\"@graph\":[{\"@type\":\"WebPage\",\"@id\":\"https:\\\/\\\/ideiagraficaebrindes.com.br\\\/produto\\\/caneca-de-porcelana-personalizada\\\/\",\"url\":\"https:\\\/\\\/ideiagraficaebrindes.com.br\\\/produto\\\/caneca-de-porcelana-personalizada\\\/\",\"name\":\"Caneca de Porcelana Personalizada - Ideia Gr\u00e1fica e Brindes\",\"isPartOf\":{\"@id\":\"https:\\\/\\\/ideiagraficaebrindes.com.br\\\/#website\"},\"primaryImageOfPage\":{\"@id\":\"https:\\\/\\\/ideiagraficaebrindes.com.br\\\/produto\\\/caneca-de-porcelana-personalizada\\\/#primaryimage\"},\"image\":{\"@id\":\"https:\\\/\\\/ideiagraficaebrindes.com.br\\\/produto\\\/caneca-de-porcelana-personalizada\\\/#primaryimage\"},\"thumbnailUrl\":\"https:\\\/\\\/ideiagraficaebrindes.com.br\\\/wp-content\\\/uploads\\\/2021\\\/07\\\/caneca-personalizada-feliz-dia-das-maes-01.jpg\",\"datePublished\":\"2021-07-14T21:55:06+00:00\",\"dateModified\":\"2023-04-15T12:43:31+00:00\",\"description\":\"As mais lindas canecas personalizadas para o dia das m\u00e3es voc\u00ea s\u00f3 encontra na Ideia. Presentei sua m\u00e3e com uma linda caneca personalizada.\",\"breadcrumb\":{\"@id\":\"https:\\\/\\\/ideiagraficaebrindes.com.br\\\/produto\\\/caneca-de-porcelana-personalizada\\\/#breadcrumb\"},\"inLanguage\":\"en-US\",\"potentialAction\":[{\"@type\":\"ReadAction\",\"target\":[\"https:\\\/\\\/ideiagraficaebrindes.com.br\\\/produto\\\/caneca-de-porcelana-personalizada\\\/\"]}]},{\"@type\":\"ImageObject\",\"inLanguage\":\"en-US\",\"@id\":\"https:\\\/\\\/ideiagraficaebrindes.com.br\\\/produto\\\/caneca-de-porcelana-personalizada\\\/#primaryimage\",\"url\":\"https:\\\/\\\/ideiagraficaebrindes.com.br\\\/wp-content\\\/uploads\\\/2021\\\/07\\\/caneca-personalizada-feliz-dia-das-maes-01.jpg\",\"contentUrl\":\"https:\\\/\\\/ideiagraficaebrindes.com.br\\\/wp-content\\\/uploads\\\/2021\\\/07\\\/caneca-personalizada-feliz-dia-das-maes-01.jpg\",\"width\":1080,\"height\":1080},{\"@type\":\"BreadcrumbList\",\"@id\":\"https:\\\/\\\/ideiagraficaebrindes.com.br\\\/produto\\\/caneca-de-porcelana-personalizada\\\/#breadcrumb\",\"itemListElement\":[{\"@type\":\"ListItem\",\"position\":1,\"name\":\"In\u00edcio\",\"item\":\"https:\\\/\\\/ideiagraficaebrindes.com.br\\\/\"},{\"@type\":\"ListItem\",\"position\":2,\"name\":\"Loja\",\"item\":\"https:\\\/\\\/ideiagraficaebrindes.com.br\\\/loja\\\/\"},{\"@type\":\"ListItem\",\"position\":3,\"name\":\"Caneca de Porcelana Personalizada\"}]},{\"@type\":\"WebSite\",\"@id\":\"https:\\\/\\\/ideiagraficaebrindes.com.br\\\/#website\",\"url\":\"https:\\\/\\\/ideiagraficaebrindes.com.br\\\/\",\"name\":\"Ideia Gr\u00e1fica e Brindes\",\"description\":\"Brindes Personalizados e Impress\u00e3o em geral\",\"potentialAction\":[{\"@type\":\"SearchAction\",\"target\":{\"@type\":\"EntryPoint\",\"urlTemplate\":\"https:\\\/\\\/ideiagraficaebrindes.com.br\\\/?s={search_term_string}\"},\"query-input\":{\"@type\":\"PropertyValueSpecification\",\"valueRequired\":true,\"valueName\":\"search_term_string\"}}],\"inLanguage\":\"en-US\"}]}<\/script>\n<!-- \/ Yoast SEO plugin. -->","yoast_head_json":{"title":"Caneca de Porcelana Personalizada - Ideia Gr\u00e1fica e Brindes","description":"As mais lindas canecas personalizadas para o dia das m\u00e3es voc\u00ea s\u00f3 encontra na Ideia. Presentei sua m\u00e3e com uma linda caneca personalizada.","robots":{"index":"index","follow":"follow","max-snippet":"max-snippet:-1","max-image-preview":"max-image-preview:large","max-video-preview":"max-video-preview:-1"},"canonical":"https:\/\/ideiagraficaebrindes.com.br\/en\/product\/caneca-de-porcelana-personalizada\/","og_locale":"en_US","og_type":"article","og_title":"Caneca de Porcelana Personalizada - Ideia Gr\u00e1fica e Brindes","og_description":"As mais lindas canecas personalizadas para o dia das m\u00e3es voc\u00ea s\u00f3 encontra na Ideia. Presentei sua m\u00e3e com uma linda caneca personalizada.","og_url":"https:\/\/ideiagraficaebrindes.com.br\/en\/product\/caneca-de-porcelana-personalizada\/","og_site_name":"Ideia Gr\u00e1fica e Brindes","article_modified_time":"2023-04-15T12:43:31+00:00","og_image":[{"width":1080,"height":1080,"url":"https:\/\/ideiagraficaebrindes.com.br\/wp-content\/uploads\/2021\/07\/caneca-personalizada-feliz-dia-das-maes-01.jpg","type":"image\/jpeg"}],"twitter_card":"summary_large_image","twitter_misc":{"Est. reading time":"1 minute"},"schema":{"@context":"https:\/\/schema.org","@graph":[{"@type":"WebPage","@id":"https:\/\/ideiagraficaebrindes.com.br\/produto\/caneca-de-porcelana-personalizada\/","url":"https:\/\/ideiagraficaebrindes.com.br\/produto\/caneca-de-porcelana-personalizada\/","name":"Caneca de Porcelana Personalizada - Ideia Gr\u00e1fica e Brindes","isPartOf":{"@id":"https:\/\/ideiagraficaebrindes.com.br\/#website"},"primaryImageOfPage":{"@id":"https:\/\/ideiagraficaebrindes.com.br\/produto\/caneca-de-porcelana-personalizada\/#primaryimage"},"image":{"@id":"https:\/\/ideiagraficaebrindes.com.br\/produto\/caneca-de-porcelana-personalizada\/#primaryimage"},"thumbnailUrl":"https:\/\/ideiagraficaebrindes.com.br\/wp-content\/uploads\/2021\/07\/caneca-personalizada-feliz-dia-das-maes-01.jpg","datePublished":"2021-07-14T21:55:06+00:00","dateModified":"2023-04-15T12:43:31+00:00","description":"As mais lindas canecas personalizadas para o dia das m\u00e3es voc\u00ea s\u00f3 encontra na Ideia. Presentei sua m\u00e3e com uma linda caneca personalizada.","breadcrumb":{"@id":"https:\/\/ideiagraficaebrindes.com.br\/produto\/caneca-de-porcelana-personalizada\/#breadcrumb"},"inLanguage":"en-US","potentialAction":[{"@type":"ReadAction","target":["https:\/\/ideiagraficaebrindes.com.br\/produto\/caneca-de-porcelana-personalizada\/"]}]},{"@type":"ImageObject","inLanguage":"en-US","@id":"https:\/\/ideiagraficaebrindes.com.br\/produto\/caneca-de-porcelana-personalizada\/#primaryimage","url":"https:\/\/ideiagraficaebrindes.com.br\/wp-content\/uploads\/2021\/07\/caneca-personalizada-feliz-dia-das-maes-01.jpg","contentUrl":"https:\/\/ideiagraficaebrindes.com.br\/wp-content\/uploads\/2021\/07\/caneca-personalizada-feliz-dia-das-maes-01.jpg","width":1080,"height":1080},{"@type":"BreadcrumbList","@id":"https:\/\/ideiagraficaebrindes.com.br\/produto\/caneca-de-porcelana-personalizada\/#breadcrumb","itemListElement":[{"@type":"ListItem","position":1,"name":"In\u00edcio","item":"https:\/\/ideiagraficaebrindes.com.br\/"},{"@type":"ListItem","position":2,"name":"Loja","item":"https:\/\/ideiagraficaebrindes.com.br\/loja\/"},{"@type":"ListItem","position":3,"name":"Caneca de Porcelana Personalizada"}]},{"@type":"WebSite","@id":"https:\/\/ideiagraficaebrindes.com.br\/#website","url":"https:\/\/ideiagraficaebrindes.com.br\/","name":"Ideia Gr\u00e1fica e Brindes","description":"Brindes Personalizados e Impress\u00e3o em geral","potentialAction":[{"@type":"SearchAction","target":{"@type":"EntryPoint","urlTemplate":"https:\/\/ideiagraficaebrindes.com.br\/?s={search_term_string}"},"query-input":{"@type":"PropertyValueSpecification","valueRequired":true,"valueName":"search_term_string"}}],"inLanguage":"en-US"}]}},"_links":{"self":[{"href":"https:\/\/ideiagraficaebrindes.com.br\/en\/wp-json\/wp\/v2\/product\/6365","targetHints":{"allow":["GET"]}}],"collection":[{"href":"https:\/\/ideiagraficaebrindes.com.br\/en\/wp-json\/wp\/v2\/product"}],"about":[{"href":"https:\/\/ideiagraficaebrindes.com.br\/en\/wp-json\/wp\/v2\/types\/product"}],"replies":[{"embeddable":true,"href":"https:\/\/ideiagraficaebrindes.com.br\/en\/wp-json\/wp\/v2\/comments?post=6365"}],"wp:featuredmedia":[{"embeddable":true,"href":"https:\/\/ideiagraficaebrindes.com.br\/en\/wp-json\/wp\/v2\/media\/8126"}],"wp:attachment":[{"href":"https:\/\/ideiagraficaebrindes.com.br\/en\/wp-json\/wp\/v2\/media?parent=6365"}],"wp:term":[{"taxonomy":"product_brand","embeddable":true,"href":"https:\/\/ideiagraficaebrindes.com.br\/en\/wp-json\/wp\/v2\/product_brand?post=6365"},{"taxonomy":"product_cat","embeddable":true,"href":"https:\/\/ideiagraficaebrindes.com.br\/en\/wp-json\/wp\/v2\/product_cat?post=6365"},{"taxonomy":"product_tag","embeddable":true,"href":"https:\/\/ideiagraficaebrindes.com.br\/en\/wp-json\/wp\/v2\/product_tag?post=6365"}],"curies":[{"name":"wp","href":"https:\/\/api.w.org\/{rel}","templated":true}]}}