{"id":6170,"date":"2021-07-13T20:27:25","date_gmt":"2021-07-13T23:27:25","guid":{"rendered":"https:\/\/ideiagraficaebrindes.com.br\/?post_type=product&#038;p=6170"},"modified":"2021-07-13T20:27:25","modified_gmt":"2021-07-13T23:27:25","slug":"caderno-power-bank-inducao","status":"publish","type":"product","link":"https:\/\/ideiagraficaebrindes.com.br\/en\/product\/caderno-power-bank-inducao\/","title":{"rendered":"Caderno Power Bank Indu\u00e7\u00e3o"},"content":{"rendered":"<div class=\"desc\">\n<p class=\"desc-tit\">Descri\u00e7\u00e3o:\u00a0<span class=\"desc-sub my-desc-sub\">Caderno com carregador power bank por indu\u00e7\u00e3o. Capa confeccionada em Poliuretano e Poliester, possui indutor de carga na capa, n\u00e3o sendo necess\u00e1rio o uso de fios(para este modo \u00e9 necess\u00e1rio que o tablet ou smartphone tenha a traseira de vidro e tecnologia QI, caso contr\u00e1rio o carregamento ser\u00e1 apenas atrav\u00e9s de cabo) com fecho magn\u00e9tico; parte interna com suporte para tablet e celulares; bolso para celular com divis\u00f3rias para documentos; para abrir o suporte USB do carregador basta apertar o bot\u00e3o para levant\u00e1-lo, possui bot\u00e3o power na lateral do suporte para ligar ou desliga, power bank de 4000mAh com indicador led de bateria; suportes el\u00e1sticos para pen drive; suporte el\u00e1stico para caneta; bloco de anota\u00e7\u00f5es com capa emborrachada, possui aproximadamente 64 folhas. Verso do bloco com suporte para encaixar o celular enquanto \u00e9 carregado com o power bank. Acompanha cabo USB.<\/span><\/p>\n<\/div>\n<div class=\"desc\">\n<p class=\"desc-tit\">Medidas aproximadas para grava\u00e7\u00e3o<span class=\"desc-sub\">\u00a0(CxL):\u00a0 3,2 cm x 15,5 cm<\/span><\/p>\n<\/div>\n<div class=\"desc\">\n<p class=\"desc-tit\">Tamanho total aproximado\u00a0<span class=\"desc-sub\">\u00a0(CxL):\u00a0 22,7 cm x 17,8 cm x 3 cm<\/span><\/p>\n<\/div>\n<div class=\"desc\">\n<p class=\"desc-tit\">Peso aproximado<span class=\"desc-sub\">\u00a0(g):\u00a0 559<\/span><\/p>\n<\/div>","protected":false},"excerpt":{"rendered":"<div class=\"desc\">\n<p class=\"desc-tit\">Descri\u00e7\u00e3o:\u00a0<span class=\"desc-sub my-desc-sub\">Caderno com carregador power bank por indu\u00e7\u00e3o. Capa confeccionada em Poliuretano e Poliester, possui indutor de carga na capa, n\u00e3o sendo necess\u00e1rio o uso de fios(para este modo \u00e9 necess\u00e1rio que o tablet ou smartphone tenha a traseira de vidro e tecnologia QI, caso contr\u00e1rio o carregamento ser\u00e1 apenas atrav\u00e9s de cabo) com fecho magn\u00e9tico; parte interna com suporte para tablet e celulares; bolso para celular com divis\u00f3rias para documentos; para abrir o suporte USB do carregador basta apertar o bot\u00e3o para levant\u00e1-lo, possui bot\u00e3o power na lateral do suporte para ligar ou desliga, power bank de 4000mAh com indicador led de bateria; suportes el\u00e1sticos para pen drive; suporte el\u00e1stico para caneta; bloco de anota\u00e7\u00f5es com capa emborrachada, possui aproximadamente 64 folhas. Verso do bloco com suporte para encaixar o celular enquanto \u00e9 carregado com o power bank. Acompanha cabo USB.<\/span><\/p>\n<\/div>\n<div class=\"desc\">\n<p class=\"desc-tit\">Medidas aproximadas para grava\u00e7\u00e3o<span class=\"desc-sub\">\u00a0(CxL):\u00a0 3,2 cm x 15,5 cm<\/span><\/p>\n<\/div>\n<div class=\"desc\">\n<p class=\"desc-tit\">Tamanho total aproximado\u00a0<span class=\"desc-sub\">\u00a0(CxL):\u00a0 22,7 cm x 17,8 cm x 3 cm<\/span><\/p>\n<\/div>\n<div class=\"desc\">\n<p class=\"desc-tit\">Peso aproximado<span class=\"desc-sub\">\u00a0(g):\u00a0 559<\/span><\/p>\n<\/div>","protected":false},"featured_media":6172,"comment_status":"open","ping_status":"closed","template":"","meta":{"_monsterinsights_skip_tracking":false,"_monsterinsights_sitenote_active":false,"_monsterinsights_sitenote_note":"","_monsterinsights_sitenote_category":0},"product_brand":[],"product_cat":[219,249],"product_tag":[259],"class_list":{"0":"post-6170","1":"product","2":"type-product","3":"status-publish","4":"has-post-thumbnail","6":"product_cat-brindes","7":"product_cat-tecnologia","8":"product_tag-caderno-power-bank","10":"first","11":"instock","12":"shipping-taxable","13":"product-type-simple"},"yoast_head":"<!-- This site is optimized with the Yoast SEO plugin v27.4 - https:\/\/yoast.com\/product\/yoast-seo-wordpress\/ -->\n<title>Caderno Power Bank Indu\u00e7\u00e3o - Ideia Gr\u00e1fica e Brindes<\/title>\n<meta name=\"robots\" content=\"index, follow, max-snippet:-1, max-image-preview:large, max-video-preview:-1\" \/>\n<link rel=\"canonical\" href=\"https:\/\/ideiagraficaebrindes.com.br\/en\/product\/caderno-power-bank-inducao\/\" \/>\n<meta property=\"og:locale\" content=\"en_US\" \/>\n<meta property=\"og:type\" content=\"article\" \/>\n<meta property=\"og:title\" content=\"Caderno Power Bank Indu\u00e7\u00e3o - Ideia Gr\u00e1fica e Brindes\" \/>\n<meta property=\"og:description\" content=\"Descri\u00e7\u00e3o:\u00a0Caderno com carregador power bank por indu\u00e7\u00e3o. Capa confeccionada em Poliuretano e Poliester, possui indutor de carga na capa, n\u00e3o sendo necess\u00e1rio o uso de fios(para este modo \u00e9 necess\u00e1rio que o tablet ou smartphone tenha a traseira de vidro e tecnologia QI, caso contr\u00e1rio o carregamento ser\u00e1 apenas atrav\u00e9s de cabo) com fecho magn\u00e9tico; parte interna com suporte para tablet e celulares; bolso para celular com divis\u00f3rias para documentos; para abrir o suporte USB do carregador basta apertar o bot\u00e3o para levant\u00e1-lo, possui bot\u00e3o power na lateral do suporte para ligar ou desliga, power bank de 4000mAh com indicador led de bateria; suportes el\u00e1sticos para pen drive; suporte el\u00e1stico para caneta; bloco de anota\u00e7\u00f5es com capa emborrachada, possui aproximadamente 64 folhas. Verso do bloco com suporte para encaixar o celular enquanto \u00e9 carregado com o power bank. Acompanha cabo USB.    Medidas aproximadas para grava\u00e7\u00e3o\u00a0(CxL):\u00a0 3,2 cm x 15,5 cm    Tamanho total aproximado\u00a0\u00a0(CxL):\u00a0 22,7 cm x 17,8 cm x 3 cm    Peso aproximado\u00a0(g):\u00a0 559\" \/>\n<meta property=\"og:url\" content=\"https:\/\/ideiagraficaebrindes.com.br\/en\/product\/caderno-power-bank-inducao\/\" \/>\n<meta property=\"og:site_name\" content=\"Ideia Gr\u00e1fica e Brindes\" \/>\n<meta property=\"og:image\" content=\"https:\/\/ideiagraficaebrindes.com.br\/wp-content\/uploads\/2021\/07\/Caderno-Power-Bank-Inducao-8739d1-1541770101.jpg\" \/>\n\t<meta property=\"og:image:width\" content=\"1000\" \/>\n\t<meta property=\"og:image:height\" content=\"1000\" \/>\n\t<meta property=\"og:image:type\" content=\"image\/jpeg\" \/>\n<meta name=\"twitter:card\" content=\"summary_large_image\" \/>\n<meta name=\"twitter:label1\" content=\"Est. reading time\" \/>\n\t<meta name=\"twitter:data1\" content=\"1 minute\" \/>\n<script type=\"application\/ld+json\" class=\"yoast-schema-graph\">{\"@context\":\"https:\\\/\\\/schema.org\",\"@graph\":[{\"@type\":\"WebPage\",\"@id\":\"https:\\\/\\\/ideiagraficaebrindes.com.br\\\/produto\\\/caderno-power-bank-inducao\\\/\",\"url\":\"https:\\\/\\\/ideiagraficaebrindes.com.br\\\/produto\\\/caderno-power-bank-inducao\\\/\",\"name\":\"Caderno Power Bank Indu\u00e7\u00e3o - Ideia Gr\u00e1fica e Brindes\",\"isPartOf\":{\"@id\":\"https:\\\/\\\/ideiagraficaebrindes.com.br\\\/#website\"},\"primaryImageOfPage\":{\"@id\":\"https:\\\/\\\/ideiagraficaebrindes.com.br\\\/produto\\\/caderno-power-bank-inducao\\\/#primaryimage\"},\"image\":{\"@id\":\"https:\\\/\\\/ideiagraficaebrindes.com.br\\\/produto\\\/caderno-power-bank-inducao\\\/#primaryimage\"},\"thumbnailUrl\":\"https:\\\/\\\/ideiagraficaebrindes.com.br\\\/wp-content\\\/uploads\\\/2021\\\/07\\\/Caderno-Power-Bank-Inducao-8739d1-1541770101.jpg\",\"datePublished\":\"2021-07-13T23:27:25+00:00\",\"breadcrumb\":{\"@id\":\"https:\\\/\\\/ideiagraficaebrindes.com.br\\\/produto\\\/caderno-power-bank-inducao\\\/#breadcrumb\"},\"inLanguage\":\"en-US\",\"potentialAction\":[{\"@type\":\"ReadAction\",\"target\":[\"https:\\\/\\\/ideiagraficaebrindes.com.br\\\/produto\\\/caderno-power-bank-inducao\\\/\"]}]},{\"@type\":\"ImageObject\",\"inLanguage\":\"en-US\",\"@id\":\"https:\\\/\\\/ideiagraficaebrindes.com.br\\\/produto\\\/caderno-power-bank-inducao\\\/#primaryimage\",\"url\":\"https:\\\/\\\/ideiagraficaebrindes.com.br\\\/wp-content\\\/uploads\\\/2021\\\/07\\\/Caderno-Power-Bank-Inducao-8739d1-1541770101.jpg\",\"contentUrl\":\"https:\\\/\\\/ideiagraficaebrindes.com.br\\\/wp-content\\\/uploads\\\/2021\\\/07\\\/Caderno-Power-Bank-Inducao-8739d1-1541770101.jpg\",\"width\":1000,\"height\":1000},{\"@type\":\"BreadcrumbList\",\"@id\":\"https:\\\/\\\/ideiagraficaebrindes.com.br\\\/produto\\\/caderno-power-bank-inducao\\\/#breadcrumb\",\"itemListElement\":[{\"@type\":\"ListItem\",\"position\":1,\"name\":\"In\u00edcio\",\"item\":\"https:\\\/\\\/ideiagraficaebrindes.com.br\\\/\"},{\"@type\":\"ListItem\",\"position\":2,\"name\":\"Loja\",\"item\":\"https:\\\/\\\/ideiagraficaebrindes.com.br\\\/loja\\\/\"},{\"@type\":\"ListItem\",\"position\":3,\"name\":\"Caderno Power Bank Indu\u00e7\u00e3o\"}]},{\"@type\":\"WebSite\",\"@id\":\"https:\\\/\\\/ideiagraficaebrindes.com.br\\\/#website\",\"url\":\"https:\\\/\\\/ideiagraficaebrindes.com.br\\\/\",\"name\":\"Ideia Gr\u00e1fica e Brindes\",\"description\":\"Brindes Personalizados e Impress\u00e3o em geral\",\"potentialAction\":[{\"@type\":\"SearchAction\",\"target\":{\"@type\":\"EntryPoint\",\"urlTemplate\":\"https:\\\/\\\/ideiagraficaebrindes.com.br\\\/?s={search_term_string}\"},\"query-input\":{\"@type\":\"PropertyValueSpecification\",\"valueRequired\":true,\"valueName\":\"search_term_string\"}}],\"inLanguage\":\"en-US\"}]}<\/script>\n<!-- \/ Yoast SEO plugin. -->","yoast_head_json":{"title":"Caderno Power Bank Indu\u00e7\u00e3o - Ideia Gr\u00e1fica e Brindes","robots":{"index":"index","follow":"follow","max-snippet":"max-snippet:-1","max-image-preview":"max-image-preview:large","max-video-preview":"max-video-preview:-1"},"canonical":"https:\/\/ideiagraficaebrindes.com.br\/en\/product\/caderno-power-bank-inducao\/","og_locale":"en_US","og_type":"article","og_title":"Caderno Power Bank Indu\u00e7\u00e3o - Ideia Gr\u00e1fica e Brindes","og_description":"Descri\u00e7\u00e3o:\u00a0Caderno com carregador power bank por indu\u00e7\u00e3o. Capa confeccionada em Poliuretano e Poliester, possui indutor de carga na capa, n\u00e3o sendo necess\u00e1rio o uso de fios(para este modo \u00e9 necess\u00e1rio que o tablet ou smartphone tenha a traseira de vidro e tecnologia QI, caso contr\u00e1rio o carregamento ser\u00e1 apenas atrav\u00e9s de cabo) com fecho magn\u00e9tico; parte interna com suporte para tablet e celulares; bolso para celular com divis\u00f3rias para documentos; para abrir o suporte USB do carregador basta apertar o bot\u00e3o para levant\u00e1-lo, possui bot\u00e3o power na lateral do suporte para ligar ou desliga, power bank de 4000mAh com indicador led de bateria; suportes el\u00e1sticos para pen drive; suporte el\u00e1stico para caneta; bloco de anota\u00e7\u00f5es com capa emborrachada, possui aproximadamente 64 folhas. Verso do bloco com suporte para encaixar o celular enquanto \u00e9 carregado com o power bank. Acompanha cabo USB.    Medidas aproximadas para grava\u00e7\u00e3o\u00a0(CxL):\u00a0 3,2 cm x 15,5 cm    Tamanho total aproximado\u00a0\u00a0(CxL):\u00a0 22,7 cm x 17,8 cm x 3 cm    Peso aproximado\u00a0(g):\u00a0 559","og_url":"https:\/\/ideiagraficaebrindes.com.br\/en\/product\/caderno-power-bank-inducao\/","og_site_name":"Ideia Gr\u00e1fica e Brindes","og_image":[{"width":1000,"height":1000,"url":"https:\/\/ideiagraficaebrindes.com.br\/wp-content\/uploads\/2021\/07\/Caderno-Power-Bank-Inducao-8739d1-1541770101.jpg","type":"image\/jpeg"}],"twitter_card":"summary_large_image","twitter_misc":{"Est. reading time":"1 minute"},"schema":{"@context":"https:\/\/schema.org","@graph":[{"@type":"WebPage","@id":"https:\/\/ideiagraficaebrindes.com.br\/produto\/caderno-power-bank-inducao\/","url":"https:\/\/ideiagraficaebrindes.com.br\/produto\/caderno-power-bank-inducao\/","name":"Caderno Power Bank Indu\u00e7\u00e3o - Ideia Gr\u00e1fica e Brindes","isPartOf":{"@id":"https:\/\/ideiagraficaebrindes.com.br\/#website"},"primaryImageOfPage":{"@id":"https:\/\/ideiagraficaebrindes.com.br\/produto\/caderno-power-bank-inducao\/#primaryimage"},"image":{"@id":"https:\/\/ideiagraficaebrindes.com.br\/produto\/caderno-power-bank-inducao\/#primaryimage"},"thumbnailUrl":"https:\/\/ideiagraficaebrindes.com.br\/wp-content\/uploads\/2021\/07\/Caderno-Power-Bank-Inducao-8739d1-1541770101.jpg","datePublished":"2021-07-13T23:27:25+00:00","breadcrumb":{"@id":"https:\/\/ideiagraficaebrindes.com.br\/produto\/caderno-power-bank-inducao\/#breadcrumb"},"inLanguage":"en-US","potentialAction":[{"@type":"ReadAction","target":["https:\/\/ideiagraficaebrindes.com.br\/produto\/caderno-power-bank-inducao\/"]}]},{"@type":"ImageObject","inLanguage":"en-US","@id":"https:\/\/ideiagraficaebrindes.com.br\/produto\/caderno-power-bank-inducao\/#primaryimage","url":"https:\/\/ideiagraficaebrindes.com.br\/wp-content\/uploads\/2021\/07\/Caderno-Power-Bank-Inducao-8739d1-1541770101.jpg","contentUrl":"https:\/\/ideiagraficaebrindes.com.br\/wp-content\/uploads\/2021\/07\/Caderno-Power-Bank-Inducao-8739d1-1541770101.jpg","width":1000,"height":1000},{"@type":"BreadcrumbList","@id":"https:\/\/ideiagraficaebrindes.com.br\/produto\/caderno-power-bank-inducao\/#breadcrumb","itemListElement":[{"@type":"ListItem","position":1,"name":"In\u00edcio","item":"https:\/\/ideiagraficaebrindes.com.br\/"},{"@type":"ListItem","position":2,"name":"Loja","item":"https:\/\/ideiagraficaebrindes.com.br\/loja\/"},{"@type":"ListItem","position":3,"name":"Caderno Power Bank Indu\u00e7\u00e3o"}]},{"@type":"WebSite","@id":"https:\/\/ideiagraficaebrindes.com.br\/#website","url":"https:\/\/ideiagraficaebrindes.com.br\/","name":"Ideia Gr\u00e1fica e Brindes","description":"Brindes Personalizados e Impress\u00e3o em geral","potentialAction":[{"@type":"SearchAction","target":{"@type":"EntryPoint","urlTemplate":"https:\/\/ideiagraficaebrindes.com.br\/?s={search_term_string}"},"query-input":{"@type":"PropertyValueSpecification","valueRequired":true,"valueName":"search_term_string"}}],"inLanguage":"en-US"}]}},"_links":{"self":[{"href":"https:\/\/ideiagraficaebrindes.com.br\/en\/wp-json\/wp\/v2\/product\/6170","targetHints":{"allow":["GET"]}}],"collection":[{"href":"https:\/\/ideiagraficaebrindes.com.br\/en\/wp-json\/wp\/v2\/product"}],"about":[{"href":"https:\/\/ideiagraficaebrindes.com.br\/en\/wp-json\/wp\/v2\/types\/product"}],"replies":[{"embeddable":true,"href":"https:\/\/ideiagraficaebrindes.com.br\/en\/wp-json\/wp\/v2\/comments?post=6170"}],"wp:featuredmedia":[{"embeddable":true,"href":"https:\/\/ideiagraficaebrindes.com.br\/en\/wp-json\/wp\/v2\/media\/6172"}],"wp:attachment":[{"href":"https:\/\/ideiagraficaebrindes.com.br\/en\/wp-json\/wp\/v2\/media?parent=6170"}],"wp:term":[{"taxonomy":"product_brand","embeddable":true,"href":"https:\/\/ideiagraficaebrindes.com.br\/en\/wp-json\/wp\/v2\/product_brand?post=6170"},{"taxonomy":"product_cat","embeddable":true,"href":"https:\/\/ideiagraficaebrindes.com.br\/en\/wp-json\/wp\/v2\/product_cat?post=6170"},{"taxonomy":"product_tag","embeddable":true,"href":"https:\/\/ideiagraficaebrindes.com.br\/en\/wp-json\/wp\/v2\/product_tag?post=6170"}],"curies":[{"name":"wp","href":"https:\/\/api.w.org\/{rel}","templated":true}]}}