{"id":6131,"date":"2021-07-13T20:06:24","date_gmt":"2021-07-13T23:06:24","guid":{"rendered":"https:\/\/ideiagraficaebrindes.com.br\/?post_type=product&#038;p=6131"},"modified":"2021-07-13T20:06:24","modified_gmt":"2021-07-13T23:06:24","slug":"fone-de-ouvido-bluetooth-com-case-carregador","status":"publish","type":"product","link":"https:\/\/ideiagraficaebrindes.com.br\/en\/product\/fone-de-ouvido-bluetooth-com-case-carregador\/","title":{"rendered":"Fone de Ouvido Bluetooth com Case Carregador"},"content":{"rendered":"<div class=\"desc\">\n<p class=\"desc-tit\">Descri\u00e7\u00e3o:\u00a0<span class=\"desc-sub my-desc-sub\">Fone bluetooth pl\u00e1stico com case carregador. Para utiliza\u00e7\u00e3o do produto, pressione e segure o bot\u00e3o lateral de ambos fones ao mesmo tempo, luzes led em vermelho e azul ficar\u00e3o piscando alternadamente at\u00e9 a jun\u00e7\u00e3o das duas partes (quando conectadas apenas um lado dos fones permanecer\u00e1 aceso), ap\u00f3s realizado o processo conecte o fone atrav\u00e9s do bluetooth e o led se apagar\u00e1, indicando a conex\u00e3o ao dispositivo. Quando emparelhado, pressione uma vez o bot\u00e3o do fone para iniciar ou pausar uma m\u00fasica, ao segurar o bot\u00e3o ir\u00e1 avancar a faixa; no modo liga\u00e7\u00e3o pressione uma vez o bot\u00e3o para atender a chamada ou segure o bot\u00e3o do fone para recus\u00e1-la. Para o carregamento do produto \u00e9 necess\u00e1rio recarregar inicialmente o case e ap\u00f3s este processo basta conectar os fones no estojo e pressionar o bot\u00e3o power para o carregamento dos mesmos. Fones com microfone embutido; Frequ\u00eancia 2.4 -2.485GHz e alcance 10 de metros. Enquanto o case \u00e9 carregado o led vermelho ficar\u00e1 piscando, ao concluir a carga o led permanecer\u00e1 aceso; no carregamento dos fones leds vermelhos ficar\u00e3o acesos e ao concluir a carga se apagar\u00e3o. Acompanha cabo USB.<\/span><\/p>\n<\/div>\n<div class=\"desc\">\n<p class=\"desc-tit\">Medidas aproximadas para grava\u00e7\u00e3o<span class=\"desc-sub\">\u00a0(CxL):\u00a0 Case 3 cm x 3 cm \u2013 Fone 2,5 cm x 0,6 cm<\/span><\/p>\n<\/div>\n<div class=\"desc\">\n<p class=\"desc-tit\">Tamanho total aproximado\u00a0<span class=\"desc-sub\">\u00a0(CxL):\u00a0 Case 6,7 cm x 5,5 cm \u2013 Fone 4,7 cm x 1,9 cm<\/span><\/p>\n<\/div>\n<div class=\"desc\">\n<p class=\"desc-tit\">Peso aproximado<span class=\"desc-sub\">\u00a0(g):\u00a0 39<\/span><\/p>\n<\/div>","protected":false},"excerpt":{"rendered":"<div class=\"desc\">\n<p class=\"desc-tit\">Descri\u00e7\u00e3o:\u00a0<span class=\"desc-sub my-desc-sub\">Fone bluetooth pl\u00e1stico com case carregador. Para utiliza\u00e7\u00e3o do produto, pressione e segure o bot\u00e3o lateral de ambos fones ao mesmo tempo, luzes led em vermelho e azul ficar\u00e3o piscando alternadamente at\u00e9 a jun\u00e7\u00e3o das duas partes (quando conectadas apenas um lado dos fones permanecer\u00e1 aceso), ap\u00f3s realizado o processo conecte o fone atrav\u00e9s do bluetooth e o led se apagar\u00e1, indicando a conex\u00e3o ao dispositivo. Quando emparelhado, pressione uma vez o bot\u00e3o do fone para iniciar ou pausar uma m\u00fasica, ao segurar o bot\u00e3o ir\u00e1 avancar a faixa; no modo liga\u00e7\u00e3o pressione uma vez o bot\u00e3o para atender a chamada ou segure o bot\u00e3o do fone para recus\u00e1-la. Para o carregamento do produto \u00e9 necess\u00e1rio recarregar inicialmente o case e ap\u00f3s este processo basta conectar os fones no estojo e pressionar o bot\u00e3o power para o carregamento dos mesmos. Fones com microfone embutido; Frequ\u00eancia 2.4 -2.485GHz e alcance 10 de metros. Enquanto o case \u00e9 carregado o led vermelho ficar\u00e1 piscando, ao concluir a carga o led permanecer\u00e1 aceso; no carregamento dos fones leds vermelhos ficar\u00e3o acesos e ao concluir a carga se apagar\u00e3o. Acompanha cabo USB.<\/span><\/p>\n<\/div>\n<div class=\"desc\">\n<p class=\"desc-tit\">Medidas aproximadas para grava\u00e7\u00e3o<span class=\"desc-sub\">\u00a0(CxL):\u00a0 Case 3 cm x 3 cm \u2013 Fone 2,5 cm x 0,6 cm<\/span><\/p>\n<\/div>\n<div class=\"desc\">\n<p class=\"desc-tit\">Tamanho total aproximado\u00a0<span class=\"desc-sub\">\u00a0(CxL):\u00a0 Case 6,7 cm x 5,5 cm \u2013 Fone 4,7 cm x 1,9 cm<\/span><\/p>\n<\/div>\n<div class=\"desc\">\n<p class=\"desc-tit\">Peso aproximado<span class=\"desc-sub\">\u00a0(g):\u00a0 39<\/span><\/p>\n<\/div>","protected":false},"featured_media":6134,"comment_status":"open","ping_status":"closed","template":"","meta":{"_monsterinsights_skip_tracking":false,"_monsterinsights_sitenote_active":false,"_monsterinsights_sitenote_note":"","_monsterinsights_sitenote_category":0},"product_brand":[],"product_cat":[219,249],"product_tag":[256],"class_list":{"0":"post-6131","1":"product","2":"type-product","3":"status-publish","4":"has-post-thumbnail","6":"product_cat-brindes","7":"product_cat-tecnologia","8":"product_tag-fone-de-ouvido","10":"first","11":"instock","12":"shipping-taxable","13":"product-type-simple"},"yoast_head":"<!-- This site is optimized with the Yoast SEO plugin v27.4 - https:\/\/yoast.com\/product\/yoast-seo-wordpress\/ -->\n<title>Fone de Ouvido Bluetooth com Case Carregador - Ideia Gr\u00e1fica e Brindes<\/title>\n<meta name=\"robots\" content=\"index, follow, max-snippet:-1, max-image-preview:large, max-video-preview:-1\" \/>\n<link rel=\"canonical\" href=\"https:\/\/ideiagraficaebrindes.com.br\/en\/product\/fone-de-ouvido-bluetooth-com-case-carregador\/\" \/>\n<meta property=\"og:locale\" content=\"en_US\" \/>\n<meta property=\"og:type\" content=\"article\" \/>\n<meta property=\"og:title\" content=\"Fone de Ouvido Bluetooth com Case Carregador - Ideia Gr\u00e1fica e Brindes\" \/>\n<meta property=\"og:description\" content=\"Descri\u00e7\u00e3o:\u00a0Fone bluetooth pl\u00e1stico com case carregador. Para utiliza\u00e7\u00e3o do produto, pressione e segure o bot\u00e3o lateral de ambos fones ao mesmo tempo, luzes led em vermelho e azul ficar\u00e3o piscando alternadamente at\u00e9 a jun\u00e7\u00e3o das duas partes (quando conectadas apenas um lado dos fones permanecer\u00e1 aceso), ap\u00f3s realizado o processo conecte o fone atrav\u00e9s do bluetooth e o led se apagar\u00e1, indicando a conex\u00e3o ao dispositivo. Quando emparelhado, pressione uma vez o bot\u00e3o do fone para iniciar ou pausar uma m\u00fasica, ao segurar o bot\u00e3o ir\u00e1 avancar a faixa; no modo liga\u00e7\u00e3o pressione uma vez o bot\u00e3o para atender a chamada ou segure o bot\u00e3o do fone para recus\u00e1-la. Para o carregamento do produto \u00e9 necess\u00e1rio recarregar inicialmente o case e ap\u00f3s este processo basta conectar os fones no estojo e pressionar o bot\u00e3o power para o carregamento dos mesmos. Fones com microfone embutido; Frequ\u00eancia 2.4 -2.485GHz e alcance 10 de metros. Enquanto o case \u00e9 carregado o led vermelho ficar\u00e1 piscando, ao concluir a carga o led permanecer\u00e1 aceso; no carregamento dos fones leds vermelhos ficar\u00e3o acesos e ao concluir a carga se apagar\u00e3o. Acompanha cabo USB.    Medidas aproximadas para grava\u00e7\u00e3o\u00a0(CxL):\u00a0 Case 3 cm x 3 cm \u2013 Fone 2,5 cm x 0,6 cm    Tamanho total aproximado\u00a0\u00a0(CxL):\u00a0 Case 6,7 cm x 5,5 cm \u2013 Fone 4,7 cm x 1,9 cm    Peso aproximado\u00a0(g):\u00a0 39\" \/>\n<meta property=\"og:url\" content=\"https:\/\/ideiagraficaebrindes.com.br\/en\/product\/fone-de-ouvido-bluetooth-com-case-carregador\/\" \/>\n<meta property=\"og:site_name\" content=\"Ideia Gr\u00e1fica e Brindes\" \/>\n<meta property=\"og:image\" content=\"https:\/\/ideiagraficaebrindes.com.br\/wp-content\/uploads\/2021\/07\/Fone-Bluetooth-com-Case-Carregador-9858d1-1581357176.jpg\" \/>\n\t<meta property=\"og:image:width\" content=\"1000\" \/>\n\t<meta property=\"og:image:height\" content=\"1000\" \/>\n\t<meta property=\"og:image:type\" content=\"image\/jpeg\" \/>\n<meta name=\"twitter:card\" content=\"summary_large_image\" \/>\n<meta name=\"twitter:label1\" content=\"Est. reading time\" \/>\n\t<meta name=\"twitter:data1\" content=\"1 minute\" \/>\n<script type=\"application\/ld+json\" class=\"yoast-schema-graph\">{\"@context\":\"https:\\\/\\\/schema.org\",\"@graph\":[{\"@type\":\"WebPage\",\"@id\":\"https:\\\/\\\/ideiagraficaebrindes.com.br\\\/produto\\\/fone-de-ouvido-bluetooth-com-case-carregador\\\/\",\"url\":\"https:\\\/\\\/ideiagraficaebrindes.com.br\\\/produto\\\/fone-de-ouvido-bluetooth-com-case-carregador\\\/\",\"name\":\"Fone de Ouvido Bluetooth com Case Carregador - Ideia Gr\u00e1fica e Brindes\",\"isPartOf\":{\"@id\":\"https:\\\/\\\/ideiagraficaebrindes.com.br\\\/#website\"},\"primaryImageOfPage\":{\"@id\":\"https:\\\/\\\/ideiagraficaebrindes.com.br\\\/produto\\\/fone-de-ouvido-bluetooth-com-case-carregador\\\/#primaryimage\"},\"image\":{\"@id\":\"https:\\\/\\\/ideiagraficaebrindes.com.br\\\/produto\\\/fone-de-ouvido-bluetooth-com-case-carregador\\\/#primaryimage\"},\"thumbnailUrl\":\"https:\\\/\\\/ideiagraficaebrindes.com.br\\\/wp-content\\\/uploads\\\/2021\\\/07\\\/Fone-Bluetooth-com-Case-Carregador-9858d1-1581357176.jpg\",\"datePublished\":\"2021-07-13T23:06:24+00:00\",\"breadcrumb\":{\"@id\":\"https:\\\/\\\/ideiagraficaebrindes.com.br\\\/produto\\\/fone-de-ouvido-bluetooth-com-case-carregador\\\/#breadcrumb\"},\"inLanguage\":\"en-US\",\"potentialAction\":[{\"@type\":\"ReadAction\",\"target\":[\"https:\\\/\\\/ideiagraficaebrindes.com.br\\\/produto\\\/fone-de-ouvido-bluetooth-com-case-carregador\\\/\"]}]},{\"@type\":\"ImageObject\",\"inLanguage\":\"en-US\",\"@id\":\"https:\\\/\\\/ideiagraficaebrindes.com.br\\\/produto\\\/fone-de-ouvido-bluetooth-com-case-carregador\\\/#primaryimage\",\"url\":\"https:\\\/\\\/ideiagraficaebrindes.com.br\\\/wp-content\\\/uploads\\\/2021\\\/07\\\/Fone-Bluetooth-com-Case-Carregador-9858d1-1581357176.jpg\",\"contentUrl\":\"https:\\\/\\\/ideiagraficaebrindes.com.br\\\/wp-content\\\/uploads\\\/2021\\\/07\\\/Fone-Bluetooth-com-Case-Carregador-9858d1-1581357176.jpg\",\"width\":1000,\"height\":1000},{\"@type\":\"BreadcrumbList\",\"@id\":\"https:\\\/\\\/ideiagraficaebrindes.com.br\\\/produto\\\/fone-de-ouvido-bluetooth-com-case-carregador\\\/#breadcrumb\",\"itemListElement\":[{\"@type\":\"ListItem\",\"position\":1,\"name\":\"In\u00edcio\",\"item\":\"https:\\\/\\\/ideiagraficaebrindes.com.br\\\/\"},{\"@type\":\"ListItem\",\"position\":2,\"name\":\"Loja\",\"item\":\"https:\\\/\\\/ideiagraficaebrindes.com.br\\\/loja\\\/\"},{\"@type\":\"ListItem\",\"position\":3,\"name\":\"Fone de Ouvido Bluetooth com Case Carregador\"}]},{\"@type\":\"WebSite\",\"@id\":\"https:\\\/\\\/ideiagraficaebrindes.com.br\\\/#website\",\"url\":\"https:\\\/\\\/ideiagraficaebrindes.com.br\\\/\",\"name\":\"Ideia Gr\u00e1fica e Brindes\",\"description\":\"Brindes Personalizados e Impress\u00e3o em geral\",\"potentialAction\":[{\"@type\":\"SearchAction\",\"target\":{\"@type\":\"EntryPoint\",\"urlTemplate\":\"https:\\\/\\\/ideiagraficaebrindes.com.br\\\/?s={search_term_string}\"},\"query-input\":{\"@type\":\"PropertyValueSpecification\",\"valueRequired\":true,\"valueName\":\"search_term_string\"}}],\"inLanguage\":\"en-US\"}]}<\/script>\n<!-- \/ Yoast SEO plugin. -->","yoast_head_json":{"title":"Fone de Ouvido Bluetooth com Case Carregador - Ideia Gr\u00e1fica e Brindes","robots":{"index":"index","follow":"follow","max-snippet":"max-snippet:-1","max-image-preview":"max-image-preview:large","max-video-preview":"max-video-preview:-1"},"canonical":"https:\/\/ideiagraficaebrindes.com.br\/en\/product\/fone-de-ouvido-bluetooth-com-case-carregador\/","og_locale":"en_US","og_type":"article","og_title":"Fone de Ouvido Bluetooth com Case Carregador - Ideia Gr\u00e1fica e Brindes","og_description":"Descri\u00e7\u00e3o:\u00a0Fone bluetooth pl\u00e1stico com case carregador. Para utiliza\u00e7\u00e3o do produto, pressione e segure o bot\u00e3o lateral de ambos fones ao mesmo tempo, luzes led em vermelho e azul ficar\u00e3o piscando alternadamente at\u00e9 a jun\u00e7\u00e3o das duas partes (quando conectadas apenas um lado dos fones permanecer\u00e1 aceso), ap\u00f3s realizado o processo conecte o fone atrav\u00e9s do bluetooth e o led se apagar\u00e1, indicando a conex\u00e3o ao dispositivo. Quando emparelhado, pressione uma vez o bot\u00e3o do fone para iniciar ou pausar uma m\u00fasica, ao segurar o bot\u00e3o ir\u00e1 avancar a faixa; no modo liga\u00e7\u00e3o pressione uma vez o bot\u00e3o para atender a chamada ou segure o bot\u00e3o do fone para recus\u00e1-la. Para o carregamento do produto \u00e9 necess\u00e1rio recarregar inicialmente o case e ap\u00f3s este processo basta conectar os fones no estojo e pressionar o bot\u00e3o power para o carregamento dos mesmos. Fones com microfone embutido; Frequ\u00eancia 2.4 -2.485GHz e alcance 10 de metros. Enquanto o case \u00e9 carregado o led vermelho ficar\u00e1 piscando, ao concluir a carga o led permanecer\u00e1 aceso; no carregamento dos fones leds vermelhos ficar\u00e3o acesos e ao concluir a carga se apagar\u00e3o. Acompanha cabo USB.    Medidas aproximadas para grava\u00e7\u00e3o\u00a0(CxL):\u00a0 Case 3 cm x 3 cm \u2013 Fone 2,5 cm x 0,6 cm    Tamanho total aproximado\u00a0\u00a0(CxL):\u00a0 Case 6,7 cm x 5,5 cm \u2013 Fone 4,7 cm x 1,9 cm    Peso aproximado\u00a0(g):\u00a0 39","og_url":"https:\/\/ideiagraficaebrindes.com.br\/en\/product\/fone-de-ouvido-bluetooth-com-case-carregador\/","og_site_name":"Ideia Gr\u00e1fica e Brindes","og_image":[{"width":1000,"height":1000,"url":"https:\/\/ideiagraficaebrindes.com.br\/wp-content\/uploads\/2021\/07\/Fone-Bluetooth-com-Case-Carregador-9858d1-1581357176.jpg","type":"image\/jpeg"}],"twitter_card":"summary_large_image","twitter_misc":{"Est. reading time":"1 minute"},"schema":{"@context":"https:\/\/schema.org","@graph":[{"@type":"WebPage","@id":"https:\/\/ideiagraficaebrindes.com.br\/produto\/fone-de-ouvido-bluetooth-com-case-carregador\/","url":"https:\/\/ideiagraficaebrindes.com.br\/produto\/fone-de-ouvido-bluetooth-com-case-carregador\/","name":"Fone de Ouvido Bluetooth com Case Carregador - Ideia Gr\u00e1fica e Brindes","isPartOf":{"@id":"https:\/\/ideiagraficaebrindes.com.br\/#website"},"primaryImageOfPage":{"@id":"https:\/\/ideiagraficaebrindes.com.br\/produto\/fone-de-ouvido-bluetooth-com-case-carregador\/#primaryimage"},"image":{"@id":"https:\/\/ideiagraficaebrindes.com.br\/produto\/fone-de-ouvido-bluetooth-com-case-carregador\/#primaryimage"},"thumbnailUrl":"https:\/\/ideiagraficaebrindes.com.br\/wp-content\/uploads\/2021\/07\/Fone-Bluetooth-com-Case-Carregador-9858d1-1581357176.jpg","datePublished":"2021-07-13T23:06:24+00:00","breadcrumb":{"@id":"https:\/\/ideiagraficaebrindes.com.br\/produto\/fone-de-ouvido-bluetooth-com-case-carregador\/#breadcrumb"},"inLanguage":"en-US","potentialAction":[{"@type":"ReadAction","target":["https:\/\/ideiagraficaebrindes.com.br\/produto\/fone-de-ouvido-bluetooth-com-case-carregador\/"]}]},{"@type":"ImageObject","inLanguage":"en-US","@id":"https:\/\/ideiagraficaebrindes.com.br\/produto\/fone-de-ouvido-bluetooth-com-case-carregador\/#primaryimage","url":"https:\/\/ideiagraficaebrindes.com.br\/wp-content\/uploads\/2021\/07\/Fone-Bluetooth-com-Case-Carregador-9858d1-1581357176.jpg","contentUrl":"https:\/\/ideiagraficaebrindes.com.br\/wp-content\/uploads\/2021\/07\/Fone-Bluetooth-com-Case-Carregador-9858d1-1581357176.jpg","width":1000,"height":1000},{"@type":"BreadcrumbList","@id":"https:\/\/ideiagraficaebrindes.com.br\/produto\/fone-de-ouvido-bluetooth-com-case-carregador\/#breadcrumb","itemListElement":[{"@type":"ListItem","position":1,"name":"In\u00edcio","item":"https:\/\/ideiagraficaebrindes.com.br\/"},{"@type":"ListItem","position":2,"name":"Loja","item":"https:\/\/ideiagraficaebrindes.com.br\/loja\/"},{"@type":"ListItem","position":3,"name":"Fone de Ouvido Bluetooth com Case Carregador"}]},{"@type":"WebSite","@id":"https:\/\/ideiagraficaebrindes.com.br\/#website","url":"https:\/\/ideiagraficaebrindes.com.br\/","name":"Ideia Gr\u00e1fica e Brindes","description":"Brindes Personalizados e Impress\u00e3o em geral","potentialAction":[{"@type":"SearchAction","target":{"@type":"EntryPoint","urlTemplate":"https:\/\/ideiagraficaebrindes.com.br\/?s={search_term_string}"},"query-input":{"@type":"PropertyValueSpecification","valueRequired":true,"valueName":"search_term_string"}}],"inLanguage":"en-US"}]}},"_links":{"self":[{"href":"https:\/\/ideiagraficaebrindes.com.br\/en\/wp-json\/wp\/v2\/product\/6131","targetHints":{"allow":["GET"]}}],"collection":[{"href":"https:\/\/ideiagraficaebrindes.com.br\/en\/wp-json\/wp\/v2\/product"}],"about":[{"href":"https:\/\/ideiagraficaebrindes.com.br\/en\/wp-json\/wp\/v2\/types\/product"}],"replies":[{"embeddable":true,"href":"https:\/\/ideiagraficaebrindes.com.br\/en\/wp-json\/wp\/v2\/comments?post=6131"}],"wp:featuredmedia":[{"embeddable":true,"href":"https:\/\/ideiagraficaebrindes.com.br\/en\/wp-json\/wp\/v2\/media\/6134"}],"wp:attachment":[{"href":"https:\/\/ideiagraficaebrindes.com.br\/en\/wp-json\/wp\/v2\/media?parent=6131"}],"wp:term":[{"taxonomy":"product_brand","embeddable":true,"href":"https:\/\/ideiagraficaebrindes.com.br\/en\/wp-json\/wp\/v2\/product_brand?post=6131"},{"taxonomy":"product_cat","embeddable":true,"href":"https:\/\/ideiagraficaebrindes.com.br\/en\/wp-json\/wp\/v2\/product_cat?post=6131"},{"taxonomy":"product_tag","embeddable":true,"href":"https:\/\/ideiagraficaebrindes.com.br\/en\/wp-json\/wp\/v2\/product_tag?post=6131"}],"curies":[{"name":"wp","href":"https:\/\/api.w.org\/{rel}","templated":true}]}}