{"id":5973,"date":"2021-07-13T12:38:31","date_gmt":"2021-07-13T15:38:31","guid":{"rendered":"https:\/\/ideiagraficaebrindes.com.br\/?post_type=product&#038;p=5973"},"modified":"2021-07-13T12:38:39","modified_gmt":"2021-07-13T15:38:39","slug":"power-bank-plastico-com-indicador-digital","status":"publish","type":"product","link":"https:\/\/ideiagraficaebrindes.com.br\/en\/product\/power-bank-plastico-com-indicador-digital\/","title":{"rendered":"Power Bank Pl\u00e1stico com Indicador Digital"},"content":{"rendered":"<div class=\"desc\">\n<p class=\"desc-tit\">Descri\u00e7\u00e3o:\u00a0<span class=\"desc-sub my-desc-sub\">Power bank pl\u00e1stico com visor digital. Material pl\u00e1stico resistente com texturiza\u00e7\u00e3o semelhante \u00e0 couro sint\u00e9tico, possui bot\u00e3o lateral para ligar e desligamento autom\u00e1tico. Possui entrada DC 5V e duas sa\u00eddas DC 5V, visor digital preto com porcentagem de 100 \u00e0 0%, indica\u00e7\u00e3o de conex\u00e3o no visor IN\/OUT, bateria de 3200mAh. Acompanha cabo USB. O carregador deve ser usado com frequ\u00eancia, caso contr\u00e1rio dever\u00e1 ser carregado a cada 2 meses pelo menos 8 horas para prolongar e manter o bom uso da bateria. Compat\u00edvel com celulares, iphone, ipad, ipod, tablets, mp3, c\u00e2meras dentre outros eletr\u00f4nicos.<\/span><\/p>\n<\/div>\n<div class=\"desc\">\n<p class=\"desc-tit\">Medidas aproximadas para grava\u00e7\u00e3o<span class=\"desc-sub\">\u00a0(CxL):\u00a0 9,3 cm x 6 cm<\/span><\/p>\n<\/div>\n<div class=\"desc\">\n<p class=\"desc-tit\">Tamanho total aproximado\u00a0<span class=\"desc-sub\">\u00a0(CxL):\u00a0 13,1 cm x 6,7 cm x 1,6 cm<\/span><\/p>\n<\/div>\n<div class=\"desc\">\n<p class=\"desc-tit\">Peso aproximado<span class=\"desc-sub\">\u00a0(g):\u00a0 161<\/span><\/p>\n<\/div>","protected":false},"excerpt":{"rendered":"<div class=\"desc\">\n<p class=\"desc-tit\">Descri\u00e7\u00e3o:\u00a0<span class=\"desc-sub my-desc-sub\">Power bank pl\u00e1stico com visor digital. Material pl\u00e1stico resistente com texturiza\u00e7\u00e3o semelhante \u00e0 couro sint\u00e9tico, possui bot\u00e3o lateral para ligar e desligamento autom\u00e1tico. Possui entrada DC 5V e duas sa\u00eddas DC 5V, visor digital preto com porcentagem de 100 \u00e0 0%, indica\u00e7\u00e3o de conex\u00e3o no visor IN\/OUT, bateria de 3200mAh. Acompanha cabo USB. O carregador deve ser usado com frequ\u00eancia, caso contr\u00e1rio dever\u00e1 ser carregado a cada 2 meses pelo menos 8 horas para prolongar e manter o bom uso da bateria. Compat\u00edvel com celulares, iphone, ipad, ipod, tablets, mp3, c\u00e2meras dentre outros eletr\u00f4nicos.<\/span><\/p>\n<\/div>\n<div class=\"desc\">\n<p class=\"desc-tit\">Medidas aproximadas para grava\u00e7\u00e3o<span class=\"desc-sub\">\u00a0(CxL):\u00a0 9,3 cm x 6 cm<\/span><\/p>\n<\/div>\n<div class=\"desc\">\n<p class=\"desc-tit\">Tamanho total aproximado\u00a0<span class=\"desc-sub\">\u00a0(CxL):\u00a0 13,1 cm x 6,7 cm x 1,6 cm<\/span><\/p>\n<\/div>\n<div class=\"desc\">\n<p class=\"desc-tit\">Peso aproximado<span class=\"desc-sub\">\u00a0(g):\u00a0 161<\/span><\/p>\n<\/div>","protected":false},"featured_media":5974,"comment_status":"open","ping_status":"closed","template":"","meta":{"_monsterinsights_skip_tracking":false,"_monsterinsights_sitenote_active":false,"_monsterinsights_sitenote_note":"","_monsterinsights_sitenote_category":0},"product_brand":[],"product_cat":[219,249],"product_tag":[252,251],"class_list":{"0":"post-5973","1":"product","2":"type-product","3":"status-publish","4":"has-post-thumbnail","6":"product_cat-brindes","7":"product_cat-tecnologia","8":"product_tag-power-bank","9":"product_tag-tecnologia","11":"first","12":"instock","13":"shipping-taxable","14":"product-type-simple"},"yoast_head":"<!-- This site is optimized with the Yoast SEO plugin v27.4 - https:\/\/yoast.com\/product\/yoast-seo-wordpress\/ -->\n<title>Power Bank Pl\u00e1stico com Indicador Digital - Ideia Gr\u00e1fica e Brindes<\/title>\n<meta name=\"robots\" content=\"index, follow, max-snippet:-1, max-image-preview:large, max-video-preview:-1\" \/>\n<link rel=\"canonical\" href=\"https:\/\/ideiagraficaebrindes.com.br\/en\/product\/power-bank-plastico-com-indicador-digital\/\" \/>\n<meta property=\"og:locale\" content=\"en_US\" \/>\n<meta property=\"og:type\" content=\"article\" \/>\n<meta property=\"og:title\" content=\"Power Bank Pl\u00e1stico com Indicador Digital - Ideia Gr\u00e1fica e Brindes\" \/>\n<meta property=\"og:description\" content=\"Descri\u00e7\u00e3o:\u00a0Power bank pl\u00e1stico com visor digital. Material pl\u00e1stico resistente com texturiza\u00e7\u00e3o semelhante \u00e0 couro sint\u00e9tico, possui bot\u00e3o lateral para ligar e desligamento autom\u00e1tico. Possui entrada DC 5V e duas sa\u00eddas DC 5V, visor digital preto com porcentagem de 100 \u00e0 0%, indica\u00e7\u00e3o de conex\u00e3o no visor IN\/OUT, bateria de 3200mAh. Acompanha cabo USB. O carregador deve ser usado com frequ\u00eancia, caso contr\u00e1rio dever\u00e1 ser carregado a cada 2 meses pelo menos 8 horas para prolongar e manter o bom uso da bateria. Compat\u00edvel com celulares, iphone, ipad, ipod, tablets, mp3, c\u00e2meras dentre outros eletr\u00f4nicos.    Medidas aproximadas para grava\u00e7\u00e3o\u00a0(CxL):\u00a0 9,3 cm x 6 cm    Tamanho total aproximado\u00a0\u00a0(CxL):\u00a0 13,1 cm x 6,7 cm x 1,6 cm    Peso aproximado\u00a0(g):\u00a0 161\" \/>\n<meta property=\"og:url\" content=\"https:\/\/ideiagraficaebrindes.com.br\/en\/product\/power-bank-plastico-com-indicador-digital\/\" \/>\n<meta property=\"og:site_name\" content=\"Ideia Gr\u00e1fica e Brindes\" \/>\n<meta property=\"article:modified_time\" content=\"2021-07-13T15:38:39+00:00\" \/>\n<meta property=\"og:image\" content=\"https:\/\/ideiagraficaebrindes.com.br\/wp-content\/uploads\/2021\/07\/Power-Bank-Plastico-com-Visor-Digital-8012-1532614748.jpg\" \/>\n\t<meta property=\"og:image:width\" content=\"1000\" \/>\n\t<meta property=\"og:image:height\" content=\"1000\" \/>\n\t<meta property=\"og:image:type\" content=\"image\/jpeg\" \/>\n<meta name=\"twitter:card\" content=\"summary_large_image\" \/>\n<meta name=\"twitter:label1\" content=\"Est. reading time\" \/>\n\t<meta name=\"twitter:data1\" content=\"1 minute\" \/>\n<script type=\"application\/ld+json\" class=\"yoast-schema-graph\">{\"@context\":\"https:\\\/\\\/schema.org\",\"@graph\":[{\"@type\":\"WebPage\",\"@id\":\"https:\\\/\\\/ideiagraficaebrindes.com.br\\\/produto\\\/power-bank-plastico-com-indicador-digital\\\/\",\"url\":\"https:\\\/\\\/ideiagraficaebrindes.com.br\\\/produto\\\/power-bank-plastico-com-indicador-digital\\\/\",\"name\":\"Power Bank Pl\u00e1stico com Indicador Digital - Ideia Gr\u00e1fica e Brindes\",\"isPartOf\":{\"@id\":\"https:\\\/\\\/ideiagraficaebrindes.com.br\\\/#website\"},\"primaryImageOfPage\":{\"@id\":\"https:\\\/\\\/ideiagraficaebrindes.com.br\\\/produto\\\/power-bank-plastico-com-indicador-digital\\\/#primaryimage\"},\"image\":{\"@id\":\"https:\\\/\\\/ideiagraficaebrindes.com.br\\\/produto\\\/power-bank-plastico-com-indicador-digital\\\/#primaryimage\"},\"thumbnailUrl\":\"https:\\\/\\\/ideiagraficaebrindes.com.br\\\/wp-content\\\/uploads\\\/2021\\\/07\\\/Power-Bank-Plastico-com-Visor-Digital-8012-1532614748.jpg\",\"datePublished\":\"2021-07-13T15:38:31+00:00\",\"dateModified\":\"2021-07-13T15:38:39+00:00\",\"breadcrumb\":{\"@id\":\"https:\\\/\\\/ideiagraficaebrindes.com.br\\\/produto\\\/power-bank-plastico-com-indicador-digital\\\/#breadcrumb\"},\"inLanguage\":\"en-US\",\"potentialAction\":[{\"@type\":\"ReadAction\",\"target\":[\"https:\\\/\\\/ideiagraficaebrindes.com.br\\\/produto\\\/power-bank-plastico-com-indicador-digital\\\/\"]}]},{\"@type\":\"ImageObject\",\"inLanguage\":\"en-US\",\"@id\":\"https:\\\/\\\/ideiagraficaebrindes.com.br\\\/produto\\\/power-bank-plastico-com-indicador-digital\\\/#primaryimage\",\"url\":\"https:\\\/\\\/ideiagraficaebrindes.com.br\\\/wp-content\\\/uploads\\\/2021\\\/07\\\/Power-Bank-Plastico-com-Visor-Digital-8012-1532614748.jpg\",\"contentUrl\":\"https:\\\/\\\/ideiagraficaebrindes.com.br\\\/wp-content\\\/uploads\\\/2021\\\/07\\\/Power-Bank-Plastico-com-Visor-Digital-8012-1532614748.jpg\",\"width\":1000,\"height\":1000},{\"@type\":\"BreadcrumbList\",\"@id\":\"https:\\\/\\\/ideiagraficaebrindes.com.br\\\/produto\\\/power-bank-plastico-com-indicador-digital\\\/#breadcrumb\",\"itemListElement\":[{\"@type\":\"ListItem\",\"position\":1,\"name\":\"In\u00edcio\",\"item\":\"https:\\\/\\\/ideiagraficaebrindes.com.br\\\/\"},{\"@type\":\"ListItem\",\"position\":2,\"name\":\"Loja\",\"item\":\"https:\\\/\\\/ideiagraficaebrindes.com.br\\\/loja\\\/\"},{\"@type\":\"ListItem\",\"position\":3,\"name\":\"Power Bank Pl\u00e1stico com Indicador Digital\"}]},{\"@type\":\"WebSite\",\"@id\":\"https:\\\/\\\/ideiagraficaebrindes.com.br\\\/#website\",\"url\":\"https:\\\/\\\/ideiagraficaebrindes.com.br\\\/\",\"name\":\"Ideia Gr\u00e1fica e Brindes\",\"description\":\"Brindes Personalizados e Impress\u00e3o em geral\",\"potentialAction\":[{\"@type\":\"SearchAction\",\"target\":{\"@type\":\"EntryPoint\",\"urlTemplate\":\"https:\\\/\\\/ideiagraficaebrindes.com.br\\\/?s={search_term_string}\"},\"query-input\":{\"@type\":\"PropertyValueSpecification\",\"valueRequired\":true,\"valueName\":\"search_term_string\"}}],\"inLanguage\":\"en-US\"}]}<\/script>\n<!-- \/ Yoast SEO plugin. -->","yoast_head_json":{"title":"Power Bank Pl\u00e1stico com Indicador Digital - Ideia Gr\u00e1fica e Brindes","robots":{"index":"index","follow":"follow","max-snippet":"max-snippet:-1","max-image-preview":"max-image-preview:large","max-video-preview":"max-video-preview:-1"},"canonical":"https:\/\/ideiagraficaebrindes.com.br\/en\/product\/power-bank-plastico-com-indicador-digital\/","og_locale":"en_US","og_type":"article","og_title":"Power Bank Pl\u00e1stico com Indicador Digital - Ideia Gr\u00e1fica e Brindes","og_description":"Descri\u00e7\u00e3o:\u00a0Power bank pl\u00e1stico com visor digital. Material pl\u00e1stico resistente com texturiza\u00e7\u00e3o semelhante \u00e0 couro sint\u00e9tico, possui bot\u00e3o lateral para ligar e desligamento autom\u00e1tico. Possui entrada DC 5V e duas sa\u00eddas DC 5V, visor digital preto com porcentagem de 100 \u00e0 0%, indica\u00e7\u00e3o de conex\u00e3o no visor IN\/OUT, bateria de 3200mAh. Acompanha cabo USB. O carregador deve ser usado com frequ\u00eancia, caso contr\u00e1rio dever\u00e1 ser carregado a cada 2 meses pelo menos 8 horas para prolongar e manter o bom uso da bateria. Compat\u00edvel com celulares, iphone, ipad, ipod, tablets, mp3, c\u00e2meras dentre outros eletr\u00f4nicos.    Medidas aproximadas para grava\u00e7\u00e3o\u00a0(CxL):\u00a0 9,3 cm x 6 cm    Tamanho total aproximado\u00a0\u00a0(CxL):\u00a0 13,1 cm x 6,7 cm x 1,6 cm    Peso aproximado\u00a0(g):\u00a0 161","og_url":"https:\/\/ideiagraficaebrindes.com.br\/en\/product\/power-bank-plastico-com-indicador-digital\/","og_site_name":"Ideia Gr\u00e1fica e Brindes","article_modified_time":"2021-07-13T15:38:39+00:00","og_image":[{"width":1000,"height":1000,"url":"https:\/\/ideiagraficaebrindes.com.br\/wp-content\/uploads\/2021\/07\/Power-Bank-Plastico-com-Visor-Digital-8012-1532614748.jpg","type":"image\/jpeg"}],"twitter_card":"summary_large_image","twitter_misc":{"Est. reading time":"1 minute"},"schema":{"@context":"https:\/\/schema.org","@graph":[{"@type":"WebPage","@id":"https:\/\/ideiagraficaebrindes.com.br\/produto\/power-bank-plastico-com-indicador-digital\/","url":"https:\/\/ideiagraficaebrindes.com.br\/produto\/power-bank-plastico-com-indicador-digital\/","name":"Power Bank Pl\u00e1stico com Indicador Digital - Ideia Gr\u00e1fica e Brindes","isPartOf":{"@id":"https:\/\/ideiagraficaebrindes.com.br\/#website"},"primaryImageOfPage":{"@id":"https:\/\/ideiagraficaebrindes.com.br\/produto\/power-bank-plastico-com-indicador-digital\/#primaryimage"},"image":{"@id":"https:\/\/ideiagraficaebrindes.com.br\/produto\/power-bank-plastico-com-indicador-digital\/#primaryimage"},"thumbnailUrl":"https:\/\/ideiagraficaebrindes.com.br\/wp-content\/uploads\/2021\/07\/Power-Bank-Plastico-com-Visor-Digital-8012-1532614748.jpg","datePublished":"2021-07-13T15:38:31+00:00","dateModified":"2021-07-13T15:38:39+00:00","breadcrumb":{"@id":"https:\/\/ideiagraficaebrindes.com.br\/produto\/power-bank-plastico-com-indicador-digital\/#breadcrumb"},"inLanguage":"en-US","potentialAction":[{"@type":"ReadAction","target":["https:\/\/ideiagraficaebrindes.com.br\/produto\/power-bank-plastico-com-indicador-digital\/"]}]},{"@type":"ImageObject","inLanguage":"en-US","@id":"https:\/\/ideiagraficaebrindes.com.br\/produto\/power-bank-plastico-com-indicador-digital\/#primaryimage","url":"https:\/\/ideiagraficaebrindes.com.br\/wp-content\/uploads\/2021\/07\/Power-Bank-Plastico-com-Visor-Digital-8012-1532614748.jpg","contentUrl":"https:\/\/ideiagraficaebrindes.com.br\/wp-content\/uploads\/2021\/07\/Power-Bank-Plastico-com-Visor-Digital-8012-1532614748.jpg","width":1000,"height":1000},{"@type":"BreadcrumbList","@id":"https:\/\/ideiagraficaebrindes.com.br\/produto\/power-bank-plastico-com-indicador-digital\/#breadcrumb","itemListElement":[{"@type":"ListItem","position":1,"name":"In\u00edcio","item":"https:\/\/ideiagraficaebrindes.com.br\/"},{"@type":"ListItem","position":2,"name":"Loja","item":"https:\/\/ideiagraficaebrindes.com.br\/loja\/"},{"@type":"ListItem","position":3,"name":"Power Bank Pl\u00e1stico com Indicador Digital"}]},{"@type":"WebSite","@id":"https:\/\/ideiagraficaebrindes.com.br\/#website","url":"https:\/\/ideiagraficaebrindes.com.br\/","name":"Ideia Gr\u00e1fica e Brindes","description":"Brindes Personalizados e Impress\u00e3o em geral","potentialAction":[{"@type":"SearchAction","target":{"@type":"EntryPoint","urlTemplate":"https:\/\/ideiagraficaebrindes.com.br\/?s={search_term_string}"},"query-input":{"@type":"PropertyValueSpecification","valueRequired":true,"valueName":"search_term_string"}}],"inLanguage":"en-US"}]}},"_links":{"self":[{"href":"https:\/\/ideiagraficaebrindes.com.br\/en\/wp-json\/wp\/v2\/product\/5973","targetHints":{"allow":["GET"]}}],"collection":[{"href":"https:\/\/ideiagraficaebrindes.com.br\/en\/wp-json\/wp\/v2\/product"}],"about":[{"href":"https:\/\/ideiagraficaebrindes.com.br\/en\/wp-json\/wp\/v2\/types\/product"}],"replies":[{"embeddable":true,"href":"https:\/\/ideiagraficaebrindes.com.br\/en\/wp-json\/wp\/v2\/comments?post=5973"}],"wp:featuredmedia":[{"embeddable":true,"href":"https:\/\/ideiagraficaebrindes.com.br\/en\/wp-json\/wp\/v2\/media\/5974"}],"wp:attachment":[{"href":"https:\/\/ideiagraficaebrindes.com.br\/en\/wp-json\/wp\/v2\/media?parent=5973"}],"wp:term":[{"taxonomy":"product_brand","embeddable":true,"href":"https:\/\/ideiagraficaebrindes.com.br\/en\/wp-json\/wp\/v2\/product_brand?post=5973"},{"taxonomy":"product_cat","embeddable":true,"href":"https:\/\/ideiagraficaebrindes.com.br\/en\/wp-json\/wp\/v2\/product_cat?post=5973"},{"taxonomy":"product_tag","embeddable":true,"href":"https:\/\/ideiagraficaebrindes.com.br\/en\/wp-json\/wp\/v2\/product_tag?post=5973"}],"curies":[{"name":"wp","href":"https:\/\/api.w.org\/{rel}","templated":true}]}}