{"id":5639,"date":"2021-07-10T08:57:19","date_gmt":"2021-07-10T11:57:19","guid":{"rendered":"https:\/\/ideiagraficaebrindes.com.br\/?post_type=product&#038;p=5639"},"modified":"2021-07-10T08:57:44","modified_gmt":"2021-07-10T11:57:44","slug":"agenda-diaria-2022-3","status":"publish","type":"product","link":"https:\/\/ideiagraficaebrindes.com.br\/en\/product\/agenda-diaria-2022-3\/","title":{"rendered":"Agenda Di\u00e1ria 2022"},"content":{"rendered":"<p>Descri\u00e7\u00e3o:\u00a0<span class=\"desc-sub my-desc-sub\">Agenda di\u00e1ria 2022 de couro sint\u00e9tico. Cont\u00e9m fita de cetim marca p\u00e1gina, dados pessoais,<\/span><\/p>\n<p><span class=\"desc-sub my-desc-sub\"> calend\u00e1rio de 2021 \u00e0 2023, mapa do Brasil, mapa-m\u00fandi, \u00edndice telef\u00f4nico e planejamento. <\/span><\/p>\n<p><span class=\"desc-sub my-desc-sub\">OBS.: PEDIDOS APENAS M\u00daLTIPLOS DE 10 PE\u00c7AS!<\/span><\/p>","protected":false},"excerpt":{"rendered":"<p>Descri\u00e7\u00e3o:\u00a0<span class=\"desc-sub my-desc-sub\">Agenda di\u00e1ria 2022 de couro sint\u00e9tico. Cont\u00e9m fita de cetim marca p\u00e1gina, dados pessoais,<\/span><\/p>\n<p><span class=\"desc-sub my-desc-sub\"> calend\u00e1rio de 2021 \u00e0 2023, mapa do Brasil, mapa-m\u00fandi, \u00edndice telef\u00f4nico e planejamento. <\/span><\/p>\n<p><span class=\"desc-sub my-desc-sub\">OBS.: PEDIDOS APENAS M\u00daLTIPLOS DE 10 PE\u00c7AS!<\/span><\/p>","protected":false},"featured_media":5643,"comment_status":"open","ping_status":"closed","template":"","meta":{"_monsterinsights_skip_tracking":false,"_monsterinsights_sitenote_active":false,"_monsterinsights_sitenote_note":"","_monsterinsights_sitenote_category":0},"product_brand":[],"product_cat":[219,198],"product_tag":[126,103],"class_list":{"0":"post-5639","1":"product","2":"type-product","3":"status-publish","4":"has-post-thumbnail","6":"product_cat-brindes","7":"product_cat-escritorio","8":"product_tag-agenda-2022","9":"product_tag-escritorio","11":"first","12":"instock","13":"shipping-taxable","14":"product-type-simple"},"yoast_head":"<!-- This site is optimized with the Yoast SEO plugin v27.4 - https:\/\/yoast.com\/product\/yoast-seo-wordpress\/ -->\n<title>Agenda Di\u00e1ria 2022 - Ideia Gr\u00e1fica e Brindes<\/title>\n<meta name=\"robots\" content=\"index, follow, max-snippet:-1, max-image-preview:large, max-video-preview:-1\" \/>\n<link rel=\"canonical\" href=\"https:\/\/ideiagraficaebrindes.com.br\/en\/product\/agenda-diaria-2022-3\/\" \/>\n<meta property=\"og:locale\" content=\"en_US\" \/>\n<meta property=\"og:type\" content=\"article\" \/>\n<meta property=\"og:title\" content=\"Agenda Di\u00e1ria 2022 - Ideia Gr\u00e1fica e Brindes\" \/>\n<meta property=\"og:description\" content=\"Descri\u00e7\u00e3o:\u00a0Agenda di\u00e1ria 2022 de couro sint\u00e9tico. Cont\u00e9m fita de cetim marca p\u00e1gina, dados pessoais,   calend\u00e1rio de 2021 \u00e0 2023, mapa do Brasil, mapa-m\u00fandi, \u00edndice telef\u00f4nico e planejamento.   OBS.: PEDIDOS APENAS M\u00daLTIPLOS DE 10 PE\u00c7AS!\" \/>\n<meta property=\"og:url\" content=\"https:\/\/ideiagraficaebrindes.com.br\/en\/product\/agenda-diaria-2022-3\/\" \/>\n<meta property=\"og:site_name\" content=\"Ideia Gr\u00e1fica e Brindes\" \/>\n<meta property=\"article:modified_time\" content=\"2021-07-10T11:57:44+00:00\" \/>\n<meta property=\"og:image\" content=\"https:\/\/ideiagraficaebrindes.com.br\/wp-content\/uploads\/2021\/07\/Agenda-Diaria-2022-7744-1624377525.jpg\" \/>\n\t<meta property=\"og:image:width\" content=\"1000\" \/>\n\t<meta property=\"og:image:height\" content=\"1000\" \/>\n\t<meta property=\"og:image:type\" content=\"image\/jpeg\" \/>\n<meta name=\"twitter:card\" content=\"summary_large_image\" \/>\n<meta name=\"twitter:label1\" content=\"Est. reading time\" \/>\n\t<meta name=\"twitter:data1\" content=\"1 minute\" \/>\n<script type=\"application\/ld+json\" class=\"yoast-schema-graph\">{\"@context\":\"https:\\\/\\\/schema.org\",\"@graph\":[{\"@type\":\"WebPage\",\"@id\":\"https:\\\/\\\/ideiagraficaebrindes.com.br\\\/produto\\\/agenda-diaria-2022-3\\\/\",\"url\":\"https:\\\/\\\/ideiagraficaebrindes.com.br\\\/produto\\\/agenda-diaria-2022-3\\\/\",\"name\":\"Agenda Di\u00e1ria 2022 - Ideia Gr\u00e1fica e Brindes\",\"isPartOf\":{\"@id\":\"https:\\\/\\\/ideiagraficaebrindes.com.br\\\/#website\"},\"primaryImageOfPage\":{\"@id\":\"https:\\\/\\\/ideiagraficaebrindes.com.br\\\/produto\\\/agenda-diaria-2022-3\\\/#primaryimage\"},\"image\":{\"@id\":\"https:\\\/\\\/ideiagraficaebrindes.com.br\\\/produto\\\/agenda-diaria-2022-3\\\/#primaryimage\"},\"thumbnailUrl\":\"https:\\\/\\\/ideiagraficaebrindes.com.br\\\/wp-content\\\/uploads\\\/2021\\\/07\\\/Agenda-Diaria-2022-7744-1624377525.jpg\",\"datePublished\":\"2021-07-10T11:57:19+00:00\",\"dateModified\":\"2021-07-10T11:57:44+00:00\",\"breadcrumb\":{\"@id\":\"https:\\\/\\\/ideiagraficaebrindes.com.br\\\/produto\\\/agenda-diaria-2022-3\\\/#breadcrumb\"},\"inLanguage\":\"en-US\",\"potentialAction\":[{\"@type\":\"ReadAction\",\"target\":[\"https:\\\/\\\/ideiagraficaebrindes.com.br\\\/produto\\\/agenda-diaria-2022-3\\\/\"]}]},{\"@type\":\"ImageObject\",\"inLanguage\":\"en-US\",\"@id\":\"https:\\\/\\\/ideiagraficaebrindes.com.br\\\/produto\\\/agenda-diaria-2022-3\\\/#primaryimage\",\"url\":\"https:\\\/\\\/ideiagraficaebrindes.com.br\\\/wp-content\\\/uploads\\\/2021\\\/07\\\/Agenda-Diaria-2022-7744-1624377525.jpg\",\"contentUrl\":\"https:\\\/\\\/ideiagraficaebrindes.com.br\\\/wp-content\\\/uploads\\\/2021\\\/07\\\/Agenda-Diaria-2022-7744-1624377525.jpg\",\"width\":1000,\"height\":1000},{\"@type\":\"BreadcrumbList\",\"@id\":\"https:\\\/\\\/ideiagraficaebrindes.com.br\\\/produto\\\/agenda-diaria-2022-3\\\/#breadcrumb\",\"itemListElement\":[{\"@type\":\"ListItem\",\"position\":1,\"name\":\"In\u00edcio\",\"item\":\"https:\\\/\\\/ideiagraficaebrindes.com.br\\\/\"},{\"@type\":\"ListItem\",\"position\":2,\"name\":\"Loja\",\"item\":\"https:\\\/\\\/ideiagraficaebrindes.com.br\\\/loja\\\/\"},{\"@type\":\"ListItem\",\"position\":3,\"name\":\"Agenda Di\u00e1ria 2022\"}]},{\"@type\":\"WebSite\",\"@id\":\"https:\\\/\\\/ideiagraficaebrindes.com.br\\\/#website\",\"url\":\"https:\\\/\\\/ideiagraficaebrindes.com.br\\\/\",\"name\":\"Ideia Gr\u00e1fica e Brindes\",\"description\":\"Brindes Personalizados e Impress\u00e3o em geral\",\"potentialAction\":[{\"@type\":\"SearchAction\",\"target\":{\"@type\":\"EntryPoint\",\"urlTemplate\":\"https:\\\/\\\/ideiagraficaebrindes.com.br\\\/?s={search_term_string}\"},\"query-input\":{\"@type\":\"PropertyValueSpecification\",\"valueRequired\":true,\"valueName\":\"search_term_string\"}}],\"inLanguage\":\"en-US\"}]}<\/script>\n<!-- \/ Yoast SEO plugin. -->","yoast_head_json":{"title":"Agenda Di\u00e1ria 2022 - Ideia Gr\u00e1fica e Brindes","robots":{"index":"index","follow":"follow","max-snippet":"max-snippet:-1","max-image-preview":"max-image-preview:large","max-video-preview":"max-video-preview:-1"},"canonical":"https:\/\/ideiagraficaebrindes.com.br\/en\/product\/agenda-diaria-2022-3\/","og_locale":"en_US","og_type":"article","og_title":"Agenda Di\u00e1ria 2022 - Ideia Gr\u00e1fica e Brindes","og_description":"Descri\u00e7\u00e3o:\u00a0Agenda di\u00e1ria 2022 de couro sint\u00e9tico. Cont\u00e9m fita de cetim marca p\u00e1gina, dados pessoais,   calend\u00e1rio de 2021 \u00e0 2023, mapa do Brasil, mapa-m\u00fandi, \u00edndice telef\u00f4nico e planejamento.   OBS.: PEDIDOS APENAS M\u00daLTIPLOS DE 10 PE\u00c7AS!","og_url":"https:\/\/ideiagraficaebrindes.com.br\/en\/product\/agenda-diaria-2022-3\/","og_site_name":"Ideia Gr\u00e1fica e Brindes","article_modified_time":"2021-07-10T11:57:44+00:00","og_image":[{"width":1000,"height":1000,"url":"https:\/\/ideiagraficaebrindes.com.br\/wp-content\/uploads\/2021\/07\/Agenda-Diaria-2022-7744-1624377525.jpg","type":"image\/jpeg"}],"twitter_card":"summary_large_image","twitter_misc":{"Est. reading time":"1 minute"},"schema":{"@context":"https:\/\/schema.org","@graph":[{"@type":"WebPage","@id":"https:\/\/ideiagraficaebrindes.com.br\/produto\/agenda-diaria-2022-3\/","url":"https:\/\/ideiagraficaebrindes.com.br\/produto\/agenda-diaria-2022-3\/","name":"Agenda Di\u00e1ria 2022 - Ideia Gr\u00e1fica e Brindes","isPartOf":{"@id":"https:\/\/ideiagraficaebrindes.com.br\/#website"},"primaryImageOfPage":{"@id":"https:\/\/ideiagraficaebrindes.com.br\/produto\/agenda-diaria-2022-3\/#primaryimage"},"image":{"@id":"https:\/\/ideiagraficaebrindes.com.br\/produto\/agenda-diaria-2022-3\/#primaryimage"},"thumbnailUrl":"https:\/\/ideiagraficaebrindes.com.br\/wp-content\/uploads\/2021\/07\/Agenda-Diaria-2022-7744-1624377525.jpg","datePublished":"2021-07-10T11:57:19+00:00","dateModified":"2021-07-10T11:57:44+00:00","breadcrumb":{"@id":"https:\/\/ideiagraficaebrindes.com.br\/produto\/agenda-diaria-2022-3\/#breadcrumb"},"inLanguage":"en-US","potentialAction":[{"@type":"ReadAction","target":["https:\/\/ideiagraficaebrindes.com.br\/produto\/agenda-diaria-2022-3\/"]}]},{"@type":"ImageObject","inLanguage":"en-US","@id":"https:\/\/ideiagraficaebrindes.com.br\/produto\/agenda-diaria-2022-3\/#primaryimage","url":"https:\/\/ideiagraficaebrindes.com.br\/wp-content\/uploads\/2021\/07\/Agenda-Diaria-2022-7744-1624377525.jpg","contentUrl":"https:\/\/ideiagraficaebrindes.com.br\/wp-content\/uploads\/2021\/07\/Agenda-Diaria-2022-7744-1624377525.jpg","width":1000,"height":1000},{"@type":"BreadcrumbList","@id":"https:\/\/ideiagraficaebrindes.com.br\/produto\/agenda-diaria-2022-3\/#breadcrumb","itemListElement":[{"@type":"ListItem","position":1,"name":"In\u00edcio","item":"https:\/\/ideiagraficaebrindes.com.br\/"},{"@type":"ListItem","position":2,"name":"Loja","item":"https:\/\/ideiagraficaebrindes.com.br\/loja\/"},{"@type":"ListItem","position":3,"name":"Agenda Di\u00e1ria 2022"}]},{"@type":"WebSite","@id":"https:\/\/ideiagraficaebrindes.com.br\/#website","url":"https:\/\/ideiagraficaebrindes.com.br\/","name":"Ideia Gr\u00e1fica e Brindes","description":"Brindes Personalizados e Impress\u00e3o em geral","potentialAction":[{"@type":"SearchAction","target":{"@type":"EntryPoint","urlTemplate":"https:\/\/ideiagraficaebrindes.com.br\/?s={search_term_string}"},"query-input":{"@type":"PropertyValueSpecification","valueRequired":true,"valueName":"search_term_string"}}],"inLanguage":"en-US"}]}},"_links":{"self":[{"href":"https:\/\/ideiagraficaebrindes.com.br\/en\/wp-json\/wp\/v2\/product\/5639","targetHints":{"allow":["GET"]}}],"collection":[{"href":"https:\/\/ideiagraficaebrindes.com.br\/en\/wp-json\/wp\/v2\/product"}],"about":[{"href":"https:\/\/ideiagraficaebrindes.com.br\/en\/wp-json\/wp\/v2\/types\/product"}],"replies":[{"embeddable":true,"href":"https:\/\/ideiagraficaebrindes.com.br\/en\/wp-json\/wp\/v2\/comments?post=5639"}],"wp:featuredmedia":[{"embeddable":true,"href":"https:\/\/ideiagraficaebrindes.com.br\/en\/wp-json\/wp\/v2\/media\/5643"}],"wp:attachment":[{"href":"https:\/\/ideiagraficaebrindes.com.br\/en\/wp-json\/wp\/v2\/media?parent=5639"}],"wp:term":[{"taxonomy":"product_brand","embeddable":true,"href":"https:\/\/ideiagraficaebrindes.com.br\/en\/wp-json\/wp\/v2\/product_brand?post=5639"},{"taxonomy":"product_cat","embeddable":true,"href":"https:\/\/ideiagraficaebrindes.com.br\/en\/wp-json\/wp\/v2\/product_cat?post=5639"},{"taxonomy":"product_tag","embeddable":true,"href":"https:\/\/ideiagraficaebrindes.com.br\/en\/wp-json\/wp\/v2\/product_tag?post=5639"}],"curies":[{"name":"wp","href":"https:\/\/api.w.org\/{rel}","templated":true}]}}