{"id":4646,"date":"2021-06-28T19:12:14","date_gmt":"2021-06-28T22:12:14","guid":{"rendered":"https:\/\/ideiagraficaebrindes.com.br\/?post_type=product&#038;p=4646"},"modified":"2021-07-09T09:24:37","modified_gmt":"2021-07-09T12:24:37","slug":"copo-long-drink-degrade-350ml","status":"publish","type":"product","link":"https:\/\/ideiagraficaebrindes.com.br\/en\/product\/copo-long-drink-degrade-350ml\/","title":{"rendered":"Copo Long Drink Degrad\u00ea 350ml"},"content":{"rendered":"<div id=\"comp-jkx9cwz0\" class=\"_2bafp\" data-testid=\"richTextElement\">\n<h6 class=\"font_6\">Ideal para servir refrigerante, cerveja, \u00e1gua, sucos, coquet\u00e9is.<\/h6>\n<div class=\"desc\">\n<p class=\"desc-tit\">Descri\u00e7\u00e3o:\u00a0<span class=\"desc-sub my-desc-sub\">Copo long drink 350ml, material acr\u00edlico\u00a0<\/span><\/p>\n<\/div>\n<div class=\"desc\">\n<p class=\"desc-tit\">Altura<span class=\"desc-sub\">\u00a0:\u00a0 15,3 cm<\/span><\/p>\n<\/div>\n<div class=\"desc\">\n<p class=\"desc-tit\">Largura<span class=\"desc-sub\">\u00a0:\u00a0 6,4 cm<br \/>\nEspessura da Parede: 2mm<\/span><\/p>\n<\/div>\n<div class=\"desc\">\n<p class=\"desc-tit\">Medidas aproximadas para grava\u00e7\u00e3o<span class=\"desc-sub\">\u00a0(CxL):\u00a0 13 cm x 5 cm<\/span><\/p>\n<\/div>\n<div class=\"desc\">\n<p class=\"desc-tit\">Peso aproximado<span class=\"desc-sub\">\u00a0(g):\u00a0 45<\/span><\/p>\n<\/div>\n<\/div>\n<div id=\"comp-jkx9cwyo\">\n<div class=\"comp-jkx9cwyo\">\n<div id=\"gallery-wrapper-comp-jkx9cwyo\">\n<div id=\"pro-gallery-comp-jkx9cwyo\" class=\"pro-gallery\">\n<div class=\"\" tabindex=\"-1\" data-key=\"pro-gallery-inner-container\">\n<div class=\"pro-gallery-parent-container gallery-thumbnails\" role=\"application\" aria-label=\"You can navigate the gallery with keyboard arrow keys.\" aria-roledescription=\"gallery application\">\n<div id=\"pro-gallery-container\" class=\"pro-gallery inline-styles one-row hide-scrollbars slider ltr\">\n<div id=\"gallery-horizontal-scroll\" class=\"gallery-horizontal-scroll gallery-column hide-scrollbars ltr scroll-snap\" data-hook=\"gallery-column\">\n<div class=\"gallery-horizontal-scroll-inner\">\n<div data-hook=\"group-view\" aria-hidden=\"false\">\n<div id=\"pgi7bfc91334c97466e8688c236a5e78174_0\" class=\"gallery-item-container visible\" tabindex=\"0\" role=\"\" aria-label=\"Azul Neon.png\" data-hash=\"7bfc9133-4c97-466e-8688-c236a5e78174\" data-id=\"7bfc9133-4c97-466e-8688-c236a5e78174\" data-idx=\"0\" data-hook=\"item-container\">\n<div>\n<div id=\"item-wrapper-7bfc9133-4c97-466e-8688-c236a5e78174\" class=\"gallery-item-wrapper visible cube-type-fill\" data-hook=\"item-wrapper\">\n<div class=\"gallery-item-content image-item gallery-item-visible gallery-item gallery-item-preloaded\" data-hook=\"image-item\"><picture><source srcset=\"https:\/\/static.wixstatic.com\/media\/f62f03_34ed031c5d104958aacc023216f82491~mv2_d_1659_1659_s_2.png\/v1\/fill\/w_463,h_503,q_90\/f62f03_34ed031c5d104958aacc023216f82491~mv2_d_1659_1659_s_2.webp 1x, https:\/\/static.wixstatic.com\/media\/f62f03_34ed031c5d104958aacc023216f82491~mv2_d_1659_1659_s_2.png\/v1\/fill\/w_926,h_1006,q_90\/f62f03_34ed031c5d104958aacc023216f82491~mv2_d_1659_1659_s_2.webp 2x\" type=\"image\/webp\" \/><source srcset=\"https:\/\/static.wixstatic.com\/media\/f62f03_34ed031c5d104958aacc023216f82491~mv2_d_1659_1659_s_2.png\/v1\/fill\/w_463,h_503,q_90\/f62f03_34ed031c5d104958aacc023216f82491~mv2_d_1659_1659_s_2.png 1x, https:\/\/static.wixstatic.com\/media\/f62f03_34ed031c5d104958aacc023216f82491~mv2_d_1659_1659_s_2.png\/v1\/fill\/w_926,h_1006,q_90\/f62f03_34ed031c5d104958aacc023216f82491~mv2_d_1659_1659_s_2.png 2x\" type=\"image\/png\" \/><\/picture><\/div>\n<\/div>\n<\/div>\n<\/div>\n<\/div>\n<\/div>\n<\/div>\n<\/div>\n<\/div>\n<\/div>\n<\/div>\n<\/div>\n<\/div>\n<\/div>","protected":false},"excerpt":{"rendered":"<div id=\"comp-jkx9cwz0\" class=\"_2bafp\" data-testid=\"richTextElement\">\n<h6 class=\"font_6\">Ideal para servir refrigerante, cerveja, \u00e1gua, sucos, coquet\u00e9is.<\/h6>\n<div class=\"desc\">\n<p class=\"desc-tit\">Descri\u00e7\u00e3o:\u00a0<span class=\"desc-sub my-desc-sub\">Copo long drink 350ml, material acr\u00edlico\u00a0<\/span><\/p>\n<\/div>\n<div class=\"desc\">\n<p class=\"desc-tit\">Altura<span class=\"desc-sub\">\u00a0:\u00a0 15,3 cm<\/span><\/p>\n<\/div>\n<div class=\"desc\">\n<p class=\"desc-tit\">Largura<span class=\"desc-sub\">\u00a0:\u00a0 6,4 cm<br \/>\nEspessura da Parede: 2mm<\/span><\/p>\n<\/div>\n<div class=\"desc\">\n<p class=\"desc-tit\">Medidas aproximadas para grava\u00e7\u00e3o<span class=\"desc-sub\">\u00a0(CxL):\u00a0 13 cm x 5 cm<\/span><\/p>\n<\/div>\n<div class=\"desc\">\n<p class=\"desc-tit\">Peso aproximado<span class=\"desc-sub\">\u00a0(g):\u00a0 45<\/span><\/p>\n<\/div>\n<\/div>\n<div id=\"comp-jkx9cwyo\">\n<div class=\"comp-jkx9cwyo\">\n<div id=\"gallery-wrapper-comp-jkx9cwyo\">\n<div id=\"pro-gallery-comp-jkx9cwyo\" class=\"pro-gallery\">\n<div class=\"\" tabindex=\"-1\" data-key=\"pro-gallery-inner-container\">\n<div class=\"pro-gallery-parent-container gallery-thumbnails\" role=\"application\" aria-label=\"You can navigate the gallery with keyboard arrow keys.\" aria-roledescription=\"gallery application\">\n<div id=\"pro-gallery-container\" class=\"pro-gallery inline-styles one-row hide-scrollbars slider ltr\">\n<div id=\"gallery-horizontal-scroll\" class=\"gallery-horizontal-scroll gallery-column hide-scrollbars ltr scroll-snap\" data-hook=\"gallery-column\">\n<div class=\"gallery-horizontal-scroll-inner\">\n<div data-hook=\"group-view\" aria-hidden=\"false\">\n<div id=\"pgi7bfc91334c97466e8688c236a5e78174_0\" class=\"gallery-item-container visible\" tabindex=\"0\" role=\"\" aria-label=\"Azul Neon.png\" data-hash=\"7bfc9133-4c97-466e-8688-c236a5e78174\" data-id=\"7bfc9133-4c97-466e-8688-c236a5e78174\" data-idx=\"0\" data-hook=\"item-container\">\n<div>\n<div id=\"item-wrapper-7bfc9133-4c97-466e-8688-c236a5e78174\" class=\"gallery-item-wrapper visible cube-type-fill\" data-hook=\"item-wrapper\">\n<div class=\"gallery-item-content image-item gallery-item-visible gallery-item gallery-item-preloaded\" data-hook=\"image-item\"><picture><source srcset=\"https:\/\/static.wixstatic.com\/media\/f62f03_34ed031c5d104958aacc023216f82491~mv2_d_1659_1659_s_2.png\/v1\/fill\/w_463,h_503,q_90\/f62f03_34ed031c5d104958aacc023216f82491~mv2_d_1659_1659_s_2.webp 1x, https:\/\/static.wixstatic.com\/media\/f62f03_34ed031c5d104958aacc023216f82491~mv2_d_1659_1659_s_2.png\/v1\/fill\/w_926,h_1006,q_90\/f62f03_34ed031c5d104958aacc023216f82491~mv2_d_1659_1659_s_2.webp 2x\" type=\"image\/webp\" \/><source srcset=\"https:\/\/static.wixstatic.com\/media\/f62f03_34ed031c5d104958aacc023216f82491~mv2_d_1659_1659_s_2.png\/v1\/fill\/w_463,h_503,q_90\/f62f03_34ed031c5d104958aacc023216f82491~mv2_d_1659_1659_s_2.png 1x, https:\/\/static.wixstatic.com\/media\/f62f03_34ed031c5d104958aacc023216f82491~mv2_d_1659_1659_s_2.png\/v1\/fill\/w_926,h_1006,q_90\/f62f03_34ed031c5d104958aacc023216f82491~mv2_d_1659_1659_s_2.png 2x\" type=\"image\/png\" \/><\/picture><\/div>\n<\/div>\n<\/div>\n<\/div>\n<\/div>\n<\/div>\n<\/div>\n<\/div>\n<\/div>\n<\/div>\n<\/div>\n<\/div>\n<\/div>\n<\/div>","protected":false},"featured_media":4649,"comment_status":"open","ping_status":"closed","template":"","meta":{"_monsterinsights_skip_tracking":false,"_monsterinsights_sitenote_active":false,"_monsterinsights_sitenote_note":"","_monsterinsights_sitenote_category":0},"product_brand":[],"product_cat":[219,149],"product_tag":[153,176,177],"class_list":{"0":"post-4646","1":"product","2":"type-product","3":"status-publish","4":"has-post-thumbnail","6":"product_cat-brindes","7":"product_cat-copos","8":"product_tag-copo","9":"product_tag-copo-degrade","10":"product_tag-copo-long-drink","12":"first","13":"instock","14":"shipping-taxable","15":"product-type-simple"},"yoast_head":"<!-- This site is optimized with the Yoast SEO plugin v27.4 - https:\/\/yoast.com\/product\/yoast-seo-wordpress\/ -->\n<title>Copo Long Drink Degrad\u00ea 350ml - Ideia Gr\u00e1fica e Brindes<\/title>\n<meta name=\"robots\" content=\"index, follow, max-snippet:-1, max-image-preview:large, max-video-preview:-1\" \/>\n<link rel=\"canonical\" href=\"https:\/\/ideiagraficaebrindes.com.br\/en\/product\/copo-long-drink-degrade-350ml\/\" \/>\n<meta property=\"og:locale\" content=\"en_US\" \/>\n<meta property=\"og:type\" content=\"article\" \/>\n<meta property=\"og:title\" content=\"Copo Long Drink Degrad\u00ea 350ml - Ideia Gr\u00e1fica e Brindes\" \/>\n<meta property=\"og:description\" content=\"Ideal para servir refrigerante, cerveja, \u00e1gua, sucos, coquet\u00e9is.  Descri\u00e7\u00e3o:\u00a0Copo long drink 350ml, material acr\u00edlico\u00a0    Altura\u00a0:\u00a0 15,3 cm    Largura\u00a0:\u00a0 6,4 cm Espessura da Parede: 2mm    Medidas aproximadas para grava\u00e7\u00e3o\u00a0(CxL):\u00a0 13 cm x 5 cm    Peso aproximado\u00a0(g):\u00a0 45\" \/>\n<meta property=\"og:url\" content=\"https:\/\/ideiagraficaebrindes.com.br\/en\/product\/copo-long-drink-degrade-350ml\/\" \/>\n<meta property=\"og:site_name\" content=\"Ideia Gr\u00e1fica e Brindes\" \/>\n<meta property=\"article:modified_time\" content=\"2021-07-09T12:24:37+00:00\" \/>\n<meta property=\"og:image\" content=\"https:\/\/ideiagraficaebrindes.com.br\/wp-content\/uploads\/2021\/06\/capa-6.jpg\" \/>\n\t<meta property=\"og:image:width\" content=\"1084\" \/>\n\t<meta property=\"og:image:height\" content=\"1084\" \/>\n\t<meta property=\"og:image:type\" content=\"image\/jpeg\" \/>\n<meta name=\"twitter:card\" content=\"summary_large_image\" \/>\n<meta name=\"twitter:label1\" content=\"Est. reading time\" \/>\n\t<meta name=\"twitter:data1\" content=\"1 minute\" \/>\n<script type=\"application\/ld+json\" class=\"yoast-schema-graph\">{\"@context\":\"https:\\\/\\\/schema.org\",\"@graph\":[{\"@type\":\"WebPage\",\"@id\":\"https:\\\/\\\/ideiagraficaebrindes.com.br\\\/produto\\\/copo-long-drink-degrade-350ml\\\/\",\"url\":\"https:\\\/\\\/ideiagraficaebrindes.com.br\\\/produto\\\/copo-long-drink-degrade-350ml\\\/\",\"name\":\"Copo Long Drink Degrad\u00ea 350ml - Ideia Gr\u00e1fica e Brindes\",\"isPartOf\":{\"@id\":\"https:\\\/\\\/ideiagraficaebrindes.com.br\\\/#website\"},\"primaryImageOfPage\":{\"@id\":\"https:\\\/\\\/ideiagraficaebrindes.com.br\\\/produto\\\/copo-long-drink-degrade-350ml\\\/#primaryimage\"},\"image\":{\"@id\":\"https:\\\/\\\/ideiagraficaebrindes.com.br\\\/produto\\\/copo-long-drink-degrade-350ml\\\/#primaryimage\"},\"thumbnailUrl\":\"https:\\\/\\\/ideiagraficaebrindes.com.br\\\/wp-content\\\/uploads\\\/2021\\\/06\\\/capa-6.jpg\",\"datePublished\":\"2021-06-28T22:12:14+00:00\",\"dateModified\":\"2021-07-09T12:24:37+00:00\",\"breadcrumb\":{\"@id\":\"https:\\\/\\\/ideiagraficaebrindes.com.br\\\/produto\\\/copo-long-drink-degrade-350ml\\\/#breadcrumb\"},\"inLanguage\":\"en-US\",\"potentialAction\":[{\"@type\":\"ReadAction\",\"target\":[\"https:\\\/\\\/ideiagraficaebrindes.com.br\\\/produto\\\/copo-long-drink-degrade-350ml\\\/\"]}]},{\"@type\":\"ImageObject\",\"inLanguage\":\"en-US\",\"@id\":\"https:\\\/\\\/ideiagraficaebrindes.com.br\\\/produto\\\/copo-long-drink-degrade-350ml\\\/#primaryimage\",\"url\":\"https:\\\/\\\/ideiagraficaebrindes.com.br\\\/wp-content\\\/uploads\\\/2021\\\/06\\\/capa-6.jpg\",\"contentUrl\":\"https:\\\/\\\/ideiagraficaebrindes.com.br\\\/wp-content\\\/uploads\\\/2021\\\/06\\\/capa-6.jpg\",\"width\":1084,\"height\":1084,\"caption\":\"caneca-slim-degrade\"},{\"@type\":\"BreadcrumbList\",\"@id\":\"https:\\\/\\\/ideiagraficaebrindes.com.br\\\/produto\\\/copo-long-drink-degrade-350ml\\\/#breadcrumb\",\"itemListElement\":[{\"@type\":\"ListItem\",\"position\":1,\"name\":\"In\u00edcio\",\"item\":\"https:\\\/\\\/ideiagraficaebrindes.com.br\\\/\"},{\"@type\":\"ListItem\",\"position\":2,\"name\":\"Loja\",\"item\":\"https:\\\/\\\/ideiagraficaebrindes.com.br\\\/loja\\\/\"},{\"@type\":\"ListItem\",\"position\":3,\"name\":\"Copo Long Drink Degrad\u00ea 350ml\"}]},{\"@type\":\"WebSite\",\"@id\":\"https:\\\/\\\/ideiagraficaebrindes.com.br\\\/#website\",\"url\":\"https:\\\/\\\/ideiagraficaebrindes.com.br\\\/\",\"name\":\"Ideia Gr\u00e1fica e Brindes\",\"description\":\"Brindes Personalizados e Impress\u00e3o em geral\",\"potentialAction\":[{\"@type\":\"SearchAction\",\"target\":{\"@type\":\"EntryPoint\",\"urlTemplate\":\"https:\\\/\\\/ideiagraficaebrindes.com.br\\\/?s={search_term_string}\"},\"query-input\":{\"@type\":\"PropertyValueSpecification\",\"valueRequired\":true,\"valueName\":\"search_term_string\"}}],\"inLanguage\":\"en-US\"}]}<\/script>\n<!-- \/ Yoast SEO plugin. -->","yoast_head_json":{"title":"Copo Long Drink Degrad\u00ea 350ml - Ideia Gr\u00e1fica e Brindes","robots":{"index":"index","follow":"follow","max-snippet":"max-snippet:-1","max-image-preview":"max-image-preview:large","max-video-preview":"max-video-preview:-1"},"canonical":"https:\/\/ideiagraficaebrindes.com.br\/en\/product\/copo-long-drink-degrade-350ml\/","og_locale":"en_US","og_type":"article","og_title":"Copo Long Drink Degrad\u00ea 350ml - Ideia Gr\u00e1fica e Brindes","og_description":"Ideal para servir refrigerante, cerveja, \u00e1gua, sucos, coquet\u00e9is.  Descri\u00e7\u00e3o:\u00a0Copo long drink 350ml, material acr\u00edlico\u00a0    Altura\u00a0:\u00a0 15,3 cm    Largura\u00a0:\u00a0 6,4 cm Espessura da Parede: 2mm    Medidas aproximadas para grava\u00e7\u00e3o\u00a0(CxL):\u00a0 13 cm x 5 cm    Peso aproximado\u00a0(g):\u00a0 45","og_url":"https:\/\/ideiagraficaebrindes.com.br\/en\/product\/copo-long-drink-degrade-350ml\/","og_site_name":"Ideia Gr\u00e1fica e Brindes","article_modified_time":"2021-07-09T12:24:37+00:00","og_image":[{"width":1084,"height":1084,"url":"https:\/\/ideiagraficaebrindes.com.br\/wp-content\/uploads\/2021\/06\/capa-6.jpg","type":"image\/jpeg"}],"twitter_card":"summary_large_image","twitter_misc":{"Est. reading time":"1 minute"},"schema":{"@context":"https:\/\/schema.org","@graph":[{"@type":"WebPage","@id":"https:\/\/ideiagraficaebrindes.com.br\/produto\/copo-long-drink-degrade-350ml\/","url":"https:\/\/ideiagraficaebrindes.com.br\/produto\/copo-long-drink-degrade-350ml\/","name":"Copo Long Drink Degrad\u00ea 350ml - Ideia Gr\u00e1fica e Brindes","isPartOf":{"@id":"https:\/\/ideiagraficaebrindes.com.br\/#website"},"primaryImageOfPage":{"@id":"https:\/\/ideiagraficaebrindes.com.br\/produto\/copo-long-drink-degrade-350ml\/#primaryimage"},"image":{"@id":"https:\/\/ideiagraficaebrindes.com.br\/produto\/copo-long-drink-degrade-350ml\/#primaryimage"},"thumbnailUrl":"https:\/\/ideiagraficaebrindes.com.br\/wp-content\/uploads\/2021\/06\/capa-6.jpg","datePublished":"2021-06-28T22:12:14+00:00","dateModified":"2021-07-09T12:24:37+00:00","breadcrumb":{"@id":"https:\/\/ideiagraficaebrindes.com.br\/produto\/copo-long-drink-degrade-350ml\/#breadcrumb"},"inLanguage":"en-US","potentialAction":[{"@type":"ReadAction","target":["https:\/\/ideiagraficaebrindes.com.br\/produto\/copo-long-drink-degrade-350ml\/"]}]},{"@type":"ImageObject","inLanguage":"en-US","@id":"https:\/\/ideiagraficaebrindes.com.br\/produto\/copo-long-drink-degrade-350ml\/#primaryimage","url":"https:\/\/ideiagraficaebrindes.com.br\/wp-content\/uploads\/2021\/06\/capa-6.jpg","contentUrl":"https:\/\/ideiagraficaebrindes.com.br\/wp-content\/uploads\/2021\/06\/capa-6.jpg","width":1084,"height":1084,"caption":"caneca-slim-degrade"},{"@type":"BreadcrumbList","@id":"https:\/\/ideiagraficaebrindes.com.br\/produto\/copo-long-drink-degrade-350ml\/#breadcrumb","itemListElement":[{"@type":"ListItem","position":1,"name":"In\u00edcio","item":"https:\/\/ideiagraficaebrindes.com.br\/"},{"@type":"ListItem","position":2,"name":"Loja","item":"https:\/\/ideiagraficaebrindes.com.br\/loja\/"},{"@type":"ListItem","position":3,"name":"Copo Long Drink Degrad\u00ea 350ml"}]},{"@type":"WebSite","@id":"https:\/\/ideiagraficaebrindes.com.br\/#website","url":"https:\/\/ideiagraficaebrindes.com.br\/","name":"Ideia Gr\u00e1fica e Brindes","description":"Brindes Personalizados e Impress\u00e3o em geral","potentialAction":[{"@type":"SearchAction","target":{"@type":"EntryPoint","urlTemplate":"https:\/\/ideiagraficaebrindes.com.br\/?s={search_term_string}"},"query-input":{"@type":"PropertyValueSpecification","valueRequired":true,"valueName":"search_term_string"}}],"inLanguage":"en-US"}]}},"_links":{"self":[{"href":"https:\/\/ideiagraficaebrindes.com.br\/en\/wp-json\/wp\/v2\/product\/4646","targetHints":{"allow":["GET"]}}],"collection":[{"href":"https:\/\/ideiagraficaebrindes.com.br\/en\/wp-json\/wp\/v2\/product"}],"about":[{"href":"https:\/\/ideiagraficaebrindes.com.br\/en\/wp-json\/wp\/v2\/types\/product"}],"replies":[{"embeddable":true,"href":"https:\/\/ideiagraficaebrindes.com.br\/en\/wp-json\/wp\/v2\/comments?post=4646"}],"wp:featuredmedia":[{"embeddable":true,"href":"https:\/\/ideiagraficaebrindes.com.br\/en\/wp-json\/wp\/v2\/media\/4649"}],"wp:attachment":[{"href":"https:\/\/ideiagraficaebrindes.com.br\/en\/wp-json\/wp\/v2\/media?parent=4646"}],"wp:term":[{"taxonomy":"product_brand","embeddable":true,"href":"https:\/\/ideiagraficaebrindes.com.br\/en\/wp-json\/wp\/v2\/product_brand?post=4646"},{"taxonomy":"product_cat","embeddable":true,"href":"https:\/\/ideiagraficaebrindes.com.br\/en\/wp-json\/wp\/v2\/product_cat?post=4646"},{"taxonomy":"product_tag","embeddable":true,"href":"https:\/\/ideiagraficaebrindes.com.br\/en\/wp-json\/wp\/v2\/product_tag?post=4646"}],"curies":[{"name":"wp","href":"https:\/\/api.w.org\/{rel}","templated":true}]}}