{"id":4574,"date":"2021-06-26T19:46:34","date_gmt":"2021-06-26T22:46:34","guid":{"rendered":"https:\/\/ideiagraficaebrindes.com.br\/?post_type=product&#038;p=4574"},"modified":"2021-07-09T09:24:45","modified_gmt":"2021-07-09T12:24:45","slug":"bone-trucker-telinha","status":"publish","type":"product","link":"https:\/\/ideiagraficaebrindes.com.br\/en\/product\/bone-trucker-telinha\/","title":{"rendered":"Bon\u00e9 Trucker Telinha"},"content":{"rendered":"<p>Bon\u00e9 Trucker com frente Branca possui espuma de alta densidade 100% poli\u00e9ster,<\/p>\n<p>al\u00e9m de sua costura bem feita e cores vivas,\u00a0 este bon\u00e9 impressiona por sua qualidade.<\/p>\n<p>Seja para uniformes, passeatas, brindes e at\u00e9 para os dias de sol, este bon\u00e9 \u00e9 ideal para pequenas e m\u00e9dias empresas.<\/p>\n<p>Tamanho adulto, ajust\u00e1vel com regulador\u00a0 Snapback.<\/p>\n<p>Material: Poli\u00e9ster;<br \/>\nDimens\u00f5es aproximadas: Alt:7cm x Lar:22cm x Cir:50\/58cm;<\/p>","protected":false},"excerpt":{"rendered":"<p>Bon\u00e9 Trucker com frente Branca possui espuma de alta densidade 100% poli\u00e9ster,<\/p>\n<p>al\u00e9m de sua costura bem feita e cores vivas,\u00a0 este bon\u00e9 impressiona por sua qualidade.<\/p>\n<p>Seja para uniformes, passeatas, brindes e at\u00e9 para os dias de sol, este bon\u00e9 \u00e9 ideal para pequenas e m\u00e9dias empresas.<\/p>\n<p>Tamanho adulto, ajust\u00e1vel com regulador\u00a0 Snapback.<\/p>\n<p>Material: Poli\u00e9ster;<br \/>\nDimens\u00f5es aproximadas: Alt:7cm x Lar:22cm x Cir:50\/58cm;<\/p>","protected":false},"featured_media":4575,"comment_status":"open","ping_status":"closed","template":"","meta":{"_monsterinsights_skip_tracking":false,"_monsterinsights_sitenote_active":false,"_monsterinsights_sitenote_note":"","_monsterinsights_sitenote_category":0},"product_brand":[],"product_cat":[170,219],"product_tag":[171,172],"class_list":{"0":"post-4574","1":"product","2":"type-product","3":"status-publish","4":"has-post-thumbnail","6":"product_cat-bone","7":"product_cat-brindes","8":"product_tag-bone","9":"product_tag-bone-telinha","10":"product_shipping_class-nacional","12":"first","13":"instock","14":"shipping-taxable","15":"product-type-simple"},"yoast_head":"<!-- This site is optimized with the Yoast SEO plugin v27.4 - https:\/\/yoast.com\/product\/yoast-seo-wordpress\/ -->\n<title>Bon\u00e9 Trucker Telinha - Ideia Gr\u00e1fica e Brindes<\/title>\n<meta name=\"robots\" content=\"index, follow, max-snippet:-1, max-image-preview:large, max-video-preview:-1\" \/>\n<link rel=\"canonical\" href=\"https:\/\/ideiagraficaebrindes.com.br\/en\/product\/bone-trucker-telinha\/\" \/>\n<meta property=\"og:locale\" content=\"en_US\" \/>\n<meta property=\"og:type\" content=\"article\" \/>\n<meta property=\"og:title\" content=\"Bon\u00e9 Trucker Telinha - Ideia Gr\u00e1fica e Brindes\" \/>\n<meta property=\"og:description\" content=\"Bon\u00e9 Trucker com frente Branca possui espuma de alta densidade 100% poli\u00e9ster,  al\u00e9m de sua costura bem feita e cores vivas,\u00a0 este bon\u00e9 impressiona por sua qualidade.  Seja para uniformes, passeatas, brindes e at\u00e9 para os dias de sol, este bon\u00e9 \u00e9 ideal para pequenas e m\u00e9dias empresas.  Tamanho adulto, ajust\u00e1vel com regulador\u00a0 Snapback.  Material: Poli\u00e9ster; Dimens\u00f5es aproximadas: Alt:7cm x Lar:22cm x Cir:50\/58cm;\" \/>\n<meta property=\"og:url\" content=\"https:\/\/ideiagraficaebrindes.com.br\/en\/product\/bone-trucker-telinha\/\" \/>\n<meta property=\"og:site_name\" content=\"Ideia Gr\u00e1fica e Brindes\" \/>\n<meta property=\"article:modified_time\" content=\"2021-07-09T12:24:45+00:00\" \/>\n<meta property=\"og:image\" content=\"https:\/\/ideiagraficaebrindes.com.br\/wp-content\/uploads\/2021\/06\/01.jpg\" \/>\n\t<meta property=\"og:image:width\" content=\"1084\" \/>\n\t<meta property=\"og:image:height\" content=\"1084\" \/>\n\t<meta property=\"og:image:type\" content=\"image\/jpeg\" \/>\n<meta name=\"twitter:card\" content=\"summary_large_image\" \/>\n<script type=\"application\/ld+json\" class=\"yoast-schema-graph\">{\"@context\":\"https:\\\/\\\/schema.org\",\"@graph\":[{\"@type\":\"WebPage\",\"@id\":\"https:\\\/\\\/ideiagraficaebrindes.com.br\\\/produto\\\/bone-trucker-telinha\\\/\",\"url\":\"https:\\\/\\\/ideiagraficaebrindes.com.br\\\/produto\\\/bone-trucker-telinha\\\/\",\"name\":\"Bon\u00e9 Trucker Telinha - Ideia Gr\u00e1fica e Brindes\",\"isPartOf\":{\"@id\":\"https:\\\/\\\/ideiagraficaebrindes.com.br\\\/#website\"},\"primaryImageOfPage\":{\"@id\":\"https:\\\/\\\/ideiagraficaebrindes.com.br\\\/produto\\\/bone-trucker-telinha\\\/#primaryimage\"},\"image\":{\"@id\":\"https:\\\/\\\/ideiagraficaebrindes.com.br\\\/produto\\\/bone-trucker-telinha\\\/#primaryimage\"},\"thumbnailUrl\":\"https:\\\/\\\/ideiagraficaebrindes.com.br\\\/wp-content\\\/uploads\\\/2021\\\/06\\\/01.jpg\",\"datePublished\":\"2021-06-26T22:46:34+00:00\",\"dateModified\":\"2021-07-09T12:24:45+00:00\",\"breadcrumb\":{\"@id\":\"https:\\\/\\\/ideiagraficaebrindes.com.br\\\/produto\\\/bone-trucker-telinha\\\/#breadcrumb\"},\"inLanguage\":\"en-US\",\"potentialAction\":[{\"@type\":\"ReadAction\",\"target\":[\"https:\\\/\\\/ideiagraficaebrindes.com.br\\\/produto\\\/bone-trucker-telinha\\\/\"]}]},{\"@type\":\"ImageObject\",\"inLanguage\":\"en-US\",\"@id\":\"https:\\\/\\\/ideiagraficaebrindes.com.br\\\/produto\\\/bone-trucker-telinha\\\/#primaryimage\",\"url\":\"https:\\\/\\\/ideiagraficaebrindes.com.br\\\/wp-content\\\/uploads\\\/2021\\\/06\\\/01.jpg\",\"contentUrl\":\"https:\\\/\\\/ideiagraficaebrindes.com.br\\\/wp-content\\\/uploads\\\/2021\\\/06\\\/01.jpg\",\"width\":1084,\"height\":1084},{\"@type\":\"BreadcrumbList\",\"@id\":\"https:\\\/\\\/ideiagraficaebrindes.com.br\\\/produto\\\/bone-trucker-telinha\\\/#breadcrumb\",\"itemListElement\":[{\"@type\":\"ListItem\",\"position\":1,\"name\":\"In\u00edcio\",\"item\":\"https:\\\/\\\/ideiagraficaebrindes.com.br\\\/\"},{\"@type\":\"ListItem\",\"position\":2,\"name\":\"Loja\",\"item\":\"https:\\\/\\\/ideiagraficaebrindes.com.br\\\/loja\\\/\"},{\"@type\":\"ListItem\",\"position\":3,\"name\":\"Bon\u00e9 Trucker Telinha\"}]},{\"@type\":\"WebSite\",\"@id\":\"https:\\\/\\\/ideiagraficaebrindes.com.br\\\/#website\",\"url\":\"https:\\\/\\\/ideiagraficaebrindes.com.br\\\/\",\"name\":\"Ideia Gr\u00e1fica e Brindes\",\"description\":\"Brindes Personalizados e Impress\u00e3o em geral\",\"potentialAction\":[{\"@type\":\"SearchAction\",\"target\":{\"@type\":\"EntryPoint\",\"urlTemplate\":\"https:\\\/\\\/ideiagraficaebrindes.com.br\\\/?s={search_term_string}\"},\"query-input\":{\"@type\":\"PropertyValueSpecification\",\"valueRequired\":true,\"valueName\":\"search_term_string\"}}],\"inLanguage\":\"en-US\"}]}<\/script>\n<!-- \/ Yoast SEO plugin. -->","yoast_head_json":{"title":"Bon\u00e9 Trucker Telinha - Ideia Gr\u00e1fica e Brindes","robots":{"index":"index","follow":"follow","max-snippet":"max-snippet:-1","max-image-preview":"max-image-preview:large","max-video-preview":"max-video-preview:-1"},"canonical":"https:\/\/ideiagraficaebrindes.com.br\/en\/product\/bone-trucker-telinha\/","og_locale":"en_US","og_type":"article","og_title":"Bon\u00e9 Trucker Telinha - Ideia Gr\u00e1fica e Brindes","og_description":"Bon\u00e9 Trucker com frente Branca possui espuma de alta densidade 100% poli\u00e9ster,  al\u00e9m de sua costura bem feita e cores vivas,\u00a0 este bon\u00e9 impressiona por sua qualidade.  Seja para uniformes, passeatas, brindes e at\u00e9 para os dias de sol, este bon\u00e9 \u00e9 ideal para pequenas e m\u00e9dias empresas.  Tamanho adulto, ajust\u00e1vel com regulador\u00a0 Snapback.  Material: Poli\u00e9ster; Dimens\u00f5es aproximadas: Alt:7cm x Lar:22cm x Cir:50\/58cm;","og_url":"https:\/\/ideiagraficaebrindes.com.br\/en\/product\/bone-trucker-telinha\/","og_site_name":"Ideia Gr\u00e1fica e Brindes","article_modified_time":"2021-07-09T12:24:45+00:00","og_image":[{"width":1084,"height":1084,"url":"https:\/\/ideiagraficaebrindes.com.br\/wp-content\/uploads\/2021\/06\/01.jpg","type":"image\/jpeg"}],"twitter_card":"summary_large_image","schema":{"@context":"https:\/\/schema.org","@graph":[{"@type":"WebPage","@id":"https:\/\/ideiagraficaebrindes.com.br\/produto\/bone-trucker-telinha\/","url":"https:\/\/ideiagraficaebrindes.com.br\/produto\/bone-trucker-telinha\/","name":"Bon\u00e9 Trucker Telinha - Ideia Gr\u00e1fica e Brindes","isPartOf":{"@id":"https:\/\/ideiagraficaebrindes.com.br\/#website"},"primaryImageOfPage":{"@id":"https:\/\/ideiagraficaebrindes.com.br\/produto\/bone-trucker-telinha\/#primaryimage"},"image":{"@id":"https:\/\/ideiagraficaebrindes.com.br\/produto\/bone-trucker-telinha\/#primaryimage"},"thumbnailUrl":"https:\/\/ideiagraficaebrindes.com.br\/wp-content\/uploads\/2021\/06\/01.jpg","datePublished":"2021-06-26T22:46:34+00:00","dateModified":"2021-07-09T12:24:45+00:00","breadcrumb":{"@id":"https:\/\/ideiagraficaebrindes.com.br\/produto\/bone-trucker-telinha\/#breadcrumb"},"inLanguage":"en-US","potentialAction":[{"@type":"ReadAction","target":["https:\/\/ideiagraficaebrindes.com.br\/produto\/bone-trucker-telinha\/"]}]},{"@type":"ImageObject","inLanguage":"en-US","@id":"https:\/\/ideiagraficaebrindes.com.br\/produto\/bone-trucker-telinha\/#primaryimage","url":"https:\/\/ideiagraficaebrindes.com.br\/wp-content\/uploads\/2021\/06\/01.jpg","contentUrl":"https:\/\/ideiagraficaebrindes.com.br\/wp-content\/uploads\/2021\/06\/01.jpg","width":1084,"height":1084},{"@type":"BreadcrumbList","@id":"https:\/\/ideiagraficaebrindes.com.br\/produto\/bone-trucker-telinha\/#breadcrumb","itemListElement":[{"@type":"ListItem","position":1,"name":"In\u00edcio","item":"https:\/\/ideiagraficaebrindes.com.br\/"},{"@type":"ListItem","position":2,"name":"Loja","item":"https:\/\/ideiagraficaebrindes.com.br\/loja\/"},{"@type":"ListItem","position":3,"name":"Bon\u00e9 Trucker Telinha"}]},{"@type":"WebSite","@id":"https:\/\/ideiagraficaebrindes.com.br\/#website","url":"https:\/\/ideiagraficaebrindes.com.br\/","name":"Ideia Gr\u00e1fica e Brindes","description":"Brindes Personalizados e Impress\u00e3o em geral","potentialAction":[{"@type":"SearchAction","target":{"@type":"EntryPoint","urlTemplate":"https:\/\/ideiagraficaebrindes.com.br\/?s={search_term_string}"},"query-input":{"@type":"PropertyValueSpecification","valueRequired":true,"valueName":"search_term_string"}}],"inLanguage":"en-US"}]}},"_links":{"self":[{"href":"https:\/\/ideiagraficaebrindes.com.br\/en\/wp-json\/wp\/v2\/product\/4574","targetHints":{"allow":["GET"]}}],"collection":[{"href":"https:\/\/ideiagraficaebrindes.com.br\/en\/wp-json\/wp\/v2\/product"}],"about":[{"href":"https:\/\/ideiagraficaebrindes.com.br\/en\/wp-json\/wp\/v2\/types\/product"}],"replies":[{"embeddable":true,"href":"https:\/\/ideiagraficaebrindes.com.br\/en\/wp-json\/wp\/v2\/comments?post=4574"}],"wp:featuredmedia":[{"embeddable":true,"href":"https:\/\/ideiagraficaebrindes.com.br\/en\/wp-json\/wp\/v2\/media\/4575"}],"wp:attachment":[{"href":"https:\/\/ideiagraficaebrindes.com.br\/en\/wp-json\/wp\/v2\/media?parent=4574"}],"wp:term":[{"taxonomy":"product_brand","embeddable":true,"href":"https:\/\/ideiagraficaebrindes.com.br\/en\/wp-json\/wp\/v2\/product_brand?post=4574"},{"taxonomy":"product_cat","embeddable":true,"href":"https:\/\/ideiagraficaebrindes.com.br\/en\/wp-json\/wp\/v2\/product_cat?post=4574"},{"taxonomy":"product_tag","embeddable":true,"href":"https:\/\/ideiagraficaebrindes.com.br\/en\/wp-json\/wp\/v2\/product_tag?post=4574"}],"curies":[{"name":"wp","href":"https:\/\/api.w.org\/{rel}","templated":true}]}}