{"id":4551,"date":"2021-06-26T18:52:47","date_gmt":"2021-06-26T21:52:47","guid":{"rendered":"https:\/\/ideiagraficaebrindes.com.br\/?post_type=product&#038;p=4551"},"modified":"2021-07-09T09:24:48","modified_gmt":"2021-07-09T12:24:48","slug":"weekend-cup-fantasy-550ml","status":"publish","type":"product","link":"https:\/\/ideiagraficaebrindes.com.br\/en\/product\/weekend-cup-fantasy-550ml\/","title":{"rendered":"Weekend Cup Fantasy 550ML"},"content":{"rendered":"<p>O Weekend Cup e a linha fantasy est\u00e3o juntos agora. \u00c9 isso mesmo, voc\u00ea precisa ter esses copos com lindas cores para voc\u00ea fazer sua festa, evento e reuni\u00e3o ainda mais divertido.<\/p>\n<p>Copo em PS cristal.<\/p>\n<p>DIMENS\u00d5ES (UNIDADE) 21x5cm<br \/>\nCAPACIDADE (UNIDADE) 550ml<\/p>\n<p>&nbsp;<\/p>","protected":false},"excerpt":{"rendered":"<p>O Weekend Cup e a linha fantasy est\u00e3o juntos agora. \u00c9 isso mesmo, voc\u00ea precisa ter esses copos com lindas cores para voc\u00ea fazer sua festa, evento e reuni\u00e3o ainda mais divertido.<\/p>\n<p>Copo em PS cristal.<\/p>\n<p>DIMENS\u00d5ES (UNIDADE) 21x5cm<br \/>\nCAPACIDADE (UNIDADE) 550ml<\/p>\n<p>&nbsp;<\/p>","protected":false},"featured_media":4552,"comment_status":"open","ping_status":"closed","template":"","meta":{"_monsterinsights_skip_tracking":false,"_monsterinsights_sitenote_active":false,"_monsterinsights_sitenote_note":"","_monsterinsights_sitenote_category":0},"product_brand":[],"product_cat":[219,149],"product_tag":[157,153],"class_list":{"0":"post-4551","1":"product","2":"type-product","3":"status-publish","4":"has-post-thumbnail","6":"product_cat-brindes","7":"product_cat-copos","8":"product_tag-caneca","9":"product_tag-copo","11":"first","12":"instock","13":"shipping-taxable","14":"product-type-simple"},"yoast_head":"<!-- This site is optimized with the Yoast SEO plugin v27.4 - https:\/\/yoast.com\/product\/yoast-seo-wordpress\/ -->\n<title>Weekend Cup Fantasy 550ML - Ideia Gr\u00e1fica e Brindes<\/title>\n<meta name=\"robots\" content=\"index, follow, max-snippet:-1, max-image-preview:large, max-video-preview:-1\" \/>\n<link rel=\"canonical\" href=\"https:\/\/ideiagraficaebrindes.com.br\/en\/product\/weekend-cup-fantasy-550ml\/\" \/>\n<meta property=\"og:locale\" content=\"en_US\" \/>\n<meta property=\"og:type\" content=\"article\" \/>\n<meta property=\"og:title\" content=\"Weekend Cup Fantasy 550ML - Ideia Gr\u00e1fica e Brindes\" \/>\n<meta property=\"og:description\" content=\"O Weekend Cup e a linha fantasy est\u00e3o juntos agora. \u00c9 isso mesmo, voc\u00ea precisa ter esses copos com lindas cores para voc\u00ea fazer sua festa, evento e reuni\u00e3o ainda mais divertido.  Copo em PS cristal.  DIMENS\u00d5ES (UNIDADE) 21x5cm CAPACIDADE (UNIDADE) 550ml  &nbsp;\" \/>\n<meta property=\"og:url\" content=\"https:\/\/ideiagraficaebrindes.com.br\/en\/product\/weekend-cup-fantasy-550ml\/\" \/>\n<meta property=\"og:site_name\" content=\"Ideia Gr\u00e1fica e Brindes\" \/>\n<meta property=\"article:modified_time\" content=\"2021-07-09T12:24:48+00:00\" \/>\n<meta property=\"og:image\" content=\"https:\/\/ideiagraficaebrindes.com.br\/wp-content\/uploads\/2021\/06\/MONTAGEM_WEKEEND_CUP_FANTASY-510x510-1.jpg\" \/>\n\t<meta property=\"og:image:width\" content=\"510\" \/>\n\t<meta property=\"og:image:height\" content=\"510\" \/>\n\t<meta property=\"og:image:type\" content=\"image\/jpeg\" \/>\n<meta name=\"twitter:card\" content=\"summary_large_image\" \/>\n<meta name=\"twitter:label1\" content=\"Est. reading time\" \/>\n\t<meta name=\"twitter:data1\" content=\"1 minute\" \/>\n<script type=\"application\/ld+json\" class=\"yoast-schema-graph\">{\"@context\":\"https:\\\/\\\/schema.org\",\"@graph\":[{\"@type\":\"WebPage\",\"@id\":\"https:\\\/\\\/ideiagraficaebrindes.com.br\\\/produto\\\/weekend-cup-fantasy-550ml\\\/\",\"url\":\"https:\\\/\\\/ideiagraficaebrindes.com.br\\\/produto\\\/weekend-cup-fantasy-550ml\\\/\",\"name\":\"Weekend Cup Fantasy 550ML - Ideia Gr\u00e1fica e Brindes\",\"isPartOf\":{\"@id\":\"https:\\\/\\\/ideiagraficaebrindes.com.br\\\/#website\"},\"primaryImageOfPage\":{\"@id\":\"https:\\\/\\\/ideiagraficaebrindes.com.br\\\/produto\\\/weekend-cup-fantasy-550ml\\\/#primaryimage\"},\"image\":{\"@id\":\"https:\\\/\\\/ideiagraficaebrindes.com.br\\\/produto\\\/weekend-cup-fantasy-550ml\\\/#primaryimage\"},\"thumbnailUrl\":\"https:\\\/\\\/ideiagraficaebrindes.com.br\\\/wp-content\\\/uploads\\\/2021\\\/06\\\/MONTAGEM_WEKEEND_CUP_FANTASY-510x510-1.jpg\",\"datePublished\":\"2021-06-26T21:52:47+00:00\",\"dateModified\":\"2021-07-09T12:24:48+00:00\",\"breadcrumb\":{\"@id\":\"https:\\\/\\\/ideiagraficaebrindes.com.br\\\/produto\\\/weekend-cup-fantasy-550ml\\\/#breadcrumb\"},\"inLanguage\":\"en-US\",\"potentialAction\":[{\"@type\":\"ReadAction\",\"target\":[\"https:\\\/\\\/ideiagraficaebrindes.com.br\\\/produto\\\/weekend-cup-fantasy-550ml\\\/\"]}]},{\"@type\":\"ImageObject\",\"inLanguage\":\"en-US\",\"@id\":\"https:\\\/\\\/ideiagraficaebrindes.com.br\\\/produto\\\/weekend-cup-fantasy-550ml\\\/#primaryimage\",\"url\":\"https:\\\/\\\/ideiagraficaebrindes.com.br\\\/wp-content\\\/uploads\\\/2021\\\/06\\\/MONTAGEM_WEKEEND_CUP_FANTASY-510x510-1.jpg\",\"contentUrl\":\"https:\\\/\\\/ideiagraficaebrindes.com.br\\\/wp-content\\\/uploads\\\/2021\\\/06\\\/MONTAGEM_WEKEEND_CUP_FANTASY-510x510-1.jpg\",\"width\":510,\"height\":510},{\"@type\":\"BreadcrumbList\",\"@id\":\"https:\\\/\\\/ideiagraficaebrindes.com.br\\\/produto\\\/weekend-cup-fantasy-550ml\\\/#breadcrumb\",\"itemListElement\":[{\"@type\":\"ListItem\",\"position\":1,\"name\":\"In\u00edcio\",\"item\":\"https:\\\/\\\/ideiagraficaebrindes.com.br\\\/\"},{\"@type\":\"ListItem\",\"position\":2,\"name\":\"Loja\",\"item\":\"https:\\\/\\\/ideiagraficaebrindes.com.br\\\/loja\\\/\"},{\"@type\":\"ListItem\",\"position\":3,\"name\":\"Weekend Cup Fantasy 550ML\"}]},{\"@type\":\"WebSite\",\"@id\":\"https:\\\/\\\/ideiagraficaebrindes.com.br\\\/#website\",\"url\":\"https:\\\/\\\/ideiagraficaebrindes.com.br\\\/\",\"name\":\"Ideia Gr\u00e1fica e Brindes\",\"description\":\"Brindes Personalizados e Impress\u00e3o em geral\",\"potentialAction\":[{\"@type\":\"SearchAction\",\"target\":{\"@type\":\"EntryPoint\",\"urlTemplate\":\"https:\\\/\\\/ideiagraficaebrindes.com.br\\\/?s={search_term_string}\"},\"query-input\":{\"@type\":\"PropertyValueSpecification\",\"valueRequired\":true,\"valueName\":\"search_term_string\"}}],\"inLanguage\":\"en-US\"}]}<\/script>\n<!-- \/ Yoast SEO plugin. -->","yoast_head_json":{"title":"Weekend Cup Fantasy 550ML - Ideia Gr\u00e1fica e Brindes","robots":{"index":"index","follow":"follow","max-snippet":"max-snippet:-1","max-image-preview":"max-image-preview:large","max-video-preview":"max-video-preview:-1"},"canonical":"https:\/\/ideiagraficaebrindes.com.br\/en\/product\/weekend-cup-fantasy-550ml\/","og_locale":"en_US","og_type":"article","og_title":"Weekend Cup Fantasy 550ML - Ideia Gr\u00e1fica e Brindes","og_description":"O Weekend Cup e a linha fantasy est\u00e3o juntos agora. \u00c9 isso mesmo, voc\u00ea precisa ter esses copos com lindas cores para voc\u00ea fazer sua festa, evento e reuni\u00e3o ainda mais divertido.  Copo em PS cristal.  DIMENS\u00d5ES (UNIDADE) 21x5cm CAPACIDADE (UNIDADE) 550ml  &nbsp;","og_url":"https:\/\/ideiagraficaebrindes.com.br\/en\/product\/weekend-cup-fantasy-550ml\/","og_site_name":"Ideia Gr\u00e1fica e Brindes","article_modified_time":"2021-07-09T12:24:48+00:00","og_image":[{"width":510,"height":510,"url":"https:\/\/ideiagraficaebrindes.com.br\/wp-content\/uploads\/2021\/06\/MONTAGEM_WEKEEND_CUP_FANTASY-510x510-1.jpg","type":"image\/jpeg"}],"twitter_card":"summary_large_image","twitter_misc":{"Est. reading time":"1 minute"},"schema":{"@context":"https:\/\/schema.org","@graph":[{"@type":"WebPage","@id":"https:\/\/ideiagraficaebrindes.com.br\/produto\/weekend-cup-fantasy-550ml\/","url":"https:\/\/ideiagraficaebrindes.com.br\/produto\/weekend-cup-fantasy-550ml\/","name":"Weekend Cup Fantasy 550ML - Ideia Gr\u00e1fica e Brindes","isPartOf":{"@id":"https:\/\/ideiagraficaebrindes.com.br\/#website"},"primaryImageOfPage":{"@id":"https:\/\/ideiagraficaebrindes.com.br\/produto\/weekend-cup-fantasy-550ml\/#primaryimage"},"image":{"@id":"https:\/\/ideiagraficaebrindes.com.br\/produto\/weekend-cup-fantasy-550ml\/#primaryimage"},"thumbnailUrl":"https:\/\/ideiagraficaebrindes.com.br\/wp-content\/uploads\/2021\/06\/MONTAGEM_WEKEEND_CUP_FANTASY-510x510-1.jpg","datePublished":"2021-06-26T21:52:47+00:00","dateModified":"2021-07-09T12:24:48+00:00","breadcrumb":{"@id":"https:\/\/ideiagraficaebrindes.com.br\/produto\/weekend-cup-fantasy-550ml\/#breadcrumb"},"inLanguage":"en-US","potentialAction":[{"@type":"ReadAction","target":["https:\/\/ideiagraficaebrindes.com.br\/produto\/weekend-cup-fantasy-550ml\/"]}]},{"@type":"ImageObject","inLanguage":"en-US","@id":"https:\/\/ideiagraficaebrindes.com.br\/produto\/weekend-cup-fantasy-550ml\/#primaryimage","url":"https:\/\/ideiagraficaebrindes.com.br\/wp-content\/uploads\/2021\/06\/MONTAGEM_WEKEEND_CUP_FANTASY-510x510-1.jpg","contentUrl":"https:\/\/ideiagraficaebrindes.com.br\/wp-content\/uploads\/2021\/06\/MONTAGEM_WEKEEND_CUP_FANTASY-510x510-1.jpg","width":510,"height":510},{"@type":"BreadcrumbList","@id":"https:\/\/ideiagraficaebrindes.com.br\/produto\/weekend-cup-fantasy-550ml\/#breadcrumb","itemListElement":[{"@type":"ListItem","position":1,"name":"In\u00edcio","item":"https:\/\/ideiagraficaebrindes.com.br\/"},{"@type":"ListItem","position":2,"name":"Loja","item":"https:\/\/ideiagraficaebrindes.com.br\/loja\/"},{"@type":"ListItem","position":3,"name":"Weekend Cup Fantasy 550ML"}]},{"@type":"WebSite","@id":"https:\/\/ideiagraficaebrindes.com.br\/#website","url":"https:\/\/ideiagraficaebrindes.com.br\/","name":"Ideia Gr\u00e1fica e Brindes","description":"Brindes Personalizados e Impress\u00e3o em geral","potentialAction":[{"@type":"SearchAction","target":{"@type":"EntryPoint","urlTemplate":"https:\/\/ideiagraficaebrindes.com.br\/?s={search_term_string}"},"query-input":{"@type":"PropertyValueSpecification","valueRequired":true,"valueName":"search_term_string"}}],"inLanguage":"en-US"}]}},"_links":{"self":[{"href":"https:\/\/ideiagraficaebrindes.com.br\/en\/wp-json\/wp\/v2\/product\/4551","targetHints":{"allow":["GET"]}}],"collection":[{"href":"https:\/\/ideiagraficaebrindes.com.br\/en\/wp-json\/wp\/v2\/product"}],"about":[{"href":"https:\/\/ideiagraficaebrindes.com.br\/en\/wp-json\/wp\/v2\/types\/product"}],"replies":[{"embeddable":true,"href":"https:\/\/ideiagraficaebrindes.com.br\/en\/wp-json\/wp\/v2\/comments?post=4551"}],"wp:featuredmedia":[{"embeddable":true,"href":"https:\/\/ideiagraficaebrindes.com.br\/en\/wp-json\/wp\/v2\/media\/4552"}],"wp:attachment":[{"href":"https:\/\/ideiagraficaebrindes.com.br\/en\/wp-json\/wp\/v2\/media?parent=4551"}],"wp:term":[{"taxonomy":"product_brand","embeddable":true,"href":"https:\/\/ideiagraficaebrindes.com.br\/en\/wp-json\/wp\/v2\/product_brand?post=4551"},{"taxonomy":"product_cat","embeddable":true,"href":"https:\/\/ideiagraficaebrindes.com.br\/en\/wp-json\/wp\/v2\/product_cat?post=4551"},{"taxonomy":"product_tag","embeddable":true,"href":"https:\/\/ideiagraficaebrindes.com.br\/en\/wp-json\/wp\/v2\/product_tag?post=4551"}],"curies":[{"name":"wp","href":"https:\/\/api.w.org\/{rel}","templated":true}]}}