{"id":4380,"date":"2021-06-21T19:45:44","date_gmt":"2021-06-21T22:45:44","guid":{"rendered":"https:\/\/ideiagraficaebrindes.com.br\/?post_type=product&#038;p=4380"},"modified":"2021-07-09T09:26:12","modified_gmt":"2021-07-09T12:26:12","slug":"copo-twister-500ml","status":"publish","type":"product","link":"https:\/\/ideiagraficaebrindes.com.br\/en\/product\/copo-twister-500ml\/","title":{"rendered":"Copo Twister 500ML"},"content":{"rendered":"<p>Ideal para servir chopp, refrigerante, cerveja, \u00e1gua, sucos, coquet\u00e9is.<\/p>\n<div class=\"woocommerce-product-details__short-description\">\n<div class=\"desc\">\n<p class=\"desc-tit\">Descri\u00e7\u00e3o:\u00a0<span class=\"desc-sub my-desc-sub\">Copo Twister 500ml, material acr\u00edlico\u00a0<\/span><\/p>\n<\/div>\n<div class=\"desc\"><\/div>\n<\/div>\n<p class=\"product_meta\">","protected":false},"excerpt":{"rendered":"<p>Ideal para servir chopp, refrigerante, cerveja, \u00e1gua, sucos, coquet\u00e9is.<\/p>\n<div class=\"woocommerce-product-details__short-description\">\n<div class=\"desc\">\n<p class=\"desc-tit\">Descri\u00e7\u00e3o:\u00a0<span class=\"desc-sub my-desc-sub\">Copo Twister 500ml, material acr\u00edlico<br \/>\n<\/span><\/p>\n<div class=\"woocommerce-product-details__short-description\">\n<div class=\"desc\">\n<p class=\"desc-tit\">Altura<span class=\"desc-sub\"> :\u00a0 12,6 cm<\/span><\/p>\n<\/div>\n<div class=\"desc\">\n<p class=\"desc-tit\">Largura<span class=\"desc-sub\"> :\u00a0 8,3 cm<br \/>\nEspessura da Parede: 2mm<\/span><\/p>\n<\/div>\n<div class=\"desc\">\n<p class=\"desc-tit\">Peso aproximado<span class=\"desc-sub\"> (g):\u00a0 50<\/span><\/p>\n<\/div>\n<\/div>\n<p class=\"product_meta\">As cores podem sofrer pequena altera\u00e7\u00e3o devido \u00e0 incid\u00eancia de luz.<\/p>\n<p class=\"desc-tit\"><span class=\"desc-sub my-desc-sub\"><\/p>\n<p><\/span><\/p>\n<\/div>\n<\/div>","protected":false},"featured_media":4395,"comment_status":"open","ping_status":"closed","template":"","meta":{"_monsterinsights_skip_tracking":false,"_monsterinsights_sitenote_active":false,"_monsterinsights_sitenote_note":"","_monsterinsights_sitenote_category":0},"product_brand":[],"product_cat":[219,149],"product_tag":[90,153,154],"class_list":{"0":"post-4380","1":"product","2":"type-product","3":"status-publish","4":"has-post-thumbnail","6":"product_cat-brindes","7":"product_cat-copos","8":"product_tag-canecas","9":"product_tag-copo","10":"product_tag-copo-twister","12":"first","13":"instock","14":"shipping-taxable","15":"purchasable","16":"product-type-simple"},"yoast_head":"<!-- This site is optimized with the Yoast SEO plugin v27.4 - https:\/\/yoast.com\/product\/yoast-seo-wordpress\/ -->\n<title>Copo Twister 500ML - Ideia Gr\u00e1fica e Brindes<\/title>\n<meta name=\"robots\" content=\"index, follow, max-snippet:-1, max-image-preview:large, max-video-preview:-1\" \/>\n<link rel=\"canonical\" href=\"https:\/\/ideiagraficaebrindes.com.br\/en\/product\/copo-twister-500ml\/\" \/>\n<meta property=\"og:locale\" content=\"en_US\" \/>\n<meta property=\"og:type\" content=\"article\" \/>\n<meta property=\"og:title\" content=\"Copo Twister 500ML - Ideia Gr\u00e1fica e Brindes\" \/>\n<meta property=\"og:description\" content=\"Ideal para servir chopp, refrigerante, cerveja, \u00e1gua, sucos, coquet\u00e9is.   Descri\u00e7\u00e3o:\u00a0Copo Twister 500ml, material acr\u00edlico     Altura :\u00a0 12,6 cm    Largura :\u00a0 8,3 cm Espessura da Parede: 2mm    Peso aproximado (g):\u00a0 50    As cores podem sofrer pequena altera\u00e7\u00e3o devido \u00e0 incid\u00eancia de luz.\" \/>\n<meta property=\"og:url\" content=\"https:\/\/ideiagraficaebrindes.com.br\/en\/product\/copo-twister-500ml\/\" \/>\n<meta property=\"og:site_name\" content=\"Ideia Gr\u00e1fica e Brindes\" \/>\n<meta property=\"article:modified_time\" content=\"2021-07-09T12:26:12+00:00\" \/>\n<meta property=\"og:image\" content=\"https:\/\/ideiagraficaebrindes.com.br\/wp-content\/uploads\/2021\/06\/f62f03_cba7415a568749168c1b43eee531ec82_mv2_d_1659_1659_s_2.png\" \/>\n\t<meta property=\"og:image:width\" content=\"463\" \/>\n\t<meta property=\"og:image:height\" content=\"441\" \/>\n\t<meta property=\"og:image:type\" content=\"image\/png\" \/>\n<meta name=\"twitter:card\" content=\"summary_large_image\" \/>\n<meta name=\"twitter:label1\" content=\"Est. reading time\" \/>\n\t<meta name=\"twitter:data1\" content=\"1 minute\" \/>\n<script type=\"application\/ld+json\" class=\"yoast-schema-graph\">{\"@context\":\"https:\\\/\\\/schema.org\",\"@graph\":[{\"@type\":\"WebPage\",\"@id\":\"https:\\\/\\\/ideiagraficaebrindes.com.br\\\/en\\\/product\\\/copo-twister-500ml\\\/\",\"url\":\"https:\\\/\\\/ideiagraficaebrindes.com.br\\\/en\\\/product\\\/copo-twister-500ml\\\/\",\"name\":\"Copo Twister 500ML - Ideia Gr\u00e1fica e Brindes\",\"isPartOf\":{\"@id\":\"https:\\\/\\\/ideiagraficaebrindes.com.br\\\/#website\"},\"primaryImageOfPage\":{\"@id\":\"https:\\\/\\\/ideiagraficaebrindes.com.br\\\/en\\\/product\\\/copo-twister-500ml\\\/#primaryimage\"},\"image\":{\"@id\":\"https:\\\/\\\/ideiagraficaebrindes.com.br\\\/en\\\/product\\\/copo-twister-500ml\\\/#primaryimage\"},\"thumbnailUrl\":\"https:\\\/\\\/ideiagraficaebrindes.com.br\\\/wp-content\\\/uploads\\\/2021\\\/06\\\/f62f03_cba7415a568749168c1b43eee531ec82_mv2_d_1659_1659_s_2.png\",\"datePublished\":\"2021-06-21T22:45:44+00:00\",\"dateModified\":\"2021-07-09T12:26:12+00:00\",\"breadcrumb\":{\"@id\":\"https:\\\/\\\/ideiagraficaebrindes.com.br\\\/en\\\/product\\\/copo-twister-500ml\\\/#breadcrumb\"},\"inLanguage\":\"en-US\",\"potentialAction\":[{\"@type\":\"ReadAction\",\"target\":[\"https:\\\/\\\/ideiagraficaebrindes.com.br\\\/en\\\/product\\\/copo-twister-500ml\\\/\"]}]},{\"@type\":\"ImageObject\",\"inLanguage\":\"en-US\",\"@id\":\"https:\\\/\\\/ideiagraficaebrindes.com.br\\\/en\\\/product\\\/copo-twister-500ml\\\/#primaryimage\",\"url\":\"https:\\\/\\\/ideiagraficaebrindes.com.br\\\/wp-content\\\/uploads\\\/2021\\\/06\\\/f62f03_cba7415a568749168c1b43eee531ec82_mv2_d_1659_1659_s_2.png\",\"contentUrl\":\"https:\\\/\\\/ideiagraficaebrindes.com.br\\\/wp-content\\\/uploads\\\/2021\\\/06\\\/f62f03_cba7415a568749168c1b43eee531ec82_mv2_d_1659_1659_s_2.png\",\"width\":463,\"height\":441},{\"@type\":\"BreadcrumbList\",\"@id\":\"https:\\\/\\\/ideiagraficaebrindes.com.br\\\/en\\\/product\\\/copo-twister-500ml\\\/#breadcrumb\",\"itemListElement\":[{\"@type\":\"ListItem\",\"position\":1,\"name\":\"In\u00edcio\",\"item\":\"https:\\\/\\\/ideiagraficaebrindes.com.br\\\/\"},{\"@type\":\"ListItem\",\"position\":2,\"name\":\"Loja\",\"item\":\"https:\\\/\\\/ideiagraficaebrindes.com.br\\\/loja\\\/\"},{\"@type\":\"ListItem\",\"position\":3,\"name\":\"Copo Twister 500ML\"}]},{\"@type\":\"WebSite\",\"@id\":\"https:\\\/\\\/ideiagraficaebrindes.com.br\\\/#website\",\"url\":\"https:\\\/\\\/ideiagraficaebrindes.com.br\\\/\",\"name\":\"Ideia Gr\u00e1fica e Brindes\",\"description\":\"Brindes Personalizados e Impress\u00e3o em geral\",\"potentialAction\":[{\"@type\":\"SearchAction\",\"target\":{\"@type\":\"EntryPoint\",\"urlTemplate\":\"https:\\\/\\\/ideiagraficaebrindes.com.br\\\/?s={search_term_string}\"},\"query-input\":{\"@type\":\"PropertyValueSpecification\",\"valueRequired\":true,\"valueName\":\"search_term_string\"}}],\"inLanguage\":\"en-US\"}]}<\/script>\n<!-- \/ Yoast SEO plugin. -->","yoast_head_json":{"title":"Copo Twister 500ML - Ideia Gr\u00e1fica e Brindes","robots":{"index":"index","follow":"follow","max-snippet":"max-snippet:-1","max-image-preview":"max-image-preview:large","max-video-preview":"max-video-preview:-1"},"canonical":"https:\/\/ideiagraficaebrindes.com.br\/en\/product\/copo-twister-500ml\/","og_locale":"en_US","og_type":"article","og_title":"Copo Twister 500ML - Ideia Gr\u00e1fica e Brindes","og_description":"Ideal para servir chopp, refrigerante, cerveja, \u00e1gua, sucos, coquet\u00e9is.   Descri\u00e7\u00e3o:\u00a0Copo Twister 500ml, material acr\u00edlico     Altura :\u00a0 12,6 cm    Largura :\u00a0 8,3 cm Espessura da Parede: 2mm    Peso aproximado (g):\u00a0 50    As cores podem sofrer pequena altera\u00e7\u00e3o devido \u00e0 incid\u00eancia de luz.","og_url":"https:\/\/ideiagraficaebrindes.com.br\/en\/product\/copo-twister-500ml\/","og_site_name":"Ideia Gr\u00e1fica e Brindes","article_modified_time":"2021-07-09T12:26:12+00:00","og_image":[{"width":463,"height":441,"url":"https:\/\/ideiagraficaebrindes.com.br\/wp-content\/uploads\/2021\/06\/f62f03_cba7415a568749168c1b43eee531ec82_mv2_d_1659_1659_s_2.png","type":"image\/png"}],"twitter_card":"summary_large_image","twitter_misc":{"Est. reading time":"1 minute"},"schema":{"@context":"https:\/\/schema.org","@graph":[{"@type":"WebPage","@id":"https:\/\/ideiagraficaebrindes.com.br\/en\/product\/copo-twister-500ml\/","url":"https:\/\/ideiagraficaebrindes.com.br\/en\/product\/copo-twister-500ml\/","name":"Copo Twister 500ML - Ideia Gr\u00e1fica e Brindes","isPartOf":{"@id":"https:\/\/ideiagraficaebrindes.com.br\/#website"},"primaryImageOfPage":{"@id":"https:\/\/ideiagraficaebrindes.com.br\/en\/product\/copo-twister-500ml\/#primaryimage"},"image":{"@id":"https:\/\/ideiagraficaebrindes.com.br\/en\/product\/copo-twister-500ml\/#primaryimage"},"thumbnailUrl":"https:\/\/ideiagraficaebrindes.com.br\/wp-content\/uploads\/2021\/06\/f62f03_cba7415a568749168c1b43eee531ec82_mv2_d_1659_1659_s_2.png","datePublished":"2021-06-21T22:45:44+00:00","dateModified":"2021-07-09T12:26:12+00:00","breadcrumb":{"@id":"https:\/\/ideiagraficaebrindes.com.br\/en\/product\/copo-twister-500ml\/#breadcrumb"},"inLanguage":"en-US","potentialAction":[{"@type":"ReadAction","target":["https:\/\/ideiagraficaebrindes.com.br\/en\/product\/copo-twister-500ml\/"]}]},{"@type":"ImageObject","inLanguage":"en-US","@id":"https:\/\/ideiagraficaebrindes.com.br\/en\/product\/copo-twister-500ml\/#primaryimage","url":"https:\/\/ideiagraficaebrindes.com.br\/wp-content\/uploads\/2021\/06\/f62f03_cba7415a568749168c1b43eee531ec82_mv2_d_1659_1659_s_2.png","contentUrl":"https:\/\/ideiagraficaebrindes.com.br\/wp-content\/uploads\/2021\/06\/f62f03_cba7415a568749168c1b43eee531ec82_mv2_d_1659_1659_s_2.png","width":463,"height":441},{"@type":"BreadcrumbList","@id":"https:\/\/ideiagraficaebrindes.com.br\/en\/product\/copo-twister-500ml\/#breadcrumb","itemListElement":[{"@type":"ListItem","position":1,"name":"In\u00edcio","item":"https:\/\/ideiagraficaebrindes.com.br\/"},{"@type":"ListItem","position":2,"name":"Loja","item":"https:\/\/ideiagraficaebrindes.com.br\/loja\/"},{"@type":"ListItem","position":3,"name":"Copo Twister 500ML"}]},{"@type":"WebSite","@id":"https:\/\/ideiagraficaebrindes.com.br\/#website","url":"https:\/\/ideiagraficaebrindes.com.br\/","name":"Ideia Gr\u00e1fica e Brindes","description":"Brindes Personalizados e Impress\u00e3o em geral","potentialAction":[{"@type":"SearchAction","target":{"@type":"EntryPoint","urlTemplate":"https:\/\/ideiagraficaebrindes.com.br\/?s={search_term_string}"},"query-input":{"@type":"PropertyValueSpecification","valueRequired":true,"valueName":"search_term_string"}}],"inLanguage":"en-US"}]}},"_links":{"self":[{"href":"https:\/\/ideiagraficaebrindes.com.br\/en\/wp-json\/wp\/v2\/product\/4380","targetHints":{"allow":["GET"]}}],"collection":[{"href":"https:\/\/ideiagraficaebrindes.com.br\/en\/wp-json\/wp\/v2\/product"}],"about":[{"href":"https:\/\/ideiagraficaebrindes.com.br\/en\/wp-json\/wp\/v2\/types\/product"}],"replies":[{"embeddable":true,"href":"https:\/\/ideiagraficaebrindes.com.br\/en\/wp-json\/wp\/v2\/comments?post=4380"}],"wp:featuredmedia":[{"embeddable":true,"href":"https:\/\/ideiagraficaebrindes.com.br\/en\/wp-json\/wp\/v2\/media\/4395"}],"wp:attachment":[{"href":"https:\/\/ideiagraficaebrindes.com.br\/en\/wp-json\/wp\/v2\/media?parent=4380"}],"wp:term":[{"taxonomy":"product_brand","embeddable":true,"href":"https:\/\/ideiagraficaebrindes.com.br\/en\/wp-json\/wp\/v2\/product_brand?post=4380"},{"taxonomy":"product_cat","embeddable":true,"href":"https:\/\/ideiagraficaebrindes.com.br\/en\/wp-json\/wp\/v2\/product_cat?post=4380"},{"taxonomy":"product_tag","embeddable":true,"href":"https:\/\/ideiagraficaebrindes.com.br\/en\/wp-json\/wp\/v2\/product_tag?post=4380"}],"curies":[{"name":"wp","href":"https:\/\/api.w.org\/{rel}","templated":true}]}}