{"id":4260,"date":"2021-06-18T19:54:35","date_gmt":"2021-06-18T22:54:35","guid":{"rendered":"https:\/\/ideiagraficaebrindes.com.br\/?post_type=product&#038;p=4260"},"modified":"2021-09-08T15:02:09","modified_gmt":"2021-09-08T18:02:09","slug":"pasta-convencao-ecologica","status":"publish","type":"product","link":"https:\/\/ideiagraficaebrindes.com.br\/en\/product\/pasta-convencao-ecologica\/","title":{"rendered":"Pasta Conven\u00e7\u00e3o Ecol\u00f3gica"},"content":{"rendered":"<div class=\"desc\">\n<p class=\"desc-tit\"><strong>Descri\u00e7\u00e3o:<\/strong>\u00a0<span class=\"desc-sub my-desc-sub\">Pasta conven\u00e7\u00e3o ecol\u00f3gica, modelo kraft. Frente e verso da capa lisos com uma faixa preta na lateral, possui el\u00e1stico preto para fechar a pasta. H\u00e1 um \u201cbolso\u201d interno grande com cinco blocos autoadesivos coloridos com aproximadamente 25 folhas, bloco amarelo com aproximadamente 25 folhas, dois suporte porta cart\u00e3o, suporte e caneta de papel\u00e3o(clip pl\u00e1stico) e bloco com aproximadamente 25 folhas pautadas com verso liso(tamanho A4).<\/span><\/p>\n<\/div>\n<div class=\"desc\">\n<p class=\"desc-tit\"><strong>Altura<\/strong><span class=\"desc-sub\"><strong>\u00a0:<\/strong>\u00a0 30,2 cm<\/span><\/p>\n<\/div>\n<div class=\"desc\">\n<p class=\"desc-tit\"><strong>Largura<\/strong><span class=\"desc-sub\"><strong>\u00a0:<\/strong>\u00a0 24,5 cm<\/span><\/p>\n<\/div>\n<div class=\"desc\">\n<p class=\"desc-tit\"><strong>Medidas aproximadas para grava\u00e7\u00e3o<\/strong><span class=\"desc-sub\"><strong>\u00a0(CxL):\u00a0<\/strong> 29 cm x 21 cm<\/span><\/p>\n<\/div>\n<div class=\"desc\">\n<p class=\"desc-tit\"><strong>Peso aproximado<\/strong><span class=\"desc-sub\"><strong>\u00a0(g):<\/strong>\u00a0 400<\/span><\/p>\n<\/div>","protected":false},"excerpt":{"rendered":"<div class=\"desc\">\n<p class=\"desc-tit\"><strong>Descri\u00e7\u00e3o:<\/strong>\u00a0<span class=\"desc-sub my-desc-sub\">Pasta conven\u00e7\u00e3o ecol\u00f3gica, modelo kraft. Frente e verso da capa lisos com uma faixa preta na lateral, possui el\u00e1stico preto para fechar a pasta. H\u00e1 um \u201cbolso\u201d interno grande com cinco blocos autoadesivos coloridos com aproximadamente 25 folhas, bloco amarelo com aproximadamente 25 folhas, dois suporte porta cart\u00e3o, suporte e caneta de papel\u00e3o(clip pl\u00e1stico) e bloco com aproximadamente 25 folhas pautadas com verso liso(tamanho A4).<\/span><\/p>\n<\/div>\n<div class=\"desc\">\n<p class=\"desc-tit\"><strong>Altura<\/strong><span class=\"desc-sub\"><strong>\u00a0:<\/strong>\u00a0 30,2 cm<\/span><\/p>\n<\/div>\n<div class=\"desc\">\n<p class=\"desc-tit\"><strong>Largura<\/strong><span class=\"desc-sub\"><strong>\u00a0:<\/strong>\u00a0 24,5 cm<\/span><\/p>\n<\/div>\n<div class=\"desc\">\n<p class=\"desc-tit\"><strong>Medidas aproximadas para grava\u00e7\u00e3o<\/strong><span class=\"desc-sub\"><strong>\u00a0(CxL):\u00a0<\/strong> 29 cm x 21 cm<\/span><\/p>\n<\/div>\n<div class=\"desc\">\n<p class=\"desc-tit\"><strong>Peso aproximado<\/strong><span class=\"desc-sub\"><strong>\u00a0(g):<\/strong>\u00a0 400<\/span><\/p>\n<\/div>","protected":false},"featured_media":4264,"comment_status":"open","ping_status":"closed","template":"","meta":{"_monsterinsights_skip_tracking":false,"_monsterinsights_sitenote_active":false,"_monsterinsights_sitenote_note":"","_monsterinsights_sitenote_category":0},"product_brand":[],"product_cat":[219,198,113],"product_tag":[106,110,138,139],"class_list":{"0":"post-4260","1":"product","2":"type-product","3":"status-publish","4":"has-post-thumbnail","6":"product_cat-brindes","7":"product_cat-escritorio","8":"product_cat-linha-eco","9":"product_tag-bloco-de-anotacoes","10":"product_tag-linha-ecologica","11":"product_tag-outros","12":"product_tag-pastas","14":"first","15":"instock","16":"shipping-taxable","17":"product-type-simple"},"yoast_head":"<!-- This site is optimized with the Yoast SEO plugin v27.4 - https:\/\/yoast.com\/product\/yoast-seo-wordpress\/ -->\n<title>Pasta Conven\u00e7\u00e3o Ecol\u00f3gica - Ideia Gr\u00e1fica e Brindes<\/title>\n<meta name=\"robots\" content=\"index, follow, max-snippet:-1, max-image-preview:large, max-video-preview:-1\" \/>\n<link rel=\"canonical\" href=\"https:\/\/ideiagraficaebrindes.com.br\/en\/product\/pasta-convencao-ecologica\/\" \/>\n<meta property=\"og:locale\" content=\"en_US\" \/>\n<meta property=\"og:type\" content=\"article\" \/>\n<meta property=\"og:title\" content=\"Pasta Conven\u00e7\u00e3o Ecol\u00f3gica - Ideia Gr\u00e1fica e Brindes\" \/>\n<meta property=\"og:description\" content=\"Descri\u00e7\u00e3o:\u00a0Pasta conven\u00e7\u00e3o ecol\u00f3gica, modelo kraft. Frente e verso da capa lisos com uma faixa preta na lateral, possui el\u00e1stico preto para fechar a pasta. H\u00e1 um \u201cbolso\u201d interno grande com cinco blocos autoadesivos coloridos com aproximadamente 25 folhas, bloco amarelo com aproximadamente 25 folhas, dois suporte porta cart\u00e3o, suporte e caneta de papel\u00e3o(clip pl\u00e1stico) e bloco com aproximadamente 25 folhas pautadas com verso liso(tamanho A4).    Altura\u00a0:\u00a0 30,2 cm    Largura\u00a0:\u00a0 24,5 cm    Medidas aproximadas para grava\u00e7\u00e3o\u00a0(CxL):\u00a0 29 cm x 21 cm    Peso aproximado\u00a0(g):\u00a0 400\" \/>\n<meta property=\"og:url\" content=\"https:\/\/ideiagraficaebrindes.com.br\/en\/product\/pasta-convencao-ecologica\/\" \/>\n<meta property=\"og:site_name\" content=\"Ideia Gr\u00e1fica e Brindes\" \/>\n<meta property=\"article:modified_time\" content=\"2021-09-08T18:02:09+00:00\" \/>\n<meta property=\"og:image\" content=\"https:\/\/ideiagraficaebrindes.com.br\/wp-content\/uploads\/2021\/06\/Sem-titulo-3.png\" \/>\n\t<meta property=\"og:image:width\" content=\"1084\" \/>\n\t<meta property=\"og:image:height\" content=\"1084\" \/>\n\t<meta property=\"og:image:type\" content=\"image\/png\" \/>\n<meta name=\"twitter:card\" content=\"summary_large_image\" \/>\n<meta name=\"twitter:label1\" content=\"Est. reading time\" \/>\n\t<meta name=\"twitter:data1\" content=\"1 minute\" \/>\n<script type=\"application\/ld+json\" class=\"yoast-schema-graph\">{\"@context\":\"https:\\\/\\\/schema.org\",\"@graph\":[{\"@type\":\"WebPage\",\"@id\":\"https:\\\/\\\/ideiagraficaebrindes.com.br\\\/produto\\\/pasta-convencao-ecologica\\\/\",\"url\":\"https:\\\/\\\/ideiagraficaebrindes.com.br\\\/produto\\\/pasta-convencao-ecologica\\\/\",\"name\":\"Pasta Conven\u00e7\u00e3o Ecol\u00f3gica - Ideia Gr\u00e1fica e Brindes\",\"isPartOf\":{\"@id\":\"https:\\\/\\\/ideiagraficaebrindes.com.br\\\/#website\"},\"primaryImageOfPage\":{\"@id\":\"https:\\\/\\\/ideiagraficaebrindes.com.br\\\/produto\\\/pasta-convencao-ecologica\\\/#primaryimage\"},\"image\":{\"@id\":\"https:\\\/\\\/ideiagraficaebrindes.com.br\\\/produto\\\/pasta-convencao-ecologica\\\/#primaryimage\"},\"thumbnailUrl\":\"https:\\\/\\\/ideiagraficaebrindes.com.br\\\/wp-content\\\/uploads\\\/2021\\\/06\\\/Sem-titulo-3.png\",\"datePublished\":\"2021-06-18T22:54:35+00:00\",\"dateModified\":\"2021-09-08T18:02:09+00:00\",\"breadcrumb\":{\"@id\":\"https:\\\/\\\/ideiagraficaebrindes.com.br\\\/produto\\\/pasta-convencao-ecologica\\\/#breadcrumb\"},\"inLanguage\":\"en-US\",\"potentialAction\":[{\"@type\":\"ReadAction\",\"target\":[\"https:\\\/\\\/ideiagraficaebrindes.com.br\\\/produto\\\/pasta-convencao-ecologica\\\/\"]}]},{\"@type\":\"ImageObject\",\"inLanguage\":\"en-US\",\"@id\":\"https:\\\/\\\/ideiagraficaebrindes.com.br\\\/produto\\\/pasta-convencao-ecologica\\\/#primaryimage\",\"url\":\"https:\\\/\\\/ideiagraficaebrindes.com.br\\\/wp-content\\\/uploads\\\/2021\\\/06\\\/Sem-titulo-3.png\",\"contentUrl\":\"https:\\\/\\\/ideiagraficaebrindes.com.br\\\/wp-content\\\/uploads\\\/2021\\\/06\\\/Sem-titulo-3.png\",\"width\":1084,\"height\":1084},{\"@type\":\"BreadcrumbList\",\"@id\":\"https:\\\/\\\/ideiagraficaebrindes.com.br\\\/produto\\\/pasta-convencao-ecologica\\\/#breadcrumb\",\"itemListElement\":[{\"@type\":\"ListItem\",\"position\":1,\"name\":\"In\u00edcio\",\"item\":\"https:\\\/\\\/ideiagraficaebrindes.com.br\\\/\"},{\"@type\":\"ListItem\",\"position\":2,\"name\":\"Loja\",\"item\":\"https:\\\/\\\/ideiagraficaebrindes.com.br\\\/loja\\\/\"},{\"@type\":\"ListItem\",\"position\":3,\"name\":\"Pasta Conven\u00e7\u00e3o Ecol\u00f3gica\"}]},{\"@type\":\"WebSite\",\"@id\":\"https:\\\/\\\/ideiagraficaebrindes.com.br\\\/#website\",\"url\":\"https:\\\/\\\/ideiagraficaebrindes.com.br\\\/\",\"name\":\"Ideia Gr\u00e1fica e Brindes\",\"description\":\"Brindes Personalizados e Impress\u00e3o em geral\",\"potentialAction\":[{\"@type\":\"SearchAction\",\"target\":{\"@type\":\"EntryPoint\",\"urlTemplate\":\"https:\\\/\\\/ideiagraficaebrindes.com.br\\\/?s={search_term_string}\"},\"query-input\":{\"@type\":\"PropertyValueSpecification\",\"valueRequired\":true,\"valueName\":\"search_term_string\"}}],\"inLanguage\":\"en-US\"}]}<\/script>\n<!-- \/ Yoast SEO plugin. -->","yoast_head_json":{"title":"Pasta Conven\u00e7\u00e3o Ecol\u00f3gica - Ideia Gr\u00e1fica e Brindes","robots":{"index":"index","follow":"follow","max-snippet":"max-snippet:-1","max-image-preview":"max-image-preview:large","max-video-preview":"max-video-preview:-1"},"canonical":"https:\/\/ideiagraficaebrindes.com.br\/en\/product\/pasta-convencao-ecologica\/","og_locale":"en_US","og_type":"article","og_title":"Pasta Conven\u00e7\u00e3o Ecol\u00f3gica - Ideia Gr\u00e1fica e Brindes","og_description":"Descri\u00e7\u00e3o:\u00a0Pasta conven\u00e7\u00e3o ecol\u00f3gica, modelo kraft. Frente e verso da capa lisos com uma faixa preta na lateral, possui el\u00e1stico preto para fechar a pasta. H\u00e1 um \u201cbolso\u201d interno grande com cinco blocos autoadesivos coloridos com aproximadamente 25 folhas, bloco amarelo com aproximadamente 25 folhas, dois suporte porta cart\u00e3o, suporte e caneta de papel\u00e3o(clip pl\u00e1stico) e bloco com aproximadamente 25 folhas pautadas com verso liso(tamanho A4).    Altura\u00a0:\u00a0 30,2 cm    Largura\u00a0:\u00a0 24,5 cm    Medidas aproximadas para grava\u00e7\u00e3o\u00a0(CxL):\u00a0 29 cm x 21 cm    Peso aproximado\u00a0(g):\u00a0 400","og_url":"https:\/\/ideiagraficaebrindes.com.br\/en\/product\/pasta-convencao-ecologica\/","og_site_name":"Ideia Gr\u00e1fica e Brindes","article_modified_time":"2021-09-08T18:02:09+00:00","og_image":[{"width":1084,"height":1084,"url":"https:\/\/ideiagraficaebrindes.com.br\/wp-content\/uploads\/2021\/06\/Sem-titulo-3.png","type":"image\/png"}],"twitter_card":"summary_large_image","twitter_misc":{"Est. reading time":"1 minute"},"schema":{"@context":"https:\/\/schema.org","@graph":[{"@type":"WebPage","@id":"https:\/\/ideiagraficaebrindes.com.br\/produto\/pasta-convencao-ecologica\/","url":"https:\/\/ideiagraficaebrindes.com.br\/produto\/pasta-convencao-ecologica\/","name":"Pasta Conven\u00e7\u00e3o Ecol\u00f3gica - Ideia Gr\u00e1fica e Brindes","isPartOf":{"@id":"https:\/\/ideiagraficaebrindes.com.br\/#website"},"primaryImageOfPage":{"@id":"https:\/\/ideiagraficaebrindes.com.br\/produto\/pasta-convencao-ecologica\/#primaryimage"},"image":{"@id":"https:\/\/ideiagraficaebrindes.com.br\/produto\/pasta-convencao-ecologica\/#primaryimage"},"thumbnailUrl":"https:\/\/ideiagraficaebrindes.com.br\/wp-content\/uploads\/2021\/06\/Sem-titulo-3.png","datePublished":"2021-06-18T22:54:35+00:00","dateModified":"2021-09-08T18:02:09+00:00","breadcrumb":{"@id":"https:\/\/ideiagraficaebrindes.com.br\/produto\/pasta-convencao-ecologica\/#breadcrumb"},"inLanguage":"en-US","potentialAction":[{"@type":"ReadAction","target":["https:\/\/ideiagraficaebrindes.com.br\/produto\/pasta-convencao-ecologica\/"]}]},{"@type":"ImageObject","inLanguage":"en-US","@id":"https:\/\/ideiagraficaebrindes.com.br\/produto\/pasta-convencao-ecologica\/#primaryimage","url":"https:\/\/ideiagraficaebrindes.com.br\/wp-content\/uploads\/2021\/06\/Sem-titulo-3.png","contentUrl":"https:\/\/ideiagraficaebrindes.com.br\/wp-content\/uploads\/2021\/06\/Sem-titulo-3.png","width":1084,"height":1084},{"@type":"BreadcrumbList","@id":"https:\/\/ideiagraficaebrindes.com.br\/produto\/pasta-convencao-ecologica\/#breadcrumb","itemListElement":[{"@type":"ListItem","position":1,"name":"In\u00edcio","item":"https:\/\/ideiagraficaebrindes.com.br\/"},{"@type":"ListItem","position":2,"name":"Loja","item":"https:\/\/ideiagraficaebrindes.com.br\/loja\/"},{"@type":"ListItem","position":3,"name":"Pasta Conven\u00e7\u00e3o Ecol\u00f3gica"}]},{"@type":"WebSite","@id":"https:\/\/ideiagraficaebrindes.com.br\/#website","url":"https:\/\/ideiagraficaebrindes.com.br\/","name":"Ideia Gr\u00e1fica e Brindes","description":"Brindes Personalizados e Impress\u00e3o em geral","potentialAction":[{"@type":"SearchAction","target":{"@type":"EntryPoint","urlTemplate":"https:\/\/ideiagraficaebrindes.com.br\/?s={search_term_string}"},"query-input":{"@type":"PropertyValueSpecification","valueRequired":true,"valueName":"search_term_string"}}],"inLanguage":"en-US"}]}},"_links":{"self":[{"href":"https:\/\/ideiagraficaebrindes.com.br\/en\/wp-json\/wp\/v2\/product\/4260","targetHints":{"allow":["GET"]}}],"collection":[{"href":"https:\/\/ideiagraficaebrindes.com.br\/en\/wp-json\/wp\/v2\/product"}],"about":[{"href":"https:\/\/ideiagraficaebrindes.com.br\/en\/wp-json\/wp\/v2\/types\/product"}],"replies":[{"embeddable":true,"href":"https:\/\/ideiagraficaebrindes.com.br\/en\/wp-json\/wp\/v2\/comments?post=4260"}],"wp:featuredmedia":[{"embeddable":true,"href":"https:\/\/ideiagraficaebrindes.com.br\/en\/wp-json\/wp\/v2\/media\/4264"}],"wp:attachment":[{"href":"https:\/\/ideiagraficaebrindes.com.br\/en\/wp-json\/wp\/v2\/media?parent=4260"}],"wp:term":[{"taxonomy":"product_brand","embeddable":true,"href":"https:\/\/ideiagraficaebrindes.com.br\/en\/wp-json\/wp\/v2\/product_brand?post=4260"},{"taxonomy":"product_cat","embeddable":true,"href":"https:\/\/ideiagraficaebrindes.com.br\/en\/wp-json\/wp\/v2\/product_cat?post=4260"},{"taxonomy":"product_tag","embeddable":true,"href":"https:\/\/ideiagraficaebrindes.com.br\/en\/wp-json\/wp\/v2\/product_tag?post=4260"}],"curies":[{"name":"wp","href":"https:\/\/api.w.org\/{rel}","templated":true}]}}