{"id":4248,"date":"2021-06-18T19:30:54","date_gmt":"2021-06-18T22:30:54","guid":{"rendered":"https:\/\/ideiagraficaebrindes.com.br\/?post_type=product&#038;p=4248"},"modified":"2026-03-19T10:11:19","modified_gmt":"2026-03-19T13:11:19","slug":"copo-buck-fibra-de-arroz-550ml","status":"publish","type":"product","link":"https:\/\/ideiagraficaebrindes.com.br\/en\/product\/copo-buck-fibra-de-arroz-550ml\/","title":{"rendered":"Copo Buck Fibra de Arroz 550ml"},"content":{"rendered":"<div class=\"desc\">\n<p class=\"desc-tit\"><strong>Descri\u00e7\u00e3o:\u00a0<\/strong><span class=\"desc-sub my-desc-sub\">Copo Buck fibra de arroz 550ml com tampa de bocal.<br \/>\n(estilo Starbucks)<\/span><\/p>\n<\/div>\n<div class=\"desc\">\n<p class=\"desc-tit\"><strong>Altura<\/strong><span class=\"desc-sub\"><strong>\u00a0:<\/strong>\u00a0 16,1 cm<\/span><\/p>\n<\/div>\n<div class=\"desc\">\n<p class=\"desc-tit\"><strong>Largura<\/strong><span class=\"desc-sub\"><strong>\u00a0:<\/strong>\u00a0 9,3 cm<\/span><\/p>\n<\/div>\n<div class=\"desc\">\n<p class=\"desc-tit\"><strong>Circunfer\u00eancia<\/strong><span class=\"desc-sub\"><strong>\u00a0:<\/strong>\u00a0 27,4 cm<\/span><\/p>\n<\/div>\n<div class=\"desc\">\n<p class=\"desc-tit\"><strong>Medidas aproximadas para grava\u00e7\u00e3o<\/strong><span class=\"desc-sub\"><strong>\u00a0(CxL):\u00a0<\/strong> 12 cm x 5 cm<\/span><\/p>\n<\/div>\n<div class=\"desc\">\n<p class=\"desc-tit\"><strong>Peso aproximado<\/strong><span class=\"desc-sub\"><strong>\u00a0(g):<\/strong>\u00a0 86<\/span><\/p>\n<\/div>","protected":false},"excerpt":{"rendered":"<div class=\"desc\">\n<p class=\"desc-tit\"><strong>Descri\u00e7\u00e3o:\u00a0<\/strong><span class=\"desc-sub my-desc-sub\">Copo Buck fibra de arroz 550ml com tampa de bocal.<br \/>\n(estilo Starbucks)<\/span><\/p>\n<\/div>\n<div class=\"desc\">\n<p class=\"desc-tit\"><strong>Altura<\/strong><span class=\"desc-sub\"><strong>\u00a0:<\/strong>\u00a0 16,1 cm<\/span><\/p>\n<\/div>\n<div class=\"desc\">\n<p class=\"desc-tit\"><strong>Largura<\/strong><span class=\"desc-sub\"><strong>\u00a0:<\/strong>\u00a0 9,3 cm<\/span><\/p>\n<\/div>\n<div class=\"desc\">\n<p class=\"desc-tit\"><strong>Circunfer\u00eancia<\/strong><span class=\"desc-sub\"><strong>\u00a0:<\/strong>\u00a0 27,4 cm<\/span><\/p>\n<\/div>\n<div class=\"desc\">\n<p class=\"desc-tit\"><strong>Medidas aproximadas para grava\u00e7\u00e3o<\/strong><span class=\"desc-sub\"><strong>\u00a0(CxL):\u00a0<\/strong> 12 cm x 5 cm<\/span><\/p>\n<\/div>\n<div class=\"desc\">\n<p class=\"desc-tit\"><strong>Peso aproximado<\/strong><span class=\"desc-sub\"><strong>\u00a0(g):<\/strong>\u00a0 86<\/span><\/p>\n<\/div>","protected":false},"featured_media":9994,"comment_status":"open","ping_status":"closed","template":"","meta":{"_monsterinsights_skip_tracking":false,"_monsterinsights_sitenote_active":false,"_monsterinsights_sitenote_note":"","_monsterinsights_sitenote_category":0},"product_brand":[],"product_cat":[486,219,149,113],"product_tag":[132,133,110],"class_list":{"0":"post-4248","1":"product","2":"type-product","3":"status-publish","4":"has-post-thumbnail","6":"product_cat-copa-do-mundo","7":"product_cat-brindes","8":"product_cat-copos","9":"product_cat-linha-eco","10":"product_tag-copo-buck","11":"product_tag-copo-cafe","12":"product_tag-linha-ecologica","14":"first","15":"instock","16":"shipping-taxable","17":"product-type-simple"},"yoast_head":"<!-- This site is optimized with the Yoast SEO plugin v27.4 - https:\/\/yoast.com\/product\/yoast-seo-wordpress\/ -->\n<title>Copo Buck Fibra de Arroz 550ml - Ideia Gr\u00e1fica e Brindes<\/title>\n<meta name=\"robots\" content=\"index, follow, max-snippet:-1, max-image-preview:large, max-video-preview:-1\" \/>\n<link rel=\"canonical\" href=\"https:\/\/ideiagraficaebrindes.com.br\/en\/product\/copo-buck-fibra-de-arroz-550ml\/\" \/>\n<meta property=\"og:locale\" content=\"en_US\" \/>\n<meta property=\"og:type\" content=\"article\" \/>\n<meta property=\"og:title\" content=\"Copo Buck Fibra de Arroz 550ml - Ideia Gr\u00e1fica e Brindes\" \/>\n<meta property=\"og:description\" content=\"Descri\u00e7\u00e3o:\u00a0Copo Buck fibra de arroz 550ml com tampa de bocal. (estilo Starbucks)    Altura\u00a0:\u00a0 16,1 cm    Largura\u00a0:\u00a0 9,3 cm    Circunfer\u00eancia\u00a0:\u00a0 27,4 cm    Medidas aproximadas para grava\u00e7\u00e3o\u00a0(CxL):\u00a0 12 cm x 5 cm    Peso aproximado\u00a0(g):\u00a0 86\" \/>\n<meta property=\"og:url\" content=\"https:\/\/ideiagraficaebrindes.com.br\/en\/product\/copo-buck-fibra-de-arroz-550ml\/\" \/>\n<meta property=\"og:site_name\" content=\"Ideia Gr\u00e1fica e Brindes\" \/>\n<meta property=\"article:modified_time\" content=\"2026-03-19T13:11:19+00:00\" \/>\n<meta property=\"og:image\" content=\"https:\/\/ideiagraficaebrindes.com.br\/wp-content\/uploads\/2021\/06\/buck-verde.jpg\" \/>\n\t<meta property=\"og:image:width\" content=\"1182\" \/>\n\t<meta property=\"og:image:height\" content=\"1182\" \/>\n\t<meta property=\"og:image:type\" content=\"image\/jpeg\" \/>\n<meta name=\"twitter:card\" content=\"summary_large_image\" \/>\n<meta name=\"twitter:label1\" content=\"Est. reading time\" \/>\n\t<meta name=\"twitter:data1\" content=\"1 minute\" \/>\n<script type=\"application\/ld+json\" class=\"yoast-schema-graph\">{\"@context\":\"https:\\\/\\\/schema.org\",\"@graph\":[{\"@type\":\"WebPage\",\"@id\":\"https:\\\/\\\/ideiagraficaebrindes.com.br\\\/produto\\\/copo-buck-fibra-de-arroz-550ml\\\/\",\"url\":\"https:\\\/\\\/ideiagraficaebrindes.com.br\\\/produto\\\/copo-buck-fibra-de-arroz-550ml\\\/\",\"name\":\"Copo Buck Fibra de Arroz 550ml - Ideia Gr\u00e1fica e Brindes\",\"isPartOf\":{\"@id\":\"https:\\\/\\\/ideiagraficaebrindes.com.br\\\/#website\"},\"primaryImageOfPage\":{\"@id\":\"https:\\\/\\\/ideiagraficaebrindes.com.br\\\/produto\\\/copo-buck-fibra-de-arroz-550ml\\\/#primaryimage\"},\"image\":{\"@id\":\"https:\\\/\\\/ideiagraficaebrindes.com.br\\\/produto\\\/copo-buck-fibra-de-arroz-550ml\\\/#primaryimage\"},\"thumbnailUrl\":\"https:\\\/\\\/ideiagraficaebrindes.com.br\\\/wp-content\\\/uploads\\\/2021\\\/06\\\/buck-verde.jpg\",\"datePublished\":\"2021-06-18T22:30:54+00:00\",\"dateModified\":\"2026-03-19T13:11:19+00:00\",\"breadcrumb\":{\"@id\":\"https:\\\/\\\/ideiagraficaebrindes.com.br\\\/produto\\\/copo-buck-fibra-de-arroz-550ml\\\/#breadcrumb\"},\"inLanguage\":\"en-US\",\"potentialAction\":[{\"@type\":\"ReadAction\",\"target\":[\"https:\\\/\\\/ideiagraficaebrindes.com.br\\\/produto\\\/copo-buck-fibra-de-arroz-550ml\\\/\"]}]},{\"@type\":\"ImageObject\",\"inLanguage\":\"en-US\",\"@id\":\"https:\\\/\\\/ideiagraficaebrindes.com.br\\\/produto\\\/copo-buck-fibra-de-arroz-550ml\\\/#primaryimage\",\"url\":\"https:\\\/\\\/ideiagraficaebrindes.com.br\\\/wp-content\\\/uploads\\\/2021\\\/06\\\/buck-verde.jpg\",\"contentUrl\":\"https:\\\/\\\/ideiagraficaebrindes.com.br\\\/wp-content\\\/uploads\\\/2021\\\/06\\\/buck-verde.jpg\",\"width\":1182,\"height\":1182},{\"@type\":\"BreadcrumbList\",\"@id\":\"https:\\\/\\\/ideiagraficaebrindes.com.br\\\/produto\\\/copo-buck-fibra-de-arroz-550ml\\\/#breadcrumb\",\"itemListElement\":[{\"@type\":\"ListItem\",\"position\":1,\"name\":\"In\u00edcio\",\"item\":\"https:\\\/\\\/ideiagraficaebrindes.com.br\\\/\"},{\"@type\":\"ListItem\",\"position\":2,\"name\":\"Loja\",\"item\":\"https:\\\/\\\/ideiagraficaebrindes.com.br\\\/loja\\\/\"},{\"@type\":\"ListItem\",\"position\":3,\"name\":\"Copo Buck Fibra de Arroz 550ml\"}]},{\"@type\":\"WebSite\",\"@id\":\"https:\\\/\\\/ideiagraficaebrindes.com.br\\\/#website\",\"url\":\"https:\\\/\\\/ideiagraficaebrindes.com.br\\\/\",\"name\":\"Ideia Gr\u00e1fica e Brindes\",\"description\":\"Brindes Personalizados e Impress\u00e3o em geral\",\"potentialAction\":[{\"@type\":\"SearchAction\",\"target\":{\"@type\":\"EntryPoint\",\"urlTemplate\":\"https:\\\/\\\/ideiagraficaebrindes.com.br\\\/?s={search_term_string}\"},\"query-input\":{\"@type\":\"PropertyValueSpecification\",\"valueRequired\":true,\"valueName\":\"search_term_string\"}}],\"inLanguage\":\"en-US\"}]}<\/script>\n<!-- \/ Yoast SEO plugin. -->","yoast_head_json":{"title":"Copo Buck Fibra de Arroz 550ml - Ideia Gr\u00e1fica e Brindes","robots":{"index":"index","follow":"follow","max-snippet":"max-snippet:-1","max-image-preview":"max-image-preview:large","max-video-preview":"max-video-preview:-1"},"canonical":"https:\/\/ideiagraficaebrindes.com.br\/en\/product\/copo-buck-fibra-de-arroz-550ml\/","og_locale":"en_US","og_type":"article","og_title":"Copo Buck Fibra de Arroz 550ml - Ideia Gr\u00e1fica e Brindes","og_description":"Descri\u00e7\u00e3o:\u00a0Copo Buck fibra de arroz 550ml com tampa de bocal. (estilo Starbucks)    Altura\u00a0:\u00a0 16,1 cm    Largura\u00a0:\u00a0 9,3 cm    Circunfer\u00eancia\u00a0:\u00a0 27,4 cm    Medidas aproximadas para grava\u00e7\u00e3o\u00a0(CxL):\u00a0 12 cm x 5 cm    Peso aproximado\u00a0(g):\u00a0 86","og_url":"https:\/\/ideiagraficaebrindes.com.br\/en\/product\/copo-buck-fibra-de-arroz-550ml\/","og_site_name":"Ideia Gr\u00e1fica e Brindes","article_modified_time":"2026-03-19T13:11:19+00:00","og_image":[{"width":1182,"height":1182,"url":"https:\/\/ideiagraficaebrindes.com.br\/wp-content\/uploads\/2021\/06\/buck-verde.jpg","type":"image\/jpeg"}],"twitter_card":"summary_large_image","twitter_misc":{"Est. reading time":"1 minute"},"schema":{"@context":"https:\/\/schema.org","@graph":[{"@type":"WebPage","@id":"https:\/\/ideiagraficaebrindes.com.br\/produto\/copo-buck-fibra-de-arroz-550ml\/","url":"https:\/\/ideiagraficaebrindes.com.br\/produto\/copo-buck-fibra-de-arroz-550ml\/","name":"Copo Buck Fibra de Arroz 550ml - Ideia Gr\u00e1fica e Brindes","isPartOf":{"@id":"https:\/\/ideiagraficaebrindes.com.br\/#website"},"primaryImageOfPage":{"@id":"https:\/\/ideiagraficaebrindes.com.br\/produto\/copo-buck-fibra-de-arroz-550ml\/#primaryimage"},"image":{"@id":"https:\/\/ideiagraficaebrindes.com.br\/produto\/copo-buck-fibra-de-arroz-550ml\/#primaryimage"},"thumbnailUrl":"https:\/\/ideiagraficaebrindes.com.br\/wp-content\/uploads\/2021\/06\/buck-verde.jpg","datePublished":"2021-06-18T22:30:54+00:00","dateModified":"2026-03-19T13:11:19+00:00","breadcrumb":{"@id":"https:\/\/ideiagraficaebrindes.com.br\/produto\/copo-buck-fibra-de-arroz-550ml\/#breadcrumb"},"inLanguage":"en-US","potentialAction":[{"@type":"ReadAction","target":["https:\/\/ideiagraficaebrindes.com.br\/produto\/copo-buck-fibra-de-arroz-550ml\/"]}]},{"@type":"ImageObject","inLanguage":"en-US","@id":"https:\/\/ideiagraficaebrindes.com.br\/produto\/copo-buck-fibra-de-arroz-550ml\/#primaryimage","url":"https:\/\/ideiagraficaebrindes.com.br\/wp-content\/uploads\/2021\/06\/buck-verde.jpg","contentUrl":"https:\/\/ideiagraficaebrindes.com.br\/wp-content\/uploads\/2021\/06\/buck-verde.jpg","width":1182,"height":1182},{"@type":"BreadcrumbList","@id":"https:\/\/ideiagraficaebrindes.com.br\/produto\/copo-buck-fibra-de-arroz-550ml\/#breadcrumb","itemListElement":[{"@type":"ListItem","position":1,"name":"In\u00edcio","item":"https:\/\/ideiagraficaebrindes.com.br\/"},{"@type":"ListItem","position":2,"name":"Loja","item":"https:\/\/ideiagraficaebrindes.com.br\/loja\/"},{"@type":"ListItem","position":3,"name":"Copo Buck Fibra de Arroz 550ml"}]},{"@type":"WebSite","@id":"https:\/\/ideiagraficaebrindes.com.br\/#website","url":"https:\/\/ideiagraficaebrindes.com.br\/","name":"Ideia Gr\u00e1fica e Brindes","description":"Brindes Personalizados e Impress\u00e3o em geral","potentialAction":[{"@type":"SearchAction","target":{"@type":"EntryPoint","urlTemplate":"https:\/\/ideiagraficaebrindes.com.br\/?s={search_term_string}"},"query-input":{"@type":"PropertyValueSpecification","valueRequired":true,"valueName":"search_term_string"}}],"inLanguage":"en-US"}]}},"_links":{"self":[{"href":"https:\/\/ideiagraficaebrindes.com.br\/en\/wp-json\/wp\/v2\/product\/4248","targetHints":{"allow":["GET"]}}],"collection":[{"href":"https:\/\/ideiagraficaebrindes.com.br\/en\/wp-json\/wp\/v2\/product"}],"about":[{"href":"https:\/\/ideiagraficaebrindes.com.br\/en\/wp-json\/wp\/v2\/types\/product"}],"replies":[{"embeddable":true,"href":"https:\/\/ideiagraficaebrindes.com.br\/en\/wp-json\/wp\/v2\/comments?post=4248"}],"wp:featuredmedia":[{"embeddable":true,"href":"https:\/\/ideiagraficaebrindes.com.br\/en\/wp-json\/wp\/v2\/media\/9994"}],"wp:attachment":[{"href":"https:\/\/ideiagraficaebrindes.com.br\/en\/wp-json\/wp\/v2\/media?parent=4248"}],"wp:term":[{"taxonomy":"product_brand","embeddable":true,"href":"https:\/\/ideiagraficaebrindes.com.br\/en\/wp-json\/wp\/v2\/product_brand?post=4248"},{"taxonomy":"product_cat","embeddable":true,"href":"https:\/\/ideiagraficaebrindes.com.br\/en\/wp-json\/wp\/v2\/product_cat?post=4248"},{"taxonomy":"product_tag","embeddable":true,"href":"https:\/\/ideiagraficaebrindes.com.br\/en\/wp-json\/wp\/v2\/product_tag?post=4248"}],"curies":[{"name":"wp","href":"https:\/\/api.w.org\/{rel}","templated":true}]}}