{"id":4235,"date":"2021-06-18T18:48:01","date_gmt":"2021-06-18T21:48:01","guid":{"rendered":"https:\/\/ideiagraficaebrindes.com.br\/?post_type=product&#038;p=4235"},"modified":"2021-09-08T15:01:52","modified_gmt":"2021-09-08T18:01:52","slug":"caneta-fibra-de-bambu-touch-com-suporte","status":"publish","type":"product","link":"https:\/\/ideiagraficaebrindes.com.br\/en\/product\/caneta-fibra-de-bambu-touch-com-suporte\/","title":{"rendered":"Caneta Fibra de Bambu Touch com Suporte"},"content":{"rendered":"<div class=\"desc\">\n<p class=\"desc-tit\"><strong>Descri\u00e7\u00e3o:<\/strong>\u00a0<span class=\"desc-sub my-desc-sub\">Caneta fibra de bambu touch com suporte para celular. Clip aberto utilizado como suporte para o celular e parte superior com limpador de tela. Aciona por giro, carga esferogr\u00e1fica na cor azul.<\/span><\/p>\n<\/div>\n<div class=\"desc\">\n<p class=\"desc-tit\"><strong>Largura<\/strong><span class=\"desc-sub\"><strong>\u00a0:\u00a0<\/strong> 1,8 cm<\/span><\/p>\n<\/div>\n<div class=\"desc\">\n<p class=\"desc-tit\"><strong>Comprimento<\/strong><span class=\"desc-sub\"><strong>\u00a0:<\/strong>\u00a0 14,7 cm<\/span><\/p>\n<\/div>\n<div class=\"desc\">\n<p class=\"desc-tit\"><strong>Medidas aproximadas para grava\u00e7\u00e3o<\/strong><span class=\"desc-sub\"><strong>\u00a0(CxL):<\/strong>\u00a0 3,2 cm x 0,8 cm \u2013 Clip 4 cm x 0,8 cm<\/span><\/p>\n<\/div>\n<div class=\"desc\">\n<p class=\"desc-tit\"><strong>Peso aproximado<\/strong><span class=\"desc-sub\"><strong>\u00a0(g):\u00a0<\/strong> 12<\/span><\/p>\n<\/div>","protected":false},"excerpt":{"rendered":"<div class=\"desc\">\n<p class=\"desc-tit\"><strong>Descri\u00e7\u00e3o:<\/strong>\u00a0<span class=\"desc-sub my-desc-sub\">Caneta fibra de bambu touch com suporte para celular. Clip aberto utilizado como suporte para o celular e parte superior com limpador de tela. Aciona por giro, carga esferogr\u00e1fica na cor azul.<\/span><\/p>\n<\/div>\n<div class=\"desc\">\n<p class=\"desc-tit\"><strong>Largura<\/strong><span class=\"desc-sub\"><strong>\u00a0:\u00a0<\/strong> 1,8 cm<\/span><\/p>\n<\/div>\n<div class=\"desc\">\n<p class=\"desc-tit\"><strong>Comprimento<\/strong><span class=\"desc-sub\"><strong>\u00a0:<\/strong>\u00a0 14,7 cm<\/span><\/p>\n<\/div>\n<div class=\"desc\">\n<p class=\"desc-tit\"><strong>Medidas aproximadas para grava\u00e7\u00e3o<\/strong><span class=\"desc-sub\"><strong>\u00a0(CxL):<\/strong>\u00a0 3,2 cm x 0,8 cm \u2013 Clip 4 cm x 0,8 cm<\/span><\/p>\n<\/div>\n<div class=\"desc\">\n<p class=\"desc-tit\"><strong>Peso aproximado<\/strong><span class=\"desc-sub\"><strong>\u00a0(g):\u00a0<\/strong> 12<\/span><\/p>\n<\/div>","protected":false},"featured_media":4237,"comment_status":"open","ping_status":"closed","template":"","meta":{"_monsterinsights_skip_tracking":false,"_monsterinsights_sitenote_active":false,"_monsterinsights_sitenote_note":"","_monsterinsights_sitenote_category":0},"product_brand":[],"product_cat":[219,113],"product_tag":[127,128,110,129],"class_list":{"0":"post-4235","1":"product","2":"type-product","3":"status-publish","4":"has-post-thumbnail","6":"product_cat-brindes","7":"product_cat-linha-eco","8":"product_tag-canetas","9":"product_tag-ecologicas","10":"product_tag-linha-ecologica","11":"product_tag-touch","13":"first","14":"instock","15":"shipping-taxable","16":"product-type-simple"},"yoast_head":"<!-- This site is optimized with the Yoast SEO plugin v27.4 - https:\/\/yoast.com\/product\/yoast-seo-wordpress\/ -->\n<title>Caneta Fibra de Bambu Touch com Suporte - Ideia Gr\u00e1fica e Brindes<\/title>\n<meta name=\"robots\" content=\"index, follow, max-snippet:-1, max-image-preview:large, max-video-preview:-1\" \/>\n<link rel=\"canonical\" href=\"https:\/\/ideiagraficaebrindes.com.br\/en\/product\/caneta-fibra-de-bambu-touch-com-suporte\/\" \/>\n<meta property=\"og:locale\" content=\"en_US\" \/>\n<meta property=\"og:type\" content=\"article\" \/>\n<meta property=\"og:title\" content=\"Caneta Fibra de Bambu Touch com Suporte - Ideia Gr\u00e1fica e Brindes\" \/>\n<meta property=\"og:description\" content=\"Descri\u00e7\u00e3o:\u00a0Caneta fibra de bambu touch com suporte para celular. Clip aberto utilizado como suporte para o celular e parte superior com limpador de tela. Aciona por giro, carga esferogr\u00e1fica na cor azul.    Largura\u00a0:\u00a0 1,8 cm    Comprimento\u00a0:\u00a0 14,7 cm    Medidas aproximadas para grava\u00e7\u00e3o\u00a0(CxL):\u00a0 3,2 cm x 0,8 cm \u2013 Clip 4 cm x 0,8 cm    Peso aproximado\u00a0(g):\u00a0 12\" \/>\n<meta property=\"og:url\" content=\"https:\/\/ideiagraficaebrindes.com.br\/en\/product\/caneta-fibra-de-bambu-touch-com-suporte\/\" \/>\n<meta property=\"og:site_name\" content=\"Ideia Gr\u00e1fica e Brindes\" \/>\n<meta property=\"article:modified_time\" content=\"2021-09-08T18:01:52+00:00\" \/>\n<meta property=\"og:image\" content=\"https:\/\/ideiagraficaebrindes.com.br\/wp-content\/uploads\/2021\/06\/Caneta-Fibra-de-Bambu-Touch-com-Suporte-11875d1-1589465393.jpg\" \/>\n\t<meta property=\"og:image:width\" content=\"1000\" \/>\n\t<meta property=\"og:image:height\" content=\"1000\" \/>\n\t<meta property=\"og:image:type\" content=\"image\/jpeg\" \/>\n<meta name=\"twitter:card\" content=\"summary_large_image\" \/>\n<meta name=\"twitter:label1\" content=\"Est. reading time\" \/>\n\t<meta name=\"twitter:data1\" content=\"1 minute\" \/>\n<script type=\"application\/ld+json\" class=\"yoast-schema-graph\">{\"@context\":\"https:\\\/\\\/schema.org\",\"@graph\":[{\"@type\":\"WebPage\",\"@id\":\"https:\\\/\\\/ideiagraficaebrindes.com.br\\\/en\\\/product\\\/caneta-fibra-de-bambu-touch-com-suporte\\\/\",\"url\":\"https:\\\/\\\/ideiagraficaebrindes.com.br\\\/en\\\/product\\\/caneta-fibra-de-bambu-touch-com-suporte\\\/\",\"name\":\"Caneta Fibra de Bambu Touch com Suporte - Ideia Gr\u00e1fica e Brindes\",\"isPartOf\":{\"@id\":\"https:\\\/\\\/ideiagraficaebrindes.com.br\\\/#website\"},\"primaryImageOfPage\":{\"@id\":\"https:\\\/\\\/ideiagraficaebrindes.com.br\\\/en\\\/product\\\/caneta-fibra-de-bambu-touch-com-suporte\\\/#primaryimage\"},\"image\":{\"@id\":\"https:\\\/\\\/ideiagraficaebrindes.com.br\\\/en\\\/product\\\/caneta-fibra-de-bambu-touch-com-suporte\\\/#primaryimage\"},\"thumbnailUrl\":\"https:\\\/\\\/ideiagraficaebrindes.com.br\\\/wp-content\\\/uploads\\\/2021\\\/06\\\/Caneta-Fibra-de-Bambu-Touch-com-Suporte-11875d1-1589465393.jpg\",\"datePublished\":\"2021-06-18T21:48:01+00:00\",\"dateModified\":\"2021-09-08T18:01:52+00:00\",\"breadcrumb\":{\"@id\":\"https:\\\/\\\/ideiagraficaebrindes.com.br\\\/en\\\/product\\\/caneta-fibra-de-bambu-touch-com-suporte\\\/#breadcrumb\"},\"inLanguage\":\"en-US\",\"potentialAction\":[{\"@type\":\"ReadAction\",\"target\":[\"https:\\\/\\\/ideiagraficaebrindes.com.br\\\/en\\\/product\\\/caneta-fibra-de-bambu-touch-com-suporte\\\/\"]}]},{\"@type\":\"ImageObject\",\"inLanguage\":\"en-US\",\"@id\":\"https:\\\/\\\/ideiagraficaebrindes.com.br\\\/en\\\/product\\\/caneta-fibra-de-bambu-touch-com-suporte\\\/#primaryimage\",\"url\":\"https:\\\/\\\/ideiagraficaebrindes.com.br\\\/wp-content\\\/uploads\\\/2021\\\/06\\\/Caneta-Fibra-de-Bambu-Touch-com-Suporte-11875d1-1589465393.jpg\",\"contentUrl\":\"https:\\\/\\\/ideiagraficaebrindes.com.br\\\/wp-content\\\/uploads\\\/2021\\\/06\\\/Caneta-Fibra-de-Bambu-Touch-com-Suporte-11875d1-1589465393.jpg\",\"width\":1000,\"height\":1000},{\"@type\":\"BreadcrumbList\",\"@id\":\"https:\\\/\\\/ideiagraficaebrindes.com.br\\\/en\\\/product\\\/caneta-fibra-de-bambu-touch-com-suporte\\\/#breadcrumb\",\"itemListElement\":[{\"@type\":\"ListItem\",\"position\":1,\"name\":\"In\u00edcio\",\"item\":\"https:\\\/\\\/ideiagraficaebrindes.com.br\\\/\"},{\"@type\":\"ListItem\",\"position\":2,\"name\":\"Loja\",\"item\":\"https:\\\/\\\/ideiagraficaebrindes.com.br\\\/loja\\\/\"},{\"@type\":\"ListItem\",\"position\":3,\"name\":\"Caneta Fibra de Bambu Touch com Suporte\"}]},{\"@type\":\"WebSite\",\"@id\":\"https:\\\/\\\/ideiagraficaebrindes.com.br\\\/#website\",\"url\":\"https:\\\/\\\/ideiagraficaebrindes.com.br\\\/\",\"name\":\"Ideia Gr\u00e1fica e Brindes\",\"description\":\"Brindes Personalizados e Impress\u00e3o em geral\",\"potentialAction\":[{\"@type\":\"SearchAction\",\"target\":{\"@type\":\"EntryPoint\",\"urlTemplate\":\"https:\\\/\\\/ideiagraficaebrindes.com.br\\\/?s={search_term_string}\"},\"query-input\":{\"@type\":\"PropertyValueSpecification\",\"valueRequired\":true,\"valueName\":\"search_term_string\"}}],\"inLanguage\":\"en-US\"}]}<\/script>\n<!-- \/ Yoast SEO plugin. -->","yoast_head_json":{"title":"Caneta Fibra de Bambu Touch com Suporte - Ideia Gr\u00e1fica e Brindes","robots":{"index":"index","follow":"follow","max-snippet":"max-snippet:-1","max-image-preview":"max-image-preview:large","max-video-preview":"max-video-preview:-1"},"canonical":"https:\/\/ideiagraficaebrindes.com.br\/en\/product\/caneta-fibra-de-bambu-touch-com-suporte\/","og_locale":"en_US","og_type":"article","og_title":"Caneta Fibra de Bambu Touch com Suporte - Ideia Gr\u00e1fica e Brindes","og_description":"Descri\u00e7\u00e3o:\u00a0Caneta fibra de bambu touch com suporte para celular. Clip aberto utilizado como suporte para o celular e parte superior com limpador de tela. Aciona por giro, carga esferogr\u00e1fica na cor azul.    Largura\u00a0:\u00a0 1,8 cm    Comprimento\u00a0:\u00a0 14,7 cm    Medidas aproximadas para grava\u00e7\u00e3o\u00a0(CxL):\u00a0 3,2 cm x 0,8 cm \u2013 Clip 4 cm x 0,8 cm    Peso aproximado\u00a0(g):\u00a0 12","og_url":"https:\/\/ideiagraficaebrindes.com.br\/en\/product\/caneta-fibra-de-bambu-touch-com-suporte\/","og_site_name":"Ideia Gr\u00e1fica e Brindes","article_modified_time":"2021-09-08T18:01:52+00:00","og_image":[{"width":1000,"height":1000,"url":"https:\/\/ideiagraficaebrindes.com.br\/wp-content\/uploads\/2021\/06\/Caneta-Fibra-de-Bambu-Touch-com-Suporte-11875d1-1589465393.jpg","type":"image\/jpeg"}],"twitter_card":"summary_large_image","twitter_misc":{"Est. reading time":"1 minute"},"schema":{"@context":"https:\/\/schema.org","@graph":[{"@type":"WebPage","@id":"https:\/\/ideiagraficaebrindes.com.br\/en\/product\/caneta-fibra-de-bambu-touch-com-suporte\/","url":"https:\/\/ideiagraficaebrindes.com.br\/en\/product\/caneta-fibra-de-bambu-touch-com-suporte\/","name":"Caneta Fibra de Bambu Touch com Suporte - Ideia Gr\u00e1fica e Brindes","isPartOf":{"@id":"https:\/\/ideiagraficaebrindes.com.br\/#website"},"primaryImageOfPage":{"@id":"https:\/\/ideiagraficaebrindes.com.br\/en\/product\/caneta-fibra-de-bambu-touch-com-suporte\/#primaryimage"},"image":{"@id":"https:\/\/ideiagraficaebrindes.com.br\/en\/product\/caneta-fibra-de-bambu-touch-com-suporte\/#primaryimage"},"thumbnailUrl":"https:\/\/ideiagraficaebrindes.com.br\/wp-content\/uploads\/2021\/06\/Caneta-Fibra-de-Bambu-Touch-com-Suporte-11875d1-1589465393.jpg","datePublished":"2021-06-18T21:48:01+00:00","dateModified":"2021-09-08T18:01:52+00:00","breadcrumb":{"@id":"https:\/\/ideiagraficaebrindes.com.br\/en\/product\/caneta-fibra-de-bambu-touch-com-suporte\/#breadcrumb"},"inLanguage":"en-US","potentialAction":[{"@type":"ReadAction","target":["https:\/\/ideiagraficaebrindes.com.br\/en\/product\/caneta-fibra-de-bambu-touch-com-suporte\/"]}]},{"@type":"ImageObject","inLanguage":"en-US","@id":"https:\/\/ideiagraficaebrindes.com.br\/en\/product\/caneta-fibra-de-bambu-touch-com-suporte\/#primaryimage","url":"https:\/\/ideiagraficaebrindes.com.br\/wp-content\/uploads\/2021\/06\/Caneta-Fibra-de-Bambu-Touch-com-Suporte-11875d1-1589465393.jpg","contentUrl":"https:\/\/ideiagraficaebrindes.com.br\/wp-content\/uploads\/2021\/06\/Caneta-Fibra-de-Bambu-Touch-com-Suporte-11875d1-1589465393.jpg","width":1000,"height":1000},{"@type":"BreadcrumbList","@id":"https:\/\/ideiagraficaebrindes.com.br\/en\/product\/caneta-fibra-de-bambu-touch-com-suporte\/#breadcrumb","itemListElement":[{"@type":"ListItem","position":1,"name":"In\u00edcio","item":"https:\/\/ideiagraficaebrindes.com.br\/"},{"@type":"ListItem","position":2,"name":"Loja","item":"https:\/\/ideiagraficaebrindes.com.br\/loja\/"},{"@type":"ListItem","position":3,"name":"Caneta Fibra de Bambu Touch com Suporte"}]},{"@type":"WebSite","@id":"https:\/\/ideiagraficaebrindes.com.br\/#website","url":"https:\/\/ideiagraficaebrindes.com.br\/","name":"Ideia Gr\u00e1fica e Brindes","description":"Brindes Personalizados e Impress\u00e3o em geral","potentialAction":[{"@type":"SearchAction","target":{"@type":"EntryPoint","urlTemplate":"https:\/\/ideiagraficaebrindes.com.br\/?s={search_term_string}"},"query-input":{"@type":"PropertyValueSpecification","valueRequired":true,"valueName":"search_term_string"}}],"inLanguage":"en-US"}]}},"_links":{"self":[{"href":"https:\/\/ideiagraficaebrindes.com.br\/en\/wp-json\/wp\/v2\/product\/4235","targetHints":{"allow":["GET"]}}],"collection":[{"href":"https:\/\/ideiagraficaebrindes.com.br\/en\/wp-json\/wp\/v2\/product"}],"about":[{"href":"https:\/\/ideiagraficaebrindes.com.br\/en\/wp-json\/wp\/v2\/types\/product"}],"replies":[{"embeddable":true,"href":"https:\/\/ideiagraficaebrindes.com.br\/en\/wp-json\/wp\/v2\/comments?post=4235"}],"wp:featuredmedia":[{"embeddable":true,"href":"https:\/\/ideiagraficaebrindes.com.br\/en\/wp-json\/wp\/v2\/media\/4237"}],"wp:attachment":[{"href":"https:\/\/ideiagraficaebrindes.com.br\/en\/wp-json\/wp\/v2\/media?parent=4235"}],"wp:term":[{"taxonomy":"product_brand","embeddable":true,"href":"https:\/\/ideiagraficaebrindes.com.br\/en\/wp-json\/wp\/v2\/product_brand?post=4235"},{"taxonomy":"product_cat","embeddable":true,"href":"https:\/\/ideiagraficaebrindes.com.br\/en\/wp-json\/wp\/v2\/product_cat?post=4235"},{"taxonomy":"product_tag","embeddable":true,"href":"https:\/\/ideiagraficaebrindes.com.br\/en\/wp-json\/wp\/v2\/product_tag?post=4235"}],"curies":[{"name":"wp","href":"https:\/\/api.w.org\/{rel}","templated":true}]}}