{"id":4223,"date":"2021-06-18T14:26:49","date_gmt":"2021-06-18T17:26:49","guid":{"rendered":"https:\/\/ideiagraficaebrindes.com.br\/?post_type=product&#038;p=4223"},"modified":"2022-08-30T15:37:46","modified_gmt":"2022-08-30T18:37:46","slug":"escova-com-espelho","status":"publish","type":"product","link":"https:\/\/ideiagraficaebrindes.com.br\/en\/product\/escova-com-espelho\/","title":{"rendered":"Escova com Espelho"},"content":{"rendered":"<div class=\"desc\">\n<p class=\"desc-tit\"><strong>Descri\u00e7\u00e3o:\u00a0<\/strong><span class=\"desc-sub my-desc-sub\">Escova com espelho redonda em pl\u00e1stico resistente. <\/span><\/p>\n<p class=\"desc-tit\"><span class=\"desc-sub my-desc-sub\">Parte superior plana e parte inferior emborracha com relevo, estando <\/span><\/p>\n<p class=\"desc-tit\"><span class=\"desc-sub my-desc-sub\">aberta a pe\u00e7a basta empurrar a parte emborrachada(lado de fora) para poder utilizar a escova.<\/span><\/p>\n<\/div>\n<div class=\"desc\">\n<p class=\"desc-tit\"><strong>Medidas aproximadas para grava\u00e7\u00e3o<\/strong><span class=\"desc-sub\"><strong>\u00a0(CxL):\u00a0<\/strong> 5,3 cm x 5,3 cm<\/span><\/p>\n<\/div>\n<div class=\"desc\">\n<p class=\"desc-tit\"><strong>Tamanho total aproximado\u00a0<\/strong><span class=\"desc-sub\"><strong>\u00a0(CxL):<\/strong>\u00a0 7,5 cm x 6,6 cm<\/span><\/p>\n<\/div>\n<div class=\"desc\">\n<p class=\"desc-tit\"><strong>Peso aproximado<\/strong><span class=\"desc-sub\"><strong>\u00a0(g):<\/strong>\u00a0 38<\/span><\/p>\n<\/div>","protected":false},"excerpt":{"rendered":"<div class=\"desc\">\n<p class=\"desc-tit\"><strong>Descri\u00e7\u00e3o:\u00a0<\/strong><span class=\"desc-sub my-desc-sub\">Escova com espelho redonda em pl\u00e1stico resistente. <\/span><\/p>\n<p class=\"desc-tit\"><span class=\"desc-sub my-desc-sub\">Parte superior plana e parte inferior emborracha com relevo, estando <\/span><\/p>\n<p class=\"desc-tit\"><span class=\"desc-sub my-desc-sub\">aberta a pe\u00e7a basta empurrar a parte emborrachada(lado de fora) para poder utilizar a escova.<\/span><\/p>\n<\/div>\n<div class=\"desc\">\n<p class=\"desc-tit\"><strong>Medidas aproximadas para grava\u00e7\u00e3o<\/strong><span class=\"desc-sub\"><strong>\u00a0(CxL):\u00a0<\/strong> 5,3 cm x 5,3 cm<\/span><\/p>\n<\/div>\n<div class=\"desc\">\n<p class=\"desc-tit\"><strong>Tamanho total aproximado\u00a0<\/strong><span class=\"desc-sub\"><strong>\u00a0(CxL):<\/strong>\u00a0 7,5 cm x 6,6 cm<\/span><\/p>\n<\/div>\n<div class=\"desc\">\n<p class=\"desc-tit\"><strong>Peso aproximado<\/strong><span class=\"desc-sub\"><strong>\u00a0(g):<\/strong>\u00a0 38<\/span><\/p>\n<\/div>","protected":false},"featured_media":4224,"comment_status":"open","ping_status":"closed","template":"","meta":{"_monsterinsights_skip_tracking":false,"_monsterinsights_sitenote_active":false,"_monsterinsights_sitenote_note":"","_monsterinsights_sitenote_category":0},"product_brand":[],"product_cat":[219,124],"product_tag":[123,122],"class_list":{"0":"post-4223","1":"product","2":"type-product","3":"status-publish","4":"has-post-thumbnail","6":"product_cat-brindes","7":"product_cat-linha-feminina","8":"product_tag-espelho-de-bolso","9":"product_tag-linha-feminina","11":"first","12":"instock","13":"shipping-taxable","14":"purchasable","15":"product-type-simple"},"yoast_head":"<!-- This site is optimized with the Yoast SEO plugin v27.4 - https:\/\/yoast.com\/product\/yoast-seo-wordpress\/ -->\n<title>Escova com Espelho - Ideia Gr\u00e1fica e Brindes<\/title>\n<meta name=\"robots\" content=\"index, follow, max-snippet:-1, max-image-preview:large, max-video-preview:-1\" \/>\n<link rel=\"canonical\" href=\"https:\/\/ideiagraficaebrindes.com.br\/en\/product\/escova-com-espelho\/\" \/>\n<meta property=\"og:locale\" content=\"en_US\" \/>\n<meta property=\"og:type\" content=\"article\" \/>\n<meta property=\"og:title\" content=\"Escova com Espelho - Ideia Gr\u00e1fica e Brindes\" \/>\n<meta property=\"og:description\" content=\"Descri\u00e7\u00e3o:\u00a0Escova com espelho redonda em pl\u00e1stico resistente.  Parte superior plana e parte inferior emborracha com relevo, estando  aberta a pe\u00e7a basta empurrar a parte emborrachada(lado de fora) para poder utilizar a escova.    Medidas aproximadas para grava\u00e7\u00e3o\u00a0(CxL):\u00a0 5,3 cm x 5,3 cm    Tamanho total aproximado\u00a0\u00a0(CxL):\u00a0 7,5 cm x 6,6 cm    Peso aproximado\u00a0(g):\u00a0 38\" \/>\n<meta property=\"og:url\" content=\"https:\/\/ideiagraficaebrindes.com.br\/en\/product\/escova-com-espelho\/\" \/>\n<meta property=\"og:site_name\" content=\"Ideia Gr\u00e1fica e Brindes\" \/>\n<meta property=\"article:modified_time\" content=\"2022-08-30T18:37:46+00:00\" \/>\n<meta property=\"og:image\" content=\"https:\/\/ideiagraficaebrindes.com.br\/wp-content\/uploads\/2021\/06\/capa-2.jpg\" \/>\n\t<meta property=\"og:image:width\" content=\"1084\" \/>\n\t<meta property=\"og:image:height\" content=\"1084\" \/>\n\t<meta property=\"og:image:type\" content=\"image\/jpeg\" \/>\n<meta name=\"twitter:card\" content=\"summary_large_image\" \/>\n<meta name=\"twitter:label1\" content=\"Est. reading time\" \/>\n\t<meta name=\"twitter:data1\" content=\"1 minute\" \/>\n<script type=\"application\/ld+json\" class=\"yoast-schema-graph\">{\"@context\":\"https:\\\/\\\/schema.org\",\"@graph\":[{\"@type\":\"WebPage\",\"@id\":\"https:\\\/\\\/ideiagraficaebrindes.com.br\\\/produto\\\/escova-com-espelho\\\/\",\"url\":\"https:\\\/\\\/ideiagraficaebrindes.com.br\\\/produto\\\/escova-com-espelho\\\/\",\"name\":\"Escova com Espelho - Ideia Gr\u00e1fica e Brindes\",\"isPartOf\":{\"@id\":\"https:\\\/\\\/ideiagraficaebrindes.com.br\\\/#website\"},\"primaryImageOfPage\":{\"@id\":\"https:\\\/\\\/ideiagraficaebrindes.com.br\\\/produto\\\/escova-com-espelho\\\/#primaryimage\"},\"image\":{\"@id\":\"https:\\\/\\\/ideiagraficaebrindes.com.br\\\/produto\\\/escova-com-espelho\\\/#primaryimage\"},\"thumbnailUrl\":\"https:\\\/\\\/ideiagraficaebrindes.com.br\\\/wp-content\\\/uploads\\\/2021\\\/06\\\/capa-2.jpg\",\"datePublished\":\"2021-06-18T17:26:49+00:00\",\"dateModified\":\"2022-08-30T18:37:46+00:00\",\"breadcrumb\":{\"@id\":\"https:\\\/\\\/ideiagraficaebrindes.com.br\\\/produto\\\/escova-com-espelho\\\/#breadcrumb\"},\"inLanguage\":\"en-US\",\"potentialAction\":[{\"@type\":\"ReadAction\",\"target\":[\"https:\\\/\\\/ideiagraficaebrindes.com.br\\\/produto\\\/escova-com-espelho\\\/\"]}]},{\"@type\":\"ImageObject\",\"inLanguage\":\"en-US\",\"@id\":\"https:\\\/\\\/ideiagraficaebrindes.com.br\\\/produto\\\/escova-com-espelho\\\/#primaryimage\",\"url\":\"https:\\\/\\\/ideiagraficaebrindes.com.br\\\/wp-content\\\/uploads\\\/2021\\\/06\\\/capa-2.jpg\",\"contentUrl\":\"https:\\\/\\\/ideiagraficaebrindes.com.br\\\/wp-content\\\/uploads\\\/2021\\\/06\\\/capa-2.jpg\",\"width\":1084,\"height\":1084},{\"@type\":\"BreadcrumbList\",\"@id\":\"https:\\\/\\\/ideiagraficaebrindes.com.br\\\/produto\\\/escova-com-espelho\\\/#breadcrumb\",\"itemListElement\":[{\"@type\":\"ListItem\",\"position\":1,\"name\":\"In\u00edcio\",\"item\":\"https:\\\/\\\/ideiagraficaebrindes.com.br\\\/\"},{\"@type\":\"ListItem\",\"position\":2,\"name\":\"Loja\",\"item\":\"https:\\\/\\\/ideiagraficaebrindes.com.br\\\/loja\\\/\"},{\"@type\":\"ListItem\",\"position\":3,\"name\":\"Escova com Espelho\"}]},{\"@type\":\"WebSite\",\"@id\":\"https:\\\/\\\/ideiagraficaebrindes.com.br\\\/#website\",\"url\":\"https:\\\/\\\/ideiagraficaebrindes.com.br\\\/\",\"name\":\"Ideia Gr\u00e1fica e Brindes\",\"description\":\"Brindes Personalizados e Impress\u00e3o em geral\",\"potentialAction\":[{\"@type\":\"SearchAction\",\"target\":{\"@type\":\"EntryPoint\",\"urlTemplate\":\"https:\\\/\\\/ideiagraficaebrindes.com.br\\\/?s={search_term_string}\"},\"query-input\":{\"@type\":\"PropertyValueSpecification\",\"valueRequired\":true,\"valueName\":\"search_term_string\"}}],\"inLanguage\":\"en-US\"}]}<\/script>\n<!-- \/ Yoast SEO plugin. -->","yoast_head_json":{"title":"Escova com Espelho - Ideia Gr\u00e1fica e Brindes","robots":{"index":"index","follow":"follow","max-snippet":"max-snippet:-1","max-image-preview":"max-image-preview:large","max-video-preview":"max-video-preview:-1"},"canonical":"https:\/\/ideiagraficaebrindes.com.br\/en\/product\/escova-com-espelho\/","og_locale":"en_US","og_type":"article","og_title":"Escova com Espelho - Ideia Gr\u00e1fica e Brindes","og_description":"Descri\u00e7\u00e3o:\u00a0Escova com espelho redonda em pl\u00e1stico resistente.  Parte superior plana e parte inferior emborracha com relevo, estando  aberta a pe\u00e7a basta empurrar a parte emborrachada(lado de fora) para poder utilizar a escova.    Medidas aproximadas para grava\u00e7\u00e3o\u00a0(CxL):\u00a0 5,3 cm x 5,3 cm    Tamanho total aproximado\u00a0\u00a0(CxL):\u00a0 7,5 cm x 6,6 cm    Peso aproximado\u00a0(g):\u00a0 38","og_url":"https:\/\/ideiagraficaebrindes.com.br\/en\/product\/escova-com-espelho\/","og_site_name":"Ideia Gr\u00e1fica e Brindes","article_modified_time":"2022-08-30T18:37:46+00:00","og_image":[{"width":1084,"height":1084,"url":"https:\/\/ideiagraficaebrindes.com.br\/wp-content\/uploads\/2021\/06\/capa-2.jpg","type":"image\/jpeg"}],"twitter_card":"summary_large_image","twitter_misc":{"Est. reading time":"1 minute"},"schema":{"@context":"https:\/\/schema.org","@graph":[{"@type":"WebPage","@id":"https:\/\/ideiagraficaebrindes.com.br\/produto\/escova-com-espelho\/","url":"https:\/\/ideiagraficaebrindes.com.br\/produto\/escova-com-espelho\/","name":"Escova com Espelho - Ideia Gr\u00e1fica e Brindes","isPartOf":{"@id":"https:\/\/ideiagraficaebrindes.com.br\/#website"},"primaryImageOfPage":{"@id":"https:\/\/ideiagraficaebrindes.com.br\/produto\/escova-com-espelho\/#primaryimage"},"image":{"@id":"https:\/\/ideiagraficaebrindes.com.br\/produto\/escova-com-espelho\/#primaryimage"},"thumbnailUrl":"https:\/\/ideiagraficaebrindes.com.br\/wp-content\/uploads\/2021\/06\/capa-2.jpg","datePublished":"2021-06-18T17:26:49+00:00","dateModified":"2022-08-30T18:37:46+00:00","breadcrumb":{"@id":"https:\/\/ideiagraficaebrindes.com.br\/produto\/escova-com-espelho\/#breadcrumb"},"inLanguage":"en-US","potentialAction":[{"@type":"ReadAction","target":["https:\/\/ideiagraficaebrindes.com.br\/produto\/escova-com-espelho\/"]}]},{"@type":"ImageObject","inLanguage":"en-US","@id":"https:\/\/ideiagraficaebrindes.com.br\/produto\/escova-com-espelho\/#primaryimage","url":"https:\/\/ideiagraficaebrindes.com.br\/wp-content\/uploads\/2021\/06\/capa-2.jpg","contentUrl":"https:\/\/ideiagraficaebrindes.com.br\/wp-content\/uploads\/2021\/06\/capa-2.jpg","width":1084,"height":1084},{"@type":"BreadcrumbList","@id":"https:\/\/ideiagraficaebrindes.com.br\/produto\/escova-com-espelho\/#breadcrumb","itemListElement":[{"@type":"ListItem","position":1,"name":"In\u00edcio","item":"https:\/\/ideiagraficaebrindes.com.br\/"},{"@type":"ListItem","position":2,"name":"Loja","item":"https:\/\/ideiagraficaebrindes.com.br\/loja\/"},{"@type":"ListItem","position":3,"name":"Escova com Espelho"}]},{"@type":"WebSite","@id":"https:\/\/ideiagraficaebrindes.com.br\/#website","url":"https:\/\/ideiagraficaebrindes.com.br\/","name":"Ideia Gr\u00e1fica e Brindes","description":"Brindes Personalizados e Impress\u00e3o em geral","potentialAction":[{"@type":"SearchAction","target":{"@type":"EntryPoint","urlTemplate":"https:\/\/ideiagraficaebrindes.com.br\/?s={search_term_string}"},"query-input":{"@type":"PropertyValueSpecification","valueRequired":true,"valueName":"search_term_string"}}],"inLanguage":"en-US"}]}},"_links":{"self":[{"href":"https:\/\/ideiagraficaebrindes.com.br\/en\/wp-json\/wp\/v2\/product\/4223","targetHints":{"allow":["GET"]}}],"collection":[{"href":"https:\/\/ideiagraficaebrindes.com.br\/en\/wp-json\/wp\/v2\/product"}],"about":[{"href":"https:\/\/ideiagraficaebrindes.com.br\/en\/wp-json\/wp\/v2\/types\/product"}],"replies":[{"embeddable":true,"href":"https:\/\/ideiagraficaebrindes.com.br\/en\/wp-json\/wp\/v2\/comments?post=4223"}],"wp:featuredmedia":[{"embeddable":true,"href":"https:\/\/ideiagraficaebrindes.com.br\/en\/wp-json\/wp\/v2\/media\/4224"}],"wp:attachment":[{"href":"https:\/\/ideiagraficaebrindes.com.br\/en\/wp-json\/wp\/v2\/media?parent=4223"}],"wp:term":[{"taxonomy":"product_brand","embeddable":true,"href":"https:\/\/ideiagraficaebrindes.com.br\/en\/wp-json\/wp\/v2\/product_brand?post=4223"},{"taxonomy":"product_cat","embeddable":true,"href":"https:\/\/ideiagraficaebrindes.com.br\/en\/wp-json\/wp\/v2\/product_cat?post=4223"},{"taxonomy":"product_tag","embeddable":true,"href":"https:\/\/ideiagraficaebrindes.com.br\/en\/wp-json\/wp\/v2\/product_tag?post=4223"}],"curies":[{"name":"wp","href":"https:\/\/api.w.org\/{rel}","templated":true}]}}