{"id":4205,"date":"2021-06-17T20:01:07","date_gmt":"2021-06-17T23:01:07","guid":{"rendered":"https:\/\/ideiagraficaebrindes.com.br\/?post_type=product&#038;p=4205"},"modified":"2021-09-08T15:01:29","modified_gmt":"2021-09-08T18:01:29","slug":"caderno-capa-dura-eco","status":"publish","type":"product","link":"https:\/\/ideiagraficaebrindes.com.br\/en\/product\/caderno-capa-dura-eco\/","title":{"rendered":"Caderno Capa Dura Eco"},"content":{"rendered":"<p>Caderno capa dura.<br \/>\nCart\u00e3o. Com 60 folhas n\u00e3o pautadas de papel reciclado.<br \/>\nTamanho: 105 x 145 mm<\/p>","protected":false},"excerpt":{"rendered":"<p>Caderno capa dura.<br \/>\nCart\u00e3o. Com 60 folhas n\u00e3o pautadas de papel reciclado.<br \/>\nTamanho: 105 x 145 mm<\/p>","protected":false},"featured_media":4209,"comment_status":"open","ping_status":"closed","template":"","meta":{"_monsterinsights_skip_tracking":false,"_monsterinsights_sitenote_active":false,"_monsterinsights_sitenote_note":"","_monsterinsights_sitenote_category":0},"product_brand":[],"product_cat":[196,219,198,113],"product_tag":[111,119,110],"class_list":{"0":"post-4205","1":"product","2":"type-product","3":"status-publish","4":"has-post-thumbnail","6":"product_cat-blocos-e-cadernetas","7":"product_cat-brindes","8":"product_cat-escritorio","9":"product_cat-linha-eco","10":"product_tag-brindes-ecologico","11":"product_tag-caderno","12":"product_tag-linha-ecologica","14":"first","15":"instock","16":"shipping-taxable","17":"product-type-simple"},"yoast_head":"<!-- This site is optimized with the Yoast SEO plugin v27.4 - https:\/\/yoast.com\/product\/yoast-seo-wordpress\/ -->\n<title>Caderno Capa Dura Eco - Ideia Gr\u00e1fica e Brindes<\/title>\n<meta name=\"robots\" content=\"index, follow, max-snippet:-1, max-image-preview:large, max-video-preview:-1\" \/>\n<link rel=\"canonical\" href=\"https:\/\/ideiagraficaebrindes.com.br\/en\/product\/caderno-capa-dura-eco\/\" \/>\n<meta property=\"og:locale\" content=\"en_US\" \/>\n<meta property=\"og:type\" content=\"article\" \/>\n<meta property=\"og:title\" content=\"Caderno Capa Dura Eco - Ideia Gr\u00e1fica e Brindes\" \/>\n<meta property=\"og:description\" content=\"Caderno capa dura. Cart\u00e3o. Com 60 folhas n\u00e3o pautadas de papel reciclado. Tamanho: 105 x 145 mm\" \/>\n<meta property=\"og:url\" content=\"https:\/\/ideiagraficaebrindes.com.br\/en\/product\/caderno-capa-dura-eco\/\" \/>\n<meta property=\"og:site_name\" content=\"Ideia Gr\u00e1fica e Brindes\" \/>\n<meta property=\"article:modified_time\" content=\"2021-09-08T18:01:29+00:00\" \/>\n<meta property=\"og:image\" content=\"https:\/\/ideiagraficaebrindes.com.br\/wp-content\/uploads\/2021\/06\/93428_119-logo.jpg\" \/>\n\t<meta property=\"og:image:width\" content=\"1000\" \/>\n\t<meta property=\"og:image:height\" content=\"1000\" \/>\n\t<meta property=\"og:image:type\" content=\"image\/jpeg\" \/>\n<meta name=\"twitter:card\" content=\"summary_large_image\" \/>\n<meta name=\"twitter:label1\" content=\"Est. reading time\" \/>\n\t<meta name=\"twitter:data1\" content=\"1 minute\" \/>\n<script type=\"application\/ld+json\" class=\"yoast-schema-graph\">{\"@context\":\"https:\\\/\\\/schema.org\",\"@graph\":[{\"@type\":\"WebPage\",\"@id\":\"https:\\\/\\\/ideiagraficaebrindes.com.br\\\/produto\\\/caderno-capa-dura-eco\\\/\",\"url\":\"https:\\\/\\\/ideiagraficaebrindes.com.br\\\/produto\\\/caderno-capa-dura-eco\\\/\",\"name\":\"Caderno Capa Dura Eco - Ideia Gr\u00e1fica e Brindes\",\"isPartOf\":{\"@id\":\"https:\\\/\\\/ideiagraficaebrindes.com.br\\\/#website\"},\"primaryImageOfPage\":{\"@id\":\"https:\\\/\\\/ideiagraficaebrindes.com.br\\\/produto\\\/caderno-capa-dura-eco\\\/#primaryimage\"},\"image\":{\"@id\":\"https:\\\/\\\/ideiagraficaebrindes.com.br\\\/produto\\\/caderno-capa-dura-eco\\\/#primaryimage\"},\"thumbnailUrl\":\"https:\\\/\\\/ideiagraficaebrindes.com.br\\\/wp-content\\\/uploads\\\/2021\\\/06\\\/93428_119-logo.jpg\",\"datePublished\":\"2021-06-17T23:01:07+00:00\",\"dateModified\":\"2021-09-08T18:01:29+00:00\",\"breadcrumb\":{\"@id\":\"https:\\\/\\\/ideiagraficaebrindes.com.br\\\/produto\\\/caderno-capa-dura-eco\\\/#breadcrumb\"},\"inLanguage\":\"en-US\",\"potentialAction\":[{\"@type\":\"ReadAction\",\"target\":[\"https:\\\/\\\/ideiagraficaebrindes.com.br\\\/produto\\\/caderno-capa-dura-eco\\\/\"]}]},{\"@type\":\"ImageObject\",\"inLanguage\":\"en-US\",\"@id\":\"https:\\\/\\\/ideiagraficaebrindes.com.br\\\/produto\\\/caderno-capa-dura-eco\\\/#primaryimage\",\"url\":\"https:\\\/\\\/ideiagraficaebrindes.com.br\\\/wp-content\\\/uploads\\\/2021\\\/06\\\/93428_119-logo.jpg\",\"contentUrl\":\"https:\\\/\\\/ideiagraficaebrindes.com.br\\\/wp-content\\\/uploads\\\/2021\\\/06\\\/93428_119-logo.jpg\",\"width\":1000,\"height\":1000},{\"@type\":\"BreadcrumbList\",\"@id\":\"https:\\\/\\\/ideiagraficaebrindes.com.br\\\/produto\\\/caderno-capa-dura-eco\\\/#breadcrumb\",\"itemListElement\":[{\"@type\":\"ListItem\",\"position\":1,\"name\":\"In\u00edcio\",\"item\":\"https:\\\/\\\/ideiagraficaebrindes.com.br\\\/\"},{\"@type\":\"ListItem\",\"position\":2,\"name\":\"Loja\",\"item\":\"https:\\\/\\\/ideiagraficaebrindes.com.br\\\/loja\\\/\"},{\"@type\":\"ListItem\",\"position\":3,\"name\":\"Caderno Capa Dura Eco\"}]},{\"@type\":\"WebSite\",\"@id\":\"https:\\\/\\\/ideiagraficaebrindes.com.br\\\/#website\",\"url\":\"https:\\\/\\\/ideiagraficaebrindes.com.br\\\/\",\"name\":\"Ideia Gr\u00e1fica e Brindes\",\"description\":\"Brindes Personalizados e Impress\u00e3o em geral\",\"potentialAction\":[{\"@type\":\"SearchAction\",\"target\":{\"@type\":\"EntryPoint\",\"urlTemplate\":\"https:\\\/\\\/ideiagraficaebrindes.com.br\\\/?s={search_term_string}\"},\"query-input\":{\"@type\":\"PropertyValueSpecification\",\"valueRequired\":true,\"valueName\":\"search_term_string\"}}],\"inLanguage\":\"en-US\"}]}<\/script>\n<!-- \/ Yoast SEO plugin. -->","yoast_head_json":{"title":"Caderno Capa Dura Eco - Ideia Gr\u00e1fica e Brindes","robots":{"index":"index","follow":"follow","max-snippet":"max-snippet:-1","max-image-preview":"max-image-preview:large","max-video-preview":"max-video-preview:-1"},"canonical":"https:\/\/ideiagraficaebrindes.com.br\/en\/product\/caderno-capa-dura-eco\/","og_locale":"en_US","og_type":"article","og_title":"Caderno Capa Dura Eco - Ideia Gr\u00e1fica e Brindes","og_description":"Caderno capa dura. Cart\u00e3o. Com 60 folhas n\u00e3o pautadas de papel reciclado. Tamanho: 105 x 145 mm","og_url":"https:\/\/ideiagraficaebrindes.com.br\/en\/product\/caderno-capa-dura-eco\/","og_site_name":"Ideia Gr\u00e1fica e Brindes","article_modified_time":"2021-09-08T18:01:29+00:00","og_image":[{"width":1000,"height":1000,"url":"https:\/\/ideiagraficaebrindes.com.br\/wp-content\/uploads\/2021\/06\/93428_119-logo.jpg","type":"image\/jpeg"}],"twitter_card":"summary_large_image","twitter_misc":{"Est. reading time":"1 minute"},"schema":{"@context":"https:\/\/schema.org","@graph":[{"@type":"WebPage","@id":"https:\/\/ideiagraficaebrindes.com.br\/produto\/caderno-capa-dura-eco\/","url":"https:\/\/ideiagraficaebrindes.com.br\/produto\/caderno-capa-dura-eco\/","name":"Caderno Capa Dura Eco - Ideia Gr\u00e1fica e Brindes","isPartOf":{"@id":"https:\/\/ideiagraficaebrindes.com.br\/#website"},"primaryImageOfPage":{"@id":"https:\/\/ideiagraficaebrindes.com.br\/produto\/caderno-capa-dura-eco\/#primaryimage"},"image":{"@id":"https:\/\/ideiagraficaebrindes.com.br\/produto\/caderno-capa-dura-eco\/#primaryimage"},"thumbnailUrl":"https:\/\/ideiagraficaebrindes.com.br\/wp-content\/uploads\/2021\/06\/93428_119-logo.jpg","datePublished":"2021-06-17T23:01:07+00:00","dateModified":"2021-09-08T18:01:29+00:00","breadcrumb":{"@id":"https:\/\/ideiagraficaebrindes.com.br\/produto\/caderno-capa-dura-eco\/#breadcrumb"},"inLanguage":"en-US","potentialAction":[{"@type":"ReadAction","target":["https:\/\/ideiagraficaebrindes.com.br\/produto\/caderno-capa-dura-eco\/"]}]},{"@type":"ImageObject","inLanguage":"en-US","@id":"https:\/\/ideiagraficaebrindes.com.br\/produto\/caderno-capa-dura-eco\/#primaryimage","url":"https:\/\/ideiagraficaebrindes.com.br\/wp-content\/uploads\/2021\/06\/93428_119-logo.jpg","contentUrl":"https:\/\/ideiagraficaebrindes.com.br\/wp-content\/uploads\/2021\/06\/93428_119-logo.jpg","width":1000,"height":1000},{"@type":"BreadcrumbList","@id":"https:\/\/ideiagraficaebrindes.com.br\/produto\/caderno-capa-dura-eco\/#breadcrumb","itemListElement":[{"@type":"ListItem","position":1,"name":"In\u00edcio","item":"https:\/\/ideiagraficaebrindes.com.br\/"},{"@type":"ListItem","position":2,"name":"Loja","item":"https:\/\/ideiagraficaebrindes.com.br\/loja\/"},{"@type":"ListItem","position":3,"name":"Caderno Capa Dura Eco"}]},{"@type":"WebSite","@id":"https:\/\/ideiagraficaebrindes.com.br\/#website","url":"https:\/\/ideiagraficaebrindes.com.br\/","name":"Ideia Gr\u00e1fica e Brindes","description":"Brindes Personalizados e Impress\u00e3o em geral","potentialAction":[{"@type":"SearchAction","target":{"@type":"EntryPoint","urlTemplate":"https:\/\/ideiagraficaebrindes.com.br\/?s={search_term_string}"},"query-input":{"@type":"PropertyValueSpecification","valueRequired":true,"valueName":"search_term_string"}}],"inLanguage":"en-US"}]}},"_links":{"self":[{"href":"https:\/\/ideiagraficaebrindes.com.br\/en\/wp-json\/wp\/v2\/product\/4205","targetHints":{"allow":["GET"]}}],"collection":[{"href":"https:\/\/ideiagraficaebrindes.com.br\/en\/wp-json\/wp\/v2\/product"}],"about":[{"href":"https:\/\/ideiagraficaebrindes.com.br\/en\/wp-json\/wp\/v2\/types\/product"}],"replies":[{"embeddable":true,"href":"https:\/\/ideiagraficaebrindes.com.br\/en\/wp-json\/wp\/v2\/comments?post=4205"}],"wp:featuredmedia":[{"embeddable":true,"href":"https:\/\/ideiagraficaebrindes.com.br\/en\/wp-json\/wp\/v2\/media\/4209"}],"wp:attachment":[{"href":"https:\/\/ideiagraficaebrindes.com.br\/en\/wp-json\/wp\/v2\/media?parent=4205"}],"wp:term":[{"taxonomy":"product_brand","embeddable":true,"href":"https:\/\/ideiagraficaebrindes.com.br\/en\/wp-json\/wp\/v2\/product_brand?post=4205"},{"taxonomy":"product_cat","embeddable":true,"href":"https:\/\/ideiagraficaebrindes.com.br\/en\/wp-json\/wp\/v2\/product_cat?post=4205"},{"taxonomy":"product_tag","embeddable":true,"href":"https:\/\/ideiagraficaebrindes.com.br\/en\/wp-json\/wp\/v2\/product_tag?post=4205"}],"curies":[{"name":"wp","href":"https:\/\/api.w.org\/{rel}","templated":true}]}}