{"id":3555,"date":"2021-06-16T19:47:55","date_gmt":"2021-06-16T22:47:55","guid":{"rendered":"https:\/\/ideiagraficaebrindes.com.br\/?post_type=product&#038;p=3555"},"modified":"2021-07-13T09:27:01","modified_gmt":"2021-07-13T12:27:01","slug":"bloco-de-anotacoes-com-caneta","status":"publish","type":"product","link":"https:\/\/ideiagraficaebrindes.com.br\/en\/product\/bloco-de-anotacoes-com-caneta\/","title":{"rendered":"Bloco de Anota\u00e7\u00f5es com Caneta"},"content":{"rendered":"<p><strong>Descri\u00e7\u00e3o:\u00a0<\/strong><span class=\"desc-sub my-desc-sub\">Bloco de anota\u00e7\u00f5es com caneta e suporte para encaixe, bloco com wire-o<br \/>\ne caneta pl\u00e1stica com detalhe emborrachado, carga esferogr\u00e1fica na cor azul e acionamento por clique.<\/p>\n<p><\/span><\/p>\n<p><strong>CARACTER\u00cdSTICAS T\u00c9CNICAS<\/strong><\/p>\n<p><strong>Material:<\/strong> Pl\u00e1stico<\/p>\n<p><strong>Bloco (A x L):<\/strong> 16,1 cm x 14,8 cm<\/p>\n<p><strong>Medidas para grava\u00e7\u00e3o (A x L):<\/strong> 1,2 cm x 3,8 cm<\/p>\n<p><strong>Caneta (C x L):<\/strong> 13,4 cm x 1,7 cm<\/p>\n<p><strong>Peso:<\/strong> 146 g<\/p>\n<p><strong>Miolo:<\/strong> 70 folhas pautadas<\/p>\n<p>&nbsp;<\/p>","protected":false},"excerpt":{"rendered":"<p><strong>Descri\u00e7\u00e3o:\u00a0<\/strong><span class=\"desc-sub my-desc-sub\">Bloco de anota\u00e7\u00f5es com caneta e suporte para encaixe, bloco com wire-o<br \/>\ne caneta pl\u00e1stica com detalhe emborrachado, carga esferogr\u00e1fica na cor azul e acionamento por clique.<\/p>\n<p><\/span><\/p>\n<p><strong>CARACTER\u00cdSTICAS T\u00c9CNICAS<\/strong><\/p>\n<p><strong>Material:<\/strong> Pl\u00e1stico<\/p>\n<p><strong>Bloco (A x L):<\/strong> 16,1 cm x 14,8 cm<\/p>\n<p><strong>Medidas para grava\u00e7\u00e3o (A x L):<\/strong> 1,2 cm x 3,8 cm<\/p>\n<p><strong>Caneta (C x L):<\/strong> 13,4 cm x 1,7 cm<\/p>\n<p><strong>Peso:<\/strong> 146 g<\/p>\n<p><strong>Miolo:<\/strong> 70 folhas pautadas<\/p>\n<p>&nbsp;<\/p>","protected":false},"featured_media":3558,"comment_status":"open","ping_status":"closed","template":"","meta":{"_monsterinsights_skip_tracking":false,"_monsterinsights_sitenote_active":false,"_monsterinsights_sitenote_note":"","_monsterinsights_sitenote_category":0},"product_brand":[],"product_cat":[196,219,198],"product_tag":[100,109,108,114],"class_list":{"0":"post-3555","1":"product","2":"type-product","3":"status-publish","4":"has-post-thumbnail","6":"product_cat-blocos-e-cadernetas","7":"product_cat-brindes","8":"product_cat-escritorio","9":"product_tag-blocos","10":"product_tag-blocos-com-caneta","11":"product_tag-blocos-e-cadernetas","12":"product_tag-cadernetas","14":"first","15":"instock","16":"sold-individually","17":"shipping-taxable","18":"purchasable","19":"product-type-simple"},"yoast_head":"<!-- This site is optimized with the Yoast SEO plugin v27.4 - https:\/\/yoast.com\/product\/yoast-seo-wordpress\/ -->\n<title>Bloco de Anota\u00e7\u00f5es com Caneta - Ideia Gr\u00e1fica e Brindes<\/title>\n<meta name=\"robots\" content=\"index, follow, max-snippet:-1, max-image-preview:large, max-video-preview:-1\" \/>\n<link rel=\"canonical\" href=\"https:\/\/ideiagraficaebrindes.com.br\/en\/product\/bloco-de-anotacoes-com-caneta\/\" \/>\n<meta property=\"og:locale\" content=\"en_US\" \/>\n<meta property=\"og:type\" content=\"article\" \/>\n<meta property=\"og:title\" content=\"Bloco de Anota\u00e7\u00f5es com Caneta - Ideia Gr\u00e1fica e Brindes\" \/>\n<meta property=\"og:description\" content=\"Descri\u00e7\u00e3o:\u00a0Bloco de anota\u00e7\u00f5es com caneta e suporte para encaixe, bloco com wire-o e caneta pl\u00e1stica com detalhe emborrachado, carga esferogr\u00e1fica na cor azul e acionamento por clique.    CARACTER\u00cdSTICAS T\u00c9CNICAS  Material: Pl\u00e1stico  Bloco (A x L): 16,1 cm x 14,8 cm  Medidas para grava\u00e7\u00e3o (A x L): 1,2 cm x 3,8 cm  Caneta (C x L): 13,4 cm x 1,7 cm  Peso: 146 g  Miolo: 70 folhas pautadas  &nbsp;\" \/>\n<meta property=\"og:url\" content=\"https:\/\/ideiagraficaebrindes.com.br\/en\/product\/bloco-de-anotacoes-com-caneta\/\" \/>\n<meta property=\"og:site_name\" content=\"Ideia Gr\u00e1fica e Brindes\" \/>\n<meta property=\"article:modified_time\" content=\"2021-07-13T12:27:01+00:00\" \/>\n<meta property=\"og:image\" content=\"https:\/\/ideiagraficaebrindes.com.br\/wp-content\/uploads\/2021\/06\/Bloco-de-anotacoes-com-caneta-795-1475166552-scaled.jpg\" \/>\n\t<meta property=\"og:image:width\" content=\"2560\" \/>\n\t<meta property=\"og:image:height\" content=\"2560\" \/>\n\t<meta property=\"og:image:type\" content=\"image\/jpeg\" \/>\n<meta name=\"twitter:card\" content=\"summary_large_image\" \/>\n<meta name=\"twitter:label1\" content=\"Est. reading time\" \/>\n\t<meta name=\"twitter:data1\" content=\"1 minute\" \/>\n<script type=\"application\/ld+json\" class=\"yoast-schema-graph\">{\"@context\":\"https:\\\/\\\/schema.org\",\"@graph\":[{\"@type\":\"WebPage\",\"@id\":\"https:\\\/\\\/ideiagraficaebrindes.com.br\\\/produto\\\/bloco-de-anotacoes-com-caneta\\\/\",\"url\":\"https:\\\/\\\/ideiagraficaebrindes.com.br\\\/produto\\\/bloco-de-anotacoes-com-caneta\\\/\",\"name\":\"Bloco de Anota\u00e7\u00f5es com Caneta - Ideia Gr\u00e1fica e Brindes\",\"isPartOf\":{\"@id\":\"https:\\\/\\\/ideiagraficaebrindes.com.br\\\/#website\"},\"primaryImageOfPage\":{\"@id\":\"https:\\\/\\\/ideiagraficaebrindes.com.br\\\/produto\\\/bloco-de-anotacoes-com-caneta\\\/#primaryimage\"},\"image\":{\"@id\":\"https:\\\/\\\/ideiagraficaebrindes.com.br\\\/produto\\\/bloco-de-anotacoes-com-caneta\\\/#primaryimage\"},\"thumbnailUrl\":\"https:\\\/\\\/ideiagraficaebrindes.com.br\\\/wp-content\\\/uploads\\\/2021\\\/06\\\/Bloco-de-anotacoes-com-caneta-795-1475166552-scaled.jpg\",\"datePublished\":\"2021-06-16T22:47:55+00:00\",\"dateModified\":\"2021-07-13T12:27:01+00:00\",\"breadcrumb\":{\"@id\":\"https:\\\/\\\/ideiagraficaebrindes.com.br\\\/produto\\\/bloco-de-anotacoes-com-caneta\\\/#breadcrumb\"},\"inLanguage\":\"en-US\",\"potentialAction\":[{\"@type\":\"ReadAction\",\"target\":[\"https:\\\/\\\/ideiagraficaebrindes.com.br\\\/produto\\\/bloco-de-anotacoes-com-caneta\\\/\"]}]},{\"@type\":\"ImageObject\",\"inLanguage\":\"en-US\",\"@id\":\"https:\\\/\\\/ideiagraficaebrindes.com.br\\\/produto\\\/bloco-de-anotacoes-com-caneta\\\/#primaryimage\",\"url\":\"https:\\\/\\\/ideiagraficaebrindes.com.br\\\/wp-content\\\/uploads\\\/2021\\\/06\\\/Bloco-de-anotacoes-com-caneta-795-1475166552-scaled.jpg\",\"contentUrl\":\"https:\\\/\\\/ideiagraficaebrindes.com.br\\\/wp-content\\\/uploads\\\/2021\\\/06\\\/Bloco-de-anotacoes-com-caneta-795-1475166552-scaled.jpg\",\"width\":2560,\"height\":2560},{\"@type\":\"BreadcrumbList\",\"@id\":\"https:\\\/\\\/ideiagraficaebrindes.com.br\\\/produto\\\/bloco-de-anotacoes-com-caneta\\\/#breadcrumb\",\"itemListElement\":[{\"@type\":\"ListItem\",\"position\":1,\"name\":\"In\u00edcio\",\"item\":\"https:\\\/\\\/ideiagraficaebrindes.com.br\\\/\"},{\"@type\":\"ListItem\",\"position\":2,\"name\":\"Loja\",\"item\":\"https:\\\/\\\/ideiagraficaebrindes.com.br\\\/loja\\\/\"},{\"@type\":\"ListItem\",\"position\":3,\"name\":\"Bloco de Anota\u00e7\u00f5es com Caneta\"}]},{\"@type\":\"WebSite\",\"@id\":\"https:\\\/\\\/ideiagraficaebrindes.com.br\\\/#website\",\"url\":\"https:\\\/\\\/ideiagraficaebrindes.com.br\\\/\",\"name\":\"Ideia Gr\u00e1fica e Brindes\",\"description\":\"Brindes Personalizados e Impress\u00e3o em geral\",\"potentialAction\":[{\"@type\":\"SearchAction\",\"target\":{\"@type\":\"EntryPoint\",\"urlTemplate\":\"https:\\\/\\\/ideiagraficaebrindes.com.br\\\/?s={search_term_string}\"},\"query-input\":{\"@type\":\"PropertyValueSpecification\",\"valueRequired\":true,\"valueName\":\"search_term_string\"}}],\"inLanguage\":\"en-US\"}]}<\/script>\n<!-- \/ Yoast SEO plugin. -->","yoast_head_json":{"title":"Bloco de Anota\u00e7\u00f5es com Caneta - Ideia Gr\u00e1fica e Brindes","robots":{"index":"index","follow":"follow","max-snippet":"max-snippet:-1","max-image-preview":"max-image-preview:large","max-video-preview":"max-video-preview:-1"},"canonical":"https:\/\/ideiagraficaebrindes.com.br\/en\/product\/bloco-de-anotacoes-com-caneta\/","og_locale":"en_US","og_type":"article","og_title":"Bloco de Anota\u00e7\u00f5es com Caneta - Ideia Gr\u00e1fica e Brindes","og_description":"Descri\u00e7\u00e3o:\u00a0Bloco de anota\u00e7\u00f5es com caneta e suporte para encaixe, bloco com wire-o e caneta pl\u00e1stica com detalhe emborrachado, carga esferogr\u00e1fica na cor azul e acionamento por clique.    CARACTER\u00cdSTICAS T\u00c9CNICAS  Material: Pl\u00e1stico  Bloco (A x L): 16,1 cm x 14,8 cm  Medidas para grava\u00e7\u00e3o (A x L): 1,2 cm x 3,8 cm  Caneta (C x L): 13,4 cm x 1,7 cm  Peso: 146 g  Miolo: 70 folhas pautadas  &nbsp;","og_url":"https:\/\/ideiagraficaebrindes.com.br\/en\/product\/bloco-de-anotacoes-com-caneta\/","og_site_name":"Ideia Gr\u00e1fica e Brindes","article_modified_time":"2021-07-13T12:27:01+00:00","og_image":[{"width":2560,"height":2560,"url":"https:\/\/ideiagraficaebrindes.com.br\/wp-content\/uploads\/2021\/06\/Bloco-de-anotacoes-com-caneta-795-1475166552-scaled.jpg","type":"image\/jpeg"}],"twitter_card":"summary_large_image","twitter_misc":{"Est. reading time":"1 minute"},"schema":{"@context":"https:\/\/schema.org","@graph":[{"@type":"WebPage","@id":"https:\/\/ideiagraficaebrindes.com.br\/produto\/bloco-de-anotacoes-com-caneta\/","url":"https:\/\/ideiagraficaebrindes.com.br\/produto\/bloco-de-anotacoes-com-caneta\/","name":"Bloco de Anota\u00e7\u00f5es com Caneta - Ideia Gr\u00e1fica e Brindes","isPartOf":{"@id":"https:\/\/ideiagraficaebrindes.com.br\/#website"},"primaryImageOfPage":{"@id":"https:\/\/ideiagraficaebrindes.com.br\/produto\/bloco-de-anotacoes-com-caneta\/#primaryimage"},"image":{"@id":"https:\/\/ideiagraficaebrindes.com.br\/produto\/bloco-de-anotacoes-com-caneta\/#primaryimage"},"thumbnailUrl":"https:\/\/ideiagraficaebrindes.com.br\/wp-content\/uploads\/2021\/06\/Bloco-de-anotacoes-com-caneta-795-1475166552-scaled.jpg","datePublished":"2021-06-16T22:47:55+00:00","dateModified":"2021-07-13T12:27:01+00:00","breadcrumb":{"@id":"https:\/\/ideiagraficaebrindes.com.br\/produto\/bloco-de-anotacoes-com-caneta\/#breadcrumb"},"inLanguage":"en-US","potentialAction":[{"@type":"ReadAction","target":["https:\/\/ideiagraficaebrindes.com.br\/produto\/bloco-de-anotacoes-com-caneta\/"]}]},{"@type":"ImageObject","inLanguage":"en-US","@id":"https:\/\/ideiagraficaebrindes.com.br\/produto\/bloco-de-anotacoes-com-caneta\/#primaryimage","url":"https:\/\/ideiagraficaebrindes.com.br\/wp-content\/uploads\/2021\/06\/Bloco-de-anotacoes-com-caneta-795-1475166552-scaled.jpg","contentUrl":"https:\/\/ideiagraficaebrindes.com.br\/wp-content\/uploads\/2021\/06\/Bloco-de-anotacoes-com-caneta-795-1475166552-scaled.jpg","width":2560,"height":2560},{"@type":"BreadcrumbList","@id":"https:\/\/ideiagraficaebrindes.com.br\/produto\/bloco-de-anotacoes-com-caneta\/#breadcrumb","itemListElement":[{"@type":"ListItem","position":1,"name":"In\u00edcio","item":"https:\/\/ideiagraficaebrindes.com.br\/"},{"@type":"ListItem","position":2,"name":"Loja","item":"https:\/\/ideiagraficaebrindes.com.br\/loja\/"},{"@type":"ListItem","position":3,"name":"Bloco de Anota\u00e7\u00f5es com Caneta"}]},{"@type":"WebSite","@id":"https:\/\/ideiagraficaebrindes.com.br\/#website","url":"https:\/\/ideiagraficaebrindes.com.br\/","name":"Ideia Gr\u00e1fica e Brindes","description":"Brindes Personalizados e Impress\u00e3o em geral","potentialAction":[{"@type":"SearchAction","target":{"@type":"EntryPoint","urlTemplate":"https:\/\/ideiagraficaebrindes.com.br\/?s={search_term_string}"},"query-input":{"@type":"PropertyValueSpecification","valueRequired":true,"valueName":"search_term_string"}}],"inLanguage":"en-US"}]}},"_links":{"self":[{"href":"https:\/\/ideiagraficaebrindes.com.br\/en\/wp-json\/wp\/v2\/product\/3555","targetHints":{"allow":["GET"]}}],"collection":[{"href":"https:\/\/ideiagraficaebrindes.com.br\/en\/wp-json\/wp\/v2\/product"}],"about":[{"href":"https:\/\/ideiagraficaebrindes.com.br\/en\/wp-json\/wp\/v2\/types\/product"}],"replies":[{"embeddable":true,"href":"https:\/\/ideiagraficaebrindes.com.br\/en\/wp-json\/wp\/v2\/comments?post=3555"}],"wp:featuredmedia":[{"embeddable":true,"href":"https:\/\/ideiagraficaebrindes.com.br\/en\/wp-json\/wp\/v2\/media\/3558"}],"wp:attachment":[{"href":"https:\/\/ideiagraficaebrindes.com.br\/en\/wp-json\/wp\/v2\/media?parent=3555"}],"wp:term":[{"taxonomy":"product_brand","embeddable":true,"href":"https:\/\/ideiagraficaebrindes.com.br\/en\/wp-json\/wp\/v2\/product_brand?post=3555"},{"taxonomy":"product_cat","embeddable":true,"href":"https:\/\/ideiagraficaebrindes.com.br\/en\/wp-json\/wp\/v2\/product_cat?post=3555"},{"taxonomy":"product_tag","embeddable":true,"href":"https:\/\/ideiagraficaebrindes.com.br\/en\/wp-json\/wp\/v2\/product_tag?post=3555"}],"curies":[{"name":"wp","href":"https:\/\/api.w.org\/{rel}","templated":true}]}}